{"id":8689,"date":"2025-10-21T11:18:47","date_gmt":"2025-10-21T09:18:47","guid":{"rendered":"https:\/\/tinychat.com\/?page_id=8689"},"modified":"2025-10-21T13:17:16","modified_gmt":"2025-10-21T11:17:16","slug":"chathour","status":"publish","type":"page","link":"https:\/\/tinychat.com\/fr\/chathour\/","title":{"rendered":"ChatHour"},"content":{"rendered":"<p>\u00c0 une \u00e9poque domin\u00e9e par les algorithmes des m\u00e9dias sociaux et les applications de rencontre, ChatHour offre un retour rafra\u00eechissant aux racines de la communication en ligne : les salons de discussion. Il s'agit d'une plateforme qui c\u00e9l\u00e8bre l'art de la conversation, o\u00f9 les gens ne se rencontrent pas par le biais de swipes ou de fils d'actualit\u00e9, mais par le biais d'int\u00e9r\u00eats partag\u00e9s et d'interactions spontan\u00e9es.<\/p>\n<p>Avec des milliers d'utilisateurs actifs dans divers salons de discussion \u00e0 th\u00e8me, ChatHour est un hybride entre l'exp\u00e9rience classique des salons de discussion et le r\u00e9seautage en ligne moderne. Que vous cherchiez \u00e0 vous faire des amis, \u00e0 explorer des sujets qui vous passionnent ou simplement \u00e0 passer le temps en discutant avec de nouvelles personnes, ChatHour vous permet de le faire facilement, rapidement et de mani\u00e8re \u00e9tonnamment attrayante.<\/p>\n<p>Cet article explique ce qu'est le ChatHour, comment il fonctionne, ses caract\u00e9ristiques principales, son exp\u00e9rience utilisateur, des comparaisons avec ses concurrents, des conseils de s\u00e9curit\u00e9 et les raisons pour lesquelles il continue d'attirer un public mondial fid\u00e8le.<\/p>\n<h2>Qu'est-ce que le ChatHour ?<\/h2>\n<p>ChatHour est une plateforme de chat en ligne gratuite qui met en relation les utilisateurs par le biais de salons de discussion publics et de conversations priv\u00e9es. Elle ne repose pas sur un jumelage vid\u00e9o al\u00e9atoire comme Omegle ou Chatroulette, mais laisse le choix aux utilisateurs. Vous pouvez rejoindre des salons de discussion \u00e0 th\u00e8me, participer \u00e0 des discussions de groupe ou entamer des discussions priv\u00e9es avec des personnes qui partagent vos int\u00e9r\u00eats.<\/p>\n<p>Lanc\u00e9 au milieu des ann\u00e9es 2000, ChatHour a conserv\u00e9 une base d'utilisateurs solide gr\u00e2ce \u00e0 sa simplicit\u00e9, \u00e0 son large \u00e9ventail de sujets de discussion et \u00e0 l'importance qu'il accorde \u00e0 la communication textuelle. Pour ceux qui pr\u00e9f\u00e8rent parler sans la pression de la cam\u00e9ra, il reste l'une des communaut\u00e9s de chat textuel les plus actives en ligne.<\/p>\n<h2>Caract\u00e9ristiques principales de ChatHour<\/h2>\n<p>Le ChatHour se distingue par son \u00e9quilibre entre le charme de l'ancienne \u00e9cole et la convivialit\u00e9 moderne. Ses principales caract\u00e9ristiques sont ax\u00e9es sur la flexibilit\u00e9 et la facilit\u00e9 de communication.<\/p>\n<h3>1. Salons de discussion publics \u00e0 th\u00e8me<\/h3>\n<ul>\n<li>Rejoignez des milliers de salons de discussion bas\u00e9s sur des centres d'int\u00e9r\u00eat tels que la musique, les voyages, le sport, les relations ou les r\u00e9gions locales.<\/li>\n<li>Les salons de discussion sont actifs 24 heures sur 24, 7 jours sur 7, avec des utilisateurs du monde entier.<\/li>\n<li>Cr\u00e9ez votre propre salle si vous ne trouvez pas de sujet qui vous plaise.<\/li>\n<\/ul>\n<h3>2. Messagerie priv\u00e9e<\/h3>\n<ul>\n<li>Commencez \u00e0 discuter en t\u00eate-\u00e0-t\u00eate avec les utilisateurs que vous rencontrez dans les salles publiques.<\/li>\n<li>Poursuivre les conversations en priv\u00e9 sans quitter la plateforme.<\/li>\n<\/ul>\n<h3>3. Profils d'utilisateurs<\/h3>\n<ul>\n<li>Cr\u00e9ez un profil simple avec des photos et une courte biographie.<\/li>\n<li>Aide les autres \u00e0 d\u00e9couvrir vos centres d'int\u00e9r\u00eat et \u00e0 entamer des discussions int\u00e9ressantes.<\/li>\n<\/ul>\n<h3>4. Compatibilit\u00e9 avec les t\u00e9l\u00e9phones portables et les ordinateurs de bureau<\/h3>\n<ul>\n<li>Fonctionne sans probl\u00e8me sur les navigateurs web et les appareils mobiles.<\/li>\n<li>Il n'est pas n\u00e9cessaire de t\u00e9l\u00e9charger une application, mais les utilisateurs mobiles peuvent marquer le site d'un signet pour y acc\u00e9der rapidement.<\/li>\n<\/ul>\n<h3>5. Recherche et filtres<\/h3>\n<ul>\n<li>Recherchez des personnes par nom d'utilisateur, par sexe ou par lieu.<\/li>\n<li>Les filtres vous aident \u00e0 trouver des salons de discussion ou des utilisateurs qui correspondent \u00e0 vos centres d'int\u00e9r\u00eat.<\/li>\n<\/ul>\n<h3>6. Libre acc\u00e8s<\/h3>\n<ul>\n<li>Les fonctionnalit\u00e9s de base sont enti\u00e8rement gratuites.<\/li>\n<li>Pas de murs payants cach\u00e9s ni de pi\u00e8ges li\u00e9s aux abonnements premium.<\/li>\n<\/ul>\n<h3>7. Salons de discussion personnalis\u00e9s<\/h3>\n<ul>\n<li>Les utilisateurs enregistr\u00e9s peuvent cr\u00e9er leurs propres salons de discussion publics ou priv\u00e9s.<\/li>\n<li>Les outils de mod\u00e9ration permettent de g\u00e9rer les inscriptions et les participations.<\/li>\n<\/ul>\n<h2>Comment utiliser ChatHour<\/h2>\n<p>ChatHour est con\u00e7u pour \u00eatre simple et facile \u00e0 utiliser pour tout le monde, m\u00eame sans exp\u00e9rience pr\u00e9alable des salons de discussion.<\/p>\n<h3>\u00c9tape 1 : Visiter le site web ChatHour<\/h3>\n<p>Ouvrez ChatHour dans votre navigateur sur votre ordinateur de bureau ou votre t\u00e9l\u00e9phone portable.<\/p>\n<h3>\u00c9tape 2 : Choisir une pi\u00e8ce ou en cr\u00e9er une<\/h3>\n<p>Parcourez les cat\u00e9gories disponibles et rejoignez une salle qui vous int\u00e9resse, ou cr\u00e9ez votre propre salle de chat personnalis\u00e9e.<\/p>\n<h3>\u00c9tape 3 : Cr\u00e9er un profil (facultatif)<\/h3>\n<p>Vous pouvez discuter en tant qu'invit\u00e9, mais la cr\u00e9ation d'un compte gratuit vous permet de t\u00e9l\u00e9charger une photo, d'enregistrer vos salons favoris et d'envoyer des messages priv\u00e9s aux utilisateurs.<\/p>\n<h3>\u00c9tape 4 : Commencer \u00e0 chatter<\/h3>\n<p>Entrez dans n'importe quel salon et participez \u00e0 la conversation. La plupart des salons de discussion ont des discussions en cours, ce qui facilite la participation.<\/p>\n<h3>\u00c9tape 5 : Connexion priv\u00e9e<\/h3>\n<p>Si vous trouvez quelqu'un d'int\u00e9ressant, vous pouvez d\u00e9marrer un chat priv\u00e9 en t\u00eate-\u00e0-t\u00eate pour une interaction plus personnelle.<\/p>\n<p>L'ensemble du processus prend moins d'une minute - pas de t\u00e9l\u00e9chargement, pas d'attente, juste une conversation.<\/p>\n<h2>Exp\u00e9rience utilisateur sur ChatHour<\/h2>\n<p>ChatHour a conserv\u00e9 la simplicit\u00e9 qui a rendu populaires les premi\u00e8res plates-formes de chat telles que Yahoo ! Chat ou IRC, tout en introduisant juste assez de fonctionnalit\u00e9s modernes pour qu'elles restent pertinentes.<\/p>\n<h3>Ce que les utilisateurs aiment<\/h3>\n<ul>\n<li>Une grande vari\u00e9t\u00e9 de salons de discussion par th\u00e8me et par r\u00e9gion.<\/li>\n<li>Possibilit\u00e9 de discuter en public ou en priv\u00e9.<\/li>\n<li>Interface simple et claire.<\/li>\n<li>Fonctionne sur tous les appareils.<\/li>\n<li>Base d'utilisateurs actifs 24\/7.<\/li>\n<\/ul>\n<h3>Les points \u00e0 am\u00e9liorer selon les utilisateurs<\/h3>\n<ul>\n<li>Absence de fonctionnalit\u00e9 de chat vid\u00e9o.<\/li>\n<li>Certains salons de discussion peuvent \u00eatre inactifs \u00e0 certaines heures.<\/li>\n<li>L'interface peut sembler d\u00e9su\u00e8te pour les jeunes utilisateurs.<\/li>\n<li>Utilisateurs occasionnels de spam dans les salles publiques.<\/li>\n<\/ul>\n<p>Dans l'ensemble, l'exp\u00e9rience utilisateur est \u00e0 la fois nostalgique et fiable - elle privil\u00e9gie la conversation au design tape-\u00e0-l'\u0153il, attirant ainsi les personnes qui privil\u00e9gient la simplicit\u00e9 et les \u00e9changes fructueux.<\/p>\n<h2>ChatHour vs. autres plateformes de chat<\/h2>\n<p>Voici comment ChatHour se compare \u00e0 d'autres plateformes de chat et de socialisation :<\/p>\n<table>\n<thead>\n<tr>\n<th>Fonctionnalit\u00e9<\/th>\n<th>ChatHour<\/th>\n<th>Omegle<\/th>\n<th>Chatroulette<\/th>\n<th>ChatHub<\/th>\n<th>Wireclub<\/th>\n<th>Paltalk<\/th>\n<\/tr>\n<\/thead>\n<tbody>\n<tr>\n<td>Salons de discussion publics<\/td>\n<td>\u2705 Oui<\/td>\n<td>\u274c Non<\/td>\n<td>\u274c Non<\/td>\n<td>\u274c Non<\/td>\n<td>\u2705 Oui<\/td>\n<td>\u2705 Oui<\/td>\n<\/tr>\n<tr>\n<td>Messagerie priv\u00e9e<\/td>\n<td>\u2705 Oui<\/td>\n<td>\u274c Non<\/td>\n<td>\u274c Non<\/td>\n<td>\u2705 Oui<\/td>\n<td>\u2705 Oui<\/td>\n<td>\u2705 Oui<\/td>\n<\/tr>\n<tr>\n<td>Profils des utilisateurs<\/td>\n<td>\u2705 Oui<\/td>\n<td>\u274c Non<\/td>\n<td>\u274c Non<\/td>\n<td>\u2705 Oui<\/td>\n<td>\u2705 Oui<\/td>\n<td>\u2705 Oui<\/td>\n<\/tr>\n<tr>\n<td>Chat vid\u00e9o<\/td>\n<td>\u274c Non<\/td>\n<td>\u2705 Oui<\/td>\n<td>\u2705 Oui<\/td>\n<td>\u2705 Oui<\/td>\n<td>\u2705 Oui<\/td>\n<td>\u2705 Oui<\/td>\n<\/tr>\n<tr>\n<td>Chat vocal<\/td>\n<td>\u274c Non<\/td>\n<td>\u274c Non<\/td>\n<td>\u274c Non<\/td>\n<td>\u274c Non<\/td>\n<td>\u2705 Limit\u00e9e<\/td>\n<td>\u2705 Oui<\/td>\n<\/tr>\n<tr>\n<td>Anonymat<\/td>\n<td>\u2705 Mod\u00e9r\u00e9<\/td>\n<td>\u2705 Fort<\/td>\n<td>\u2705 Fort<\/td>\n<td>\u2705 Mod\u00e9r\u00e9<\/td>\n<td>\u2705 Mod\u00e9r\u00e9<\/td>\n<td>\u274c Limit\u00e9e<\/td>\n<\/tr>\n<tr>\n<td>Adapt\u00e9e aux mobiles<\/td>\n<td>\u2705 Oui<\/td>\n<td>\u2705 Oui<\/td>\n<td>\u2705 Oui<\/td>\n<td>\u2705 Oui<\/td>\n<td>\u2705 Oui<\/td>\n<td>\u2705 Oui<\/td>\n<\/tr>\n<\/tbody>\n<\/table>\n<p>R\u00e9sum\u00e9 : ChatHour est plus ax\u00e9 sur la communaut\u00e9 que les applications de chat al\u00e9atoires comme Omegle, et plus accessible que les plateformes complexes comme Paltalk. C'est un bon point pour les utilisateurs qui pr\u00e9f\u00e8rent les discussions textuelles structur\u00e9es aux connexions vid\u00e9o impr\u00e9visibles.<\/p>\n<h2>Le ChatHour est-il s\u00fbr ?<\/h2>\n<p>ChatHour prend la s\u00e9curit\u00e9 des utilisateurs au s\u00e9rieux, mais comme pour toute plate-forme de discussion publique, il est essentiel d'en faire un usage responsable.<\/p>\n<h3>Dispositifs de s\u00e9curit\u00e9 int\u00e9gr\u00e9s<\/h3>\n<ul>\n<li>Mod\u00e9ration de base dans les forums de discussion populaires.<\/li>\n<li>Options de blocage et de signalement des utilisateurs inappropri\u00e9s.<\/li>\n<li>Contr\u00f4les du chat priv\u00e9.<\/li>\n<\/ul>\n<h3>Conseils de s\u00e9curit\u00e9 pour les utilisateurs<\/h3>\n<ul>\n<li>\u00c9vitez de communiquer des informations personnelles ou financi\u00e8res.<\/li>\n<li>Restez dans des salons de discussion mod\u00e9r\u00e9s ou bien peupl\u00e9s.<\/li>\n<li>Soyez prudent lorsque vous cliquez sur des liens externes.<\/li>\n<li>Les parents doivent surveiller les mineurs qui utilisent le site.<\/li>\n<\/ul>\n<p>La structure textuelle du ChatHour limite naturellement les risques associ\u00e9s aux chats vid\u00e9o, ce qui en fait l'un des choix les plus s\u00fbrs pour les chats occasionnels lorsqu'il est utilis\u00e9 \u00e0 bon escient.<\/p>\n<h2>Conseils pour tirer le meilleur parti de ChatHour<\/h2>\n<ul>\n<li>Explorez plusieurs salons de discussion - ne vous contentez pas d'un seul ; il existe un salon pour presque tous les sujets imaginables.<\/li>\n<li>V\u00e9rifiez les heures de pointe - les soirs et les week-ends sont g\u00e9n\u00e9ralement ceux o\u00f9 les utilisateurs sont les plus actifs.<\/li>\n<li>Engagez-vous poliment - les utilisateurs amicaux ont tendance \u00e0 attirer plus de r\u00e9ponses.<\/li>\n<li>Personnalisez votre profil - une biographie br\u00e8ve et authentique aide les autres \u00e0 entrer en contact avec vous.<\/li>\n<li>Signalez les spammeurs - garder les salles propres aide la communaut\u00e9 \u00e0 prosp\u00e9rer.<\/li>\n<li>Cr\u00e9ez un signet pour vos salles pr\u00e9f\u00e9r\u00e9es afin de pouvoir y revenir facilement la prochaine fois.<\/li>\n<\/ul>\n<p>Ces petites habitudes rendent l'exp\u00e9rience ChatHour plus gratifiante et plus agr\u00e9able.<\/p>\n<h2>Probl\u00e8mes courants et solutions<\/h2>\n<h3>Probl\u00e8me : Impossible de se connecter<\/h3>\n<ul>\n<li>Assurez-vous que les cookies sont activ\u00e9s.<\/li>\n<li>Essayez de r\u00e9initialiser votre mot de passe ou de vider le cache de votre navigateur.<\/li>\n<\/ul>\n<h3>Probl\u00e8me : Les messages ne sont pas envoy\u00e9s<\/h3>\n<ul>\n<li>Rafra\u00eechir la salle de discussion.<\/li>\n<li>V\u00e9rifiez votre connexion internet.<\/li>\n<\/ul>\n<h3>Probl\u00e8me : trop d'utilisateurs inactifs<\/h3>\n<ul>\n<li>Explorez d'autres pi\u00e8ces ou essayez aux heures les plus charg\u00e9es de la journ\u00e9e.<\/li>\n<\/ul>\n<h3>Probl\u00e8me : Utilisateurs inappropri\u00e9s<\/h3>\n<ul>\n<li>Bloquez-les et signalez-les imm\u00e9diatement.<\/li>\n<li>Restez dans des salles mod\u00e9r\u00e9es pour des interactions plus s\u00fbres.<\/li>\n<\/ul>\n<h2>Pourquoi les gens choisissent ChatHour<\/h2>\n<p>Les gens choisissent ChatHour pour de nombreuses raisons :<\/p>\n<ul>\n<li>Libert\u00e9 de choix : participez \u00e0 des chats publics ou priv\u00e9s \u00e0 tout moment.<\/li>\n<li>Diversit\u00e9 - des milliers de sujets et d'utilisateurs du monde entier.<\/li>\n<li>Simplicit\u00e9 - adh\u00e9sion rapide, utilisation facile.<\/li>\n<li>Communaut\u00e9 - cr\u00e9er des amiti\u00e9s qui vont au-del\u00e0 des rencontres ponctuelles.<\/li>\n<\/ul>\n<p>Dans un monde num\u00e9rique domin\u00e9 par les plateformes vid\u00e9o, le ChatHour prouve que le chat textuel a encore du pouvoir - surtout pour ceux qui pr\u00e9f\u00e8rent les conversations sans cam\u00e9ra.<\/p>\n<h2>R\u00e9flexions finales : Le ChatHour vaut-il la peine d'\u00eatre utilis\u00e9 ?<\/h2>\n<p>Si vous regrettez l'\u00e9poque des salons de discussion classiques ou si vous aimez simplement rencontrer des personnes partageant les m\u00eames centres d'int\u00e9r\u00eat, ChatHour m\u00e9rite absolument d'\u00eatre essay\u00e9. Il ne cherche pas \u00e0 suivre les tendances ou \u00e0 r\u00e9inventer la roue, mais \u00e0 affiner la formule intemporelle qui a permis aux premi\u00e8res communaut\u00e9s Internet de prosp\u00e9rer.<\/p>\n<p>M\u00eame s'il ne propose pas de chat vid\u00e9o al\u00e9atoire ou de filtres tape-\u00e0-l'\u0153il, la fiabilit\u00e9 du ChatHour, son orientation communautaire et sa port\u00e9e mondiale en font une option de choix pour des conversations en ligne enrichissantes.<\/p>\n<p>Que vous le vouliez ou non :<\/p>\n<ul>\n<li>Rencontrer de nouveaux amis,<\/li>\n<li>Discutez de vos sujets pr\u00e9f\u00e9r\u00e9s,<\/li>\n<li>Ou simplement discuter toute la nuit...<\/li>\n<\/ul>\n<p>ChatHour fournit l'espace num\u00e9rique pour le faire - librement et sans effort.<\/p>\n<p>En bref : ChatHour est la continuation moderne des salons de discussion en ligne classiques, offrant un moyen s\u00fbr, social et facile de rencontrer des gens par le biais du texte. Il est id\u00e9al pour les utilisateurs qui pr\u00e9f\u00e8rent les conversations r\u00e9elles aux algorithmes et qui appr\u00e9cient le sentiment d'appartenance \u00e0 une communaut\u00e9 en ligne.<\/p>\n<p>Pr\u00eat \u00e0 discuter ? Visitez ChatHour, rejoignez un salon qui vous int\u00e9resse et voyez o\u00f9 la conversation vous m\u00e8ne.<\/p>","protected":false},"excerpt":{"rendered":"<p>In an age dominated by social media algorithms and dating apps, ChatHour offers a refreshing throwback to the roots of online communication \u2014 chatrooms. It\u2019s a platform that celebrates the art of conversation, where people meet not through swipes or curated feeds, but through shared interests and spontaneous interaction. With thousands of active users across [&hellip;]<\/p>\n","protected":false},"author":6,"featured_media":0,"parent":0,"menu_order":0,"comment_status":"closed","ping_status":"closed","template":"","meta":{"footnotes":""},"class_list":["post-8689","page","type-page","status-publish","hentry"],"yoast_head":"<!-- This site is optimized with the Yoast SEO plugin v27.4 - https:\/\/yoast.com\/product\/yoast-seo-wordpress\/ -->\n<title>ChatHour - Mobile Free Chat Rooms - TinyChat.com<\/title>\n<meta name=\"description\" content=\"Enjoying ChatHour? Join over 50,000,000 strangers on TinyChat! Turn on your cam and start meeting new people, or find a match.\" \/>\n<meta name=\"robots\" content=\"index, follow, max-snippet:-1, max-image-preview:large, max-video-preview:-1\" \/>\n<link rel=\"canonical\" href=\"https:\/\/tinychat.com\/fr\/chathour\/\" \/>\n<meta property=\"og:locale\" content=\"fr_FR\" \/>\n<meta property=\"og:type\" content=\"article\" \/>\n<meta property=\"og:title\" content=\"ChatHour - Mobile Free Chat Rooms - TinyChat.com\" \/>\n<meta property=\"og:description\" content=\"Enjoying ChatHour? Join over 50,000,000 strangers on TinyChat! Turn on your cam and start meeting new people, or find a match.\" \/>\n<meta property=\"og:url\" content=\"https:\/\/tinychat.com\/fr\/chathour\/\" \/>\n<meta property=\"og:site_name\" content=\"TinyChat\" \/>\n<meta property=\"article:publisher\" content=\"https:\/\/www.facebook.com\/tinychat\" \/>\n<meta property=\"article:modified_time\" content=\"2025-10-21T11:17:16+00:00\" \/>\n<meta property=\"og:image\" content=\"https:\/\/tinychat.com\/wp-content\/uploads\/2020\/04\/Tinychat-logo-1280x284-new-black.png\" \/>\n\t<meta property=\"og:image:width\" content=\"1280\" \/>\n\t<meta property=\"og:image:height\" content=\"284\" \/>\n\t<meta property=\"og:image:type\" content=\"image\/png\" \/>\n<meta name=\"twitter:card\" content=\"summary_large_image\" \/>\n<meta name=\"twitter:site\" content=\"@tinychat\" \/>\n<meta name=\"twitter:label1\" content=\"Dur\u00e9e de lecture estim\u00e9e\" \/>\n\t<meta name=\"twitter:data1\" content=\"6 minutes\" \/>\n<script type=\"application\/ld+json\" class=\"yoast-schema-graph\">{\"@context\":\"https:\\\/\\\/schema.org\",\"@graph\":[{\"@type\":\"WebPage\",\"@id\":\"https:\\\/\\\/tinychat.com\\\/chathour\\\/\",\"url\":\"https:\\\/\\\/tinychat.com\\\/chathour\\\/\",\"name\":\"ChatHour - Mobile Free Chat Rooms - TinyChat.com\",\"isPartOf\":{\"@id\":\"https:\\\/\\\/tinychat.com\\\/#website\"},\"datePublished\":\"2025-10-21T09:18:47+00:00\",\"dateModified\":\"2025-10-21T11:17:16+00:00\",\"description\":\"Enjoying ChatHour? Join over 50,000,000 strangers on TinyChat! Turn on your cam and start meeting new people, or find a match.\",\"breadcrumb\":{\"@id\":\"https:\\\/\\\/tinychat.com\\\/chathour\\\/#breadcrumb\"},\"inLanguage\":\"fr-FR\",\"potentialAction\":[{\"@type\":\"ReadAction\",\"target\":[\"https:\\\/\\\/tinychat.com\\\/chathour\\\/\"]}]},{\"@type\":\"BreadcrumbList\",\"@id\":\"https:\\\/\\\/tinychat.com\\\/chathour\\\/#breadcrumb\",\"itemListElement\":[{\"@type\":\"ListItem\",\"position\":1,\"name\":\"Home\",\"item\":\"https:\\\/\\\/tinychat.com\\\/\"},{\"@type\":\"ListItem\",\"position\":2,\"name\":\"ChatHour\"}]},{\"@type\":\"WebSite\",\"@id\":\"https:\\\/\\\/tinychat.com\\\/#website\",\"url\":\"https:\\\/\\\/tinychat.com\\\/\",\"name\":\"TinyChat\",\"description\":\"Random Video Chat with Strangers\",\"publisher\":{\"@id\":\"https:\\\/\\\/tinychat.com\\\/#organization\"},\"alternateName\":\"TinyChat.com\",\"potentialAction\":[{\"@type\":\"SearchAction\",\"target\":{\"@type\":\"EntryPoint\",\"urlTemplate\":\"https:\\\/\\\/tinychat.com\\\/?s={search_term_string}\"},\"query-input\":{\"@type\":\"PropertyValueSpecification\",\"valueRequired\":true,\"valueName\":\"search_term_string\"}}],\"inLanguage\":\"fr-FR\"},{\"@type\":\"Organization\",\"@id\":\"https:\\\/\\\/tinychat.com\\\/#organization\",\"name\":\"TinyChat\",\"alternateName\":\"TinyChat.com\",\"url\":\"https:\\\/\\\/tinychat.com\\\/\",\"logo\":{\"@type\":\"ImageObject\",\"inLanguage\":\"fr-FR\",\"@id\":\"https:\\\/\\\/tinychat.com\\\/#\\\/schema\\\/logo\\\/image\\\/\",\"url\":\"https:\\\/\\\/tinychat.com\\\/wp-content\\\/uploads\\\/2023\\\/11\\\/Tinychat-icon-square.png\",\"contentUrl\":\"https:\\\/\\\/tinychat.com\\\/wp-content\\\/uploads\\\/2023\\\/11\\\/Tinychat-icon-square.png\",\"width\":284,\"height\":284,\"caption\":\"TinyChat\"},\"image\":{\"@id\":\"https:\\\/\\\/tinychat.com\\\/#\\\/schema\\\/logo\\\/image\\\/\"},\"sameAs\":[\"https:\\\/\\\/www.facebook.com\\\/tinychat\",\"https:\\\/\\\/x.com\\\/tinychat\"]}]}<\/script>\n<!-- \/ Yoast SEO plugin. -->","yoast_head_json":{"title":"ChatHour - Mobile Free Chat Rooms - TinyChat.com","description":"Vous aimez ChatHour ? Rejoignez plus de 50 000 000 d'inconnus sur TinyChat ! Allumez votre cam\u00e9ra et commencez \u00e0 rencontrer de nouvelles personnes, ou trouvez un partenaire.","robots":{"index":"index","follow":"follow","max-snippet":"max-snippet:-1","max-image-preview":"max-image-preview:large","max-video-preview":"max-video-preview:-1"},"canonical":"https:\/\/tinychat.com\/fr\/chathour\/","og_locale":"fr_FR","og_type":"article","og_title":"ChatHour - Mobile Free Chat Rooms - TinyChat.com","og_description":"Enjoying ChatHour? Join over 50,000,000 strangers on TinyChat! Turn on your cam and start meeting new people, or find a match.","og_url":"https:\/\/tinychat.com\/fr\/chathour\/","og_site_name":"TinyChat","article_publisher":"https:\/\/www.facebook.com\/tinychat","article_modified_time":"2025-10-21T11:17:16+00:00","og_image":[{"width":1280,"height":284,"url":"https:\/\/tinychat.com\/wp-content\/uploads\/2020\/04\/Tinychat-logo-1280x284-new-black.png","type":"image\/png"}],"twitter_card":"summary_large_image","twitter_site":"@tinychat","twitter_misc":{"Dur\u00e9e de lecture estim\u00e9e":"6 minutes"},"schema":{"@context":"https:\/\/schema.org","@graph":[{"@type":"WebPage","@id":"https:\/\/tinychat.com\/chathour\/","url":"https:\/\/tinychat.com\/chathour\/","name":"ChatHour - Mobile Free Chat Rooms - TinyChat.com","isPartOf":{"@id":"https:\/\/tinychat.com\/#website"},"datePublished":"2025-10-21T09:18:47+00:00","dateModified":"2025-10-21T11:17:16+00:00","description":"Vous aimez ChatHour ? Rejoignez plus de 50 000 000 d'inconnus sur TinyChat ! Allumez votre cam\u00e9ra et commencez \u00e0 rencontrer de nouvelles personnes, ou trouvez un partenaire.","breadcrumb":{"@id":"https:\/\/tinychat.com\/chathour\/#breadcrumb"},"inLanguage":"fr-FR","potentialAction":[{"@type":"ReadAction","target":["https:\/\/tinychat.com\/chathour\/"]}]},{"@type":"BreadcrumbList","@id":"https:\/\/tinychat.com\/chathour\/#breadcrumb","itemListElement":[{"@type":"ListItem","position":1,"name":"Home","item":"https:\/\/tinychat.com\/"},{"@type":"ListItem","position":2,"name":"ChatHour"}]},{"@type":"WebSite","@id":"https:\/\/tinychat.com\/#website","url":"https:\/\/tinychat.com\/","name":"TinyChat","description":"Chat vid\u00e9o al\u00e9atoire avec des inconnus","publisher":{"@id":"https:\/\/tinychat.com\/#organization"},"alternateName":"TinyChat.com","potentialAction":[{"@type":"SearchAction","target":{"@type":"EntryPoint","urlTemplate":"https:\/\/tinychat.com\/?s={search_term_string}"},"query-input":{"@type":"PropertyValueSpecification","valueRequired":true,"valueName":"search_term_string"}}],"inLanguage":"fr-FR"},{"@type":"Organization","@id":"https:\/\/tinychat.com\/#organization","name":"TinyChat","alternateName":"TinyChat.com","url":"https:\/\/tinychat.com\/","logo":{"@type":"ImageObject","inLanguage":"fr-FR","@id":"https:\/\/tinychat.com\/#\/schema\/logo\/image\/","url":"https:\/\/tinychat.com\/wp-content\/uploads\/2023\/11\/Tinychat-icon-square.png","contentUrl":"https:\/\/tinychat.com\/wp-content\/uploads\/2023\/11\/Tinychat-icon-square.png","width":284,"height":284,"caption":"TinyChat"},"image":{"@id":"https:\/\/tinychat.com\/#\/schema\/logo\/image\/"},"sameAs":["https:\/\/www.facebook.com\/tinychat","https:\/\/x.com\/tinychat"]}]}},"_links":{"self":[{"href":"https:\/\/tinychat.com\/fr\/wp-json\/wp\/v2\/pages\/8689","targetHints":{"allow":["GET"]}}],"collection":[{"href":"https:\/\/tinychat.com\/fr\/wp-json\/wp\/v2\/pages"}],"about":[{"href":"https:\/\/tinychat.com\/fr\/wp-json\/wp\/v2\/types\/page"}],"author":[{"embeddable":true,"href":"https:\/\/tinychat.com\/fr\/wp-json\/wp\/v2\/users\/6"}],"replies":[{"embeddable":true,"href":"https:\/\/tinychat.com\/fr\/wp-json\/wp\/v2\/comments?post=8689"}],"version-history":[{"count":3,"href":"https:\/\/tinychat.com\/fr\/wp-json\/wp\/v2\/pages\/8689\/revisions"}],"predecessor-version":[{"id":13560,"href":"https:\/\/tinychat.com\/fr\/wp-json\/wp\/v2\/pages\/8689\/revisions\/13560"}],"wp:attachment":[{"href":"https:\/\/tinychat.com\/fr\/wp-json\/wp\/v2\/media?parent=8689"}],"curies":[{"name":"wp","href":"https:\/\/api.w.org\/{rel}","templated":true}]}}