{"id":8857,"date":"2021-11-11T13:53:57","date_gmt":"2021-11-11T11:53:57","guid":{"rendered":"https:\/\/tinychat.com\/?page_id=8857"},"modified":"2025-07-16T14:57:09","modified_gmt":"2025-07-16T12:57:09","slug":"teen-chat","status":"publish","type":"page","link":"https:\/\/tinychat.com\/fr\/teen-chat\/","title":{"rendered":"Chat pour adolescents"},"content":{"rendered":"<p>Dans le monde num\u00e9rique d'aujourd'hui, le chat pour adolescents est devenu l'un des moyens les plus populaires et les plus passionnants pour les jeunes de se faire de nouveaux amis, de partager des histoires, d'obtenir des conseils et tout simplement de s'amuser, le tout dans le confort de leur foyer. Que tu cherches un endroit pour parler de tes centres d'int\u00e9r\u00eat, rejoindre des groupes de discussion ou m\u00eame essayer le chat vid\u00e9o s\u00e9curis\u00e9 avec d'autres adolescents, il y a un salon de discussion ou une application pour toi.<\/p>\n<p>Mais m\u00eame si le chat pour ados peut \u00eatre tr\u00e8s utile pour nouer des liens, il est important de savoir o\u00f9 aller, \u00e0 quoi s'attendre et comment se prot\u00e9ger. Ce guide couvre tout ce que vous devez savoir : les meilleurs sites et applications de chat pour adolescents, les raisons pour lesquelles les adolescents aiment chatter en ligne, comment trouver votre public et des conseils intelligents pour vous assurer que votre exp\u00e9rience est toujours positive.<\/p>\n<h2>Qu'est-ce que le chat pour adolescents et pourquoi est-il si populaire ?<\/h2>\n<p>Le chat pour adolescents est un service de chat en ligne (texte, voix ou vid\u00e9o) qui permet aux adolescents de se connecter et de discuter avec des personnes de leur \u00e2ge. Contrairement aux m\u00e9dias sociaux traditionnels, o\u00f9 l'on parle surtout \u00e0 des personnes que l'on conna\u00eet d\u00e9j\u00e0, les salons de discussion et les applications pour adolescents permettent de rencontrer des inconnus, de rejoindre des groupes et de parler ouvertement de tout ce que l'on veut.<\/p>\n<p>Pourquoi est-elle si populaire ?<\/p>\n<ul>\n<li>C'est instantan\u00e9 et facile : vous n'avez pas besoin d'avoir un grand nombre de followers ou d'amis pour rejoindre un chat et commencer \u00e0 parler.<\/li>\n<li>Rencontrez de nouvelles personnes : Entrez en contact avec des adolescents de votre \u00e9cole, de votre ville, de votre pays ou m\u00eame du monde entier.<\/li>\n<li>Trouvez votre communaut\u00e9 : Il existe des salles et des serveurs pour tous les centres d'int\u00e9r\u00eat : musique, jeux, art, sports, sant\u00e9 mentale, soutien aux personnes LGBTQ+, et bien plus encore.<\/li>\n<li>Soyez vous-m\u00eame : Vous pouvez partager autant ou aussi peu que vous le souhaitez, et il est parfois plus facile de s'ouvrir \u00e0 des personnes que vous ne connaissez pas encore.<\/li>\n<\/ul>\n<p>Que vous soyez timide ou extraverti, introverti ou extraverti, il y a une place pour chacun dans le monde du chat pour adolescents.<\/p>\n<h2>Types de chat pour adolescents : Texte, voix et vid\u00e9o<\/h2>\n<p>Lorsque l'on parle de chat pour adolescents, on pense g\u00e9n\u00e9ralement \u00e0 l'un (ou plusieurs) de ces formats :<\/p>\n<ul>\n<li>Salons de discussion textuelle : La fa\u00e7on la plus classique de se connecter. Il suffit de taper et d'envoyer des messages dans une salle publique ou un DM priv\u00e9.<\/li>\n<li>Chat vocal : Participez \u00e0 des appels de groupe ou \u00e0 des chats vocaux priv\u00e9s pour de vraies conversations.<\/li>\n<li>Chat vid\u00e9o pour les adolescents : Certaines plateformes proposent un chat vid\u00e9o s\u00e9curis\u00e9 pour les adolescents, ce qui donne un aspect plus \"r\u00e9el\" aux amiti\u00e9s en ligne.<\/li>\n<li>Salles de chat th\u00e9matiques : Trouvez des espaces ax\u00e9s sur des sujets sp\u00e9cifiques, des jeux, de la musique, des conseils ou des zones locales.<\/li>\n<\/ul>\n<p>La plupart des plateformes proposent un m\u00e9lange, vous permettant de commencer par le texte et d'essayer la voix ou la vid\u00e9o lorsque vous vous sentez \u00e0 l'aise.<\/p>\n<h2>Meilleures applications et salles de chat gratuites pour les adolescents<\/h2>\n<p>Vous cherchez un endroit pour chatter en toute s\u00e9curit\u00e9 et rencontrer des gens de votre \u00e2ge ? Voici quelques-unes des options les plus fiables et les plus populaires pour le chat gratuit entre adolescents :<\/p>\n<h3>1. Teen Chat (teen-chat.org)<\/h3>\n<p>L'un des premiers salons de discussion pour adolescents en ligne, cette plateforme propose des salons mod\u00e9r\u00e9s pour les 13-19 ans. Il existe des salons \u00e0 th\u00e8me pour les conseils, les jeux, la musique et bien d'autres choses encore. Aucune inscription n'est requise, mais des mod\u00e9rateurs sont actifs pour assurer la s\u00e9curit\u00e9.<\/p>\n<h3>2. Discord (serveurs pour adolescents)<\/h3>\n<p>Discord est l'application de chat communautaire par excellence. Recherchez des serveurs \"adolescents\" v\u00e9rifi\u00e9s, mod\u00e9r\u00e9s par des adultes et d'autres adolescents, avec des r\u00e8gles d'\u00e2ge strictes et des salons priv\u00e9s. Vous pouvez vous inscrire \u00e0 l'aide d'un lien d'invitation et trouver des groupes pour presque tous les centres d'int\u00e9r\u00eat.<\/p>\n<h3>3. Amino<\/h3>\n<p>Une application sociale avec des centaines de communaut\u00e9s (appel\u00e9es \"Aminos\"), dont beaucoup pour les adolescents. Elle propose des chats textuels, des forums de groupe et des partages multim\u00e9dias. Certaines communaut\u00e9s sont publiques, tandis que d'autres sont r\u00e9serv\u00e9es aux invit\u00e9s ou priv\u00e9es.<\/p>\n<h3>4. Chat Avenue (salon de discussion pour adolescents)<\/h3>\n<p>Un site de chat bien connu avec une salle d\u00e9di\u00e9e et mod\u00e9r\u00e9e pour les adolescents. Les r\u00e8gles sont claires et strictement appliqu\u00e9es, ce qui est id\u00e9al pour les discussions de groupe ou les rencontres individuelles.<\/p>\n<h3>5. Telegram et Kik (groupes d'adolescents)<\/h3>\n<p>Bien qu'elles ne soient pas sp\u00e9cifiques aux adolescents, ces deux applications ont des communaut\u00e9s d'adolescents importantes et actives. Utilisez toujours des groupes publics et \u00e9vitez de partager des informations personnelles dans les messages instantan\u00e9s.<\/p>\n<h3>6. Chats de groupe Snapchat<\/h3>\n<p>Snapchat est souvent utilis\u00e9 pour discuter avec des amis, mais il existe des groupes publics et des fonctions de partage d'histoires qui vous permettent de trouver de nouvelles personnes partageant les m\u00eames centres d'int\u00e9r\u00eat.<\/p>\n<blockquote><p>Remarque : v\u00e9rifiez toujours la r\u00e9putation de s\u00e9curit\u00e9 et les pratiques de mod\u00e9ration de toute application que vous utilisez.<\/p><\/blockquote>\n<h2>Pourquoi les adolescents aiment-ils chatter en ligne ?<\/h2>\n<ul>\n<li>Libert\u00e9 d'expression : Il est parfois plus facile de s'ouvrir en ligne, surtout si l'on se sent timide ou diff\u00e9rent.<\/li>\n<li>Soutien et conseils : Les amis en ligne peuvent \u00eatre une grande source d'encouragement dans les moments difficiles - de nombreux adolescents disent avoir trouv\u00e9 un soutien \u00e9motionnel par le biais du chat.<\/li>\n<li>Int\u00e9r\u00eats communs : Trouvez des personnes qui comprennent votre musique pr\u00e9f\u00e9r\u00e9e, vos dessins anim\u00e9s, vos jeux ou vos exp\u00e9riences de vie.<\/li>\n<li>D\u00e9couvrez le monde : Rencontrez des adolescents d'autres pays, d\u00e9couvrez de nouvelles cultures et faites-vous des amis dans le monde entier.<\/li>\n<li>Pas de pression : si vous ne vous sentez pas \u00e0 l'aise avec quelqu'un, quittez simplement le chat et essayez une autre salle.<\/li>\n<\/ul>\n<h2>Comment d\u00e9buter avec le chat pour adolescents en ligne<\/h2>\n<p>C'est simple, mais il y a quelques points \u00e0 garder \u00e0 l'esprit pour que l'exp\u00e9rience soit s\u00fbre et positive :<\/p>\n<ol>\n<li>Choisissez une plateforme r\u00e9put\u00e9e. \u00c9vitez les sites ou les applications dont les r\u00e9sultats en mati\u00e8re de s\u00e9curit\u00e9 sont m\u00e9diocres ou qui ne font l'objet d'aucune mod\u00e9ration.<\/li>\n<li>Cr\u00e9ez un surnom ou un nom d'utilisateur. N'utilisez pas votre vrai nom. Choisissez quelque chose d'amusant ou d'unique.<\/li>\n<li>Fixez votre \u00e2ge ou rejoignez des salons adapt\u00e9s \u00e0 votre \u00e2ge. La plupart des sites vous permettent de pr\u00e9ciser votre tranche d'\u00e2ge.<\/li>\n<li>Lisez les r\u00e8gles. Chaque chat a des r\u00e8gles. Lisez-les pour \u00e9viter d'\u00eatre banni et pour assurer la s\u00e9curit\u00e9 de tous.<\/li>\n<li>Commencez par le chat public. La messagerie priv\u00e9e est une bonne chose, mais commencez toujours par vous mettre \u00e0 l'aise et faites confiance \u00e0 votre instinct.<\/li>\n<\/ol>\n<p>Si vous \u00eates pr\u00eat, entrez dans un salon de discussion, pr\u00e9sentez-vous et commencez \u00e0 parler !<\/p>\n<h2>La s\u00e9curit\u00e9 dans les salons de discussion et les applications pour adolescents<\/h2>\n<p>La s\u00e9curit\u00e9 passe toujours avant tout. Voici comment vous prot\u00e9ger lorsque vous vous faites des amis :<\/p>\n<ul>\n<li>Ne communiquez jamais votre vrai nom, votre adresse, votre \u00e9cole, votre num\u00e9ro de t\u00e9l\u00e9phone ou vos r\u00e9seaux sociaux \u00e0 des inconnus.<\/li>\n<li>N'envoyez pas de photos ou de vid\u00e9os priv\u00e9es. M\u00eame si la personne semble digne de confiance.<\/li>\n<li>\u00c9vitez de rencontrer des gens dans la vie r\u00e9elle si vous n'\u00eates pas accompagn\u00e9 d'un parent ou d'un adulte de confiance.<\/li>\n<li>M\u00e9fiez-vous des histoires \"trop belles pour \u00eatre vraies\" : certaines personnes peuvent mentir ou exag\u00e9rer en ligne.<\/li>\n<li>Signalez et bloquez toute personne qui vous met mal \u00e0 l'aise. Les mod\u00e9rateurs sont l\u00e0 pour vous aider.<\/li>\n<li>Parlez \u00e0 un parent ou \u00e0 un adulte si vous vous sentez contraint ou inquiet \u00e0 propos de quelque chose en ligne.<\/li>\n<\/ul>\n<p>De nombreuses applications proposent des fonctions de signalement et de blocage - utilisez-les si n\u00e9cessaire.<\/p>\n<h2>Comment trouver la salle de chat pour adolescents qui vous convient ?<\/h2>\n<ul>\n<li>Salles ax\u00e9es sur les centres d'int\u00e9r\u00eat : Vous aimez les jeux, les anime, la musique ou l'art ? Recherchez des serveurs th\u00e9matiques ou des salons de discussion d\u00e9di\u00e9s \u00e0 vos centres d'int\u00e9r\u00eat.<\/li>\n<li>Chat local : Certaines plateformes proposent des salons de discussion par ville ou par pays afin que vous puissiez rencontrer des gens pr\u00e8s de chez vous (id\u00e9al pour l'aide aux devoirs ou les conseils locaux).<\/li>\n<li>Groupes de soutien : Si vous avez des difficult\u00e9s \u00e0 l'\u00e9cole, dans vos relations ou en mati\u00e8re de sant\u00e9 mentale, recherchez des groupes de soutien par les pairs ou des services d'assistance t\u00e9l\u00e9phonique.<\/li>\n<li>Discussions en petits groupes : Si vous vous sentez d\u00e9pass\u00e9 par les grandes salles, essayez des groupes plus petits, sur invitation uniquement, pour cr\u00e9er une communaut\u00e9 plus \u00e9troite.<\/li>\n<\/ul>\n<p>Faites des essais jusqu'\u00e0 ce que vous trouviez ce qui vous convient - chaque personne est diff\u00e9rente !<\/p>\n<h2>De quoi peut-on parler dans les salons de discussion pour adolescents ?<\/h2>\n<p>Le plus beau ? Vous pouvez parler de presque tout, \u00e0 condition de respecter les r\u00e8gles :<\/p>\n<ul>\n<li>Musique, films et \u00e9missions de t\u00e9l\u00e9vision pr\u00e9f\u00e9r\u00e9s<\/li>\n<li>Conseils pour l'\u00e9cole et les \u00e9tudes<\/li>\n<li>Trucs et astuces, histoires dr\u00f4les et m\u00e8mes<\/li>\n<li>G\u00e9rer le stress, l'anxi\u00e9t\u00e9 ou les journ\u00e9es difficiles<\/li>\n<li>Passe-temps cr\u00e9atifs : partagez vos r\u00e9alisations dans le domaine de l'art, de l'\u00e9criture ou des jeux vid\u00e9o.<\/li>\n<li>Conseils sur les amiti\u00e9s, les rencontres ou la famille<\/li>\n<li>R\u00eaves futurs, projets de voyage et exp\u00e9riences sympas<\/li>\n<\/ul>\n<p>Ne vous inqui\u00e9tez pas si vous \u00eates timide au d\u00e9but. La plupart des adolescents sont un peu nerveux lorsqu'ils commencent, mais cela devient plus facile au fur et \u00e0 mesure que vous discutez.<\/p>\n<h2>Chat vid\u00e9o pour adolescents : Est-ce s\u00fbr ?<\/h2>\n<p>Certaines plateformes proposent un chat vid\u00e9o pour les adolescents afin d'\u00e9tablir une connexion encore plus r\u00e9elle. Si vous essayez, suivez ces conseils :<\/p>\n<ul>\n<li>N'utilisez que des applications fiables et mod\u00e9r\u00e9es.<\/li>\n<li>Gardez l'arri\u00e8re-plan de votre webcam priv\u00e9 (\u00e9vitez de montrer votre chambre, votre \u00e9cole, etc.).<\/li>\n<li>Ne vous sentez pas oblig\u00e9 d'allumer votre cam\u00e9ra si vous n'\u00eates pas \u00e0 l'aise.<\/li>\n<li>Ne jamais enregistrer ou partager les chats en dehors de la plateforme.<\/li>\n<li>Signalez toujours imm\u00e9diatement tout comportement inappropri\u00e9.<\/li>\n<\/ul>\n<p>Le chat vid\u00e9o peut \u00eatre amusant et authentique, mais faites toujours passer votre s\u00e9curit\u00e9 et votre confort en premier.<\/p>\n<h2>Chat pour adolescents vs. m\u00e9dias sociaux et autres options<\/h2>\n<table>\n<thead>\n<tr>\n<th>Fonctionnalit\u00e9<\/th>\n<th>Salles de chat pour adolescents<\/th>\n<th>M\u00e9dias sociaux<\/th>\n<th>Discussions de groupe<\/th>\n<th>Applications de messagerie<\/th>\n<\/tr>\n<\/thead>\n<tbody>\n<tr>\n<td>S\u00e9curit\u00e9 ax\u00e9e sur l'\u00e2ge<\/td>\n<td>\u2705<\/td>\n<td>\u274c<\/td>\n<td>\u274c<\/td>\n<td>\u274c<\/td>\n<\/tr>\n<tr>\n<td>Profils anonymes<\/td>\n<td>\u2705<\/td>\n<td>\u274c<\/td>\n<td>\u274c<\/td>\n<td>\u2705<\/td>\n<\/tr>\n<tr>\n<td>Correspondance en temps r\u00e9el<\/td>\n<td>\u2705<\/td>\n<td>\u274c<\/td>\n<td>\u2705<\/td>\n<td>\u2705<\/td>\n<\/tr>\n<tr>\n<td>En groupe ou en individuel<\/td>\n<td>\u2705<\/td>\n<td>\u2705<\/td>\n<td>\u2705<\/td>\n<td>\u2705<\/td>\n<\/tr>\n<tr>\n<td>Salles bas\u00e9es sur les int\u00e9r\u00eats<\/td>\n<td>\u2705<\/td>\n<td>\u2705<\/td>\n<td>\u2705<\/td>\n<td>\u2705<\/td>\n<\/tr>\n<tr>\n<td>La mod\u00e9ration<\/td>\n<td>\u2705<\/td>\n<td>\u274c\/\u2705<\/td>\n<td>\u2705<\/td>\n<td>\u274c<\/td>\n<\/tr>\n<tr>\n<td>Utilisation gratuite<\/td>\n<td>\u2705<\/td>\n<td>\u2705<\/td>\n<td>\u2705<\/td>\n<td>\u2705<\/td>\n<\/tr>\n<\/tbody>\n<\/table>\n<p>Le chat pour adolescents est souvent plus s\u00fbr et plus accueillant que les m\u00e9dias sociaux en g\u00e9n\u00e9ral.<\/p>\n<h2>Pour les parents : Aider votre adolescent \u00e0 rester en s\u00e9curit\u00e9 en ligne<\/h2>\n<p>Si vous \u00eates parent, il est normal que vous soyez un peu inquiet \u00e0 l'id\u00e9e que votre enfant puisse discuter avec des inconnus. Il est essentiel d'avoir des conversations ouvertes sur la s\u00e9curit\u00e9 en ligne. Voici quelques conseils :<\/p>\n<ul>\n<li>Posez-lui des questions sur les applications qu'il utilise et sur les raisons pour lesquelles il les aime.<\/li>\n<li>Fixez des limites claires en ce qui concerne le partage d'informations et de photos personnelles.<\/li>\n<li>Encouragez votre adolescent \u00e0 venir vous voir s'il se sent mal \u00e0 l'aise ou sous pression.<\/li>\n<li>Apprenez ensemble les fonctions de signalement et de blocage.<\/li>\n<li>Gardez les ordinateurs ou les appareils dans des espaces partag\u00e9s, en particulier pour les jeunes adolescents.<\/li>\n<\/ul>\n<p>Lorsque les adolescents savent que vous les soutenez (et pas seulement que vous les contr\u00f4lez), ils sont plus enclins \u00e0 partager leurs inqui\u00e9tudes.<\/p>\n<p>Le chat pour adolescents est bien plus qu'un simple moyen de tuer le temps en ligne : c'est l'occasion de se faire de vrais amis, de trouver du soutien et d'apprendre \u00e0 se conna\u00eetre et \u00e0 conna\u00eetre les autres. Que vous aimiez les chats de groupe rapides, les DM tranquilles ou m\u00eame les appels vid\u00e9o s\u00e9curis\u00e9s, il existe une plateforme qui vous conviendra parfaitement.<\/p>\n<p>N'oubliez pas : amusez-vous, soyez gentils, restez intelligents et faites attention \u00e0 vous et \u00e0 vos amis. L'internet regorge de gens formidables : votre meilleur ami, votre camarade d'\u00e9tudes ou votre groupe pr\u00e9f\u00e9r\u00e9 vous attend peut-\u00eatre dans le prochain salon de discussion.<\/p>\n<p>Pr\u00eat \u00e0 l'essayer ? Sautez dans un salon de chat pour ados gratuit ou une application d\u00e8s aujourd'hui, et voyez qui vous rencontrerez !<\/p>","protected":false},"excerpt":{"rendered":"<p>In today\u2019s digital world, teen chat has become one of the most popular and exciting ways for young people to meet new friends, share stories, get advice, and just have fun\u2014all from the comfort of home. Whether you\u2019re looking for a place to talk about your interests, join group chats, or even try safe video [&hellip;]<\/p>\n","protected":false},"author":8,"featured_media":0,"parent":0,"menu_order":0,"comment_status":"closed","ping_status":"closed","template":"","meta":{"footnotes":""},"class_list":["post-8857","page","type-page","status-publish","hentry"],"yoast_head":"<!-- This site is optimized with the Yoast SEO plugin v27.4 - https:\/\/yoast.com\/product\/yoast-seo-wordpress\/ -->\n<title>Teen Chat with Video Chat on TinyChat.com<\/title>\n<meta name=\"description\" content=\"Enjoying Teen Chat? Join over 50,000,000 strangers on TinyChat! Turn on your cam and start meeting new people, or find a match.\" \/>\n<meta name=\"robots\" content=\"index, follow, max-snippet:-1, max-image-preview:large, max-video-preview:-1\" \/>\n<link rel=\"canonical\" href=\"https:\/\/tinychat.com\/fr\/teen-chat\/\" \/>\n<meta property=\"og:locale\" content=\"fr_FR\" \/>\n<meta property=\"og:type\" content=\"article\" \/>\n<meta property=\"og:title\" content=\"Teen Chat with Video Chat on TinyChat.com\" \/>\n<meta property=\"og:description\" content=\"Enjoying Teen Chat? Join over 50,000,000 strangers on TinyChat! Turn on your cam and start meeting new people, or find a match.\" \/>\n<meta property=\"og:url\" content=\"https:\/\/tinychat.com\/fr\/teen-chat\/\" \/>\n<meta property=\"og:site_name\" content=\"TinyChat\" \/>\n<meta property=\"article:publisher\" content=\"https:\/\/www.facebook.com\/tinychat\" \/>\n<meta property=\"article:modified_time\" content=\"2025-07-16T12:57:09+00:00\" \/>\n<meta property=\"og:image\" content=\"https:\/\/tinychat.com\/wp-content\/uploads\/2020\/04\/Tinychat-logo-1280x284-new-black.png\" \/>\n\t<meta property=\"og:image:width\" content=\"1280\" \/>\n\t<meta property=\"og:image:height\" content=\"284\" \/>\n\t<meta property=\"og:image:type\" content=\"image\/png\" \/>\n<meta name=\"twitter:card\" content=\"summary_large_image\" \/>\n<meta name=\"twitter:site\" content=\"@tinychat\" \/>\n<meta name=\"twitter:label1\" content=\"Dur\u00e9e de lecture estim\u00e9e\" \/>\n\t<meta name=\"twitter:data1\" content=\"7 minutes\" \/>\n<script type=\"application\/ld+json\" class=\"yoast-schema-graph\">{\"@context\":\"https:\\\/\\\/schema.org\",\"@graph\":[{\"@type\":\"WebPage\",\"@id\":\"https:\\\/\\\/tinychat.com\\\/teen-chat\\\/\",\"url\":\"https:\\\/\\\/tinychat.com\\\/teen-chat\\\/\",\"name\":\"Teen Chat with Video Chat on TinyChat.com\",\"isPartOf\":{\"@id\":\"https:\\\/\\\/tinychat.com\\\/#website\"},\"datePublished\":\"2021-11-11T11:53:57+00:00\",\"dateModified\":\"2025-07-16T12:57:09+00:00\",\"description\":\"Enjoying Teen Chat? Join over 50,000,000 strangers on TinyChat! Turn on your cam and start meeting new people, or find a match.\",\"breadcrumb\":{\"@id\":\"https:\\\/\\\/tinychat.com\\\/teen-chat\\\/#breadcrumb\"},\"inLanguage\":\"fr-FR\",\"potentialAction\":[{\"@type\":\"ReadAction\",\"target\":[\"https:\\\/\\\/tinychat.com\\\/teen-chat\\\/\"]}]},{\"@type\":\"BreadcrumbList\",\"@id\":\"https:\\\/\\\/tinychat.com\\\/teen-chat\\\/#breadcrumb\",\"itemListElement\":[{\"@type\":\"ListItem\",\"position\":1,\"name\":\"Home\",\"item\":\"https:\\\/\\\/tinychat.com\\\/\"},{\"@type\":\"ListItem\",\"position\":2,\"name\":\"Teen Chat\"}]},{\"@type\":\"WebSite\",\"@id\":\"https:\\\/\\\/tinychat.com\\\/#website\",\"url\":\"https:\\\/\\\/tinychat.com\\\/\",\"name\":\"TinyChat\",\"description\":\"Random Video Chat with Strangers\",\"publisher\":{\"@id\":\"https:\\\/\\\/tinychat.com\\\/#organization\"},\"alternateName\":\"TinyChat.com\",\"potentialAction\":[{\"@type\":\"SearchAction\",\"target\":{\"@type\":\"EntryPoint\",\"urlTemplate\":\"https:\\\/\\\/tinychat.com\\\/?s={search_term_string}\"},\"query-input\":{\"@type\":\"PropertyValueSpecification\",\"valueRequired\":true,\"valueName\":\"search_term_string\"}}],\"inLanguage\":\"fr-FR\"},{\"@type\":\"Organization\",\"@id\":\"https:\\\/\\\/tinychat.com\\\/#organization\",\"name\":\"TinyChat\",\"alternateName\":\"TinyChat.com\",\"url\":\"https:\\\/\\\/tinychat.com\\\/\",\"logo\":{\"@type\":\"ImageObject\",\"inLanguage\":\"fr-FR\",\"@id\":\"https:\\\/\\\/tinychat.com\\\/#\\\/schema\\\/logo\\\/image\\\/\",\"url\":\"https:\\\/\\\/tinychat.com\\\/wp-content\\\/uploads\\\/2023\\\/11\\\/Tinychat-icon-square.png\",\"contentUrl\":\"https:\\\/\\\/tinychat.com\\\/wp-content\\\/uploads\\\/2023\\\/11\\\/Tinychat-icon-square.png\",\"width\":284,\"height\":284,\"caption\":\"TinyChat\"},\"image\":{\"@id\":\"https:\\\/\\\/tinychat.com\\\/#\\\/schema\\\/logo\\\/image\\\/\"},\"sameAs\":[\"https:\\\/\\\/www.facebook.com\\\/tinychat\",\"https:\\\/\\\/x.com\\\/tinychat\"]}]}<\/script>\n<!-- \/ Yoast SEO plugin. -->","yoast_head_json":{"title":"Teen Chat avec Video Chat sur TinyChat.com","description":"Vous aimez le Teen Chat ? Rejoignez plus de 50 000 000 d'inconnus sur TinyChat ! Allumez votre cam\u00e9ra et commencez \u00e0 rencontrer de nouvelles personnes, ou trouvez un partenaire.","robots":{"index":"index","follow":"follow","max-snippet":"max-snippet:-1","max-image-preview":"max-image-preview:large","max-video-preview":"max-video-preview:-1"},"canonical":"https:\/\/tinychat.com\/fr\/teen-chat\/","og_locale":"fr_FR","og_type":"article","og_title":"Teen Chat with Video Chat on TinyChat.com","og_description":"Enjoying Teen Chat? Join over 50,000,000 strangers on TinyChat! Turn on your cam and start meeting new people, or find a match.","og_url":"https:\/\/tinychat.com\/fr\/teen-chat\/","og_site_name":"TinyChat","article_publisher":"https:\/\/www.facebook.com\/tinychat","article_modified_time":"2025-07-16T12:57:09+00:00","og_image":[{"width":1280,"height":284,"url":"https:\/\/tinychat.com\/wp-content\/uploads\/2020\/04\/Tinychat-logo-1280x284-new-black.png","type":"image\/png"}],"twitter_card":"summary_large_image","twitter_site":"@tinychat","twitter_misc":{"Dur\u00e9e de lecture estim\u00e9e":"7 minutes"},"schema":{"@context":"https:\/\/schema.org","@graph":[{"@type":"WebPage","@id":"https:\/\/tinychat.com\/teen-chat\/","url":"https:\/\/tinychat.com\/teen-chat\/","name":"Teen Chat avec Video Chat sur TinyChat.com","isPartOf":{"@id":"https:\/\/tinychat.com\/#website"},"datePublished":"2021-11-11T11:53:57+00:00","dateModified":"2025-07-16T12:57:09+00:00","description":"Vous aimez le Teen Chat ? Rejoignez plus de 50 000 000 d'inconnus sur TinyChat ! Allumez votre cam\u00e9ra et commencez \u00e0 rencontrer de nouvelles personnes, ou trouvez un partenaire.","breadcrumb":{"@id":"https:\/\/tinychat.com\/teen-chat\/#breadcrumb"},"inLanguage":"fr-FR","potentialAction":[{"@type":"ReadAction","target":["https:\/\/tinychat.com\/teen-chat\/"]}]},{"@type":"BreadcrumbList","@id":"https:\/\/tinychat.com\/teen-chat\/#breadcrumb","itemListElement":[{"@type":"ListItem","position":1,"name":"Home","item":"https:\/\/tinychat.com\/"},{"@type":"ListItem","position":2,"name":"Teen Chat"}]},{"@type":"WebSite","@id":"https:\/\/tinychat.com\/#website","url":"https:\/\/tinychat.com\/","name":"TinyChat","description":"Chat vid\u00e9o al\u00e9atoire avec des inconnus","publisher":{"@id":"https:\/\/tinychat.com\/#organization"},"alternateName":"TinyChat.com","potentialAction":[{"@type":"SearchAction","target":{"@type":"EntryPoint","urlTemplate":"https:\/\/tinychat.com\/?s={search_term_string}"},"query-input":{"@type":"PropertyValueSpecification","valueRequired":true,"valueName":"search_term_string"}}],"inLanguage":"fr-FR"},{"@type":"Organization","@id":"https:\/\/tinychat.com\/#organization","name":"TinyChat","alternateName":"TinyChat.com","url":"https:\/\/tinychat.com\/","logo":{"@type":"ImageObject","inLanguage":"fr-FR","@id":"https:\/\/tinychat.com\/#\/schema\/logo\/image\/","url":"https:\/\/tinychat.com\/wp-content\/uploads\/2023\/11\/Tinychat-icon-square.png","contentUrl":"https:\/\/tinychat.com\/wp-content\/uploads\/2023\/11\/Tinychat-icon-square.png","width":284,"height":284,"caption":"TinyChat"},"image":{"@id":"https:\/\/tinychat.com\/#\/schema\/logo\/image\/"},"sameAs":["https:\/\/www.facebook.com\/tinychat","https:\/\/x.com\/tinychat"]}]}},"_links":{"self":[{"href":"https:\/\/tinychat.com\/fr\/wp-json\/wp\/v2\/pages\/8857","targetHints":{"allow":["GET"]}}],"collection":[{"href":"https:\/\/tinychat.com\/fr\/wp-json\/wp\/v2\/pages"}],"about":[{"href":"https:\/\/tinychat.com\/fr\/wp-json\/wp\/v2\/types\/page"}],"author":[{"embeddable":true,"href":"https:\/\/tinychat.com\/fr\/wp-json\/wp\/v2\/users\/8"}],"replies":[{"embeddable":true,"href":"https:\/\/tinychat.com\/fr\/wp-json\/wp\/v2\/comments?post=8857"}],"version-history":[{"count":2,"href":"https:\/\/tinychat.com\/fr\/wp-json\/wp\/v2\/pages\/8857\/revisions"}],"predecessor-version":[{"id":13334,"href":"https:\/\/tinychat.com\/fr\/wp-json\/wp\/v2\/pages\/8857\/revisions\/13334"}],"wp:attachment":[{"href":"https:\/\/tinychat.com\/fr\/wp-json\/wp\/v2\/media?parent=8857"}],"curies":[{"name":"wp","href":"https:\/\/api.w.org\/{rel}","templated":true}]}}