{"id":9038,"date":"2025-08-14T09:37:31","date_gmt":"2025-08-14T07:37:31","guid":{"rendered":"https:\/\/tinychat.com\/?page_id=9038"},"modified":"2025-08-14T09:58:55","modified_gmt":"2025-08-14T07:58:55","slug":"free-online-chat","status":"publish","type":"page","link":"https:\/\/tinychat.com\/fr\/free-online-chat\/","title":{"rendered":"Chat en ligne gratuit"},"content":{"rendered":"<p>\u00c0 une \u00e9poque o\u00f9 la plupart des plateformes sociales sont li\u00e9es \u00e0 des algorithmes, \u00e0 des likes et \u00e0 un d\u00e9filement sans fin, le chat en ligne gratuit offre quelque chose de rafra\u00eechissant et de simple : une v\u00e9ritable conversation. Que ce soit pour passer le temps, rencontrer quelqu'un d'un autre pays, partager des int\u00e9r\u00eats ou simplement dire bonjour, ces plateformes de chat vous donnent un acc\u00e8s instantan\u00e9 \u00e0 des personnes du monde entier.<\/p>\n<p>Et le meilleur de tous ? Vous n'avez pas besoin de d\u00e9penser un centime ou de t\u00e9l\u00e9charger un logiciel compliqu\u00e9 pour commencer.<\/p>\n<h2>Qu'est-ce que le chat en ligne gratuit ?<\/h2>\n<p>Le chat en ligne gratuit est un service qui vous permet de vous connecter instantan\u00e9ment avec d'autres personnes par le biais du texte, de l'audio ou de la vid\u00e9o, sans aucun co\u00fbt. Le concept est simple : vous rejoignez un salon de discussion ou une conversation individuelle et vous commencez \u00e0 parler. De nombreuses plateformes ne requi\u00e8rent aucune inscription, ce qui signifie que vous pouvez chatter en quelques secondes.<\/p>\n<p>Selon le site ou l'application, votre exp\u00e9rience de chat en ligne gratuit peut prendre diff\u00e9rentes formes :<\/p>\n<ul>\n<li>Salons de discussion en mode texte - Id\u00e9al pour des conversations rapides et anonymes.<\/li>\n<li>Chat vid\u00e9o - Interaction en face \u00e0 face sans rencontre en personne.<\/li>\n<li>Chat vocal - Parfait si vous pr\u00e9f\u00e9rez parler sans utiliser de cam\u00e9ra.<\/li>\n<li>Espaces de discussion en groupe - Participez \u00e0 des conversations sur des sujets ou des centres d'int\u00e9r\u00eat sp\u00e9cifiques.<\/li>\n<\/ul>\n<h2>Pourquoi les gens pr\u00e9f\u00e8rent-ils le chat en ligne gratuit aux m\u00e9dias sociaux ?<\/h2>\n<p>Les m\u00e9dias sociaux peuvent relier des milliards de personnes, mais ils sont loin d'\u00eatre personnels. Le chat gratuit en ligne, quant \u00e0 lui, permet une conversation directe et en temps r\u00e9el, sans la pression du maintien d'un profil ou d'un nombre de followers.<\/p>\n<p>Voici pourquoi elle est si attrayante :<\/p>\n<ul>\n<li>Connexion instantan\u00e9e - Pas besoin d'attendre qu'une demande d'ami soit accept\u00e9e.<\/li>\n<li>Pas d'algorithme - Les conversations se d\u00e9roulent en temps r\u00e9el et ne sont pas filtr\u00e9es par un flux.<\/li>\n<li>Confidentialit\u00e9 - Inutile de r\u00e9v\u00e9ler votre identit\u00e9 si vous ne le souhaitez pas.<\/li>\n<li>Diversit\u00e9 - Parler \u00e0 des personnes de pays, de cultures et de milieux diff\u00e9rents.<\/li>\n<li>Vari\u00e9t\u00e9 - Du simple bavardage aux discussions approfondies, c'est vous qui donnez le ton.<\/li>\n<\/ul>\n<h2>Comment fonctionne le chat en ligne gratuit<\/h2>\n<p>Il est plus facile de commencer que vous ne le pensez. Voici le processus habituel :<\/p>\n<ol>\n<li>Choisissez une plateforme - Les options vont des salles de chat en ligne gratuites aux sites de chat vid\u00e9o tels que TinyChat, Chatspin et CooMeet.<\/li>\n<li>D\u00e9cidez de votre style - Voulez-vous un chat textuel, vocal ou vid\u00e9o ?<\/li>\n<li>S'inscrire instantan\u00e9ment - De nombreux sites ne requi\u00e8rent aucune inscription - il suffit de cliquer sur \"D\u00e9marrer\" pour \u00eatre connect\u00e9.<\/li>\n<li>S'engager ou passer \u00e0 autre chose - Restez dans une conversation que vous appr\u00e9ciez ou passez \u00e0 une autre \u00e0 tout moment.<\/li>\n<\/ol>\n<h2>Types de plateformes de chat en ligne gratuites<\/h2>\n<p>Les services de chat en ligne gratuits ne sont pas tous identiques. En voici les principaux types :<\/p>\n<h3>1. Salons de discussion en ligne gratuits<\/h3>\n<p>Il s'agit d'espaces num\u00e9riques o\u00f9 plusieurs personnes peuvent taper des messages en temps r\u00e9el. Ils peuvent \u00eatre ouverts \u00e0 tous ou se concentrer sur des sujets tels que la musique, les jeux ou les voyages.<\/p>\n<h3>2. Chat en ligne gratuit<\/h3>\n<p>Similaire \u00e0 la messagerie directe, mais avec des inconnus. Il peut s'agir d'un texte uniquement ou d'une vid\u00e9o et d'un son.<\/p>\n<h3>3. Chat al\u00e9atoire gratuit<\/h3>\n<p>Un moyen totalement non filtr\u00e9 de rencontrer quelqu'un de nouveau, qui vous met souvent en relation avec un utilisateur al\u00e9atoire n'importe o\u00f9 dans le monde. Vous pouvez sauter et vous connecter \u00e0 une nouvelle personne instantan\u00e9ment.<\/p>\n<h3>4. Chat vid\u00e9o gratuit en ligne<\/h3>\n<p>Pour ceux qui pr\u00e9f\u00e8rent la communication en face \u00e0 face, des plateformes permettent des conversations vid\u00e9o en direct sans inscription ni paiement.<\/p>\n<h3>5. Plateformes de chat de niche<\/h3>\n<p>Certains services de chat s'adressent \u00e0 des communaut\u00e9s sp\u00e9cifiques, comme les joueurs, les c\u00e9libataires ou les personnes apprenant une langue.<\/p>\n<h2>TinyChat : Une option remarquable pour le chat en ligne gratuit<\/h2>\n<p>Bien qu'il existe des dizaines de plateformes, TinyChat est l'une d'entre elles qui offre constamment une vari\u00e9t\u00e9 d'exp\u00e9riences de chat d'une mani\u00e8re conviviale.<\/p>\n<p>Pourquoi cela vaut la peine d'essayer :<\/p>\n<ul>\n<li>Rejoindre sans s'inscrire - Entrez imm\u00e9diatement dans une salle publique.<\/li>\n<li>Plusieurs formats de chat - Vid\u00e9o, audio et texte sont tous disponibles.<\/li>\n<li>Salons th\u00e9matiques - Trouvez des espaces pour les rencontres, la musique, la politique ou des lieux de rencontre en g\u00e9n\u00e9ral.<\/li>\n<li>Cr\u00e9ez votre propre espace - Organisez une conversation priv\u00e9e ou invitez d'autres personnes.<\/li>\n<li>Fonctionne sur n'importe quel appareil - Utilisez-le dans votre navigateur ou via l'application iOS\/Android.<\/li>\n<\/ul>\n<p>Si vous souhaitez trouver un \u00e9quilibre entre les conversations al\u00e9atoires et les conversations structur\u00e9es bas\u00e9es sur les centres d'int\u00e9r\u00eat, le TinyChat est un excellent choix.<\/p>\n<h2>Rester en s\u00e9curit\u00e9 lors de l'utilisation d'un chat en ligne gratuit<\/h2>\n<p>Bien que la plupart des gens utilisent ces services avec respect, il est important de garder la s\u00e9curit\u00e9 \u00e0 l'esprit, en particulier lorsque l'on discute avec des inconnus.<\/p>\n<ul>\n<li>Ne divulguez pas vos coordonn\u00e9es - \u00c9vitez de communiquer votre adresse, votre num\u00e9ro de t\u00e9l\u00e9phone ou votre lieu de travail.<\/li>\n<li>Utilisez un surnom - Restez anonyme jusqu'\u00e0 ce que vous vous sentiez \u00e0 l'aise pour en r\u00e9v\u00e9ler davantage.<\/li>\n<li>Contr\u00f4lez votre appareil photo - Faites attention \u00e0 ce qui est visible \u00e0 l'arri\u00e8re-plan.<\/li>\n<li>Mettez fin imm\u00e9diatement aux conversations ind\u00e9sirables - N'h\u00e9sitez pas \u00e0 quitter une conversation qui ne vous semble pas correcte.<\/li>\n<li>Signaler un mauvais comportement - La plupart des plateformes disposent d'un syst\u00e8me de signalement simple.<\/li>\n<\/ul>\n<h2>Qui utilise le chat en ligne gratuit ?<\/h2>\n<p>L'un des aspects fascinants des salons de discussion en ligne gratuits est la diversit\u00e9 des personnes que vous pouvez rencontrer. Vous pouvez vous connecter avec :<\/p>\n<ul>\n<li>Les \u00e9tudiants souhaitant pratiquer une seconde langue.<\/li>\n<li>Des voyageurs qui \u00e9changent des conseils et des histoires.<\/li>\n<li>Les c\u00e9libataires recherchent une conversation d\u00e9contract\u00e9e ou des rencontres.<\/li>\n<li>Les personnes qui travaillent \u00e0 domicile et qui souhaitent une interaction sociale.<\/li>\n<li>Les amateurs discutent de leurs passe-temps favoris.<\/li>\n<\/ul>\n<h2>Avantages du chat gratuit en ligne<\/h2>\n<p>Ce n'est pas pour rien que les gens reviennent toujours vers les plateformes de chat en ligne gratuites. Voici quelques-uns de leurs principaux avantages :<\/p>\n<ul>\n<li>Accessibilit\u00e9 - Aucun frais ni \u00e9quipement co\u00fbteux n'est n\u00e9cessaire.<\/li>\n<li>Rapidit\u00e9 - Vous pouvez discuter en quelques secondes.<\/li>\n<li>Flexibilit\u00e9 - Participez pour quelques minutes ou restez pendant des heures.<\/li>\n<li>Faible pression - Pas d'obligation de rester en contact si vous ne le souhaitez pas.<\/li>\n<li>La s\u00e9rendipit\u00e9 - Chaque chat est diff\u00e9rent ; vous ne savez jamais qui vous rencontrerez.<\/li>\n<\/ul>\n<h2>Chat en ligne gratuit et services de chat payants<\/h2>\n<p>Les plateformes de chat payantes offrent parfois plus d'options de filtrage, des fonctionnalit\u00e9s avanc\u00e9es ou des environnements sans publicit\u00e9. Mais pour de nombreuses personnes, les sites de chat gratuits sont plus que suffisants.<\/p>\n<table>\n<thead>\n<tr>\n<th>Fonctionnalit\u00e9<\/th>\n<th>Chat en ligne gratuit<\/th>\n<th>Services de chat payants<\/th>\n<\/tr>\n<\/thead>\n<tbody>\n<tr>\n<td>Co\u00fbt<\/td>\n<td>\u2705 Gratuit<\/td>\n<td>\u274c Abonnement<\/td>\n<\/tr>\n<tr>\n<td>Acc\u00e8s instantan\u00e9<\/td>\n<td>\u2705 Oui<\/td>\n<td>\u26a0\ufe0f Sometimes limited<\/td>\n<\/tr>\n<tr>\n<td>Port\u00e9e mondiale<\/td>\n<td>\u2705 Oui<\/td>\n<td>\u2705 Oui<\/td>\n<\/tr>\n<tr>\n<td>Filtres d'int\u00e9r\u00eat<\/td>\n<td>\u26a0\ufe0f Limited<\/td>\n<td>\u2705 Tr\u00e8s large<\/td>\n<\/tr>\n<tr>\n<td>Pas d'engagement<\/td>\n<td>\u2705 Oui<\/td>\n<td>\u26a0\ufe0f G\u00e9n\u00e9ralement, il faut s'inscrire<\/td>\n<\/tr>\n<\/tbody>\n<\/table>\n<h2>Conseils pour une bonne exp\u00e9rience de chat en ligne gratuit<\/h2>\n<p>Vous souhaitez tirer le meilleur parti de vos sessions de chat en ligne gratuites ? Voici quelques conseils :<\/p>\n<ul>\n<li>Soyez poli et respectueux - Cela donne le ton \u00e0 de meilleures conversations.<\/li>\n<li>Utilisez des balises d'int\u00e9r\u00eat - Elles permettent de vous mettre en relation avec des personnes qui partagent vos hobbies.<\/li>\n<li>Essayez diff\u00e9rents horaires - Vous rencontrerez diff\u00e9rents types de personnes en fonction de l'heure.<\/li>\n<li>Ne prenez pas les choses trop au s\u00e9rieux - Allez-y avec un esprit ouvert et amusez-vous.<\/li>\n<li>Soyez pr\u00eat \u00e0 sauter des \u00e9tapes - Toutes les discussions ne seront pas int\u00e9ressantes, et c'est normal.<\/li>\n<\/ul>\n<h2>Pourquoi le chat en ligne gratuit est l\u00e0 pour durer<\/h2>\n<p>\u00c0 une \u00e9poque o\u00f9 de nombreuses plates-formes en ligne visent \u00e0 cr\u00e9er des audiences ou \u00e0 vendre des publicit\u00e9s, le chat en ligne gratuit se concentre sur ce pour quoi Internet a \u00e9t\u00e9 con\u00e7u \u00e0 l'origine : la mise en relation de personnes. Aucun algorithme ne contr\u00f4le les personnes que vous rencontrez et aucun co\u00fbt ne vous retient, c'est un moyen facile et agr\u00e9able de partager un moment avec quelqu'un de nouveau.<\/p>\n<p>Que vous soyez d'humeur \u00e0 avoir une conversation d\u00e9contract\u00e9e, une discussion approfondie ou que vous souhaitiez simplement passer le temps avec des inconnus sympathiques, il y a toujours un salon de discussion ou une conversation en direct qui vous attend.<\/p>\n<p>Le chat gratuit en ligne est l'un des moyens les plus simples, les plus rapides et les plus accessibles pour entrer en contact avec des personnes du monde entier. Que vous choisissiez un salon de discussion textuel, une conversation vid\u00e9o en t\u00eate-\u00e0-t\u00eate ou une discussion de groupe sur votre passe-temps favori, vous pouvez commencer \u00e0 chatter instantan\u00e9ment, sans carte de cr\u00e9dit, sans t\u00e9l\u00e9chargement, sans tracas.<\/p>\n<p>La beaut\u00e9 r\u00e9side dans la libert\u00e9 : vous pouvez rencontrer quelqu'un de nouveau en quelques secondes, parler aussi longtemps que vous le souhaitez et passer \u00e0 autre chose quand vous le voulez. Dans un monde o\u00f9 il est difficile de trouver une v\u00e9ritable connexion humaine, le chat en ligne gratuit facilite les choses.<\/p>","protected":false},"excerpt":{"rendered":"<p>In an era where most social platforms are tied to algorithms, likes, and endless scrolling, free online chat offers something refreshingly simple\u2014real conversation. Whether it\u2019s to pass the time, meet someone from another country, share interests, or just say hello, these chat platforms give you instant access to people from all over the world. Best [&hellip;]<\/p>\n","protected":false},"author":8,"featured_media":0,"parent":0,"menu_order":0,"comment_status":"closed","ping_status":"closed","template":"","meta":{"footnotes":""},"class_list":["post-9038","page","type-page","status-publish","hentry"],"yoast_head":"<!-- This site is optimized with the Yoast SEO plugin v27.6 - https:\/\/yoast.com\/product\/yoast-seo-wordpress\/ -->\n<title>Free Online Chat with Video Chat on TinyChat.com<\/title>\n<meta name=\"description\" content=\"Enjoying Free Online Chat? Join over 50,000,000 strangers on TinyChat! Turn on your cam and start meeting new people, or find a match.\" \/>\n<meta name=\"robots\" content=\"index, follow, max-snippet:-1, max-image-preview:large, max-video-preview:-1\" \/>\n<link rel=\"canonical\" href=\"https:\/\/tinychat.com\/fr\/free-online-chat\/\" \/>\n<meta property=\"og:locale\" content=\"fr_FR\" \/>\n<meta property=\"og:type\" content=\"article\" \/>\n<meta property=\"og:title\" content=\"Free Online Chat with Video Chat on TinyChat.com\" \/>\n<meta property=\"og:description\" content=\"Enjoying Free Online Chat? Join over 50,000,000 strangers on TinyChat! Turn on your cam and start meeting new people, or find a match.\" \/>\n<meta property=\"og:url\" content=\"https:\/\/tinychat.com\/fr\/free-online-chat\/\" \/>\n<meta property=\"og:site_name\" content=\"TinyChat\" \/>\n<meta property=\"article:publisher\" content=\"https:\/\/www.facebook.com\/tinychat\" \/>\n<meta property=\"article:modified_time\" content=\"2025-08-14T07:58:55+00:00\" \/>\n<meta property=\"og:image\" content=\"https:\/\/tinychat.com\/wp-content\/uploads\/2020\/04\/Tinychat-logo-1280x284-new-black.png\" \/>\n\t<meta property=\"og:image:width\" content=\"1280\" \/>\n\t<meta property=\"og:image:height\" content=\"284\" \/>\n\t<meta property=\"og:image:type\" content=\"image\/png\" \/>\n<meta name=\"twitter:card\" content=\"summary_large_image\" \/>\n<meta name=\"twitter:site\" content=\"@tinychat\" \/>\n<meta name=\"twitter:label1\" content=\"Dur\u00e9e de lecture estim\u00e9e\" \/>\n\t<meta name=\"twitter:data1\" content=\"6 minutes\" \/>\n<script type=\"application\/ld+json\" class=\"yoast-schema-graph\">{\"@context\":\"https:\\\/\\\/schema.org\",\"@graph\":[{\"@type\":\"WebPage\",\"@id\":\"https:\\\/\\\/tinychat.com\\\/free-online-chat\\\/\",\"url\":\"https:\\\/\\\/tinychat.com\\\/free-online-chat\\\/\",\"name\":\"Free Online Chat with Video Chat on TinyChat.com\",\"isPartOf\":{\"@id\":\"https:\\\/\\\/tinychat.com\\\/#website\"},\"datePublished\":\"2025-08-14T07:37:31+00:00\",\"dateModified\":\"2025-08-14T07:58:55+00:00\",\"description\":\"Enjoying Free Online Chat? Join over 50,000,000 strangers on TinyChat! Turn on your cam and start meeting new people, or find a match.\",\"breadcrumb\":{\"@id\":\"https:\\\/\\\/tinychat.com\\\/free-online-chat\\\/#breadcrumb\"},\"inLanguage\":\"fr-FR\",\"potentialAction\":[{\"@type\":\"ReadAction\",\"target\":[\"https:\\\/\\\/tinychat.com\\\/free-online-chat\\\/\"]}]},{\"@type\":\"BreadcrumbList\",\"@id\":\"https:\\\/\\\/tinychat.com\\\/free-online-chat\\\/#breadcrumb\",\"itemListElement\":[{\"@type\":\"ListItem\",\"position\":1,\"name\":\"Home\",\"item\":\"https:\\\/\\\/tinychat.com\\\/\"},{\"@type\":\"ListItem\",\"position\":2,\"name\":\"Free Online Chat\"}]},{\"@type\":\"WebSite\",\"@id\":\"https:\\\/\\\/tinychat.com\\\/#website\",\"url\":\"https:\\\/\\\/tinychat.com\\\/\",\"name\":\"TinyChat\",\"description\":\"Random Video Chat with Strangers\",\"publisher\":{\"@id\":\"https:\\\/\\\/tinychat.com\\\/#organization\"},\"alternateName\":\"TinyChat.com\",\"potentialAction\":[{\"@type\":\"SearchAction\",\"target\":{\"@type\":\"EntryPoint\",\"urlTemplate\":\"https:\\\/\\\/tinychat.com\\\/?s={search_term_string}\"},\"query-input\":{\"@type\":\"PropertyValueSpecification\",\"valueRequired\":true,\"valueName\":\"search_term_string\"}}],\"inLanguage\":\"fr-FR\"},{\"@type\":\"Organization\",\"@id\":\"https:\\\/\\\/tinychat.com\\\/#organization\",\"name\":\"TinyChat\",\"alternateName\":\"TinyChat.com\",\"url\":\"https:\\\/\\\/tinychat.com\\\/\",\"logo\":{\"@type\":\"ImageObject\",\"inLanguage\":\"fr-FR\",\"@id\":\"https:\\\/\\\/tinychat.com\\\/#\\\/schema\\\/logo\\\/image\\\/\",\"url\":\"https:\\\/\\\/tinychat.com\\\/wp-content\\\/uploads\\\/2023\\\/11\\\/Tinychat-icon-square.png\",\"contentUrl\":\"https:\\\/\\\/tinychat.com\\\/wp-content\\\/uploads\\\/2023\\\/11\\\/Tinychat-icon-square.png\",\"width\":284,\"height\":284,\"caption\":\"TinyChat\"},\"image\":{\"@id\":\"https:\\\/\\\/tinychat.com\\\/#\\\/schema\\\/logo\\\/image\\\/\"},\"sameAs\":[\"https:\\\/\\\/www.facebook.com\\\/tinychat\",\"https:\\\/\\\/x.com\\\/tinychat\"]}]}<\/script>\n<!-- \/ Yoast SEO plugin. -->","yoast_head_json":{"title":"Chat en ligne gratuit avec chat vid\u00e9o sur TinyChat.com","description":"Vous aimez le chat en ligne gratuit ? Rejoignez plus de 50 000 000 d'inconnus sur TinyChat ! Allumez votre cam\u00e9ra et commencez \u00e0 rencontrer de nouvelles personnes, ou trouvez un partenaire.","robots":{"index":"index","follow":"follow","max-snippet":"max-snippet:-1","max-image-preview":"max-image-preview:large","max-video-preview":"max-video-preview:-1"},"canonical":"https:\/\/tinychat.com\/fr\/free-online-chat\/","og_locale":"fr_FR","og_type":"article","og_title":"Free Online Chat with Video Chat on TinyChat.com","og_description":"Enjoying Free Online Chat? Join over 50,000,000 strangers on TinyChat! Turn on your cam and start meeting new people, or find a match.","og_url":"https:\/\/tinychat.com\/fr\/free-online-chat\/","og_site_name":"TinyChat","article_publisher":"https:\/\/www.facebook.com\/tinychat","article_modified_time":"2025-08-14T07:58:55+00:00","og_image":[{"width":1280,"height":284,"url":"https:\/\/tinychat.com\/wp-content\/uploads\/2020\/04\/Tinychat-logo-1280x284-new-black.png","type":"image\/png"}],"twitter_card":"summary_large_image","twitter_site":"@tinychat","twitter_misc":{"Dur\u00e9e de lecture estim\u00e9e":"6 minutes"},"schema":{"@context":"https:\/\/schema.org","@graph":[{"@type":"WebPage","@id":"https:\/\/tinychat.com\/free-online-chat\/","url":"https:\/\/tinychat.com\/free-online-chat\/","name":"Chat en ligne gratuit avec chat vid\u00e9o sur TinyChat.com","isPartOf":{"@id":"https:\/\/tinychat.com\/#website"},"datePublished":"2025-08-14T07:37:31+00:00","dateModified":"2025-08-14T07:58:55+00:00","description":"Vous aimez le chat en ligne gratuit ? Rejoignez plus de 50 000 000 d'inconnus sur TinyChat ! Allumez votre cam\u00e9ra et commencez \u00e0 rencontrer de nouvelles personnes, ou trouvez un partenaire.","breadcrumb":{"@id":"https:\/\/tinychat.com\/free-online-chat\/#breadcrumb"},"inLanguage":"fr-FR","potentialAction":[{"@type":"ReadAction","target":["https:\/\/tinychat.com\/free-online-chat\/"]}]},{"@type":"BreadcrumbList","@id":"https:\/\/tinychat.com\/free-online-chat\/#breadcrumb","itemListElement":[{"@type":"ListItem","position":1,"name":"Home","item":"https:\/\/tinychat.com\/"},{"@type":"ListItem","position":2,"name":"Free Online Chat"}]},{"@type":"WebSite","@id":"https:\/\/tinychat.com\/#website","url":"https:\/\/tinychat.com\/","name":"TinyChat","description":"Chat vid\u00e9o al\u00e9atoire avec des inconnus","publisher":{"@id":"https:\/\/tinychat.com\/#organization"},"alternateName":"TinyChat.com","potentialAction":[{"@type":"SearchAction","target":{"@type":"EntryPoint","urlTemplate":"https:\/\/tinychat.com\/?s={search_term_string}"},"query-input":{"@type":"PropertyValueSpecification","valueRequired":true,"valueName":"search_term_string"}}],"inLanguage":"fr-FR"},{"@type":"Organization","@id":"https:\/\/tinychat.com\/#organization","name":"TinyChat","alternateName":"TinyChat.com","url":"https:\/\/tinychat.com\/","logo":{"@type":"ImageObject","inLanguage":"fr-FR","@id":"https:\/\/tinychat.com\/#\/schema\/logo\/image\/","url":"https:\/\/tinychat.com\/wp-content\/uploads\/2023\/11\/Tinychat-icon-square.png","contentUrl":"https:\/\/tinychat.com\/wp-content\/uploads\/2023\/11\/Tinychat-icon-square.png","width":284,"height":284,"caption":"TinyChat"},"image":{"@id":"https:\/\/tinychat.com\/#\/schema\/logo\/image\/"},"sameAs":["https:\/\/www.facebook.com\/tinychat","https:\/\/x.com\/tinychat"]}]}},"_links":{"self":[{"href":"https:\/\/tinychat.com\/fr\/wp-json\/wp\/v2\/pages\/9038","targetHints":{"allow":["GET"]}}],"collection":[{"href":"https:\/\/tinychat.com\/fr\/wp-json\/wp\/v2\/pages"}],"about":[{"href":"https:\/\/tinychat.com\/fr\/wp-json\/wp\/v2\/types\/page"}],"author":[{"embeddable":true,"href":"https:\/\/tinychat.com\/fr\/wp-json\/wp\/v2\/users\/8"}],"replies":[{"embeddable":true,"href":"https:\/\/tinychat.com\/fr\/wp-json\/wp\/v2\/comments?post=9038"}],"version-history":[{"count":3,"href":"https:\/\/tinychat.com\/fr\/wp-json\/wp\/v2\/pages\/9038\/revisions"}],"predecessor-version":[{"id":13444,"href":"https:\/\/tinychat.com\/fr\/wp-json\/wp\/v2\/pages\/9038\/revisions\/13444"}],"wp:attachment":[{"href":"https:\/\/tinychat.com\/fr\/wp-json\/wp\/v2\/media?parent=9038"}],"curies":[{"name":"wp","href":"https:\/\/api.w.org\/{rel}","templated":true}]}}