{"id":980,"date":"2025-08-11T09:06:16","date_gmt":"2025-08-11T07:06:16","guid":{"rendered":"https:\/\/tinychat.com\/?page_id=980"},"modified":"2025-08-11T09:12:11","modified_gmt":"2025-08-11T07:12:11","slug":"azar","status":"publish","type":"page","link":"https:\/\/tinychat.com\/fr\/azar\/","title":{"rendered":"Azar"},"content":{"rendered":"<p>Dans un monde plus connect\u00e9 que jamais mais toujours divis\u00e9 par la langue, la culture et la distance, Azar se distingue comme une plateforme qui comble v\u00e9ritablement ces lacunes. Cette application mobile populaire combine le chat vid\u00e9o al\u00e9atoire, la d\u00e9couverte sociale et la traduction en temps r\u00e9el dans une exp\u00e9rience transparente, ce qui en fait l'un des outils les plus puissants pour rencontrer des gens \u00e0 travers le monde.<\/p>\n<p>Avec plus de 500 millions de t\u00e9l\u00e9chargements et des utilisateurs dans plus de 190 pays, Azar a red\u00e9fini ce que signifie rencontrer des \u00e9trangers en ligne. Que vous souhaitiez vous faire des amis \u00e0 l'\u00e9tranger, pratiquer une langue, explorer d'autres cultures ou simplement profiter de conversations vid\u00e9o spontan\u00e9es, Azar r\u00e9pond \u00e0 vos attentes, tout en conservant une interface soign\u00e9e et mobile et des contr\u00f4les de s\u00e9curit\u00e9 rigoureux.<\/p>\n<p>Cet examen approfondi vous permettra de d\u00e9couvrir tout ce que vous devez savoir sur Azar, depuis ses caract\u00e9ristiques et sa configuration jusqu'\u00e0 sa comparaison avec d'autres plateformes, en passant par des conseils d'experts pour tirer le meilleur parti de votre temps sur l'application.<\/p>\n<h2>Qu'est-ce que le Azar ?<\/h2>\n<p>Azar est une application de chat vid\u00e9o instantan\u00e9 et de r\u00e9seau social qui vous permet d'entrer en contact avec des personnes du monde entier en quelques secondes. Contrairement aux salons de discussion bas\u00e9s sur du texte, Azar met l'accent sur les conversations en face \u00e0 face, en ramenant l'\u00e9l\u00e9ment humain dans l'interaction en ligne.<\/p>\n<p>Lanc\u00e9 par Hyperconnect en 2014 (puis rachet\u00e9 par Match Group en 2021), Azar est devenu l'un des noms les plus reconnus du chat vid\u00e9o al\u00e9atoire. Ses caract\u00e9ristiques principales - traduction en direct, filtres de genre et de localisation, et outils de cr\u00e9ation d'amis - le rendent aussi populaire pour les conversations informelles que pour l'\u00e9change linguistique et l'exploration culturelle.<\/p>\n<h2>Caract\u00e9ristiques principales du Azar<\/h2>\n<p>La popularit\u00e9 du Azar n'est pas due au hasard : il est dot\u00e9 d'outils uniques qui am\u00e9liorent \u00e0 la fois la connexion et la s\u00e9curit\u00e9.<\/p>\n<h3>1. Chat vid\u00e9o al\u00e9atoire<\/h3>\n<ul>\n<li>Rencontrez instantan\u00e9ment des utilisateurs du monde entier.<\/li>\n<li>Swipez pour vous connecter \u00e0 la personne suivante.<\/li>\n<li>Vid\u00e9o et audio HD en temps r\u00e9el pour des conversations fluides.<\/li>\n<\/ul>\n<h3>2. Filtres de localisation et de sexe<\/h3>\n<ul>\n<li>Choisissez d'entrer en contact avec des personnes originaires de pays ou de r\u00e9gions sp\u00e9cifiques.<\/li>\n<li>Filtrez par sexe pour une exp\u00e9rience plus personnalis\u00e9e.<\/li>\n<li>Certains filtres n\u00e9cessitent des pi\u00e8ces de monnaie ou un acc\u00e8s premium.<\/li>\n<\/ul>\n<h3>3. Traduction en temps r\u00e9el<\/h3>\n<ul>\n<li>Traduction automatique du texte et de la voix dans plusieurs langues.<\/li>\n<li>Permet de franchir instantan\u00e9ment les barri\u00e8res linguistiques.<\/li>\n<li>Id\u00e9al pour les apprenants de langues ou les connexions interculturelles.<\/li>\n<\/ul>\n<h3>4. Syst\u00e8me d'amis et messagerie<\/h3>\n<ul>\n<li>Ajoutez des personnes avec lesquelles vous \u00eates en contact en tant qu'amis.<\/li>\n<li>Poursuivez vos conversations par le biais de messages texte et vid\u00e9o int\u00e9gr\u00e9s \u00e0 l'application.<\/li>\n<li>Partagez des images, des autocollants et des \u00e9mojis dans le chat.<\/li>\n<\/ul>\n<h3>5. Effets virtuels et personnalisation<\/h3>\n<ul>\n<li>Des filtres vid\u00e9o, des cadres et des autocollants amusants pour ajouter de la personnalit\u00e9 aux appels.<\/li>\n<li>Personnalisez votre profil avec des photos et des centres d'int\u00e9r\u00eat.<\/li>\n<\/ul>\n<h3>6. S\u00e9curit\u00e9 et mod\u00e9ration<\/h3>\n<ul>\n<li>Mod\u00e9ration humaine et aliment\u00e9e par l'IA 24 heures sur 24, 7 jours sur 7.<\/li>\n<li>Outils de signalement\/blocage in-app.<\/li>\n<li>Filtre flou optionnel pour pr\u00e9visualiser les correspondances avant la connexion.<\/li>\n<\/ul>\n<h3>7. Syst\u00e8me de pi\u00e8ces et de primes<\/h3>\n<ul>\n<li>Gagnez ou achetez des pi\u00e8ces pour d\u00e9bloquer certains filtres et fonctionnalit\u00e9s.<\/li>\n<li>La version Premium permet un ciblage plus pr\u00e9cis des lieux, des chats illimit\u00e9s et des fonctionnalit\u00e9s avanc\u00e9es.<\/li>\n<\/ul>\n<h2>Comment utiliser Azar<\/h2>\n<p>Azar est con\u00e7u pour \u00eatre simple pour les nouveaux utilisateurs tout en offrant suffisamment de profondeur pour les habitu\u00e9s.<\/p>\n<h3>\u00c9tape 1 : T\u00e9l\u00e9charger l'application<\/h3>\n<ul>\n<li>Disponible gratuitement pour iOS et Android.<\/li>\n<li>Installer \u00e0 partir de l'App Store ou de Google Play.<\/li>\n<\/ul>\n<h3>\u00c9tape 2 : S'inscrire ou se connecter<\/h3>\n<ul>\n<li>S'inscrire par courriel, Facebook, Google ou Apple ID.<\/li>\n<li>Ajoutez une photo de profil pour augmenter l'engagement.<\/li>\n<\/ul>\n<h3>\u00c9tape 3 : D\u00e9finir vos pr\u00e9f\u00e9rences<\/h3>\n<ul>\n<li>S\u00e9lectionnez le sexe et la tranche d'\u00e2ge.<\/li>\n<li>Choisissez les pr\u00e9f\u00e9rences de localisation (monde ou pays sp\u00e9cifiques).<\/li>\n<li>Ajuster les param\u00e8tres de confidentialit\u00e9.<\/li>\n<\/ul>\n<h3>\u00c9tape 4 : Commencer \u00e0 chatter<\/h3>\n<ul>\n<li>Appuyez sur l'ic\u00f4ne de la vid\u00e9o pour obtenir une correspondance instantan\u00e9e.<\/li>\n<li>Glissez pour sauter et trouver quelqu'un d'autre.<\/li>\n<li>Utilisez la fonction de traduction en temps r\u00e9el si n\u00e9cessaire.<\/li>\n<\/ul>\n<h3>\u00c9tape 5 : Ajouter des amis et continuer \u00e0 discuter<\/h3>\n<ul>\n<li>Cliquez sur le bouton \"ajouter un ami\" pour enregistrer les bonnes connexions.<\/li>\n<li>Utilisez le chat textuel ou les messages vid\u00e9o de l'application pour rester en contact.<\/li>\n<\/ul>\n<h2>Exp\u00e9rience utilisateur sur Azar<\/h2>\n<p>La conception de Azar, ax\u00e9e sur le mobile et bas\u00e9e sur le glissement, est naturelle pour tous ceux qui sont familiers avec les applications modernes.<\/p>\n<h3>Ce que les utilisateurs aiment<\/h3>\n<ul>\n<li>Une port\u00e9e mondiale : Rencontrez des personnes originaires de plus de 190 pays.<\/li>\n<li>Traduction en temps r\u00e9el : Supprime les obstacles \u00e0 la communication.<\/li>\n<li>Qualit\u00e9 vid\u00e9o fluide : M\u00eame avec des connexions internationales.<\/li>\n<li>Filtres et autocollants amusants : Ajoutez de la personnalit\u00e9 \u00e0 vos appels.<\/li>\n<li>Un environnement s\u00fbr : La mod\u00e9ration active permet de maintenir le respect.<\/li>\n<li>Syst\u00e8me d'amis : Cr\u00e9ez des liens permanents.<\/li>\n<\/ul>\n<h3>Les points \u00e0 am\u00e9liorer selon les utilisateurs<\/h3>\n<ul>\n<li>Certains filtres avanc\u00e9s n\u00e9cessitent des pi\u00e8ces ou des primes.<\/li>\n<li>Quelques incoh\u00e9rences linguistiques dans la traduction.<\/li>\n<li>Nombre limit\u00e9 de matches gratuits par rapport aux plateformes enti\u00e8rement gratuites.<\/li>\n<li>Le co\u00fbt de la prime peut \u00eatre \u00e9lev\u00e9 pour les utilisateurs occasionnels.<\/li>\n<\/ul>\n<h2>Azar vs. autres applications de chat vid\u00e9o<\/h2>\n<table>\n<thead>\n<tr>\n<th>Fonctionnalit\u00e9<\/th>\n<th>Azar<\/th>\n<th>HOLLA<\/th>\n<th>LivU<\/th>\n<th>Singe<\/th>\n<th>ChatHub<\/th>\n<th>OmegleWeb<\/th>\n<\/tr>\n<\/thead>\n<tbody>\n<tr>\n<td>Random Video Chat avec des Inconnus<\/td>\n<td>\u2705 Oui<\/td>\n<td>\u2705 Oui<\/td>\n<td>\u2705 Oui<\/td>\n<td>\u2705 Oui<\/td>\n<td>\u2705 Oui<\/td>\n<td>\u2705 Oui<\/td>\n<\/tr>\n<tr>\n<td>Traduction en temps r\u00e9el<\/td>\n<td>\u2705 Oui<\/td>\n<td>\u274c Non<\/td>\n<td>\u274c Non<\/td>\n<td>\u274c Non<\/td>\n<td>\u274c Non<\/td>\n<td>\u274c Non<\/td>\n<\/tr>\n<tr>\n<td>Syst\u00e8me des amis<\/td>\n<td>\u2705 Oui<\/td>\n<td>\u2705 Oui<\/td>\n<td>\u2705 Oui<\/td>\n<td>\u2705 Oui<\/td>\n<td>\u2705 Oui<\/td>\n<td>\u274c Non<\/td>\n<\/tr>\n<tr>\n<td>Filtres de genre\/localisation<\/td>\n<td>\u2705 Oui<\/td>\n<td>\u2705 Oui<\/td>\n<td>\u2705 Oui<\/td>\n<td>\u2705 Oui<\/td>\n<td>\u2705 Oui<\/td>\n<td>\u26a0\ufe0f Limited<\/td>\n<\/tr>\n<tr>\n<td>Application mobile<\/td>\n<td>\u2705 Oui<\/td>\n<td>\u2705 Oui<\/td>\n<td>\u2705 Oui<\/td>\n<td>\u2705 Oui<\/td>\n<td>\u2705 Oui<\/td>\n<td>\u2705 Oui<\/td>\n<\/tr>\n<tr>\n<td>Filtres et effets<\/td>\n<td>\u2705 Oui<\/td>\n<td>\u2705 Oui<\/td>\n<td>\u2705 Oui<\/td>\n<td>\u2705 Oui<\/td>\n<td>\u2705 Oui<\/td>\n<td>\u274c Non<\/td>\n<\/tr>\n<tr>\n<td>Option Premium<\/td>\n<td>\u2705 Oui<\/td>\n<td>\u2705 Oui<\/td>\n<td>\u2705 Oui<\/td>\n<td>\u2705 Oui<\/td>\n<td>\u274c Non<\/td>\n<td>\u274c Non<\/td>\n<\/tr>\n<\/tbody>\n<\/table>\n<p>R\u00e9sum\u00e9 : Azar est id\u00e9al pour ceux qui veulent des connexions internationales sans barri\u00e8res linguistiques. Ses outils de traduction et son \u00e9norme base d'utilisateurs le distinguent des plateformes de chat al\u00e9atoire plus basiques.<\/p>\n<h2>Le Azar est-il s\u00fbr ?<\/h2>\n<p>Oui, \u00e0 condition de respecter les r\u00e8gles \u00e9l\u00e9mentaires de s\u00e9curit\u00e9 en ligne. Azar utilise :<\/p>\n<ul>\n<li>Mod\u00e9ration humaine et IA pour filtrer les contenus inappropri\u00e9s.<\/li>\n<li>V\u00e9rification du profil pour r\u00e9duire le nombre de faux comptes.<\/li>\n<li>Aper\u00e7u flou pour plus de confort.<\/li>\n<li>Signaler\/bloquer les outils en cas d'infraction.<\/li>\n<\/ul>\n<h3>Conseils de s\u00e9curit\u00e9 pour les utilisateurs<\/h3>\n<ul>\n<li>\u00c9vitez de partager des informations personnelles.<\/li>\n<li>Utilisez les traductions avec pr\u00e9caution : les traductions automatiques peuvent parfois alt\u00e9rer le sens.<\/li>\n<li>Faites confiance \u00e0 votre instinct et mettez fin \u00e0 toute discussion qui vous met mal \u00e0 l'aise.<\/li>\n<li>Les parents doivent surveiller l'utilisation de ces logiciels s'ils sont install\u00e9s sur les appareils des adolescents.<\/li>\n<\/ul>\n<h2>Conseils pour tirer le meilleur parti de Azar<\/h2>\n<ul>\n<li>Essayez diff\u00e9rentes r\u00e9gions : \u00c9largissez vos horizons culturels.<\/li>\n<li>Utilisez la traduction de mani\u00e8re active : Apprenez des phrases en discutant.<\/li>\n<li>Chat aux heures de pointe : Augmente la vari\u00e9t\u00e9 des matchs.<\/li>\n<li>Utilisez une photo de profil claire : Augmente le taux d'engagement.<\/li>\n<li>Restez amical et ouvert d'esprit : L'\u00e9nergie positive attire de meilleures discussions.<\/li>\n<li>Signaler un mauvais comportement : Aide \u00e0 maintenir la s\u00e9curit\u00e9 de la communaut\u00e9.<\/li>\n<\/ul>\n<h2>Probl\u00e8mes et r\u00e9parations communs au Azar<\/h2>\n<h3>La vid\u00e9o ne se connecte pas<\/h3>\n<p>V\u00e9rifiez votre vitesse d'acc\u00e8s \u00e0 Internet, passez en mode Wi-Fi et autorisez l'utilisation de l'appareil photo et du microphone.<\/p>\n<h3>Les filtres ne fonctionnent pas<\/h3>\n<p>Assurez-vous d'avoir suffisamment de pi\u00e8ces ou de primes activ\u00e9es.<\/p>\n<h3>Mauvaise qualit\u00e9 de la traduction<\/h3>\n<p>Parlez clairement, \u00e9vitez l'argot et faites des phrases courtes.<\/p>\n<h3>Utilisateurs inappropri\u00e9s<\/h3>\n<p>Bloquer et signaler imm\u00e9diatement - la mod\u00e9ration est r\u00e9active.<\/p>\n<p>Si votre objectif est de rencontrer des gens dans le monde entier, de d\u00e9couvrir d'autres cultures et de discuter sans vous soucier des diff\u00e9rences de langue, Azar est l'une des options les plus avanc\u00e9es et les plus perfectionn\u00e9es disponibles aujourd'hui. Sa fonction de traduction \u00e0 elle seule le rend unique dans l'espace de chat vid\u00e9o al\u00e9atoire.<\/p>\n<p>Bien que certaines fonctions n\u00e9cessitent des pi\u00e8ces de monnaie ou un acc\u00e8s premium, la version gratuite offre de nombreuses possibilit\u00e9s de se connecter \u00e0 l'\u00e9chelle mondiale. Azar est un excellent choix pour les rencontres internationales, les \u00e9changes linguistiques et la cr\u00e9ation d'amiti\u00e9s durables au-del\u00e0 des fronti\u00e8res.<\/p>\n<p>Pr\u00eat \u00e0 commencer \u00e0 chatter ? T\u00e9l\u00e9chargez Azar pour iOS ou Android, d\u00e9finissez vos pr\u00e9f\u00e9rences et explorez le monde - une conversation en face \u00e0 face \u00e0 la fois.<\/p>","protected":false},"excerpt":{"rendered":"<p>In a world that feels more connected than ever yet still divided by language, culture, and distance, Azar stands out as a platform that truly bridges those gaps. This popular mobile app blends random video chat, social discovery, and real-time translation into a seamless experience, making it one of the most powerful tools for meeting [&hellip;]<\/p>\n","protected":false},"author":6,"featured_media":0,"parent":0,"menu_order":0,"comment_status":"closed","ping_status":"closed","template":"","meta":{"footnotes":""},"class_list":["post-980","page","type-page","status-publish","hentry"],"yoast_head":"<!-- This site is optimized with the Yoast SEO plugin v27.6 - https:\/\/yoast.com\/product\/yoast-seo-wordpress\/ -->\n<title>Azar - Alternative to OmeTV &amp; Monkey App - TinyChat.com<\/title>\n<meta name=\"description\" content=\"Enjoying Azar? Join over 50,000,000 strangers on TinyChat! Turn on your cam and start meeting new people, or find a match.\" \/>\n<meta name=\"robots\" content=\"index, follow, max-snippet:-1, max-image-preview:large, max-video-preview:-1\" \/>\n<link rel=\"canonical\" href=\"https:\/\/tinychat.com\/fr\/azar\/\" \/>\n<meta property=\"og:locale\" content=\"fr_FR\" \/>\n<meta property=\"og:type\" content=\"article\" \/>\n<meta property=\"og:title\" content=\"Azar - Alternative to OmeTV &amp; Monkey App - TinyChat.com\" \/>\n<meta property=\"og:description\" content=\"Enjoying Azar? Join over 50,000,000 strangers on TinyChat! Turn on your cam and start meeting new people, or find a match.\" \/>\n<meta property=\"og:url\" content=\"https:\/\/tinychat.com\/fr\/azar\/\" \/>\n<meta property=\"og:site_name\" content=\"TinyChat\" \/>\n<meta property=\"article:publisher\" content=\"https:\/\/www.facebook.com\/tinychat\" \/>\n<meta property=\"article:modified_time\" content=\"2025-08-11T07:12:11+00:00\" \/>\n<meta property=\"og:image\" content=\"https:\/\/tinychat.com\/wp-content\/uploads\/2020\/04\/Tinychat-logo-1280x284-new-black.png\" \/>\n\t<meta property=\"og:image:width\" content=\"1280\" \/>\n\t<meta property=\"og:image:height\" content=\"284\" \/>\n\t<meta property=\"og:image:type\" content=\"image\/png\" \/>\n<meta name=\"twitter:card\" content=\"summary_large_image\" \/>\n<meta name=\"twitter:site\" content=\"@tinychat\" \/>\n<meta name=\"twitter:label1\" content=\"Dur\u00e9e de lecture estim\u00e9e\" \/>\n\t<meta name=\"twitter:data1\" content=\"5 minutes\" \/>\n<script type=\"application\/ld+json\" class=\"yoast-schema-graph\">{\"@context\":\"https:\\\/\\\/schema.org\",\"@graph\":[{\"@type\":\"WebPage\",\"@id\":\"https:\\\/\\\/tinychat.com\\\/azar\\\/\",\"url\":\"https:\\\/\\\/tinychat.com\\\/azar\\\/\",\"name\":\"Azar - Alternative to OmeTV & Monkey App - TinyChat.com\",\"isPartOf\":{\"@id\":\"https:\\\/\\\/tinychat.com\\\/#website\"},\"datePublished\":\"2025-08-11T07:06:16+00:00\",\"dateModified\":\"2025-08-11T07:12:11+00:00\",\"description\":\"Enjoying Azar? Join over 50,000,000 strangers on TinyChat! Turn on your cam and start meeting new people, or find a match.\",\"breadcrumb\":{\"@id\":\"https:\\\/\\\/tinychat.com\\\/azar\\\/#breadcrumb\"},\"inLanguage\":\"fr-FR\",\"potentialAction\":[{\"@type\":\"ReadAction\",\"target\":[\"https:\\\/\\\/tinychat.com\\\/azar\\\/\"]}]},{\"@type\":\"BreadcrumbList\",\"@id\":\"https:\\\/\\\/tinychat.com\\\/azar\\\/#breadcrumb\",\"itemListElement\":[{\"@type\":\"ListItem\",\"position\":1,\"name\":\"Home\",\"item\":\"https:\\\/\\\/tinychat.com\\\/\"},{\"@type\":\"ListItem\",\"position\":2,\"name\":\"Azar\"}]},{\"@type\":\"WebSite\",\"@id\":\"https:\\\/\\\/tinychat.com\\\/#website\",\"url\":\"https:\\\/\\\/tinychat.com\\\/\",\"name\":\"TinyChat\",\"description\":\"Random Video Chat with Strangers\",\"publisher\":{\"@id\":\"https:\\\/\\\/tinychat.com\\\/#organization\"},\"alternateName\":\"TinyChat.com\",\"potentialAction\":[{\"@type\":\"SearchAction\",\"target\":{\"@type\":\"EntryPoint\",\"urlTemplate\":\"https:\\\/\\\/tinychat.com\\\/?s={search_term_string}\"},\"query-input\":{\"@type\":\"PropertyValueSpecification\",\"valueRequired\":true,\"valueName\":\"search_term_string\"}}],\"inLanguage\":\"fr-FR\"},{\"@type\":\"Organization\",\"@id\":\"https:\\\/\\\/tinychat.com\\\/#organization\",\"name\":\"TinyChat\",\"alternateName\":\"TinyChat.com\",\"url\":\"https:\\\/\\\/tinychat.com\\\/\",\"logo\":{\"@type\":\"ImageObject\",\"inLanguage\":\"fr-FR\",\"@id\":\"https:\\\/\\\/tinychat.com\\\/#\\\/schema\\\/logo\\\/image\\\/\",\"url\":\"https:\\\/\\\/tinychat.com\\\/wp-content\\\/uploads\\\/2023\\\/11\\\/Tinychat-icon-square.png\",\"contentUrl\":\"https:\\\/\\\/tinychat.com\\\/wp-content\\\/uploads\\\/2023\\\/11\\\/Tinychat-icon-square.png\",\"width\":284,\"height\":284,\"caption\":\"TinyChat\"},\"image\":{\"@id\":\"https:\\\/\\\/tinychat.com\\\/#\\\/schema\\\/logo\\\/image\\\/\"},\"sameAs\":[\"https:\\\/\\\/www.facebook.com\\\/tinychat\",\"https:\\\/\\\/x.com\\\/tinychat\"]}]}<\/script>\n<!-- \/ Yoast SEO plugin. -->","yoast_head_json":{"title":"Azar - Alternative \u00e0 OmeTV &amp; Monkey App - TinyChat.com","description":"Vous appr\u00e9ciez Azar ? Rejoignez plus de 50 000 000 d'inconnus sur TinyChat ! Allumez votre cam\u00e9ra et commencez \u00e0 rencontrer de nouvelles personnes, ou trouvez un partenaire.","robots":{"index":"index","follow":"follow","max-snippet":"max-snippet:-1","max-image-preview":"max-image-preview:large","max-video-preview":"max-video-preview:-1"},"canonical":"https:\/\/tinychat.com\/fr\/azar\/","og_locale":"fr_FR","og_type":"article","og_title":"Azar - Alternative to OmeTV & Monkey App - TinyChat.com","og_description":"Enjoying Azar? Join over 50,000,000 strangers on TinyChat! Turn on your cam and start meeting new people, or find a match.","og_url":"https:\/\/tinychat.com\/fr\/azar\/","og_site_name":"TinyChat","article_publisher":"https:\/\/www.facebook.com\/tinychat","article_modified_time":"2025-08-11T07:12:11+00:00","og_image":[{"width":1280,"height":284,"url":"https:\/\/tinychat.com\/wp-content\/uploads\/2020\/04\/Tinychat-logo-1280x284-new-black.png","type":"image\/png"}],"twitter_card":"summary_large_image","twitter_site":"@tinychat","twitter_misc":{"Dur\u00e9e de lecture estim\u00e9e":"5 minutes"},"schema":{"@context":"https:\/\/schema.org","@graph":[{"@type":"WebPage","@id":"https:\/\/tinychat.com\/azar\/","url":"https:\/\/tinychat.com\/azar\/","name":"Azar - Alternative \u00e0 OmeTV &amp; Monkey App - TinyChat.com","isPartOf":{"@id":"https:\/\/tinychat.com\/#website"},"datePublished":"2025-08-11T07:06:16+00:00","dateModified":"2025-08-11T07:12:11+00:00","description":"Vous appr\u00e9ciez Azar ? Rejoignez plus de 50 000 000 d'inconnus sur TinyChat ! Allumez votre cam\u00e9ra et commencez \u00e0 rencontrer de nouvelles personnes, ou trouvez un partenaire.","breadcrumb":{"@id":"https:\/\/tinychat.com\/azar\/#breadcrumb"},"inLanguage":"fr-FR","potentialAction":[{"@type":"ReadAction","target":["https:\/\/tinychat.com\/azar\/"]}]},{"@type":"BreadcrumbList","@id":"https:\/\/tinychat.com\/azar\/#breadcrumb","itemListElement":[{"@type":"ListItem","position":1,"name":"Home","item":"https:\/\/tinychat.com\/"},{"@type":"ListItem","position":2,"name":"Azar"}]},{"@type":"WebSite","@id":"https:\/\/tinychat.com\/#website","url":"https:\/\/tinychat.com\/","name":"TinyChat","description":"Chat vid\u00e9o al\u00e9atoire avec des inconnus","publisher":{"@id":"https:\/\/tinychat.com\/#organization"},"alternateName":"TinyChat.com","potentialAction":[{"@type":"SearchAction","target":{"@type":"EntryPoint","urlTemplate":"https:\/\/tinychat.com\/?s={search_term_string}"},"query-input":{"@type":"PropertyValueSpecification","valueRequired":true,"valueName":"search_term_string"}}],"inLanguage":"fr-FR"},{"@type":"Organization","@id":"https:\/\/tinychat.com\/#organization","name":"TinyChat","alternateName":"TinyChat.com","url":"https:\/\/tinychat.com\/","logo":{"@type":"ImageObject","inLanguage":"fr-FR","@id":"https:\/\/tinychat.com\/#\/schema\/logo\/image\/","url":"https:\/\/tinychat.com\/wp-content\/uploads\/2023\/11\/Tinychat-icon-square.png","contentUrl":"https:\/\/tinychat.com\/wp-content\/uploads\/2023\/11\/Tinychat-icon-square.png","width":284,"height":284,"caption":"TinyChat"},"image":{"@id":"https:\/\/tinychat.com\/#\/schema\/logo\/image\/"},"sameAs":["https:\/\/www.facebook.com\/tinychat","https:\/\/x.com\/tinychat"]}]}},"_links":{"self":[{"href":"https:\/\/tinychat.com\/fr\/wp-json\/wp\/v2\/pages\/980","targetHints":{"allow":["GET"]}}],"collection":[{"href":"https:\/\/tinychat.com\/fr\/wp-json\/wp\/v2\/pages"}],"about":[{"href":"https:\/\/tinychat.com\/fr\/wp-json\/wp\/v2\/types\/page"}],"author":[{"embeddable":true,"href":"https:\/\/tinychat.com\/fr\/wp-json\/wp\/v2\/users\/6"}],"replies":[{"embeddable":true,"href":"https:\/\/tinychat.com\/fr\/wp-json\/wp\/v2\/comments?post=980"}],"version-history":[{"count":4,"href":"https:\/\/tinychat.com\/fr\/wp-json\/wp\/v2\/pages\/980\/revisions"}],"predecessor-version":[{"id":13425,"href":"https:\/\/tinychat.com\/fr\/wp-json\/wp\/v2\/pages\/980\/revisions\/13425"}],"wp:attachment":[{"href":"https:\/\/tinychat.com\/fr\/wp-json\/wp\/v2\/media?parent=980"}],"curies":[{"name":"wp","href":"https:\/\/api.w.org\/{rel}","templated":true}]}}