{"id":9827,"date":"2022-03-01T17:29:57","date_gmt":"2022-03-01T15:29:57","guid":{"rendered":"https:\/\/tinychat.com\/?page_id=9827"},"modified":"2025-08-06T10:57:28","modified_gmt":"2025-08-06T08:57:28","slug":"2257-compliance-statement","status":"publish","type":"page","link":"https:\/\/tinychat.com\/fr\/2257-compliance-statement\/","title":{"rendered":"D\u00e9claration de conformit\u00e9 2257"},"content":{"rendered":"<p>Conform\u00e9ment \u00e0 la loi am\u00e9ricaine 18 U.S.C. Section 2257 (Child Protection and Obscenity Enforcement Act of 1988) et \u00e0 d'autres lois internationales pertinentes, tous les mod\u00e8les ou individus figurant sur les plateformes ou services li\u00e9s ou r\u00e9f\u00e9renc\u00e9s par TinyChat.com sont, \u00e0 notre connaissance, \u00e2g\u00e9s d'au moins 18 ans.<\/p>\n<h2>Relations avec les affili\u00e9s<\/h2>\n<p>TinyChat.com ne poss\u00e8de pas, n'exploite pas et ne contr\u00f4le pas les plateformes ou services de webcam ou de chat vid\u00e9o affich\u00e9s, mentionn\u00e9s ou li\u00e9s \u00e0 ce site Web. TinyChat.com fonctionne uniquement comme une plateforme d'affiliation et d'\u00e9valuation. Nous n'engageons pas, ne g\u00e9rons pas, ne contractons pas ou n'organisons pas de projets, d'\u00e9v\u00e9nements ou d'activit\u00e9s impliquant des mannequins ou des artistes. Le respect de la section 2257 du 18 U.S.C., y compris toutes les obligations en mati\u00e8re de documentation, de v\u00e9rification de l'\u00e2ge et de tenue de registres, rel\u00e8ve de la responsabilit\u00e9 exclusive de nos partenaires affili\u00e9s et des op\u00e9rateurs de services tiers.<\/p>\n<h2>Contenu de tiers<\/h2>\n<p>TinyChat.com ne cr\u00e9e pas, n'h\u00e9berge pas et ne g\u00e8re pas le contenu pr\u00e9sent\u00e9 sur les sites de tiers li\u00e9s \u00e0 notre plateforme. Tout le contenu g\u00e9n\u00e9r\u00e9 par les utilisateurs, les performances des mod\u00e8les et autres mat\u00e9riaux disponibles sur ces plateformes externes sont g\u00e9r\u00e9s et contr\u00f4l\u00e9s par les op\u00e9rateurs des sites respectifs, et non par TinyChat.com.<\/p>\n<p>Notre r\u00f4le est limit\u00e9 \u00e0 l'examen, \u00e0 la recommandation et \u00e0 la fourniture de liens d'affiliation vers des services externes. Tout utilisateur qui s'inscrit ou utilise des services par le biais de liens trouv\u00e9s sur TinyChat.com le fait directement et ind\u00e9pendamment sur les plateformes tierces respectives, sans aucune implication ou participation de TinyChat.com ou de son personnel.<\/p>\n<h2>Mod\u00e9ration du contenu et normes<\/h2>\n<p>TinyChat.com ne soutient ni n'approuve la cr\u00e9ation ou la distribution de contenu obsc\u00e8ne. Nous nous r\u00e9servons le droit de supprimer tout lien ou r\u00e9f\u00e9rence \u00e0 un contenu externe que nous jugeons, \u00e0 notre discr\u00e9tion, clairement obsc\u00e8ne, ind\u00e9cent ou diffamatoire.<\/p>\n<h2>Contenu produit par TinyChat.com<\/h2>\n<p>Tout contenu cr\u00e9\u00e9 ou publi\u00e9 directement par TinyChat.com ou ses repr\u00e9sentants n'est pas de nature \u00e9rotique ou pornographique et n'est donc pas soumis \u00e0 la loi am\u00e9ricaine 18 U.S.C. Section 2257.<\/p>\n<h2>Stockage et conformit\u00e9 des documents<\/h2>\n<p>Tous les documents et enregistrements requis par la loi am\u00e9ricaine 18 U.S.C. Section 2257 sont conserv\u00e9s par nos partenaires affili\u00e9s et les op\u00e9rateurs des plateformes tierces vers lesquelles nous \u00e9tablissons des liens. TinyChat.com ne recueille pas, ne stocke pas et ne conserve pas de dossiers de conformit\u00e9 2257, car nous ne produisons pas et n'exploitons pas de contenu n\u00e9cessitant une telle conformit\u00e9.<\/p>\n<p>Si vous avez des questions ou des pr\u00e9occupations concernant la v\u00e9rification de l'\u00e2ge ou la conformit\u00e9, veuillez contacter directement les op\u00e9rateurs de plateformes tierces concern\u00e9s.<\/p>","protected":false},"excerpt":{"rendered":"<p>In accordance with US law 18 U.S.C. Section 2257 (Child Protection and Obscenity Enforcement Act of 1988) and other relevant international laws, all models or individuals featured on platforms or services linked to or referenced by TinyChat.com are, to the best of our knowledge, at least 18 years old. Affiliate Relationship TinyChat.com does not own, [&hellip;]<\/p>\n","protected":false},"author":1,"featured_media":0,"parent":0,"menu_order":0,"comment_status":"closed","ping_status":"closed","template":"","meta":{"footnotes":""},"class_list":["post-9827","page","type-page","status-publish","hentry"],"yoast_head":"<!-- This site is optimized with the Yoast SEO plugin v27.3 - https:\/\/yoast.com\/product\/yoast-seo-wordpress\/ -->\n<title>2257 Compliance Statement - TinyChat<\/title>\n<meta name=\"robots\" content=\"index, follow, max-snippet:-1, max-image-preview:large, max-video-preview:-1\" \/>\n<link rel=\"canonical\" href=\"https:\/\/tinychat.com\/fr\/2257-compliance-statement\/\" \/>\n<meta property=\"og:locale\" content=\"fr_FR\" \/>\n<meta property=\"og:type\" content=\"article\" \/>\n<meta property=\"og:title\" content=\"2257 Compliance Statement - TinyChat\" \/>\n<meta property=\"og:description\" content=\"In accordance with US law 18 U.S.C. Section 2257 (Child Protection and Obscenity Enforcement Act of 1988) and other relevant international laws, all models or individuals featured on platforms or services linked to or referenced by TinyChat.com are, to the best of our knowledge, at least 18 years old. Affiliate Relationship TinyChat.com does not own, [&hellip;]\" \/>\n<meta property=\"og:url\" content=\"https:\/\/tinychat.com\/fr\/2257-compliance-statement\/\" \/>\n<meta property=\"og:site_name\" content=\"TinyChat\" \/>\n<meta property=\"article:publisher\" content=\"https:\/\/www.facebook.com\/tinychat\" \/>\n<meta property=\"article:modified_time\" content=\"2025-08-06T08:57:28+00:00\" \/>\n<meta property=\"og:image\" content=\"https:\/\/tinychat.com\/wp-content\/uploads\/2020\/04\/Tinychat-logo-1280x284-new-black.png\" \/>\n\t<meta property=\"og:image:width\" content=\"1280\" \/>\n\t<meta property=\"og:image:height\" content=\"284\" \/>\n\t<meta property=\"og:image:type\" content=\"image\/png\" \/>\n<meta name=\"twitter:card\" content=\"summary_large_image\" \/>\n<meta name=\"twitter:site\" content=\"@tinychat\" \/>\n<meta name=\"twitter:label1\" content=\"Dur\u00e9e de lecture estim\u00e9e\" \/>\n\t<meta name=\"twitter:data1\" content=\"2 minutes\" \/>\n<script type=\"application\/ld+json\" class=\"yoast-schema-graph\">{\"@context\":\"https:\\\/\\\/schema.org\",\"@graph\":[{\"@type\":\"WebPage\",\"@id\":\"https:\\\/\\\/tinychat.com\\\/2257-compliance-statement\\\/\",\"url\":\"https:\\\/\\\/tinychat.com\\\/2257-compliance-statement\\\/\",\"name\":\"2257 Compliance Statement - TinyChat\",\"isPartOf\":{\"@id\":\"https:\\\/\\\/tinychat.com\\\/#website\"},\"datePublished\":\"2022-03-01T15:29:57+00:00\",\"dateModified\":\"2025-08-06T08:57:28+00:00\",\"breadcrumb\":{\"@id\":\"https:\\\/\\\/tinychat.com\\\/2257-compliance-statement\\\/#breadcrumb\"},\"inLanguage\":\"fr-FR\",\"potentialAction\":[{\"@type\":\"ReadAction\",\"target\":[\"https:\\\/\\\/tinychat.com\\\/2257-compliance-statement\\\/\"]}]},{\"@type\":\"BreadcrumbList\",\"@id\":\"https:\\\/\\\/tinychat.com\\\/2257-compliance-statement\\\/#breadcrumb\",\"itemListElement\":[{\"@type\":\"ListItem\",\"position\":1,\"name\":\"Home\",\"item\":\"https:\\\/\\\/tinychat.com\\\/\"},{\"@type\":\"ListItem\",\"position\":2,\"name\":\"2257 Compliance Statement\"}]},{\"@type\":\"WebSite\",\"@id\":\"https:\\\/\\\/tinychat.com\\\/#website\",\"url\":\"https:\\\/\\\/tinychat.com\\\/\",\"name\":\"TinyChat\",\"description\":\"Random Video Chat with Strangers\",\"publisher\":{\"@id\":\"https:\\\/\\\/tinychat.com\\\/#organization\"},\"alternateName\":\"TinyChat.com\",\"potentialAction\":[{\"@type\":\"SearchAction\",\"target\":{\"@type\":\"EntryPoint\",\"urlTemplate\":\"https:\\\/\\\/tinychat.com\\\/?s={search_term_string}\"},\"query-input\":{\"@type\":\"PropertyValueSpecification\",\"valueRequired\":true,\"valueName\":\"search_term_string\"}}],\"inLanguage\":\"fr-FR\"},{\"@type\":\"Organization\",\"@id\":\"https:\\\/\\\/tinychat.com\\\/#organization\",\"name\":\"TinyChat\",\"alternateName\":\"TinyChat.com\",\"url\":\"https:\\\/\\\/tinychat.com\\\/\",\"logo\":{\"@type\":\"ImageObject\",\"inLanguage\":\"fr-FR\",\"@id\":\"https:\\\/\\\/tinychat.com\\\/#\\\/schema\\\/logo\\\/image\\\/\",\"url\":\"https:\\\/\\\/tinychat.com\\\/wp-content\\\/uploads\\\/2023\\\/11\\\/Tinychat-icon-square.png\",\"contentUrl\":\"https:\\\/\\\/tinychat.com\\\/wp-content\\\/uploads\\\/2023\\\/11\\\/Tinychat-icon-square.png\",\"width\":284,\"height\":284,\"caption\":\"TinyChat\"},\"image\":{\"@id\":\"https:\\\/\\\/tinychat.com\\\/#\\\/schema\\\/logo\\\/image\\\/\"},\"sameAs\":[\"https:\\\/\\\/www.facebook.com\\\/tinychat\",\"https:\\\/\\\/x.com\\\/tinychat\"]}]}<\/script>\n<!-- \/ Yoast SEO plugin. -->","yoast_head_json":{"title":"2257 D\u00e9claration de conformit\u00e9 - TinyChat","robots":{"index":"index","follow":"follow","max-snippet":"max-snippet:-1","max-image-preview":"max-image-preview:large","max-video-preview":"max-video-preview:-1"},"canonical":"https:\/\/tinychat.com\/fr\/2257-compliance-statement\/","og_locale":"fr_FR","og_type":"article","og_title":"2257 Compliance Statement - TinyChat","og_description":"In accordance with US law 18 U.S.C. Section 2257 (Child Protection and Obscenity Enforcement Act of 1988) and other relevant international laws, all models or individuals featured on platforms or services linked to or referenced by TinyChat.com are, to the best of our knowledge, at least 18 years old. Affiliate Relationship TinyChat.com does not own, [&hellip;]","og_url":"https:\/\/tinychat.com\/fr\/2257-compliance-statement\/","og_site_name":"TinyChat","article_publisher":"https:\/\/www.facebook.com\/tinychat","article_modified_time":"2025-08-06T08:57:28+00:00","og_image":[{"width":1280,"height":284,"url":"https:\/\/tinychat.com\/wp-content\/uploads\/2020\/04\/Tinychat-logo-1280x284-new-black.png","type":"image\/png"}],"twitter_card":"summary_large_image","twitter_site":"@tinychat","twitter_misc":{"Dur\u00e9e de lecture estim\u00e9e":"2 minutes"},"schema":{"@context":"https:\/\/schema.org","@graph":[{"@type":"WebPage","@id":"https:\/\/tinychat.com\/2257-compliance-statement\/","url":"https:\/\/tinychat.com\/2257-compliance-statement\/","name":"2257 D\u00e9claration de conformit\u00e9 - TinyChat","isPartOf":{"@id":"https:\/\/tinychat.com\/#website"},"datePublished":"2022-03-01T15:29:57+00:00","dateModified":"2025-08-06T08:57:28+00:00","breadcrumb":{"@id":"https:\/\/tinychat.com\/2257-compliance-statement\/#breadcrumb"},"inLanguage":"fr-FR","potentialAction":[{"@type":"ReadAction","target":["https:\/\/tinychat.com\/2257-compliance-statement\/"]}]},{"@type":"BreadcrumbList","@id":"https:\/\/tinychat.com\/2257-compliance-statement\/#breadcrumb","itemListElement":[{"@type":"ListItem","position":1,"name":"Home","item":"https:\/\/tinychat.com\/"},{"@type":"ListItem","position":2,"name":"2257 Compliance Statement"}]},{"@type":"WebSite","@id":"https:\/\/tinychat.com\/#website","url":"https:\/\/tinychat.com\/","name":"TinyChat","description":"Chat vid\u00e9o al\u00e9atoire avec des inconnus","publisher":{"@id":"https:\/\/tinychat.com\/#organization"},"alternateName":"TinyChat.com","potentialAction":[{"@type":"SearchAction","target":{"@type":"EntryPoint","urlTemplate":"https:\/\/tinychat.com\/?s={search_term_string}"},"query-input":{"@type":"PropertyValueSpecification","valueRequired":true,"valueName":"search_term_string"}}],"inLanguage":"fr-FR"},{"@type":"Organization","@id":"https:\/\/tinychat.com\/#organization","name":"TinyChat","alternateName":"TinyChat.com","url":"https:\/\/tinychat.com\/","logo":{"@type":"ImageObject","inLanguage":"fr-FR","@id":"https:\/\/tinychat.com\/#\/schema\/logo\/image\/","url":"https:\/\/tinychat.com\/wp-content\/uploads\/2023\/11\/Tinychat-icon-square.png","contentUrl":"https:\/\/tinychat.com\/wp-content\/uploads\/2023\/11\/Tinychat-icon-square.png","width":284,"height":284,"caption":"TinyChat"},"image":{"@id":"https:\/\/tinychat.com\/#\/schema\/logo\/image\/"},"sameAs":["https:\/\/www.facebook.com\/tinychat","https:\/\/x.com\/tinychat"]}]}},"_links":{"self":[{"href":"https:\/\/tinychat.com\/fr\/wp-json\/wp\/v2\/pages\/9827","targetHints":{"allow":["GET"]}}],"collection":[{"href":"https:\/\/tinychat.com\/fr\/wp-json\/wp\/v2\/pages"}],"about":[{"href":"https:\/\/tinychat.com\/fr\/wp-json\/wp\/v2\/types\/page"}],"author":[{"embeddable":true,"href":"https:\/\/tinychat.com\/fr\/wp-json\/wp\/v2\/users\/1"}],"replies":[{"embeddable":true,"href":"https:\/\/tinychat.com\/fr\/wp-json\/wp\/v2\/comments?post=9827"}],"version-history":[{"count":3,"href":"https:\/\/tinychat.com\/fr\/wp-json\/wp\/v2\/pages\/9827\/revisions"}],"predecessor-version":[{"id":13395,"href":"https:\/\/tinychat.com\/fr\/wp-json\/wp\/v2\/pages\/9827\/revisions\/13395"}],"wp:attachment":[{"href":"https:\/\/tinychat.com\/fr\/wp-json\/wp\/v2\/media?parent=9827"}],"curies":[{"name":"wp","href":"https:\/\/api.w.org\/{rel}","templated":true}]}}