{"id":10047,"date":"2025-07-07T17:54:47","date_gmt":"2025-07-07T15:54:47","guid":{"rendered":"https:\/\/tinychat.com\/?page_id=10047"},"modified":"2025-07-07T18:49:48","modified_gmt":"2025-07-07T16:49:48","slug":"livu","status":"publish","type":"page","link":"https:\/\/tinychat.com\/it\/livu\/","title":{"rendered":"Livu"},"content":{"rendered":"<p>In un'era digitale satura di social network, profili curati e scrolling infinito, a volte tutto ci\u00f2 che si desidera \u00e8 una conversazione spontanea e reale con qualcuno che non si \u00e8 mai incontrato. Questa \u00e8 la promessa di LivU, un'applicazione di video chat casuale di nuova generazione che vi mette istantaneamente in contatto con sconosciuti in tutto il mondo per divertirvi, ridere e forse anche per stringere amicizia o amore. Se state cercando di espandere i vostri orizzonti, trovare un compagno di studi, praticare una lingua o semplicemente passare il tempo, LivU rende l'incontro con nuove persone veloce, sicuro e genuinamente eccitante.<\/p>\n<p>Lanciata inizialmente come piattaforma mobile, LivU (a volte chiamata LiveU) vanta oggi milioni di utenti in oltre 200 Paesi, ottenendo recensioni entusiastiche per la sua interfaccia elegante, il potente motore di matching e l'impegno per la sicurezza della comunit\u00e0. In questo articolo approfondito, esploreremo tutto ci\u00f2 che LivU ha da offrire: come funziona, le sue caratteristiche principali, l'esperienza dell'utente, la sicurezza, il confronto con i concorrenti e i consigli essenziali per sfruttare al meglio ogni chat.<\/p>\n<h2>Che cos'\u00e8 LivU?<\/h2>\n<p>LivU \u00e8 un'applicazione mobile gratuita che consente di effettuare videochat, chat di testo e chiamate in diretta con sconosciuti in tutto il mondo. Consideratela come un passaporto digitale: aprite l'app, toccate un pulsante e vi connetterete immediatamente con una nuova persona da qualche parte nel mondo, faccia a faccia attraverso la vostra fotocamera e il vostro microfono.<\/p>\n<p>Con i suoi inizi in Asia e la sua rapida espansione a livello globale, LivU serve oggi un pubblico vasto e diversificato che spazia tra Nord America, Europa, Medio Oriente, Sud America e oltre. Ci\u00f2 che distingue LivU \u00e8 la sua attenzione per le conversazioni genuine, sicure e divertenti, supportate da moderazione avanzata, funzioni di traduzione e filtri personalizzabili.<\/p>\n<p>Se volete fare nuove amicizie, conoscere culture diverse o semplicemente uscire dalla vostra bolla sociale, LivU \u00e8 progettato per trasformare ogni incontro in un momento memorabile.<\/p>\n<h2>Caratteristiche principali di LivU<\/h2>\n<p>LivU riunisce le migliori caratteristiche delle app di video chat casuali con potenti extra per garantire sicurezza, divertimento e connessioni significative:<\/p>\n<h3>1. Chat video casuale istantanea<\/h3>\n<p>La caratteristica principale di LivU \u00e8 la chat video casuale con un solo tocco. Si apre l'app, si concede l'accesso alla fotocamera e al microfono e si viene abbinati a uno sconosciuto per una chat faccia a faccia. Se non si \u00e8 in sintonia con l'interlocutore, basta scorrere il dito o toccare \"Next\" per un nuovo incontro.<\/p>\n<h3>2. Filtri per genere e regione<\/h3>\n<p>Vuoi chattare solo con donne o incontrare persone provenienti da un paese specifico? LivU offre filtri avanzati (alcuni gratuiti, altri premium) per selezionare il sesso o la regione del vostro incontro. Perfetto per praticare una lingua, trovare amici locali o cercare connessioni internazionali.<\/p>\n<h3>3. Traduzione del testo in tempo reale<\/h3>\n<p>Rompete le barriere linguistiche! La traduzione in-app di LivU consente di chattare comodamente con utenti di altri Paesi, traducendo automaticamente i messaggi in tempo reale. In questo modo, le amicizie globali e gli scambi linguistici sono senza soluzione di continuit\u00e0.<\/p>\n<h3>4. Maschere AR e filtri video<\/h3>\n<p>Aggiungete un tocco giocoso alle vostre chiamate con maschere facciali AR, adesivi e filtri video in tempo reale. Questi effetti non sono solo divertenti, ma aiutano anche a sentirsi pi\u00f9 a proprio agio davanti alla telecamera, soprattutto se si \u00e8 alle prime armi con le chat video.<\/p>\n<h3>5. Chat di testo e immagini<\/h3>\n<p>Preferite iniziare con il testo? LivU vi permette di passare alla chat di testo in qualsiasi momento, e potete anche inviare foto o emoji (tutti soggetti a moderazione per sicurezza).<\/p>\n<h3>6. Cronologia delle partite e sistema degli amici<\/h3>\n<p>Hai trovato qualcuno con cui vorresti parlare di nuovo? Aggiungetelo come amico, inviategli dei regali o trovatelo nella cronologia degli incontri per le future chat.<\/p>\n<h3>7. Regali per videochiamate e valuta in-app<\/h3>\n<p>LivU include un sistema di regali virtuali e monete in-app. I regali sono un modo divertente per rompere il ghiaccio, mostrare apprezzamento o distinguersi dalla massa.<\/p>\n<h3>8. Moderazione e controlli di sicurezza<\/h3>\n<p>LivU d\u00e0 priorit\u00e0 alla sicurezza della comunit\u00e0 con:<\/p>\n<ul>\n<li>Moderazione dei contenuti basata sull'intelligenza artificiale<\/li>\n<li>Moderatori umani 24\/7<\/li>\n<li>Funzioni di report e blocco rapido<\/li>\n<li>Consigli per una chat sicura e linee guida sulla privacy<\/li>\n<\/ul>\n<h3>9. Personalizzazione del profilo<\/h3>\n<p>Gli utenti registrati possono creare un profilo dettagliato con foto, biografia, interessi e altro ancora, per aiutare gli altri a conoscervi meglio e creare connessioni pi\u00f9 significative.<\/p>\n<h3>10. Design mobile-first<\/h3>\n<p>LivU \u00e8 costruito per Android e iOS, con un'interfaccia veloce e moderna ottimizzata per telefoni e tablet. Non \u00e8 necessaria una versione desktop.<\/p>\n<h2>Come utilizzare LivU<\/h2>\n<p>Iniziare a lavorare su LivU \u00e8 facile e veloce:<\/p>\n<h3>Passo 1: Scaricare e installare l'applicazione<\/h3>\n<p>Cercare LivU su App Store (iOS) o Google Play (Android) e installare l'applicazione.<\/p>\n<h3>Fase 2: Registrazione o accesso<\/h3>\n<p>\u00c8 possibile utilizzare LivU come ospite per la videochiamata istantanea, ma l'iscrizione (con telefono, e-mail o login sociale) sblocca altre funzioni come la gestione degli amici, la personalizzazione del profilo e l'invio di regali.<\/p>\n<h3>Fase 3: concedere l'accesso a telecamera, microfono e posizione<\/h3>\n<p>LivU richieder\u00e0 le autorizzazioni per video e audio. \u00c8 inoltre possibile attivare la localizzazione per una corrispondenza pi\u00f9 accurata tra le regioni (opzionale).<\/p>\n<h3>Fase 4: Impostazione di filtri e preferenze<\/h3>\n<p>Scegliere i filtri di genere o di paese (facoltativi, alcuni possono richiedere monete o un abbonamento premium).<\/p>\n<h3>Fase 5: Iniziare a chattare<\/h3>\n<p>Toccare \"Avvia\" o \"Vai in diretta\" per iniziare l'avventura della chat video casuale. \u00c8 possibile passare dalla chat video a quella di testo in qualsiasi momento.<\/p>\n<h3>Fase 6: Utilizzare regali, adesivi e traduzione<\/h3>\n<p>Migliorate la vostra chat con effetti AR, regali o traduzioni in tempo reale, se necessario.<\/p>\n<h3>Passo 7: Aggiungere amici o riconnettersi<\/h3>\n<p>Se vi trovate bene, aggiungete il vostro interlocutore come amico o utilizzate la cronologia degli incontri per riconnettervi in seguito.<\/p>\n<h2>Esperienza utente su LivU<\/h2>\n<p>LivU \u00e8 stato progettato per garantire velocit\u00e0, sicurezza e puro divertimento, offrendo agli utenti uno spazio vivace e amichevole per creare nuove connessioni.<\/p>\n<h3>Cosa amano gli utenti<\/h3>\n<ul>\n<li>\u2705 Video chat istantanea: nessuna attesa, nessuna registrazione per l'uso di base.<\/li>\n<li>\u2705 Base di utenti globale - milioni di persone online in qualsiasi momento<\/li>\n<li>Filtri: facile da collegare in base al sesso, alla lingua o all'ubicazione.<\/li>\n<li>\u2705 Strumenti di traduzione per chattare in tutte le lingue, senza alcuno sforzo<\/li>\n<li>\u2705 Effetti AR creativi - rompicapo per utenti timidi<\/li>\n<li>\u2705 Sistema di amicizie e abbinamenti: creare legami reali e duraturi<\/li>\n<li>\u2705 Sicuro e moderato: l'IA e gli umani mantengono le cose pulite<\/li>\n<\/ul>\n<h3>Dove LivU potrebbe migliorare<\/h3>\n<ul>\n<li>Alcuni filtri e funzioni richiedono monete o un abbonamento premium.<\/li>\n<li>\u274c Utenti occasionalmente inappropriati (utilizzare gli strumenti di blocco\/segnalazione)<\/li>\n<li>\u274c Crea dipendenza: \u00e8 facile passare ore e ore a chattare!<\/li>\n<li>\u274c Nessuna versione desktop\/web<\/li>\n<li>La versione gratuita ha annunci e limitazioni di gettoni.<\/li>\n<\/ul>\n<h3>Recensioni di utenti reali<\/h3>\n<blockquote><p>\"Ho fatto amicizia in quattro paesi e ho migliorato il mio inglese. La traduzione funziona davvero bene!\".<br \/>\n- <em>Daniel R., Recensione Google Play<\/em><\/p><\/blockquote>\n<blockquote><p>\"Le maschere AR rendono meno imbarazzanti le persone timide. Il sistema di amicizie mi permette di continuare a parlare con le persone pi\u00f9 simpatiche\".<br \/>\n- <em>Sophie L., App Store<\/em><\/p><\/blockquote>\n<blockquote><p>\"\u00c8 sicuro, divertente e facile da usare. Il filtro di genere \u00e8 ottimo, ma se si vuole un uso illimitato costa dei soldi\".<br \/>\n- <em>Ahmed T., Trustpilot<\/em><\/p><\/blockquote>\n<h2>LivU vs Altre applicazioni di chat video casuali<\/h2>\n<p>Come si colloca LivU rispetto alle principali piattaforme di video chat del mondo?<\/p>\n<table>\n<thead>\n<tr>\n<th>Caratteristica<\/th>\n<th>LivU<\/th>\n<th>HOLLA<\/th>\n<th>Omegle<\/th>\n<th>Chatrandom<\/th>\n<th>Funyo<\/th>\n<th>LuckyCrush<\/th>\n<\/tr>\n<\/thead>\n<tbody>\n<tr>\n<td>App mobile<\/td>\n<td>\u2705 S\u00ec<\/td>\n<td>\u2705 S\u00ec<\/td>\n<td>\u274c No<\/td>\n<td>\u2705 S\u00ec<\/td>\n<td>\u2705 S\u00ec<\/td>\n<td>\u2705 S\u00ec<\/td>\n<\/tr>\n<tr>\n<td>Non \u00e8 necessario iscriversi<\/td>\n<td>\u2705 S\u00ec<\/td>\n<td>\u2705 S\u00ec<\/td>\n<td>\u2705 S\u00ec<\/td>\n<td>\u2705 S\u00ec<\/td>\n<td>\u2705 S\u00ec<\/td>\n<td>Solo uomini<\/td>\n<\/tr>\n<tr>\n<td>Video\/Voce\/Testo<\/td>\n<td>Tutti<\/td>\n<td>Tutti<\/td>\n<td>\u2705\/\u274c\/\u2705<\/td>\n<td>\u2705\/\u274c\/\u2705<\/td>\n<td>\u2705\/\u274c\/\u2705<\/td>\n<td>\u2705\/\u274c\/\u2705<\/td>\n<\/tr>\n<tr>\n<td>Filtri per genere\/paese<\/td>\n<td>\u2705 Premium<\/td>\n<td>\u2705 Premium<\/td>\n<td>\u26a0\ufe0f Limited<\/td>\n<td>\u2705 Premium<\/td>\n<td>\u2705 Premium<\/td>\n<td>\u2705 S\u00ec<\/td>\n<\/tr>\n<tr>\n<td>Effetti\/Filtri AR<\/td>\n<td>\u2705 S\u00ec<\/td>\n<td>\u2705 S\u00ec<\/td>\n<td>\u274c No<\/td>\n<td>\u274c No<\/td>\n<td>\u274c No<\/td>\n<td>\u274c No<\/td>\n<\/tr>\n<tr>\n<td>Traduzione<\/td>\n<td>\u2705 S\u00ec<\/td>\n<td>\u2705 S\u00ec<\/td>\n<td>\u274c No<\/td>\n<td>\u274c No<\/td>\n<td>\u274c No<\/td>\n<td>\u274c No<\/td>\n<\/tr>\n<tr>\n<td>Sistema di amicizie\/incontri<\/td>\n<td>\u2705 S\u00ec<\/td>\n<td>\u2705 S\u00ec<\/td>\n<td>\u274c No<\/td>\n<td>\u2705 S\u00ec<\/td>\n<td>\u2705 S\u00ec<\/td>\n<td>\u2705 S\u00ec<\/td>\n<\/tr>\n<tr>\n<td>Sicurezza\/Moderazione<\/td>\n<td>Forte<\/td>\n<td>Forte<\/td>\n<td>\u26a0\ufe0f Limited<\/td>\n<td>\u2705 S\u00ec<\/td>\n<td>\u2705 S\u00ec<\/td>\n<td>\u2705 S\u00ec<\/td>\n<\/tr>\n<\/tbody>\n<\/table>\n<p>Sommario: LivU \u00e8 ideale per gli utenti che desiderano un'esperienza di chat video casuale, sicura e ricca di funzionalit\u00e0, con portata globale e traduzione intelligente.<\/p>\n<h2>LivU \u00e8 sicuro?<\/h2>\n<p>LivU d\u00e0 priorit\u00e0 alla sicurezza e alla privacy degli utenti attraverso una combinazione di tecnologia e moderazione:<\/p>\n<ul>\n<li>La moderazione dei contenuti basata sull'intelligenza artificiale esamina video e testi alla ricerca di abusi o nudit\u00e0.<\/li>\n<li>Moderatori umani 24 ore su 24, 7 giorni su 7, rispondono alle segnalazioni ed esaminano i comportamenti sospetti.<\/li>\n<li>Le funzioni di segnalazione\/blocco consentono agli utenti di rimuovere immediatamente le partite problematiche.<\/li>\n<li>Nessuna pubblicazione pubblica: tutte le chat sono private e individuali.<\/li>\n<li>La cronologia delle partite e i controlli sugli amici vi permettono di gestire le connessioni in corso<\/li>\n<\/ul>\n<h3>Consigli per la sicurezza<\/h3>\n<ul>\n<li>Non condividete mai il vostro vero nome, le informazioni di contatto o i dettagli finanziari.<\/li>\n<li>Chiudere la chat se non ci si sente a proprio agio - non esitare a bloccare\/segnalare<\/li>\n<li>Non cliccate sui link e non accettate file dagli sconosciuti.<\/li>\n<li>Aggiungete come amici solo le persone di cui vi fidate veramente.<\/li>\n<\/ul>\n<h2>Consigli per sfruttare al meglio LivU<\/h2>\n<ul>\n<li>Iniziate con un sorriso e un saluto: I saluti amichevoli ottengono i migliori risultati<\/li>\n<li>Prova i filtri: Connettetevi con gli utenti in base al paese o al sesso per soddisfare i vostri interessi.<\/li>\n<li>Utilizzare le maschere AR: Rompere il ghiaccio, divertirsi e alleggerire i nervi della telecamera<\/li>\n<li>Praticare le lingue: Utilizzare la traduzione per imparare e chattare con gli utenti di tutto il mondo<\/li>\n<li>Mantenete un tono leggero e rispettoso: L'energia positiva porta a conversazioni migliori<\/li>\n<li>Rimanere al sicuro: Fidatevi del vostro istinto e usate liberamente gli strumenti di sicurezza dell'app.<\/li>\n<\/ul>\n<h2>Risoluzione dei problemi comuni di LivU<\/h2>\n<h3>La fotocamera o il microfono non funzionano<\/h3>\n<p>Controllare le autorizzazioni dell'applicazione nelle impostazioni del telefono, chiudere le altre applicazioni che utilizzano la fotocamera e riavviare l'applicazione.<\/p>\n<h3>Cadute o ritardi di connessione<\/h3>\n<p>Utilizzate una connessione Wi-Fi forte, chiudete le app che consumano molta banda e aggiornate LivU all'ultima versione.<\/p>\n<h3>Filtri non disponibili<\/h3>\n<p>Alcuni filtri richiedono monete o un abbonamento premium; controllare il saldo o l'abbonamento.<\/p>\n<h3>Incontro con utenti inadeguati<\/h3>\n<p>Tocca blocca o segnala subito. Il team di moderazione reagisce e vieta i trasgressori.<\/p>\n<h3>La traduzione non funziona<\/h3>\n<p>Assicuratevi che la vostra app sia aggiornata e che la vostra rete internet sia stabile. Alcune funzioni potrebbero richiedere un abbonamento premium.<\/p>\n<h2>Pensieri finali: Vale la pena provare LivU?<\/h2>\n<p>Assolutamente s\u00ec, soprattutto per chi ama le connessioni spontanee, le amicizie globali e il brivido della chat video. L'interfaccia semplice, le potenti funzioni di abbinamento e traduzione e la dedizione alla sicurezza fanno di LivU una delle migliori app di chat casuale sia per i nuovi utenti che per quelli pi\u00f9 esperti.<\/p>\n<p>Che si tratti di incontrare nuovi amici, praticare una lingua o semplicemente passare il tempo, LivU offre un'esperienza davvero divertente e coinvolgente.<\/p>\n<p>Scaricate LivU dall'App Store o da Google Play, concedete l'accesso alla fotocamera e tuffatevi in un mondo di nuove conversazioni. Chi pu\u00f2 sapere chi incontrerete la prossima volta?<\/p>","protected":false},"excerpt":{"rendered":"<p>In a digital age saturated with social networks, curated profiles, and endless scrolling, sometimes all you want is a spontaneous, real conversation with someone you\u2019ve never met. That\u2019s the promise of LivU \u2014 a next-generation random video chat app that instantly connects you to strangers across the world for fun, laughter, and maybe even friendship [&hellip;]<\/p>\n","protected":false},"author":6,"featured_media":0,"parent":0,"menu_order":0,"comment_status":"closed","ping_status":"closed","template":"","meta":{"footnotes":""},"class_list":["post-10047","page","type-page","status-publish","hentry"],"yoast_head":"<!-- This site is optimized with the Yoast SEO plugin v27.3 - https:\/\/yoast.com\/product\/yoast-seo-wordpress\/ -->\n<title>Livu - Live Video Chat &amp; Meet New People - TinyChat.com<\/title>\n<meta name=\"description\" content=\"Enjoying Livu? Join over 50,000,000 strangers on TinyChat! Turn on your cam and start meeting new people, or find a match.\" \/>\n<meta name=\"robots\" content=\"index, follow, max-snippet:-1, max-image-preview:large, max-video-preview:-1\" \/>\n<link rel=\"canonical\" href=\"https:\/\/tinychat.com\/it\/livu\/\" \/>\n<meta property=\"og:locale\" content=\"it_IT\" \/>\n<meta property=\"og:type\" content=\"article\" \/>\n<meta property=\"og:title\" content=\"Livu - Live Video Chat &amp; Meet New People - TinyChat.com\" \/>\n<meta property=\"og:description\" content=\"Enjoying Livu? Join over 50,000,000 strangers on TinyChat! Turn on your cam and start meeting new people, or find a match.\" \/>\n<meta property=\"og:url\" content=\"https:\/\/tinychat.com\/it\/livu\/\" \/>\n<meta property=\"og:site_name\" content=\"TinyChat\" \/>\n<meta property=\"article:publisher\" content=\"https:\/\/www.facebook.com\/tinychat\" \/>\n<meta property=\"article:modified_time\" content=\"2025-07-07T16:49:48+00:00\" \/>\n<meta property=\"og:image\" content=\"https:\/\/tinychat.com\/wp-content\/uploads\/2020\/04\/Tinychat-logo-1280x284-new-black.png\" \/>\n\t<meta property=\"og:image:width\" content=\"1280\" \/>\n\t<meta property=\"og:image:height\" content=\"284\" \/>\n\t<meta property=\"og:image:type\" content=\"image\/png\" \/>\n<meta name=\"twitter:card\" content=\"summary_large_image\" \/>\n<meta name=\"twitter:site\" content=\"@tinychat\" \/>\n<meta name=\"twitter:label1\" content=\"Tempo di lettura stimato\" \/>\n\t<meta name=\"twitter:data1\" content=\"7 minuti\" \/>\n<script type=\"application\/ld+json\" class=\"yoast-schema-graph\">{\"@context\":\"https:\\\/\\\/schema.org\",\"@graph\":[{\"@type\":\"WebPage\",\"@id\":\"https:\\\/\\\/tinychat.com\\\/livu\\\/\",\"url\":\"https:\\\/\\\/tinychat.com\\\/livu\\\/\",\"name\":\"Livu - Live Video Chat & Meet New People - TinyChat.com\",\"isPartOf\":{\"@id\":\"https:\\\/\\\/tinychat.com\\\/#website\"},\"datePublished\":\"2025-07-07T15:54:47+00:00\",\"dateModified\":\"2025-07-07T16:49:48+00:00\",\"description\":\"Enjoying Livu? Join over 50,000,000 strangers on TinyChat! Turn on your cam and start meeting new people, or find a match.\",\"breadcrumb\":{\"@id\":\"https:\\\/\\\/tinychat.com\\\/livu\\\/#breadcrumb\"},\"inLanguage\":\"it-IT\",\"potentialAction\":[{\"@type\":\"ReadAction\",\"target\":[\"https:\\\/\\\/tinychat.com\\\/livu\\\/\"]}]},{\"@type\":\"BreadcrumbList\",\"@id\":\"https:\\\/\\\/tinychat.com\\\/livu\\\/#breadcrumb\",\"itemListElement\":[{\"@type\":\"ListItem\",\"position\":1,\"name\":\"Home\",\"item\":\"https:\\\/\\\/tinychat.com\\\/\"},{\"@type\":\"ListItem\",\"position\":2,\"name\":\"Livu\"}]},{\"@type\":\"WebSite\",\"@id\":\"https:\\\/\\\/tinychat.com\\\/#website\",\"url\":\"https:\\\/\\\/tinychat.com\\\/\",\"name\":\"TinyChat\",\"description\":\"Random Video Chat with Strangers\",\"publisher\":{\"@id\":\"https:\\\/\\\/tinychat.com\\\/#organization\"},\"alternateName\":\"TinyChat.com\",\"potentialAction\":[{\"@type\":\"SearchAction\",\"target\":{\"@type\":\"EntryPoint\",\"urlTemplate\":\"https:\\\/\\\/tinychat.com\\\/?s={search_term_string}\"},\"query-input\":{\"@type\":\"PropertyValueSpecification\",\"valueRequired\":true,\"valueName\":\"search_term_string\"}}],\"inLanguage\":\"it-IT\"},{\"@type\":\"Organization\",\"@id\":\"https:\\\/\\\/tinychat.com\\\/#organization\",\"name\":\"TinyChat\",\"alternateName\":\"TinyChat.com\",\"url\":\"https:\\\/\\\/tinychat.com\\\/\",\"logo\":{\"@type\":\"ImageObject\",\"inLanguage\":\"it-IT\",\"@id\":\"https:\\\/\\\/tinychat.com\\\/#\\\/schema\\\/logo\\\/image\\\/\",\"url\":\"https:\\\/\\\/tinychat.com\\\/wp-content\\\/uploads\\\/2023\\\/11\\\/Tinychat-icon-square.png\",\"contentUrl\":\"https:\\\/\\\/tinychat.com\\\/wp-content\\\/uploads\\\/2023\\\/11\\\/Tinychat-icon-square.png\",\"width\":284,\"height\":284,\"caption\":\"TinyChat\"},\"image\":{\"@id\":\"https:\\\/\\\/tinychat.com\\\/#\\\/schema\\\/logo\\\/image\\\/\"},\"sameAs\":[\"https:\\\/\\\/www.facebook.com\\\/tinychat\",\"https:\\\/\\\/x.com\\\/tinychat\"]}]}<\/script>\n<!-- \/ Yoast SEO plugin. -->","yoast_head_json":{"title":"Livu - Videochat in diretta e incontro con nuove persone - TinyChat.com","description":"Ti piace l'Livu? Unisciti a oltre 50.000.000 di sconosciuti su TinyChat! Accendi la tua cam e inizia a conoscere nuove persone o a trovare un partner.","robots":{"index":"index","follow":"follow","max-snippet":"max-snippet:-1","max-image-preview":"max-image-preview:large","max-video-preview":"max-video-preview:-1"},"canonical":"https:\/\/tinychat.com\/it\/livu\/","og_locale":"it_IT","og_type":"article","og_title":"Livu - Live Video Chat & Meet New People - TinyChat.com","og_description":"Enjoying Livu? Join over 50,000,000 strangers on TinyChat! Turn on your cam and start meeting new people, or find a match.","og_url":"https:\/\/tinychat.com\/it\/livu\/","og_site_name":"TinyChat","article_publisher":"https:\/\/www.facebook.com\/tinychat","article_modified_time":"2025-07-07T16:49:48+00:00","og_image":[{"width":1280,"height":284,"url":"https:\/\/tinychat.com\/wp-content\/uploads\/2020\/04\/Tinychat-logo-1280x284-new-black.png","type":"image\/png"}],"twitter_card":"summary_large_image","twitter_site":"@tinychat","twitter_misc":{"Tempo di lettura stimato":"7 minuti"},"schema":{"@context":"https:\/\/schema.org","@graph":[{"@type":"WebPage","@id":"https:\/\/tinychat.com\/livu\/","url":"https:\/\/tinychat.com\/livu\/","name":"Livu - Videochat in diretta e incontro con nuove persone - TinyChat.com","isPartOf":{"@id":"https:\/\/tinychat.com\/#website"},"datePublished":"2025-07-07T15:54:47+00:00","dateModified":"2025-07-07T16:49:48+00:00","description":"Ti piace l'Livu? Unisciti a oltre 50.000.000 di sconosciuti su TinyChat! Accendi la tua cam e inizia a conoscere nuove persone o a trovare un partner.","breadcrumb":{"@id":"https:\/\/tinychat.com\/livu\/#breadcrumb"},"inLanguage":"it-IT","potentialAction":[{"@type":"ReadAction","target":["https:\/\/tinychat.com\/livu\/"]}]},{"@type":"BreadcrumbList","@id":"https:\/\/tinychat.com\/livu\/#breadcrumb","itemListElement":[{"@type":"ListItem","position":1,"name":"Home","item":"https:\/\/tinychat.com\/"},{"@type":"ListItem","position":2,"name":"Livu"}]},{"@type":"WebSite","@id":"https:\/\/tinychat.com\/#website","url":"https:\/\/tinychat.com\/","name":"TinyChat","description":"Videochat casuale con sconosciuti","publisher":{"@id":"https:\/\/tinychat.com\/#organization"},"alternateName":"TinyChat.com","potentialAction":[{"@type":"SearchAction","target":{"@type":"EntryPoint","urlTemplate":"https:\/\/tinychat.com\/?s={search_term_string}"},"query-input":{"@type":"PropertyValueSpecification","valueRequired":true,"valueName":"search_term_string"}}],"inLanguage":"it-IT"},{"@type":"Organization","@id":"https:\/\/tinychat.com\/#organization","name":"TinyChat","alternateName":"TinyChat.com","url":"https:\/\/tinychat.com\/","logo":{"@type":"ImageObject","inLanguage":"it-IT","@id":"https:\/\/tinychat.com\/#\/schema\/logo\/image\/","url":"https:\/\/tinychat.com\/wp-content\/uploads\/2023\/11\/Tinychat-icon-square.png","contentUrl":"https:\/\/tinychat.com\/wp-content\/uploads\/2023\/11\/Tinychat-icon-square.png","width":284,"height":284,"caption":"TinyChat"},"image":{"@id":"https:\/\/tinychat.com\/#\/schema\/logo\/image\/"},"sameAs":["https:\/\/www.facebook.com\/tinychat","https:\/\/x.com\/tinychat"]}]}},"_links":{"self":[{"href":"https:\/\/tinychat.com\/it\/wp-json\/wp\/v2\/pages\/10047","targetHints":{"allow":["GET"]}}],"collection":[{"href":"https:\/\/tinychat.com\/it\/wp-json\/wp\/v2\/pages"}],"about":[{"href":"https:\/\/tinychat.com\/it\/wp-json\/wp\/v2\/types\/page"}],"author":[{"embeddable":true,"href":"https:\/\/tinychat.com\/it\/wp-json\/wp\/v2\/users\/6"}],"replies":[{"embeddable":true,"href":"https:\/\/tinychat.com\/it\/wp-json\/wp\/v2\/comments?post=10047"}],"version-history":[{"count":3,"href":"https:\/\/tinychat.com\/it\/wp-json\/wp\/v2\/pages\/10047\/revisions"}],"predecessor-version":[{"id":13322,"href":"https:\/\/tinychat.com\/it\/wp-json\/wp\/v2\/pages\/10047\/revisions\/13322"}],"wp:attachment":[{"href":"https:\/\/tinychat.com\/it\/wp-json\/wp\/v2\/media?parent=10047"}],"curies":[{"name":"wp","href":"https:\/\/api.w.org\/{rel}","templated":true}]}}