{"id":10096,"date":"2025-08-18T09:20:25","date_gmt":"2025-08-18T07:20:25","guid":{"rendered":"https:\/\/tinychat.com\/?page_id=10096"},"modified":"2025-08-18T10:06:15","modified_gmt":"2025-08-18T08:06:15","slug":"tandoo","status":"publish","type":"page","link":"https:\/\/tinychat.com\/it\/tandoo\/","title":{"rendered":"Tandoo"},"content":{"rendered":"<p>In un mondo in cui la comunicazione online \u00e8 sempre pi\u00f9 curata e raffinata, piattaforme come Tandoo offrono un gradito promemoria dell'eccitazione che deriva da incontri genuini e non scritti. Invece di basarsi su profili precostituiti o timeline filtrate, Tandoo si concentra su ci\u00f2 che conta di pi\u00f9: l'interazione umana in tempo reale. Basta un clic per trovarsi faccia a faccia con una persona nuova, condividere storie, ridere di battute o scoprire nuove prospettive da tutto il mondo.<\/p>\n<p>Sia che ci si iscriva per conversazioni casuali, per conoscere culture diverse o anche per trovare una scintilla romantica, Tandoo rende semplice, veloce e coinvolgente incontrare sconosciuti online. Questa guida approfondisce le caratteristiche di Tandoo, il suo funzionamento e la sua posizione rispetto ai concorrenti nel mondo delle chat video casuali.<\/p>\n<h2>Che cos'\u00e8 l'Tandoo?<\/h2>\n<p>Tandoo \u00e8 un servizio di video chat casuale che connette istantaneamente le persone attraverso video, audio e messaggi di testo opzionali. Molto simile a siti popolari come Chatroulette, Omegle e Chatrandom, Tandoo abbraccia l'imprevedibilit\u00e0 della socializzazione online, ma con un'interfaccia aggiornata, funzionalit\u00e0 fluide e strumenti di sicurezza che rendono le interazioni piacevoli.<\/p>\n<p>Non \u00e8 richiesto un lungo processo di registrazione e non \u00e8 necessario passare ore a creare un profilo. Al contrario, Tandoo offre uno stile di chat \"drop-in, drop-out\" in cui ogni conversazione \u00e8 una nuova opportunit\u00e0.<\/p>\n<h2>Caratteristiche principali di Tandoo<\/h2>\n<p>Il successo dell'Tandoo \u00e8 dovuto al suo equilibrio tra semplicit\u00e0, divertimento e sicurezza. Ecco le caratteristiche principali che lo rendono attraente:<\/p>\n<h3>1. Abbinamento casuale rapido<\/h3>\n<ul>\n<li>Connettetevi istantaneamente con sconosciuti in tutto il mondo.<\/li>\n<li>Passate alla chat successiva quando volete.<\/li>\n<li>Niente code di attesa: basta toccare Start e via.<\/li>\n<\/ul>\n<h3>2. Filtri di posizione e genere<\/h3>\n<ul>\n<li>Indirizzate le conversazioni per paese o lasciatele aperte agli incontri globali.<\/li>\n<li>I filtri di genere aiutano a raffinare le corrispondenze quando si preferiscono interazioni specifiche.<\/li>\n<\/ul>\n<h3>3. Integrazione della chat di testo<\/h3>\n<ul>\n<li>Utilizzate i messaggi di testo insieme ai video in diretta.<\/li>\n<li>Ottimo per condividere le traduzioni o se l'audio non funziona.<\/li>\n<\/ul>\n<h3>4. Opzione Amici e Ricollegamento<\/h3>\n<ul>\n<li>Aggiungete persone interessanti alla vostra lista di amici.<\/li>\n<li>Ricollegarsi in seguito senza dipendere dal caso.<\/li>\n<\/ul>\n<h3>5. Filtri ed effetti divertenti<\/h3>\n<ul>\n<li>Migliorate le vostre chat con maschere, filtri AR e adesivi giocosi.<\/li>\n<li>Rompighiaccio perfetti per interazioni pi\u00f9 rilassate.<\/li>\n<\/ul>\n<h3>6. Strumenti di sicurezza integrati<\/h3>\n<ul>\n<li>Le funzioni di segnalazione e blocco sono sempre visibili.<\/li>\n<li>Una modalit\u00e0 di anteprima della sfocatura consente di controllare le prime impressioni.<\/li>\n<li>La moderazione aiuta a mantenere i contenuti offensivi fuori dalla piattaforma.<\/li>\n<\/ul>\n<h3>7. Accesso multipiattaforma<\/h3>\n<ul>\n<li>Funziona su browser desktop e dispositivi mobili.<\/li>\n<li>Il design reattivo assicura una chat fluida su qualsiasi dimensione dello schermo.<\/li>\n<\/ul>\n<h2>Come utilizzare Tandoo<\/h2>\n<p>Iniziare a utilizzare l'Tandoo \u00e8 semplice e non richiede conoscenze tecniche.<\/p>\n<h3>Passo 1: visitare la piattaforma<\/h3>\n<ul>\n<li>Aprire il sito web ufficiale Tandoo su desktop o mobile.<\/li>\n<li>In alcune regioni, \u00e8 possibile trovare anche l'accesso alle app.<\/li>\n<\/ul>\n<h3>Fase 2: Scegliere i filtri<\/h3>\n<ul>\n<li>Impostare le preferenze di luogo o di genere.<\/li>\n<li>Lasciate i filtri disattivati per un'esperienza casuale completa.<\/li>\n<\/ul>\n<h3>Passo 3: Abilitare la fotocamera e il microfono<\/h3>\n<ul>\n<li>Concedere le autorizzazioni quando richiesto.<\/li>\n<li>Per un'esperienza ottimale, verificare la configurazione prima di iniziare.<\/li>\n<\/ul>\n<h3>Fase 4: Iniziare a chattare<\/h3>\n<ul>\n<li>Premete Start per incontrare immediatamente qualcuno di nuovo.<\/li>\n<li>Usare Avanti per saltare quando si \u00e8 pronti ad andare avanti.<\/li>\n<\/ul>\n<h3>Fase 5: Aggiungere amici o continuare a esplorare<\/h3>\n<ul>\n<li>Salvate le conversazioni divertenti con l'opzione aggiungi un amico.<\/li>\n<li>Continuate a incontrare persone per tutto il tempo che volete.<\/li>\n<\/ul>\n<h2>Esperienza utente su Tandoo<\/h2>\n<p>L'interfaccia pulita e minimale di Tandoo la distingue dalle piattaforme di chat pi\u00f9 vecchie e disordinate. La navigazione \u00e8 intuitiva e consente anche agli utenti che si avvicinano per la prima volta alle conversazioni.<\/p>\n<h3>Cosa piace agli utenti<\/h3>\n<ul>\n<li>Connessioni istantanee senza problemi di registrazione.<\/li>\n<li>Qualit\u00e0 video e audio fluida e stabile.<\/li>\n<li>Filtri che consentono interazioni pi\u00f9 personalizzate.<\/li>\n<li>Caratteristiche ludiche come maschere ed effetti.<\/li>\n<li>Approccio orientato alla sicurezza con anteprima di sfocatura.<\/li>\n<\/ul>\n<h3>Cosa non piace agli utenti<\/h3>\n<ul>\n<li>Alcuni filtri avanzati possono essere bloccati dietro l'accesso premium.<\/li>\n<li>Le ore di punta sono pi\u00f9 attive rispetto alle ore di riposo.<\/li>\n<li>La traduzione non \u00e8 automatica, il che pu\u00f2 costituire un ostacolo.<\/li>\n<li>Il supporto delle app varia a seconda del Paese.<\/li>\n<\/ul>\n<h2>Tandoo vs. altre piattaforme di chat casuale<\/h2>\n<table>\n<thead>\n<tr>\n<th>Caratteristica<\/th>\n<th>Tandoo<\/th>\n<th>Omegle<\/th>\n<th>Chatroulette<\/th>\n<th>ChatHub<\/th>\n<th>LuckyCrush<\/th>\n<th>Azar<\/th>\n<\/tr>\n<\/thead>\n<tbody>\n<tr>\n<td>Random Video Chat con Sconosciuti<\/td>\n<td>\u2705 S\u00ec<\/td>\n<td>\u2705 S\u00ec<\/td>\n<td>\u2705 S\u00ec<\/td>\n<td>\u2705 S\u00ec<\/td>\n<td>\u2705 S\u00ec<\/td>\n<td>\u2705 S\u00ec<\/td>\n<\/tr>\n<tr>\n<td>Filtri di genere\/localit\u00e0<\/td>\n<td>\u2705 S\u00ec<\/td>\n<td>\u274c No<\/td>\n<td>\u274c Limitato<\/td>\n<td>\u2705 S\u00ec<\/td>\n<td>\u2705 S\u00ec<\/td>\n<td>\u2705 S\u00ec<\/td>\n<\/tr>\n<tr>\n<td>Modalit\u00e0 di anteprima della sfocatura<\/td>\n<td>\u2705 S\u00ec<\/td>\n<td>\u274c No<\/td>\n<td>\u274c No<\/td>\n<td>\u2705 S\u00ec<\/td>\n<td>\u274c No<\/td>\n<td>\u2705 S\u00ec<\/td>\n<\/tr>\n<tr>\n<td>Opzione amico\/riconnessione<\/td>\n<td>\u2705 S\u00ec<\/td>\n<td>\u274c No<\/td>\n<td>\u274c No<\/td>\n<td>\u2705 S\u00ec<\/td>\n<td>\u2705 S\u00ec<\/td>\n<td>\u2705 S\u00ec<\/td>\n<\/tr>\n<tr>\n<td>Filtri ed effetti AR<\/td>\n<td>\u2705 S\u00ec<\/td>\n<td>\u274c No<\/td>\n<td>\u274c No<\/td>\n<td>\u2705 S\u00ec<\/td>\n<td>\u274c No<\/td>\n<td>\u2705 S\u00ec<\/td>\n<\/tr>\n<tr>\n<td>Accesso multipiattaforma<\/td>\n<td>\u2705 S\u00ec<\/td>\n<td>\u2705 S\u00ec<\/td>\n<td>\u2705 S\u00ec<\/td>\n<td>\u2705 S\u00ec<\/td>\n<td>\u2705 S\u00ec<\/td>\n<td>\u2705 S\u00ec<\/td>\n<\/tr>\n<\/tbody>\n<\/table>\n<p>Sommario: Tandoo si confronta favorevolmente con altre piattaforme, offrendo una miscela di filtri, effetti divertenti e funzioni di sicurezza che lo rendono uno dei servizi di chat casuale pi\u00f9 versatili disponibili.<\/p>\n<h2>Tandoo \u00e8 sicuro?<\/h2>\n<p>Yes-Tandoo mette la sicurezza al primo posto. La piattaforma utilizza un mix di moderazione AI e strumenti di segnalazione della comunit\u00e0 per mantenere le cose sicure e divertenti.<\/p>\n<h3>Caratteristiche di sicurezza<\/h3>\n<ul>\n<li>Modalit\u00e0 di sfocatura per una prima impressione controllata.<\/li>\n<li>Blocco\/segnalazione rapida per gli utenti inadeguati.<\/li>\n<li>Chat anonima: non sono richiesti dati personali.<\/li>\n<li>Moderazione attiva contro i contenuti espliciti o dannosi.<\/li>\n<\/ul>\n<h3>Consigli per la sicurezza<\/h3>\n<ul>\n<li>Non condividete mai dati personali o finanziari.<\/li>\n<li>Utilizzare l'anteprima della sfocatura prima di rivelare la fotocamera completa.<\/li>\n<li>Segnalare e bloccare chi viola le regole.<\/li>\n<li>I genitori dovrebbero controllare gli utenti pi\u00f9 giovani.<\/li>\n<\/ul>\n<h2>Suggerimenti per sfruttare al meglio l'Tandoo<\/h2>\n<ul>\n<li>Provate le chat globali per espandere i vostri orizzonti culturali.<\/li>\n<li>Utilizzate i filtri quando desiderate interazioni specifiche.<\/li>\n<li>Sperimentate gli effetti per un inizio spensierato.<\/li>\n<li>Mantenete l'illuminazione chiara per dare la migliore impressione.<\/li>\n<li>Accedere durante le ore di punta per gli utenti pi\u00f9 attivi.<\/li>\n<li>Siate proattivi: segnalate i contenuti inappropriati per mantenere lo spazio sicuro.<\/li>\n<\/ul>\n<h2>Problemi comuni e correzioni su Tandoo<\/h2>\n<h3>Fotocamera\/microfono non funzionanti<\/h3>\n<ul>\n<li>Consentire le autorizzazioni nelle impostazioni del browser\/app.<\/li>\n<li>Se necessario, riavviare il dispositivo.<\/li>\n<\/ul>\n<h3>Scarsa qualit\u00e0 video<\/h3>\n<ul>\n<li>Utilizzare una connessione Wi-Fi stabile.<\/li>\n<li>Chiudere le applicazioni non necessarie in background.<\/li>\n<\/ul>\n<h3>Impossibile applicare i filtri<\/h3>\n<ul>\n<li>Assicurarsi di aver effettuato il login (se necessario).<\/li>\n<li>Alcuni filtri possono richiedere un accesso premium.<\/li>\n<\/ul>\n<h3>Incontri offensivi con gli utenti<\/h3>\n<ul>\n<li>Bloccate e segnalate immediatamente.<\/li>\n<li>Passare alla partita successiva con un solo clic.<\/li>\n<\/ul>\n<p>Se siete alla ricerca di una piattaforma di video chat casuale moderna, affidabile e coinvolgente, Tandoo \u00e8 la soluzione giusta. \u00c8 facile da usare, ha abbastanza funzioni per distinguersi e bilancia la spontaneit\u00e0 con la sicurezza. Pur non avendo il riconoscimento massiccio del marchio di Omegle o Chatroulette, offre un'alternativa fresca e sicura che molti utenti preferiscono.<\/p>\n<p>Che si tratti di una risata veloce, di uno scambio culturale o di qualcosa di pi\u00f9 personale, Tandoo crea un ambiente in cui le possibilit\u00e0 sono infinite. Grazie al suo design semplice, ai filtri intelligenti e alle connessioni in tempo reale, \u00e8 un'ottima aggiunta alla rotazione delle chat casuali di chiunque.<\/p>\n<p>Siete pronti a provarlo? Visitate Tandoo, premete start e scoprite chi vi aspetta per chattare dall'altra parte dello schermo.<\/p>","protected":false},"excerpt":{"rendered":"<p>In a world where online communication is increasingly polished and curated, platforms like Tandoo offer a welcome reminder of the excitement that comes with genuine, unscripted encounters. Instead of relying on pre-built profiles or filtered timelines, Tandoo focuses on what matters most\u2014real-time human interaction. With just one click, you can be face-to-face with someone new, [&hellip;]<\/p>\n","protected":false},"author":6,"featured_media":0,"parent":0,"menu_order":0,"comment_status":"closed","ping_status":"closed","template":"","meta":{"footnotes":""},"class_list":["post-10096","page","type-page","status-publish","hentry"],"yoast_head":"<!-- This site is optimized with the Yoast SEO plugin v27.6 - https:\/\/yoast.com\/product\/yoast-seo-wordpress\/ -->\n<title>Tandoo - Interactive Live Video Chat - TinyChat.com<\/title>\n<meta name=\"description\" content=\"Enjoying Tandoo? Join over 50,000,000 strangers on TinyChat! Turn on your cam and start meeting new people, or find a match.\" \/>\n<meta name=\"robots\" content=\"index, follow, max-snippet:-1, max-image-preview:large, max-video-preview:-1\" \/>\n<link rel=\"canonical\" href=\"https:\/\/tinychat.com\/it\/tandoo\/\" \/>\n<meta property=\"og:locale\" content=\"it_IT\" \/>\n<meta property=\"og:type\" content=\"article\" \/>\n<meta property=\"og:title\" content=\"Tandoo - Interactive Live Video Chat - TinyChat.com\" \/>\n<meta property=\"og:description\" content=\"Enjoying Tandoo? Join over 50,000,000 strangers on TinyChat! Turn on your cam and start meeting new people, or find a match.\" \/>\n<meta property=\"og:url\" content=\"https:\/\/tinychat.com\/it\/tandoo\/\" \/>\n<meta property=\"og:site_name\" content=\"TinyChat\" \/>\n<meta property=\"article:publisher\" content=\"https:\/\/www.facebook.com\/tinychat\" \/>\n<meta property=\"article:modified_time\" content=\"2025-08-18T08:06:15+00:00\" \/>\n<meta property=\"og:image\" content=\"https:\/\/tinychat.com\/wp-content\/uploads\/2020\/04\/Tinychat-logo-1280x284-new-black.png\" \/>\n\t<meta property=\"og:image:width\" content=\"1280\" \/>\n\t<meta property=\"og:image:height\" content=\"284\" \/>\n\t<meta property=\"og:image:type\" content=\"image\/png\" \/>\n<meta name=\"twitter:card\" content=\"summary_large_image\" \/>\n<meta name=\"twitter:site\" content=\"@tinychat\" \/>\n<meta name=\"twitter:label1\" content=\"Tempo di lettura stimato\" \/>\n\t<meta name=\"twitter:data1\" content=\"5 minuti\" \/>\n<script type=\"application\/ld+json\" class=\"yoast-schema-graph\">{\"@context\":\"https:\\\/\\\/schema.org\",\"@graph\":[{\"@type\":\"WebPage\",\"@id\":\"https:\\\/\\\/tinychat.com\\\/tandoo\\\/\",\"url\":\"https:\\\/\\\/tinychat.com\\\/tandoo\\\/\",\"name\":\"Tandoo - Interactive Live Video Chat - TinyChat.com\",\"isPartOf\":{\"@id\":\"https:\\\/\\\/tinychat.com\\\/#website\"},\"datePublished\":\"2025-08-18T07:20:25+00:00\",\"dateModified\":\"2025-08-18T08:06:15+00:00\",\"description\":\"Enjoying Tandoo? Join over 50,000,000 strangers on TinyChat! Turn on your cam and start meeting new people, or find a match.\",\"breadcrumb\":{\"@id\":\"https:\\\/\\\/tinychat.com\\\/tandoo\\\/#breadcrumb\"},\"inLanguage\":\"it-IT\",\"potentialAction\":[{\"@type\":\"ReadAction\",\"target\":[\"https:\\\/\\\/tinychat.com\\\/tandoo\\\/\"]}]},{\"@type\":\"BreadcrumbList\",\"@id\":\"https:\\\/\\\/tinychat.com\\\/tandoo\\\/#breadcrumb\",\"itemListElement\":[{\"@type\":\"ListItem\",\"position\":1,\"name\":\"Home\",\"item\":\"https:\\\/\\\/tinychat.com\\\/\"},{\"@type\":\"ListItem\",\"position\":2,\"name\":\"Tandoo\"}]},{\"@type\":\"WebSite\",\"@id\":\"https:\\\/\\\/tinychat.com\\\/#website\",\"url\":\"https:\\\/\\\/tinychat.com\\\/\",\"name\":\"TinyChat\",\"description\":\"Random Video Chat with Strangers\",\"publisher\":{\"@id\":\"https:\\\/\\\/tinychat.com\\\/#organization\"},\"alternateName\":\"TinyChat.com\",\"potentialAction\":[{\"@type\":\"SearchAction\",\"target\":{\"@type\":\"EntryPoint\",\"urlTemplate\":\"https:\\\/\\\/tinychat.com\\\/?s={search_term_string}\"},\"query-input\":{\"@type\":\"PropertyValueSpecification\",\"valueRequired\":true,\"valueName\":\"search_term_string\"}}],\"inLanguage\":\"it-IT\"},{\"@type\":\"Organization\",\"@id\":\"https:\\\/\\\/tinychat.com\\\/#organization\",\"name\":\"TinyChat\",\"alternateName\":\"TinyChat.com\",\"url\":\"https:\\\/\\\/tinychat.com\\\/\",\"logo\":{\"@type\":\"ImageObject\",\"inLanguage\":\"it-IT\",\"@id\":\"https:\\\/\\\/tinychat.com\\\/#\\\/schema\\\/logo\\\/image\\\/\",\"url\":\"https:\\\/\\\/tinychat.com\\\/wp-content\\\/uploads\\\/2023\\\/11\\\/Tinychat-icon-square.png\",\"contentUrl\":\"https:\\\/\\\/tinychat.com\\\/wp-content\\\/uploads\\\/2023\\\/11\\\/Tinychat-icon-square.png\",\"width\":284,\"height\":284,\"caption\":\"TinyChat\"},\"image\":{\"@id\":\"https:\\\/\\\/tinychat.com\\\/#\\\/schema\\\/logo\\\/image\\\/\"},\"sameAs\":[\"https:\\\/\\\/www.facebook.com\\\/tinychat\",\"https:\\\/\\\/x.com\\\/tinychat\"]}]}<\/script>\n<!-- \/ Yoast SEO plugin. -->","yoast_head_json":{"title":"Tandoo - Chat video interattiva dal vivo - TinyChat.com","description":"Ti piace l'Tandoo? Unisciti a oltre 50.000.000 di sconosciuti su TinyChat! Accendi la tua cam e inizia a conoscere nuove persone o a trovare un partner.","robots":{"index":"index","follow":"follow","max-snippet":"max-snippet:-1","max-image-preview":"max-image-preview:large","max-video-preview":"max-video-preview:-1"},"canonical":"https:\/\/tinychat.com\/it\/tandoo\/","og_locale":"it_IT","og_type":"article","og_title":"Tandoo - Interactive Live Video Chat - TinyChat.com","og_description":"Enjoying Tandoo? Join over 50,000,000 strangers on TinyChat! Turn on your cam and start meeting new people, or find a match.","og_url":"https:\/\/tinychat.com\/it\/tandoo\/","og_site_name":"TinyChat","article_publisher":"https:\/\/www.facebook.com\/tinychat","article_modified_time":"2025-08-18T08:06:15+00:00","og_image":[{"width":1280,"height":284,"url":"https:\/\/tinychat.com\/wp-content\/uploads\/2020\/04\/Tinychat-logo-1280x284-new-black.png","type":"image\/png"}],"twitter_card":"summary_large_image","twitter_site":"@tinychat","twitter_misc":{"Tempo di lettura stimato":"5 minuti"},"schema":{"@context":"https:\/\/schema.org","@graph":[{"@type":"WebPage","@id":"https:\/\/tinychat.com\/tandoo\/","url":"https:\/\/tinychat.com\/tandoo\/","name":"Tandoo - Chat video interattiva dal vivo - TinyChat.com","isPartOf":{"@id":"https:\/\/tinychat.com\/#website"},"datePublished":"2025-08-18T07:20:25+00:00","dateModified":"2025-08-18T08:06:15+00:00","description":"Ti piace l'Tandoo? Unisciti a oltre 50.000.000 di sconosciuti su TinyChat! Accendi la tua cam e inizia a conoscere nuove persone o a trovare un partner.","breadcrumb":{"@id":"https:\/\/tinychat.com\/tandoo\/#breadcrumb"},"inLanguage":"it-IT","potentialAction":[{"@type":"ReadAction","target":["https:\/\/tinychat.com\/tandoo\/"]}]},{"@type":"BreadcrumbList","@id":"https:\/\/tinychat.com\/tandoo\/#breadcrumb","itemListElement":[{"@type":"ListItem","position":1,"name":"Home","item":"https:\/\/tinychat.com\/"},{"@type":"ListItem","position":2,"name":"Tandoo"}]},{"@type":"WebSite","@id":"https:\/\/tinychat.com\/#website","url":"https:\/\/tinychat.com\/","name":"TinyChat","description":"Videochat casuale con sconosciuti","publisher":{"@id":"https:\/\/tinychat.com\/#organization"},"alternateName":"TinyChat.com","potentialAction":[{"@type":"SearchAction","target":{"@type":"EntryPoint","urlTemplate":"https:\/\/tinychat.com\/?s={search_term_string}"},"query-input":{"@type":"PropertyValueSpecification","valueRequired":true,"valueName":"search_term_string"}}],"inLanguage":"it-IT"},{"@type":"Organization","@id":"https:\/\/tinychat.com\/#organization","name":"TinyChat","alternateName":"TinyChat.com","url":"https:\/\/tinychat.com\/","logo":{"@type":"ImageObject","inLanguage":"it-IT","@id":"https:\/\/tinychat.com\/#\/schema\/logo\/image\/","url":"https:\/\/tinychat.com\/wp-content\/uploads\/2023\/11\/Tinychat-icon-square.png","contentUrl":"https:\/\/tinychat.com\/wp-content\/uploads\/2023\/11\/Tinychat-icon-square.png","width":284,"height":284,"caption":"TinyChat"},"image":{"@id":"https:\/\/tinychat.com\/#\/schema\/logo\/image\/"},"sameAs":["https:\/\/www.facebook.com\/tinychat","https:\/\/x.com\/tinychat"]}]}},"_links":{"self":[{"href":"https:\/\/tinychat.com\/it\/wp-json\/wp\/v2\/pages\/10096","targetHints":{"allow":["GET"]}}],"collection":[{"href":"https:\/\/tinychat.com\/it\/wp-json\/wp\/v2\/pages"}],"about":[{"href":"https:\/\/tinychat.com\/it\/wp-json\/wp\/v2\/types\/page"}],"author":[{"embeddable":true,"href":"https:\/\/tinychat.com\/it\/wp-json\/wp\/v2\/users\/6"}],"replies":[{"embeddable":true,"href":"https:\/\/tinychat.com\/it\/wp-json\/wp\/v2\/comments?post=10096"}],"version-history":[{"count":3,"href":"https:\/\/tinychat.com\/it\/wp-json\/wp\/v2\/pages\/10096\/revisions"}],"predecessor-version":[{"id":13457,"href":"https:\/\/tinychat.com\/it\/wp-json\/wp\/v2\/pages\/10096\/revisions\/13457"}],"wp:attachment":[{"href":"https:\/\/tinychat.com\/it\/wp-json\/wp\/v2\/media?parent=10096"}],"curies":[{"name":"wp","href":"https:\/\/api.w.org\/{rel}","templated":true}]}}