{"id":10116,"date":"2025-12-02T10:02:33","date_gmt":"2025-12-02T08:02:33","guid":{"rendered":"https:\/\/tinychat.com\/?page_id=10116"},"modified":"2025-12-02T12:03:02","modified_gmt":"2025-12-02T10:03:02","slug":"stickam","status":"publish","type":"page","link":"https:\/\/tinychat.com\/it\/stickam\/","title":{"rendered":"Stickam"},"content":{"rendered":"<p>Prima di Twitch, prima di YouNow, prima di TikTok Live, c'era Stickam. Per quasi un decennio, Stickam \u00e8 stata una delle piattaforme di chat video live pi\u00f9 innovative e amate di Internet. Non era solo un sito web, era un fenomeno culturale. Milioni di adolescenti, musicisti, giocatori, vlogger e creatori si riunivano l\u00ec ogni giorno per trasmettere in diretta streaming, passare il tempo, trasmettere webcam, ospitare chat room e formare enormi comunit\u00e0 online molto prima dell'era moderna dei social media.<\/p>\n<p>Sebbene Stickam abbia chiuso i battenti nel 2013, la sua eredit\u00e0 continua a vivere. Molte funzionalit\u00e0 considerate oggi \u201cstandard\u201d - sale video multiutente, live streaming integrati, chat interattive, fan club e trasmissioni in stile creator - erano tutte cose che Stickam ha fatto per primo, spesso anni prima di qualsiasi concorrente.<\/p>\n<p>Questa recensione esplora cos'era Stickam, come funzionava, le sue caratteristiche principali, la cultura della comunit\u00e0, gli strumenti di sicurezza, i confronti con le piattaforme moderne, perch\u00e9 \u00e8 stato chiuso e perch\u00e9 rimane uno dei siti di chat pi\u00f9 importanti nella storia di Internet.<\/p>\n<h2>Cos'era Stickam?<\/h2>\n<p>Stickam (lanciato nel 2005) \u00e8 stata una piattaforma pionieristica di streaming video live e chat. In un'epoca in cui le webcam erano ancora rare e i social media erano agli albori, Stickam consentiva agli utenti di:<\/p>\n<ul>\n<li>Trasmissione in diretta tramite la loro webcam<\/li>\n<li>Partecipa alle chat room video multiutente<\/li>\n<li>Organizza spettacoli dal vivo pubblici o privati<\/li>\n<li>Interagisci in tempo reale con fan e spettatori<\/li>\n<li>Crea pagine profilo personalizzabili<\/li>\n<li>Condividi contemporaneamente audio, video e webcam<\/li>\n<\/ul>\n<p>\u00c8 diventato particolarmente popolare tra:<\/p>\n<ul>\n<li>Adolescenti e giovani adulti<\/li>\n<li>Musicisti che promuovono il proprio lavoro<\/li>\n<li>Band indie e scene underground<\/li>\n<li>I primi creatori di YouTube<\/li>\n<li>Cosplayer, giocatori e appassionati di anime<\/li>\n<li>Conduttori di talk show dal vivo e streamer di personalit\u00e0<\/li>\n<\/ul>\n<p>Stickam non era solo un sito di chat: era uno dei primi ecosistemi di live streaming social e oggi migliaia di creatori lo considerano il loro punto di partenza.<\/p>\n<h2>Caratteristiche principali di Stickam<\/h2>\n<p>Stickam era in anticipo sui tempi. Molte delle sue caratteristiche erano rivoluzionarie anni prima che piattaforme come Twitch, YouNow, Instagram Live e TikTok adottassero idee simili.<\/p>\n<h3>1. Streaming live multi-camera<\/h3>\n<p>Gli utenti potevano trasmettere:<\/p>\n<ul>\n<li>La loro webcam<\/li>\n<li>Una videocamera esterna<\/li>\n<li>Video preregistrati<\/li>\n<li>Streaming audio in diretta<\/li>\n<\/ul>\n<p>Questo ha aperto le porte a musicisti, DJ, podcaster e vlogger.<\/p>\n<h3>2. Chat room video multiutente<\/h3>\n<p>Stickam consentiva fino a 6 finestre video in una singola chat room, una novit\u00e0 rivoluzionaria per l'epoca. Gli utenti potevano:<\/p>\n<ul>\n<li>Entra nelle stanze pubbliche<\/li>\n<li>Creare stanze private<\/li>\n<li>Ospita conversazioni di gruppo<\/li>\n<li>Incontrare nuove persone in contesti sociali<\/li>\n<li>Costruisci comunit\u00e0 ricorrenti<\/li>\n<\/ul>\n<p>Questo era il fondamento della cultura Stickam.<\/p>\n<h3>3. Sistema Segui &amp; Amico<\/h3>\n<p>Molto prima di Instagram e Twitch, Stickam aveva:<\/p>\n<ul>\n<li>Elenchi di amici<\/li>\n<li>Trasmissione basata sui follower<\/li>\n<li>Comunit\u00e0 di fan<\/li>\n<li>Profili e commenti<\/li>\n<\/ul>\n<p>I creatori potevano costruire il proprio pubblico direttamente sulla piattaforma.<\/p>\n<h3>4. Spettacoli pubblici e privati<\/h3>\n<p>Gli utenti potevano scegliere tra:<\/p>\n<ul>\n<li>Trasmissioni pubbliche (aperte a tutti)<\/li>\n<li>Spettacoli privati (solo su invito)<\/li>\n<li>Chat di gruppo<\/li>\n<\/ul>\n<p>Questa flessibilit\u00e0 ha attirato artisti, influencer e host della community.<\/p>\n<h3>5. Personalizzazione del profilo<\/h3>\n<p>Gli utenti possono personalizzare la propria pagina con:<\/p>\n<ul>\n<li>Skin e sfondi<\/li>\n<li>Lettori musicali<\/li>\n<li>Video incorporati<\/li>\n<li>Sezioni biografiche personali<\/li>\n<\/ul>\n<p>Sembrava un ibrido tra MySpace + Twitch + Chatroulette.<\/p>\n<h3>6. Comunit\u00e0 di giovani e adolescenti<\/h3>\n<p>Stickam era particolarmente popolare tra gli utenti pi\u00f9 giovani. Aveva grandi comunit\u00e0 di fan basate su:<\/p>\n<ul>\n<li>Musica<\/li>\n<li>Anime<\/li>\n<li>Cultura emo\/scene<\/li>\n<li>Gioco<\/li>\n<li>Cosplay<\/li>\n<li>Vlogging<\/li>\n<\/ul>\n<p>\u00c8 stato uno dei primi luoghi online in cui le culture giovanili hanno conosciuto una crescita massiccia.<\/p>\n<h3>7. Streaming solo audio<\/h3>\n<p>Bands e DJ spesso trasmessi in streaming:<\/p>\n<ul>\n<li>Set dal vivo<\/li>\n<li>Sessioni acustiche<\/li>\n<li>Sessioni in studio<\/li>\n<li>Prime musicali<\/li>\n<\/ul>\n<p>Stickam \u00e8 diventato un punto di riferimento per i musicisti che promuovono il proprio lavoro direttamente ai fan.<\/p>\n<h3>8. Utilizzo gratuito<\/h3>\n<p>La piattaforma \u00e8 rimasta completamente gratuita per tutta la sua durata, il che ne ha aumentato la popolarit\u00e0 a livello globale.<\/p>\n<h2>Come funzionava Stickam<\/h2>\n<p>L'utilizzo di Stickam era semplice rispetto alle moderne piattaforme di streaming. Ecco come si svolgeva una sessione tipica:<\/p>\n<h3>Passo 1: creare un account<\/h3>\n<p>Gli utenti hanno creato un profilo gratuito.<\/p>\n<h3>Passaggio 2: personalizza il tuo spazio<\/h3>\n<p>Aggiungi foto, un tema per il profilo, audio e una biografia.<\/p>\n<h3>Fase 3: Messa in funzione<\/h3>\n<p>Clicca su \u201cVai in diretta\u201d, scegli la tua webcam e inizia la trasmissione.<\/p>\n<h3>Passaggio 4: Entra in una chat room<\/h3>\n<p>Sfoglia le camere in base a:<\/p>\n<ul>\n<li>Fasce d'et\u00e0<\/li>\n<li>Generi musicali<\/li>\n<li>Giochi<\/li>\n<li>Argomenti<\/li>\n<li>Gruppi comunitari<\/li>\n<\/ul>\n<h3>Fase 5: Interagire<\/h3>\n<p>Gli utenti potevano chattare, connettersi tramite videocamera o inviare richieste di amicizia.<\/p>\n<h3>Passaggio 6: Creare un seguito<\/h3>\n<p>Se ospitavi programmi o trasmettevi regolarmente in streaming, acquisivi fan e spettatori abituali.<\/p>\n<p>Stickam sembrava pi\u00f9 un universo sociale che un semplice sito di chat.<\/p>\n<h2>Esperienza utente su Stickam<\/h2>\n<p>Stickam era noto per la sua comunit\u00e0 vivace ed energica. L'atmosfera era un mix di:<\/p>\n<ul>\n<li>La cultura creativa dei primi anni di Internet<\/li>\n<li>Vlogging dal vivo<\/li>\n<li>Luoghi di ritrovo per adolescenti<\/li>\n<li>Scene musicali indie<\/li>\n<li>Amicizie online e fandom<\/li>\n<\/ul>\n<h3>Cosa \u00e8 piaciuto agli utenti<\/h3>\n<ul>\n<li>Sale video multiutente<\/li>\n<li>Profili personalizzabili<\/li>\n<li>Strumenti di live streaming molto pi\u00f9 avanti rispetto ai tempi<\/li>\n<li>Forte senso di comunit\u00e0<\/li>\n<li>Opzioni di chat pubblica e privata<\/li>\n<li>Alla scoperta di nuovi musicisti e creatori<\/li>\n<li>Accesso gratuito<\/li>\n<\/ul>\n<h3>Dove a volte ha faticato<\/h3>\n<ul>\n<li>Sfide di moderazione (folle enormi + utenti giovani)<\/li>\n<li>Problemi occasionali di stabilit\u00e0<\/li>\n<li>Le camere pi\u00f9 richieste potrebbero esaurirsi rapidamente<\/li>\n<li>Difficolt\u00e0 nella gestione del traffico intenso nelle ore di punta<\/li>\n<\/ul>\n<p>Tuttavia, l'autenticit\u00e0 genuina della piattaforma l'ha resa indimenticabile.<\/p>\n<h2>Stickam vs. Piattaforme di chat moderne<\/h2>\n<p>Ecco come Stickam si confronta con i principali siti di chat e piattaforme di live streaming odierni:<\/p>\n<table>\n<thead>\n<tr>\n<th>Caratteristica<\/th>\n<th>Stickam (Legacy)<\/th>\n<th>Twitch<\/th>\n<th>TinyChat<\/th>\n<th>Chatroulette<\/th>\n<th>YouNow<\/th>\n<th>Discordia<\/th>\n<\/tr>\n<\/thead>\n<tbody>\n<tr>\n<td>Sale video multiutente<\/td>\n<td>\u2b50 S\u00ec<\/td>\n<td>No<\/td>\n<td>S\u00ec<\/td>\n<td>No<\/td>\n<td>No<\/td>\n<td>S\u00ec<\/td>\n<\/tr>\n<tr>\n<td>Dirette streaming personali<\/td>\n<td>S\u00ec<\/td>\n<td>S\u00ec<\/td>\n<td>Limitato<\/td>\n<td>No<\/td>\n<td>S\u00ec<\/td>\n<td>Limitato<\/td>\n<\/tr>\n<tr>\n<td>Abbinamento casuale delle chat<\/td>\n<td>No<\/td>\n<td>No<\/td>\n<td>No<\/td>\n<td>S\u00ec<\/td>\n<td>No<\/td>\n<td>No<\/td>\n<\/tr>\n<tr>\n<td>Profili personalizzabili<\/td>\n<td>S\u00ec<\/td>\n<td>Limitato<\/td>\n<td>Limitato<\/td>\n<td>No<\/td>\n<td>Limitato<\/td>\n<td>S\u00ec<\/td>\n<\/tr>\n<tr>\n<td>Comunit\u00e0 di adolescenti\/giovani<\/td>\n<td>Molto forte<\/td>\n<td>Moderato<\/td>\n<td>Forte<\/td>\n<td>Debole<\/td>\n<td>Forte<\/td>\n<td>Forte<\/td>\n<\/tr>\n<tr>\n<td>Funzionalit\u00e0 dei social network<\/td>\n<td>S\u00ec<\/td>\n<td>Parziale<\/td>\n<td>Parziale<\/td>\n<td>No<\/td>\n<td>Parziale<\/td>\n<td>S\u00ec<\/td>\n<\/tr>\n<tr>\n<td>Utilizzo gratuito<\/td>\n<td>S\u00ec<\/td>\n<td>Parzialmente<\/td>\n<td>Principalmente<\/td>\n<td>S\u00ec<\/td>\n<td>S\u00ec<\/td>\n<td>S\u00ec<\/td>\n<\/tr>\n<\/tbody>\n<\/table>\n<p>Stickam non era un sito di chat video casuale come Omegle, ma era il precursore spirituale delle moderne piattaforme social di live streaming.<\/p>\n<h2>Sicurezza e moderazione su Stickam<\/h2>\n<p>Stickam ha investito molto nella sicurezza durante il suo periodo di attivit\u00e0, tra cui:<\/p>\n<ul>\n<li>Moderatori manuali<\/li>\n<li>Sistemi di segnalazione<\/li>\n<li>Chat room specifiche per et\u00e0<\/li>\n<li>Regole contro i contenuti inappropriati<\/li>\n<li>Strumenti di divieto<\/li>\n<\/ul>\n<p>Tuttavia, come nella maggior parte delle piattaforme con un'ampia utenza adolescente, le esigenze di moderazione erano estremamente elevate.<\/p>\n<h3>Come gli utenti hanno garantito la propria sicurezza<\/h3>\n<ul>\n<li>Evitato di condividere dati personali<\/li>\n<li>Soggiornato in camere moderate<\/li>\n<li>Segnala violatori delle regole<\/li>\n<li>Camere private utilizzate per amici fidati<\/li>\n<\/ul>\n<p>Stickam \u00e8 servito come esperienza formativa per le piattaforme future su come gestire comunit\u00e0 giovanili su larga scala.<\/p>\n<h2>Perch\u00e9 Stickam ha chiuso<\/h2>\n<p>Stickam ha chiuso inaspettatamente nel gennaio 2013, pubblicando un messaggio di addio che sottolineava:<\/p>\n<ul>\n<li>Non era mai stato venduto.<\/li>\n<li>Non \u00e8 stato acquisito<\/li>\n<li>\u00c8 stato chiuso a causa di decisioni aziendali interne.<\/li>\n<\/ul>\n<p>Gli esperti del settore suggeriscono che tra i motivi vi sono:<\/p>\n<ul>\n<li>Aumento dei costi dei server e della larghezza di banda<\/li>\n<li>Elevati requisiti di moderazione<\/li>\n<li>Crescente concorrenza da parte di YouNow, TinyChat e Twitch agli esordi<\/li>\n<li>Passaggio alle app mobili<\/li>\n<li>Cambiamento dei modelli di reddito pubblicitario<\/li>\n<\/ul>\n<p>Anche dopo la chiusura, l'influenza di Stickam rimase enorme.<\/p>\n<h2>Cosa ha reso iconico il modello Stickam?<\/h2>\n<p>Stickam \u00e8 ricordato con affetto perch\u00e9 era:<\/p>\n<ul>\n<li>Un centro culturale per le comunit\u00e0 giovanili<\/li>\n<li>Un trampolino di lancio per future celebrit\u00e0 e influencer<\/li>\n<li>Una delle prime piattaforme per il livestreaming<\/li>\n<li>Un luogo dove sono nate forti amicizie<\/li>\n<li>Un pioniere delle chat webcam multiutente<\/li>\n<li>Uno spazio creativo dove fiorivano la musica, l'arte e la cultura dei primi anni di Internet.<\/li>\n<\/ul>\n<p>Migliaia di persone ancora oggi affermano che Stickam \u00e8 stata la loro prima esperienza di comunit\u00e0 digitale e connessione online.<\/p>\n<h2>Alternative moderne al Stickam<\/h2>\n<p>Se gli utenti desiderano un'esperienza moderna simile a Stickam, queste piattaforme sono quelle che pi\u00f9 si avvicinano:<\/p>\n<ul>\n<li>TinyChat (sale video multiutente)<\/li>\n<li>YouNow (livestreaming dei creatori)<\/li>\n<li>Twitch (live streaming, in particolare giochi)<\/li>\n<li>Discord (server della community e sale video)<\/li>\n<li>FaceFlow (chat video di gruppo)<\/li>\n<li>Camfrog (comunit\u00e0 video basate sugli interessi)<\/li>\n<\/ul>\n<p>Nessuno ricrea esattamente il Stickam, ma ognuno porta con s\u00e9 un pezzo della sua eredit\u00e0.<\/p>\n<h2>Considerazioni finali: L'eredit\u00e0 di Stickam<\/h2>\n<p>Stickam non era solo un sito di chat. \u00c8 stato il luogo di nascita della moderna cultura del livestreaming. Ha ispirato le piattaforme che utilizziamo oggi e ha dimostrato che le persone in tutto il mondo desiderano una connessione in tempo reale molto prima che il \u201clivestreaming\u201d diventasse mainstream.<\/p>\n<p>Che tu fossi:<\/p>\n<ul>\n<li>Passare il tempo nelle sale video di gruppo<\/li>\n<li>Guardare la tua band indie preferita esibirsi<\/li>\n<li>Costruire una cerchia di amici digitali<\/li>\n<li>Ospitare chat notturne in webcam<\/li>\n<li>Creazione dei primi spettacoli online<\/li>\n<\/ul>\n<p>Stickam era il luogo in cui prosperava la cultura di Internet.<\/p>\n<p>Stickam rimane una delle piattaforme di chat pi\u00f9 importanti della storia, una pioniera che ha plasmato il livestreaming, la cultura dei creator e le comunit\u00e0 sociali online come le conosciamo oggi.<\/p>\n<p>Potr\u00e0 anche essere scomparso, ma la sua eredit\u00e0 continua a influenzare l'intero mondo digitale.<\/p>","protected":false},"excerpt":{"rendered":"<p>Before Twitch, before YouNow, before TikTok Live \u2014 there was Stickam. For nearly a decade, Stickam was one of the internet\u2019s most innovative and beloved live video chat platforms. It wasn\u2019t just a website; it was a cultural phenomenon. Millions of teens, musicians, gamers, vloggers, and creators gathered there daily to livestream, hang out, broadcast [&hellip;]<\/p>\n","protected":false},"author":6,"featured_media":0,"parent":0,"menu_order":0,"comment_status":"closed","ping_status":"closed","template":"","meta":{"footnotes":""},"class_list":["post-10116","page","type-page","status-publish","hentry"],"yoast_head":"<!-- This site is optimized with the Yoast SEO plugin v27.4 - https:\/\/yoast.com\/product\/yoast-seo-wordpress\/ -->\n<title>Stickam - Original Video Chat Roulette - TinyChat.com<\/title>\n<meta name=\"description\" content=\"Enjoying Stickam? Join over 50,000,000 strangers on TinyChat! Turn on your cam and start meeting new people, or find a match.\" \/>\n<meta name=\"robots\" content=\"index, follow, max-snippet:-1, max-image-preview:large, max-video-preview:-1\" \/>\n<link rel=\"canonical\" href=\"https:\/\/tinychat.com\/it\/stickam\/\" \/>\n<meta property=\"og:locale\" content=\"it_IT\" \/>\n<meta property=\"og:type\" content=\"article\" \/>\n<meta property=\"og:title\" content=\"Stickam - Original Video Chat Roulette - TinyChat.com\" \/>\n<meta property=\"og:description\" content=\"Enjoying Stickam? Join over 50,000,000 strangers on TinyChat! Turn on your cam and start meeting new people, or find a match.\" \/>\n<meta property=\"og:url\" content=\"https:\/\/tinychat.com\/it\/stickam\/\" \/>\n<meta property=\"og:site_name\" content=\"TinyChat\" \/>\n<meta property=\"article:publisher\" content=\"https:\/\/www.facebook.com\/tinychat\" \/>\n<meta property=\"article:modified_time\" content=\"2025-12-02T10:03:02+00:00\" \/>\n<meta property=\"og:image\" content=\"https:\/\/tinychat.com\/wp-content\/uploads\/2020\/04\/Tinychat-logo-1280x284-new-black.png\" \/>\n\t<meta property=\"og:image:width\" content=\"1280\" \/>\n\t<meta property=\"og:image:height\" content=\"284\" \/>\n\t<meta property=\"og:image:type\" content=\"image\/png\" \/>\n<meta name=\"twitter:card\" content=\"summary_large_image\" \/>\n<meta name=\"twitter:site\" content=\"@tinychat\" \/>\n<meta name=\"twitter:label1\" content=\"Tempo di lettura stimato\" \/>\n\t<meta name=\"twitter:data1\" content=\"6 minuti\" \/>\n<script type=\"application\/ld+json\" class=\"yoast-schema-graph\">{\"@context\":\"https:\\\/\\\/schema.org\",\"@graph\":[{\"@type\":\"WebPage\",\"@id\":\"https:\\\/\\\/tinychat.com\\\/stickam\\\/\",\"url\":\"https:\\\/\\\/tinychat.com\\\/stickam\\\/\",\"name\":\"Stickam - Original Video Chat Roulette - TinyChat.com\",\"isPartOf\":{\"@id\":\"https:\\\/\\\/tinychat.com\\\/#website\"},\"datePublished\":\"2025-12-02T08:02:33+00:00\",\"dateModified\":\"2025-12-02T10:03:02+00:00\",\"description\":\"Enjoying Stickam? Join over 50,000,000 strangers on TinyChat! Turn on your cam and start meeting new people, or find a match.\",\"breadcrumb\":{\"@id\":\"https:\\\/\\\/tinychat.com\\\/stickam\\\/#breadcrumb\"},\"inLanguage\":\"it-IT\",\"potentialAction\":[{\"@type\":\"ReadAction\",\"target\":[\"https:\\\/\\\/tinychat.com\\\/stickam\\\/\"]}]},{\"@type\":\"BreadcrumbList\",\"@id\":\"https:\\\/\\\/tinychat.com\\\/stickam\\\/#breadcrumb\",\"itemListElement\":[{\"@type\":\"ListItem\",\"position\":1,\"name\":\"Home\",\"item\":\"https:\\\/\\\/tinychat.com\\\/\"},{\"@type\":\"ListItem\",\"position\":2,\"name\":\"Stickam\"}]},{\"@type\":\"WebSite\",\"@id\":\"https:\\\/\\\/tinychat.com\\\/#website\",\"url\":\"https:\\\/\\\/tinychat.com\\\/\",\"name\":\"TinyChat\",\"description\":\"Random Video Chat with Strangers\",\"publisher\":{\"@id\":\"https:\\\/\\\/tinychat.com\\\/#organization\"},\"alternateName\":\"TinyChat.com\",\"potentialAction\":[{\"@type\":\"SearchAction\",\"target\":{\"@type\":\"EntryPoint\",\"urlTemplate\":\"https:\\\/\\\/tinychat.com\\\/?s={search_term_string}\"},\"query-input\":{\"@type\":\"PropertyValueSpecification\",\"valueRequired\":true,\"valueName\":\"search_term_string\"}}],\"inLanguage\":\"it-IT\"},{\"@type\":\"Organization\",\"@id\":\"https:\\\/\\\/tinychat.com\\\/#organization\",\"name\":\"TinyChat\",\"alternateName\":\"TinyChat.com\",\"url\":\"https:\\\/\\\/tinychat.com\\\/\",\"logo\":{\"@type\":\"ImageObject\",\"inLanguage\":\"it-IT\",\"@id\":\"https:\\\/\\\/tinychat.com\\\/#\\\/schema\\\/logo\\\/image\\\/\",\"url\":\"https:\\\/\\\/tinychat.com\\\/wp-content\\\/uploads\\\/2023\\\/11\\\/Tinychat-icon-square.png\",\"contentUrl\":\"https:\\\/\\\/tinychat.com\\\/wp-content\\\/uploads\\\/2023\\\/11\\\/Tinychat-icon-square.png\",\"width\":284,\"height\":284,\"caption\":\"TinyChat\"},\"image\":{\"@id\":\"https:\\\/\\\/tinychat.com\\\/#\\\/schema\\\/logo\\\/image\\\/\"},\"sameAs\":[\"https:\\\/\\\/www.facebook.com\\\/tinychat\",\"https:\\\/\\\/x.com\\\/tinychat\"]}]}<\/script>\n<!-- \/ Yoast SEO plugin. -->","yoast_head_json":{"title":"Stickam - Video chat roulette originale - TinyChat.com","description":"Ti piace Stickam? Unisciti a oltre 50.000.000 di sconosciuti su TinyChat! Accendi la tua webcam e inizia a conoscere nuove persone o trova un partner.","robots":{"index":"index","follow":"follow","max-snippet":"max-snippet:-1","max-image-preview":"max-image-preview:large","max-video-preview":"max-video-preview:-1"},"canonical":"https:\/\/tinychat.com\/it\/stickam\/","og_locale":"it_IT","og_type":"article","og_title":"Stickam - Original Video Chat Roulette - TinyChat.com","og_description":"Enjoying Stickam? Join over 50,000,000 strangers on TinyChat! Turn on your cam and start meeting new people, or find a match.","og_url":"https:\/\/tinychat.com\/it\/stickam\/","og_site_name":"TinyChat","article_publisher":"https:\/\/www.facebook.com\/tinychat","article_modified_time":"2025-12-02T10:03:02+00:00","og_image":[{"width":1280,"height":284,"url":"https:\/\/tinychat.com\/wp-content\/uploads\/2020\/04\/Tinychat-logo-1280x284-new-black.png","type":"image\/png"}],"twitter_card":"summary_large_image","twitter_site":"@tinychat","twitter_misc":{"Tempo di lettura stimato":"6 minuti"},"schema":{"@context":"https:\/\/schema.org","@graph":[{"@type":"WebPage","@id":"https:\/\/tinychat.com\/stickam\/","url":"https:\/\/tinychat.com\/stickam\/","name":"Stickam - Video chat roulette originale - TinyChat.com","isPartOf":{"@id":"https:\/\/tinychat.com\/#website"},"datePublished":"2025-12-02T08:02:33+00:00","dateModified":"2025-12-02T10:03:02+00:00","description":"Ti piace Stickam? Unisciti a oltre 50.000.000 di sconosciuti su TinyChat! Accendi la tua webcam e inizia a conoscere nuove persone o trova un partner.","breadcrumb":{"@id":"https:\/\/tinychat.com\/stickam\/#breadcrumb"},"inLanguage":"it-IT","potentialAction":[{"@type":"ReadAction","target":["https:\/\/tinychat.com\/stickam\/"]}]},{"@type":"BreadcrumbList","@id":"https:\/\/tinychat.com\/stickam\/#breadcrumb","itemListElement":[{"@type":"ListItem","position":1,"name":"Home","item":"https:\/\/tinychat.com\/"},{"@type":"ListItem","position":2,"name":"Stickam"}]},{"@type":"WebSite","@id":"https:\/\/tinychat.com\/#website","url":"https:\/\/tinychat.com\/","name":"TinyChat","description":"Videochat casuale con sconosciuti","publisher":{"@id":"https:\/\/tinychat.com\/#organization"},"alternateName":"TinyChat.com","potentialAction":[{"@type":"SearchAction","target":{"@type":"EntryPoint","urlTemplate":"https:\/\/tinychat.com\/?s={search_term_string}"},"query-input":{"@type":"PropertyValueSpecification","valueRequired":true,"valueName":"search_term_string"}}],"inLanguage":"it-IT"},{"@type":"Organization","@id":"https:\/\/tinychat.com\/#organization","name":"TinyChat","alternateName":"TinyChat.com","url":"https:\/\/tinychat.com\/","logo":{"@type":"ImageObject","inLanguage":"it-IT","@id":"https:\/\/tinychat.com\/#\/schema\/logo\/image\/","url":"https:\/\/tinychat.com\/wp-content\/uploads\/2023\/11\/Tinychat-icon-square.png","contentUrl":"https:\/\/tinychat.com\/wp-content\/uploads\/2023\/11\/Tinychat-icon-square.png","width":284,"height":284,"caption":"TinyChat"},"image":{"@id":"https:\/\/tinychat.com\/#\/schema\/logo\/image\/"},"sameAs":["https:\/\/www.facebook.com\/tinychat","https:\/\/x.com\/tinychat"]}]}},"_links":{"self":[{"href":"https:\/\/tinychat.com\/it\/wp-json\/wp\/v2\/pages\/10116","targetHints":{"allow":["GET"]}}],"collection":[{"href":"https:\/\/tinychat.com\/it\/wp-json\/wp\/v2\/pages"}],"about":[{"href":"https:\/\/tinychat.com\/it\/wp-json\/wp\/v2\/types\/page"}],"author":[{"embeddable":true,"href":"https:\/\/tinychat.com\/it\/wp-json\/wp\/v2\/users\/6"}],"replies":[{"embeddable":true,"href":"https:\/\/tinychat.com\/it\/wp-json\/wp\/v2\/comments?post=10116"}],"version-history":[{"count":3,"href":"https:\/\/tinychat.com\/it\/wp-json\/wp\/v2\/pages\/10116\/revisions"}],"predecessor-version":[{"id":13587,"href":"https:\/\/tinychat.com\/it\/wp-json\/wp\/v2\/pages\/10116\/revisions\/13587"}],"wp:attachment":[{"href":"https:\/\/tinychat.com\/it\/wp-json\/wp\/v2\/media?parent=10116"}],"curies":[{"name":"wp","href":"https:\/\/api.w.org\/{rel}","templated":true}]}}