{"id":10160,"date":"2025-10-21T11:40:58","date_gmt":"2025-10-21T09:40:58","guid":{"rendered":"https:\/\/tinychat.com\/?page_id=10160"},"modified":"2025-10-21T13:23:07","modified_gmt":"2025-10-21T11:23:07","slug":"chateek","status":"publish","type":"page","link":"https:\/\/tinychat.com\/it\/chateek\/","title":{"rendered":"Chateek"},"content":{"rendered":"<p>In un'epoca in cui i social media sembrano spesso raffinati, ripetitivi e impersonali, Chateek riporta in auge l'elemento umano della comunicazione online: spontaneo, vivo e reale. \u00c8 una piattaforma di video chat casuale progettata per connettervi istantaneamente con sconosciuti di tutto il mondo. Niente iscrizioni, niente paywall e niente passaggi complicati: solo voi, la vostra videocamera e un nuovo volto ogni volta che cliccate su \u201cStart\u201d.\u201d<\/p>\n<p>Pensato per chi ama le conversazioni autentiche, Chateek offre video chat gratuite uno contro uno in un'interfaccia pulita, veloce e facile da usare. Se state cercando di fare amicizia, di esercitarvi con le lingue o semplicemente di conoscere nuove persone, Chateek vi offre un modo semplice per entrare in contatto con persone reali, sempre e ovunque.<\/p>\n<p>Questa recensione approfondita spiega cos'\u00e8 Chateek, come funziona, le sue caratteristiche principali, l'esperienza d'uso, le misure di sicurezza, il confronto con i concorrenti e i consigli per sfruttare al meglio il vostro tempo online.<\/p>\n<h2>Che cos'\u00e8 l'Chateek?<\/h2>\n<p>Chateek \u00e8 un sito web gratuito di chat video casuale che mette in contatto gli utenti di tutto il mondo per conversazioni istantanee. Simile nel concetto a Omegle, Chatroulette o Emerald Chat, accoppia gli utenti in modo casuale per chat video faccia a faccia o conversazioni di testo, promuovendo interazioni rapide e anonime.<\/p>\n<p>Ci\u00f2 che rende unico Chateek \u00e8 la sua combinazione di semplicit\u00e0, portata globale e design moderno. Funziona direttamente nel browser senza richiedere registrazioni o download e include opzioni per selezionare paesi, lingue o generi: caratteristiche che migliorano la personalizzazione mantenendo l'anonimato.<\/p>\n<p>\u00c8 la perfetta via di mezzo tra le chat completamente casuali e le interazioni filtrate e basate su argomenti, che offre libert\u00e0 e flessibilit\u00e0.<\/p>\n<h2>Caratteristiche principali di Chateek<\/h2>\n<p>Chateek offre un equilibrio tra accessibilit\u00e0 e funzionalit\u00e0, combinando la moderna tecnologia di chat con il divertimento spontaneo delle vecchie piattaforme di chat.<\/p>\n<h3>1. Chat video casuale<\/h3>\n<ul>\n<li>Mette istantaneamente in contatto con estranei tramite webcam.<\/li>\n<li>Corrispondenza ad alta velocit\u00e0 con video e audio fluidi.<\/li>\n<li>Non \u00e8 richiesta la registrazione o l'iscrizione.<\/li>\n<\/ul>\n<h3>2. Opzione chat di testo<\/h3>\n<ul>\n<li>Modalit\u00e0 di solo testo integrata per gli utenti che preferiscono digitare.<\/li>\n<li>Ottimo per connessioni a bassa larghezza di banda o per utenti attenti alla privacy.<\/li>\n<\/ul>\n<h3>3. Filtri per genere e Paese<\/h3>\n<ul>\n<li>Scegliete se chattare con uomini, donne o entrambi.<\/li>\n<li>Scegliete tra decine di Paesi per localizzare la vostra esperienza.<\/li>\n<li>Rende pi\u00f9 facile trovare gli utenti che corrispondono alle vostre preferenze.<\/li>\n<\/ul>\n<h3>4. Compatibilit\u00e0 con i dispositivi mobili<\/h3>\n<ul>\n<li>Funziona perfettamente sui browser mobili.<\/li>\n<li>Il design reattivo si adatta automaticamente alle dimensioni dello schermo.<\/li>\n<li>Ideale per chattare in movimento.<\/li>\n<\/ul>\n<h3>5. Accesso immediato, nessuna registrazione<\/h3>\n<ul>\n<li>Completamente anonimo: non sono necessari account o informazioni personali.<\/li>\n<li>Le conversazioni scompaiono quando ci si disconnette.<\/li>\n<\/ul>\n<h3>6. Supporto di pi\u00f9 lingue<\/h3>\n<ul>\n<li>Interfaccia disponibile in diverse lingue.<\/li>\n<li>Popolare tra gli utenti di Europa, Asia e America Latina.<\/li>\n<\/ul>\n<h3>7. Libero di usare<\/h3>\n<ul>\n<li>100% chat video e di testo gratuita.<\/li>\n<li>Non sono richiesti costi nascosti o aggiornamenti a pagamento.<\/li>\n<\/ul>\n<h2>Come utilizzare l'Chateek<\/h2>\n<p>Chateek si concentra sulla velocit\u00e0 e sulla semplicit\u00e0, rendendo facile per chiunque iniziare a chattare in pochi secondi.<\/p>\n<h3>Passo 1: visitare il sito web<\/h3>\n<p>Aprire Chateek.com nel browser. Funziona su desktop, tablet o cellulare senza alcuna installazione.<\/p>\n<h3>Passo 2: Abilitare la fotocamera e il microfono<\/h3>\n<p>Consentire al sito di accedere alla fotocamera e al microfono quando richiesto.<\/p>\n<h3>Passo 3: Selezionare le preferenze (facoltativo)<\/h3>\n<ul>\n<li>Scegliete un Paese per entrare in contatto con persone di quella regione.<\/li>\n<li>Impostare i filtri di genere, se si preferisce.<\/li>\n<\/ul>\n<h3>Passo 4: fare clic su \"Avvio\".<\/h3>\n<p>Verrete immediatamente abbinati a un altro utente per una videochiamata in diretta.<\/p>\n<h3>Fase 5: Chattare, connettersi o saltare<\/h3>\n<p>Se la conversazione non corrisponde, \u00e8 sufficiente fare clic su \u201cAvanti\u201d per andare avanti e incontrare un nuovo interlocutore.<\/p>\n<p>Tutto qui: nessuna registrazione, nessuna attesa. Potrete parlare con le persone in pochi secondi.<\/p>\n<h2>Esperienza utente su Chateek<\/h2>\n<p>Chateek si \u00e8 guadagnato elogi per l'interfaccia pulita, le prestazioni affidabili e la variet\u00e0 di opzioni di chat.<\/p>\n<h3>Cosa piace agli utenti<\/h3>\n<ul>\n<li>Accesso immediato, senza bisogno di account.<\/li>\n<li>Funziona bene sia su mobile che su desktop.<\/li>\n<li>Possibilit\u00e0 di scegliere filtri per paese e sesso.<\/li>\n<li>Qualit\u00e0 video fluida e tempi di connessione rapidi.<\/li>\n<li>Design semplice e intuitivo con annunci minimi.<\/li>\n<\/ul>\n<h3>Dove gli utenti vedono margini di miglioramento<\/h3>\n<ul>\n<li>Alcuni filtri sono occasionalmente limitati durante le ore di punta.<\/li>\n<li>Base di utenti ridotta in alcune regioni.<\/li>\n<li>Nessuna lista di amici o funzione di ricollegamento.<\/li>\n<li>Occasionali cadute di connessione sui dati mobili.<\/li>\n<\/ul>\n<p>Tuttavia, la maggior parte degli utenti apprezza il design semplice di Chateek e l'equilibrio tra libert\u00e0 di chat casuale e controllo personalizzabile.<\/p>\n<h2>Chateek vs. altre piattaforme di chat<\/h2>\n<p>Ecco come Chateek si posiziona rispetto agli altri principali siti di chat casuali:<\/p>\n<table>\n<thead>\n<tr>\n<th>Caratteristica<\/th>\n<th>Chateek<\/th>\n<th>Omegle<\/th>\n<th>Chatroulette<\/th>\n<th>ChatHub<\/th>\n<th>Emerald Chat<\/th>\n<th>Con calma<\/th>\n<\/tr>\n<\/thead>\n<tbody>\n<tr>\n<td>Random Video Chat con Sconosciuti<\/td>\n<td>\u2705 S\u00ec<\/td>\n<td>\u2705 S\u00ec<\/td>\n<td>\u2705 S\u00ec<\/td>\n<td>\u2705 S\u00ec<\/td>\n<td>\u2705 S\u00ec<\/td>\n<td>\u2705 S\u00ec<\/td>\n<\/tr>\n<tr>\n<td>Opzione chat di testo<\/td>\n<td>\u2705 S\u00ec<\/td>\n<td>\u2705 S\u00ec<\/td>\n<td>\u2705 S\u00ec<\/td>\n<td>\u2705 S\u00ec<\/td>\n<td>\u2705 S\u00ec<\/td>\n<td>\u2705 S\u00ec<\/td>\n<\/tr>\n<tr>\n<td>Filtri di genere\/localit\u00e0<\/td>\n<td>\u2705 S\u00ec<\/td>\n<td>\u274c No<\/td>\n<td>Limitato<\/td>\n<td>\u2705 S\u00ec<\/td>\n<td>\u2705 S\u00ec<\/td>\n<td>\u274c No<\/td>\n<\/tr>\n<tr>\n<td>Registrazione richiesta<\/td>\n<td>\u274c No<\/td>\n<td>\u274c No<\/td>\n<td>\u274c No<\/td>\n<td>Opzionale<\/td>\n<td>Opzionale<\/td>\n<td>\u274c No<\/td>\n<\/tr>\n<tr>\n<td>Mobile Friendly<\/td>\n<td>\u2705 S\u00ec<\/td>\n<td>\u2705 S\u00ec<\/td>\n<td>\u2705 S\u00ec<\/td>\n<td>\u2705 S\u00ec<\/td>\n<td>\u2705 S\u00ec<\/td>\n<td>\u2705 S\u00ec<\/td>\n<\/tr>\n<tr>\n<td>Utilizzo gratuito<\/td>\n<td>Sempre<\/td>\n<td>Sempre<\/td>\n<td>Sempre<\/td>\n<td>\u2705 S\u00ec<\/td>\n<td>\u2705 S\u00ec<\/td>\n<td>\u2705 S\u00ec<\/td>\n<\/tr>\n<\/tbody>\n<\/table>\n<p>Sintesi: Chateek combina la libert\u00e0 di Omegle con la potenza di filtraggio di ChatHub, offrendo agli utenti un maggiore controllo pur mantenendo tutto anonimo e gratuito.<\/p>\n<h2>Chateek \u00e8 sicuro?<\/h2>\n<p>Come tutte le piattaforme di chat casuale, Chateek incoraggia l'interazione aperta, ma con la privacy al centro. Sebbene la piattaforma stessa non raccolga dati personali, gli utenti devono sempre essere cauti.<\/p>\n<h3>Caratteristiche di sicurezza integrate<\/h3>\n<ul>\n<li>Accesso anonimo senza registrazione.<\/li>\n<li>Le conversazioni non vengono salvate o archiviate.<\/li>\n<li>Possibilit\u00e0 di saltare o disconnettersi istantaneamente.<\/li>\n<li>Sono disponibili strumenti di segnalazione di comportamenti inappropriati.<\/li>\n<\/ul>\n<h3>Consigli di sicurezza per gli utenti<\/h3>\n<ul>\n<li>Non condividete mai informazioni personali (nome e cognome, indirizzo, contatti).<\/li>\n<li>Evitare di mostrare alla telecamera ambienti identificabili.<\/li>\n<li>Disconnettersi immediatamente dalle conversazioni scomode.<\/li>\n<li>Utilizzate saggiamente i filtri di genere\/paese per modellare la vostra esperienza.<\/li>\n<li>I genitori devono sorvegliare i minori.<\/li>\n<li>Considerate l'utilizzo di una VPN per una maggiore privacy.<\/li>\n<\/ul>\n<p>Se usato in modo responsabile, Chateek offre un ambiente sicuro e anonimo per l'interazione sociale.<\/p>\n<h2>Suggerimenti per ottenere il massimo dall'Chateek<\/h2>\n<ul>\n<li>Provate a chiacchierare con persone di altri Paesi: \u00e8 un ottimo modo per conoscere altre culture.<\/li>\n<li>Utilizzate le cuffie per ottenere un suono pi\u00f9 chiaro e la massima privacy.<\/li>\n<li>Una buona illuminazione migliora la qualit\u00e0 del video e la prima impressione.<\/li>\n<li>Chattare durante le ore di punta (sera\/fine settimana) per ottenere incontri pi\u00f9 rapidi.<\/li>\n<li>Siate cordiali e rispettosi: gli utenti autentici rispondono meglio all'energia positiva.<\/li>\n<li>Utilizzate liberamente il pulsante di salto - non perdete tempo con le partite sbagliate.<\/li>\n<\/ul>\n<p>Questi suggerimenti vi aiutano a rendere la vostra esperienza con Chateek pi\u00f9 fluida, coinvolgente e piacevole.<\/p>\n<h2>Problemi e soluzioni comuni<\/h2>\n<h3>Problema: la fotocamera o il microfono non funzionano<\/h3>\n<ul>\n<li>Controllare le autorizzazioni del browser per Chateek.<\/li>\n<li>Chiudere altre applicazioni che utilizzano la fotocamera.<\/li>\n<li>Aggiornare la pagina o riavviare il browser.<\/li>\n<\/ul>\n<h3>Problema: lunghi tempi di attesa per le partite<\/h3>\n<ul>\n<li>Provate a rimuovere i filtri per ampliare la vostra portata.<\/li>\n<li>Utilizzate la piattaforma durante le ore serali nella vostra regione.<\/li>\n<\/ul>\n<h3>Problema: lag o cadute di connessione<\/h3>\n<ul>\n<li>Passare al Wi-Fi se si utilizzano dati mobili.<\/li>\n<li>Chiudere le schede inutilizzate o i programmi in background.<\/li>\n<\/ul>\n<h3>Problema: Incontro con utenti non appropriati<\/h3>\n<ul>\n<li>Saltare immediatamente.<\/li>\n<li>Segnalare il comportamento se sono disponibili gli strumenti.<\/li>\n<\/ul>\n<h2>Perch\u00e9 le persone scelgono Chateek<\/h2>\n<p>Le persone amano l'Chateek perch\u00e9 combina accessibilit\u00e0, controllo e divertimento, il tutto senza costi.<\/p>\n<p>Lo scelgono per:<\/p>\n<ul>\n<li>Accesso gratuito senza registrazione.<\/li>\n<li>Connessioni video rapide e affidabili.<\/li>\n<li>Filtri opzionali per una migliore corrispondenza.<\/li>\n<li>Compatibilit\u00e0 con i dispositivi mobili per chattare ovunque.<\/li>\n<li>Ambiente anonimo e sicuro.<\/li>\n<\/ul>\n<p>\u00c8 particolarmente popolare tra gli utenti che hanno apprezzato piattaforme come Omegle o Chatroulette ma che desiderano un'alternativa pi\u00f9 fresca, pi\u00f9 sicura e pi\u00f9 facile da usare.<\/p>\n<h2>Pensieri finali: Vale la pena utilizzare l'Chateek?<\/h2>\n<p>Se siete alla ricerca di una piattaforma di video chat casuale gratuita che bilanci anonimato, semplicit\u00e0 e design moderno, Chateek \u00e8 assolutamente da provare. Riunisce le migliori caratteristiche delle vecchie piattaforme di chat con nuovi livelli di accessibilit\u00e0 e controllo.<\/p>\n<p>A differenza delle app che richiedono registrazioni o nascondono le funzioni di base dietro i paywall, Chateek si concentra esclusivamente sulle conversazioni reali tra persone reali. \u00c8 possibile accedere, cliccare e trovare immediatamente qualcuno con cui parlare, che si tratti di un saluto veloce o di una discussione approfondita sulla vita in tutto il mondo.<\/p>\n<p>Sia che vogliate:<\/p>\n<ul>\n<li>Incontrare nuove persone,<\/li>\n<li>Esplorare le conversazioni internazionali,<\/li>\n<li>O semplicemente godersi una chiacchierata amichevole e casuale...<\/li>\n<\/ul>\n<p>Chateek lo rende facile, sicuro e completamente gratuito.<\/p>\n<p>In breve: Chateek \u00e8 un moderno servizio di video chat casuale basato su browser che consente di connettersi istantaneamente con sconosciuti in tutto il mondo, offrendo accesso gratuito, filtri e compatibilit\u00e0 con i dispositivi mobili in un'unica piattaforma facile da usare.<\/p>\n<p>Siete pronti a conoscere qualcuno di nuovo? Visitate Chateek, cliccate su \u201cInizia\u201d e vedrete dove vi porter\u00e0 la vostra prossima conversazione.<\/p>","protected":false},"excerpt":{"rendered":"<p>In a time when social media often feels polished, repetitive, and impersonal, Chateek brings back the human element of online communication \u2014 spontaneous, live, and real. It\u2019s a random video chat platform designed to connect you instantly with strangers from all over the world. No sign-ups, no paywalls, and no complicated steps \u2014 just you, [&hellip;]<\/p>\n","protected":false},"author":6,"featured_media":0,"parent":0,"menu_order":0,"comment_status":"closed","ping_status":"closed","template":"","meta":{"footnotes":""},"class_list":["post-10160","page","type-page","status-publish","hentry"],"yoast_head":"<!-- This site is optimized with the Yoast SEO plugin v27.4 - https:\/\/yoast.com\/product\/yoast-seo-wordpress\/ -->\n<title>Chateek - Online Chat in Real Time - TinyChat.com<\/title>\n<meta name=\"description\" content=\"Enjoying Chateek? Join over 50,000,000 strangers on TinyChat! Turn on your cam and start meeting new people, or find a match.\" \/>\n<meta name=\"robots\" content=\"index, follow, max-snippet:-1, max-image-preview:large, max-video-preview:-1\" \/>\n<link rel=\"canonical\" href=\"https:\/\/tinychat.com\/it\/chateek\/\" \/>\n<meta property=\"og:locale\" content=\"it_IT\" \/>\n<meta property=\"og:type\" content=\"article\" \/>\n<meta property=\"og:title\" content=\"Chateek - Online Chat in Real Time - TinyChat.com\" \/>\n<meta property=\"og:description\" content=\"Enjoying Chateek? Join over 50,000,000 strangers on TinyChat! Turn on your cam and start meeting new people, or find a match.\" \/>\n<meta property=\"og:url\" content=\"https:\/\/tinychat.com\/it\/chateek\/\" \/>\n<meta property=\"og:site_name\" content=\"TinyChat\" \/>\n<meta property=\"article:publisher\" content=\"https:\/\/www.facebook.com\/tinychat\" \/>\n<meta property=\"article:modified_time\" content=\"2025-10-21T11:23:07+00:00\" \/>\n<meta property=\"og:image\" content=\"https:\/\/tinychat.com\/wp-content\/uploads\/2020\/04\/Tinychat-logo-1280x284-new-black.png\" \/>\n\t<meta property=\"og:image:width\" content=\"1280\" \/>\n\t<meta property=\"og:image:height\" content=\"284\" \/>\n\t<meta property=\"og:image:type\" content=\"image\/png\" \/>\n<meta name=\"twitter:card\" content=\"summary_large_image\" \/>\n<meta name=\"twitter:site\" content=\"@tinychat\" \/>\n<meta name=\"twitter:label1\" content=\"Tempo di lettura stimato\" \/>\n\t<meta name=\"twitter:data1\" content=\"6 minuti\" \/>\n<script type=\"application\/ld+json\" class=\"yoast-schema-graph\">{\"@context\":\"https:\\\/\\\/schema.org\",\"@graph\":[{\"@type\":\"WebPage\",\"@id\":\"https:\\\/\\\/tinychat.com\\\/chateek\\\/\",\"url\":\"https:\\\/\\\/tinychat.com\\\/chateek\\\/\",\"name\":\"Chateek - Online Chat in Real Time - TinyChat.com\",\"isPartOf\":{\"@id\":\"https:\\\/\\\/tinychat.com\\\/#website\"},\"datePublished\":\"2025-10-21T09:40:58+00:00\",\"dateModified\":\"2025-10-21T11:23:07+00:00\",\"description\":\"Enjoying Chateek? Join over 50,000,000 strangers on TinyChat! Turn on your cam and start meeting new people, or find a match.\",\"breadcrumb\":{\"@id\":\"https:\\\/\\\/tinychat.com\\\/chateek\\\/#breadcrumb\"},\"inLanguage\":\"it-IT\",\"potentialAction\":[{\"@type\":\"ReadAction\",\"target\":[\"https:\\\/\\\/tinychat.com\\\/chateek\\\/\"]}]},{\"@type\":\"BreadcrumbList\",\"@id\":\"https:\\\/\\\/tinychat.com\\\/chateek\\\/#breadcrumb\",\"itemListElement\":[{\"@type\":\"ListItem\",\"position\":1,\"name\":\"Home\",\"item\":\"https:\\\/\\\/tinychat.com\\\/\"},{\"@type\":\"ListItem\",\"position\":2,\"name\":\"Chateek\"}]},{\"@type\":\"WebSite\",\"@id\":\"https:\\\/\\\/tinychat.com\\\/#website\",\"url\":\"https:\\\/\\\/tinychat.com\\\/\",\"name\":\"TinyChat\",\"description\":\"Random Video Chat with Strangers\",\"publisher\":{\"@id\":\"https:\\\/\\\/tinychat.com\\\/#organization\"},\"alternateName\":\"TinyChat.com\",\"potentialAction\":[{\"@type\":\"SearchAction\",\"target\":{\"@type\":\"EntryPoint\",\"urlTemplate\":\"https:\\\/\\\/tinychat.com\\\/?s={search_term_string}\"},\"query-input\":{\"@type\":\"PropertyValueSpecification\",\"valueRequired\":true,\"valueName\":\"search_term_string\"}}],\"inLanguage\":\"it-IT\"},{\"@type\":\"Organization\",\"@id\":\"https:\\\/\\\/tinychat.com\\\/#organization\",\"name\":\"TinyChat\",\"alternateName\":\"TinyChat.com\",\"url\":\"https:\\\/\\\/tinychat.com\\\/\",\"logo\":{\"@type\":\"ImageObject\",\"inLanguage\":\"it-IT\",\"@id\":\"https:\\\/\\\/tinychat.com\\\/#\\\/schema\\\/logo\\\/image\\\/\",\"url\":\"https:\\\/\\\/tinychat.com\\\/wp-content\\\/uploads\\\/2023\\\/11\\\/Tinychat-icon-square.png\",\"contentUrl\":\"https:\\\/\\\/tinychat.com\\\/wp-content\\\/uploads\\\/2023\\\/11\\\/Tinychat-icon-square.png\",\"width\":284,\"height\":284,\"caption\":\"TinyChat\"},\"image\":{\"@id\":\"https:\\\/\\\/tinychat.com\\\/#\\\/schema\\\/logo\\\/image\\\/\"},\"sameAs\":[\"https:\\\/\\\/www.facebook.com\\\/tinychat\",\"https:\\\/\\\/x.com\\\/tinychat\"]}]}<\/script>\n<!-- \/ Yoast SEO plugin. -->","yoast_head_json":{"title":"Chateek - Chat online in tempo reale - TinyChat.com","description":"Ti piace Chateek? Unisciti a oltre 50.000.000 di sconosciuti su TinyChat! Accendi la tua cam e inizia a conoscere nuove persone o a trovare un partner.","robots":{"index":"index","follow":"follow","max-snippet":"max-snippet:-1","max-image-preview":"max-image-preview:large","max-video-preview":"max-video-preview:-1"},"canonical":"https:\/\/tinychat.com\/it\/chateek\/","og_locale":"it_IT","og_type":"article","og_title":"Chateek - Online Chat in Real Time - TinyChat.com","og_description":"Enjoying Chateek? Join over 50,000,000 strangers on TinyChat! Turn on your cam and start meeting new people, or find a match.","og_url":"https:\/\/tinychat.com\/it\/chateek\/","og_site_name":"TinyChat","article_publisher":"https:\/\/www.facebook.com\/tinychat","article_modified_time":"2025-10-21T11:23:07+00:00","og_image":[{"width":1280,"height":284,"url":"https:\/\/tinychat.com\/wp-content\/uploads\/2020\/04\/Tinychat-logo-1280x284-new-black.png","type":"image\/png"}],"twitter_card":"summary_large_image","twitter_site":"@tinychat","twitter_misc":{"Tempo di lettura stimato":"6 minuti"},"schema":{"@context":"https:\/\/schema.org","@graph":[{"@type":"WebPage","@id":"https:\/\/tinychat.com\/chateek\/","url":"https:\/\/tinychat.com\/chateek\/","name":"Chateek - Chat online in tempo reale - TinyChat.com","isPartOf":{"@id":"https:\/\/tinychat.com\/#website"},"datePublished":"2025-10-21T09:40:58+00:00","dateModified":"2025-10-21T11:23:07+00:00","description":"Ti piace Chateek? Unisciti a oltre 50.000.000 di sconosciuti su TinyChat! Accendi la tua cam e inizia a conoscere nuove persone o a trovare un partner.","breadcrumb":{"@id":"https:\/\/tinychat.com\/chateek\/#breadcrumb"},"inLanguage":"it-IT","potentialAction":[{"@type":"ReadAction","target":["https:\/\/tinychat.com\/chateek\/"]}]},{"@type":"BreadcrumbList","@id":"https:\/\/tinychat.com\/chateek\/#breadcrumb","itemListElement":[{"@type":"ListItem","position":1,"name":"Home","item":"https:\/\/tinychat.com\/"},{"@type":"ListItem","position":2,"name":"Chateek"}]},{"@type":"WebSite","@id":"https:\/\/tinychat.com\/#website","url":"https:\/\/tinychat.com\/","name":"TinyChat","description":"Videochat casuale con sconosciuti","publisher":{"@id":"https:\/\/tinychat.com\/#organization"},"alternateName":"TinyChat.com","potentialAction":[{"@type":"SearchAction","target":{"@type":"EntryPoint","urlTemplate":"https:\/\/tinychat.com\/?s={search_term_string}"},"query-input":{"@type":"PropertyValueSpecification","valueRequired":true,"valueName":"search_term_string"}}],"inLanguage":"it-IT"},{"@type":"Organization","@id":"https:\/\/tinychat.com\/#organization","name":"TinyChat","alternateName":"TinyChat.com","url":"https:\/\/tinychat.com\/","logo":{"@type":"ImageObject","inLanguage":"it-IT","@id":"https:\/\/tinychat.com\/#\/schema\/logo\/image\/","url":"https:\/\/tinychat.com\/wp-content\/uploads\/2023\/11\/Tinychat-icon-square.png","contentUrl":"https:\/\/tinychat.com\/wp-content\/uploads\/2023\/11\/Tinychat-icon-square.png","width":284,"height":284,"caption":"TinyChat"},"image":{"@id":"https:\/\/tinychat.com\/#\/schema\/logo\/image\/"},"sameAs":["https:\/\/www.facebook.com\/tinychat","https:\/\/x.com\/tinychat"]}]}},"_links":{"self":[{"href":"https:\/\/tinychat.com\/it\/wp-json\/wp\/v2\/pages\/10160","targetHints":{"allow":["GET"]}}],"collection":[{"href":"https:\/\/tinychat.com\/it\/wp-json\/wp\/v2\/pages"}],"about":[{"href":"https:\/\/tinychat.com\/it\/wp-json\/wp\/v2\/types\/page"}],"author":[{"embeddable":true,"href":"https:\/\/tinychat.com\/it\/wp-json\/wp\/v2\/users\/6"}],"replies":[{"embeddable":true,"href":"https:\/\/tinychat.com\/it\/wp-json\/wp\/v2\/comments?post=10160"}],"version-history":[{"count":3,"href":"https:\/\/tinychat.com\/it\/wp-json\/wp\/v2\/pages\/10160\/revisions"}],"predecessor-version":[{"id":13563,"href":"https:\/\/tinychat.com\/it\/wp-json\/wp\/v2\/pages\/10160\/revisions\/13563"}],"wp:attachment":[{"href":"https:\/\/tinychat.com\/it\/wp-json\/wp\/v2\/media?parent=10160"}],"curies":[{"name":"wp","href":"https:\/\/api.w.org\/{rel}","templated":true}]}}