{"id":10206,"date":"2025-05-30T14:48:39","date_gmt":"2025-05-30T12:48:39","guid":{"rendered":"https:\/\/tinychat.com\/?page_id=10206"},"modified":"2025-07-07T18:31:23","modified_gmt":"2025-07-07T16:31:23","slug":"joingy","status":"publish","type":"page","link":"https:\/\/tinychat.com\/it\/joingy\/","title":{"rendered":"Joingy"},"content":{"rendered":"<p>Joingy si \u00e8 ritagliato una nicchia di mercato offrendo una piattaforma che punta tutto su velocit\u00e0, semplicit\u00e0 e anonimato. Se state cercando di entrare istantaneamente in una conversazione con un utente casuale <a href=\"https:\/\/tinychat.com\/it\/strangercam\/\">estraneo<\/a> - Nessun profilo, nessun download, nessuna complicazione: l'Joingy potrebbe essere la soluzione ideale. <a href=\"https:\/\/tinychat.com\/it\/chatroulette\/\">chat<\/a> sito che state cercando.<\/p>\n<p>Si concentra principalmente su video e testi casuali <a href=\"https:\/\/tinychat.com\/it\/chatroulette\/\">chat<\/a>Joingy offre un'esperienza pulita ed efficiente per gli utenti che desiderano interagire in tempo reale con persone di tutto il mondo. Che lo si faccia per divertimento, per conoscere nuove persone o semplicemente per ammazzare il tempo, la rapidit\u00e0 degli incontri e l'interfaccia senza fronzoli fanno di Joingy una piattaforma di riferimento per le conversazioni spontanee.<\/p>\n<p>In questa guida completa, analizzeremo che cos'\u00e8 l'Joingy, le sue caratteristiche principali, il confronto con i concorrenti, le considerazioni sulla sicurezza e come sfruttare al meglio la vostra esperienza su questo sempre pi\u00f9 diffuso <a href=\"https:\/\/tinychat.com\/it\/strangercam\/\">estraneo<\/a> <a href=\"https:\/\/tinychat.com\/it\/chatroulette\/\">chat<\/a> sito.<\/p>\n<h2>Che cos'\u00e8 l'Joingy?<\/h2>\n<p>Joingy \u00e8 un servizio di video e testo anonimo e gratuito. <a href=\"https:\/\/tinychat.com\/it\/chatroulette\/\">chat<\/a> piattaforma che mette in contatto gli utenti in modo casuale per conversazioni in tempo reale. Come <a href=\"https:\/\/tinychat.com\/it\/omegle\/\">Omegle<\/a> e <a href=\"https:\/\/tinychat.com\/it\/chatroulette\/\">Chatroulette<\/a>non richiede la registrazione o la creazione di un profilo: gli utenti devono semplicemente selezionare un <a href=\"https:\/\/tinychat.com\/it\/chatroulette\/\">chat<\/a> e vengono immediatamente accoppiati con un <a href=\"https:\/\/tinychat.com\/it\/strangercam\/\">estraneo<\/a>.<\/p>\n<p>Ci\u00f2 che distingue Joingy \u00e8 la sua attenzione per il matchmaking video veloce e uno contro uno, insieme al filtraggio opzionale basato sugli interessi e a un design elegante e reattivo che funziona bene sia su desktop che su mobile.<\/p>\n<p>Anche se non offre <a href=\"https:\/\/tinychat.com\/it\/chatroulette\/\">chat<\/a> stanze o funzioni avanzate di community, l'Joingy fa quello che sa fare molto bene: facilitare le interazioni private e anonime tra due persone alla volta.<\/p>\n<h2>Caratteristiche principali di Joingy<\/h2>\n<p>Joingy mantiene le cose semplici, e questa \u00e8 una parte importante del suo fascino. Ecco le caratteristiche principali della piattaforma:<\/p>\n<h3>1. Chat istantanea video o di testo<\/h3>\n<p>Il cuore dell'Joingy \u00e8 il suo rapporto uno-a-uno. <a href=\"https:\/\/tinychat.com\/it\/chatroulette\/\">chat<\/a> sistema. Non appena si arriva sul sito, si pu\u00f2 scegliere tra testo e video. <a href=\"https:\/\/tinychat.com\/it\/chatroulette\/\">chat<\/a>e poi fare clic su \"Avvia\" per collegarsi immediatamente con una persona a caso. <a href=\"https:\/\/tinychat.com\/it\/strangercam\/\">estraneo<\/a>.<\/p>\n<p>L'interfaccia \u00e8 veloce, leggera e costruita per funzionare senza ritardi, anche sulle connessioni pi\u00f9 lente.<\/p>\n<h3>2. Tag di interesse (corrispondenza di parole chiave)<\/h3>\n<p>Per migliorare le probabilit\u00e0 di un'interazione significativa, Joingy offre la funzione di matchmaking basata sugli interessi. Prima di iniziare una sessione, gli utenti possono inserire una o pi\u00f9 parole chiave o argomenti. Il sistema cercher\u00e0 di abbinare l'utente con altri che hanno inserito interessi simili.<\/p>\n<p>Questa funzione \u00e8 ideale per chi vuole discutere di argomenti specifici, incontrare utenti che la pensano come lui o evitare conversazioni completamente casuali.<\/p>\n<h3>3. Anonimo per impostazione predefinita<\/h3>\n<p>Joingy non richiede alcuna informazione personale per essere utilizzato. Non c'\u00e8 login, n\u00e9 account, n\u00e9 acquisizione di e-mail. L'utente viene semplicemente identificato come \"Straniero\" e la sua sessione \u00e8 temporanea e usa e getta.<\/p>\n<p>L'anonimato \u00e8 uno dei valori fondamentali di Joingy, che consente una comunicazione onesta e senza filtri, senza la pressione dell'identit\u00e0 o di un legame a lungo termine.<\/p>\n<h3>4. Basato su browser e compatibile con i dispositivi mobili<\/h3>\n<p>Non \u00e8 necessaria alcuna applicazione. Joingy funziona interamente nel browser, con un'interfaccia mobile che funziona perfettamente su telefoni e tablet.<\/p>\n<p>Sebbene la piattaforma non offra applicazioni mobili (iOS\/Android), la sua versione web \u00e8 completamente ottimizzata per gli schermi pi\u00f9 piccoli e per l'interazione touch-based.<\/p>\n<h3>5. Salto automatico e riconnessione rapida<\/h3>\n<p>Non godetevi il vostro attuale <a href=\"https:\/\/tinychat.com\/it\/chatroulette\/\">chat<\/a>? \u00c8 sufficiente fare clic su \"Avanti\" per essere immediatamente abbinati a un nuovo utente. Joingy enfatizza la velocit\u00e0, quindi non ci sono schermate di caricamento o ritardi quando si passa alla connessione successiva.<\/p>\n<p>\u00c8 inoltre possibile riattivare o disattivare la fotocamera e il microfono in qualsiasi momento durante la sessione.<\/p>\n<h2>Come utilizzare Joingy<\/h2>\n<p>Iniziare con Joingy \u00e8 semplicissimo. Ecco una guida passo passo all'utilizzo della piattaforma:<\/p>\n<h3>Passo 1: visitare il sito web<\/h3>\n<p>Andate su joingy.com utilizzando qualsiasi browser moderno. Arriverete direttamente alla pagina principale <a href=\"https:\/\/tinychat.com\/it\/chatroulette\/\">chat<\/a> interfaccia.<\/p>\n<h3>Passo 2: Scegliere la modalit\u00e0 di chat<\/h3>\n<p>Selezionare tra:<\/p>\n<ul>\n<li>Video <a href=\"https:\/\/tinychat.com\/it\/chatroulette\/\">Chat<\/a><\/li>\n<li>Testo <a href=\"https:\/\/tinychat.com\/it\/chatroulette\/\">Chat<\/a><\/li>\n<\/ul>\n<p>\u00c8 necessario garantire l'accesso alla telecamera e al microfono per i video. <a href=\"https:\/\/tinychat.com\/it\/chatroulette\/\">chat<\/a>.<\/p>\n<h3>Fase 3: Aggiunta di etichette di interesse (facoltativa)<\/h3>\n<p>Digitate gli argomenti che vi interessano, ad esempio: \"musica\", \"anime\", \"filosofia\" o \"persone divertenti\". Questo aiuta il sistema ad abbinare l'utente con altri che condividono tag simili.<\/p>\n<h3>Passo 4: fare clic su \"Avvio\".<\/h3>\n<p>Una volta pronti, fate clic su \"Avvia\" e sarete collegati a un sistema di <a href=\"https:\/\/tinychat.com\/it\/strangercam\/\">estraneo<\/a> istantaneamente. Il <a href=\"https:\/\/tinychat.com\/it\/chatroulette\/\">chat<\/a> La finestra visualizzer\u00e0 il vostro video e il loro (se si usa il video), insieme a una semplice interfaccia di messaggi.<\/p>\n<h3>Passo 5: Saltare o terminare la chat<\/h3>\n<p>\u00c8 possibile abbandonare la conversazione in qualsiasi momento facendo clic su \"Salta\" per passare a una nuova conversazione. <a href=\"https:\/\/tinychat.com\/it\/strangercam\/\">estraneo<\/a> o \"Stop\" per terminare completamente la sessione.<\/p>\n<h2>Esperienza utente su Joingy<\/h2>\n<p>Joingy si concentra su velocit\u00e0, semplicit\u00e0 e design pulito. Per coloro che sono abituati a interfacce complicate o a pubblicit\u00e0 pesanti <a href=\"https:\/\/tinychat.com\/it\/chatroulette\/\">chat<\/a> siti, l'Joingy ha una sensazione di freschezza, modernit\u00e0 e fluidit\u00e0.<\/p>\n<h3>Cosa piace agli utenti<\/h3>\n<ul>\n<li>Layout minimalista senza distrazioni<\/li>\n<li>Corrispondenza veloce e senza ritardi<\/li>\n<li>Non \u00e8 richiesta la registrazione<\/li>\n<li>I tag di interesse aiutano a guidare la conversazione<\/li>\n<li>Funziona bene sia su desktop che su mobile<\/li>\n<\/ul>\n<h3>Cosa si potrebbe migliorare<\/h3>\n<ul>\n<li>Nessuna applicazione mobile - esperienza solo via browser<\/li>\n<li>Nessun profilo utente, lista amici o <a href=\"https:\/\/tinychat.com\/it\/chatroulette\/\">chat<\/a> storia<\/li>\n<li>Nessun strumento di moderazione per gli utenti (ad esempio, il pulsante di segnalazione).<\/li>\n<li>Alcuni bot o troll riescono ancora a passare attraverso di noi<\/li>\n<\/ul>\n<h2>Recensioni di utenti reali<\/h2>\n<blockquote><p>\"Onestamente, Joingy \u00e8 veloce e pulito. Non ho bisogno di iscrivermi e posso parlare con qualcuno in meno di cinque secondi\".<br \/>\n- Marco J., Trustpilot<\/p><\/blockquote>\n<blockquote><p>\"Lo uso per praticare lo spagnolo con persone a caso. Le etichette di interesse a volte funzionano davvero. \u00c8 meglio di <a href=\"https:\/\/tinychat.com\/it\/omegle\/\">Omegle<\/a>.\"<br \/>\n- Anya T., Reddit<\/p><\/blockquote>\n<blockquote><p>\"Buono per le chiacchierate veloci. Ma come la maggior parte <a href=\"https:\/\/tinychat.com\/it\/chatroulette\/\">chat<\/a> siti, devi saltare qualche stramboide prima di trovare una buona conversazione\".<br \/>\n- Raymond M., Sitejabber<\/p><\/blockquote>\n<h2>Joingy vs altre piattaforme di video chat<\/h2>\n<p>Vediamo come l'Joingy si colloca rispetto alle alternative pi\u00f9 diffuse nel mercato casuale <a href=\"https:\/\/tinychat.com\/it\/chatroulette\/\">chat<\/a> spazio:<\/p>\n<table>\n<thead>\n<tr>\n<th>Caratteristica<\/th>\n<th>Joingy<\/th>\n<th><a href=\"https:\/\/tinychat.com\/it\/omegle\/\">Omegle<\/a><\/th>\n<th><a href=\"https:\/\/tinychat.com\/it\/chatroulette\/\">Chatroulette<\/a><\/th>\n<th><a href=\"https:\/\/tinychat.com\/it\/chathub\/\">ChatHub<\/a><\/th>\n<th><a href=\"https:\/\/tinychat.com\/it\/ometv\/\">OmeTV<\/a><\/th>\n<\/tr>\n<\/thead>\n<tbody>\n<tr>\n<td>Video istantaneo <a href=\"https:\/\/tinychat.com\/it\/chatroulette\/\">Chat<\/a><\/td>\n<td>\u2705 S\u00ec<\/td>\n<td>\u2705 S\u00ec<\/td>\n<td>\u2705 S\u00ec<\/td>\n<td>\u2705 S\u00ec<\/td>\n<td>\u2705 S\u00ec<\/td>\n<\/tr>\n<tr>\n<td>Testo <a href=\"https:\/\/tinychat.com\/it\/chatroulette\/\">Chat<\/a> Opzione<\/td>\n<td>\u2705 S\u00ec<\/td>\n<td>\u2705 S\u00ec<\/td>\n<td>\u2705 S\u00ec<\/td>\n<td>\u2705 S\u00ec<\/td>\n<td>\u2705 S\u00ec<\/td>\n<\/tr>\n<tr>\n<td>Tag interesse<\/td>\n<td>\u2705 S\u00ec<\/td>\n<td>\u2705 S\u00ec<\/td>\n<td>\u274c No<\/td>\n<td>\u274c No<\/td>\n<td>\u274c No<\/td>\n<\/tr>\n<tr>\n<td>Uso anonimo<\/td>\n<td>\u2705 S\u00ec<\/td>\n<td>\u2705 S\u00ec<\/td>\n<td>\u2705 S\u00ec<\/td>\n<td>\u2705 S\u00ec<\/td>\n<td>\u2705 S\u00ec<\/td>\n<\/tr>\n<tr>\n<td>Nessuna registrazione<\/td>\n<td>\u2705 S\u00ec<\/td>\n<td>\u2705 S\u00ec<\/td>\n<td>\u2705 S\u00ec<\/td>\n<td>\u2705 S\u00ec<\/td>\n<td>\u2705 S\u00ec<\/td>\n<\/tr>\n<tr>\n<td>Strumenti di moderazione<\/td>\n<td>\u26a0\ufe0f Minimal<\/td>\n<td>\u26a0\ufe0f Povero<\/td>\n<td>Moderato<\/td>\n<td>Forte<\/td>\n<td>Forte<\/td>\n<\/tr>\n<tr>\n<td>App mobile<\/td>\n<td>\u274c No App<\/td>\n<td>\u274c No<\/td>\n<td>\u2705 S\u00ec<\/td>\n<td>\u274c No App<\/td>\n<td>\u2705 S\u00ec<\/td>\n<\/tr>\n<tr>\n<td>Qualit\u00e0 video<\/td>\n<td>Buono<\/td>\n<td>\u26a0\ufe0f Variare<\/td>\n<td>Buono<\/td>\n<td>Eccellente<\/td>\n<td>Buono<\/td>\n<\/tr>\n<\/tbody>\n<\/table>\n<p>Sommario: L'Joingy offre una delle soluzioni video pi\u00f9 semplici e veloci. <a href=\"https:\/\/tinychat.com\/it\/chatroulette\/\">chat<\/a> esperienze online, rivaleggiando con <a href=\"https:\/\/tinychat.com\/it\/omegle\/\">Omegle<\/a> per la facilit\u00e0 di accesso, ma con un design pi\u00f9 pulito e utili filtri di interesse.<\/p>\n<h2>Joingy \u00e8 sicuro?<\/h2>\n<p>Joingy fa del suo meglio per offrire chat anonime e private, ma la sicurezza dipende in larga misura dall'utente. A differenza di altre piattaforme, Joingy non offre strumenti di segnalazione o moderatori visibili.<\/p>\n<h3>Rischi potenziali<\/h3>\n<ul>\n<li>Contenuti inappropriati nelle chat video<\/li>\n<li>Bot o spam scriptato in modalit\u00e0 testo<\/li>\n<li>Nessuna verifica dell'et\u00e0 - gli adolescenti possono essere esposti a contenuti per adulti<\/li>\n<\/ul>\n<h3>Migliori pratiche per un uso sicuro<\/h3>\n<ul>\n<li>Non condividere mai informazioni personali (nome, indirizzo, social media).<\/li>\n<li>Non cliccate sui link condivisi da altri utenti<\/li>\n<li>Saltare immediatamente se un utente si comporta in modo inappropriato<\/li>\n<li>Utilizzare il sito in ambienti moderati (ad esempio a casa, non in Wi-Fi pubblici).<\/li>\n<li>Considerate l'utilizzo di una VPN per una maggiore privacy<\/li>\n<\/ul>\n<h2>Suggerimenti per ottenere il massimo dall'Joingy<\/h2>\n<ul>\n<li>Utilizzate saggiamente i tag di interesse: gli argomenti di nicchia aiutano a filtrare meglio le corrispondenze.<\/li>\n<li>Utilizzate le cuffie per un audio pi\u00f9 chiaro e una maggiore privacy<\/li>\n<li>Avere una buona illuminazione per videochiamate pi\u00f9 coinvolgenti<\/li>\n<li>Non abbiate paura di saltare: non siete obbligati a rimanere in nessun <a href=\"https:\/\/tinychat.com\/it\/chatroulette\/\">chat<\/a><\/li>\n<li>Provate a chattare in orari diversi: i dati demografici degli utenti variano a seconda della regione e del fuso orario.<\/li>\n<\/ul>\n<h2>Risoluzione dei problemi comuni<\/h2>\n<h3>La fotocamera o il microfono non funzionano<\/h3>\n<p>Assicuratevi che il vostro browser abbia i permessi abilitati. Provate ad aggiornare o a utilizzare un altro browser (Chrome \u00e8 il migliore).<\/p>\n<h3>Schermo video vuoto o nero<\/h3>\n<p>Potrebbe essere sul lato dell'altro utente. Saltate e riprovate. Controllare anche che la fotocamera non sia utilizzata da un'altra applicazione.<\/p>\n<h3>La corrispondenza degli interessi non funziona<\/h3>\n<p>Utilizzate parole chiave pi\u00f9 ampie o pi\u00f9 comuni. A volte gli argomenti di nicchia non hanno abbastanza utenti attivi.<\/p>\n<h3>Comportamento inappropriato<\/h3>\n<p>Joingy non dispone attualmente di un pulsante di segnalazione da parte dell'utente. La cosa migliore da fare \u00e8 saltare immediatamente.<\/p>\n<p>Joingy offre esattamente ci\u00f2 che promette: un modo pulito, senza login, di <a href=\"https:\/\/tinychat.com\/it\/talk-to-strangers\/\">parlare con gli sconosciuti<\/a> tramite testo o video. Grazie a funzioni come i tag di interesse e la compatibilit\u00e0 con i dispositivi mobili, \u00e8 una scelta eccellente per gli utenti occasionali che desiderano un modo semplice per incontrare qualcuno di nuovo.<\/p>\n<p>Non \u00e8 privo di difetti - la moderazione limitata e la mancanza di supporto per le app potrebbero allontanare alcuni utenti - ma per coloro che danno priorit\u00e0 alla semplicit\u00e0, alla velocit\u00e0 e all'anonimato, l'Joingy \u00e8 un forte concorrente nella categoria dei dispositivi random. <a href=\"https:\/\/tinychat.com\/it\/chatroulette\/\">chat<\/a> spazio.<\/p>\n<p>Quindi, se siete in vena di una conversazione senza filtri, o semplicemente volete incontrare una persona che vi piace. <a href=\"https:\/\/tinychat.com\/it\/strangercam\/\">estraneo<\/a> e vedere come va, provate Joingy su joingy.com. Basta un clic.<\/p>","protected":false},"excerpt":{"rendered":"<p>Joingy has carved out a niche for itself by offering a platform that is all about speed, simplicity, and anonymity. If you&#8217;re looking to instantly jump into a conversation with a random stranger \u2014 no profiles, no downloads, no complications \u2014 Joingy might just be the chat site you&#8217;re looking for. Focused primarily on random [&hellip;]<\/p>\n","protected":false},"author":6,"featured_media":0,"parent":0,"menu_order":0,"comment_status":"closed","ping_status":"closed","template":"","meta":{"footnotes":""},"class_list":["post-10206","page","type-page","status-publish","hentry"],"yoast_head":"<!-- This site is optimized with the Yoast SEO plugin v27.3 - https:\/\/yoast.com\/product\/yoast-seo-wordpress\/ -->\n<title>Joingy - Join the Stranger Cam Chat - TinyChat.com<\/title>\n<meta name=\"description\" content=\"Enjoying Joingy? Join over 50,000,000 strangers on TinyChat! Turn on your cam and start meeting new people, or find a match.\" \/>\n<meta name=\"robots\" content=\"index, follow, max-snippet:-1, max-image-preview:large, max-video-preview:-1\" \/>\n<link rel=\"canonical\" href=\"https:\/\/tinychat.com\/it\/joingy\/\" \/>\n<meta property=\"og:locale\" content=\"it_IT\" \/>\n<meta property=\"og:type\" content=\"article\" \/>\n<meta property=\"og:title\" content=\"Joingy - Join the Stranger Cam Chat - TinyChat.com\" \/>\n<meta property=\"og:description\" content=\"Enjoying Joingy? Join over 50,000,000 strangers on TinyChat! Turn on your cam and start meeting new people, or find a match.\" \/>\n<meta property=\"og:url\" content=\"https:\/\/tinychat.com\/it\/joingy\/\" \/>\n<meta property=\"og:site_name\" content=\"TinyChat\" \/>\n<meta property=\"article:publisher\" content=\"https:\/\/www.facebook.com\/tinychat\" \/>\n<meta property=\"article:modified_time\" content=\"2025-07-07T16:31:23+00:00\" \/>\n<meta property=\"og:image\" content=\"https:\/\/tinychat.com\/wp-content\/uploads\/2020\/04\/Tinychat-logo-1280x284-new-black.png\" \/>\n\t<meta property=\"og:image:width\" content=\"1280\" \/>\n\t<meta property=\"og:image:height\" content=\"284\" \/>\n\t<meta property=\"og:image:type\" content=\"image\/png\" \/>\n<meta name=\"twitter:card\" content=\"summary_large_image\" \/>\n<meta name=\"twitter:site\" content=\"@tinychat\" \/>\n<meta name=\"twitter:label1\" content=\"Tempo di lettura stimato\" \/>\n\t<meta name=\"twitter:data1\" content=\"6 minuti\" \/>\n<script type=\"application\/ld+json\" class=\"yoast-schema-graph\">{\"@context\":\"https:\\\/\\\/schema.org\",\"@graph\":[{\"@type\":\"WebPage\",\"@id\":\"https:\\\/\\\/tinychat.com\\\/joingy\\\/\",\"url\":\"https:\\\/\\\/tinychat.com\\\/joingy\\\/\",\"name\":\"Joingy - Join the Stranger Cam Chat - TinyChat.com\",\"isPartOf\":{\"@id\":\"https:\\\/\\\/tinychat.com\\\/#website\"},\"datePublished\":\"2025-05-30T12:48:39+00:00\",\"dateModified\":\"2025-07-07T16:31:23+00:00\",\"description\":\"Enjoying Joingy? Join over 50,000,000 strangers on TinyChat! Turn on your cam and start meeting new people, or find a match.\",\"breadcrumb\":{\"@id\":\"https:\\\/\\\/tinychat.com\\\/joingy\\\/#breadcrumb\"},\"inLanguage\":\"it-IT\",\"potentialAction\":[{\"@type\":\"ReadAction\",\"target\":[\"https:\\\/\\\/tinychat.com\\\/joingy\\\/\"]}]},{\"@type\":\"BreadcrumbList\",\"@id\":\"https:\\\/\\\/tinychat.com\\\/joingy\\\/#breadcrumb\",\"itemListElement\":[{\"@type\":\"ListItem\",\"position\":1,\"name\":\"Home\",\"item\":\"https:\\\/\\\/tinychat.com\\\/\"},{\"@type\":\"ListItem\",\"position\":2,\"name\":\"Joingy\"}]},{\"@type\":\"WebSite\",\"@id\":\"https:\\\/\\\/tinychat.com\\\/#website\",\"url\":\"https:\\\/\\\/tinychat.com\\\/\",\"name\":\"TinyChat\",\"description\":\"Random Video Chat with Strangers\",\"publisher\":{\"@id\":\"https:\\\/\\\/tinychat.com\\\/#organization\"},\"alternateName\":\"TinyChat.com\",\"potentialAction\":[{\"@type\":\"SearchAction\",\"target\":{\"@type\":\"EntryPoint\",\"urlTemplate\":\"https:\\\/\\\/tinychat.com\\\/?s={search_term_string}\"},\"query-input\":{\"@type\":\"PropertyValueSpecification\",\"valueRequired\":true,\"valueName\":\"search_term_string\"}}],\"inLanguage\":\"it-IT\"},{\"@type\":\"Organization\",\"@id\":\"https:\\\/\\\/tinychat.com\\\/#organization\",\"name\":\"TinyChat\",\"alternateName\":\"TinyChat.com\",\"url\":\"https:\\\/\\\/tinychat.com\\\/\",\"logo\":{\"@type\":\"ImageObject\",\"inLanguage\":\"it-IT\",\"@id\":\"https:\\\/\\\/tinychat.com\\\/#\\\/schema\\\/logo\\\/image\\\/\",\"url\":\"https:\\\/\\\/tinychat.com\\\/wp-content\\\/uploads\\\/2023\\\/11\\\/Tinychat-icon-square.png\",\"contentUrl\":\"https:\\\/\\\/tinychat.com\\\/wp-content\\\/uploads\\\/2023\\\/11\\\/Tinychat-icon-square.png\",\"width\":284,\"height\":284,\"caption\":\"TinyChat\"},\"image\":{\"@id\":\"https:\\\/\\\/tinychat.com\\\/#\\\/schema\\\/logo\\\/image\\\/\"},\"sameAs\":[\"https:\\\/\\\/www.facebook.com\\\/tinychat\",\"https:\\\/\\\/x.com\\\/tinychat\"]}]}<\/script>\n<!-- \/ Yoast SEO plugin. -->","yoast_head_json":{"title":"Joingy - Entra nella chat Stranger Cam - TinyChat.com","description":"Ti piace l'Joingy? Unisciti a oltre 50.000.000 di sconosciuti su TinyChat! Accendi la tua cam e inizia a conoscere nuove persone o a trovare un partner.","robots":{"index":"index","follow":"follow","max-snippet":"max-snippet:-1","max-image-preview":"max-image-preview:large","max-video-preview":"max-video-preview:-1"},"canonical":"https:\/\/tinychat.com\/it\/joingy\/","og_locale":"it_IT","og_type":"article","og_title":"Joingy - Join the Stranger Cam Chat - TinyChat.com","og_description":"Enjoying Joingy? Join over 50,000,000 strangers on TinyChat! Turn on your cam and start meeting new people, or find a match.","og_url":"https:\/\/tinychat.com\/it\/joingy\/","og_site_name":"TinyChat","article_publisher":"https:\/\/www.facebook.com\/tinychat","article_modified_time":"2025-07-07T16:31:23+00:00","og_image":[{"width":1280,"height":284,"url":"https:\/\/tinychat.com\/wp-content\/uploads\/2020\/04\/Tinychat-logo-1280x284-new-black.png","type":"image\/png"}],"twitter_card":"summary_large_image","twitter_site":"@tinychat","twitter_misc":{"Tempo di lettura stimato":"6 minuti"},"schema":{"@context":"https:\/\/schema.org","@graph":[{"@type":"WebPage","@id":"https:\/\/tinychat.com\/joingy\/","url":"https:\/\/tinychat.com\/joingy\/","name":"Joingy - Entra nella chat Stranger Cam - TinyChat.com","isPartOf":{"@id":"https:\/\/tinychat.com\/#website"},"datePublished":"2025-05-30T12:48:39+00:00","dateModified":"2025-07-07T16:31:23+00:00","description":"Ti piace l'Joingy? Unisciti a oltre 50.000.000 di sconosciuti su TinyChat! Accendi la tua cam e inizia a conoscere nuove persone o a trovare un partner.","breadcrumb":{"@id":"https:\/\/tinychat.com\/joingy\/#breadcrumb"},"inLanguage":"it-IT","potentialAction":[{"@type":"ReadAction","target":["https:\/\/tinychat.com\/joingy\/"]}]},{"@type":"BreadcrumbList","@id":"https:\/\/tinychat.com\/joingy\/#breadcrumb","itemListElement":[{"@type":"ListItem","position":1,"name":"Home","item":"https:\/\/tinychat.com\/"},{"@type":"ListItem","position":2,"name":"Joingy"}]},{"@type":"WebSite","@id":"https:\/\/tinychat.com\/#website","url":"https:\/\/tinychat.com\/","name":"TinyChat","description":"Videochat casuale con sconosciuti","publisher":{"@id":"https:\/\/tinychat.com\/#organization"},"alternateName":"TinyChat.com","potentialAction":[{"@type":"SearchAction","target":{"@type":"EntryPoint","urlTemplate":"https:\/\/tinychat.com\/?s={search_term_string}"},"query-input":{"@type":"PropertyValueSpecification","valueRequired":true,"valueName":"search_term_string"}}],"inLanguage":"it-IT"},{"@type":"Organization","@id":"https:\/\/tinychat.com\/#organization","name":"TinyChat","alternateName":"TinyChat.com","url":"https:\/\/tinychat.com\/","logo":{"@type":"ImageObject","inLanguage":"it-IT","@id":"https:\/\/tinychat.com\/#\/schema\/logo\/image\/","url":"https:\/\/tinychat.com\/wp-content\/uploads\/2023\/11\/Tinychat-icon-square.png","contentUrl":"https:\/\/tinychat.com\/wp-content\/uploads\/2023\/11\/Tinychat-icon-square.png","width":284,"height":284,"caption":"TinyChat"},"image":{"@id":"https:\/\/tinychat.com\/#\/schema\/logo\/image\/"},"sameAs":["https:\/\/www.facebook.com\/tinychat","https:\/\/x.com\/tinychat"]}]}},"_links":{"self":[{"href":"https:\/\/tinychat.com\/it\/wp-json\/wp\/v2\/pages\/10206","targetHints":{"allow":["GET"]}}],"collection":[{"href":"https:\/\/tinychat.com\/it\/wp-json\/wp\/v2\/pages"}],"about":[{"href":"https:\/\/tinychat.com\/it\/wp-json\/wp\/v2\/types\/page"}],"author":[{"embeddable":true,"href":"https:\/\/tinychat.com\/it\/wp-json\/wp\/v2\/users\/6"}],"replies":[{"embeddable":true,"href":"https:\/\/tinychat.com\/it\/wp-json\/wp\/v2\/comments?post=10206"}],"version-history":[{"count":3,"href":"https:\/\/tinychat.com\/it\/wp-json\/wp\/v2\/pages\/10206\/revisions"}],"predecessor-version":[{"id":13198,"href":"https:\/\/tinychat.com\/it\/wp-json\/wp\/v2\/pages\/10206\/revisions\/13198"}],"wp:attachment":[{"href":"https:\/\/tinychat.com\/it\/wp-json\/wp\/v2\/media?parent=10206"}],"curies":[{"name":"wp","href":"https:\/\/api.w.org\/{rel}","templated":true}]}}