{"id":11180,"date":"2025-12-02T08:44:24","date_gmt":"2025-12-02T06:44:24","guid":{"rendered":"https:\/\/tinychat.com\/?page_id=11180"},"modified":"2025-12-02T10:48:23","modified_gmt":"2025-12-02T08:48:23","slug":"randomskip","status":"publish","type":"page","link":"https:\/\/tinychat.com\/it\/randomskip\/","title":{"rendered":"Randomskip"},"content":{"rendered":"<p>Le migliori esperienze online sono spesso le pi\u00f9 semplici, e Randomskip ne \u00e8 la prova. Creato per chi desidera interazioni genuine e spontanee, Randomskip ti permette di incontrare nuove persone all'istante tramite chat video live, senza registrazioni, costi o funzioni complicate. Basta aprire il sito, cliccare su \u201cStart\u201d e ti ritroverai faccia a faccia con qualcuno di nuovo proveniente da qualsiasi parte del mondo.<\/p>\n<p>\u00c8 veloce, anonimo e sorprendentemente coinvolgente: riporta in auge l'emozione della cultura delle chat casuali dei primi tempi di Internet, ma con una tecnologia pi\u00f9 fluida e un design moderno. Che tu voglia passare il tempo, incontrare persone oltre confine o semplicemente goderti una conversazione spontanea, Randomskip lo rende semplicissimo.<\/p>\n<p>Questa recensione approfondita illustra cos'\u00e8 Randomskip, le sue caratteristiche principali, come utilizzarlo, com'\u00e8 l'esperienza utente, come si confronta con i concorrenti e i consigli essenziali per la sicurezza e l'utilizzo per sfruttare al meglio il tempo trascorso chattando online.<\/p>\n<h2>Che cos'\u00e8 Randomskip?<\/h2>\n<p>Randomskip \u00e8 una piattaforma gratuita di chat video casuale progettata per mettere in contatto istantaneamente sconosciuti tramite webcam. Il concetto \u00e8 semplice ma coinvolgente: ogni volta che clicchi su \u201cAvanti\u201d, vieni abbinato a una nuova persona, da cui il nome. <em>Randomskip.<\/em><\/p>\n<p>Non \u00e8 necessario avere un account, un profilo o un'app. \u00c8 tutto basato sul browser, privato e immediato. Randomskip punta tutto sulla velocit\u00e0 e la spontaneit\u00e0, consentendo agli utenti di entrare, chiacchierare e andare avanti come preferiscono.<\/p>\n<p>La semplicit\u00e0 della piattaforma \u00e8 il suo punto di forza principale: non ci sono distrazioni, n\u00e9 attese, n\u00e9 algoritmi che decidono chi incontrerai, solo connessioni pure e casuali.<\/p>\n<h2>Caratteristiche principali di Randomskip<\/h2>\n<p>Randomskip offre tutti gli elementi essenziali per un'esperienza di chat casuale eccezionale, combinando facilit\u00e0 d'uso e funzionalit\u00e0 affidabili.<\/p>\n<h3>1. Video chat one-to-one<\/h3>\n<ul>\n<li>Incontra nuove persone all'istante tramite webcam live.<\/li>\n<li>Qualit\u00e0 video e audio fluida per conversazioni naturali.<\/li>\n<li>Funziona interamente nel tuo browser, senza bisogno di app o download.<\/li>\n<\/ul>\n<h3>2. Pulsante di salto<\/h3>\n<ul>\n<li>Passa immediatamente alla chat successiva con un solo clic.<\/li>\n<li>Mantiene l'esperienza veloce ed emozionante.<\/li>\n<li>Incoraggia la scoperta e la spontaneit\u00e0.<\/li>\n<\/ul>\n<h3>3. Integrazione della chat di testo<\/h3>\n<ul>\n<li>Opzione testo incorporato accanto al video.<\/li>\n<li>Perfetto per ambienti pi\u00f9 silenziosi o quando si preferisce digitare.<\/li>\n<\/ul>\n<h3>4. Base di utenti globale<\/h3>\n<ul>\n<li>Entra in contatto con persone provenienti da tutto il mondo.<\/li>\n<li>Scopri nuove culture o pratica altre lingue.<\/li>\n<\/ul>\n<h3>5. Compatibilit\u00e0 con dispositivi mobili e desktop<\/h3>\n<ul>\n<li>Funziona perfettamente su smartphone, tablet e computer.<\/li>\n<li>Interfaccia completamente reattiva che si adatta al tuo dispositivo.<\/li>\n<\/ul>\n<h3>6. Nessuna registrazione richiesta<\/h3>\n<ul>\n<li>Inizia subito a chattare senza registrazione n\u00e9 account.<\/li>\n<li>Anonimato totale per gli utenti che tengono alla privacy.<\/li>\n<\/ul>\n<h3>7. 100% Accesso libero<\/h3>\n<ul>\n<li>Nessun abbonamento, costi nascosti o funzioni a pagamento per sbloccare contenuti.<\/li>\n<li>Ogni funzione \u00e8 aperta a tutti gli utenti.<\/li>\n<\/ul>\n<h3>8. Interfaccia moderna e pulita<\/h3>\n<ul>\n<li>Design minimalista per una navigazione semplice.<\/li>\n<li>L'attenzione rimane sulle conversazioni reali, non sui menu disordinati.<\/li>\n<\/ul>\n<h2>Come utilizzare Randomskip<\/h2>\n<p>Per iniziare a utilizzare Randomskip bastano pochi secondi: non \u00e8 necessario scaricare, installare o configurare nulla.<\/p>\n<h3>Passo 1: visitare il sito web<\/h3>\n<p>Vai su Randomskip.com nel tuo browser web.<\/p>\n<h3>Passo 2: Consentire i permessi<\/h3>\n<p>Concedi l'accesso alla fotocamera e al microfono quando richiesto.<\/p>\n<h3>Fase 3: Fare clic su \u201cAvvio\u201d.\u201d<\/h3>\n<p>Verrai immediatamente messo in contatto con uno sconosciuto a caso.<\/p>\n<h3>Fase 4: Conversare o saltare<\/h3>\n<p>Goditi la conversazione o clicca su \u201cAvanti\u201d per incontrare qualcuno di nuovo.<\/p>\n<h3>Fase 5: continuare a esplorare<\/h3>\n<p>Non c'\u00e8 limite al numero di persone che puoi incontrare. Ogni \u201csalto\u201d apre una nuova possibilit\u00e0.<\/p>\n<p>Tutto qui: niente login, niente profili, solo conversazioni in tempo reale.<\/p>\n<h2>Esperienza utente su Randomskip<\/h2>\n<p>Randomskip \u00e8 sinonimo di velocit\u00e0, semplicit\u00e0 e spontaneit\u00e0. \u00c8 progettato per gli utenti che desiderano un'interazione umana immediata senza complicazioni.<\/p>\n<h3>Cosa piace agli utenti<\/h3>\n<ul>\n<li>Estremamente facile da usare: basta cliccare e chattare.<\/li>\n<li>Non \u00e8 richiesta alcuna registrazione o configurazione.<\/li>\n<li>Connessioni veloci e fluide con un ritardo minimo.<\/li>\n<li>Funziona bene sia su mobile che su desktop.<\/li>\n<li>100% gratuito e privato.<\/li>\n<\/ul>\n<h3>Dove gli utenti vedono margini di miglioramento<\/h3>\n<ul>\n<li>Nessun filtro per genere o posizione (completamente casuale).<\/li>\n<li>Strumenti di moderazione limitati durante le ore non di punta.<\/li>\n<li>Impossibile ricollegarsi alle chat precedenti.<\/li>\n<li>Periodi occasionali di bassa attivit\u00e0 a seconda del fuso orario.<\/li>\n<\/ul>\n<p>Nonostante queste limitazioni, Randomskip rimane una delle esperienze di chat video casuale online pi\u00f9 semplici e divertenti.<\/p>\n<h2>Randomskip rispetto ad altre piattaforme di chat<\/h2>\n<p>Ecco come Randomskip si posiziona rispetto alle altre principali piattaforme:<\/p>\n<table>\n<thead>\n<tr>\n<th>Caratteristica<\/th>\n<th>Randomskip<\/th>\n<th>Omegle<\/th>\n<th>Chatroulette<\/th>\n<th>ChatHub<\/th>\n<th>Emerald Chat<\/th>\n<th>Umingle<\/th>\n<\/tr>\n<\/thead>\n<tbody>\n<tr>\n<td>Random Video Chat con Sconosciuti<\/td>\n<td>\u2705 S\u00ec<\/td>\n<td>\u2705 S\u00ec<\/td>\n<td>\u2705 S\u00ec<\/td>\n<td>\u2705 S\u00ec<\/td>\n<td>\u2705 S\u00ec<\/td>\n<td>\u2705 S\u00ec<\/td>\n<\/tr>\n<tr>\n<td>Opzione chat di testo<\/td>\n<td>\u2705 S\u00ec<\/td>\n<td>\u2705 S\u00ec<\/td>\n<td>\u2705 S\u00ec<\/td>\n<td>\u2705 S\u00ec<\/td>\n<td>\u2705 S\u00ec<\/td>\n<td>\u2705 S\u00ec<\/td>\n<\/tr>\n<tr>\n<td>Pulsante Salta<\/td>\n<td>\u2705 S\u00ec<\/td>\n<td>\u2705 S\u00ec<\/td>\n<td>\u2705 S\u00ec<\/td>\n<td>\u2705 S\u00ec<\/td>\n<td>\u2705 S\u00ec<\/td>\n<td>\u2705 S\u00ec<\/td>\n<\/tr>\n<tr>\n<td>Registrazione richiesta<\/td>\n<td>\u274c No<\/td>\n<td>\u274c No<\/td>\n<td>\u274c No<\/td>\n<td>Opzionale<\/td>\n<td>Opzionale<\/td>\n<td>\u274c No<\/td>\n<\/tr>\n<tr>\n<td>Filtri (Genere\/Localizzazione)<\/td>\n<td>\u274c No<\/td>\n<td>\u274c No<\/td>\n<td>Limitato<\/td>\n<td>\u2705 S\u00ec<\/td>\n<td>\u2705 S\u00ec<\/td>\n<td>\u274c No<\/td>\n<\/tr>\n<tr>\n<td>Accesso libero<\/td>\n<td>Sempre<\/td>\n<td>Sempre<\/td>\n<td>Sempre<\/td>\n<td>\u2705 S\u00ec<\/td>\n<td>\u2705 S\u00ec<\/td>\n<td>Sempre<\/td>\n<\/tr>\n<tr>\n<td>Mobile Friendly<\/td>\n<td>\u2705 S\u00ec<\/td>\n<td>\u2705 S\u00ec<\/td>\n<td>\u2705 S\u00ec<\/td>\n<td>\u2705 S\u00ec<\/td>\n<td>\u2705 S\u00ec<\/td>\n<td>\u2705 S\u00ec<\/td>\n<\/tr>\n<tr>\n<td>Anonimato<\/td>\n<td>Forte<\/td>\n<td>Forte<\/td>\n<td>Forte<\/td>\n<td>Moderato<\/td>\n<td>Moderato<\/td>\n<td>Forte<\/td>\n<\/tr>\n<\/tbody>\n<\/table>\n<p>Riepilogo: Randomskip combina la spontaneit\u00e0 di Omegle con un'interfaccia pi\u00f9 pulita e moderna. \u00c8 la piattaforma ideale per gli utenti che desiderano solo conversazioni veloci, gratuite e senza vincoli.<\/p>\n<h2>Randomskip \u00e8 sicuro?<\/h2>\n<p>Randomskip pone l'accento sulla privacy e sul controllo da parte dell'utente: sei tu a decidere quando avviare, saltare o abbandonare una chat. Non richiede alcuna informazione personale, garantendo cos\u00ec la massima riservatezza delle interazioni.<\/p>\n<h3>Caratteristiche di sicurezza integrate<\/h3>\n<ul>\n<li>Chat anonima senza account o profili.<\/li>\n<li>Pulsante Salta per uscire immediatamente da qualsiasi chat.<\/li>\n<li>Le chat sono temporanee e non vengono registrate.<\/li>\n<li>Opzione per segnalare comportamenti offensivi o inappropriati.<\/li>\n<\/ul>\n<h3>Consigli di sicurezza per gli utenti<\/h3>\n<ul>\n<li>Non condividere mai informazioni personali (nome, indirizzo, account social).<\/li>\n<li>Quando sei davanti alla telecamera, usa uno sfondo neutro.<\/li>\n<li>Interrompi qualsiasi conversazione che ti metta a disagio o ti sembri sospetta.<\/li>\n<li>I genitori dovrebbero monitorare l'uso delle piattaforme di chat casuali da parte dei minori.<\/li>\n<li>Utilizza una VPN per una maggiore privacy e protezione.<\/li>\n<\/ul>\n<p>Con queste precauzioni, Randomskip pu\u00f2 essere utilizzato in modo sicuro e affidabile da chiunque desideri interagire online in modo autentico.<\/p>\n<hr \/>\n<h2>Suggerimenti per ottenere il massimo da Randomskip<\/h2>\n<ul>\n<li>Siate aperti alla casualit\u00e0: il divertimento sta nell'incontrare persone che altrimenti non avreste mai incontrato.<\/li>\n<li>Mantieni le conversazioni leggere: umorismo, musica o viaggi sono ottimi argomenti per rompere il ghiaccio.<\/li>\n<li>Utilizza le cuffie: migliora la qualit\u00e0 del suono e la privacy.<\/li>\n<li>Una buona illuminazione aiuta: rende il tuo video pi\u00f9 accattivante e amichevole.<\/li>\n<li>Chat durante le ore di punta: la sera e nei fine settimana di solito ci sono pi\u00f9 utenti.<\/li>\n<li>Non esitare a saltare: non tutte le chat saranno compatibili, ma questo fa parte dell'esperienza.<\/li>\n<\/ul>\n<p>Questi piccoli consigli ti aiutano a fare una prima impressione migliore e a goderti conversazioni pi\u00f9 fluide e gratificanti.<\/p>\n<h2>Problemi e soluzioni comuni<\/h2>\n<h3>Problema: la fotocamera o il microfono non funzionano<\/h3>\n<ul>\n<li>Controlla le impostazioni sulla privacy del tuo browser.<\/li>\n<li>Aggiorna la pagina o riavvia il dispositivo.<\/li>\n<li>Assicurati che nessun'altra app stia utilizzando la fotocamera.<\/li>\n<\/ul>\n<h3>Problema: connessione lenta o interrotta<\/h3>\n<ul>\n<li>Utilizza una connessione Wi-Fi stabile invece dei dati mobili.<\/li>\n<li>Chiudere le schede inutilizzate o i programmi in background.<\/li>\n<\/ul>\n<h3>Problema: pochi utenti online<\/h3>\n<ul>\n<li>Prova durante le ore serali o nel fine settimana.<\/li>\n<li>Si prega di attendere: il traffico globale varia a seconda della regione.<\/li>\n<\/ul>\n<h3>Problema: comportamento inappropriato<\/h3>\n<ul>\n<li>Passa immediatamente.<\/li>\n<li>Segnalare l'utente se gli strumenti sono disponibili.<\/li>\n<\/ul>\n<h2>Perch\u00e9 le persone scelgono Randomskip<\/h2>\n<p>Le persone sono attratte da Randomskip perch\u00e9 offre esattamente ci\u00f2 che molte app social moderne non offrono: libert\u00e0, spontaneit\u00e0 e autenticit\u00e0.<\/p>\n<p>Lo scelgono per:<\/p>\n<ul>\n<li>Accesso immediato: nessuna registrazione o login.<\/li>\n<li>Anonimato: chatta liberamente senza pressioni.<\/li>\n<li>Velocit\u00e0: connettiti o salta in pochi secondi.<\/li>\n<li>Semplicit\u00e0: layout pulito e privo di distrazioni.<\/li>\n<li>Accessibilit\u00e0: funziona su qualsiasi dispositivo, in qualsiasi momento.<\/li>\n<\/ul>\n<p>\u00c8 una piattaforma che celebra persone reali, conversazioni reali e imprevedibilit\u00e0 reale.<\/p>\n<h2>Considerazioni finali: vale la pena usare Randomskip?<\/h2>\n<p>Se stai cercando un modo veloce, gratuito e anonimo per conoscere nuove persone, Randomskip \u00e8 assolutamente da provare. Cattura il meglio di ci\u00f2 che ha reso cos\u00ec eccitante la chat video casuale - una genuina interazione umana con un semplice clic - offrendo al contempo una tecnologia pi\u00f9 fluida e prestazioni moderne.<\/p>\n<p>Non ci sono login, paywall o barriere: solo conversazioni autentiche, spontanee e senza filtri.<\/p>\n<p>Sia che vogliate:<\/p>\n<ul>\n<li>Passa il tempo chiacchierando in modo divertente e casuale,<\/li>\n<li>Scopri persone provenienti da culture diverse, oppure<\/li>\n<li>Riscopri l'emozione di parlare con sconosciuti online...<\/li>\n<\/ul>\n<p>Randomskip \u00e8 il posto giusto per farlo.<\/p>\n<p>Randomskip \u00e8 un sito di chat video casuale semplice, veloce e gratuito che ti mette immediatamente in contatto con sconosciuti in tutto il mondo. \u00c8 privato, basato su browser e progettato per connessioni pure e spontanee: solo tu, la tua videocamera e il mondo che ti aspetta dall'altra parte.<\/p>\n<p>Pronto per passare alla tua prossima chat? Visita Randomskip, clicca su \u201cAvvia\u201d e scopri chi incontrerai.<\/p>","protected":false},"excerpt":{"rendered":"<p>The best online experiences are often the simplest \u2014 and Randomskip proves it. Built for those who crave genuine, spontaneous interaction, Randomskip lets you meet new people instantly through live video chat, without sign-ups, fees, or complicated features. Just open the site, hit \u201cStart,\u201d and you\u2019re face-to-face with someone new from anywhere in the world. [&hellip;]<\/p>\n","protected":false},"author":6,"featured_media":0,"parent":0,"menu_order":0,"comment_status":"closed","ping_status":"closed","template":"","meta":{"footnotes":""},"class_list":["post-11180","page","type-page","status-publish","hentry"],"yoast_head":"<!-- This site is optimized with the Yoast SEO plugin v27.4 - https:\/\/yoast.com\/product\/yoast-seo-wordpress\/ -->\n<title>Randomskip - Free Webcam Chat - TinyChat.com<\/title>\n<meta name=\"description\" content=\"Enjoying Randomskip? Join over 50,000,000 strangers on TinyChat! Turn on your cam and start meeting new people, or find a match.\" \/>\n<meta name=\"robots\" content=\"index, follow, max-snippet:-1, max-image-preview:large, max-video-preview:-1\" \/>\n<link rel=\"canonical\" href=\"https:\/\/tinychat.com\/it\/randomskip\/\" \/>\n<meta property=\"og:locale\" content=\"it_IT\" \/>\n<meta property=\"og:type\" content=\"article\" \/>\n<meta property=\"og:title\" content=\"Randomskip - Free Webcam Chat - TinyChat.com\" \/>\n<meta property=\"og:description\" content=\"Enjoying Randomskip? Join over 50,000,000 strangers on TinyChat! Turn on your cam and start meeting new people, or find a match.\" \/>\n<meta property=\"og:url\" content=\"https:\/\/tinychat.com\/it\/randomskip\/\" \/>\n<meta property=\"og:site_name\" content=\"TinyChat\" \/>\n<meta property=\"article:publisher\" content=\"https:\/\/www.facebook.com\/tinychat\" \/>\n<meta property=\"article:modified_time\" content=\"2025-12-02T08:48:23+00:00\" \/>\n<meta property=\"og:image\" content=\"https:\/\/tinychat.com\/wp-content\/uploads\/2020\/04\/Tinychat-logo-1280x284-new-black.png\" \/>\n\t<meta property=\"og:image:width\" content=\"1280\" \/>\n\t<meta property=\"og:image:height\" content=\"284\" \/>\n\t<meta property=\"og:image:type\" content=\"image\/png\" \/>\n<meta name=\"twitter:card\" content=\"summary_large_image\" \/>\n<meta name=\"twitter:site\" content=\"@tinychat\" \/>\n<meta name=\"twitter:label1\" content=\"Tempo di lettura stimato\" \/>\n\t<meta name=\"twitter:data1\" content=\"6 minuti\" \/>\n<script type=\"application\/ld+json\" class=\"yoast-schema-graph\">{\"@context\":\"https:\\\/\\\/schema.org\",\"@graph\":[{\"@type\":\"WebPage\",\"@id\":\"https:\\\/\\\/tinychat.com\\\/randomskip\\\/\",\"url\":\"https:\\\/\\\/tinychat.com\\\/randomskip\\\/\",\"name\":\"Randomskip - Free Webcam Chat - TinyChat.com\",\"isPartOf\":{\"@id\":\"https:\\\/\\\/tinychat.com\\\/#website\"},\"datePublished\":\"2025-12-02T06:44:24+00:00\",\"dateModified\":\"2025-12-02T08:48:23+00:00\",\"description\":\"Enjoying Randomskip? Join over 50,000,000 strangers on TinyChat! Turn on your cam and start meeting new people, or find a match.\",\"breadcrumb\":{\"@id\":\"https:\\\/\\\/tinychat.com\\\/randomskip\\\/#breadcrumb\"},\"inLanguage\":\"it-IT\",\"potentialAction\":[{\"@type\":\"ReadAction\",\"target\":[\"https:\\\/\\\/tinychat.com\\\/randomskip\\\/\"]}]},{\"@type\":\"BreadcrumbList\",\"@id\":\"https:\\\/\\\/tinychat.com\\\/randomskip\\\/#breadcrumb\",\"itemListElement\":[{\"@type\":\"ListItem\",\"position\":1,\"name\":\"Home\",\"item\":\"https:\\\/\\\/tinychat.com\\\/\"},{\"@type\":\"ListItem\",\"position\":2,\"name\":\"Randomskip\"}]},{\"@type\":\"WebSite\",\"@id\":\"https:\\\/\\\/tinychat.com\\\/#website\",\"url\":\"https:\\\/\\\/tinychat.com\\\/\",\"name\":\"TinyChat\",\"description\":\"Random Video Chat with Strangers\",\"publisher\":{\"@id\":\"https:\\\/\\\/tinychat.com\\\/#organization\"},\"alternateName\":\"TinyChat.com\",\"potentialAction\":[{\"@type\":\"SearchAction\",\"target\":{\"@type\":\"EntryPoint\",\"urlTemplate\":\"https:\\\/\\\/tinychat.com\\\/?s={search_term_string}\"},\"query-input\":{\"@type\":\"PropertyValueSpecification\",\"valueRequired\":true,\"valueName\":\"search_term_string\"}}],\"inLanguage\":\"it-IT\"},{\"@type\":\"Organization\",\"@id\":\"https:\\\/\\\/tinychat.com\\\/#organization\",\"name\":\"TinyChat\",\"alternateName\":\"TinyChat.com\",\"url\":\"https:\\\/\\\/tinychat.com\\\/\",\"logo\":{\"@type\":\"ImageObject\",\"inLanguage\":\"it-IT\",\"@id\":\"https:\\\/\\\/tinychat.com\\\/#\\\/schema\\\/logo\\\/image\\\/\",\"url\":\"https:\\\/\\\/tinychat.com\\\/wp-content\\\/uploads\\\/2023\\\/11\\\/Tinychat-icon-square.png\",\"contentUrl\":\"https:\\\/\\\/tinychat.com\\\/wp-content\\\/uploads\\\/2023\\\/11\\\/Tinychat-icon-square.png\",\"width\":284,\"height\":284,\"caption\":\"TinyChat\"},\"image\":{\"@id\":\"https:\\\/\\\/tinychat.com\\\/#\\\/schema\\\/logo\\\/image\\\/\"},\"sameAs\":[\"https:\\\/\\\/www.facebook.com\\\/tinychat\",\"https:\\\/\\\/x.com\\\/tinychat\"]}]}<\/script>\n<!-- \/ Yoast SEO plugin. -->","yoast_head_json":{"title":"Randomskip - Chat webcam gratuita - TinyChat.com","description":"Ti piace Randomskip? Unisciti a oltre 50.000.000 di sconosciuti su TinyChat! Accendi la tua webcam e inizia a conoscere nuove persone o trova un partner.","robots":{"index":"index","follow":"follow","max-snippet":"max-snippet:-1","max-image-preview":"max-image-preview:large","max-video-preview":"max-video-preview:-1"},"canonical":"https:\/\/tinychat.com\/it\/randomskip\/","og_locale":"it_IT","og_type":"article","og_title":"Randomskip - Free Webcam Chat - TinyChat.com","og_description":"Enjoying Randomskip? Join over 50,000,000 strangers on TinyChat! Turn on your cam and start meeting new people, or find a match.","og_url":"https:\/\/tinychat.com\/it\/randomskip\/","og_site_name":"TinyChat","article_publisher":"https:\/\/www.facebook.com\/tinychat","article_modified_time":"2025-12-02T08:48:23+00:00","og_image":[{"width":1280,"height":284,"url":"https:\/\/tinychat.com\/wp-content\/uploads\/2020\/04\/Tinychat-logo-1280x284-new-black.png","type":"image\/png"}],"twitter_card":"summary_large_image","twitter_site":"@tinychat","twitter_misc":{"Tempo di lettura stimato":"6 minuti"},"schema":{"@context":"https:\/\/schema.org","@graph":[{"@type":"WebPage","@id":"https:\/\/tinychat.com\/randomskip\/","url":"https:\/\/tinychat.com\/randomskip\/","name":"Randomskip - Chat webcam gratuita - TinyChat.com","isPartOf":{"@id":"https:\/\/tinychat.com\/#website"},"datePublished":"2025-12-02T06:44:24+00:00","dateModified":"2025-12-02T08:48:23+00:00","description":"Ti piace Randomskip? Unisciti a oltre 50.000.000 di sconosciuti su TinyChat! Accendi la tua webcam e inizia a conoscere nuove persone o trova un partner.","breadcrumb":{"@id":"https:\/\/tinychat.com\/randomskip\/#breadcrumb"},"inLanguage":"it-IT","potentialAction":[{"@type":"ReadAction","target":["https:\/\/tinychat.com\/randomskip\/"]}]},{"@type":"BreadcrumbList","@id":"https:\/\/tinychat.com\/randomskip\/#breadcrumb","itemListElement":[{"@type":"ListItem","position":1,"name":"Home","item":"https:\/\/tinychat.com\/"},{"@type":"ListItem","position":2,"name":"Randomskip"}]},{"@type":"WebSite","@id":"https:\/\/tinychat.com\/#website","url":"https:\/\/tinychat.com\/","name":"TinyChat","description":"Videochat casuale con sconosciuti","publisher":{"@id":"https:\/\/tinychat.com\/#organization"},"alternateName":"TinyChat.com","potentialAction":[{"@type":"SearchAction","target":{"@type":"EntryPoint","urlTemplate":"https:\/\/tinychat.com\/?s={search_term_string}"},"query-input":{"@type":"PropertyValueSpecification","valueRequired":true,"valueName":"search_term_string"}}],"inLanguage":"it-IT"},{"@type":"Organization","@id":"https:\/\/tinychat.com\/#organization","name":"TinyChat","alternateName":"TinyChat.com","url":"https:\/\/tinychat.com\/","logo":{"@type":"ImageObject","inLanguage":"it-IT","@id":"https:\/\/tinychat.com\/#\/schema\/logo\/image\/","url":"https:\/\/tinychat.com\/wp-content\/uploads\/2023\/11\/Tinychat-icon-square.png","contentUrl":"https:\/\/tinychat.com\/wp-content\/uploads\/2023\/11\/Tinychat-icon-square.png","width":284,"height":284,"caption":"TinyChat"},"image":{"@id":"https:\/\/tinychat.com\/#\/schema\/logo\/image\/"},"sameAs":["https:\/\/www.facebook.com\/tinychat","https:\/\/x.com\/tinychat"]}]}},"_links":{"self":[{"href":"https:\/\/tinychat.com\/it\/wp-json\/wp\/v2\/pages\/11180","targetHints":{"allow":["GET"]}}],"collection":[{"href":"https:\/\/tinychat.com\/it\/wp-json\/wp\/v2\/pages"}],"about":[{"href":"https:\/\/tinychat.com\/it\/wp-json\/wp\/v2\/types\/page"}],"author":[{"embeddable":true,"href":"https:\/\/tinychat.com\/it\/wp-json\/wp\/v2\/users\/6"}],"replies":[{"embeddable":true,"href":"https:\/\/tinychat.com\/it\/wp-json\/wp\/v2\/comments?post=11180"}],"version-history":[{"count":4,"href":"https:\/\/tinychat.com\/it\/wp-json\/wp\/v2\/pages\/11180\/revisions"}],"predecessor-version":[{"id":13582,"href":"https:\/\/tinychat.com\/it\/wp-json\/wp\/v2\/pages\/11180\/revisions\/13582"}],"wp:attachment":[{"href":"https:\/\/tinychat.com\/it\/wp-json\/wp\/v2\/media?parent=11180"}],"curies":[{"name":"wp","href":"https:\/\/api.w.org\/{rel}","templated":true}]}}