{"id":11261,"date":"2025-07-26T15:01:47","date_gmt":"2025-07-26T13:01:47","guid":{"rendered":"https:\/\/tinychat.com\/?page_id=11261"},"modified":"2025-07-26T18:22:34","modified_gmt":"2025-07-26T16:22:34","slug":"yesichat","status":"publish","type":"page","link":"https:\/\/tinychat.com\/it\/yesichat\/","title":{"rendered":"S\u00ecichat"},"content":{"rendered":"<p>Internet ha rivoluzionato il modo in cui ci connettiamo, ma a volte i momenti migliori sono quelli pi\u00f9 spontanei: una chiacchierata veloce con uno sconosciuto, una risata notturna in una stanza di gruppo o la scoperta di un amico dall'altra parte del mondo. Yesichat offre tutto questo e molto di pi\u00f9, offrendo un'esperienza di chat di nuova generazione che combina l'energia delle classiche chat room con le moderne funzioni di privacy, video chat e scoperta sociale.<\/p>\n<p>Se volete fare nuove amicizie, partecipare a vivaci chat di gruppo, flirtare, condividere meme o trovare supporto, Yesichat \u00e8 un luogo sicuro, vivace e accogliente. \u00c8 la piattaforma perfetta per chi desidera qualcosa di pi\u00f9 di uno swiping infinito o della superficialit\u00e0 dei feed sociali: un luogo per conversazioni autentiche e in tempo reale.<\/p>\n<p>In questa guida completa, ci addentreremo in profondit\u00e0 nella Yesichat: cos'\u00e8, le sue caratteristiche principali, l'esperienza d'uso, i protocolli di sicurezza, il confronto con altre piattaforme, i suggerimenti per la risoluzione dei problemi e i consigli degli esperti per sfruttare al meglio ogni chat.<\/p>\n<h2>Che cos'\u00e8 l'Yesichat?<\/h2>\n<p>Yesichat \u00e8 una chat room online gratuita e una piattaforma di chat casuale che consente agli utenti di connettersi istantaneamente - via testo o video - con sconosciuti e gruppi di tutto il mondo. Fondata sulla convinzione che le connessioni significative possano avvenire sempre e ovunque, Yesichat offre uno spazio per tutti: introversi ed estroversi, single e gruppi, timidi ed estroversi.<\/p>\n<p>A differenza di molte piattaforme di chat video che si concentrano esclusivamente sugli incontri uno contro uno, Yesichat unisce il meglio dei due mondi: le classiche chat di gruppo e le chat video\/testo private e casuali. \u00c8 progettato per:<\/p>\n<ul>\n<li>Incontrare nuove persone<\/li>\n<li>Partecipare a chat room a tema (ad esempio, paese, et\u00e0, interessi).<\/li>\n<li>Interazioni sicure e anonime<\/li>\n<li>Costruire amicizie o relazioni durature<\/li>\n<\/ul>\n<p>Accessibile attraverso qualsiasi browser moderno, desktop o mobile, Yesichat non richiede alcuna registrazione per le funzioni principali, in modo da mantenere le cose semplici e spontanee per gli utenti che si avvicinano per la prima volta.<\/p>\n<h2>Caratteristiche principali di Yesichat<\/h2>\n<p>Yesichat si distingue per la sua gamma di funzioni che fondono la nostalgia delle chat room della vecchia scuola con la tecnologia sociale della nuova scuola:<\/p>\n<h3>1. Accesso immediato, nessuna registrazione richiesta<\/h3>\n<p>Entrate nelle chat room o nei messaggi privati senza creare un account. I nuovi utenti possono iniziare a chattare in pochi secondi: l'ideale per chi apprezza la privacy e la velocit\u00e0.<\/p>\n<h3>2. Chat room pubbliche e private<\/h3>\n<p>Scegliete tra centinaia di chat room in base al Paese, all'argomento, alla fascia d'et\u00e0 o agli interessi: \"Chat USA\", \"Teen Room\", \"Music Lovers\", \"Support Corner\" e altre ancora. Partecipate a conversazioni di gruppo o dividetevi in chat private con un semplice clic.<\/p>\n<h3>3. Chat casuale a tu per tu<\/h3>\n<p>Vi sentite avventurosi? Provate la funzione di chat casuale: sarete immediatamente accoppiati con uno sconosciuto per una chat privata di testo o video, proprio come Omegle o Chatroulette, ma con un ambiente pi\u00f9 incentrato sulla comunit\u00e0.<\/p>\n<h3>4. Opzioni di chat video e audio<\/h3>\n<p>Yesichat non \u00e8 solo testo. Attivate la webcam o il microfono per le conversazioni faccia a faccia dal vivo o, se preferite, limitatevi a digitare.<\/p>\n<h3>5. Profili utente e personalizzazione<\/h3>\n<p>Create un profilo con un nickname, un avatar e informazioni facoltative (non sono richiesti nomi reali o dettagli personali). La personalizzazione rende pi\u00f9 facile per gli altri entrare in contatto con voi e per voi distinguervi.<\/p>\n<h3>6. Emoji, GIF e condivisione dei media<\/h3>\n<p>Mantenete vivaci le conversazioni con una gamma completa di emoji, GIF e condivisione sicura dei media (soggetta a moderazione), rendendo le chat pi\u00f9 espressive e divertenti.<\/p>\n<h3>7. Moderazione e reportistica in tempo reale<\/h3>\n<p>La sicurezza \u00e8 fondamentale:<\/p>\n<ul>\n<li>L'intelligenza artificiale e i moderatori umani lavorano insieme per mantenere sicure le chat room.<\/li>\n<li>Facili funzioni di segnalazione\/blocco per gestire i troll o i comportamenti inappropriati.<\/li>\n<li>Regole di chat chiare per mantenere le cose rispettose e amichevoli.<\/li>\n<\/ul>\n<h3>8. Filtri e ricerca avanzati<\/h3>\n<p>Cercate persone specifiche? Utilizzate i filtri per la ricerca in base al sesso, al paese o alla fascia d'et\u00e0, ideali per trovare amici o potenziali partner con interessi simili.<\/p>\n<h3>9. Piattaforma mobile-friendly e basata su browser<\/h3>\n<p>Yesichat \u00e8 costruito per il web moderno: non \u00e8 necessario scaricare alcuna app e funziona perfettamente su smartphone, tablet e desktop.<\/p>\n<h3>10. Funzioni opzionali di registrazione e account<\/h3>\n<p>Creare un account per:<\/p>\n<ul>\n<li>Prenota il tuo nickname<\/li>\n<li>Accedere all'elenco degli amici e alla cronologia delle chat<\/li>\n<li>Sbloccare badge o funzioni premium<\/li>\n<li>Ricevere notifiche per i nuovi messaggi<\/li>\n<\/ul>\n<p>Ma per la maggior parte degli utenti, l'esperienza principale \u00e8 completamente gratuita e aperta: non \u00e8 necessaria l'email!<\/p>\n<h2>Come utilizzare Yesichat<\/h2>\n<p>Iniziare con l'Yesichat \u00e8 semplicissimo:<\/p>\n<h3>Passo 1: visitare il sito web Yesichat<\/h3>\n<p>Aprire yesichat.com (o il dominio Yesichat locale) in qualsiasi browser.<\/p>\n<h3>Fase 2: Scegliere l'esperienza di chat<\/h3>\n<ul>\n<li>Iscrivetevi a una chat room: Scegliete tra le stanze pubbliche in base ai vostri interessi o al paese.<\/li>\n<li>Provate la chat casuale: Fate clic sull'opzione \"Chat casuale\" per una connessione privata e spontanea.<\/li>\n<li>Messaggio diretto: Vedi qualcuno di interessante in una stanza? Clicca sul suo profilo per avviare una chat privata.<\/li>\n<\/ul>\n<h3>Fase 3: Personalizzazione del profilo (facoltativa)<\/h3>\n<p>Impostare un nickname, un avatar e le informazioni del profilo. Registrate un account se volete salvare i vostri dettagli e la lista degli amici.<\/p>\n<h3>Passo 4: Abilitare il video o l'audio (facoltativo)<\/h3>\n<p>Consentite l'accesso alla telecamera\/microfono per le chat video\/audio, soprattutto in quelle private o casuali. Oppure limitatevi al testo per un'esperienza pi\u00f9 classica.<\/p>\n<h3>Passo 5: utilizzare emoji, GIF o media<\/h3>\n<p>Rendete vivaci le chat con emoji, GIF o condivisione sicura dei media (tutti soggetti a moderazione).<\/p>\n<h3>Fase 6: Filtrare o cercare gli amici<\/h3>\n<p>Utilizzate i filtri o gli strumenti di ricerca per trovare persone in base al paese, al sesso o all'argomento.<\/p>\n<h3>Fase 7: Segnalare o bloccare se necessario<\/h3>\n<p>Incontri un troll? Bloccalo o segnalalo all'istante-Yesichat Il team di moderazione agisce rapidamente.<\/p>\n<h2>Esperienza utente su Yesichat<\/h2>\n<p>L'esperienza di Yesichat \u00e8 definita da velocit\u00e0, cordialit\u00e0 e flessibilit\u00e0. Ecco cosa la distingue:<\/p>\n<h3>Cosa amano gli utenti<\/h3>\n<ul>\n<li>Zero iscrizioni per chat veloci e anonime<\/li>\n<li>Sale di gruppo vivaci: C'\u00e8 sempre qualcuno con cui parlare, qualunque sia il vostro interesse o il vostro background.<\/li>\n<li>Chat casuale video\/testo: Combina il brivido della chat della roulette con una comunit\u00e0 amichevole e moderata.<\/li>\n<li>Design moderno e pulito: Nessun ingombro o pubblicit\u00e0 invadente<\/li>\n<li>Personalizzazione del profilo: Rende facile l'espressione di s\u00e9<\/li>\n<li>Mobile e desktop friendly: passaggio da un dispositivo all'altro senza soluzione di continuit\u00e0<\/li>\n<li>La moderazione che funziona: Spazio sicuro per adolescenti e adulti<\/li>\n<\/ul>\n<h3>Dove gli utenti vedono margini di miglioramento<\/h3>\n<ul>\n<li>Alcuni filtri e funzioni (come le emoji personalizzate o i regali privati) richiedono la registrazione gratuita o un piccolo contributo.<\/li>\n<li>Le chat di gruppo possono essere molto impegnative: la chat privata \u00e8 la migliore per conversazioni mirate.<\/li>\n<li>I troll e lo spam sono ancora presenti (come in tutte le piattaforme di chat), ma la moderazione rapida aiuta a risolvere il problema.<\/li>\n<li>Non ci sono strumenti dedicati agli incontri\/matchmaking: l'attenzione \u00e8 rivolta alla chat e all'amicizia, non allo swiping.<\/li>\n<\/ul>\n<h3>Feedback degli utenti reali<\/h3>\n<blockquote><p>\"Ho fatto vere amicizie nelle stanze di gruppo e ho anche trovato persone con cui praticare il mio spagnolo. La chat casuale \u00e8 divertente e molto pi\u00f9 sicura dei siti della vecchia scuola\".<br \/>\n- <em>Lisa M., Trustpilot<\/em><\/p><\/blockquote>\n<blockquote><p>\"Non \u00e8 necessario iscriversi e non ci sono annunci fastidiosi. Funziona e basta. Adoro la versione mobile\".<br \/>\n- <em>Ajay R., Google Play<\/em><\/p><\/blockquote>\n<blockquote><p>\"Yesichat \u00e8 il mio punto di riferimento per le chat notturne. I moderatori sono rapidi se qualcuno \u00e8 fuori luogo\".<br \/>\n- <em>Sophia T., App Store<\/em><\/p><\/blockquote>\n<h2>Yesichat vs. altre piattaforme di chat<\/h2>\n<p>Come si colloca Yesichat rispetto alle principali piattaforme sociali e di chat casuale?<\/p>\n<table>\n<thead>\n<tr>\n<th>Caratteristica<\/th>\n<th>S\u00ecichat<\/th>\n<th>OmegleWeb<\/th>\n<th>CrushRoulette<\/th>\n<th>CamMatch<\/th>\n<th>ChatMatch<\/th>\n<th>Chat Avenue<\/th>\n<th>LivU<\/th>\n<th>HOLLA<\/th>\n<\/tr>\n<\/thead>\n<tbody>\n<tr>\n<td>Non \u00e8 necessario iscriversi<\/td>\n<td>\u2705 S\u00ec<\/td>\n<td>\u2705 S\u00ec<\/td>\n<td>\u2705 S\u00ec<\/td>\n<td>\u2705 S\u00ec<\/td>\n<td>\u2705 S\u00ec<\/td>\n<td>\u2705 S\u00ec<\/td>\n<td>\u2705 S\u00ec<\/td>\n<td>\u2705 S\u00ec<\/td>\n<\/tr>\n<tr>\n<td>Chat di gruppo<\/td>\n<td>\u2705 S\u00ec<\/td>\n<td>\u274c No<\/td>\n<td>\u274c No<\/td>\n<td>\u274c No<\/td>\n<td>\u274c No<\/td>\n<td>\u2705 S\u00ec<\/td>\n<td>\u274c No<\/td>\n<td>\u274c No<\/td>\n<\/tr>\n<tr>\n<td>Chat casuale 1 a 1<\/td>\n<td>\u2705 S\u00ec<\/td>\n<td>\u2705 S\u00ec<\/td>\n<td>\u2705 S\u00ec<\/td>\n<td>\u2705 S\u00ec<\/td>\n<td>\u2705 S\u00ec<\/td>\n<td>\u2705 S\u00ec<\/td>\n<td>\u2705 S\u00ec<\/td>\n<td>\u2705 S\u00ec<\/td>\n<\/tr>\n<tr>\n<td>Chat video e di testo<\/td>\n<td>Entrambi<\/td>\n<td>Entrambi<\/td>\n<td>Entrambi<\/td>\n<td>Entrambi<\/td>\n<td>Entrambi<\/td>\n<td>Entrambi<\/td>\n<td>Entrambi<\/td>\n<td>Entrambi<\/td>\n<\/tr>\n<tr>\n<td>Filtri per paese\/genere<\/td>\n<td>\u2705 S\u00ec*<\/td>\n<td>\u2705 S\u00ec*<\/td>\n<td>\u2705 S\u00ec*<\/td>\n<td>\u2705 S\u00ec*<\/td>\n<td>\u2705 S\u00ec*<\/td>\n<td>\u2705 S\u00ec<\/td>\n<td>\u2705 S\u00ec<\/td>\n<td>\u2705 S\u00ec<\/td>\n<\/tr>\n<tr>\n<td>Moderazione\/Sicurezza<\/td>\n<td>Forte<\/td>\n<td>Forte<\/td>\n<td>Forte<\/td>\n<td>Forte<\/td>\n<td>Forte<\/td>\n<td>Moderato<\/td>\n<td>Forte<\/td>\n<td>Forte<\/td>\n<\/tr>\n<tr>\n<td>Personalizzazione del profilo<\/td>\n<td>\u2705 S\u00ec<\/td>\n<td>\u2705 S\u00ec<\/td>\n<td>\u2705 S\u00ec<\/td>\n<td>\u2705 S\u00ec<\/td>\n<td>\u2705 S\u00ec<\/td>\n<td>\u2705 S\u00ec<\/td>\n<td>\u2705 S\u00ec<\/td>\n<td>\u2705 S\u00ec<\/td>\n<\/tr>\n<tr>\n<td>Condivisione dei media<\/td>\n<td>\u2705 S\u00ec<\/td>\n<td>\u2705 S\u00ec<\/td>\n<td>\u2705 S\u00ec<\/td>\n<td>\u2705 S\u00ec<\/td>\n<td>\u2705 S\u00ec<\/td>\n<td>\u2705 S\u00ec<\/td>\n<td>\u2705 S\u00ec<\/td>\n<td>\u2705 S\u00ec<\/td>\n<\/tr>\n<tr>\n<td>Ottimizzato per i dispositivi mobili<\/td>\n<td>\u2705 S\u00ec<\/td>\n<td>\u2705 S\u00ec<\/td>\n<td>\u2705 S\u00ec<\/td>\n<td>\u2705 S\u00ec<\/td>\n<td>\u2705 S\u00ec<\/td>\n<td>\u2705 S\u00ec<\/td>\n<td>\u2705 S\u00ec<\/td>\n<td>\u2705 S\u00ec<\/td>\n<\/tr>\n<\/tbody>\n<\/table>\n<p>**Alcuni filtri avanzati possono richiedere la registrazione.<\/p>\n<p>Sintesi: Yesichat si distingue per la combinazione di stanze di gruppo pubbliche, chat private\/random, forte moderazione e una comunit\u00e0 aperta e sociale, cosa che manca a molte app di chat casuale.<\/p>\n<h2>Yesichat \u00e8 sicuro?<\/h2>\n<p>Yesichat pone la sicurezza degli utenti al centro della propria comunit\u00e0:<\/p>\n<ul>\n<li>Moderazione live e filtri AI: Contribuiscono a bloccare spam, nudit\u00e0 e molestie.<\/li>\n<li>Strumenti di segnalazione\/blocco rapido: Gli utenti possono agire istantaneamente per mantenere le chat confortevoli.<\/li>\n<li>Linee guida chiare per la chat: Nessuna tolleranza per abusi, odio o attivit\u00e0 illegali.<\/li>\n<li>Utilizzo anonimo: Non \u00e8 mai necessario condividere informazioni personali, anche nelle chat private.<\/li>\n<li>Privacy individuale e di gruppo: Le chat private non sono registrate o condivise; le stanze di gruppo sono moderate per garantire la sicurezza.<\/li>\n<\/ul>\n<h3>Consigli per la sicurezza<\/h3>\n<ul>\n<li>Non condividete mai il vostro vero nome, indirizzo, telefono o informazioni finanziarie in ambienti pubblici.<\/li>\n<li>Non accettate link o file da sconosciuti.<\/li>\n<li>Fidatevi del vostro istinto: lasciate o bloccate se una chat vi sembra fuori luogo.<\/li>\n<li>Utilizzate la chat privata per le conversazioni pi\u00f9 delicate, ma con cautela.<\/li>\n<li>Segnalate immediatamente i troll o i cattivi attori: i moderatori agiscono rapidamente.<\/li>\n<\/ul>\n<h2>Suggerimenti per ottenere il massimo dall'Yesichat<\/h2>\n<ul>\n<li>Siate cordiali: i saluti e un atteggiamento positivo creano le migliori relazioni.<\/li>\n<li>Provate diverse stanze: Ogni sala del gruppo ha una propria atmosfera: esploratela fino a trovare il vostro ambiente.<\/li>\n<li>Praticare le lingue: Trova stanze specifiche per la lingua o filtra per paese per lo scambio linguistico.<\/li>\n<li>Utilizzate emoji e GIF: Esprimetevi, ma in modo appropriato.<\/li>\n<li>Mescolate chat casuali e di gruppo: Provate entrambi per avere nuovi amici e divertimento spontaneo.<\/li>\n<li>Utilizzare gli strumenti di moderazione: Aiuta a mantenere Yesichat pulito per tutti.<\/li>\n<li>Passare da mobile a desktop: Il sito \u00e8 ottimizzato per entrambi.<\/li>\n<li>Registrati per gli extra: Se ami Yesichat, iscriviti per salvare il tuo profilo, ottenere badge e sbloccare filtri avanzati.<\/li>\n<\/ul>\n<h2>Risoluzione dei problemi comuni dell'Yesichat<\/h2>\n<h3>Impossibile partecipare alla chat video<\/h3>\n<p>Verificare che il browser\/dispositivo consenta l'accesso alla fotocamera\/microfono. Chiudere le altre applicazioni che utilizzano la fotocamera, aggiornare la pagina o provare con un altro browser.<\/p>\n<h3>Il filtro o la ricerca non funzionano<\/h3>\n<p>Alcuni filtri richiedono la registrazione dell'account; registratevi o aggiornate se avete gi\u00e0 effettuato l'accesso.<\/p>\n<h3>Incontro con i troll o lo spam<\/h3>\n<p>Bloccate o segnalate immediatamente. I moderatori sono pronti a rispondere e a bannare i trasgressori.<\/p>\n<h3>Connessioni lente o lag<\/h3>\n<p>Utilizzate una connessione Wi-Fi forte, chiudete le app in background e assicuratevi che il vostro browser sia aggiornato.<\/p>\n<h3>Profilo o elenco amici persi<\/h3>\n<p>Registrate un account e accedete per salvare il vostro nickname, gli amici e la cronologia delle chat.<\/p>\n<p>Assolutamente s\u00ec, soprattutto per chi cerca un'esperienza di chat room moderna che unisca la classica chat di gruppo con le migliori funzioni di privacy e moderazione di oggi. Yesichat \u00e8 il luogo di ritrovo digitale perfetto per conoscere nuove persone, condividere risate e fare vere amicizie in tutto il mondo.<\/p>\n<p>Che tu sia un nottambulo, una farfalla sociale, un timido introverso o semplicemente in cerca di chat, Yesichat offre connessioni veloci, divertenti e sicure in una vivace comunit\u00e0 online. Nessuna iscrizione, nessuna pressione, solo conversazioni genuine.<\/p>\n<p>Sei pronto a unirti alla conversazione? Visitate yesichat.com, scegliete la vostra stanza o provate la chat casuale e scoprite il vostro prossimo ritrovo preferito, proprio ora.<\/p>","protected":false},"excerpt":{"rendered":"<p>The internet has revolutionized how we connect, but sometimes the best moments are the most spontaneous\u2014the quick chat with a stranger, a late-night laugh in a group room, or discovering a friend halfway across the world. Yesichat delivers all of this and more, offering a next-generation chat experience that combines the energy of classic chat [&hellip;]<\/p>\n","protected":false},"author":6,"featured_media":0,"parent":0,"menu_order":0,"comment_status":"closed","ping_status":"closed","template":"","meta":{"footnotes":""},"class_list":["post-11261","page","type-page","status-publish","hentry"],"yoast_head":"<!-- This site is optimized with the Yoast SEO plugin v27.4 - https:\/\/yoast.com\/product\/yoast-seo-wordpress\/ -->\n<title>Yesichat - One click without registration - TinyChat.com<\/title>\n<meta name=\"description\" content=\"Enjoying Yesichat? Join over 50,000,000 strangers on TinyChat! Turn on your cam and start meeting new people, or find a match.\" \/>\n<meta name=\"robots\" content=\"index, follow, max-snippet:-1, max-image-preview:large, max-video-preview:-1\" \/>\n<link rel=\"canonical\" href=\"https:\/\/tinychat.com\/it\/yesichat\/\" \/>\n<meta property=\"og:locale\" content=\"it_IT\" \/>\n<meta property=\"og:type\" content=\"article\" \/>\n<meta property=\"og:title\" content=\"Yesichat - One click without registration - TinyChat.com\" \/>\n<meta property=\"og:description\" content=\"Enjoying Yesichat? Join over 50,000,000 strangers on TinyChat! Turn on your cam and start meeting new people, or find a match.\" \/>\n<meta property=\"og:url\" content=\"https:\/\/tinychat.com\/it\/yesichat\/\" \/>\n<meta property=\"og:site_name\" content=\"TinyChat\" \/>\n<meta property=\"article:publisher\" content=\"https:\/\/www.facebook.com\/tinychat\" \/>\n<meta property=\"article:modified_time\" content=\"2025-07-26T16:22:34+00:00\" \/>\n<meta property=\"og:image\" content=\"https:\/\/tinychat.com\/wp-content\/uploads\/2020\/04\/Tinychat-logo-1280x284-new-black.png\" \/>\n\t<meta property=\"og:image:width\" content=\"1280\" \/>\n\t<meta property=\"og:image:height\" content=\"284\" \/>\n\t<meta property=\"og:image:type\" content=\"image\/png\" \/>\n<meta name=\"twitter:card\" content=\"summary_large_image\" \/>\n<meta name=\"twitter:site\" content=\"@tinychat\" \/>\n<meta name=\"twitter:label1\" content=\"Tempo di lettura stimato\" \/>\n\t<meta name=\"twitter:data1\" content=\"8 minuti\" \/>\n<script type=\"application\/ld+json\" class=\"yoast-schema-graph\">{\"@context\":\"https:\\\/\\\/schema.org\",\"@graph\":[{\"@type\":\"WebPage\",\"@id\":\"https:\\\/\\\/tinychat.com\\\/yesichat\\\/\",\"url\":\"https:\\\/\\\/tinychat.com\\\/yesichat\\\/\",\"name\":\"Yesichat - One click without registration - TinyChat.com\",\"isPartOf\":{\"@id\":\"https:\\\/\\\/tinychat.com\\\/#website\"},\"datePublished\":\"2025-07-26T13:01:47+00:00\",\"dateModified\":\"2025-07-26T16:22:34+00:00\",\"description\":\"Enjoying Yesichat? Join over 50,000,000 strangers on TinyChat! Turn on your cam and start meeting new people, or find a match.\",\"breadcrumb\":{\"@id\":\"https:\\\/\\\/tinychat.com\\\/yesichat\\\/#breadcrumb\"},\"inLanguage\":\"it-IT\",\"potentialAction\":[{\"@type\":\"ReadAction\",\"target\":[\"https:\\\/\\\/tinychat.com\\\/yesichat\\\/\"]}]},{\"@type\":\"BreadcrumbList\",\"@id\":\"https:\\\/\\\/tinychat.com\\\/yesichat\\\/#breadcrumb\",\"itemListElement\":[{\"@type\":\"ListItem\",\"position\":1,\"name\":\"Home\",\"item\":\"https:\\\/\\\/tinychat.com\\\/\"},{\"@type\":\"ListItem\",\"position\":2,\"name\":\"Yesichat\"}]},{\"@type\":\"WebSite\",\"@id\":\"https:\\\/\\\/tinychat.com\\\/#website\",\"url\":\"https:\\\/\\\/tinychat.com\\\/\",\"name\":\"TinyChat\",\"description\":\"Random Video Chat with Strangers\",\"publisher\":{\"@id\":\"https:\\\/\\\/tinychat.com\\\/#organization\"},\"alternateName\":\"TinyChat.com\",\"potentialAction\":[{\"@type\":\"SearchAction\",\"target\":{\"@type\":\"EntryPoint\",\"urlTemplate\":\"https:\\\/\\\/tinychat.com\\\/?s={search_term_string}\"},\"query-input\":{\"@type\":\"PropertyValueSpecification\",\"valueRequired\":true,\"valueName\":\"search_term_string\"}}],\"inLanguage\":\"it-IT\"},{\"@type\":\"Organization\",\"@id\":\"https:\\\/\\\/tinychat.com\\\/#organization\",\"name\":\"TinyChat\",\"alternateName\":\"TinyChat.com\",\"url\":\"https:\\\/\\\/tinychat.com\\\/\",\"logo\":{\"@type\":\"ImageObject\",\"inLanguage\":\"it-IT\",\"@id\":\"https:\\\/\\\/tinychat.com\\\/#\\\/schema\\\/logo\\\/image\\\/\",\"url\":\"https:\\\/\\\/tinychat.com\\\/wp-content\\\/uploads\\\/2023\\\/11\\\/Tinychat-icon-square.png\",\"contentUrl\":\"https:\\\/\\\/tinychat.com\\\/wp-content\\\/uploads\\\/2023\\\/11\\\/Tinychat-icon-square.png\",\"width\":284,\"height\":284,\"caption\":\"TinyChat\"},\"image\":{\"@id\":\"https:\\\/\\\/tinychat.com\\\/#\\\/schema\\\/logo\\\/image\\\/\"},\"sameAs\":[\"https:\\\/\\\/www.facebook.com\\\/tinychat\",\"https:\\\/\\\/x.com\\\/tinychat\"]}]}<\/script>\n<!-- \/ Yoast SEO plugin. -->","yoast_head_json":{"title":"Yesichat - Un clic senza registrazione - TinyChat.com","description":"Ti piace l'Yesichat? Unisciti a oltre 50.000.000 di sconosciuti su TinyChat! Accendi la tua cam e inizia a conoscere nuove persone o a trovare un partner.","robots":{"index":"index","follow":"follow","max-snippet":"max-snippet:-1","max-image-preview":"max-image-preview:large","max-video-preview":"max-video-preview:-1"},"canonical":"https:\/\/tinychat.com\/it\/yesichat\/","og_locale":"it_IT","og_type":"article","og_title":"Yesichat - One click without registration - TinyChat.com","og_description":"Enjoying Yesichat? Join over 50,000,000 strangers on TinyChat! Turn on your cam and start meeting new people, or find a match.","og_url":"https:\/\/tinychat.com\/it\/yesichat\/","og_site_name":"TinyChat","article_publisher":"https:\/\/www.facebook.com\/tinychat","article_modified_time":"2025-07-26T16:22:34+00:00","og_image":[{"width":1280,"height":284,"url":"https:\/\/tinychat.com\/wp-content\/uploads\/2020\/04\/Tinychat-logo-1280x284-new-black.png","type":"image\/png"}],"twitter_card":"summary_large_image","twitter_site":"@tinychat","twitter_misc":{"Tempo di lettura stimato":"8 minuti"},"schema":{"@context":"https:\/\/schema.org","@graph":[{"@type":"WebPage","@id":"https:\/\/tinychat.com\/yesichat\/","url":"https:\/\/tinychat.com\/yesichat\/","name":"Yesichat - Un clic senza registrazione - TinyChat.com","isPartOf":{"@id":"https:\/\/tinychat.com\/#website"},"datePublished":"2025-07-26T13:01:47+00:00","dateModified":"2025-07-26T16:22:34+00:00","description":"Ti piace l'Yesichat? Unisciti a oltre 50.000.000 di sconosciuti su TinyChat! Accendi la tua cam e inizia a conoscere nuove persone o a trovare un partner.","breadcrumb":{"@id":"https:\/\/tinychat.com\/yesichat\/#breadcrumb"},"inLanguage":"it-IT","potentialAction":[{"@type":"ReadAction","target":["https:\/\/tinychat.com\/yesichat\/"]}]},{"@type":"BreadcrumbList","@id":"https:\/\/tinychat.com\/yesichat\/#breadcrumb","itemListElement":[{"@type":"ListItem","position":1,"name":"Home","item":"https:\/\/tinychat.com\/"},{"@type":"ListItem","position":2,"name":"Yesichat"}]},{"@type":"WebSite","@id":"https:\/\/tinychat.com\/#website","url":"https:\/\/tinychat.com\/","name":"TinyChat","description":"Videochat casuale con sconosciuti","publisher":{"@id":"https:\/\/tinychat.com\/#organization"},"alternateName":"TinyChat.com","potentialAction":[{"@type":"SearchAction","target":{"@type":"EntryPoint","urlTemplate":"https:\/\/tinychat.com\/?s={search_term_string}"},"query-input":{"@type":"PropertyValueSpecification","valueRequired":true,"valueName":"search_term_string"}}],"inLanguage":"it-IT"},{"@type":"Organization","@id":"https:\/\/tinychat.com\/#organization","name":"TinyChat","alternateName":"TinyChat.com","url":"https:\/\/tinychat.com\/","logo":{"@type":"ImageObject","inLanguage":"it-IT","@id":"https:\/\/tinychat.com\/#\/schema\/logo\/image\/","url":"https:\/\/tinychat.com\/wp-content\/uploads\/2023\/11\/Tinychat-icon-square.png","contentUrl":"https:\/\/tinychat.com\/wp-content\/uploads\/2023\/11\/Tinychat-icon-square.png","width":284,"height":284,"caption":"TinyChat"},"image":{"@id":"https:\/\/tinychat.com\/#\/schema\/logo\/image\/"},"sameAs":["https:\/\/www.facebook.com\/tinychat","https:\/\/x.com\/tinychat"]}]}},"_links":{"self":[{"href":"https:\/\/tinychat.com\/it\/wp-json\/wp\/v2\/pages\/11261","targetHints":{"allow":["GET"]}}],"collection":[{"href":"https:\/\/tinychat.com\/it\/wp-json\/wp\/v2\/pages"}],"about":[{"href":"https:\/\/tinychat.com\/it\/wp-json\/wp\/v2\/types\/page"}],"author":[{"embeddable":true,"href":"https:\/\/tinychat.com\/it\/wp-json\/wp\/v2\/users\/6"}],"replies":[{"embeddable":true,"href":"https:\/\/tinychat.com\/it\/wp-json\/wp\/v2\/comments?post=11261"}],"version-history":[{"count":3,"href":"https:\/\/tinychat.com\/it\/wp-json\/wp\/v2\/pages\/11261\/revisions"}],"predecessor-version":[{"id":13369,"href":"https:\/\/tinychat.com\/it\/wp-json\/wp\/v2\/pages\/11261\/revisions\/13369"}],"wp:attachment":[{"href":"https:\/\/tinychat.com\/it\/wp-json\/wp\/v2\/media?parent=11261"}],"curies":[{"name":"wp","href":"https:\/\/api.w.org\/{rel}","templated":true}]}}