{"id":11949,"date":"2023-10-24T11:57:43","date_gmt":"2023-10-24T09:57:43","guid":{"rendered":"https:\/\/tinychat.com\/?page_id=11949"},"modified":"2025-07-21T13:03:37","modified_gmt":"2025-07-21T11:03:37","slug":"cammatch","status":"publish","type":"page","link":"https:\/\/tinychat.com\/it\/cammatch\/","title":{"rendered":"Cammatch"},"content":{"rendered":"<p>In un mondo in cui la connessione \u00e8 a portata di clic, l'ascesa delle piattaforme di video chat casuali ha aperto nuove frontiere per incontrare amici, flirtare, scambiare lingue ed esplorare culture, il tutto in tempo reale. CamMatch, uno degli operatori pi\u00f9 nuovi e innovativi sulla scena, si sta rapidamente affermando come una delle principali destinazioni per chi cerca conversazioni faccia a faccia autentiche, sicure e coinvolgenti con sconosciuti online.<\/p>\n<p>Che si tratti di rompere la routine, di praticare una lingua straniera, di trovare un'anima affine o semplicemente di farsi una risata, CamMatch offre un'esperienza ricca di funzioni, attenta alla privacy e facile da usare, che sembra il meglio di Omegle, Chatroulette e della pi\u00f9 recente tecnologia di video chat, combinate e potenziate.<\/p>\n<p>Questa guida approfondita copre tutto ci\u00f2 che c'\u00e8 da sapere su CamMatch: come funziona, le sue caratteristiche uniche, l'esperienza dell'utente, la sicurezza, il confronto con i concorrenti, la risoluzione dei problemi e i consigli degli esperti per rendere ogni chat pi\u00f9 gratificante.<\/p>\n<h2>Che cos'\u00e8 CamMatch?<\/h2>\n<p>CamMatch \u00e8 una piattaforma di video chat casuale progettata per creare connessioni rapide, anonime e significative con persone di tutto il mondo. Non \u00e8 necessario registrarsi o scaricare un'app: basta visitare il sito, attivare la fotocamera e il microfono e si viene immediatamente abbinati a una persona nuova per una conversazione dal vivo uno a uno.<\/p>\n<p>A differenza di molti siti di chat casuali, CamMatch \u00e8 costruito per gli utenti di oggi, con ottimizzazione per i dispositivi mobili, traduzione in tempo reale, filtri intelligenti e una forte moderazione per mantenere le cose sicure e divertenti. Sia che vogliate una chat di solo testo o un'esperienza video completa, CamMatch vi d\u00e0 il controllo in ogni fase del processo.<\/p>\n<p>La comunit\u00e0 di CamMatch \u00e8 globale e variegata e comprende tutti, dagli studenti ai viaggiatori, dagli studenti di lingue ai nomadi digitali e a chiunque ami il brivido dell'interazione spontanea.<\/p>\n<h2>Caratteristiche principali di CamMatch<\/h2>\n<p>CamMatch si distingue per la fusione delle classiche funzioni di chat casuale con miglioramenti di nuova generazione:<\/p>\n<h3>1. Chat istantanea video e di testo<\/h3>\n<p>Basta selezionare la modalit\u00e0 di chat preferita (video o testo) per entrare in contatto con un estraneo a caso in qualsiasi parte del mondo. Nessun login, nessun profilo, solo pura interazione.<\/p>\n<h3>2. Filtri per genere, paese e lingua<\/h3>\n<p>Volete personalizzare la vostra esperienza? Utilizzate i filtri intelligenti di CamMatch per connettervi solo con utenti di uno specifico sesso, di un determinato Paese o che parlano la vostra lingua. (Alcuni filtri avanzati possono richiedere la creazione di un account o un piccolo costo).<\/p>\n<h3>3. In-Browser, nessun download richiesto<\/h3>\n<p>Godetevi l'esperienza completa di CamMatch direttamente nel vostro browser su desktop, laptop o cellulare, senza dover installare applicazioni o ingombrare il vostro dispositivo con software aggiuntivi.<\/p>\n<h3>4. Design ottimizzato per i dispositivi mobili<\/h3>\n<p>CamMatch funziona perfettamente su tutti i moderni smartphone e tablet, offrendo layout reattivi, connessioni veloci e controlli intuitivi per le chat in movimento.<\/p>\n<h3>5. Anonimo e privato<\/h3>\n<p>La privacy \u00e8 al centro di CamMatch. Non ti vengono chiesti e-mail, numero di telefono o dettagli personali per iniziare. Tutte le chat sono anonime e non registrate: avete il pieno controllo di ci\u00f2 che condividete.<\/p>\n<h3>6. Pulsante \"Avanti\" per saltare velocemente<\/h3>\n<p>Non siete in sintonia con il vostro incontro? Basta fare clic su \"Avanti\" per creare immediatamente una nuova connessione, senza pause o attese imbarazzanti.<\/p>\n<h3>7. Comunit\u00e0 sicura e moderazione in tempo reale<\/h3>\n<p>CamMatch utilizza una combinazione di:<\/p>\n<ul>\n<li>Moderazione automatica (AI) per filtrare nudit\u00e0, spam e abusi<\/li>\n<li>Moderatori umani in carne e ossa per un supporto e un intervento in tempo reale<\/li>\n<li>Funzioni di reportistica e di blocco per l'utente, in modo da poter assumere il controllo in qualsiasi momento<\/li>\n<\/ul>\n<h3>8. Traduzione in tempo reale<\/h3>\n<p>Rompete le barriere linguistiche all'istante! CamMatch offre uno strumento di traduzione che consente di chattare facilmente con persone che parlano lingue diverse, rendendo le conversazioni globali una realt\u00e0.<\/p>\n<h3>9. Registrazione facoltativa per i Power User<\/h3>\n<p>Anche se CamMatch funziona perfettamente senza un account, gli utenti che scelgono di registrarsi possono:<\/p>\n<ul>\n<li>Salvare gli amici preferiti<\/li>\n<li>Accesso a filtri e funzioni avanzate<\/li>\n<li>Vedere le connessioni passate (mantenendo la privacy)<\/li>\n<\/ul>\n<h3>10. Condivisione sicura delle immagini (con moderazione)<\/h3>\n<p>Per coloro che desiderano inviare foto o immagini, CamMatch consente una condivisione sicura e moderata, contribuendo a mantenere l'ambiente positivo e rispettoso.<\/p>\n<h2>Come utilizzare CamMatch<\/h2>\n<p>Utilizzare CamMatch \u00e8 veloce e intuitivo. Ecco come iniziare a chattare in pochi secondi:<\/p>\n<h3>Passo 1: Visitare il sito web di CamMatch<\/h3>\n<p>Aprire il browser e andare su cammatch.com o sulla versione regionale.<\/p>\n<h3>Passo 2: Scegliere la modalit\u00e0 video o testo<\/h3>\n<p>Scegliete se volete una videochiamata (attivate la telecamera e il microfono) o se volete limitarvi al solo testo (ideale per chi preferisce la privacy).<\/p>\n<h3>Passo 3: Impostazione dei filtri (facoltativo)<\/h3>\n<p>Utilizzate i filtri per entrare in contatto con generi, paesi o lingue specifiche. \u00c8 possibile combinare i filtri per ottenere l'esperienza desiderata.<\/p>\n<h3>Fase 4: fare clic su \"Avvia\" o \"Connetti\".<\/h3>\n<p>Sarete immediatamente abbinati a uno sconosciuto. Inizia la conversazione: saluta o presentati!<\/p>\n<h3>Fase 5: Usare \"Avanti\" per andare avanti<\/h3>\n<p>Volete una nuova chat? Fate clic su \"Avanti\" per un'altra connessione casuale, senza limiti.<\/p>\n<h3>Fase 6: Registrazione (facoltativa)<\/h3>\n<p>Registratevi (con informazioni minime) se volete accedere a funzioni extra come la lista degli amici, i filtri avanzati o le conversazioni salvate.<\/p>\n<h3>Fase 7: Segnalazione o blocco (se necessario)<\/h3>\n<p>Vedi qualcosa di inappropriato? Utilizzate la funzione di blocco\/segnalazione: il team di CamMatch risponde rapidamente.<\/p>\n<h2>Esperienza utente su CamMatch<\/h2>\n<p>CamMatch \u00e8 stato progettato per la semplicit\u00e0, la velocit\u00e0 e la sicurezza, in modo che possiate concentrarvi sul divertimento di conoscere nuove persone, senza dover navigare in menu complessi o compilare profili.<\/p>\n<h3>Cosa amano gli utenti<\/h3>\n<ul>\n<li>Accesso immediato, nessuna registrazione richiesta: Chiacchierate subito, in totale privacy.<\/li>\n<li>Interfaccia elegante e moderna: Nessun disordine o controlli confusi<\/li>\n<li>Ottimo per la pratica della lingua, per lo scambio culturale o per una semplice chiacchierata amichevole.<\/li>\n<li>Funzione di salto rapido: Mantenere le conversazioni fresche e positive<\/li>\n<li>Filtri e traduzione: Esperienza globale e personalizzabile<\/li>\n<li>Funziona su qualsiasi dispositivo: Mobile o desktop, senza soluzione di continuit\u00e0<\/li>\n<\/ul>\n<h3>Cosa si potrebbe migliorare<\/h3>\n<ul>\n<li>I filtri avanzati e gli amici salvati richiedono una registrazione o un abbonamento premium<\/li>\n<li>Nessuna stanza per gruppi o argomenti (ancora)<\/li>\n<li>Troll occasionali o utenti inappropriati (comune a tutte le app di chat casuali, la moderazione aiuta)<\/li>\n<li>Molto coinvolgente: \u00e8 facile perdere la cognizione del tempo!<\/li>\n<\/ul>\n<h3>Recensioni di utenti reali<\/h3>\n<blockquote><p>\"CamMatch \u00e8 il mio punto di riferimento per le chat video casuali. Mi piace la facilit\u00e0 d'uso e mi sento pi\u00f9 sicura rispetto ai siti precedenti\".<br \/>\n- <em>Olivia B., Trustpilot<\/em><\/p><\/blockquote>\n<blockquote><p>\"Il filtro per paese mi ha aiutato a praticare il mio francese con persone madrelingua. Molto meglio delle app linguistiche!\".<br \/>\n- <em>Marco R., Google Play<\/em><\/p><\/blockquote>\n<blockquote><p>\"L'esperienza mobile \u00e8 fantastica: la qualit\u00e0 dei video \u00e8 ottima e l'interfaccia \u00e8 pulitissima\".<br \/>\n- <em>Priya T., App Store<\/em><\/p><\/blockquote>\n<h2>CamMatch vs. Altre piattaforme di video chat<\/h2>\n<p>Come si colloca CamMatch rispetto alle alternative di video chat pi\u00f9 popolari?<\/p>\n<table>\n<thead>\n<tr>\n<th>Caratteristica<\/th>\n<th>CamMatch<\/th>\n<th>ChatMatch<\/th>\n<th>Omegle<\/th>\n<th>Omegla<\/th>\n<th>Chatroulette<\/th>\n<th>Chatrandom<\/th>\n<th>HOLLA<\/th>\n<th>LivU<\/th>\n<\/tr>\n<\/thead>\n<tbody>\n<tr>\n<td>Non \u00e8 necessario iscriversi<\/td>\n<td>\u2705 S\u00ec<\/td>\n<td>\u2705 S\u00ec<\/td>\n<td>\u2705 S\u00ec<\/td>\n<td>\u2705 S\u00ec<\/td>\n<td>\u2705 S\u00ec<\/td>\n<td>\u2705 S\u00ec<\/td>\n<td>\u2705 S\u00ec<\/td>\n<td>\u2705 S\u00ec<\/td>\n<\/tr>\n<tr>\n<td>Chat video e di testo<\/td>\n<td>Entrambi<\/td>\n<td>Entrambi<\/td>\n<td>Entrambi<\/td>\n<td>Entrambi<\/td>\n<td>Entrambi<\/td>\n<td>Entrambi<\/td>\n<td>Entrambi<\/td>\n<td>Entrambi<\/td>\n<\/tr>\n<tr>\n<td>Filtro Genere\/Paese<\/td>\n<td>\u2705 S\u00ec*<\/td>\n<td>\u2705 S\u00ec*<\/td>\n<td>\u26a0\ufe0f Limited<\/td>\n<td>\u2705 S\u00ec*<\/td>\n<td>\u2705 S\u00ec<\/td>\n<td>\u2705 S\u00ec<\/td>\n<td>\u2705 S\u00ec<\/td>\n<td>\u2705 S\u00ec<\/td>\n<\/tr>\n<tr>\n<td>Ottimizzato per i dispositivi mobili<\/td>\n<td>\u2705 S\u00ec<\/td>\n<td>\u2705 S\u00ec<\/td>\n<td>\u26a0\ufe0f Misto<\/td>\n<td>\u2705 S\u00ec<\/td>\n<td>\u2705 S\u00ec<\/td>\n<td>\u2705 S\u00ec<\/td>\n<td>\u2705 S\u00ec<\/td>\n<td>\u2705 S\u00ec<\/td>\n<\/tr>\n<tr>\n<td>Strumento di traduzione<\/td>\n<td>\u2705 S\u00ec<\/td>\n<td>\u2705 S\u00ec<\/td>\n<td>\u274c No<\/td>\n<td>\ud83d\udd52 Presto<\/td>\n<td>\u274c No<\/td>\n<td>\u274c No<\/td>\n<td>\u2705 S\u00ec<\/td>\n<td>\u2705 S\u00ec<\/td>\n<\/tr>\n<tr>\n<td>Conti opzionali<\/td>\n<td>\u2705 S\u00ec<\/td>\n<td>\u2705 S\u00ec<\/td>\n<td>\u274c No<\/td>\n<td>\u274c No<\/td>\n<td>\u274c No<\/td>\n<td>\u2705 S\u00ec<\/td>\n<td>\u2705 S\u00ec<\/td>\n<td>\u2705 S\u00ec<\/td>\n<\/tr>\n<tr>\n<td>Condivisione sicura delle immagini<\/td>\n<td>\u2705 S\u00ec<\/td>\n<td>\u2705 S\u00ec<\/td>\n<td>\u274c No<\/td>\n<td>\u274c No<\/td>\n<td>\u274c No<\/td>\n<td>\u2705 S\u00ec<\/td>\n<td>\u2705 S\u00ec<\/td>\n<td>\u2705 S\u00ec<\/td>\n<\/tr>\n<tr>\n<td>Moderazione live\/sicurezza<\/td>\n<td>Forte<\/td>\n<td>Forte<\/td>\n<td>\u26a0\ufe0f Limited<\/td>\n<td>Forte<\/td>\n<td>\u26a0\ufe0f Limited<\/td>\n<td>\u2705 S\u00ec<\/td>\n<td>Forte<\/td>\n<td>Forte<\/td>\n<\/tr>\n<\/tbody>\n<\/table>\n<p>*Alcuni filtri\/caratteristiche avanzate possono richiedere un account gratuito o premium.<\/p>\n<p>Sommario: CamMatch \u00e8 costruito per gli utenti di oggi: veloce, sicuro, personalizzabile e accessibile ovunque. \u00c8 perfetto per chi desidera un'esperienza di video chat casuale moderna, privata e divertente.<\/p>\n<h2>CamMatch \u00e8 sicuro?<\/h2>\n<p>La priorit\u00e0 assoluta di CamMatch \u00e8 fornire uno spazio sicuro, rispettoso e divertente per tutti:<\/p>\n<ul>\n<li>La moderazione AI esamina tutti i contenuti video\/testuali\/immagini alla ricerca di nudit\u00e0, spam o abusi.<\/li>\n<li>Moderatori umani in diretta, 24 ore su 24, 7 giorni su 7, rispondono alle segnalazioni degli utenti e bannano i trasgressori.<\/li>\n<li>Chat private, nessuna memorizzazione di dati: Le chat non vengono salvate e non vengono raccolti dati personali, a meno che non ci si registri volontariamente.<\/li>\n<li>Le regole chiare della comunit\u00e0 mantengono le cose amichevoli e inclusive.<\/li>\n<li>Controlli utente: Pulsanti di blocco\/relazione sempre visibili.<\/li>\n<\/ul>\n<h3>Consigli per la sicurezza<\/h3>\n<ul>\n<li>Non condividete mai il vostro vero nome, indirizzo, numero di telefono o informazioni sensibili.<\/li>\n<li>Fidatevi del vostro istinto e chiudete ogni conversazione che vi mette a disagio.<\/li>\n<li>Utilizzate un nickname e mantenete la vostra identit\u00e0 privata, a meno che non vi fidiate veramente dell'altro utente.<\/li>\n<li>Segnalare\/bloccare chiunque si comporti in modo inappropriato.<\/li>\n<li>Non cliccate su link esterni e non accettate file da sconosciuti.<\/li>\n<\/ul>\n<h2>Consigli per ottenere il massimo da CamMatch<\/h2>\n<ul>\n<li>Iniziare in modo amichevole: Un sorriso e un saluto fanno molta strada!<\/li>\n<li>Non accontentatevi: Usate \"Avanti\" per saltare le chat improduttive o sgradevoli.<\/li>\n<li>Esplora i filtri: Collegatevi per paese o lingua per scambi unici.<\/li>\n<li>Provate a tradurre: Praticare nuove lingue o fare amicizie globali.<\/li>\n<li>Utilizzare le funzioni di sicurezza: Segnalare e bloccare sempre i cattivi attori: aiutate la comunit\u00e0 a rimanere pulita.<\/li>\n<li>Chattare in movimento: Il sito mobile di CamMatch \u00e8 perfetto per conversazioni spontanee ovunque.<\/li>\n<li>Registrati per gli extra: Se amate CamMatch, considerate la possibilit\u00e0 di registrarvi per ottenere filtri avanzati, amici salvati e altro ancora.<\/li>\n<\/ul>\n<h2>Risoluzione dei problemi comuni di CamMatch<\/h2>\n<h3>La fotocamera o il microfono non funzionano<\/h3>\n<p>Assicurarsi che il browser\/dispositivo consenta l'accesso, chiudere le altre applicazioni che utilizzano la fotocamera e aggiornare il sito.<\/p>\n<h3>Connessioni lente o lag<\/h3>\n<p>Utilizzate una connessione Wi-Fi forte, chiudete le app\/tab che consumano molta banda e provate un altro browser, se necessario.<\/p>\n<h3>Filtri non disponibili<\/h3>\n<p>Alcune funzioni richiedono un account gratuito o a pagamento: registratevi o aggiornate a seconda delle necessit\u00e0.<\/p>\n<h3>Troll o utenti inadeguati<\/h3>\n<p>Fare clic su blocca\/segnala immediatamente. I moderatori gestiranno rapidamente le violazioni.<\/p>\n<h3>La traduzione non funziona<\/h3>\n<p>Aggiornare, controllare la connessione o contattare l'assistenza. La traduzione potrebbe richiedere un account aggiornato.<\/p>\n<p>Assolutamente s\u00ec, soprattutto se volete l'ultima novit\u00e0 in fatto di chat video casuali, con privacy e sicurezza di alto livello e un design moderno e accattivante. CamMatch prende la magia dell'incontro con gli sconosciuti e le d\u00e0 un aggiornamento necessario, unendo l'accesso istantaneo con il giusto mix di funzioni e controlli della comunit\u00e0.<\/p>\n<p>Per l'amicizia, lo scambio linguistico, l'esplorazione culturale o semplicemente per divertenti chat globali, CamMatch \u00e8 il tuo portale sul mondo: privato, veloce e accessibile da qualsiasi dispositivo.<\/p>\n<p>Pronti per iniziare?<br \/>\nVisita cammatch.com, scegli video o testo e immergiti nella tua prossima conversazione in pochi secondi.<\/p>","protected":false},"excerpt":{"rendered":"<p>In a world where connection is just a click away, the rise of random video chat platforms has opened new frontiers for meeting friends, flirting, language exchange, and exploring cultures\u2014all in real time. As one of the newest and most innovative players on the scene, CamMatch is quickly gaining traction as a top destination for [&hellip;]<\/p>\n","protected":false},"author":6,"featured_media":0,"parent":0,"menu_order":0,"comment_status":"closed","ping_status":"closed","template":"","meta":{"footnotes":""},"class_list":["post-11949","page","type-page","status-publish","hentry"],"yoast_head":"<!-- This site is optimized with the Yoast SEO plugin v27.4 - https:\/\/yoast.com\/product\/yoast-seo-wordpress\/ -->\n<title>Cammatch - Live Video Chat with Random People - TinyChat.com<\/title>\n<meta name=\"description\" content=\"Enjoying Cammatch? Join over 50,000,000 strangers on TinyChat! Turn on your cam and start meeting new people, or find a match.\" \/>\n<meta name=\"robots\" content=\"index, follow, max-snippet:-1, max-image-preview:large, max-video-preview:-1\" \/>\n<link rel=\"canonical\" href=\"https:\/\/tinychat.com\/it\/cammatch\/\" \/>\n<meta property=\"og:locale\" content=\"it_IT\" \/>\n<meta property=\"og:type\" content=\"article\" \/>\n<meta property=\"og:title\" content=\"Cammatch - Live Video Chat with Random People - TinyChat.com\" \/>\n<meta property=\"og:description\" content=\"Enjoying Cammatch? Join over 50,000,000 strangers on TinyChat! Turn on your cam and start meeting new people, or find a match.\" \/>\n<meta property=\"og:url\" content=\"https:\/\/tinychat.com\/it\/cammatch\/\" \/>\n<meta property=\"og:site_name\" content=\"TinyChat\" \/>\n<meta property=\"article:publisher\" content=\"https:\/\/www.facebook.com\/tinychat\" \/>\n<meta property=\"article:modified_time\" content=\"2025-07-21T11:03:37+00:00\" \/>\n<meta property=\"og:image\" content=\"https:\/\/tinychat.com\/wp-content\/uploads\/2020\/04\/Tinychat-logo-1280x284-new-black.png\" \/>\n\t<meta property=\"og:image:width\" content=\"1280\" \/>\n\t<meta property=\"og:image:height\" content=\"284\" \/>\n\t<meta property=\"og:image:type\" content=\"image\/png\" \/>\n<meta name=\"twitter:card\" content=\"summary_large_image\" \/>\n<meta name=\"twitter:site\" content=\"@tinychat\" \/>\n<meta name=\"twitter:label1\" content=\"Tempo di lettura stimato\" \/>\n\t<meta name=\"twitter:data1\" content=\"7 minuti\" \/>\n<script type=\"application\/ld+json\" class=\"yoast-schema-graph\">{\"@context\":\"https:\\\/\\\/schema.org\",\"@graph\":[{\"@type\":\"WebPage\",\"@id\":\"https:\\\/\\\/tinychat.com\\\/cammatch\\\/\",\"url\":\"https:\\\/\\\/tinychat.com\\\/cammatch\\\/\",\"name\":\"Cammatch - Live Video Chat with Random People - TinyChat.com\",\"isPartOf\":{\"@id\":\"https:\\\/\\\/tinychat.com\\\/#website\"},\"datePublished\":\"2023-10-24T09:57:43+00:00\",\"dateModified\":\"2025-07-21T11:03:37+00:00\",\"description\":\"Enjoying Cammatch? Join over 50,000,000 strangers on TinyChat! Turn on your cam and start meeting new people, or find a match.\",\"breadcrumb\":{\"@id\":\"https:\\\/\\\/tinychat.com\\\/cammatch\\\/#breadcrumb\"},\"inLanguage\":\"it-IT\",\"potentialAction\":[{\"@type\":\"ReadAction\",\"target\":[\"https:\\\/\\\/tinychat.com\\\/cammatch\\\/\"]}]},{\"@type\":\"BreadcrumbList\",\"@id\":\"https:\\\/\\\/tinychat.com\\\/cammatch\\\/#breadcrumb\",\"itemListElement\":[{\"@type\":\"ListItem\",\"position\":1,\"name\":\"Home\",\"item\":\"https:\\\/\\\/tinychat.com\\\/\"},{\"@type\":\"ListItem\",\"position\":2,\"name\":\"Cammatch\"}]},{\"@type\":\"WebSite\",\"@id\":\"https:\\\/\\\/tinychat.com\\\/#website\",\"url\":\"https:\\\/\\\/tinychat.com\\\/\",\"name\":\"TinyChat\",\"description\":\"Random Video Chat with Strangers\",\"publisher\":{\"@id\":\"https:\\\/\\\/tinychat.com\\\/#organization\"},\"alternateName\":\"TinyChat.com\",\"potentialAction\":[{\"@type\":\"SearchAction\",\"target\":{\"@type\":\"EntryPoint\",\"urlTemplate\":\"https:\\\/\\\/tinychat.com\\\/?s={search_term_string}\"},\"query-input\":{\"@type\":\"PropertyValueSpecification\",\"valueRequired\":true,\"valueName\":\"search_term_string\"}}],\"inLanguage\":\"it-IT\"},{\"@type\":\"Organization\",\"@id\":\"https:\\\/\\\/tinychat.com\\\/#organization\",\"name\":\"TinyChat\",\"alternateName\":\"TinyChat.com\",\"url\":\"https:\\\/\\\/tinychat.com\\\/\",\"logo\":{\"@type\":\"ImageObject\",\"inLanguage\":\"it-IT\",\"@id\":\"https:\\\/\\\/tinychat.com\\\/#\\\/schema\\\/logo\\\/image\\\/\",\"url\":\"https:\\\/\\\/tinychat.com\\\/wp-content\\\/uploads\\\/2023\\\/11\\\/Tinychat-icon-square.png\",\"contentUrl\":\"https:\\\/\\\/tinychat.com\\\/wp-content\\\/uploads\\\/2023\\\/11\\\/Tinychat-icon-square.png\",\"width\":284,\"height\":284,\"caption\":\"TinyChat\"},\"image\":{\"@id\":\"https:\\\/\\\/tinychat.com\\\/#\\\/schema\\\/logo\\\/image\\\/\"},\"sameAs\":[\"https:\\\/\\\/www.facebook.com\\\/tinychat\",\"https:\\\/\\\/x.com\\\/tinychat\"]}]}<\/script>\n<!-- \/ Yoast SEO plugin. -->","yoast_head_json":{"title":"Cammatch - Chat video in diretta con persone a caso - TinyChat.com","description":"Ti piace Cammatch? Unisciti a oltre 50.000.000 di sconosciuti su TinyChat! Accendi la tua cam e inizia a conoscere nuove persone o a trovare un partner.","robots":{"index":"index","follow":"follow","max-snippet":"max-snippet:-1","max-image-preview":"max-image-preview:large","max-video-preview":"max-video-preview:-1"},"canonical":"https:\/\/tinychat.com\/it\/cammatch\/","og_locale":"it_IT","og_type":"article","og_title":"Cammatch - Live Video Chat with Random People - TinyChat.com","og_description":"Enjoying Cammatch? Join over 50,000,000 strangers on TinyChat! Turn on your cam and start meeting new people, or find a match.","og_url":"https:\/\/tinychat.com\/it\/cammatch\/","og_site_name":"TinyChat","article_publisher":"https:\/\/www.facebook.com\/tinychat","article_modified_time":"2025-07-21T11:03:37+00:00","og_image":[{"width":1280,"height":284,"url":"https:\/\/tinychat.com\/wp-content\/uploads\/2020\/04\/Tinychat-logo-1280x284-new-black.png","type":"image\/png"}],"twitter_card":"summary_large_image","twitter_site":"@tinychat","twitter_misc":{"Tempo di lettura stimato":"7 minuti"},"schema":{"@context":"https:\/\/schema.org","@graph":[{"@type":"WebPage","@id":"https:\/\/tinychat.com\/cammatch\/","url":"https:\/\/tinychat.com\/cammatch\/","name":"Cammatch - Chat video in diretta con persone a caso - TinyChat.com","isPartOf":{"@id":"https:\/\/tinychat.com\/#website"},"datePublished":"2023-10-24T09:57:43+00:00","dateModified":"2025-07-21T11:03:37+00:00","description":"Ti piace Cammatch? Unisciti a oltre 50.000.000 di sconosciuti su TinyChat! Accendi la tua cam e inizia a conoscere nuove persone o a trovare un partner.","breadcrumb":{"@id":"https:\/\/tinychat.com\/cammatch\/#breadcrumb"},"inLanguage":"it-IT","potentialAction":[{"@type":"ReadAction","target":["https:\/\/tinychat.com\/cammatch\/"]}]},{"@type":"BreadcrumbList","@id":"https:\/\/tinychat.com\/cammatch\/#breadcrumb","itemListElement":[{"@type":"ListItem","position":1,"name":"Home","item":"https:\/\/tinychat.com\/"},{"@type":"ListItem","position":2,"name":"Cammatch"}]},{"@type":"WebSite","@id":"https:\/\/tinychat.com\/#website","url":"https:\/\/tinychat.com\/","name":"TinyChat","description":"Videochat casuale con sconosciuti","publisher":{"@id":"https:\/\/tinychat.com\/#organization"},"alternateName":"TinyChat.com","potentialAction":[{"@type":"SearchAction","target":{"@type":"EntryPoint","urlTemplate":"https:\/\/tinychat.com\/?s={search_term_string}"},"query-input":{"@type":"PropertyValueSpecification","valueRequired":true,"valueName":"search_term_string"}}],"inLanguage":"it-IT"},{"@type":"Organization","@id":"https:\/\/tinychat.com\/#organization","name":"TinyChat","alternateName":"TinyChat.com","url":"https:\/\/tinychat.com\/","logo":{"@type":"ImageObject","inLanguage":"it-IT","@id":"https:\/\/tinychat.com\/#\/schema\/logo\/image\/","url":"https:\/\/tinychat.com\/wp-content\/uploads\/2023\/11\/Tinychat-icon-square.png","contentUrl":"https:\/\/tinychat.com\/wp-content\/uploads\/2023\/11\/Tinychat-icon-square.png","width":284,"height":284,"caption":"TinyChat"},"image":{"@id":"https:\/\/tinychat.com\/#\/schema\/logo\/image\/"},"sameAs":["https:\/\/www.facebook.com\/tinychat","https:\/\/x.com\/tinychat"]}]}},"_links":{"self":[{"href":"https:\/\/tinychat.com\/it\/wp-json\/wp\/v2\/pages\/11949","targetHints":{"allow":["GET"]}}],"collection":[{"href":"https:\/\/tinychat.com\/it\/wp-json\/wp\/v2\/pages"}],"about":[{"href":"https:\/\/tinychat.com\/it\/wp-json\/wp\/v2\/types\/page"}],"author":[{"embeddable":true,"href":"https:\/\/tinychat.com\/it\/wp-json\/wp\/v2\/users\/6"}],"replies":[{"embeddable":true,"href":"https:\/\/tinychat.com\/it\/wp-json\/wp\/v2\/comments?post=11949"}],"version-history":[{"count":3,"href":"https:\/\/tinychat.com\/it\/wp-json\/wp\/v2\/pages\/11949\/revisions"}],"predecessor-version":[{"id":13346,"href":"https:\/\/tinychat.com\/it\/wp-json\/wp\/v2\/pages\/11949\/revisions\/13346"}],"wp:attachment":[{"href":"https:\/\/tinychat.com\/it\/wp-json\/wp\/v2\/media?parent=11949"}],"curies":[{"name":"wp","href":"https:\/\/api.w.org\/{rel}","templated":true}]}}