{"id":12021,"date":"2025-08-07T10:51:13","date_gmt":"2025-08-07T08:51:13","guid":{"rendered":"https:\/\/tinychat.com\/?page_id=12021"},"modified":"2025-08-07T10:56:26","modified_gmt":"2025-08-07T08:56:26","slug":"omegle-alternative","status":"publish","type":"page","link":"https:\/\/tinychat.com\/it\/omegle-alternative\/","title":{"rendered":"Omegle Alternativa"},"content":{"rendered":"<p>Per anni, Omegle \u00e8 stata la piattaforma di riferimento per tutti coloro che volevano connettersi istantaneamente con estranei tramite testo o video. La sua semplicit\u00e0 e spontaneit\u00e0 ha cambiato il modo in cui milioni di persone hanno fatto nuove amicizie online. Ma con l'evoluzione del mondo delle chat video casuali, si sono evolute anche le aspettative degli utenti e ora molte persone sono alla ricerca di un'alternativa pi\u00f9 sicura e coinvolgente a Omegle.<\/p>\n<p>Se siete stanchi dei bot, se cercate pi\u00f9 funzioni o semplicemente se volete una piattaforma che vi faccia sentire pi\u00f9 come una comunit\u00e0, oggi sono disponibili decine di alternative a Omegle. Tra queste, TinyChat si distingue come una delle migliori: offre uno spazio pi\u00f9 ricco, interattivo e sicuro per le conversazioni reali. Ecco perch\u00e9.<\/p>\n<h2>Perch\u00e9 cercare un'alternativa Omegle?<\/h2>\n<p>L'Omegle ha aperto nuove strade, ma non \u00e8 privo di difetti. Ecco perch\u00e9 molti utenti sono alla ricerca della migliore alternativa all'Omegle:<\/p>\n<ul>\n<li>Mancanza di moderazione: Omegle \u00e8 diventato famoso per i bot, lo spam e i contenuti inappropriati.<\/li>\n<li>Nessuna vera comunit\u00e0: La maggior parte delle conversazioni \u00e8 fugace, con poche opportunit\u00e0 di connettersi al di l\u00e0 del momento.<\/li>\n<li>Caratteristiche limitate: Nessuna chat di gruppo, scarso supporto mobile e pochissime opzioni di personalizzazione.<\/li>\n<li>Problemi di sicurezza: Senza solidi controlli e strumenti di segnalazione, molti utenti (soprattutto donne e giovani) non si sentono sicuri.<\/li>\n<li>Nessuna chat a tema: \u00c8 difficile trovare persone che condividano i vostri interessi o che vogliano parlare di qualcosa di specifico.<\/li>\n<\/ul>\n<p>Ecco perch\u00e9 piattaforme come la TinyChat sono cresciute in popolarit\u00e0, offrendo tutto ci\u00f2 che manca alla Omegle e molto di pi\u00f9.<\/p>\n<h2>Cosa rende un'ottima alternativa Omegle?<\/h2>\n<p>Non tutte le piattaforme di chat video casuali sono create uguali. Le migliori alternative a Omegle offrono:<\/p>\n<ul>\n<li>Strumenti di moderazione e di reporting pi\u00f9 efficaci<\/li>\n<li>Diversi formati di chat: testo, voce e video, sia in privato che in gruppo.<\/li>\n<li>Stanze e comunit\u00e0 basate su argomenti<\/li>\n<li>Applicazioni mobili e supporto multipiattaforma<\/li>\n<li>Personalizzazione e controllo dell'utente<\/li>\n<li>Una base di utenti accogliente e attiva<\/li>\n<\/ul>\n<p>L'TinyChat soddisfa tutti questi requisiti e va oltre.<\/p>\n<h2>TinyChat: la migliore alternativa all'Omegle per le conversazioni reali<\/h2>\n<p>TinyChat \u00e8 stato un pilastro della chat online per anni, ma di recente si \u00e8 reimmaginato come un'alternativa Omegle leader, che unisce la spontaneit\u00e0 della chat casuale con la profondit\u00e0 e la sicurezza di una vera comunit\u00e0 online.<\/p>\n<h3>Cosa distingue l'TinyChat?<\/h3>\n<h4>1. Stanze di chat video di gruppo e private<\/h4>\n<p>A differenza dell'Omegle, che prevede l'accoppiamento casuale uno a uno, l'TinyChat consente di unirsi a stanze di chat video pubbliche o private basate su argomenti, interessi o persino sulla geografia. Volete parlare di musica, giochi, appuntamenti, salute mentale o semplicemente rilassarvi con nuovi amici? C'\u00e8 una stanza per questo.<\/p>\n<h4>2. Esperienza pi\u00f9 sicura e moderata<\/h4>\n<p>TinyChat utilizza strumenti di moderazione attiva e di segnalazione degli utenti per mantenere le cose amichevoli e sicure. \u00c8 molto meno probabile imbattersi in bot, troll o contenuti espliciti rispetto a Omegle.<\/p>\n<h4>3. Testo, voce e video - a scelta<\/h4>\n<p>Sia che siate pronti per la videocamera o che vogliate semplicemente chattare via testo o audio, l'TinyChat offre tutte e tre le opzioni. Potete controllare le modalit\u00e0 di connessione e unirvi alle stanze con il formato che preferite.<\/p>\n<h4>4. Non \u00e8 necessaria la registrazione per iniziare<\/h4>\n<p>\u00c8 possibile entrare subito in una chat room come ospite, oppure iscriversi per avere pi\u00f9 funzioni e la possibilit\u00e0 di creare le proprie stanze.<\/p>\n<h4>5. Vibrazione comunitaria<\/h4>\n<p>TinyChat non \u00e8 solo un luogo per chat fugaci. Molti utenti stringono amicizie reali, formano gruppi basati sugli interessi e organizzano persino eventi. \u00c8 una comunit\u00e0 viva e pulsante, cosa che Omegle non pu\u00f2 offrire.<\/p>\n<h4>6. Supporto multipiattaforma<\/h4>\n<p>TinyChat \u00e8 disponibile su web, iOS e Android, in modo da potersi connettere in movimento da qualsiasi dispositivo.<\/p>\n<h2>Come si colloca l'TinyChat rispetto alle altre alternative all'Omegle?<\/h2>\n<table>\n<thead>\n<tr>\n<th>Caratteristica<\/th>\n<th>TinyChat<\/th>\n<th>Omegle<\/th>\n<th>Chatroulette<\/th>\n<th>Chatspin<\/th>\n<th>Camsurf<\/th>\n<\/tr>\n<\/thead>\n<tbody>\n<tr>\n<td>Sale di video chat di gruppo<\/td>\n<td>\u2705<\/td>\n<td>\u274c<\/td>\n<td>\u274c<\/td>\n<td>\u274c<\/td>\n<td>\u274c<\/td>\n<\/tr>\n<tr>\n<td>Chat room tematiche\/di argomento<\/td>\n<td>\u2705<\/td>\n<td>\u274c<\/td>\n<td>\u274c<\/td>\n<td>\u2705<\/td>\n<td>\u274c<\/td>\n<\/tr>\n<tr>\n<td>Chat di testo, vocale e video<\/td>\n<td>\u2705<\/td>\n<td>\u2705<\/td>\n<td>\u2705<\/td>\n<td>\u2705<\/td>\n<td>\u2705<\/td>\n<\/tr>\n<tr>\n<td>Forte moderazione<\/td>\n<td>\u2705<\/td>\n<td>\u274c<\/td>\n<td>\u2705<\/td>\n<td>\u2705<\/td>\n<td>\u2705<\/td>\n<\/tr>\n<tr>\n<td>Applicazioni mobili<\/td>\n<td>\u2705<\/td>\n<td>\u274c<\/td>\n<td>\u2705<\/td>\n<td>\u2705<\/td>\n<td>\u2705<\/td>\n<\/tr>\n<tr>\n<td>Comunit\u00e0 ed eventi<\/td>\n<td>\u2705<\/td>\n<td>\u274c<\/td>\n<td>\u274c<\/td>\n<td>\u274c<\/td>\n<td>\u274c<\/td>\n<\/tr>\n<tr>\n<td>Non \u00e8 richiesta l'iscrizione<\/td>\n<td>\u2705<\/td>\n<td>\u2705<\/td>\n<td>\u2705<\/td>\n<td>\u2705<\/td>\n<td>\u2705<\/td>\n<\/tr>\n<\/tbody>\n<\/table>\n<p>Come si pu\u00f2 vedere, TinyChat offre un'esperienza pi\u00f9 ricca, pi\u00f9 personalizzabile e pi\u00f9 sicura rispetto alla maggior parte delle alternative Omegle.<\/p>\n<h2>Perch\u00e9 gli utenti amano l'TinyChat come alternativa all'Omegle<\/h2>\n<ul>\n<li>Maggiore controllo sulle persone con cui parlare: Scegliere una stanza, unirsi a un gruppo o crearne uno proprio: niente pi\u00f9 roulette del \"prossimo\".<\/li>\n<li>Incontra persone che condividono i tuoi interessi: Dalla musica ai giochi, dagli appuntamenti alla salute mentale, trova il tuo pubblico.<\/li>\n<li>Rimanete anonimi o create un profilo: La scelta \u00e8 vostra; la privacy \u00e8 sempre rispettata.<\/li>\n<li>Impegnatevi al vostro ritmo: Osservare prima, chattare via testo o passare direttamente al video. L'TinyChat si adatta al vostro livello di comfort.<\/li>\n<li>Comunit\u00e0 attiva e amichevole: TinyChat attrae persone che vogliono effettivamente chattare, non solo appostarsi o trollare.<\/li>\n<\/ul>\n<h2>Suggerimenti per ottenere il massimo dall'TinyChat<\/h2>\n<ul>\n<li>Esplorate diverse stanze: Provate le stanze pubbliche, private e a tema fino a trovare i vostri spazi preferiti.<\/li>\n<li>Non siate timidi: Molti utenti iniziano come osservatori: saltate quando vi sentite a vostro agio.<\/li>\n<li>Rispettare gli altri: Trattare tutti con gentilezza e segnalare eventuali comportamenti scorretti.<\/li>\n<li>Usate il video quando siete pronti: La videochiamata \u00e8 un ottimo modo per creare connessioni reali, ma \u00e8 sempre facoltativa.<\/li>\n<li>Provate a ospitare la vostra stanza: Riunite amici o sconosciuti per chiacchierare degli argomenti che amate.<\/li>\n<\/ul>\n<h2>Sicurezza su TinyChat e altre alternative Omegle<\/h2>\n<p>La maggior parte delle persone \u00e8 online per divertimento, connessione e conversazione, ma \u00e8 importante:<\/p>\n<ul>\n<li>Non condividete mai informazioni personali (nome e cognome, indirizzo, contatti) con sconosciuti.<\/li>\n<li>Utilizzate un nickname unico o la modalit\u00e0 ospite finch\u00e9 non vi sentite a vostro agio.<\/li>\n<li>Abbandonate qualsiasi stanza o chat che vi faccia sentire a disagio.<\/li>\n<li>Segnala un comportamento scorretto: i moderatori attivi sono a disposizione per aiutare.<\/li>\n<li>Per gli adolescenti e gli utenti pi\u00f9 giovani: attenersi a stanze adatte all'et\u00e0 e leggere tutte le linee guida sulla sicurezza.<\/li>\n<\/ul>\n<h2>Gratuito o a pagamento: \u00c8 necessario spendere soldi?<\/h2>\n<p>Le funzioni principali di TinyChat, come l'accesso alle stanze, le chat, i video e l'audio, sono gratuite. Ci sono aggiornamenti a pagamento per i vantaggi extra (come i regali virtuali o la personalizzazione del profilo), ma non sono necessari per godere dell'esperienza principale. \u00c8 una vera alternativa gratuita a Omegle.<\/p>\n<h2>Quando provare un'alternativa all'Omegle come l'TinyChat<\/h2>\n<ul>\n<li>Quando si vuole qualcosa di pi\u00f9 di una semplice chiacchierata casuale a tu per tu<\/li>\n<li>Se apprezzate la sicurezza, la moderazione e la comunit\u00e0<\/li>\n<li>Per chat, eventi o conversazioni di gruppo basate sugli interessi<\/li>\n<li>Quando ci si annoia, ci si sente soli o si \u00e8 curiosi di conoscere nuove persone<\/li>\n<li>Per sperimentare una nuova atmosfera e una comunit\u00e0 online pi\u00f9 positiva<\/li>\n<\/ul>\n<p>Se state cercando un'alternativa a Omegle che sia pi\u00f9 sicura, divertente e veramente interattiva, TinyChat \u00e8 la scelta migliore. Con le sue vivaci chat room, la moderazione attiva e le opzioni di chat flessibili, \u00e8 il luogo ideale per incontrare sconosciuti, fare amicizia ed esplorare nuove comunit\u00e0, il tutto mantenendo il controllo della propria esperienza.<\/p>\n<p>Siete pronti a migliorare il vostro gioco di chat online? Entrate oggi stesso in una stanza TinyChat e scoprite il modo pi\u00f9 gratificante per entrare in contatto con nuove persone online!<\/p>","protected":false},"excerpt":{"rendered":"<p>For years, Omegle was the go-to platform for anyone looking to connect instantly with strangers via text or video. Its simplicity and spontaneity changed the way millions of people made new friends online. But as the world of random video chat has evolved, so have user expectations\u2014and now, many people are searching for a safer, [&hellip;]<\/p>\n","protected":false},"author":8,"featured_media":0,"parent":0,"menu_order":0,"comment_status":"closed","ping_status":"closed","template":"","meta":{"footnotes":""},"class_list":["post-12021","page","type-page","status-publish","hentry"],"yoast_head":"<!-- This site is optimized with the Yoast SEO plugin v27.5 - https:\/\/yoast.com\/product\/yoast-seo-wordpress\/ -->\n<title>Omegle Alternative with Video Chat on TinyChat.com<\/title>\n<meta name=\"description\" content=\"Enjoying Omegle Alternative? Join over 50,000,000 strangers on TinyChat! Turn on your cam and start meeting new people, or find a match.\" \/>\n<meta name=\"robots\" content=\"index, follow, max-snippet:-1, max-image-preview:large, max-video-preview:-1\" \/>\n<link rel=\"canonical\" href=\"https:\/\/tinychat.com\/it\/omegle-alternative\/\" \/>\n<meta property=\"og:locale\" content=\"it_IT\" \/>\n<meta property=\"og:type\" content=\"article\" \/>\n<meta property=\"og:title\" content=\"Omegle Alternative with Video Chat on TinyChat.com\" \/>\n<meta property=\"og:description\" content=\"Enjoying Omegle Alternative? Join over 50,000,000 strangers on TinyChat! Turn on your cam and start meeting new people, or find a match.\" \/>\n<meta property=\"og:url\" content=\"https:\/\/tinychat.com\/it\/omegle-alternative\/\" \/>\n<meta property=\"og:site_name\" content=\"TinyChat\" \/>\n<meta property=\"article:publisher\" content=\"https:\/\/www.facebook.com\/tinychat\" \/>\n<meta property=\"article:modified_time\" content=\"2025-08-07T08:56:26+00:00\" \/>\n<meta property=\"og:image\" content=\"https:\/\/tinychat.com\/wp-content\/uploads\/2020\/04\/Tinychat-logo-1280x284-new-black.png\" \/>\n\t<meta property=\"og:image:width\" content=\"1280\" \/>\n\t<meta property=\"og:image:height\" content=\"284\" \/>\n\t<meta property=\"og:image:type\" content=\"image\/png\" \/>\n<meta name=\"twitter:card\" content=\"summary_large_image\" \/>\n<meta name=\"twitter:site\" content=\"@tinychat\" \/>\n<meta name=\"twitter:label1\" content=\"Tempo di lettura stimato\" \/>\n\t<meta name=\"twitter:data1\" content=\"5 minuti\" \/>\n<script type=\"application\/ld+json\" class=\"yoast-schema-graph\">{\"@context\":\"https:\\\/\\\/schema.org\",\"@graph\":[{\"@type\":\"WebPage\",\"@id\":\"https:\\\/\\\/tinychat.com\\\/omegle-alternative\\\/\",\"url\":\"https:\\\/\\\/tinychat.com\\\/omegle-alternative\\\/\",\"name\":\"Omegle Alternative with Video Chat on TinyChat.com\",\"isPartOf\":{\"@id\":\"https:\\\/\\\/tinychat.com\\\/#website\"},\"datePublished\":\"2025-08-07T08:51:13+00:00\",\"dateModified\":\"2025-08-07T08:56:26+00:00\",\"description\":\"Enjoying Omegle Alternative? Join over 50,000,000 strangers on TinyChat! Turn on your cam and start meeting new people, or find a match.\",\"breadcrumb\":{\"@id\":\"https:\\\/\\\/tinychat.com\\\/omegle-alternative\\\/#breadcrumb\"},\"inLanguage\":\"it-IT\",\"potentialAction\":[{\"@type\":\"ReadAction\",\"target\":[\"https:\\\/\\\/tinychat.com\\\/omegle-alternative\\\/\"]}]},{\"@type\":\"BreadcrumbList\",\"@id\":\"https:\\\/\\\/tinychat.com\\\/omegle-alternative\\\/#breadcrumb\",\"itemListElement\":[{\"@type\":\"ListItem\",\"position\":1,\"name\":\"Home\",\"item\":\"https:\\\/\\\/tinychat.com\\\/\"},{\"@type\":\"ListItem\",\"position\":2,\"name\":\"Omegle Alternative\"}]},{\"@type\":\"WebSite\",\"@id\":\"https:\\\/\\\/tinychat.com\\\/#website\",\"url\":\"https:\\\/\\\/tinychat.com\\\/\",\"name\":\"TinyChat\",\"description\":\"Random Video Chat with Strangers\",\"publisher\":{\"@id\":\"https:\\\/\\\/tinychat.com\\\/#organization\"},\"alternateName\":\"TinyChat.com\",\"potentialAction\":[{\"@type\":\"SearchAction\",\"target\":{\"@type\":\"EntryPoint\",\"urlTemplate\":\"https:\\\/\\\/tinychat.com\\\/?s={search_term_string}\"},\"query-input\":{\"@type\":\"PropertyValueSpecification\",\"valueRequired\":true,\"valueName\":\"search_term_string\"}}],\"inLanguage\":\"it-IT\"},{\"@type\":\"Organization\",\"@id\":\"https:\\\/\\\/tinychat.com\\\/#organization\",\"name\":\"TinyChat\",\"alternateName\":\"TinyChat.com\",\"url\":\"https:\\\/\\\/tinychat.com\\\/\",\"logo\":{\"@type\":\"ImageObject\",\"inLanguage\":\"it-IT\",\"@id\":\"https:\\\/\\\/tinychat.com\\\/#\\\/schema\\\/logo\\\/image\\\/\",\"url\":\"https:\\\/\\\/tinychat.com\\\/wp-content\\\/uploads\\\/2023\\\/11\\\/Tinychat-icon-square.png\",\"contentUrl\":\"https:\\\/\\\/tinychat.com\\\/wp-content\\\/uploads\\\/2023\\\/11\\\/Tinychat-icon-square.png\",\"width\":284,\"height\":284,\"caption\":\"TinyChat\"},\"image\":{\"@id\":\"https:\\\/\\\/tinychat.com\\\/#\\\/schema\\\/logo\\\/image\\\/\"},\"sameAs\":[\"https:\\\/\\\/www.facebook.com\\\/tinychat\",\"https:\\\/\\\/x.com\\\/tinychat\"]}]}<\/script>\n<!-- \/ Yoast SEO plugin. -->","yoast_head_json":{"title":"Alternativa Omegle con video chat su TinyChat.com","description":"Ti piace l'alternativa Omegle? Unisciti a oltre 50.000.000 di sconosciuti su TinyChat! Accendi la tua cam e inizia a conoscere nuove persone o a trovare un partner.","robots":{"index":"index","follow":"follow","max-snippet":"max-snippet:-1","max-image-preview":"max-image-preview:large","max-video-preview":"max-video-preview:-1"},"canonical":"https:\/\/tinychat.com\/it\/omegle-alternative\/","og_locale":"it_IT","og_type":"article","og_title":"Omegle Alternative with Video Chat on TinyChat.com","og_description":"Enjoying Omegle Alternative? Join over 50,000,000 strangers on TinyChat! Turn on your cam and start meeting new people, or find a match.","og_url":"https:\/\/tinychat.com\/it\/omegle-alternative\/","og_site_name":"TinyChat","article_publisher":"https:\/\/www.facebook.com\/tinychat","article_modified_time":"2025-08-07T08:56:26+00:00","og_image":[{"width":1280,"height":284,"url":"https:\/\/tinychat.com\/wp-content\/uploads\/2020\/04\/Tinychat-logo-1280x284-new-black.png","type":"image\/png"}],"twitter_card":"summary_large_image","twitter_site":"@tinychat","twitter_misc":{"Tempo di lettura stimato":"5 minuti"},"schema":{"@context":"https:\/\/schema.org","@graph":[{"@type":"WebPage","@id":"https:\/\/tinychat.com\/omegle-alternative\/","url":"https:\/\/tinychat.com\/omegle-alternative\/","name":"Alternativa Omegle con video chat su TinyChat.com","isPartOf":{"@id":"https:\/\/tinychat.com\/#website"},"datePublished":"2025-08-07T08:51:13+00:00","dateModified":"2025-08-07T08:56:26+00:00","description":"Ti piace l'alternativa Omegle? Unisciti a oltre 50.000.000 di sconosciuti su TinyChat! Accendi la tua cam e inizia a conoscere nuove persone o a trovare un partner.","breadcrumb":{"@id":"https:\/\/tinychat.com\/omegle-alternative\/#breadcrumb"},"inLanguage":"it-IT","potentialAction":[{"@type":"ReadAction","target":["https:\/\/tinychat.com\/omegle-alternative\/"]}]},{"@type":"BreadcrumbList","@id":"https:\/\/tinychat.com\/omegle-alternative\/#breadcrumb","itemListElement":[{"@type":"ListItem","position":1,"name":"Home","item":"https:\/\/tinychat.com\/"},{"@type":"ListItem","position":2,"name":"Omegle Alternative"}]},{"@type":"WebSite","@id":"https:\/\/tinychat.com\/#website","url":"https:\/\/tinychat.com\/","name":"TinyChat","description":"Videochat casuale con sconosciuti","publisher":{"@id":"https:\/\/tinychat.com\/#organization"},"alternateName":"TinyChat.com","potentialAction":[{"@type":"SearchAction","target":{"@type":"EntryPoint","urlTemplate":"https:\/\/tinychat.com\/?s={search_term_string}"},"query-input":{"@type":"PropertyValueSpecification","valueRequired":true,"valueName":"search_term_string"}}],"inLanguage":"it-IT"},{"@type":"Organization","@id":"https:\/\/tinychat.com\/#organization","name":"TinyChat","alternateName":"TinyChat.com","url":"https:\/\/tinychat.com\/","logo":{"@type":"ImageObject","inLanguage":"it-IT","@id":"https:\/\/tinychat.com\/#\/schema\/logo\/image\/","url":"https:\/\/tinychat.com\/wp-content\/uploads\/2023\/11\/Tinychat-icon-square.png","contentUrl":"https:\/\/tinychat.com\/wp-content\/uploads\/2023\/11\/Tinychat-icon-square.png","width":284,"height":284,"caption":"TinyChat"},"image":{"@id":"https:\/\/tinychat.com\/#\/schema\/logo\/image\/"},"sameAs":["https:\/\/www.facebook.com\/tinychat","https:\/\/x.com\/tinychat"]}]}},"_links":{"self":[{"href":"https:\/\/tinychat.com\/it\/wp-json\/wp\/v2\/pages\/12021","targetHints":{"allow":["GET"]}}],"collection":[{"href":"https:\/\/tinychat.com\/it\/wp-json\/wp\/v2\/pages"}],"about":[{"href":"https:\/\/tinychat.com\/it\/wp-json\/wp\/v2\/types\/page"}],"author":[{"embeddable":true,"href":"https:\/\/tinychat.com\/it\/wp-json\/wp\/v2\/users\/8"}],"replies":[{"embeddable":true,"href":"https:\/\/tinychat.com\/it\/wp-json\/wp\/v2\/comments?post=12021"}],"version-history":[{"count":2,"href":"https:\/\/tinychat.com\/it\/wp-json\/wp\/v2\/pages\/12021\/revisions"}],"predecessor-version":[{"id":13417,"href":"https:\/\/tinychat.com\/it\/wp-json\/wp\/v2\/pages\/12021\/revisions\/13417"}],"wp:attachment":[{"href":"https:\/\/tinychat.com\/it\/wp-json\/wp\/v2\/media?parent=12021"}],"curies":[{"name":"wp","href":"https:\/\/api.w.org\/{rel}","templated":true}]}}