{"id":12071,"date":"2025-08-11T08:47:15","date_gmt":"2025-08-11T06:47:15","guid":{"rendered":"https:\/\/tinychat.com\/?page_id=12071"},"modified":"2025-08-11T09:25:19","modified_gmt":"2025-08-11T07:25:19","slug":"callmechat","status":"publish","type":"page","link":"https:\/\/tinychat.com\/it\/callmechat\/","title":{"rendered":"Callmechat"},"content":{"rendered":"<p>Nel panorama digitale odierno, in cui i feed dei social media sono sempre pi\u00f9 curati e prevedibili, Callmechat offre un'alternativa rinfrescante. Invece di sfogliare profili curati o seguire gli algoritmi dei contenuti, Callmechat si concentra sulla connessione umana diretta e in tempo reale, mettendovi faccia a faccia con persone sconosciute di tutto il mondo in pochi secondi.<\/p>\n<p>Che si tratti di conversazioni occasionali, di praticare una lingua straniera, di esplorare nuove culture o di sperare in una scintilla romantica, Callmechat rende facile incontrare persone online in modo autentico e senza filtri.<\/p>\n<p>Questa guida approfondita analizza cos'\u00e8 Callmechat, le sue caratteristiche, gli strumenti di sicurezza, come usarlo e come si confronta con altre piattaforme di chat video casuali.<\/p>\n<h2>Che cos'\u00e8 l'Callmechat?<\/h2>\n<p>Callmechat \u00e8 una piattaforma di video chat casuale che connette istantaneamente gli utenti tramite video dal vivo, audio e messaggi di testo opzionali. Come Omegle, Chatroulette o ChatHub, \u00e8 costruita per le interazioni spontanee, ma utilizza una moderna tecnologia di streaming, un'interfaccia pi\u00f9 pulita e misure di sicurezza aggiuntive per creare un'esperienza complessiva migliore.<\/p>\n<p>\u00c8 possibile partecipare alle conversazioni con un solo clic o tocco, senza bisogno di lunghe iscrizioni o complicate impostazioni. Questa semplicit\u00e0 ha reso Callmechat attraente per un'ampia gamma di utenti, da quelli che si avvicinano per la prima volta a quelli che si collegano quotidianamente per vedere chi incontreranno.<\/p>\n<h2>Caratteristiche principali di Callmechat<\/h2>\n<p>Callmechat \u00e8 stato progettato con un equilibrio tra divertimento, sicurezza e facilit\u00e0 d'uso, che lo rende una scelta solida per chiunque sia interessato alle chat video casuali.<\/p>\n<h3>1. Corrispondenza casuale istantanea<\/h3>\n<ul>\n<li>Connettetevi in pochi secondi con persone sconosciute da qualsiasi parte del mondo.<\/li>\n<li>Niente code, niente attese: basta toccare e iniziare a chattare.<\/li>\n<li>Passate subito alla persona successiva se l'atmosfera non \u00e8 quella giusta.<\/li>\n<\/ul>\n<h3>2. Filtri di posizione e genere<\/h3>\n<ul>\n<li>Scegliete regioni specifiche per concentrare le vostre partite.<\/li>\n<li>Filtrare per sesso per un'esperienza pi\u00f9 personalizzata.<\/li>\n<li>Facoltativo: lasciare i filtri disattivati per ottenere la massima casualit\u00e0.<\/li>\n<\/ul>\n<h3>3. Chat di testo integrata<\/h3>\n<ul>\n<li>Chattare via testo insieme al flusso video.<\/li>\n<li>Perfetto per condividere note veloci, traduzioni o link.<\/li>\n<\/ul>\n<h3>4. Opzione Amici e Ricollegamento<\/h3>\n<ul>\n<li>Aggiungete le persone con cui vi \u00e8 piaciuto parlare, in modo da poter ricominciare a collegarvi.<\/li>\n<li>Non \u00e8 necessario affidarsi al caso per un secondo incontro.<\/li>\n<\/ul>\n<h3>5. Effetti visivi divertenti<\/h3>\n<ul>\n<li>Utilizzate maschere, adesivi e filtri AR per rompere il ghiaccio.<\/li>\n<li>Aggiungete umorismo o stile alle vostre conversazioni.<\/li>\n<\/ul>\n<h3>6. Strumenti per la sicurezza e la privacy<\/h3>\n<ul>\n<li>La modalit\u00e0 Anteprima sfocatura consente di vedere una silhouette prima di visualizzare il video completo.<\/li>\n<li>I pulsanti di segnalazione rapida e di blocco sono sempre disponibili.<\/li>\n<li>Team di moderazione attivo per gestire i comportamenti inappropriati.<\/li>\n<\/ul>\n<h3>7. Accessibilit\u00e0 multipiattaforma<\/h3>\n<ul>\n<li>Funziona senza problemi su browser desktop e dispositivi mobili.<\/li>\n<li>Interfaccia reattiva per qualsiasi dimensione dello schermo.<\/li>\n<\/ul>\n<h2>Come utilizzare Callmechat<\/h2>\n<p>Uno dei punti di forza dell'Callmechat \u00e8 la facilit\u00e0 di configurazione per i principianti.<\/p>\n<h3>Passo 1: accesso alla piattaforma<\/h3>\n<ul>\n<li>Visitate il sito ufficiale Callmechat su desktop o mobile.<\/li>\n<li>Alcune regioni hanno anche accesso alle app tramite gli app store.<\/li>\n<\/ul>\n<h3>Fase 2: Regolare le impostazioni<\/h3>\n<ul>\n<li>Selezionare la localit\u00e0 preferita o lasciarla globale.<\/li>\n<li>Scegliere il filtro di genere, se desiderato.<\/li>\n<li>Attivare l'anteprima della sfocatura per una maggiore sicurezza.<\/li>\n<\/ul>\n<h3>Fase 3: Iniziare a chattare<\/h3>\n<ul>\n<li>Fate clic su Start e ottenete immediatamente l'abbinamento.<\/li>\n<li>Usare Avanti per passare a una nuova partita in qualsiasi momento.<\/li>\n<\/ul>\n<h3>Fase 4: Aggiungere amici o continuare a navigare<\/h3>\n<ul>\n<li>Salvate le persone interessanti nella vostra lista di amici.<\/li>\n<li>Continuate a chattare con nuove persone per tutto il tempo che volete.<\/li>\n<\/ul>\n<h2>Esperienza utente su Callmechat<\/h2>\n<p>L'interfaccia fluida e la bassa barriera d'ingresso dell'Callmechat gli hanno permesso di conquistare una base di utenti fedeli.<\/p>\n<h3>Cosa piace agli utenti<\/h3>\n<ul>\n<li>Configurazione rapida: nessuna iscrizione obbligatoria.<\/li>\n<li>Qualit\u00e0 video stabile con un ritardo minimo.<\/li>\n<li>Filtri personalizzabili per ottenere corrispondenze pi\u00f9 pertinenti.<\/li>\n<li>Opzioni di sicurezza come l'anteprima di sfocatura.<\/li>\n<li>Interfaccia semplice che funziona su tutti i dispositivi.<\/li>\n<\/ul>\n<h3>Svantaggi comuni<\/h3>\n<ul>\n<li>Alcuni filtri possono richiedere un accesso premium.<\/li>\n<li>Base di utenti pi\u00f9 piccola in alcuni fusi orari.<\/li>\n<li>Manca la traduzione integrata per le chat multilingue.<\/li>\n<li>La disponibilit\u00e0 dell'app pu\u00f2 variare a seconda del Paese.<\/li>\n<\/ul>\n<h2>Callmechat vs. altre piattaforme di chat video casuali<\/h2>\n<table>\n<thead>\n<tr>\n<th>Caratteristica<\/th>\n<th>Callmechat<\/th>\n<th>OmegleWeb<\/th>\n<th>ChatHub<\/th>\n<th>Camloo<\/th>\n<th>LuckyCrush<\/th>\n<th>Azar<\/th>\n<\/tr>\n<\/thead>\n<tbody>\n<tr>\n<td>Random Video Chat con Sconosciuti<\/td>\n<td>\u2705 S\u00ec<\/td>\n<td>\u2705 S\u00ec<\/td>\n<td>\u2705 S\u00ec<\/td>\n<td>\u2705 S\u00ec<\/td>\n<td>\u2705 S\u00ec<\/td>\n<td>\u2705 S\u00ec<\/td>\n<\/tr>\n<tr>\n<td>Filtri di genere\/localit\u00e0<\/td>\n<td>\u2705 S\u00ec<\/td>\n<td>\u26a0\ufe0f Limited<\/td>\n<td>\u2705 S\u00ec<\/td>\n<td>\u2705 S\u00ec<\/td>\n<td>\u2705 S\u00ec<\/td>\n<td>\u2705 S\u00ec<\/td>\n<\/tr>\n<tr>\n<td>Modalit\u00e0 di anteprima della sfocatura<\/td>\n<td>\u2705 S\u00ec<\/td>\n<td>\u274c No<\/td>\n<td>\u2705 S\u00ec<\/td>\n<td>\u2705 S\u00ec<\/td>\n<td>\u274c No<\/td>\n<td>\u2705 S\u00ec<\/td>\n<\/tr>\n<tr>\n<td>Effetti\/Filtri divertenti<\/td>\n<td>\u2705 S\u00ec<\/td>\n<td>\u274c No<\/td>\n<td>\u2705 S\u00ec<\/td>\n<td>\u2705 S\u00ec<\/td>\n<td>\u274c No<\/td>\n<td>\u2705 S\u00ec<\/td>\n<\/tr>\n<tr>\n<td>Sistema amico<\/td>\n<td>\u2705 S\u00ec<\/td>\n<td>\u274c No<\/td>\n<td>\u2705 S\u00ec<\/td>\n<td>\u2705 S\u00ec<\/td>\n<td>\u2705 S\u00ec<\/td>\n<td>\u2705 S\u00ec<\/td>\n<\/tr>\n<tr>\n<td>Traduzione<\/td>\n<td>\u274c No<\/td>\n<td>\u274c No<\/td>\n<td>\u274c No<\/td>\n<td>\u274c No<\/td>\n<td>\u274c No<\/td>\n<td>\u2705 S\u00ec<\/td>\n<\/tr>\n<tr>\n<td>Multipiattaforma<\/td>\n<td>\u2705 S\u00ec<\/td>\n<td>\u2705 S\u00ec<\/td>\n<td>\u2705 S\u00ec<\/td>\n<td>\u2705 S\u00ec<\/td>\n<td>\u2705 S\u00ec<\/td>\n<td>\u2705 S\u00ec<\/td>\n<\/tr>\n<\/tbody>\n<\/table>\n<p>Sintesi: Callmechat offre un solido equilibrio di funzioni, strumenti per la privacy e prestazioni, che lo rendono un'ottima scelta per gli utenti che desiderano chat casuali rapide e semplici senza sacrificare la sicurezza.<\/p>\n<h2>Callmechat \u00e8 sicuro?<\/h2>\n<p>S\u00ec-Callmechat prende sul serio la sicurezza degli utenti:<\/p>\n<ul>\n<li>La moderazione basata sull'intelligenza artificiale filtra i contenuti espliciti.<\/li>\n<li>Gli strumenti di blocco\/relazione sono sempre disponibili.<\/li>\n<li>La modalit\u00e0 di sfocatura tiene nascosto il video fino all'approvazione dell'utente.<\/li>\n<li>\u00c8 possibile chattare in modo anonimo, senza dover rivelare informazioni personali.<\/li>\n<\/ul>\n<h3>Consigli per la sicurezza<\/h3>\n<ul>\n<li>Evitate di condividere la vostra posizione o i vostri dati personali.<\/li>\n<li>Utilizzare la modalit\u00e0 di sfocatura per le prime impressioni.<\/li>\n<li>Segnalare immediatamente i comportamenti inappropriati.<\/li>\n<li>I genitori devono sorvegliare gli utenti pi\u00f9 giovani.<\/li>\n<\/ul>\n<h2>Suggerimenti per ottenere il massimo dall'Callmechat<\/h2>\n<ul>\n<li>Utilizzate la modalit\u00e0 globale per ampliare le vostre connessioni culturali.<\/li>\n<li>Attivare i filtri quando si vogliono ottenere corrispondenze mirate.<\/li>\n<li>Effettuare l'accesso durante le ore di punta per ottenere una maggiore attivit\u00e0 da parte degli utenti.<\/li>\n<li>Giocate con gli effetti per rendere le interazioni pi\u00f9 divertenti.<\/li>\n<li>Mantenere una buona illuminazione per una migliore impressione del video.<\/li>\n<li>Aiutate la comunit\u00e0 segnalando i trasgressori delle regole.<\/li>\n<\/ul>\n<h2>Problemi e soluzioni comuni dell'Callmechat<\/h2>\n<h3>La telecamera e il microfono non funzionano<\/h3>\n<p>Consentire le autorizzazioni nelle impostazioni del browser o dell'applicazione.<\/p>\n<h3>Scarsa qualit\u00e0 video<\/h3>\n<p>Utilizzate una connessione Wi-Fi stabile e chiudete le applicazioni in background.<\/p>\n<h3>Filtri non applicati<\/h3>\n<p>Effettuare l'accesso e assicurarsi di avere accesso alle funzioni premium, se necessario.<\/p>\n<h3>Incontro con utenti offensivi<\/h3>\n<p>Bloccare, segnalare e passare immediatamente alla partita successiva.<\/p>\n<p>Se desiderate un'esperienza di video chat casuale semplice, sicura e coinvolgente, Callmechat \u00e8 la soluzione giusta. Non \u00e8 sovraccarica di espedienti, ma si concentra sulla rapidit\u00e0 degli abbinamenti, su strumenti decenti per la privacy e su un design pulito, che \u00e8 esattamente ci\u00f2 che molte persone desiderano in questo tipo di piattaforma.<\/p>\n<p>Sebbene non disponga di tutte le funzioni avanzate presenti sul mercato, offre abbastanza funzionalit\u00e0 per rendere il vostro tempo piacevole e i vostri incontri significativi. Sia che siate qui per una conversazione veloce o per creare una nuova connessione, Callmechat \u00e8 una solida aggiunta alla vostra linea di chat casuali.<\/p>\n<p>Pronti per iniziare? Visitate Callmechat, premete start e vedrete dove vi porter\u00e0 la vostra prossima conversazione.<\/p>","protected":false},"excerpt":{"rendered":"<p>In today\u2019s digital landscape, where social media feeds are increasingly curated and predictable, Callmechat offers a refreshing alternative. Instead of browsing polished profiles or following content algorithms, Callmechat focuses on direct, real-time human connection\u2014putting you face-to-face with strangers from around the globe in a matter of seconds. Whether you\u2019re looking for casual conversation, practicing a [&hellip;]<\/p>\n","protected":false},"author":6,"featured_media":0,"parent":0,"menu_order":0,"comment_status":"closed","ping_status":"closed","template":"","meta":{"footnotes":""},"class_list":["post-12071","page","type-page","status-publish","hentry"],"yoast_head":"<!-- This site is optimized with the Yoast SEO plugin v27.5 - https:\/\/yoast.com\/product\/yoast-seo-wordpress\/ -->\n<title>Callmechat - Alternative to OmeTV &amp; Monkey App - TinyChat.com<\/title>\n<meta name=\"description\" content=\"Enjoying Callmechat? Join over 50,000,000 strangers on TinyChat! Turn on your cam and start meeting new people, or find a match.\" \/>\n<meta name=\"robots\" content=\"index, follow, max-snippet:-1, max-image-preview:large, max-video-preview:-1\" \/>\n<link rel=\"canonical\" href=\"https:\/\/tinychat.com\/it\/callmechat\/\" \/>\n<meta property=\"og:locale\" content=\"it_IT\" \/>\n<meta property=\"og:type\" content=\"article\" \/>\n<meta property=\"og:title\" content=\"Callmechat - Alternative to OmeTV &amp; Monkey App - TinyChat.com\" \/>\n<meta property=\"og:description\" content=\"Enjoying Callmechat? Join over 50,000,000 strangers on TinyChat! Turn on your cam and start meeting new people, or find a match.\" \/>\n<meta property=\"og:url\" content=\"https:\/\/tinychat.com\/it\/callmechat\/\" \/>\n<meta property=\"og:site_name\" content=\"TinyChat\" \/>\n<meta property=\"article:publisher\" content=\"https:\/\/www.facebook.com\/tinychat\" \/>\n<meta property=\"article:modified_time\" content=\"2025-08-11T07:25:19+00:00\" \/>\n<meta property=\"og:image\" content=\"https:\/\/tinychat.com\/wp-content\/uploads\/2020\/04\/Tinychat-logo-1280x284-new-black.png\" \/>\n\t<meta property=\"og:image:width\" content=\"1280\" \/>\n\t<meta property=\"og:image:height\" content=\"284\" \/>\n\t<meta property=\"og:image:type\" content=\"image\/png\" \/>\n<meta name=\"twitter:card\" content=\"summary_large_image\" \/>\n<meta name=\"twitter:site\" content=\"@tinychat\" \/>\n<meta name=\"twitter:label1\" content=\"Tempo di lettura stimato\" \/>\n\t<meta name=\"twitter:data1\" content=\"5 minuti\" \/>\n<script type=\"application\/ld+json\" class=\"yoast-schema-graph\">{\"@context\":\"https:\\\/\\\/schema.org\",\"@graph\":[{\"@type\":\"WebPage\",\"@id\":\"https:\\\/\\\/tinychat.com\\\/callmechat\\\/\",\"url\":\"https:\\\/\\\/tinychat.com\\\/callmechat\\\/\",\"name\":\"Callmechat - Alternative to OmeTV & Monkey App - TinyChat.com\",\"isPartOf\":{\"@id\":\"https:\\\/\\\/tinychat.com\\\/#website\"},\"datePublished\":\"2025-08-11T06:47:15+00:00\",\"dateModified\":\"2025-08-11T07:25:19+00:00\",\"description\":\"Enjoying Callmechat? Join over 50,000,000 strangers on TinyChat! Turn on your cam and start meeting new people, or find a match.\",\"breadcrumb\":{\"@id\":\"https:\\\/\\\/tinychat.com\\\/callmechat\\\/#breadcrumb\"},\"inLanguage\":\"it-IT\",\"potentialAction\":[{\"@type\":\"ReadAction\",\"target\":[\"https:\\\/\\\/tinychat.com\\\/callmechat\\\/\"]}]},{\"@type\":\"BreadcrumbList\",\"@id\":\"https:\\\/\\\/tinychat.com\\\/callmechat\\\/#breadcrumb\",\"itemListElement\":[{\"@type\":\"ListItem\",\"position\":1,\"name\":\"Home\",\"item\":\"https:\\\/\\\/tinychat.com\\\/\"},{\"@type\":\"ListItem\",\"position\":2,\"name\":\"Callmechat\"}]},{\"@type\":\"WebSite\",\"@id\":\"https:\\\/\\\/tinychat.com\\\/#website\",\"url\":\"https:\\\/\\\/tinychat.com\\\/\",\"name\":\"TinyChat\",\"description\":\"Random Video Chat with Strangers\",\"publisher\":{\"@id\":\"https:\\\/\\\/tinychat.com\\\/#organization\"},\"alternateName\":\"TinyChat.com\",\"potentialAction\":[{\"@type\":\"SearchAction\",\"target\":{\"@type\":\"EntryPoint\",\"urlTemplate\":\"https:\\\/\\\/tinychat.com\\\/?s={search_term_string}\"},\"query-input\":{\"@type\":\"PropertyValueSpecification\",\"valueRequired\":true,\"valueName\":\"search_term_string\"}}],\"inLanguage\":\"it-IT\"},{\"@type\":\"Organization\",\"@id\":\"https:\\\/\\\/tinychat.com\\\/#organization\",\"name\":\"TinyChat\",\"alternateName\":\"TinyChat.com\",\"url\":\"https:\\\/\\\/tinychat.com\\\/\",\"logo\":{\"@type\":\"ImageObject\",\"inLanguage\":\"it-IT\",\"@id\":\"https:\\\/\\\/tinychat.com\\\/#\\\/schema\\\/logo\\\/image\\\/\",\"url\":\"https:\\\/\\\/tinychat.com\\\/wp-content\\\/uploads\\\/2023\\\/11\\\/Tinychat-icon-square.png\",\"contentUrl\":\"https:\\\/\\\/tinychat.com\\\/wp-content\\\/uploads\\\/2023\\\/11\\\/Tinychat-icon-square.png\",\"width\":284,\"height\":284,\"caption\":\"TinyChat\"},\"image\":{\"@id\":\"https:\\\/\\\/tinychat.com\\\/#\\\/schema\\\/logo\\\/image\\\/\"},\"sameAs\":[\"https:\\\/\\\/www.facebook.com\\\/tinychat\",\"https:\\\/\\\/x.com\\\/tinychat\"]}]}<\/script>\n<!-- \/ Yoast SEO plugin. -->","yoast_head_json":{"title":"Callmechat - Alternativa a OmeTV e Monkey App - TinyChat.com","description":"Ti piace l'Callmechat? Unisciti a oltre 50.000.000 di sconosciuti su TinyChat! Accendi la tua cam e inizia a conoscere nuove persone o a trovare un partner.","robots":{"index":"index","follow":"follow","max-snippet":"max-snippet:-1","max-image-preview":"max-image-preview:large","max-video-preview":"max-video-preview:-1"},"canonical":"https:\/\/tinychat.com\/it\/callmechat\/","og_locale":"it_IT","og_type":"article","og_title":"Callmechat - Alternative to OmeTV & Monkey App - TinyChat.com","og_description":"Enjoying Callmechat? Join over 50,000,000 strangers on TinyChat! Turn on your cam and start meeting new people, or find a match.","og_url":"https:\/\/tinychat.com\/it\/callmechat\/","og_site_name":"TinyChat","article_publisher":"https:\/\/www.facebook.com\/tinychat","article_modified_time":"2025-08-11T07:25:19+00:00","og_image":[{"width":1280,"height":284,"url":"https:\/\/tinychat.com\/wp-content\/uploads\/2020\/04\/Tinychat-logo-1280x284-new-black.png","type":"image\/png"}],"twitter_card":"summary_large_image","twitter_site":"@tinychat","twitter_misc":{"Tempo di lettura stimato":"5 minuti"},"schema":{"@context":"https:\/\/schema.org","@graph":[{"@type":"WebPage","@id":"https:\/\/tinychat.com\/callmechat\/","url":"https:\/\/tinychat.com\/callmechat\/","name":"Callmechat - Alternativa a OmeTV e Monkey App - TinyChat.com","isPartOf":{"@id":"https:\/\/tinychat.com\/#website"},"datePublished":"2025-08-11T06:47:15+00:00","dateModified":"2025-08-11T07:25:19+00:00","description":"Ti piace l'Callmechat? Unisciti a oltre 50.000.000 di sconosciuti su TinyChat! Accendi la tua cam e inizia a conoscere nuove persone o a trovare un partner.","breadcrumb":{"@id":"https:\/\/tinychat.com\/callmechat\/#breadcrumb"},"inLanguage":"it-IT","potentialAction":[{"@type":"ReadAction","target":["https:\/\/tinychat.com\/callmechat\/"]}]},{"@type":"BreadcrumbList","@id":"https:\/\/tinychat.com\/callmechat\/#breadcrumb","itemListElement":[{"@type":"ListItem","position":1,"name":"Home","item":"https:\/\/tinychat.com\/"},{"@type":"ListItem","position":2,"name":"Callmechat"}]},{"@type":"WebSite","@id":"https:\/\/tinychat.com\/#website","url":"https:\/\/tinychat.com\/","name":"TinyChat","description":"Videochat casuale con sconosciuti","publisher":{"@id":"https:\/\/tinychat.com\/#organization"},"alternateName":"TinyChat.com","potentialAction":[{"@type":"SearchAction","target":{"@type":"EntryPoint","urlTemplate":"https:\/\/tinychat.com\/?s={search_term_string}"},"query-input":{"@type":"PropertyValueSpecification","valueRequired":true,"valueName":"search_term_string"}}],"inLanguage":"it-IT"},{"@type":"Organization","@id":"https:\/\/tinychat.com\/#organization","name":"TinyChat","alternateName":"TinyChat.com","url":"https:\/\/tinychat.com\/","logo":{"@type":"ImageObject","inLanguage":"it-IT","@id":"https:\/\/tinychat.com\/#\/schema\/logo\/image\/","url":"https:\/\/tinychat.com\/wp-content\/uploads\/2023\/11\/Tinychat-icon-square.png","contentUrl":"https:\/\/tinychat.com\/wp-content\/uploads\/2023\/11\/Tinychat-icon-square.png","width":284,"height":284,"caption":"TinyChat"},"image":{"@id":"https:\/\/tinychat.com\/#\/schema\/logo\/image\/"},"sameAs":["https:\/\/www.facebook.com\/tinychat","https:\/\/x.com\/tinychat"]}]}},"_links":{"self":[{"href":"https:\/\/tinychat.com\/it\/wp-json\/wp\/v2\/pages\/12071","targetHints":{"allow":["GET"]}}],"collection":[{"href":"https:\/\/tinychat.com\/it\/wp-json\/wp\/v2\/pages"}],"about":[{"href":"https:\/\/tinychat.com\/it\/wp-json\/wp\/v2\/types\/page"}],"author":[{"embeddable":true,"href":"https:\/\/tinychat.com\/it\/wp-json\/wp\/v2\/users\/6"}],"replies":[{"embeddable":true,"href":"https:\/\/tinychat.com\/it\/wp-json\/wp\/v2\/comments?post=12071"}],"version-history":[{"count":4,"href":"https:\/\/tinychat.com\/it\/wp-json\/wp\/v2\/pages\/12071\/revisions"}],"predecessor-version":[{"id":13434,"href":"https:\/\/tinychat.com\/it\/wp-json\/wp\/v2\/pages\/12071\/revisions\/13434"}],"wp:attachment":[{"href":"https:\/\/tinychat.com\/it\/wp-json\/wp\/v2\/media?parent=12071"}],"curies":[{"name":"wp","href":"https:\/\/api.w.org\/{rel}","templated":true}]}}