{"id":12336,"date":"2025-10-21T11:33:15","date_gmt":"2025-10-21T09:33:15","guid":{"rendered":"https:\/\/tinychat.com\/?page_id=12336"},"modified":"2025-10-21T13:19:40","modified_gmt":"2025-10-21T11:19:40","slug":"chat4free","status":"publish","type":"page","link":"https:\/\/tinychat.com\/it\/chat4free\/","title":{"rendered":"Chat4Free"},"content":{"rendered":"<p>In un mondo digitale che trabocca di app per incontri e social network curati, a volte tutto ci\u00f2 che si desidera \u00e8 un'esperienza di chat semplice, gratuita e autentica, senza iscrizioni, senza costi nascosti e senza algoritmi. Questo \u00e8 esattamente ci\u00f2 che offre Chat4Free.<\/p>\n<p>Come suggerisce il nome, Chat4Free offre un modo completamente gratuito di incontrare nuove persone online, combinando chat video casuali con chat pubbliche in cui gli utenti possono parlare, connettersi e fare amicizia da qualsiasi parte del mondo. \u00c8 il tipo di piattaforma che riporta in auge il divertimento spontaneo delle chat online, come si faceva una volta.<\/p>\n<p>Che si tratti di una rapida chiacchierata per passare il tempo, di una conversazione globale con qualcuno dall'altra parte del mondo o semplicemente di un momento di spensieratezza con un estraneo, l'Chat4Free \u00e8 stato progettato per rendere tutto ci\u00f2 semplice.<\/p>\n<p>Questa recensione approfondisce il concetto di Chat4Free, le sue caratteristiche principali, il suo utilizzo, l'esperienza d'uso, i consigli di sicurezza, i confronti e tutto ci\u00f2 che \u00e8 necessario sapere prima di provarlo.<\/p>\n<h2>Che cos'\u00e8 Chat4Free?<\/h2>\n<p>Chat4Free \u00e8 un servizio di chat online gratuito che consente agli utenti di incontrare sconosciuti attraverso chat di testo e video. \u00c8 costruito intorno all'accessibilit\u00e0 e alla semplicit\u00e0: non richiede registrazioni complicate n\u00e9 aggiornamenti a pagamento.<\/p>\n<p>La piattaforma offre:<\/p>\n<ul>\n<li>Chatroom pubbliche per conversazioni di gruppo.<\/li>\n<li>Chat private a tu per tu con gli utenti.<\/li>\n<li>Interazioni con webcam opzionali per video in diretta.<\/li>\n<\/ul>\n<p>A differenza delle app di incontri che si basano su swipes e filtri, Chat4Free si basa su conversazioni naturali e connessioni globali. La sua comunit\u00e0 comprende utenti di ogni estrazione sociale, in cerca di amicizia, intrattenimento o scambio culturale.<\/p>\n<h2>Caratteristiche principali di Chat4Free<\/h2>\n<p>L'Chat4Free \u00e8 un sistema di comunicazione aperto e inclusivo. Le sue caratteristiche riflettono questa filosofia.<\/p>\n<h3>1. Chatroom pubbliche gratuite<\/h3>\n<ul>\n<li>Unitevi a chatroom tematiche per interesse, lingua o regione.<\/li>\n<li>Partecipare alle conversazioni di gruppo in qualsiasi momento.<\/li>\n<li>Ottimo per incontrare pi\u00f9 persone contemporaneamente.<\/li>\n<\/ul>\n<h3>2. Chat privata<\/h3>\n<ul>\n<li>Passate alla chat a tu per tu con chiunque incontriate.<\/li>\n<li>Permette un'interazione pi\u00f9 profonda o pi\u00f9 personale.<\/li>\n<\/ul>\n<h3>3. Chat con webcam opzionale<\/h3>\n<ul>\n<li>Attivate la fotocamera per chattare faccia a faccia.<\/li>\n<li>Se preferite, mantenete il testo in sola lettura: entrambe le modalit\u00e0 sono supportate.<\/li>\n<\/ul>\n<h3>4. Non \u00e8 richiesta la registrazione<\/h3>\n<ul>\n<li>Iniziate a chattare immediatamente, senza iscrivervi.<\/li>\n<li>La registrazione \u00e8 facoltativa per salvare un nome utente o personalizzare un profilo.<\/li>\n<\/ul>\n<h3>5. Compatibilit\u00e0 tra dispositivi<\/h3>\n<ul>\n<li>Funziona direttamente nel browser web, sia da desktop che da mobile.<\/li>\n<li>Non sono necessari download o installazioni.<\/li>\n<\/ul>\n<h3>6. Base di utenti globale<\/h3>\n<ul>\n<li>Utenti da tutto il mondo, che parlano diverse lingue.<\/li>\n<li>Ideale per lo scambio culturale e l'apprendimento.<\/li>\n<\/ul>\n<h3>7. 100% Accesso libero<\/h3>\n<ul>\n<li>Senza costi nascosti, abbonamenti o paywall.<\/li>\n<li>Ogni funzione \u00e8 aperta a tutti gli utenti.<\/li>\n<\/ul>\n<h3>8. Interfaccia semplice<\/h3>\n<ul>\n<li>Layout pulito e facile da navigare.<\/li>\n<li>Concentrati sulla conversazione, senza menu infiniti o distrazioni.<\/li>\n<\/ul>\n<h2>Come utilizzare l'Chat4Free<\/h2>\n<p>Uno dei maggiori vantaggi dell'Chat4Free \u00e8 la sua semplicit\u00e0. \u00c8 possibile chattare in pochi secondi.<\/p>\n<h3>Passo 1: visitare il sito web Chat4Free<\/h3>\n<p>Aprite Chat4Free nel vostro browser: funziona su qualsiasi dispositivo moderno.<\/p>\n<h3>Fase 2: Scegliere il tipo di chat<\/h3>\n<ul>\n<li>Partecipare a una stanza pubblica: Selezionare una chatroom a tema dall'elenco.<\/li>\n<li>Chat privata: Avviare una conversazione individuale con qualsiasi utente.<\/li>\n<li>Video chat: Accendete la fotocamera per le interazioni faccia a faccia.<\/li>\n<\/ul>\n<h3>Passo 3: Creare un nome utente (facoltativo)<\/h3>\n<p>\u00c8 possibile chattare come ospite o registrarsi per creare un profilo e salvare le conversazioni.<\/p>\n<h3>Fase 4: Iniziare a chattare<\/h3>\n<p>Buttatevi subito nelle conversazioni, fate nuove amicizie e divertitevi a conoscere persone da tutto il mondo.<\/p>\n<p>\u00c8 un'esperienza volutamente priva di attriti: nessuna schermata di accesso o installazione di app, solo una connessione istantanea.<\/p>\n<h2>Esperienza utente su Chat4Free<\/h2>\n<p>Chat4Free cattura le parti migliori delle chatroom della vecchia scuola, pur rimanendo abbastanza moderno per gli utenti di oggi.<\/p>\n<h3>Cosa piace agli utenti<\/h3>\n<ul>\n<li>100% gratuito, senza costi nascosti o aggiornamenti.<\/li>\n<li>Possibilit\u00e0 di chattare pubblicamente o privatamente.<\/li>\n<li>Funziona immediatamente senza registrazione.<\/li>\n<li>Supporta sia le chat di testo che quelle via webcam.<\/li>\n<li>Base di utenti attivi e diversificati provenienti da pi\u00f9 Paesi.<\/li>\n<\/ul>\n<h3>Dove gli utenti vedono margini di miglioramento<\/h3>\n<ul>\n<li>L'interfaccia \u00e8 elementare rispetto alle app pi\u00f9 recenti.<\/li>\n<li>Spam occasionale o stanze inattive.<\/li>\n<li>Opzioni di filtraggio limitate per gli utenti.<\/li>\n<li>Manca la moderazione dedicata nelle stanze pi\u00f9 piccole.<\/li>\n<\/ul>\n<p>Nonostante questi piccoli problemi, la facilit\u00e0 d'uso e l'accessibilit\u00e0 globale di Chat4Free lo rendono una delle piattaforme pi\u00f9 accoglienti per la socializzazione spontanea.<\/p>\n<h2>Chat4Free rispetto ad altre piattaforme<\/h2>\n<p>Ecco come Chat4Free si confronta con gli altri principali siti di chat:<\/p>\n<table>\n<thead>\n<tr>\n<th>Caratteristica<\/th>\n<th>Chat4Free<\/th>\n<th>Omegle<\/th>\n<th>Chatroulette<\/th>\n<th>ChatHour<\/th>\n<th>Emerald Chat<\/th>\n<th>Tinychat<\/th>\n<\/tr>\n<\/thead>\n<tbody>\n<tr>\n<td>Chatroom pubbliche<\/td>\n<td>\u2705 S\u00ec<\/td>\n<td>\u274c No<\/td>\n<td>\u274c No<\/td>\n<td>\u2705 S\u00ec<\/td>\n<td>\u274c No<\/td>\n<td>\u2705 S\u00ec<\/td>\n<\/tr>\n<tr>\n<td>Chat privata<\/td>\n<td>\u2705 S\u00ec<\/td>\n<td>\u274c No<\/td>\n<td>\u274c No<\/td>\n<td>\u2705 S\u00ec<\/td>\n<td>\u2705 S\u00ec<\/td>\n<td>\u2705 S\u00ec<\/td>\n<\/tr>\n<tr>\n<td>Supporto per la webcam<\/td>\n<td>\u2705 S\u00ec<\/td>\n<td>\u2705 S\u00ec<\/td>\n<td>\u2705 S\u00ec<\/td>\n<td>\u274c No<\/td>\n<td>\u2705 S\u00ec<\/td>\n<td>\u2705 S\u00ec<\/td>\n<\/tr>\n<tr>\n<td>Registrazione necessaria<\/td>\n<td>\u274c Opzionale<\/td>\n<td>\u274c No<\/td>\n<td>\u274c No<\/td>\n<td>\u2705 S\u00ec<\/td>\n<td>\u2705 S\u00ec<\/td>\n<td>\u2705 S\u00ec<\/td>\n<\/tr>\n<tr>\n<td>Accesso libero<\/td>\n<td>Sempre<\/td>\n<td>Sempre<\/td>\n<td>Sempre<\/td>\n<td>Sempre<\/td>\n<td>Sempre<\/td>\n<td>Limitato<\/td>\n<\/tr>\n<tr>\n<td>Mobile Friendly<\/td>\n<td>\u2705 S\u00ec<\/td>\n<td>\u2705 S\u00ec<\/td>\n<td>\u2705 S\u00ec<\/td>\n<td>\u2705 S\u00ec<\/td>\n<td>\u2705 S\u00ec<\/td>\n<td>\u2705 S\u00ec<\/td>\n<\/tr>\n<\/tbody>\n<\/table>\n<p>Sommario: Chat4Free si colloca comodamente tra la casualit\u00e0 di Omegle e la struttura di ChatHour, offrendo sia la spontaneit\u00e0 della video chat che la comunit\u00e0 in stile chatroom, il tutto senza costi o restrizioni.<\/p>\n<h2>Chat4Free \u00e8 sicuro?<\/h2>\n<p>Chat4Free promuove un ambiente di chat sicuro, ma come per qualsiasi piattaforma aperta, la sicurezza dipende dal comportamento degli utenti.<\/p>\n<h3>Caratteristiche di sicurezza integrate<\/h3>\n<ul>\n<li>Chat anonima - non \u00e8 necessario condividere la propria identit\u00e0.<\/li>\n<li>Possibilit\u00e0 di saltare o abbandonare le chat in qualsiasi momento.<\/li>\n<li>Moderazione della stanza in chat popolari.<\/li>\n<\/ul>\n<h3>Consigli di sicurezza per gli utenti<\/h3>\n<ul>\n<li>Evitate di condividere informazioni personali come il vostro nome completo, il numero di telefono o la vostra posizione.<\/li>\n<li>Mantenete le conversazioni rispettose e leggere.<\/li>\n<li>Segnalate o abbandonate qualsiasi chat che vi mette a disagio.<\/li>\n<li>I genitori devono sorvegliare i minori che utilizzano la piattaforma.<\/li>\n<li>Se lo si desidera, utilizzare una VPN per aumentare la privacy.<\/li>\n<\/ul>\n<p>Se usato in modo responsabile, Chat4Free \u00e8 sicuro come qualsiasi altro servizio di chat moderno e la sua configurazione anonima riduce il rischio di esposizione rispetto ai social network.<\/p>\n<h2>Suggerimenti per ottenere il massimo dall'Chat4Free<\/h2>\n<ul>\n<li>Esplorate le diverse chatroom: da quelle locali a quelle globali, ognuna offre un pubblico unico.<\/li>\n<li>Iniziate in modo amichevole e aperto: l'energia positiva attira le conversazioni migliori.<\/li>\n<li>Iscrivetevi durante le ore di attivit\u00e0 (sera e fine settimana) per avere pi\u00f9 utenti.<\/li>\n<li>Se si utilizza la modalit\u00e0 webcam, utilizzare cuffie o auricolari per ottenere un suono pi\u00f9 chiaro.<\/li>\n<li>Saltare liberamente: se qualcuno non \u00e8 la vostra vibrazione, passate oltre.<\/li>\n<li>Inserite il sito tra i preferiti del cellulare per accedervi rapidamente in un secondo momento.<\/li>\n<\/ul>\n<p>Queste abitudini miglioreranno la vostra esperienza complessiva e vi aiuteranno a trovare interazioni genuine e piacevoli.<\/p>\n<h2>Problemi e soluzioni comuni<\/h2>\n<h3>Problema: non si vede o non si sente l'altra persona<\/h3>\n<ul>\n<li>Controllare le autorizzazioni della fotocamera e del microfono nel browser.<\/li>\n<li>Riavviare la pagina o provare con un altro browser.<\/li>\n<\/ul>\n<h3>Problema: caricamento lento o lag<\/h3>\n<ul>\n<li>Utilizzare una connessione Wi-Fi stabile.<\/li>\n<li>Chiudere le applicazioni in background che utilizzano la larghezza di banda.<\/li>\n<\/ul>\n<h3>Problema: pochi utenti online<\/h3>\n<ul>\n<li>Provate nelle ore di punta (la sera nella vostra regione).<\/li>\n<li>Passate da una chat all'altra per trovare pi\u00f9 attivit\u00e0.<\/li>\n<\/ul>\n<h3>Problema: comportamento inappropriato<\/h3>\n<ul>\n<li>Saltare immediatamente.<\/li>\n<li>Segnalare o bloccare se sono disponibili strumenti di moderazione.<\/li>\n<\/ul>\n<h2>Perch\u00e9 le persone scelgono Chat4Free<\/h2>\n<p>Chat4Free si distingue per un semplice motivo: \u00e8 davvero gratuito. In una cultura internet piena di applicazioni freemium e servizi ad accesso limitato, Chat4Free rimane fedele al suo nome.<\/p>\n<p>Le persone lo amano per:<\/p>\n<ul>\n<li>Chat gratuita e illimitata.<\/li>\n<li>Accesso immediato senza registrazione.<\/li>\n<li>Combinazione di chat e video chat.<\/li>\n<li>Comunit\u00e0 globale e multiculturale.<\/li>\n<li>Atmosfera amichevole e rilassata.<\/li>\n<\/ul>\n<p>\u00c8 un luogo ideale per incontrare persone in modo organico, senza la pressione delle app di incontri o il caos dei social media.<\/p>\n<h2>Pensieri finali: Vale la pena utilizzare l'Chat4Free?<\/h2>\n<p>Se stai cercando un modo divertente, gratuito e facile per parlare con le persone online, Chat4Free vale assolutamente il tuo tempo. Non complica il processo: si apre, si clicca e si inizia a chattare. Nessun pagamento, nessun espediente, solo conversazioni reali.<\/p>\n<p>\u00c8 perfetto per:<\/p>\n<ul>\n<li>Conoscere nuove persone in tutto il mondo.<\/li>\n<li>Godere di chat di testo o video occasionali.<\/li>\n<li>Partecipare a chatroom basate sugli interessi.<\/li>\n<li>Rilassarsi e socializzare al proprio ritmo.<\/li>\n<\/ul>\n<p>Anche se l'interfaccia non \u00e8 cos\u00ec appariscente come le piattaforme pi\u00f9 recenti, la semplicit\u00e0, il costo zero e la forte comunit\u00e0 di Chat4Free ne fanno una scelta affidabile per chiunque cerchi una vera connessione online.<\/p>\n<p>In breve: Chat4Free \u00e8 una classica piattaforma di chat gratuita che combina la nostalgia delle vecchie chat con la comodit\u00e0 della tecnologia moderna. \u00c8 veloce, amichevole e completamente aperta: uno spazio in cui la conversazione \u00e8 ancora al centro della connessione online.<\/p>\n<p>Siete pronti ad iscrivervi? Visitate Chat4Free, scegliete una chatroom e iniziate a parlare con persone di tutto il mondo, immediatamente e gratuitamente.<\/p>","protected":false},"excerpt":{"rendered":"<p>In a digital world overflowing with dating apps and curated social networks, sometimes all you want is a simple, free, and authentic chat experience \u2014 no sign-ups, no hidden costs, and no algorithms. That\u2019s exactly what Chat4Free delivers. As its name suggests, Chat4Free offers a completely free way to meet new people online, combining random [&hellip;]<\/p>\n","protected":false},"author":6,"featured_media":0,"parent":0,"menu_order":0,"comment_status":"closed","ping_status":"closed","template":"","meta":{"footnotes":""},"class_list":["post-12336","page","type-page","status-publish","hentry"],"yoast_head":"<!-- This site is optimized with the Yoast SEO plugin v27.4 - https:\/\/yoast.com\/product\/yoast-seo-wordpress\/ -->\n<title>Chat4Free - Free Anonymous Chat - TinyChat.com<\/title>\n<meta name=\"description\" content=\"Enjoying Chat4Free? Join over 50,000,000 strangers on TinyChat! Turn on your cam and start meeting new people, or find a match.\" \/>\n<meta name=\"robots\" content=\"index, follow, max-snippet:-1, max-image-preview:large, max-video-preview:-1\" \/>\n<link rel=\"canonical\" href=\"https:\/\/tinychat.com\/it\/chat4free\/\" \/>\n<meta property=\"og:locale\" content=\"it_IT\" \/>\n<meta property=\"og:type\" content=\"article\" \/>\n<meta property=\"og:title\" content=\"Chat4Free - Free Anonymous Chat - TinyChat.com\" \/>\n<meta property=\"og:description\" content=\"Enjoying Chat4Free? Join over 50,000,000 strangers on TinyChat! Turn on your cam and start meeting new people, or find a match.\" \/>\n<meta property=\"og:url\" content=\"https:\/\/tinychat.com\/it\/chat4free\/\" \/>\n<meta property=\"og:site_name\" content=\"TinyChat\" \/>\n<meta property=\"article:publisher\" content=\"https:\/\/www.facebook.com\/tinychat\" \/>\n<meta property=\"article:modified_time\" content=\"2025-10-21T11:19:40+00:00\" \/>\n<meta property=\"og:image\" content=\"https:\/\/tinychat.com\/wp-content\/uploads\/2020\/04\/Tinychat-logo-1280x284-new-black.png\" \/>\n\t<meta property=\"og:image:width\" content=\"1280\" \/>\n\t<meta property=\"og:image:height\" content=\"284\" \/>\n\t<meta property=\"og:image:type\" content=\"image\/png\" \/>\n<meta name=\"twitter:card\" content=\"summary_large_image\" \/>\n<meta name=\"twitter:site\" content=\"@tinychat\" \/>\n<meta name=\"twitter:label1\" content=\"Tempo di lettura stimato\" \/>\n\t<meta name=\"twitter:data1\" content=\"6 minuti\" \/>\n<script type=\"application\/ld+json\" class=\"yoast-schema-graph\">{\"@context\":\"https:\\\/\\\/schema.org\",\"@graph\":[{\"@type\":\"WebPage\",\"@id\":\"https:\\\/\\\/tinychat.com\\\/chat4free\\\/\",\"url\":\"https:\\\/\\\/tinychat.com\\\/chat4free\\\/\",\"name\":\"Chat4Free - Free Anonymous Chat - TinyChat.com\",\"isPartOf\":{\"@id\":\"https:\\\/\\\/tinychat.com\\\/#website\"},\"datePublished\":\"2025-10-21T09:33:15+00:00\",\"dateModified\":\"2025-10-21T11:19:40+00:00\",\"description\":\"Enjoying Chat4Free? Join over 50,000,000 strangers on TinyChat! Turn on your cam and start meeting new people, or find a match.\",\"breadcrumb\":{\"@id\":\"https:\\\/\\\/tinychat.com\\\/chat4free\\\/#breadcrumb\"},\"inLanguage\":\"it-IT\",\"potentialAction\":[{\"@type\":\"ReadAction\",\"target\":[\"https:\\\/\\\/tinychat.com\\\/chat4free\\\/\"]}]},{\"@type\":\"BreadcrumbList\",\"@id\":\"https:\\\/\\\/tinychat.com\\\/chat4free\\\/#breadcrumb\",\"itemListElement\":[{\"@type\":\"ListItem\",\"position\":1,\"name\":\"Home\",\"item\":\"https:\\\/\\\/tinychat.com\\\/\"},{\"@type\":\"ListItem\",\"position\":2,\"name\":\"Chat4Free\"}]},{\"@type\":\"WebSite\",\"@id\":\"https:\\\/\\\/tinychat.com\\\/#website\",\"url\":\"https:\\\/\\\/tinychat.com\\\/\",\"name\":\"TinyChat\",\"description\":\"Random Video Chat with Strangers\",\"publisher\":{\"@id\":\"https:\\\/\\\/tinychat.com\\\/#organization\"},\"alternateName\":\"TinyChat.com\",\"potentialAction\":[{\"@type\":\"SearchAction\",\"target\":{\"@type\":\"EntryPoint\",\"urlTemplate\":\"https:\\\/\\\/tinychat.com\\\/?s={search_term_string}\"},\"query-input\":{\"@type\":\"PropertyValueSpecification\",\"valueRequired\":true,\"valueName\":\"search_term_string\"}}],\"inLanguage\":\"it-IT\"},{\"@type\":\"Organization\",\"@id\":\"https:\\\/\\\/tinychat.com\\\/#organization\",\"name\":\"TinyChat\",\"alternateName\":\"TinyChat.com\",\"url\":\"https:\\\/\\\/tinychat.com\\\/\",\"logo\":{\"@type\":\"ImageObject\",\"inLanguage\":\"it-IT\",\"@id\":\"https:\\\/\\\/tinychat.com\\\/#\\\/schema\\\/logo\\\/image\\\/\",\"url\":\"https:\\\/\\\/tinychat.com\\\/wp-content\\\/uploads\\\/2023\\\/11\\\/Tinychat-icon-square.png\",\"contentUrl\":\"https:\\\/\\\/tinychat.com\\\/wp-content\\\/uploads\\\/2023\\\/11\\\/Tinychat-icon-square.png\",\"width\":284,\"height\":284,\"caption\":\"TinyChat\"},\"image\":{\"@id\":\"https:\\\/\\\/tinychat.com\\\/#\\\/schema\\\/logo\\\/image\\\/\"},\"sameAs\":[\"https:\\\/\\\/www.facebook.com\\\/tinychat\",\"https:\\\/\\\/x.com\\\/tinychat\"]}]}<\/script>\n<!-- \/ Yoast SEO plugin. -->","yoast_head_json":{"title":"Chat4Free - Chat anonima gratuita - TinyChat.com","description":"Ti piace Chat4Free? Unisciti a oltre 50.000.000 di sconosciuti su TinyChat! Accendi la tua cam e inizia a conoscere nuove persone o a trovare un partner.","robots":{"index":"index","follow":"follow","max-snippet":"max-snippet:-1","max-image-preview":"max-image-preview:large","max-video-preview":"max-video-preview:-1"},"canonical":"https:\/\/tinychat.com\/it\/chat4free\/","og_locale":"it_IT","og_type":"article","og_title":"Chat4Free - Free Anonymous Chat - TinyChat.com","og_description":"Enjoying Chat4Free? Join over 50,000,000 strangers on TinyChat! Turn on your cam and start meeting new people, or find a match.","og_url":"https:\/\/tinychat.com\/it\/chat4free\/","og_site_name":"TinyChat","article_publisher":"https:\/\/www.facebook.com\/tinychat","article_modified_time":"2025-10-21T11:19:40+00:00","og_image":[{"width":1280,"height":284,"url":"https:\/\/tinychat.com\/wp-content\/uploads\/2020\/04\/Tinychat-logo-1280x284-new-black.png","type":"image\/png"}],"twitter_card":"summary_large_image","twitter_site":"@tinychat","twitter_misc":{"Tempo di lettura stimato":"6 minuti"},"schema":{"@context":"https:\/\/schema.org","@graph":[{"@type":"WebPage","@id":"https:\/\/tinychat.com\/chat4free\/","url":"https:\/\/tinychat.com\/chat4free\/","name":"Chat4Free - Chat anonima gratuita - TinyChat.com","isPartOf":{"@id":"https:\/\/tinychat.com\/#website"},"datePublished":"2025-10-21T09:33:15+00:00","dateModified":"2025-10-21T11:19:40+00:00","description":"Ti piace Chat4Free? Unisciti a oltre 50.000.000 di sconosciuti su TinyChat! Accendi la tua cam e inizia a conoscere nuove persone o a trovare un partner.","breadcrumb":{"@id":"https:\/\/tinychat.com\/chat4free\/#breadcrumb"},"inLanguage":"it-IT","potentialAction":[{"@type":"ReadAction","target":["https:\/\/tinychat.com\/chat4free\/"]}]},{"@type":"BreadcrumbList","@id":"https:\/\/tinychat.com\/chat4free\/#breadcrumb","itemListElement":[{"@type":"ListItem","position":1,"name":"Home","item":"https:\/\/tinychat.com\/"},{"@type":"ListItem","position":2,"name":"Chat4Free"}]},{"@type":"WebSite","@id":"https:\/\/tinychat.com\/#website","url":"https:\/\/tinychat.com\/","name":"TinyChat","description":"Videochat casuale con sconosciuti","publisher":{"@id":"https:\/\/tinychat.com\/#organization"},"alternateName":"TinyChat.com","potentialAction":[{"@type":"SearchAction","target":{"@type":"EntryPoint","urlTemplate":"https:\/\/tinychat.com\/?s={search_term_string}"},"query-input":{"@type":"PropertyValueSpecification","valueRequired":true,"valueName":"search_term_string"}}],"inLanguage":"it-IT"},{"@type":"Organization","@id":"https:\/\/tinychat.com\/#organization","name":"TinyChat","alternateName":"TinyChat.com","url":"https:\/\/tinychat.com\/","logo":{"@type":"ImageObject","inLanguage":"it-IT","@id":"https:\/\/tinychat.com\/#\/schema\/logo\/image\/","url":"https:\/\/tinychat.com\/wp-content\/uploads\/2023\/11\/Tinychat-icon-square.png","contentUrl":"https:\/\/tinychat.com\/wp-content\/uploads\/2023\/11\/Tinychat-icon-square.png","width":284,"height":284,"caption":"TinyChat"},"image":{"@id":"https:\/\/tinychat.com\/#\/schema\/logo\/image\/"},"sameAs":["https:\/\/www.facebook.com\/tinychat","https:\/\/x.com\/tinychat"]}]}},"_links":{"self":[{"href":"https:\/\/tinychat.com\/it\/wp-json\/wp\/v2\/pages\/12336","targetHints":{"allow":["GET"]}}],"collection":[{"href":"https:\/\/tinychat.com\/it\/wp-json\/wp\/v2\/pages"}],"about":[{"href":"https:\/\/tinychat.com\/it\/wp-json\/wp\/v2\/types\/page"}],"author":[{"embeddable":true,"href":"https:\/\/tinychat.com\/it\/wp-json\/wp\/v2\/users\/6"}],"replies":[{"embeddable":true,"href":"https:\/\/tinychat.com\/it\/wp-json\/wp\/v2\/comments?post=12336"}],"version-history":[{"count":3,"href":"https:\/\/tinychat.com\/it\/wp-json\/wp\/v2\/pages\/12336\/revisions"}],"predecessor-version":[{"id":13561,"href":"https:\/\/tinychat.com\/it\/wp-json\/wp\/v2\/pages\/12336\/revisions\/13561"}],"wp:attachment":[{"href":"https:\/\/tinychat.com\/it\/wp-json\/wp\/v2\/media?parent=12336"}],"curies":[{"name":"wp","href":"https:\/\/api.w.org\/{rel}","templated":true}]}}