{"id":12430,"date":"2025-10-21T11:07:35","date_gmt":"2025-10-21T09:07:35","guid":{"rendered":"https:\/\/tinychat.com\/?page_id=12430"},"modified":"2025-10-21T13:14:52","modified_gmt":"2025-10-21T11:14:52","slug":"chatingly","status":"publish","type":"page","link":"https:\/\/tinychat.com\/it\/chatingly\/","title":{"rendered":"Con calma"},"content":{"rendered":"<p>In un mondo in cui la maggior parte delle app sociali si concentra su like, follower e feed curati, Chatingly si distingue per aver riportato in auge ci\u00f2 che ha reso internet entusiasmante: la connessione umana reale e spontanea. Progettata come una moderna piattaforma di video chat casuale, Chatingly vi mette istantaneamente in contatto con sconosciuti di tutto il mondo per conversazioni one-to-one, senza bisogno di iscrizioni, profili o algoritmi che decidano con chi parlare.<\/p>\n<p>Sia che vogliate incontrare nuove persone, esplorare altre culture o semplicemente rilassarvi con una conversazione informale, l'Chatingly cattura l'emozione delle interazioni istantanee e anonime che definivano i primi Internet, ma con una tecnologia pi\u00f9 fluida e un design pi\u00f9 pulito.<\/p>\n<p>In questa recensione esamineremo in modo approfondito cos'\u00e8 l'Chatingly, come funziona, le sue caratteristiche principali, l'esperienza d'uso, le misure di sicurezza, il confronto con i concorrenti e i consigli per utilizzarlo al meglio.<\/p>\n<h2>Che cos'\u00e8 l'Chatingly?<\/h2>\n<p>Chatingly \u00e8 una piattaforma di chat video casuale che consente agli utenti di connettersi istantaneamente con sconosciuti attraverso video e testi in diretta. La sua filosofia di base \u00e8 semplice: nessuna registrazione, nessun download, nessuna attesa - basta cliccare e iniziare a chattare.<\/p>\n<p>La piattaforma si concentra su:<\/p>\n<ul>\n<li>Facilit\u00e0 d'uso: configurazione minima, accessibile da qualsiasi dispositivo.<\/li>\n<li>Anonimato: non sono richiesti dati personali.<\/li>\n<li>Spontaneit\u00e0: ogni connessione \u00e8 casuale e imprevedibile.<\/li>\n<\/ul>\n<p>Fa parte di un'ondata crescente di nuove piattaforme di chat che offrono alternative leggere, veloci e mobili ai servizi tradizionali come Omegle e Chatroulette.<\/p>\n<h2>Caratteristiche principali di Chatingly<\/h2>\n<p>Le funzioni dell'Chatingly sono state progettate per garantire la semplicit\u00e0 e il coinvolgimento immediato, mantenendo la sicurezza e il comfort dell'utente.<\/p>\n<h3>1. Video chat one-to-one<\/h3>\n<ul>\n<li>Connettetevi istantaneamente con estranei tramite webcam.<\/li>\n<li>Le conversazioni sono private e temporanee.<\/li>\n<li>Utilizzate il pulsante Avanti per andare avanti in qualsiasi momento.<\/li>\n<\/ul>\n<h3>2. Opzione chat di testo<\/h3>\n<ul>\n<li>Casella di testo integrata accanto al video.<\/li>\n<li>Perfetto per quando si preferisce digitare o l'audio \u00e8 scarso.<\/li>\n<li>Passaggio fluido tra testo e video.<\/li>\n<\/ul>\n<h3>3. Corrispondenza globale degli utenti<\/h3>\n<ul>\n<li>Connettersi con persone di paesi diversi.<\/li>\n<li>Ampliate i vostri orizzonti chattando con gli utenti di tutto il mondo.<\/li>\n<\/ul>\n<h3>4. Non \u00e8 necessaria la registrazione<\/h3>\n<ul>\n<li>Iniziate a chattare immediatamente, senza bisogno di un account.<\/li>\n<li>Non \u00e8 necessario ricordare e-mail, nome utente o password.<\/li>\n<\/ul>\n<h3>5. Compatibilit\u00e0 con i dispositivi mobili<\/h3>\n<ul>\n<li>Completamente ottimizzato per i browser mobili.<\/li>\n<li>Funziona perfettamente sia su telefoni che su desktop.<\/li>\n<\/ul>\n<h3>6. Anonimato e privacy<\/h3>\n<ul>\n<li>Nessun profilo o dato salvato.<\/li>\n<li>Le conversazioni scompaiono una volta terminate.<\/li>\n<\/ul>\n<h3>7. Design semplice e pulito<\/h3>\n<ul>\n<li>L'interfaccia minimalista si concentra sulla chat, non sui menu.<\/li>\n<li>La facilit\u00e0 di navigazione lo rende ideale per tutte le et\u00e0.<\/li>\n<\/ul>\n<h2>Come utilizzare l'Chatingly<\/h2>\n<p>L'Chatingly \u00e8 progettato per un accesso immediato: ecco come iniziare in pochi secondi.<\/p>\n<h3>Passo 1: visitare il sito web<\/h3>\n<p>Aprire l'Chatingly nel browser (desktop o mobile).<\/p>\n<h3>Passo 2: Consentire i permessi<\/h3>\n<p>Se si desidera utilizzare la chat video, concedere l'autorizzazione per la fotocamera e il microfono.<\/p>\n<h3>Fase 3: Fare clic su \"Avvia chat\".<\/h3>\n<p>Connettersi istantaneamente con un estraneo a caso.<\/p>\n<h3>Fase 4: Conversare o saltare<\/h3>\n<p>Godetevi la vostra conversazione o fate clic su \u201cAvanti\u201d per incontrare qualcuno di nuovo.<\/p>\n<h3>Fase 5: ripetere<\/h3>\n<p>Continuate a chattare per tutto il tempo che volete, non c'\u00e8 limite di tempo.<\/p>\n<p>Questo modello \"drop-in, drop-out\" rende l'Chatingly perfetto per una socializzazione spontanea e senza pressioni.<\/p>\n<h2>Esperienza utente su Chatingly<\/h2>\n<p>L'Chatingly \u00e8 leggero, veloce e intuitivo e offre un equilibrio tra semplicit\u00e0 e qualit\u00e0.<\/p>\n<h3>Cosa piace agli utenti<\/h3>\n<ul>\n<li>Non \u00e8 richiesta alcuna registrazione o download.<\/li>\n<li>Connessioni istantanee: chattare in pochi secondi.<\/li>\n<li>Layout pulito e privo di distrazioni.<\/li>\n<li>Funziona bene sia su mobile che su desktop.<\/li>\n<li>Esperienza privata e anonima.<\/li>\n<\/ul>\n<h3>Dove gli utenti vedono margini di miglioramento<\/h3>\n<ul>\n<li>Nessun filtro avanzato (sesso o localit\u00e0).<\/li>\n<li>Nessuna funzione di riconnessione se si perde una buona chat.<\/li>\n<li>Base di utenti pi\u00f9 piccola rispetto alle principali piattaforme.<\/li>\n<li>Non ci sono stanze della comunit\u00e0 o elenchi di amici incorporati.<\/li>\n<\/ul>\n<p>Tuttavia, queste limitazioni sono intenzionali: lo scopo dell'Chatingly \u00e8 quello di rimanere leggero e veloce, non di sovraccaricarsi di funzioni extra.<\/p>\n<h2>Chatingly rispetto ad altre piattaforme di chat<\/h2>\n<p>Ecco come Chatingly si confronta con servizi di chat casuali simili:<\/p>\n<table>\n<thead>\n<tr>\n<th>Caratteristica<\/th>\n<th>Con calma<\/th>\n<th>Omegle<\/th>\n<th>Chatroulette<\/th>\n<th>ChatHub<\/th>\n<th>Emerald Chat<\/th>\n<th>Camloo<\/th>\n<\/tr>\n<\/thead>\n<tbody>\n<tr>\n<td>Video istantanei a tu per tu<\/td>\n<td>\u2705 S\u00ec<\/td>\n<td>\u2705 S\u00ec<\/td>\n<td>\u2705 S\u00ec<\/td>\n<td>\u2705 S\u00ec<\/td>\n<td>\u2705 S\u00ec<\/td>\n<td>\u2705 S\u00ec<\/td>\n<\/tr>\n<tr>\n<td>Opzione chat di testo<\/td>\n<td>\u2705 S\u00ec<\/td>\n<td>\u2705 S\u00ec<\/td>\n<td>\u2705 S\u00ec<\/td>\n<td>\u2705 S\u00ec<\/td>\n<td>\u2705 S\u00ec<\/td>\n<td>\u2705 S\u00ec<\/td>\n<\/tr>\n<tr>\n<td>Anonimato<\/td>\n<td>Forte<\/td>\n<td>Forte<\/td>\n<td>Forte<\/td>\n<td>Moderato<\/td>\n<td>Moderato<\/td>\n<td>Moderato<\/td>\n<\/tr>\n<tr>\n<td>Filtri (Genere\/Localizzazione)<\/td>\n<td>\u274c No<\/td>\n<td>\u274c No<\/td>\n<td>Limitato<\/td>\n<td>\u2705 S\u00ec<\/td>\n<td>\u2705 S\u00ec<\/td>\n<td>\u2705 S\u00ec<\/td>\n<\/tr>\n<tr>\n<td>Profili e amici<\/td>\n<td>\u274c No<\/td>\n<td>\u274c No<\/td>\n<td>\u274c No<\/td>\n<td>\u2705 S\u00ec<\/td>\n<td>\u2705 S\u00ec<\/td>\n<td>\u274c No<\/td>\n<\/tr>\n<tr>\n<td>Mobile Friendly<\/td>\n<td>\u2705 S\u00ec<\/td>\n<td>\u2705 S\u00ec<\/td>\n<td>\u2705 S\u00ec<\/td>\n<td>\u2705 S\u00ec<\/td>\n<td>\u2705 S\u00ec<\/td>\n<td>\u2705 S\u00ec<\/td>\n<\/tr>\n<\/tbody>\n<\/table>\n<p>Sintesi: Chatingly mantiene le cose semplici, non cerca di essere un social media o un'app per incontri. Al contrario, si concentra esclusivamente su conversazioni veloci, private e casuali.<\/p>\n<h2>Chatingly \u00e8 sicuro?<\/h2>\n<p>Come ogni piattaforma che mette in contatto persone sconosciute, l'Chatingly offre una privacy di progetto, ma dipende comunque da un uso responsabile.<\/p>\n<h3>Caratteristiche di sicurezza integrate<\/h3>\n<ul>\n<li>Nessuna contabilit\u00e0 o raccolta dati.<\/li>\n<li>Le chat sono temporanee e private.<\/li>\n<li>Il pulsante Skip consente di controllare immediatamente le interazioni.<\/li>\n<\/ul>\n<h3>Consigli di sicurezza per gli utenti<\/h3>\n<ul>\n<li>Non condividete i vostri dati personali (nome e cognome, numero di telefono, contatti sociali).<\/li>\n<li>Chiudete qualsiasi conversazione che vi mette a disagio.<\/li>\n<li>I genitori devono controllare i minori che utilizzano il servizio.<\/li>\n<li>Utilizzate una VPN per aumentare l'anonimato.<\/li>\n<\/ul>\n<p>La mancanza di registrazione dell'Chatingly aumenta di fatto la sicurezza: un minor numero di dettagli memorizzati significa un minor rischio di esposizione.<\/p>\n<h2>Suggerimenti per ottenere il massimo dall'Chatingly<\/h2>\n<ul>\n<li>Siate aperti di mente. Il divertimento della chat casuale \u00e8 l'imprevedibilit\u00e0.<\/li>\n<li>Utilizzate le cuffie per un audio pi\u00f9 chiaro e una maggiore privacy.<\/li>\n<li>Una buona illuminazione migliora la presenza in video.<\/li>\n<li>Mantenete le conversazioni informali. L'umorismo e la cordialit\u00e0 sono molto importanti.<\/li>\n<li>Provate in diversi momenti della giornata. L'attivit\u00e0 degli utenti ha un picco la sera e nei fine settimana.<\/li>\n<li>Usate il salto con saggezza. Passate subito oltre se l'atmosfera non \u00e8 quella giusta.<\/li>\n<\/ul>\n<p>Queste piccole modifiche possono fare una grande differenza nella vostra esperienza.<\/p>\n<h2>Problemi e soluzioni comuni<\/h2>\n<h3>Problema: la fotocamera o il microfono non funzionano<\/h3>\n<ul>\n<li>Controllare le autorizzazioni del browser.<\/li>\n<li>Riavviare la pagina o il dispositivo.<\/li>\n<li>Assicurarsi che nessun'altra applicazione stia utilizzando la fotocamera.<\/li>\n<\/ul>\n<h3>Problema: poche partite o lunghe attese<\/h3>\n<ul>\n<li>Provate negli orari di maggiore affluenza nella vostra regione.<\/li>\n<li>Aggiornare la pagina per riavviare la coda di connessione.<\/li>\n<\/ul>\n<h3>Problema: ritardo video o scarsa qualit\u00e0<\/h3>\n<ul>\n<li>Passare a una connessione Wi-Fi stabile.<\/li>\n<li>Chiudere altre schede o applicazioni che consumano banda.<\/li>\n<\/ul>\n<h3>Problema: Utenti inappropriati<\/h3>\n<ul>\n<li>Saltare immediatamente.<\/li>\n<li>Segnalare se sono disponibili strumenti di moderazione.<\/li>\n<\/ul>\n<h2>Perch\u00e9 le persone scelgono Chatingly<\/h2>\n<p>Le persone si rivolgono a Chatingly per lo stesso motivo per cui i siti di chat casuale sono rimasti popolari per anni: il brivido dell'ignoto. Ma Chatingly aggiunge alcuni vantaggi chiave:<\/p>\n<ul>\n<li>Accesso immediato - nessuna registrazione o impostazione.<\/li>\n<li>Design pulito - minimo ingombro, massima attenzione alla chat.<\/li>\n<li>Compatibilit\u00e0 cross-device - ugualmente valida su telefoni e computer.<\/li>\n<li>Anonimato - conversazioni sicure e temporanee.<\/li>\n<\/ul>\n<p>\u00c8 la scelta ideale per chi cerca un'interazione sociale rapida e autentica senza il rumore dei social media o delle piattaforme di incontri.<\/p>\n<h2>Pensieri finali: Vale la pena utilizzare l'Chatingly?<\/h2>\n<p>Se siete alla ricerca di un'esperienza di chat video casuale veloce, anonima e moderna, Chatingly \u00e8 assolutamente da provare. Cattura la semplicit\u00e0 che ha reso famoso Omegle, aggiornando la tecnologia e l'interfaccia per gli utenti di oggi.<\/p>\n<p>Sebbene non includa filtri, giochi o sistemi di profili, compensa con velocit\u00e0, privacy e accessibilit\u00e0, esattamente ci\u00f2 che molti utenti preferiscono in una piattaforma di chat casuale.<\/p>\n<p>Sia che vogliate:<\/p>\n<ul>\n<li>Incontrare nuove persone da tutto il mondo,<\/li>\n<li>Conversazioni spontanee,<\/li>\n<li>O semplicemente per spezzare la monotonia della vostra giornata...<\/li>\n<\/ul>\n<p>L'Chatingly offre la scintilla della connessione umana nella sua forma pi\u00f9 pura.<\/p>\n<p>In breve: Chatingly \u00e8 un servizio di video chat casuale, leggero e rispettoso della privacy, che unisce la semplicit\u00e0, la portata globale e l'emozione di incontrare qualcuno di nuovo. \u00c8 perfetto per gli utenti che desiderano conversazioni rapide e reali, sempre e ovunque.<\/p>\n<p>Pronti per iniziare? Visitate l'Chatingly, cliccate su start e vedrete chi vi aspetta dall'altra parte.<\/p>","protected":false},"excerpt":{"rendered":"<p>In a world where most social apps focus on likes, followers, and curated feeds, Chatingly stands out by bringing back what made the internet exciting in the first place \u2014 real, spontaneous human connection. Designed as a modern random video chat platform, Chatingly connects you instantly with strangers from around the world for one-on-one conversations, [&hellip;]<\/p>\n","protected":false},"author":6,"featured_media":0,"parent":0,"menu_order":0,"comment_status":"closed","ping_status":"closed","template":"","meta":{"footnotes":""},"class_list":["post-12430","page","type-page","status-publish","hentry"],"yoast_head":"<!-- This site is optimized with the Yoast SEO plugin v27.4 - https:\/\/yoast.com\/product\/yoast-seo-wordpress\/ -->\n<title>Chatingly - Video Chat With Strangers Online - TinyChat.com<\/title>\n<meta name=\"description\" content=\"Enjoying Chatingly? Join over 50,000,000 strangers on TinyChat! Turn on your cam and start meeting new people, or find a match.\" \/>\n<meta name=\"robots\" content=\"index, follow, max-snippet:-1, max-image-preview:large, max-video-preview:-1\" \/>\n<link rel=\"canonical\" href=\"https:\/\/tinychat.com\/it\/chatingly\/\" \/>\n<meta property=\"og:locale\" content=\"it_IT\" \/>\n<meta property=\"og:type\" content=\"article\" \/>\n<meta property=\"og:title\" content=\"Chatingly - Video Chat With Strangers Online - TinyChat.com\" \/>\n<meta property=\"og:description\" content=\"Enjoying Chatingly? Join over 50,000,000 strangers on TinyChat! Turn on your cam and start meeting new people, or find a match.\" \/>\n<meta property=\"og:url\" content=\"https:\/\/tinychat.com\/it\/chatingly\/\" \/>\n<meta property=\"og:site_name\" content=\"TinyChat\" \/>\n<meta property=\"article:publisher\" content=\"https:\/\/www.facebook.com\/tinychat\" \/>\n<meta property=\"article:modified_time\" content=\"2025-10-21T11:14:52+00:00\" \/>\n<meta property=\"og:image\" content=\"https:\/\/tinychat.com\/wp-content\/uploads\/2020\/04\/Tinychat-logo-1280x284-new-black.png\" \/>\n\t<meta property=\"og:image:width\" content=\"1280\" \/>\n\t<meta property=\"og:image:height\" content=\"284\" \/>\n\t<meta property=\"og:image:type\" content=\"image\/png\" \/>\n<meta name=\"twitter:card\" content=\"summary_large_image\" \/>\n<meta name=\"twitter:site\" content=\"@tinychat\" \/>\n<meta name=\"twitter:label1\" content=\"Tempo di lettura stimato\" \/>\n\t<meta name=\"twitter:data1\" content=\"6 minuti\" \/>\n<script type=\"application\/ld+json\" class=\"yoast-schema-graph\">{\"@context\":\"https:\\\/\\\/schema.org\",\"@graph\":[{\"@type\":\"WebPage\",\"@id\":\"https:\\\/\\\/tinychat.com\\\/chatingly\\\/\",\"url\":\"https:\\\/\\\/tinychat.com\\\/chatingly\\\/\",\"name\":\"Chatingly - Video Chat With Strangers Online - TinyChat.com\",\"isPartOf\":{\"@id\":\"https:\\\/\\\/tinychat.com\\\/#website\"},\"datePublished\":\"2025-10-21T09:07:35+00:00\",\"dateModified\":\"2025-10-21T11:14:52+00:00\",\"description\":\"Enjoying Chatingly? Join over 50,000,000 strangers on TinyChat! Turn on your cam and start meeting new people, or find a match.\",\"breadcrumb\":{\"@id\":\"https:\\\/\\\/tinychat.com\\\/chatingly\\\/#breadcrumb\"},\"inLanguage\":\"it-IT\",\"potentialAction\":[{\"@type\":\"ReadAction\",\"target\":[\"https:\\\/\\\/tinychat.com\\\/chatingly\\\/\"]}]},{\"@type\":\"BreadcrumbList\",\"@id\":\"https:\\\/\\\/tinychat.com\\\/chatingly\\\/#breadcrumb\",\"itemListElement\":[{\"@type\":\"ListItem\",\"position\":1,\"name\":\"Home\",\"item\":\"https:\\\/\\\/tinychat.com\\\/\"},{\"@type\":\"ListItem\",\"position\":2,\"name\":\"Chatingly\"}]},{\"@type\":\"WebSite\",\"@id\":\"https:\\\/\\\/tinychat.com\\\/#website\",\"url\":\"https:\\\/\\\/tinychat.com\\\/\",\"name\":\"TinyChat\",\"description\":\"Random Video Chat with Strangers\",\"publisher\":{\"@id\":\"https:\\\/\\\/tinychat.com\\\/#organization\"},\"alternateName\":\"TinyChat.com\",\"potentialAction\":[{\"@type\":\"SearchAction\",\"target\":{\"@type\":\"EntryPoint\",\"urlTemplate\":\"https:\\\/\\\/tinychat.com\\\/?s={search_term_string}\"},\"query-input\":{\"@type\":\"PropertyValueSpecification\",\"valueRequired\":true,\"valueName\":\"search_term_string\"}}],\"inLanguage\":\"it-IT\"},{\"@type\":\"Organization\",\"@id\":\"https:\\\/\\\/tinychat.com\\\/#organization\",\"name\":\"TinyChat\",\"alternateName\":\"TinyChat.com\",\"url\":\"https:\\\/\\\/tinychat.com\\\/\",\"logo\":{\"@type\":\"ImageObject\",\"inLanguage\":\"it-IT\",\"@id\":\"https:\\\/\\\/tinychat.com\\\/#\\\/schema\\\/logo\\\/image\\\/\",\"url\":\"https:\\\/\\\/tinychat.com\\\/wp-content\\\/uploads\\\/2023\\\/11\\\/Tinychat-icon-square.png\",\"contentUrl\":\"https:\\\/\\\/tinychat.com\\\/wp-content\\\/uploads\\\/2023\\\/11\\\/Tinychat-icon-square.png\",\"width\":284,\"height\":284,\"caption\":\"TinyChat\"},\"image\":{\"@id\":\"https:\\\/\\\/tinychat.com\\\/#\\\/schema\\\/logo\\\/image\\\/\"},\"sameAs\":[\"https:\\\/\\\/www.facebook.com\\\/tinychat\",\"https:\\\/\\\/x.com\\\/tinychat\"]}]}<\/script>\n<!-- \/ Yoast SEO plugin. -->","yoast_head_json":{"title":"Chatingly - Video Chat con sconosciuti online - TinyChat.com","description":"Ti piace l'Chatingly? Unisciti a oltre 50.000.000 di sconosciuti su TinyChat! Accendi la tua cam e inizia a conoscere nuove persone o a trovare un partner.","robots":{"index":"index","follow":"follow","max-snippet":"max-snippet:-1","max-image-preview":"max-image-preview:large","max-video-preview":"max-video-preview:-1"},"canonical":"https:\/\/tinychat.com\/it\/chatingly\/","og_locale":"it_IT","og_type":"article","og_title":"Chatingly - Video Chat With Strangers Online - TinyChat.com","og_description":"Enjoying Chatingly? Join over 50,000,000 strangers on TinyChat! Turn on your cam and start meeting new people, or find a match.","og_url":"https:\/\/tinychat.com\/it\/chatingly\/","og_site_name":"TinyChat","article_publisher":"https:\/\/www.facebook.com\/tinychat","article_modified_time":"2025-10-21T11:14:52+00:00","og_image":[{"width":1280,"height":284,"url":"https:\/\/tinychat.com\/wp-content\/uploads\/2020\/04\/Tinychat-logo-1280x284-new-black.png","type":"image\/png"}],"twitter_card":"summary_large_image","twitter_site":"@tinychat","twitter_misc":{"Tempo di lettura stimato":"6 minuti"},"schema":{"@context":"https:\/\/schema.org","@graph":[{"@type":"WebPage","@id":"https:\/\/tinychat.com\/chatingly\/","url":"https:\/\/tinychat.com\/chatingly\/","name":"Chatingly - Video Chat con sconosciuti online - TinyChat.com","isPartOf":{"@id":"https:\/\/tinychat.com\/#website"},"datePublished":"2025-10-21T09:07:35+00:00","dateModified":"2025-10-21T11:14:52+00:00","description":"Ti piace l'Chatingly? Unisciti a oltre 50.000.000 di sconosciuti su TinyChat! Accendi la tua cam e inizia a conoscere nuove persone o a trovare un partner.","breadcrumb":{"@id":"https:\/\/tinychat.com\/chatingly\/#breadcrumb"},"inLanguage":"it-IT","potentialAction":[{"@type":"ReadAction","target":["https:\/\/tinychat.com\/chatingly\/"]}]},{"@type":"BreadcrumbList","@id":"https:\/\/tinychat.com\/chatingly\/#breadcrumb","itemListElement":[{"@type":"ListItem","position":1,"name":"Home","item":"https:\/\/tinychat.com\/"},{"@type":"ListItem","position":2,"name":"Chatingly"}]},{"@type":"WebSite","@id":"https:\/\/tinychat.com\/#website","url":"https:\/\/tinychat.com\/","name":"TinyChat","description":"Videochat casuale con sconosciuti","publisher":{"@id":"https:\/\/tinychat.com\/#organization"},"alternateName":"TinyChat.com","potentialAction":[{"@type":"SearchAction","target":{"@type":"EntryPoint","urlTemplate":"https:\/\/tinychat.com\/?s={search_term_string}"},"query-input":{"@type":"PropertyValueSpecification","valueRequired":true,"valueName":"search_term_string"}}],"inLanguage":"it-IT"},{"@type":"Organization","@id":"https:\/\/tinychat.com\/#organization","name":"TinyChat","alternateName":"TinyChat.com","url":"https:\/\/tinychat.com\/","logo":{"@type":"ImageObject","inLanguage":"it-IT","@id":"https:\/\/tinychat.com\/#\/schema\/logo\/image\/","url":"https:\/\/tinychat.com\/wp-content\/uploads\/2023\/11\/Tinychat-icon-square.png","contentUrl":"https:\/\/tinychat.com\/wp-content\/uploads\/2023\/11\/Tinychat-icon-square.png","width":284,"height":284,"caption":"TinyChat"},"image":{"@id":"https:\/\/tinychat.com\/#\/schema\/logo\/image\/"},"sameAs":["https:\/\/www.facebook.com\/tinychat","https:\/\/x.com\/tinychat"]}]}},"_links":{"self":[{"href":"https:\/\/tinychat.com\/it\/wp-json\/wp\/v2\/pages\/12430","targetHints":{"allow":["GET"]}}],"collection":[{"href":"https:\/\/tinychat.com\/it\/wp-json\/wp\/v2\/pages"}],"about":[{"href":"https:\/\/tinychat.com\/it\/wp-json\/wp\/v2\/types\/page"}],"author":[{"embeddable":true,"href":"https:\/\/tinychat.com\/it\/wp-json\/wp\/v2\/users\/6"}],"replies":[{"embeddable":true,"href":"https:\/\/tinychat.com\/it\/wp-json\/wp\/v2\/comments?post=12430"}],"version-history":[{"count":3,"href":"https:\/\/tinychat.com\/it\/wp-json\/wp\/v2\/pages\/12430\/revisions"}],"predecessor-version":[{"id":13559,"href":"https:\/\/tinychat.com\/it\/wp-json\/wp\/v2\/pages\/12430\/revisions\/13559"}],"wp:attachment":[{"href":"https:\/\/tinychat.com\/it\/wp-json\/wp\/v2\/media?parent=12430"}],"curies":[{"name":"wp","href":"https:\/\/api.w.org\/{rel}","templated":true}]}}