{"id":12446,"date":"2025-08-11T08:59:56","date_gmt":"2025-08-11T06:59:56","guid":{"rendered":"https:\/\/tinychat.com\/?page_id=12446"},"modified":"2025-08-11T09:19:49","modified_gmt":"2025-08-11T07:19:49","slug":"camzey","status":"publish","type":"page","link":"https:\/\/tinychat.com\/it\/camzey\/","title":{"rendered":"Camzey"},"content":{"rendered":"<p>Internet ha reso pi\u00f9 facile che mai entrare in contatto con le persone, ma molte piattaforme sociali sembrano ripetitive, curate e prevedibili. \u00c8 qui che entra in gioco Camzey. Progettato per coloro che desiderano conversazioni spontanee, faccia a faccia, Camzey offre un'esperienza nuova di video chat casuale, dando agli utenti il brivido di incontrare qualcuno di nuovo in tempo reale.<\/p>\n<p>Con il suo design mobile-first, il sistema di matching istantaneo e l'interfaccia user-friendly, Camzey unisce l'emozione degli incontri a sorpresa con strumenti che rendono la chat sicura, coinvolgente e accessibile. Che si tratti di fare amicizia, praticare un'altra lingua, flirtare o semplicemente passare il tempo, Camzey offre un mondo di possibilit\u00e0 - una connessione casuale alla volta.<\/p>\n<p>Questa recensione approfondita esplora tutto quello che c'\u00e8 da sapere sull'Camzey, comprese le sue caratteristiche, il processo di installazione, l'esperienza d'uso, le misure di sicurezza e come si colloca rispetto alle altre piattaforme del settore.<\/p>\n<h2>Che cos'\u00e8 l'Camzey?<\/h2>\n<p>Camzey \u00e8 una piattaforma di video chat casuale che vi mette in contatto istantaneo con sconosciuti di tutto il mondo. Invece di sfogliare i profili o scorrere il dito all'infinito, si viene catapultati in conversazioni dal vivo, faccia a faccia, dove si pu\u00f2 interagire in modo naturale e decidere in tempo reale se continuare o andare avanti.<\/p>\n<p>Come Omegle, Chatroulette o ChatHub, Camzey si concentra sulla connessione umana diretta, ma aggiunge una moderna tecnologia di streaming video, filtri per gli utenti e strumenti per la privacy per renderla pi\u00f9 fluida e coinvolgente. Il risultato \u00e8 un'esperienza di chat spontanea e sicura.<\/p>\n<h2>Caratteristiche principali di Camzey<\/h2>\n<p>Camzey non \u00e8 solo un clone di una chat a caso: \u00e8 ricco di funzioni utili che mantengono le conversazioni fluide e rendono pi\u00f9 divertente la scoperta.<\/p>\n<h3>1. Chat video casuale istantanea<\/h3>\n<ul>\n<li>Connettetevi con gli sconosciuti in qualsiasi parte del mondo in pochi secondi.<\/li>\n<li>Video e audio di alta qualit\u00e0 per conversazioni naturali.<\/li>\n<li>Basta sfiorare o toccare per saltare e incontrare qualcuno di nuovo.<\/li>\n<\/ul>\n<h3>2. Filtri di posizione e genere<\/h3>\n<ul>\n<li>Restringete le vostre corrispondenze a paesi o regioni specifiche.<\/li>\n<li>Filtrate per sesso per un'esperienza di chat pi\u00f9 personalizzata.<\/li>\n<li>I filtri sono opzionali: lasciateli disattivati per ottenere la massima casualit\u00e0.<\/li>\n<\/ul>\n<h3>3. Opzione di chat di testo<\/h3>\n<ul>\n<li>Se preferite, digitate invece di parlare.<\/li>\n<li>Condividete link, battute o traduzioni veloci durante le videochiamate.<\/li>\n<\/ul>\n<h3>4. Sistema di amicizie e connessione<\/h3>\n<ul>\n<li>Aggiungete come amici gli utenti con cui vi piace parlare.<\/li>\n<li>Messaggi o videochiamate di nuovo senza affidarsi ad abbinamenti casuali.<\/li>\n<\/ul>\n<h3>5. Filtri ed effetti divertenti<\/h3>\n<ul>\n<li>Applicare adesivi, maschere ed effetti AR durante le chiamate.<\/li>\n<li>Personalizzare il proprio aspetto o aggiungere umorismo alle conversazioni.<\/li>\n<\/ul>\n<h3>6. Strumenti per la privacy e la sicurezza<\/h3>\n<ul>\n<li>Modalit\u00e0 di anteprima della sfocatura per vedere gli utenti prima della sfocatura.<\/li>\n<li>Pulsanti di segnalazione e blocco rapido per gli utenti problematici.<\/li>\n<li>Il team di moderazione esamina le segnalazioni 24 ore su 24, 7 giorni su 7.<\/li>\n<\/ul>\n<h3>7. Esperienza Mobile-First<\/h3>\n<ul>\n<li>Ottimizzato per iOS e Android.<\/li>\n<li>Tempi di caricamento rapidi e lag minimo durante le videochiamate.<\/li>\n<\/ul>\n<h2>Come utilizzare l'Camzey<\/h2>\n<p>Il design dell'Camzey lo rende facile da usare per i principianti, anche per coloro che non hanno mai utilizzato una chat video casuale.<\/p>\n<h3>Passo 1: accesso all'Camzey<\/h3>\n<ul>\n<li>Disponibile come applicazione mobile per iOS e Android.<\/li>\n<li>Alcune funzioni possono essere accessibili tramite browser web.<\/li>\n<\/ul>\n<h3>Fase 2: registrazione o modalit\u00e0 ospite<\/h3>\n<ul>\n<li>\u00c8 possibile iniziare a chattare senza registrazione, ma l'iscrizione consente di farlo:\n<ul>\n<li>Salvate gli amici.<\/li>\n<li>Impostare le preferenze.<\/li>\n<li>Sbloccare i filtri.<\/li>\n<\/ul>\n<\/li>\n<\/ul>\n<h3>Fase 3: Impostazione delle preferenze<\/h3>\n<ul>\n<li>Scegliere i filtri per sesso e regione (se si desidera).<\/li>\n<li>Abilita\/disabilita la modalit\u00e0 di anteprima della sfocatura.<\/li>\n<li>Regolare le impostazioni del microfono e della fotocamera.<\/li>\n<\/ul>\n<h3>Fase 4: Iniziare a chattare<\/h3>\n<ul>\n<li>Toccare Start per connettersi immediatamente.<\/li>\n<li>Decidete se continuare la conversazione o passare a un altro interlocutore.<\/li>\n<\/ul>\n<h3>Fase 5: Aggiungere amici o continuare a navigare<\/h3>\n<ul>\n<li>Fare clic su \"Aggiungi amico\" per salvare la connessione per un secondo momento.<\/li>\n<li>Continuate a chattare con nuove persone per tutto il tempo che volete.<\/li>\n<\/ul>\n<h2>Esperienza utente su Camzey<\/h2>\n<p>L'Camzey si concentra sulla semplicit\u00e0 e sulla fluidit\u00e0 delle prestazioni, rendendolo accessibile agli utenti occasionali ma sufficientemente coinvolgente per gli utenti abituali.<\/p>\n<h3>Cosa amano gli utenti<\/h3>\n<ul>\n<li>Connessioni veloci, senza attese o code.<\/li>\n<li>Qualit\u00e0 video chiara e audio stabile.<\/li>\n<li>Possibilit\u00e0 di filtrare le corrispondenze per ottenere chat pi\u00f9 pertinenti.<\/li>\n<li>Filtri divertenti che aggiungono personalit\u00e0 alle chiamate.<\/li>\n<li>Nessuna configurazione complicata: basta toccare e via.<\/li>\n<li>Strumenti per la privacy come la modalit\u00e0 di sfocatura e il blocco rapido.<\/li>\n<\/ul>\n<h3>Dove gli utenti vedono margini di miglioramento<\/h3>\n<ul>\n<li>Gli utenti gratuiti potrebbero trovarsi di fronte a limiti di filtri.<\/li>\n<li>Piccole basi di utenti regionali in determinati fusi orari.<\/li>\n<li>Nessuno strumento di traduzione integrato (a differenza dell'Azar).<\/li>\n<li>L'esperienza solo app potrebbe scoraggiare gli utenti desktop.<\/li>\n<\/ul>\n<h2>Camzey vs. altre piattaforme di chat video casuali<\/h2>\n<table>\n<thead>\n<tr>\n<th>Caratteristica<\/th>\n<th>Camzey<\/th>\n<th>OmegleWeb<\/th>\n<th>ChatHub<\/th>\n<th>LuckyCrush<\/th>\n<th>Azar<\/th>\n<th>HOLLA<\/th>\n<\/tr>\n<\/thead>\n<tbody>\n<tr>\n<td>Random Video Chat con Sconosciuti<\/td>\n<td>\u2705 S\u00ec<\/td>\n<td>\u2705 S\u00ec<\/td>\n<td>\u2705 S\u00ec<\/td>\n<td>\u2705 S\u00ec<\/td>\n<td>\u2705 S\u00ec<\/td>\n<td>\u2705 S\u00ec<\/td>\n<\/tr>\n<tr>\n<td>Filtri di genere\/localit\u00e0<\/td>\n<td>\u2705 S\u00ec<\/td>\n<td>\u26a0\ufe0f Limited<\/td>\n<td>\u2705 S\u00ec<\/td>\n<td>\u2705 S\u00ec<\/td>\n<td>\u2705 S\u00ec<\/td>\n<td>\u2705 S\u00ec<\/td>\n<\/tr>\n<tr>\n<td>Modalit\u00e0 di anteprima della sfocatura<\/td>\n<td>\u2705 S\u00ec<\/td>\n<td>\u274c No<\/td>\n<td>\u2705 S\u00ec<\/td>\n<td>\u274c No<\/td>\n<td>\u2705 S\u00ec<\/td>\n<td>\u274c No<\/td>\n<\/tr>\n<tr>\n<td>Effetti\/Filtri divertenti<\/td>\n<td>\u2705 S\u00ec<\/td>\n<td>\u274c No<\/td>\n<td>\u2705 S\u00ec<\/td>\n<td>\u274c No<\/td>\n<td>\u2705 S\u00ec<\/td>\n<td>\u2705 S\u00ec<\/td>\n<\/tr>\n<tr>\n<td>Sistema amico<\/td>\n<td>\u2705 S\u00ec<\/td>\n<td>\u274c No<\/td>\n<td>\u2705 S\u00ec<\/td>\n<td>\u2705 S\u00ec<\/td>\n<td>\u2705 S\u00ec<\/td>\n<td>\u2705 S\u00ec<\/td>\n<\/tr>\n<tr>\n<td>App mobile<\/td>\n<td>\u2705 S\u00ec<\/td>\n<td>\u2705 S\u00ec<\/td>\n<td>\u2705 S\u00ec<\/td>\n<td>\u2705 S\u00ec<\/td>\n<td>\u2705 S\u00ec<\/td>\n<td>\u2705 S\u00ec<\/td>\n<\/tr>\n<tr>\n<td>Traduzione<\/td>\n<td>\u274c No<\/td>\n<td>\u274c No<\/td>\n<td>\u274c No<\/td>\n<td>\u274c No<\/td>\n<td>\u2705 S\u00ec<\/td>\n<td>\u274c No<\/td>\n<\/tr>\n<\/tbody>\n<\/table>\n<p>Sintesi: Camzey offre una solida qualit\u00e0 video, un abbinamento rapido e strumenti per la privacy: \u00e8 un'ottima via di mezzo tra servizi ultra-basici come OmegleWeb e applicazioni fortemente social come Azar.<\/p>\n<h2>Camzey \u00e8 sicuro?<\/h2>\n<p>S\u00ec-Camzey include diverse funzioni di sicurezza integrate:<\/p>\n<ul>\n<li>La moderazione AI filtra i contenuti inappropriati.<\/li>\n<li>Le funzioni di report\/blocco sono sempre accessibili.<\/li>\n<li>La modalit\u00e0 di sfocatura opzionale nasconde il video finch\u00e9 non si sceglie di visualizzarlo.<\/li>\n<li>Gli utenti possono rimanere anonimi, senza dover condividere informazioni personali.<\/li>\n<\/ul>\n<h3>Consigli per la sicurezza<\/h3>\n<ul>\n<li>Evitare di rivelare dettagli privati nelle chat.<\/li>\n<li>Chiudete immediatamente la conversazione se vi sentite a disagio.<\/li>\n<li>Utilizzare i filtri di genere e di localit\u00e0 per limitare l'esposizione, se lo si desidera.<\/li>\n<li>I genitori devono sorvegliare se i minori utilizzano l'applicazione.<\/li>\n<\/ul>\n<h2>Suggerimenti per ottenere il massimo dall'Camzey<\/h2>\n<ul>\n<li>Utilizzate i filtri se cercate un gruppo demografico specifico.<\/li>\n<li>Sperimentate gli effetti per rendere le conversazioni pi\u00f9 divertenti.<\/li>\n<li>Provate la modalit\u00e0 globale per incontrare persone di culture completamente diverse.<\/li>\n<li>Effettuate il login nelle ore di punta della vostra regione di destinazione per ottenere un maggior numero di corrispondenze.<\/li>\n<li>Mantenete la fotocamera chiara e ben illuminata per ottenere una migliore impressione.<\/li>\n<li>Segnalate i cattivi attori per contribuire a mantenere una comunit\u00e0 sicura.<\/li>\n<\/ul>\n<h2>Problemi e soluzioni comuni dell'Camzey<\/h2>\n<h3>Impossibile connettersi<\/h3>\n<p>Controllate la velocit\u00e0 di Internet e consentite le autorizzazioni per telecamera\/microfono.<\/p>\n<h3>Scarsa qualit\u00e0 video<\/h3>\n<p>Passare al Wi-Fi o a un segnale dati pi\u00f9 forte; chiudere le app in background.<\/p>\n<h3>Filtri bloccati<\/h3>\n<p>Accedi e verifica se hai bisogno di monete o di un accesso premium.<\/p>\n<h3>Incontro con utenti inadeguati<\/h3>\n<p>Bloccate e segnalate immediatamente che la moderazione \u00e8 reattiva.<\/p>\n<p>Se desiderate un'esperienza di video chat casuale, semplice e moderna, senza inutili ingombri, Camzey \u00e8 la soluzione ideale. Combina il brivido dell'incontro con gli sconosciuti con strumenti di privacy sufficienti a mantenere la sicurezza, e il suo design mobile-first garantisce un'esperienza fluida e facile da usare.<\/p>\n<p>Sebbene manchino alcune funzioni avanzate come la traduzione in tempo reale, \u00e8 un'opzione valida per gli utenti che apprezzano la velocit\u00e0, la semplicit\u00e0 e la connessione casuale. Che si tratti di nuove amicizie, scambi culturali o semplicemente di conversazioni divertenti, Camzey merita di essere aggiunto alle piattaforme di chat.<\/p>\n<p>Sei pronto per iniziare a chattare? Scaricate Camzey sul vostro dispositivo mobile, impostate le vostre preferenze e scoprite chi incontrare: \u00e8 semplicissimo.<\/p>","protected":false},"excerpt":{"rendered":"<p>The internet has made it easier than ever to connect with people\u2014but many social platforms feel repetitive, curated, and predictable. That\u2019s where Camzey comes in. Designed for those who crave spontaneous, face-to-face conversations, Camzey offers a fresh take on the random video chat experience, giving users the thrill of meeting someone new in real time. [&hellip;]<\/p>\n","protected":false},"author":6,"featured_media":0,"parent":0,"menu_order":0,"comment_status":"closed","ping_status":"closed","template":"","meta":{"footnotes":""},"class_list":["post-12446","page","type-page","status-publish","hentry"],"yoast_head":"<!-- This site is optimized with the Yoast SEO plugin v27.5 - https:\/\/yoast.com\/product\/yoast-seo-wordpress\/ -->\n<title>Camzey - Alternative to OmeTV &amp; Monkey App - TinyChat.com<\/title>\n<meta name=\"description\" content=\"Enjoying Camzey? Join over 50,000,000 strangers on TinyChat! Turn on your cam and start meeting new people, or find a match.\" \/>\n<meta name=\"robots\" content=\"index, follow, max-snippet:-1, max-image-preview:large, max-video-preview:-1\" \/>\n<link rel=\"canonical\" href=\"https:\/\/tinychat.com\/it\/camzey\/\" \/>\n<meta property=\"og:locale\" content=\"it_IT\" \/>\n<meta property=\"og:type\" content=\"article\" \/>\n<meta property=\"og:title\" content=\"Camzey - Alternative to OmeTV &amp; Monkey App - TinyChat.com\" \/>\n<meta property=\"og:description\" content=\"Enjoying Camzey? Join over 50,000,000 strangers on TinyChat! Turn on your cam and start meeting new people, or find a match.\" \/>\n<meta property=\"og:url\" content=\"https:\/\/tinychat.com\/it\/camzey\/\" \/>\n<meta property=\"og:site_name\" content=\"TinyChat\" \/>\n<meta property=\"article:publisher\" content=\"https:\/\/www.facebook.com\/tinychat\" \/>\n<meta property=\"article:modified_time\" content=\"2025-08-11T07:19:49+00:00\" \/>\n<meta property=\"og:image\" content=\"https:\/\/tinychat.com\/wp-content\/uploads\/2020\/04\/Tinychat-logo-1280x284-new-black.png\" \/>\n\t<meta property=\"og:image:width\" content=\"1280\" \/>\n\t<meta property=\"og:image:height\" content=\"284\" \/>\n\t<meta property=\"og:image:type\" content=\"image\/png\" \/>\n<meta name=\"twitter:card\" content=\"summary_large_image\" \/>\n<meta name=\"twitter:site\" content=\"@tinychat\" \/>\n<meta name=\"twitter:label1\" content=\"Tempo di lettura stimato\" \/>\n\t<meta name=\"twitter:data1\" content=\"5 minuti\" \/>\n<script type=\"application\/ld+json\" class=\"yoast-schema-graph\">{\"@context\":\"https:\\\/\\\/schema.org\",\"@graph\":[{\"@type\":\"WebPage\",\"@id\":\"https:\\\/\\\/tinychat.com\\\/camzey\\\/\",\"url\":\"https:\\\/\\\/tinychat.com\\\/camzey\\\/\",\"name\":\"Camzey - Alternative to OmeTV & Monkey App - TinyChat.com\",\"isPartOf\":{\"@id\":\"https:\\\/\\\/tinychat.com\\\/#website\"},\"datePublished\":\"2025-08-11T06:59:56+00:00\",\"dateModified\":\"2025-08-11T07:19:49+00:00\",\"description\":\"Enjoying Camzey? Join over 50,000,000 strangers on TinyChat! Turn on your cam and start meeting new people, or find a match.\",\"breadcrumb\":{\"@id\":\"https:\\\/\\\/tinychat.com\\\/camzey\\\/#breadcrumb\"},\"inLanguage\":\"it-IT\",\"potentialAction\":[{\"@type\":\"ReadAction\",\"target\":[\"https:\\\/\\\/tinychat.com\\\/camzey\\\/\"]}]},{\"@type\":\"BreadcrumbList\",\"@id\":\"https:\\\/\\\/tinychat.com\\\/camzey\\\/#breadcrumb\",\"itemListElement\":[{\"@type\":\"ListItem\",\"position\":1,\"name\":\"Home\",\"item\":\"https:\\\/\\\/tinychat.com\\\/\"},{\"@type\":\"ListItem\",\"position\":2,\"name\":\"Camzey\"}]},{\"@type\":\"WebSite\",\"@id\":\"https:\\\/\\\/tinychat.com\\\/#website\",\"url\":\"https:\\\/\\\/tinychat.com\\\/\",\"name\":\"TinyChat\",\"description\":\"Random Video Chat with Strangers\",\"publisher\":{\"@id\":\"https:\\\/\\\/tinychat.com\\\/#organization\"},\"alternateName\":\"TinyChat.com\",\"potentialAction\":[{\"@type\":\"SearchAction\",\"target\":{\"@type\":\"EntryPoint\",\"urlTemplate\":\"https:\\\/\\\/tinychat.com\\\/?s={search_term_string}\"},\"query-input\":{\"@type\":\"PropertyValueSpecification\",\"valueRequired\":true,\"valueName\":\"search_term_string\"}}],\"inLanguage\":\"it-IT\"},{\"@type\":\"Organization\",\"@id\":\"https:\\\/\\\/tinychat.com\\\/#organization\",\"name\":\"TinyChat\",\"alternateName\":\"TinyChat.com\",\"url\":\"https:\\\/\\\/tinychat.com\\\/\",\"logo\":{\"@type\":\"ImageObject\",\"inLanguage\":\"it-IT\",\"@id\":\"https:\\\/\\\/tinychat.com\\\/#\\\/schema\\\/logo\\\/image\\\/\",\"url\":\"https:\\\/\\\/tinychat.com\\\/wp-content\\\/uploads\\\/2023\\\/11\\\/Tinychat-icon-square.png\",\"contentUrl\":\"https:\\\/\\\/tinychat.com\\\/wp-content\\\/uploads\\\/2023\\\/11\\\/Tinychat-icon-square.png\",\"width\":284,\"height\":284,\"caption\":\"TinyChat\"},\"image\":{\"@id\":\"https:\\\/\\\/tinychat.com\\\/#\\\/schema\\\/logo\\\/image\\\/\"},\"sameAs\":[\"https:\\\/\\\/www.facebook.com\\\/tinychat\",\"https:\\\/\\\/x.com\\\/tinychat\"]}]}<\/script>\n<!-- \/ Yoast SEO plugin. -->","yoast_head_json":{"title":"Camzey - Alternativa a OmeTV e Monkey App - TinyChat.com","description":"Ti piace l'Camzey? Unisciti a oltre 50.000.000 di sconosciuti su TinyChat! Accendi la tua cam e inizia a conoscere nuove persone o a trovare un partner.","robots":{"index":"index","follow":"follow","max-snippet":"max-snippet:-1","max-image-preview":"max-image-preview:large","max-video-preview":"max-video-preview:-1"},"canonical":"https:\/\/tinychat.com\/it\/camzey\/","og_locale":"it_IT","og_type":"article","og_title":"Camzey - Alternative to OmeTV & Monkey App - TinyChat.com","og_description":"Enjoying Camzey? Join over 50,000,000 strangers on TinyChat! Turn on your cam and start meeting new people, or find a match.","og_url":"https:\/\/tinychat.com\/it\/camzey\/","og_site_name":"TinyChat","article_publisher":"https:\/\/www.facebook.com\/tinychat","article_modified_time":"2025-08-11T07:19:49+00:00","og_image":[{"width":1280,"height":284,"url":"https:\/\/tinychat.com\/wp-content\/uploads\/2020\/04\/Tinychat-logo-1280x284-new-black.png","type":"image\/png"}],"twitter_card":"summary_large_image","twitter_site":"@tinychat","twitter_misc":{"Tempo di lettura stimato":"5 minuti"},"schema":{"@context":"https:\/\/schema.org","@graph":[{"@type":"WebPage","@id":"https:\/\/tinychat.com\/camzey\/","url":"https:\/\/tinychat.com\/camzey\/","name":"Camzey - Alternativa a OmeTV e Monkey App - TinyChat.com","isPartOf":{"@id":"https:\/\/tinychat.com\/#website"},"datePublished":"2025-08-11T06:59:56+00:00","dateModified":"2025-08-11T07:19:49+00:00","description":"Ti piace l'Camzey? Unisciti a oltre 50.000.000 di sconosciuti su TinyChat! Accendi la tua cam e inizia a conoscere nuove persone o a trovare un partner.","breadcrumb":{"@id":"https:\/\/tinychat.com\/camzey\/#breadcrumb"},"inLanguage":"it-IT","potentialAction":[{"@type":"ReadAction","target":["https:\/\/tinychat.com\/camzey\/"]}]},{"@type":"BreadcrumbList","@id":"https:\/\/tinychat.com\/camzey\/#breadcrumb","itemListElement":[{"@type":"ListItem","position":1,"name":"Home","item":"https:\/\/tinychat.com\/"},{"@type":"ListItem","position":2,"name":"Camzey"}]},{"@type":"WebSite","@id":"https:\/\/tinychat.com\/#website","url":"https:\/\/tinychat.com\/","name":"TinyChat","description":"Videochat casuale con sconosciuti","publisher":{"@id":"https:\/\/tinychat.com\/#organization"},"alternateName":"TinyChat.com","potentialAction":[{"@type":"SearchAction","target":{"@type":"EntryPoint","urlTemplate":"https:\/\/tinychat.com\/?s={search_term_string}"},"query-input":{"@type":"PropertyValueSpecification","valueRequired":true,"valueName":"search_term_string"}}],"inLanguage":"it-IT"},{"@type":"Organization","@id":"https:\/\/tinychat.com\/#organization","name":"TinyChat","alternateName":"TinyChat.com","url":"https:\/\/tinychat.com\/","logo":{"@type":"ImageObject","inLanguage":"it-IT","@id":"https:\/\/tinychat.com\/#\/schema\/logo\/image\/","url":"https:\/\/tinychat.com\/wp-content\/uploads\/2023\/11\/Tinychat-icon-square.png","contentUrl":"https:\/\/tinychat.com\/wp-content\/uploads\/2023\/11\/Tinychat-icon-square.png","width":284,"height":284,"caption":"TinyChat"},"image":{"@id":"https:\/\/tinychat.com\/#\/schema\/logo\/image\/"},"sameAs":["https:\/\/www.facebook.com\/tinychat","https:\/\/x.com\/tinychat"]}]}},"_links":{"self":[{"href":"https:\/\/tinychat.com\/it\/wp-json\/wp\/v2\/pages\/12446","targetHints":{"allow":["GET"]}}],"collection":[{"href":"https:\/\/tinychat.com\/it\/wp-json\/wp\/v2\/pages"}],"about":[{"href":"https:\/\/tinychat.com\/it\/wp-json\/wp\/v2\/types\/page"}],"author":[{"embeddable":true,"href":"https:\/\/tinychat.com\/it\/wp-json\/wp\/v2\/users\/6"}],"replies":[{"embeddable":true,"href":"https:\/\/tinychat.com\/it\/wp-json\/wp\/v2\/comments?post=12446"}],"version-history":[{"count":4,"href":"https:\/\/tinychat.com\/it\/wp-json\/wp\/v2\/pages\/12446\/revisions"}],"predecessor-version":[{"id":13432,"href":"https:\/\/tinychat.com\/it\/wp-json\/wp\/v2\/pages\/12446\/revisions\/13432"}],"wp:attachment":[{"href":"https:\/\/tinychat.com\/it\/wp-json\/wp\/v2\/media?parent=12446"}],"curies":[{"name":"wp","href":"https:\/\/api.w.org\/{rel}","templated":true}]}}