{"id":12454,"date":"2025-08-27T08:12:50","date_gmt":"2025-08-27T06:12:50","guid":{"rendered":"https:\/\/tinychat.com\/?page_id=12454"},"modified":"2025-08-27T09:38:24","modified_gmt":"2025-08-27T07:38:24","slug":"1v1chat","status":"publish","type":"page","link":"https:\/\/tinychat.com\/it\/1v1chat\/","title":{"rendered":"1v1Chat"},"content":{"rendered":"<p>Internet ci ha dato innumerevoli modi per entrare in contatto con persone in tutto il mondo, ma poche esperienze possono eguagliare l'emozione di una conversazione casuale faccia a faccia con un estraneo. Mentre le chat di gruppo e i social media si basano su comunit\u00e0 e interessi condivisi, le piattaforme di chat video casuali si concentrano su qualcosa di pi\u00f9 grezzo: la spontaneit\u00e0. 1v1Chat \u00e8 una delle piattaforme che si basa su questa semplicit\u00e0, offrendo esattamente ci\u00f2 che il suo nome suggerisce: una chat casuale con sconosciuti.<\/p>\n<p>A differenza delle app che richiedono lunghe iscrizioni o si concentrano su contenuti curati, 1v1Chat punta sull'immediatezza. In pochi secondi \u00e8 possibile incontrare qualcuno di nuovo, iniziare una conversazione e, se non c'\u00e8 corrispondenza, passare oltre con un solo clic. \u00c8 proprio questo design minimale e diretto che lo rende interessante per le persone che desiderano interazioni rapide e anonime.<\/p>\n<p>In questa recensione analizzeremo cos'\u00e8 l'1v1Chat, le sue caratteristiche, il suo funzionamento, l'esperienza d'uso, gli strumenti di sicurezza, il confronto con i concorrenti e i consigli pratici per sfruttarlo al meglio.<\/p>\n<h2>Che cos'\u00e8 l'1v1Chat?<\/h2>\n<p>1v1Chat \u00e8 un sito web di video chat casuale progettato per mettere istantaneamente in contatto due sconosciuti, solo voi e un'altra persona alla volta. A differenza delle chat o dei social network, non ha a che fare con gruppi, feed o profili. Al contrario, riduce l'esperienza alle basi: interazioni uno a uno.<\/p>\n<p>Questo la rende diversa da piattaforme come Chat Avenue o TinyChat (che si concentrano sulle comunit\u00e0) e pi\u00f9 simile a Omegle, Chatroulette o Emerald Chat. La differenza sta nel nome e nella missione: 1v1 - solo voi e un estraneo, in uno spazio privato, per il tempo o la durata che volete.<\/p>\n<h2>Caratteristiche principali di 1v1Chat<\/h2>\n<p>Sebbene sia minimale rispetto alle app ricche di funzioni, l'1v1Chat offre l'essenziale per mantenere le conversazioni fluide.<\/p>\n<h3>1. Connessioni istantanee uno-a-uno<\/h3>\n<ul>\n<li>Non \u00e8 richiesta la registrazione o la creazione di un account.<\/li>\n<li>Fare clic su \"Avvia\" per essere accoppiati immediatamente.<\/li>\n<li>Solo due persone per chat, nessun gruppo, nessuna distrazione.<\/li>\n<\/ul>\n<h3>2. Chat di testo e video<\/h3>\n<ul>\n<li>Utilizzate la webcam e il microfono per le conversazioni dal vivo.<\/li>\n<li>La casella di testo incorporata consente di scrivere messaggi accanto al video.<\/li>\n<li>Utile quando l'audio \u00e8 scarso o se si vuole iniziare con il testo.<\/li>\n<\/ul>\n<h3>3. Corrispondenza globale<\/h3>\n<ul>\n<li>Incontrare persone da tutto il mondo.<\/li>\n<li>Le connessioni casuali rendono ogni clic una sorpresa.<\/li>\n<li>Perfetto per lo scambio culturale e il divertimento informale.<\/li>\n<\/ul>\n<h3>4. Funzione di salto<\/h3>\n<ul>\n<li>Se la chat non va bene, basta un clic per passare oltre.<\/li>\n<li>Mantiene il ritmo veloce e l'esperienza coinvolgente.<\/li>\n<\/ul>\n<h3>5. Anonimato per difetto<\/h3>\n<ul>\n<li>Non sono richiesti nomi, profili o informazioni personali.<\/li>\n<li>Siete voi a decidere cosa condividere durante la chat.<\/li>\n<li>Le conversazioni finiscono quando si esce, non si salva nulla.<\/li>\n<\/ul>\n<h3>6. Accesso facile ai dispositivi mobili<\/h3>\n<ul>\n<li>Funziona sia con i browser desktop che con quelli mobili.<\/li>\n<li>Non \u00e8 necessario scaricare l'applicazione.<\/li>\n<\/ul>\n<h2>Come utilizzare 1v1Chat<\/h2>\n<p>Parte del fascino dell'1v1Chat \u00e8 la rapidit\u00e0 con cui si pu\u00f2 entrare in azione.<\/p>\n<h3>Passo 1: visitare il sito web<\/h3>\n<ul>\n<li>Aprire il sito 1v1Chat nel browser.<\/li>\n<\/ul>\n<h3>Passo 2: Abilitare la fotocamera e il microfono<\/h3>\n<ul>\n<li>Consentire l'accesso alle chat video e audio.<\/li>\n<li>\u00c8 comunque possibile utilizzare la chat di testo se non si desidera il video.<\/li>\n<\/ul>\n<h3>Passo 3: fare clic su Avvio<\/h3>\n<ul>\n<li>Ottenere immediatamente l'accoppiamento con un estraneo a caso.<\/li>\n<\/ul>\n<h3>Fase 4: Conversare o saltare<\/h3>\n<ul>\n<li>Rimanere in una conversazione se sta andando bene.<\/li>\n<li>In caso contrario, fare clic su \"Avanti\" per proseguire.<\/li>\n<\/ul>\n<h3>Fase 5: ripetere<\/h3>\n<ul>\n<li>Continuate a chiacchierare con tutte le persone che volete.<\/li>\n<\/ul>\n<p>Si tratta di un sistema che prevede l'ingresso e l'uscita, ideale per le persone che desiderano un modo di connettersi a basso impegno.<\/p>\n<h2>Esperienza utente su 1v1Chat<\/h2>\n<h3>Cosa piace agli utenti<\/h3>\n<ul>\n<li>Estremamente veloce da avviare, senza registrazione.<\/li>\n<li>Design semplice e senza distrazioni.<\/li>\n<li>Un vero focus one-to-one, senza gruppi o feed laterali.<\/li>\n<li>Funziona bene sia su desktop che su mobile.<\/li>\n<li>L'anonimato consente la libert\u00e0 di conversazione.<\/li>\n<\/ul>\n<h3>Dove gli utenti vedono margini di miglioramento<\/h3>\n<ul>\n<li>Nessun filtro (sesso, regione) nella versione gratuita.<\/li>\n<li>Nessuna funzione di amicizia o di riconnessione.<\/li>\n<li>La qualit\u00e0 delle partite dipende molto da chi \u00e8 online.<\/li>\n<li>Mancano funzioni avanzate come la traduzione o i giochi.<\/li>\n<\/ul>\n<p>Per molti, tuttavia, questi \"limiti\" sono anche la forza della piattaforma: mantiene le cose semplici e autentiche.<\/p>\n<h2>1v1Chat vs. altre piattaforme di chat video casuali<\/h2>\n<p>Ecco come l'1v1Chat si posiziona rispetto ai suoi concorrenti:<\/p>\n<table>\n<thead>\n<tr>\n<th>Caratteristica<\/th>\n<th>1v1Chat<\/th>\n<th>Omegle<\/th>\n<th>Chatroulette<\/th>\n<th>ChatHub<\/th>\n<th>Emerald Chat<\/th>\n<th>Chat Avenue<\/th>\n<\/tr>\n<\/thead>\n<tbody>\n<tr>\n<td>Video istantanei a tu per tu<\/td>\n<td>\u2705 S\u00ec<\/td>\n<td>\u2705 S\u00ec<\/td>\n<td>\u2705 S\u00ec<\/td>\n<td>\u2705 S\u00ec<\/td>\n<td>\u2705 S\u00ec<\/td>\n<td>Limitato<\/td>\n<\/tr>\n<tr>\n<td>Opzione chat di testo<\/td>\n<td>\u2705 S\u00ec<\/td>\n<td>\u2705 S\u00ec<\/td>\n<td>\u2705 S\u00ec<\/td>\n<td>\u2705 S\u00ec<\/td>\n<td>\u2705 S\u00ec<\/td>\n<td>\u2705 S\u00ec<\/td>\n<\/tr>\n<tr>\n<td>Anonimato<\/td>\n<td>Forte<\/td>\n<td>Forte<\/td>\n<td>Forte<\/td>\n<td>Moderato<\/td>\n<td>Moderato<\/td>\n<td>Moderato<\/td>\n<\/tr>\n<tr>\n<td>Filtri (Genere\/Localizzazione)<\/td>\n<td>\u274c No<\/td>\n<td>\u274c No<\/td>\n<td>Limitato<\/td>\n<td>\u2705 S\u00ec<\/td>\n<td>\u2705 S\u00ec<\/td>\n<td>\u274c No<\/td>\n<\/tr>\n<tr>\n<td>Sistema Friend\/Follow<\/td>\n<td>\u274c No<\/td>\n<td>\u274c No<\/td>\n<td>\u274c No<\/td>\n<td>\u2705 S\u00ec<\/td>\n<td>\u2705 S\u00ec<\/td>\n<td>Limitato<\/td>\n<\/tr>\n<tr>\n<td>Chatroom di gruppo<\/td>\n<td>\u274c No<\/td>\n<td>\u274c No<\/td>\n<td>\u274c No<\/td>\n<td>\u274c No<\/td>\n<td>\u274c No<\/td>\n<td>\u2705 S\u00ec<\/td>\n<\/tr>\n<tr>\n<td>Mobile Friendly<\/td>\n<td>\u2705 S\u00ec<\/td>\n<td>\u2705 S\u00ec<\/td>\n<td>\u2705 S\u00ec<\/td>\n<td>\u2705 S\u00ec<\/td>\n<td>\u2705 S\u00ec<\/td>\n<td>\u2705 S\u00ec<\/td>\n<\/tr>\n<\/tbody>\n<\/table>\n<p>Sommario: 1v1Chat \u00e8 una delle piattaforme pi\u00f9 minimaliste nel mondo delle chat casuali. Non cerca di essere un social network o un'app per incontri, ma si concentra solo sulle conversazioni private tra due persone.<\/p>\n<h2>1v1Chat \u00e8 sicuro?<\/h2>\n<p>La sicurezza \u00e8 sempre un aspetto da tenere in considerazione quando si utilizzano servizi di chat casuali. Sebbene 1v1Chat offra l'anonimato, gli utenti devono comunque prendere delle precauzioni.<\/p>\n<h3>Caratteristiche di sicurezza integrate<\/h3>\n<ul>\n<li>Non \u00e8 richiesto alcun account: riduce il rischio dei dati.<\/li>\n<li>Anonimato di default.<\/li>\n<li>Le conversazioni finiscono quando si esce.<\/li>\n<\/ul>\n<h3>Consigli di sicurezza per gli utenti<\/h3>\n<ul>\n<li>Non condividete i vostri dati personali (nome vero, indirizzo, numero di telefono, informazioni finanziarie).<\/li>\n<li>Se non vi sentite a vostro agio, usate il tasto \"salta\".<\/li>\n<li>Mantenete le vostre conversazioni leggere e informali.<\/li>\n<li>I genitori devono sorvegliare se i minori utilizzano il sito.<\/li>\n<li>Considerate l'utilizzo di una VPN per una maggiore privacy.<\/li>\n<\/ul>\n<h2>Suggerimenti per ottenere il massimo dall'1v1Chat<\/h2>\n<ul>\n<li>Abbracciate la casualit\u00e0: si tratta di sorprendere, non di controllare.<\/li>\n<li>Utilizzare nelle ore di punta (sera\/fine settimana) per gli utenti pi\u00f9 attivi.<\/li>\n<li>Una buona illuminazione e un video chiaro migliorano la prima impressione.<\/li>\n<li>Mantenete le cose in modo informale: argomenti divertenti e leggeri sono i migliori.<\/li>\n<li>Utilizzare le cuffie per un audio pi\u00f9 chiaro.<\/li>\n<li>Saltate liberamente: non tutte le chat sono adatte.<\/li>\n<\/ul>\n<h2>Problemi e soluzioni comuni<\/h2>\n<h3>Problema: la fotocamera e il microfono non funzionano<\/h3>\n<ul>\n<li>Controllare le autorizzazioni del browser.<\/li>\n<li>Assicurarsi che nessun'altra applicazione stia utilizzando la fotocamera.<\/li>\n<li>Riavviare il dispositivo\/browser.<\/li>\n<\/ul>\n<h3>Problema: nessuna corrispondenza disponibile<\/h3>\n<ul>\n<li>Aggiornare la pagina.<\/li>\n<li>Provate nei momenti di maggiore affluenza per avere pi\u00f9 utenti.<\/li>\n<\/ul>\n<h3>Problema: scarsa qualit\u00e0 video<\/h3>\n<ul>\n<li>Passare al Wi-Fi se si utilizzano i dati mobili.<\/li>\n<li>Chiudere altre applicazioni che consumano molta banda.<\/li>\n<\/ul>\n<h3>Problema: comportamento inadeguato<\/h3>\n<ul>\n<li>Saltare immediatamente.<\/li>\n<li>Utilizzare gli strumenti di reporting, se disponibili.<\/li>\n<\/ul>\n<h2>Perch\u00e9 le persone scelgono 1v1Chat<\/h2>\n<p>Le persone si rivolgono all'1v1Chat perch\u00e9:<\/p>\n<ul>\n<li>Si concentra sulla semplicit\u00e0. Nessun ingombro, nessun extra: solo uno a uno.<\/li>\n<li>Protegge l'anonimato. Non \u00e8 necessario effettuare il login o condividere dati personali.<\/li>\n<li>\u00c8 istantaneo. \u00c8 possibile avviare una conversazione in pochi secondi.<\/li>\n<li>Sembra autentico. Ogni chiacchierata \u00e8 fresca e imprevedibile.<\/li>\n<\/ul>\n<p>\u00c8 l'ideale per chi sente la mancanza del brivido immediato dell'Omegle, ma vuole qualcosa di pi\u00f9 pulito e meno ingombrante.<\/p>\n<p>Se volete un'esperienza di chat casuale veloce, anonima e semplice, 1v1Chat \u00e8 assolutamente da provare. Non ha funzioni avanzate come filtri, traduzione o liste di amici, ma \u00e8 proprio questo il punto. Il suo design \u00e8 minimalista e si concentra esclusivamente sulle conversazioni individuali con gli sconosciuti.<\/p>\n<p>Che siate qui per:<\/p>\n<ul>\n<li>Passate qualche minuto a chiacchierare.<\/li>\n<li>Incontrare persone di culture diverse.<\/li>\n<li>Godetevi le conversazioni spontanee e senza pressioni...<\/li>\n<\/ul>\n<p>L'1v1Chat offre esattamente questo.<\/p>\n<p>In breve: 1v1Chat \u00e8 un sito di video chat casuale, moderno e di base, che mantiene le cose pulite, veloci e coinvolgenti.<\/p>\n<p>Pronti a provarlo? Visitate 1v1Chat, cliccate su Start e scoprite chi incontrerete.<\/p>","protected":false},"excerpt":{"rendered":"<p>The internet has given us countless ways to connect with people worldwide, but few experiences match the excitement of a random, face-to-face conversation with a stranger. While group chats and social media thrive on communities and shared interests, random video chat platforms focus on something more raw: spontaneity. 1v1Chat is one of the platforms that [&hellip;]<\/p>\n","protected":false},"author":6,"featured_media":0,"parent":0,"menu_order":0,"comment_status":"closed","ping_status":"closed","template":"","meta":{"footnotes":""},"class_list":["post-12454","page","type-page","status-publish","hentry"],"yoast_head":"<!-- This site is optimized with the Yoast SEO plugin v27.5 - https:\/\/yoast.com\/product\/yoast-seo-wordpress\/ -->\n<title>1v1Chat - Experience Real Human Connection - TinyChat.com<\/title>\n<meta name=\"description\" content=\"Enjoying 1v1Chat? Join over 50,000,000 strangers on TinyChat! Turn on your cam and start meeting new people, or find a match.\" \/>\n<meta name=\"robots\" content=\"index, follow, max-snippet:-1, max-image-preview:large, max-video-preview:-1\" \/>\n<link rel=\"canonical\" href=\"https:\/\/tinychat.com\/it\/1v1chat\/\" \/>\n<meta property=\"og:locale\" content=\"it_IT\" \/>\n<meta property=\"og:type\" content=\"article\" \/>\n<meta property=\"og:title\" content=\"1v1Chat - Experience Real Human Connection - TinyChat.com\" \/>\n<meta property=\"og:description\" content=\"Enjoying 1v1Chat? Join over 50,000,000 strangers on TinyChat! Turn on your cam and start meeting new people, or find a match.\" \/>\n<meta property=\"og:url\" content=\"https:\/\/tinychat.com\/it\/1v1chat\/\" \/>\n<meta property=\"og:site_name\" content=\"TinyChat\" \/>\n<meta property=\"article:publisher\" content=\"https:\/\/www.facebook.com\/tinychat\" \/>\n<meta property=\"article:modified_time\" content=\"2025-08-27T07:38:24+00:00\" \/>\n<meta property=\"og:image\" content=\"https:\/\/tinychat.com\/wp-content\/uploads\/2020\/04\/Tinychat-logo-1280x284-new-black.png\" \/>\n\t<meta property=\"og:image:width\" content=\"1280\" \/>\n\t<meta property=\"og:image:height\" content=\"284\" \/>\n\t<meta property=\"og:image:type\" content=\"image\/png\" \/>\n<meta name=\"twitter:card\" content=\"summary_large_image\" \/>\n<meta name=\"twitter:site\" content=\"@tinychat\" \/>\n<meta name=\"twitter:label1\" content=\"Tempo di lettura stimato\" \/>\n\t<meta name=\"twitter:data1\" content=\"5 minuti\" \/>\n<script type=\"application\/ld+json\" class=\"yoast-schema-graph\">{\"@context\":\"https:\\\/\\\/schema.org\",\"@graph\":[{\"@type\":\"WebPage\",\"@id\":\"https:\\\/\\\/tinychat.com\\\/1v1chat\\\/\",\"url\":\"https:\\\/\\\/tinychat.com\\\/1v1chat\\\/\",\"name\":\"1v1Chat - Experience Real Human Connection - TinyChat.com\",\"isPartOf\":{\"@id\":\"https:\\\/\\\/tinychat.com\\\/#website\"},\"datePublished\":\"2025-08-27T06:12:50+00:00\",\"dateModified\":\"2025-08-27T07:38:24+00:00\",\"description\":\"Enjoying 1v1Chat? Join over 50,000,000 strangers on TinyChat! Turn on your cam and start meeting new people, or find a match.\",\"breadcrumb\":{\"@id\":\"https:\\\/\\\/tinychat.com\\\/1v1chat\\\/#breadcrumb\"},\"inLanguage\":\"it-IT\",\"potentialAction\":[{\"@type\":\"ReadAction\",\"target\":[\"https:\\\/\\\/tinychat.com\\\/1v1chat\\\/\"]}]},{\"@type\":\"BreadcrumbList\",\"@id\":\"https:\\\/\\\/tinychat.com\\\/1v1chat\\\/#breadcrumb\",\"itemListElement\":[{\"@type\":\"ListItem\",\"position\":1,\"name\":\"Home\",\"item\":\"https:\\\/\\\/tinychat.com\\\/\"},{\"@type\":\"ListItem\",\"position\":2,\"name\":\"1v1Chat\"}]},{\"@type\":\"WebSite\",\"@id\":\"https:\\\/\\\/tinychat.com\\\/#website\",\"url\":\"https:\\\/\\\/tinychat.com\\\/\",\"name\":\"TinyChat\",\"description\":\"Random Video Chat with Strangers\",\"publisher\":{\"@id\":\"https:\\\/\\\/tinychat.com\\\/#organization\"},\"alternateName\":\"TinyChat.com\",\"potentialAction\":[{\"@type\":\"SearchAction\",\"target\":{\"@type\":\"EntryPoint\",\"urlTemplate\":\"https:\\\/\\\/tinychat.com\\\/?s={search_term_string}\"},\"query-input\":{\"@type\":\"PropertyValueSpecification\",\"valueRequired\":true,\"valueName\":\"search_term_string\"}}],\"inLanguage\":\"it-IT\"},{\"@type\":\"Organization\",\"@id\":\"https:\\\/\\\/tinychat.com\\\/#organization\",\"name\":\"TinyChat\",\"alternateName\":\"TinyChat.com\",\"url\":\"https:\\\/\\\/tinychat.com\\\/\",\"logo\":{\"@type\":\"ImageObject\",\"inLanguage\":\"it-IT\",\"@id\":\"https:\\\/\\\/tinychat.com\\\/#\\\/schema\\\/logo\\\/image\\\/\",\"url\":\"https:\\\/\\\/tinychat.com\\\/wp-content\\\/uploads\\\/2023\\\/11\\\/Tinychat-icon-square.png\",\"contentUrl\":\"https:\\\/\\\/tinychat.com\\\/wp-content\\\/uploads\\\/2023\\\/11\\\/Tinychat-icon-square.png\",\"width\":284,\"height\":284,\"caption\":\"TinyChat\"},\"image\":{\"@id\":\"https:\\\/\\\/tinychat.com\\\/#\\\/schema\\\/logo\\\/image\\\/\"},\"sameAs\":[\"https:\\\/\\\/www.facebook.com\\\/tinychat\",\"https:\\\/\\\/x.com\\\/tinychat\"]}]}<\/script>\n<!-- \/ Yoast SEO plugin. -->","yoast_head_json":{"title":"1v1Chat - Sperimentate la vera connessione umana - TinyChat.com","description":"Ti piace 1v1Chat? Unisciti a oltre 50.000.000 di sconosciuti su TinyChat! Accendi la tua cam e inizia a conoscere nuove persone o a trovare un partner.","robots":{"index":"index","follow":"follow","max-snippet":"max-snippet:-1","max-image-preview":"max-image-preview:large","max-video-preview":"max-video-preview:-1"},"canonical":"https:\/\/tinychat.com\/it\/1v1chat\/","og_locale":"it_IT","og_type":"article","og_title":"1v1Chat - Experience Real Human Connection - TinyChat.com","og_description":"Enjoying 1v1Chat? Join over 50,000,000 strangers on TinyChat! Turn on your cam and start meeting new people, or find a match.","og_url":"https:\/\/tinychat.com\/it\/1v1chat\/","og_site_name":"TinyChat","article_publisher":"https:\/\/www.facebook.com\/tinychat","article_modified_time":"2025-08-27T07:38:24+00:00","og_image":[{"width":1280,"height":284,"url":"https:\/\/tinychat.com\/wp-content\/uploads\/2020\/04\/Tinychat-logo-1280x284-new-black.png","type":"image\/png"}],"twitter_card":"summary_large_image","twitter_site":"@tinychat","twitter_misc":{"Tempo di lettura stimato":"5 minuti"},"schema":{"@context":"https:\/\/schema.org","@graph":[{"@type":"WebPage","@id":"https:\/\/tinychat.com\/1v1chat\/","url":"https:\/\/tinychat.com\/1v1chat\/","name":"1v1Chat - Sperimentate la vera connessione umana - TinyChat.com","isPartOf":{"@id":"https:\/\/tinychat.com\/#website"},"datePublished":"2025-08-27T06:12:50+00:00","dateModified":"2025-08-27T07:38:24+00:00","description":"Ti piace 1v1Chat? Unisciti a oltre 50.000.000 di sconosciuti su TinyChat! Accendi la tua cam e inizia a conoscere nuove persone o a trovare un partner.","breadcrumb":{"@id":"https:\/\/tinychat.com\/1v1chat\/#breadcrumb"},"inLanguage":"it-IT","potentialAction":[{"@type":"ReadAction","target":["https:\/\/tinychat.com\/1v1chat\/"]}]},{"@type":"BreadcrumbList","@id":"https:\/\/tinychat.com\/1v1chat\/#breadcrumb","itemListElement":[{"@type":"ListItem","position":1,"name":"Home","item":"https:\/\/tinychat.com\/"},{"@type":"ListItem","position":2,"name":"1v1Chat"}]},{"@type":"WebSite","@id":"https:\/\/tinychat.com\/#website","url":"https:\/\/tinychat.com\/","name":"TinyChat","description":"Videochat casuale con sconosciuti","publisher":{"@id":"https:\/\/tinychat.com\/#organization"},"alternateName":"TinyChat.com","potentialAction":[{"@type":"SearchAction","target":{"@type":"EntryPoint","urlTemplate":"https:\/\/tinychat.com\/?s={search_term_string}"},"query-input":{"@type":"PropertyValueSpecification","valueRequired":true,"valueName":"search_term_string"}}],"inLanguage":"it-IT"},{"@type":"Organization","@id":"https:\/\/tinychat.com\/#organization","name":"TinyChat","alternateName":"TinyChat.com","url":"https:\/\/tinychat.com\/","logo":{"@type":"ImageObject","inLanguage":"it-IT","@id":"https:\/\/tinychat.com\/#\/schema\/logo\/image\/","url":"https:\/\/tinychat.com\/wp-content\/uploads\/2023\/11\/Tinychat-icon-square.png","contentUrl":"https:\/\/tinychat.com\/wp-content\/uploads\/2023\/11\/Tinychat-icon-square.png","width":284,"height":284,"caption":"TinyChat"},"image":{"@id":"https:\/\/tinychat.com\/#\/schema\/logo\/image\/"},"sameAs":["https:\/\/www.facebook.com\/tinychat","https:\/\/x.com\/tinychat"]}]}},"_links":{"self":[{"href":"https:\/\/tinychat.com\/it\/wp-json\/wp\/v2\/pages\/12454","targetHints":{"allow":["GET"]}}],"collection":[{"href":"https:\/\/tinychat.com\/it\/wp-json\/wp\/v2\/pages"}],"about":[{"href":"https:\/\/tinychat.com\/it\/wp-json\/wp\/v2\/types\/page"}],"author":[{"embeddable":true,"href":"https:\/\/tinychat.com\/it\/wp-json\/wp\/v2\/users\/6"}],"replies":[{"embeddable":true,"href":"https:\/\/tinychat.com\/it\/wp-json\/wp\/v2\/comments?post=12454"}],"version-history":[{"count":3,"href":"https:\/\/tinychat.com\/it\/wp-json\/wp\/v2\/pages\/12454\/revisions"}],"predecessor-version":[{"id":13477,"href":"https:\/\/tinychat.com\/it\/wp-json\/wp\/v2\/pages\/12454\/revisions\/13477"}],"wp:attachment":[{"href":"https:\/\/tinychat.com\/it\/wp-json\/wp\/v2\/media?parent=12454"}],"curies":[{"name":"wp","href":"https:\/\/api.w.org\/{rel}","templated":true}]}}