{"id":12465,"date":"2024-09-12T13:32:48","date_gmt":"2024-09-12T11:32:48","guid":{"rendered":"https:\/\/tinychat.com\/?page_id=12465"},"modified":"2025-05-22T09:42:48","modified_gmt":"2025-05-22T07:42:48","slug":"thundr","status":"publish","type":"page","link":"https:\/\/tinychat.com\/it\/thundr\/","title":{"rendered":"Thundr"},"content":{"rendered":"<p>Come suggerisce il nome, Thundr \u00e8 un sito di connessioni rapide e spontanee che colpiscono senza preavviso. Se avete voglia di conoscere qualcuno di nuovo, di flirtare, di sfogarvi o semplicemente di passare il tempo in modo inaspettato, Thundr lo fa accadere, in pochi secondi.<\/p>\n<p>Come i giganti del genere (Omegle, Chatroulette, ChatHub), Thundr mette in contatto gli sconosciuti attraverso chat video dal vivo, uno contro uno, in modo istantaneo e anonimo. Ma ci\u00f2 che la distingue \u00e8 l'attenzione all'esperienza dell'utente, alla pulizia dell'interfaccia e all'ottimizzazione per i dispositivi mobili, che la rendono la scelta migliore per gli utenti che desiderano velocit\u00e0, semplicit\u00e0 e connessione umana senza troppi fronzoli.<\/p>\n<p>In questa recensione completa, spiegheremo come funziona Thundr, le sue caratteristiche principali, cosa fa di meglio (e di peggio) rispetto ai concorrenti e come rimanere al sicuro mentre lo si usa. Se siete alla ricerca di una piattaforma di video chat casuale pulita, moderna e coinvolgente, continuate a leggere: Thundr potrebbe essere il vostro prossimo luogo preferito per incontrare sconosciuti online.<\/p>\n<h2>Che cos'\u00e8 Thundr?<\/h2>\n<p>Thundr \u00e8 una piattaforma di video chat casuale progettata per conversazioni istantanee e anonime con sconosciuti in tutto il mondo. Funziona interamente nel browser, senza bisogno di registrazione, download o login. Basta fare clic su \"Inizia\" per trovarsi faccia a faccia con una persona nuova, uno a uno.<\/p>\n<p>La piattaforma si concentra su velocit\u00e0, facilit\u00e0 d'uso e design pulito. Che si acceda da desktop o da mobile, Thundr si carica rapidamente e si connette ancora pi\u00f9 velocemente.<\/p>\n<p>Thundr fa parte di una nuova generazione di siti di chat che mirano a risolvere i problemi che hanno afflitto i loro predecessori, come la scarsa moderazione, le interfacce utente obsolete e i bot di spam. Pur essendo ancora un prodotto leggero in termini di funzionalit\u00e0, eccelle per quanto riguarda l'esperienza utente e il coinvolgimento in tempo reale.<\/p>\n<h2>Caratteristiche principali di Thundr<\/h2>\n<p>Thundr mantiene una semplicit\u00e0 rinfrescante, ma non priva di caratteristiche che migliorano la vostra esperienza:<\/p>\n<h3>1. Chat video casuale istantanea<\/h3>\n<p>Il cuore di Thundr \u00e8 una connessione dal vivo, faccia a faccia con uno sconosciuto, che avviene in pochi millisecondi. Non \u00e8 necessario iscriversi, verificare la propria identit\u00e0 o digitare qualcosa per iniziare.<\/p>\n<p>Basta aprire il sito, cliccare su \"Start Chat\" e si viene abbinati a qualcuno di nuovo, in modo del tutto casuale.<\/p>\n<h3>2. Anonimo per impostazione predefinita<\/h3>\n<p>Thundr offre privacy e anonimato completi. Non ti viene mai richiesto di fornire il tuo vero nome, foto o informazioni di contatto. Le chat sono temporanee e non vengono salvate.<\/p>\n<p>Questo favorisce l'apertura e la spontaneit\u00e0, consentendo al contempo di disconnettersi in qualsiasi momento senza alcun vincolo.<\/p>\n<h3>3. \"Pulsante di salto \"Chat successiva<\/h3>\n<p>Non sentite l'atmosfera? Basta premere il pulsante \"Avanti\". Verrete immediatamente abbinati a un altro utente. Nessun ritardo, nessuna attesa, nessuna uscita imbarazzante.<\/p>\n<p>Questa caratteristica mantiene il ritmo veloce, coinvolgente e sotto il vostro controllo.<\/p>\n<h3>4. Integrazione della chat di testo opzionale<\/h3>\n<p>Ogni sessione video \u00e8 inoltre dotata di una casella di testo che consente di:<\/p>\n<ul>\n<li>Chiacchierate a bassa voce se vi trovate in uno spazio pubblico.<\/li>\n<li>Digitare mentre il microfono \u00e8 spento<\/li>\n<li>Condividere messaggi veloci o chiarire il discorso<\/li>\n<\/ul>\n<p>Questa doppia modalit\u00e0 di chat aiuta gli utenti a sentirsi pi\u00f9 a proprio agio e rende Thundr accessibile a pi\u00f9 persone.<\/p>\n<h3>5. Filtro di genere (Premium)<\/h3>\n<p>Mentre l'uso di base \u00e8 gratuito, Thundr offre un filtro di genere premium, che consente di abbinare solo uomini, solo donne o tutti gli utenti. Questo \u00e8 particolarmente utile per:<\/p>\n<ul>\n<li>Utenti interessati a flirt o incontri<\/li>\n<li>Persone che cercano un maggiore comfort nella conversazione<\/li>\n<li>Targeting sociale di nicchia<\/li>\n<\/ul>\n<p>Il filtro di genere \u00e8 facoltativo e la versione gratuita offre comunque un numero illimitato di corrispondenze.<\/p>\n<h3>6. Interfaccia utente pulita e senza lag<\/h3>\n<p>L'interfaccia di Thundr \u00e8 una delle migliori nello spazio delle chat casuali:<\/p>\n<ul>\n<li>Design pulito e in modalit\u00e0 scura<\/li>\n<li>Pulsanti di facile utilizzo<\/li>\n<li>Scatole video grandi e centrate<\/li>\n<li>Transizioni a caricamento rapido<\/li>\n<li>Layout mobile-friendly<\/li>\n<\/ul>\n<p>Il sito \u00e8 leggero, moderno e non affoga in pop-up o pubblicit\u00e0: un vantaggio importante rispetto a molti concorrenti.<\/p>\n<h2>Come utilizzare Thundr<\/h2>\n<p>Iniziare a lavorare su Thundr \u00e8 facile:<\/p>\n<h3>Passo 1: visitare il sito<\/h3>\n<p>Andate su Thundr utilizzando qualsiasi browser (si consiglia Chrome o Safari). Non \u00e8 necessario scaricare nulla.<\/p>\n<h3>Passo 2: Consentire la fotocamera e il microfono<\/h3>\n<p>Verr\u00e0 richiesto di abilitare la webcam e il microfono. Accettare l'accesso per continuare.<\/p>\n<h3>Fase 3: Fare clic su \"Avvia chat\".<\/h3>\n<p>Una volta ottenute le autorizzazioni, fare clic sul pulsante \"Avvia\". Verrete immediatamente collegati a un estraneo casuale.<\/p>\n<h3>Fase 4: Conversare liberamente o saltare<\/h3>\n<p>Se la persona \u00e8 interessante, continuare a chattare. In caso contrario, fare clic su \"Avanti\" per passare a un nuovo incontro.<\/p>\n<h3>Passo 5: Aggiornamento opzionale<\/h3>\n<p>Per filtrare in base al sesso, fare clic sull'opzione di aggiornamento. Altrimenti, godetevi le chat gratuite illimitate con una base di utenti globale.<\/p>\n<h2>Esperienza utente su Thundr<\/h2>\n<p>Thundr offre un'esperienza veloce, priva di distrazioni e sorprendentemente fluida. Sia che vogliate parlare con qualcuno di nuovo per pochi minuti, sia che vogliate passare ore a socializzare oltre confine, la piattaforma \u00e8 in grado di offrirvi tutto questo.<\/p>\n<h3>Ci\u00f2 che la gente ama<\/h3>\n<ul>\n<li>Connessioni istantanee senza registrazione<\/li>\n<li>Interfaccia utente pulita, senza disordine e senza pubblicit\u00e0<\/li>\n<li>Video e audio sempre fluidi<\/li>\n<li>Supporto per la chat di testo per gli spazi tranquilli<\/li>\n<li>Ottimo su mobile, anche senza app<\/li>\n<\/ul>\n<h3>Spazio per il miglioramento<\/h3>\n<ul>\n<li>Nessuna corrispondenza di interessi (ancora)<\/li>\n<li>Nessun pulsante di segnalazione visibile durante la chat<\/li>\n<li>Nessun elenco di amici o connessioni salvate<\/li>\n<li>Limitata trasparenza della moderazione<\/li>\n<\/ul>\n<h3>Recensioni di utenti reali<\/h3>\n<blockquote><p>\"Thundr ha l'interfaccia pi\u00f9 pulita che abbia mai visto in questo settore. \u00c8 quello che era Omegle prima di tutto lo spam\".<br \/>\n- <em>Leon R., Reddit<\/em><\/p><\/blockquote>\n<blockquote><p>\"Ho conosciuto persone fantastiche semplicemente entrando. Nessun login, nessun ritardo, solo chat istantanee. Lo uso sul mio telefono da settimane\".<br \/>\n- <em>Lara G., Trustpilot<\/em><\/p><\/blockquote>\n<blockquote><p>\"Ha bisogno di filtri migliori, ma la semplicit\u00e0 \u00e8 il motivo per cui lo uso. Molto meglio di Omegle o di siti cloni casuali\".<br \/>\n- <em>Raymond T., Recensioni Google<\/em><\/p><\/blockquote>\n<h2>Thundr vs Altre piattaforme di chat video casuali<\/h2>\n<p>Confrontiamo Thundr con le alternative pi\u00f9 popolari:<\/p>\n<table>\n<thead>\n<tr>\n<th>Caratteristica<\/th>\n<th>Thundr<\/th>\n<th>Omegle<\/th>\n<th>ChatHub<\/th>\n<th>Joingy<\/th>\n<th>Vidizzy<\/th>\n<\/tr>\n<\/thead>\n<tbody>\n<tr>\n<td>Video chat<\/td>\n<td>\u2705 S\u00ec<\/td>\n<td>\u2705 S\u00ec<\/td>\n<td>\u2705 S\u00ec<\/td>\n<td>\u2705 S\u00ec<\/td>\n<td>\u2705 S\u00ec<\/td>\n<\/tr>\n<tr>\n<td>Chat di testo<\/td>\n<td>\u2705 S\u00ec<\/td>\n<td>\u2705 S\u00ec<\/td>\n<td>\u2705 S\u00ec<\/td>\n<td>\u2705 S\u00ec<\/td>\n<td>\u2705 S\u00ec<\/td>\n<\/tr>\n<tr>\n<td>Non \u00e8 richiesta l'iscrizione<\/td>\n<td>\u2705 S\u00ec<\/td>\n<td>\u2705 S\u00ec<\/td>\n<td>\u2705 S\u00ec<\/td>\n<td>\u2705 S\u00ec<\/td>\n<td>\u2705 S\u00ec<\/td>\n<\/tr>\n<tr>\n<td>Ottimizzazione mobile<\/td>\n<td>Eccellente<\/td>\n<td>\u26a0\ufe0f Misto<\/td>\n<td>Buono<\/td>\n<td>Buono<\/td>\n<td>Eccellente<\/td>\n<\/tr>\n<tr>\n<td>Filtro di genere<\/td>\n<td>\u2705 Premium<\/td>\n<td>\u274c No<\/td>\n<td>\u2705 Premium<\/td>\n<td>\u2705 Premium<\/td>\n<td>\u2705 Premium<\/td>\n<\/tr>\n<tr>\n<td>Corrispondenza degli interessi<\/td>\n<td>\u274c No<\/td>\n<td>\u2705 S\u00ec<\/td>\n<td>\u274c No<\/td>\n<td>\u2705 Base<\/td>\n<td>\u274c No<\/td>\n<\/tr>\n<tr>\n<td>Strumenti di moderazione<\/td>\n<td>\u26a0\ufe0f Limited<\/td>\n<td>\u26a0\ufe0f Debole<\/td>\n<td>Moderato<\/td>\n<td>\u26a0\ufe0f Minimal<\/td>\n<td>\u26a0\ufe0f Limited<\/td>\n<\/tr>\n<tr>\n<td>Sistema amico<\/td>\n<td>\u274c No<\/td>\n<td>\u274c No<\/td>\n<td>\u274c No<\/td>\n<td>\u274c No<\/td>\n<td>\u274c No<\/td>\n<\/tr>\n<\/tbody>\n<\/table>\n<h2>Thundr \u00e8 sicuro?<\/h2>\n<p>Thundr \u00e8 anonimo per sua stessa concezione, il che offre sia privacy che rischi. Sebbene la maggior parte degli utenti sia amichevole, alcuni possono comportarsi in modo inappropriato. Attualmente, il sistema di moderazione di Thundr \u00e8 passivo e si basa su limiti di comportamento degli utenti piuttosto che su segnalazioni dirette.<\/p>\n<h3>Pro:<\/h3>\n<ul>\n<li>Non sono richiesti dati personali<\/li>\n<li>Nessun account o password da compromettere<\/li>\n<li>Facile uscire e saltare le interazioni negative<\/li>\n<\/ul>\n<h3>Contro:<\/h3>\n<ul>\n<li>Nessun pulsante di segnalazione visibile<\/li>\n<li>Nessuna applicazione visibile dei termini<\/li>\n<li>Nessuna verifica dell'et\u00e0 o dichiarazione di sicurezza<\/li>\n<\/ul>\n<h2>Consigli per la sicurezza di domenica<\/h2>\n<ul>\n<li>Non condividete il vostro nome, il vostro numero o i vostri social.<\/li>\n<li>Saltare o chiudere la chat ad ogni segno di disagio<\/li>\n<li>Utilizzare la piattaforma in ambienti privati e sicuri<\/li>\n<li>Coprire la fotocamera finch\u00e9 non si \u00e8 pronti<\/li>\n<li>Utilizzare una VPN se si \u00e8 attenti alla privacy<\/li>\n<\/ul>\n<h2>Risoluzione dei problemi comuni<\/h2>\n<h3>Impossibile accedere alla webcam<\/h3>\n<p>Controllare le autorizzazioni del browser (in particolare Chrome\/Firefox). Assicurarsi che nessun'altra applicazione stia utilizzando la fotocamera.<\/p>\n<h3>Schermo vuoto<\/h3>\n<p>L'altra persona potrebbe essersene andata. Fare clic su \"Avanti\" per ricaricare la chat.<\/p>\n<h3>Audio non funzionante<\/h3>\n<p>Controllare l'ingresso del microfono nelle impostazioni del sistema. Effettuare il test su un altro browser.<\/p>\n<h3>Corrispondenza lenta<\/h3>\n<p>Provate nelle ore di punta. La sera negli Stati Uniti e in Europa ci sono pi\u00f9 utenti online.<\/p>\n<p>Se siete alla ricerca di un modo veloce, facile e moderno per parlare con gli estranei tramite video, Thundr offre esattamente ci\u00f2 di cui avete bisogno, senza i drammi, il disordine o i ritardi delle piattaforme precedenti.<\/p>\n<p>Non \u00e8 il sito pi\u00f9 ricco di funzioni, ma questo fa parte del suo fascino. Thundr riduce l'esperienza a ci\u00f2 che conta: una connessione dal vivo, faccia a faccia con qualcuno di nuovo.<\/p>\n<ul>\n<li>Nessun login<\/li>\n<li>Nessun download di app<\/li>\n<li>Nessun espediente<\/li>\n<\/ul>\n<p>Solo voi, la vostra macchina fotografica e qualcuno dall'altra parte del mondo.<\/p>\n<p>Se siete curiosi, solitari, annoiati o semplicemente avete voglia di provare qualcosa di nuovo, Thundr \u00e8 un'ottima piattaforma per esplorare l'interazione umana spontanea, all'istante.<\/p>\n<p>Visitate thundr.com e provatelo voi stessi.<\/p>","protected":false},"excerpt":{"rendered":"<p>As the name suggests, Thundr is all about fast-paced, spontaneous connections that strike without warning. Whether you\u2019re in the mood to meet someone new, flirt, vent, or simply pass the time in an unexpected way, Thundr makes it happen \u2014 in seconds. Much like the giants of the genre (Omegle, Chatroulette, ChatHub), Thundr connects strangers [&hellip;]<\/p>\n","protected":false},"author":6,"featured_media":0,"parent":0,"menu_order":0,"comment_status":"closed","ping_status":"closed","template":"","meta":{"footnotes":""},"class_list":["post-12465","page","type-page","status-publish","hentry"],"yoast_head":"<!-- This site is optimized with the Yoast SEO plugin v27.4 - https:\/\/yoast.com\/product\/yoast-seo-wordpress\/ -->\n<title>Thundr - The New Omegle Video Chat - TinyChat.com<\/title>\n<meta name=\"description\" content=\"Enjoying Thundr? Join over 50,000,000 strangers on TinyChat! Turn on your cam and start meeting new people, or find a match.\" \/>\n<meta name=\"robots\" content=\"index, follow, max-snippet:-1, max-image-preview:large, max-video-preview:-1\" \/>\n<link rel=\"canonical\" href=\"https:\/\/tinychat.com\/it\/thundr\/\" \/>\n<meta property=\"og:locale\" content=\"it_IT\" \/>\n<meta property=\"og:type\" content=\"article\" \/>\n<meta property=\"og:title\" content=\"Thundr - The New Omegle Video Chat - TinyChat.com\" \/>\n<meta property=\"og:description\" content=\"Enjoying Thundr? Join over 50,000,000 strangers on TinyChat! Turn on your cam and start meeting new people, or find a match.\" \/>\n<meta property=\"og:url\" content=\"https:\/\/tinychat.com\/it\/thundr\/\" \/>\n<meta property=\"og:site_name\" content=\"TinyChat\" \/>\n<meta property=\"article:publisher\" content=\"https:\/\/www.facebook.com\/tinychat\" \/>\n<meta property=\"article:modified_time\" content=\"2025-05-22T07:42:48+00:00\" \/>\n<meta property=\"og:image\" content=\"https:\/\/tinychat.com\/wp-content\/uploads\/2020\/04\/Tinychat-logo-1280x284-new-black.png\" \/>\n\t<meta property=\"og:image:width\" content=\"1280\" \/>\n\t<meta property=\"og:image:height\" content=\"284\" \/>\n\t<meta property=\"og:image:type\" content=\"image\/png\" \/>\n<meta name=\"twitter:card\" content=\"summary_large_image\" \/>\n<meta name=\"twitter:site\" content=\"@tinychat\" \/>\n<meta name=\"twitter:label1\" content=\"Tempo di lettura stimato\" \/>\n\t<meta name=\"twitter:data1\" content=\"6 minuti\" \/>\n<script type=\"application\/ld+json\" class=\"yoast-schema-graph\">{\"@context\":\"https:\\\/\\\/schema.org\",\"@graph\":[{\"@type\":\"WebPage\",\"@id\":\"https:\\\/\\\/tinychat.com\\\/thundr\\\/\",\"url\":\"https:\\\/\\\/tinychat.com\\\/thundr\\\/\",\"name\":\"Thundr - The New Omegle Video Chat - TinyChat.com\",\"isPartOf\":{\"@id\":\"https:\\\/\\\/tinychat.com\\\/#website\"},\"datePublished\":\"2024-09-12T11:32:48+00:00\",\"dateModified\":\"2025-05-22T07:42:48+00:00\",\"description\":\"Enjoying Thundr? Join over 50,000,000 strangers on TinyChat! Turn on your cam and start meeting new people, or find a match.\",\"breadcrumb\":{\"@id\":\"https:\\\/\\\/tinychat.com\\\/thundr\\\/#breadcrumb\"},\"inLanguage\":\"it-IT\",\"potentialAction\":[{\"@type\":\"ReadAction\",\"target\":[\"https:\\\/\\\/tinychat.com\\\/thundr\\\/\"]}]},{\"@type\":\"BreadcrumbList\",\"@id\":\"https:\\\/\\\/tinychat.com\\\/thundr\\\/#breadcrumb\",\"itemListElement\":[{\"@type\":\"ListItem\",\"position\":1,\"name\":\"Home\",\"item\":\"https:\\\/\\\/tinychat.com\\\/\"},{\"@type\":\"ListItem\",\"position\":2,\"name\":\"Thundr\"}]},{\"@type\":\"WebSite\",\"@id\":\"https:\\\/\\\/tinychat.com\\\/#website\",\"url\":\"https:\\\/\\\/tinychat.com\\\/\",\"name\":\"TinyChat\",\"description\":\"Random Video Chat with Strangers\",\"publisher\":{\"@id\":\"https:\\\/\\\/tinychat.com\\\/#organization\"},\"alternateName\":\"TinyChat.com\",\"potentialAction\":[{\"@type\":\"SearchAction\",\"target\":{\"@type\":\"EntryPoint\",\"urlTemplate\":\"https:\\\/\\\/tinychat.com\\\/?s={search_term_string}\"},\"query-input\":{\"@type\":\"PropertyValueSpecification\",\"valueRequired\":true,\"valueName\":\"search_term_string\"}}],\"inLanguage\":\"it-IT\"},{\"@type\":\"Organization\",\"@id\":\"https:\\\/\\\/tinychat.com\\\/#organization\",\"name\":\"TinyChat\",\"alternateName\":\"TinyChat.com\",\"url\":\"https:\\\/\\\/tinychat.com\\\/\",\"logo\":{\"@type\":\"ImageObject\",\"inLanguage\":\"it-IT\",\"@id\":\"https:\\\/\\\/tinychat.com\\\/#\\\/schema\\\/logo\\\/image\\\/\",\"url\":\"https:\\\/\\\/tinychat.com\\\/wp-content\\\/uploads\\\/2023\\\/11\\\/Tinychat-icon-square.png\",\"contentUrl\":\"https:\\\/\\\/tinychat.com\\\/wp-content\\\/uploads\\\/2023\\\/11\\\/Tinychat-icon-square.png\",\"width\":284,\"height\":284,\"caption\":\"TinyChat\"},\"image\":{\"@id\":\"https:\\\/\\\/tinychat.com\\\/#\\\/schema\\\/logo\\\/image\\\/\"},\"sameAs\":[\"https:\\\/\\\/www.facebook.com\\\/tinychat\",\"https:\\\/\\\/x.com\\\/tinychat\"]}]}<\/script>\n<!-- \/ Yoast SEO plugin. -->","yoast_head_json":{"title":"Thundr - La nuova video chat Omegle - TinyChat.com","description":"Ti piace Thundr? Unisciti a oltre 50.000.000 di sconosciuti su TinyChat! Accendi la tua cam e inizia a conoscere nuove persone o a trovare un partner.","robots":{"index":"index","follow":"follow","max-snippet":"max-snippet:-1","max-image-preview":"max-image-preview:large","max-video-preview":"max-video-preview:-1"},"canonical":"https:\/\/tinychat.com\/it\/thundr\/","og_locale":"it_IT","og_type":"article","og_title":"Thundr - The New Omegle Video Chat - TinyChat.com","og_description":"Enjoying Thundr? Join over 50,000,000 strangers on TinyChat! Turn on your cam and start meeting new people, or find a match.","og_url":"https:\/\/tinychat.com\/it\/thundr\/","og_site_name":"TinyChat","article_publisher":"https:\/\/www.facebook.com\/tinychat","article_modified_time":"2025-05-22T07:42:48+00:00","og_image":[{"width":1280,"height":284,"url":"https:\/\/tinychat.com\/wp-content\/uploads\/2020\/04\/Tinychat-logo-1280x284-new-black.png","type":"image\/png"}],"twitter_card":"summary_large_image","twitter_site":"@tinychat","twitter_misc":{"Tempo di lettura stimato":"6 minuti"},"schema":{"@context":"https:\/\/schema.org","@graph":[{"@type":"WebPage","@id":"https:\/\/tinychat.com\/thundr\/","url":"https:\/\/tinychat.com\/thundr\/","name":"Thundr - La nuova video chat Omegle - TinyChat.com","isPartOf":{"@id":"https:\/\/tinychat.com\/#website"},"datePublished":"2024-09-12T11:32:48+00:00","dateModified":"2025-05-22T07:42:48+00:00","description":"Ti piace Thundr? Unisciti a oltre 50.000.000 di sconosciuti su TinyChat! Accendi la tua cam e inizia a conoscere nuove persone o a trovare un partner.","breadcrumb":{"@id":"https:\/\/tinychat.com\/thundr\/#breadcrumb"},"inLanguage":"it-IT","potentialAction":[{"@type":"ReadAction","target":["https:\/\/tinychat.com\/thundr\/"]}]},{"@type":"BreadcrumbList","@id":"https:\/\/tinychat.com\/thundr\/#breadcrumb","itemListElement":[{"@type":"ListItem","position":1,"name":"Home","item":"https:\/\/tinychat.com\/"},{"@type":"ListItem","position":2,"name":"Thundr"}]},{"@type":"WebSite","@id":"https:\/\/tinychat.com\/#website","url":"https:\/\/tinychat.com\/","name":"TinyChat","description":"Videochat casuale con sconosciuti","publisher":{"@id":"https:\/\/tinychat.com\/#organization"},"alternateName":"TinyChat.com","potentialAction":[{"@type":"SearchAction","target":{"@type":"EntryPoint","urlTemplate":"https:\/\/tinychat.com\/?s={search_term_string}"},"query-input":{"@type":"PropertyValueSpecification","valueRequired":true,"valueName":"search_term_string"}}],"inLanguage":"it-IT"},{"@type":"Organization","@id":"https:\/\/tinychat.com\/#organization","name":"TinyChat","alternateName":"TinyChat.com","url":"https:\/\/tinychat.com\/","logo":{"@type":"ImageObject","inLanguage":"it-IT","@id":"https:\/\/tinychat.com\/#\/schema\/logo\/image\/","url":"https:\/\/tinychat.com\/wp-content\/uploads\/2023\/11\/Tinychat-icon-square.png","contentUrl":"https:\/\/tinychat.com\/wp-content\/uploads\/2023\/11\/Tinychat-icon-square.png","width":284,"height":284,"caption":"TinyChat"},"image":{"@id":"https:\/\/tinychat.com\/#\/schema\/logo\/image\/"},"sameAs":["https:\/\/www.facebook.com\/tinychat","https:\/\/x.com\/tinychat"]}]}},"_links":{"self":[{"href":"https:\/\/tinychat.com\/it\/wp-json\/wp\/v2\/pages\/12465","targetHints":{"allow":["GET"]}}],"collection":[{"href":"https:\/\/tinychat.com\/it\/wp-json\/wp\/v2\/pages"}],"about":[{"href":"https:\/\/tinychat.com\/it\/wp-json\/wp\/v2\/types\/page"}],"author":[{"embeddable":true,"href":"https:\/\/tinychat.com\/it\/wp-json\/wp\/v2\/users\/6"}],"replies":[{"embeddable":true,"href":"https:\/\/tinychat.com\/it\/wp-json\/wp\/v2\/comments?post=12465"}],"version-history":[{"count":4,"href":"https:\/\/tinychat.com\/it\/wp-json\/wp\/v2\/pages\/12465\/revisions"}],"predecessor-version":[{"id":13211,"href":"https:\/\/tinychat.com\/it\/wp-json\/wp\/v2\/pages\/12465\/revisions\/13211"}],"wp:attachment":[{"href":"https:\/\/tinychat.com\/it\/wp-json\/wp\/v2\/media?parent=12465"}],"curies":[{"name":"wp","href":"https:\/\/api.w.org\/{rel}","templated":true}]}}