{"id":12587,"date":"2025-12-02T08:51:12","date_gmt":"2025-12-02T06:51:12","guid":{"rendered":"https:\/\/tinychat.com\/?page_id=12587"},"modified":"2025-12-02T10:51:13","modified_gmt":"2025-12-02T08:51:13","slug":"rabbit-video-chat","status":"publish","type":"page","link":"https:\/\/tinychat.com\/it\/rabbit-video-chat\/","title":{"rendered":"Video chat con il coniglio"},"content":{"rendered":"<p>In un'era di Internet piena di profili curati, filmati con i momenti salienti e scorrimento infinito, Rabbit Video Chat offre qualcosa di piacevolmente diverso: un modo diretto e in tempo reale per incontrare sconosciuti faccia a faccia. Nessun algoritmo, nessuna registrazione e nessuna funzione complicata: solo connessioni spontanee con persone di tutto il mondo.<\/p>\n<p>Che tu sia alla ricerca di una conversazione veloce, di divertimento informale o di una nuova prospettiva da qualcuno in un luogo completamente inaspettato, Rabbit Video Chat offre un'esperienza veloce, semplice e coinvolgente pensata per chiunque ami il brivido degli incontri casuali online.<\/p>\n<p>Questa recensione approfondita esplora cos'\u00e8 Rabbit Video Chat, come funziona, le sue caratteristiche principali, l'esperienza utente, la sicurezza, i confronti, la risoluzione dei problemi e i consigli per godersi ogni sessione di chat.<\/p>\n<h2>Cos'\u00e8 Rabbit Video Chat?<\/h2>\n<p>Rabbit Video Chat \u00e8 una piattaforma di videochat casuale uno-a-uno che ti mette in contatto istantaneamente con sconosciuti tramite webcam. Proprio come Omegle, Chatroulette o piattaforme pi\u00f9 recenti come Umingle e Randomskip, Rabbit Video Chat punta su abbinamenti veloci, configurazione minima e interazione umana reale.<\/p>\n<p>Non \u00e8 necessario avere un account, un'app o un profilo personale: tutto funziona direttamente dal browser.<\/p>\n<p>Rabbit Video Chat \u00e8 ideale per gli utenti che desiderano:<\/p>\n<ul>\n<li>Conversazioni video dal vivo e spontanee<\/li>\n<li>Una pausa dai social media e dalle identit\u00e0 costruite<\/li>\n<li>Accesso immediato senza login<\/li>\n<li>Un ambiente anonimo e senza pressioni<\/li>\n<li>Un modo divertente per conoscere nuove persone a livello internazionale<\/li>\n<\/ul>\n<p>La sua semplicit\u00e0 lo rende uno dei servizi di chat video casuale pi\u00f9 facili da usare, sia che tu stia esplorando conversazioni globali o semplicemente passando il tempo.<\/p>\n<h2>Caratteristiche principali di Rabbit Video Chat<\/h2>\n<p>Rabbit Video Chat mantiene le cose semplici, pur offrendo tutti gli strumenti essenziali per un'esperienza di chat fluida. Ecco le caratteristiche distintive della piattaforma:<\/p>\n<h3>1. Chat video casuale uno-a-uno<\/h3>\n<ul>\n<li>Entra subito in contatto con uno sconosciuto tramite webcam live<\/li>\n<li>Prestazioni fluide con bassa latenza<\/li>\n<li>Funziona senza registrazione<\/li>\n<\/ul>\n<p>Questo \u00e8 il cuore di Rabbit Video Chat: conversazioni pure e spontanee.<\/p>\n<h3>2. Pulsante Salta istantaneo<\/h3>\n<ul>\n<li>Passa a una nuova conversazione in qualsiasi momento<\/li>\n<li>Mantiene l'esperienza veloce e dinamica<\/li>\n<li>Incoraggia l'esplorazione e la variet\u00e0<\/li>\n<\/ul>\n<h3>3. Supporto per la chat di testo<\/h3>\n<ul>\n<li>Digita messaggi accanto o al posto del video<\/li>\n<li>Utile per gli utenti che preferiscono digitare<\/li>\n<li>Aiuta a rompere il ghiaccio durante le nuove interazioni<\/li>\n<\/ul>\n<h3>4. Non \u00e8 richiesta la registrazione<\/h3>\n<ul>\n<li>Inizia subito a chattare<\/li>\n<li>Non \u00e8 necessario fornire indirizzo e-mail, numero di telefono o profilo.<\/li>\n<li>Maggiore privacy e anonimato<\/li>\n<\/ul>\n<h3>5. Esperienza ottimizzata per dispositivi mobili<\/h3>\n<ul>\n<li>Funziona bene su smartphone e tablet<\/li>\n<li>Il layout reattivo si adatta allo schermo<\/li>\n<li>Ottimo per chattare mentre sei in movimento<\/li>\n<\/ul>\n<h3>6. Corrispondenza globale<\/h3>\n<ul>\n<li>Incontra persone provenienti da molti paesi diversi<\/li>\n<li>Ottimo per praticare la lingua e favorire lo scambio culturale<\/li>\n<li>Un gruppo di utenti eterogeneo e in continua evoluzione<\/li>\n<\/ul>\n<h3>7. Libero di usare<\/h3>\n<ul>\n<li>Nessun costo nascosto o funzionalit\u00e0 premium<\/li>\n<li>Chat e salti illimitati<\/li>\n<\/ul>\n<h3>8. Interfaccia pulita e moderna<\/h3>\n<ul>\n<li>Minimo ingombro per una navigazione facile<\/li>\n<li>Design intuitivo ideale per gli utenti alle prime armi<\/li>\n<\/ul>\n<h2>Come utilizzare Rabbit Video Chat<\/h2>\n<p>Rabbit Video Chat \u00e8 progettato per garantire la massima semplicit\u00e0, consentendo anche ai nuovi utenti di connettersi istantaneamente.<\/p>\n<h3>Passo 1: visitare il sito web<\/h3>\n<p>Apri Rabbit Video Chat direttamente nel tuo browser (desktop o mobile).<\/p>\n<h3>Passaggio 2: consentire l'accesso alla fotocamera e al microfono<\/h3>\n<p>Concedi l'autorizzazione affinch\u00e9 la piattaforma possa abilitare video e audio.<\/p>\n<h3>Fase 3: Fare clic su \u201cAvvio\u201d.\u201d<\/h3>\n<p>Verrai immediatamente abbinato a uno sconosciuto casuale.<\/p>\n<h3>Passaggio 4: chatta, connettiti o salta<\/h3>\n<p>Puoi:<\/p>\n<ul>\n<li>Continua la conversazione<\/li>\n<li>Digita invece di parlare<\/li>\n<li>Clicca su \u201cAvanti\u201d per incontrare qualcuno di nuovo<\/li>\n<\/ul>\n<h3>Passaggio 5: Ripetere secondo necessit\u00e0<\/h3>\n<p>Non c'\u00e8 limite al numero di utenti che puoi incontrare: esplora liberamente!<\/p>\n<p>\u00c8 tutto qui. Nessuna schermata di registrazione, nessuna lunga lista di istruzioni.<\/p>\n<h2>Esperienza utente su Rabbit Video Chat<\/h2>\n<p>Rabbit Video Chat \u00e8 progettato per garantire un accesso rapido, un funzionamento semplice e un'interazione spontanea. La piattaforma \u00e8 pensata per gli utenti che amano chattare senza barriere o funzioni complicate.<\/p>\n<h3>Cosa amano gli utenti<\/h3>\n<ul>\n<li>Non \u00e8 necessario alcun account: accesso immediato<\/li>\n<li>Facile da usare su dispositivi mobili o desktop<\/li>\n<li>Connessioni veloci con tempi di caricamento ridotti<\/li>\n<li>Un modo divertente e senza filtri per incontrare sconosciuti da tutto il mondo<\/li>\n<li>Gratuito e anonimo<\/li>\n<\/ul>\n<h3>Dove gli utenti vedono margini di miglioramento<\/h3>\n<ul>\n<li>Nessun filtro per genere o paese<\/li>\n<li>Nessuna opzione per ricollegarsi alle chat precedenti<\/li>\n<li>Utenti spam occasionali a seconda del momento<\/li>\n<li>L'attivit\u00e0 di picco varia a seconda della regione<\/li>\n<\/ul>\n<p>Nonostante queste limitazioni, Rabbit Video Chat continua a essere popolare grazie al suo design pulito, alle prestazioni stabili e all'impegno verso la semplicit\u00e0.<\/p>\n<h2>Rabbit Video Chat rispetto ad altre piattaforme di chat casuali<\/h2>\n<p>Ecco come Rabbit Video Chat si confronta con i suoi principali concorrenti:<\/p>\n<table>\n<thead>\n<tr>\n<th>Caratteristica<\/th>\n<th>Video chat con il coniglio<\/th>\n<th>Omegle<\/th>\n<th>Chatroulette<\/th>\n<th>Umingle<\/th>\n<th>Randomskip<\/th>\n<th>Chathub<\/th>\n<\/tr>\n<\/thead>\n<tbody>\n<tr>\n<td>Video chat<\/td>\n<td>\u2705 S\u00ec<\/td>\n<td>\u2705 S\u00ec<\/td>\n<td>\u2705 S\u00ec<\/td>\n<td>\u2705 S\u00ec<\/td>\n<td>\u2705 S\u00ec<\/td>\n<td>\u2705 S\u00ec<\/td>\n<\/tr>\n<tr>\n<td>Chat di testo<\/td>\n<td>\u2705 S\u00ec<\/td>\n<td>\u2705 S\u00ec<\/td>\n<td>Limitato<\/td>\n<td>\u2705 S\u00ec<\/td>\n<td>\u274c Minimale<\/td>\n<td>\u2705 S\u00ec<\/td>\n<\/tr>\n<tr>\n<td>Registrazione richiesta<\/td>\n<td>\u274c No<\/td>\n<td>\u274c No<\/td>\n<td>\u274c No<\/td>\n<td>\u274c No<\/td>\n<td>\u274c No<\/td>\n<td>Opzionale<\/td>\n<\/tr>\n<tr>\n<td>Filtri per genere \/ Paese<\/td>\n<td>\u274c No<\/td>\n<td>\u274c No<\/td>\n<td>Limitato<\/td>\n<td>\u274c No<\/td>\n<td>\u274c No<\/td>\n<td>S\u00ec<\/td>\n<\/tr>\n<tr>\n<td>Anonimato<\/td>\n<td>Forte<\/td>\n<td>Forte<\/td>\n<td>Moderato<\/td>\n<td>Forte<\/td>\n<td>Forte<\/td>\n<td>Moderato<\/td>\n<\/tr>\n<tr>\n<td>Mobile Friendly<\/td>\n<td>S\u00ec<\/td>\n<td>S\u00ec<\/td>\n<td>S\u00ec<\/td>\n<td>S\u00ec<\/td>\n<td>S\u00ec<\/td>\n<td>S\u00ec<\/td>\n<\/tr>\n<tr>\n<td>Accesso libero<\/td>\n<td>S\u00ec<\/td>\n<td>S\u00ec<\/td>\n<td>S\u00ec<\/td>\n<td>S\u00ec<\/td>\n<td>S\u00ec<\/td>\n<td>S\u00ec<\/td>\n<\/tr>\n<\/tbody>\n<\/table>\n<p>Sintesi:<br \/>\nRabbit Video Chat \u00e8 particolarmente adatto agli utenti che preferiscono un'esperienza di chat video pulita, semplice e anonima, senza filtri o funzioni complesse.<\/p>\n<h2>Sicurezza e privacy su Rabbit Video Chat<\/h2>\n<p>Le chat video casuali richiedono sempre consapevolezza e un comportamento online intelligente. Rabbit Video Chat aiuta dando priorit\u00e0 all'anonimato (non \u00e8 mai necessario condividere informazioni personali), ma gli utenti devono comunque prestare attenzione.<\/p>\n<h3>Caratteristiche di sicurezza integrate<\/h3>\n<ul>\n<li>Nessuna registrazione significa nessun dato personale memorizzato<\/li>\n<li>Chat temporanee che scompaiono al termine della conversazione<\/li>\n<li>Pulsante Salta per uscire immediatamente<\/li>\n<li>Moderazione di base contro comportamenti abusivi<\/li>\n<\/ul>\n<h3>Consigli per stare al sicuro<\/h3>\n<ul>\n<li>Non condividere mai dati personali (nome, posizione, numero di telefono)<\/li>\n<li>Evitare di mostrare ambienti riconoscibili<\/li>\n<li>Non cliccare sui link inviati da sconosciuti<\/li>\n<li>Termina le chat che ti mettono a disagio o ti sembrano sospette<\/li>\n<li>I genitori devono sorvegliare i minori.<\/li>\n<li>Considerate l'utilizzo di una VPN per una maggiore privacy<\/li>\n<\/ul>\n<p>Un uso responsabile garantisce un'esperienza pi\u00f9 sicura e piacevole.<\/p>\n<h2>Consigli per ottenere il massimo dalla chat video Rabbit<\/h2>\n<p>Ecco alcune best practice per migliorare la tua esperienza:<\/p>\n<ul>\n<li>Prova a chattare nelle ore di punta per trovare utenti pi\u00f9 attivi.<\/li>\n<li>Utilizza le cuffie per una migliore qualit\u00e0 audio<\/li>\n<li>Una buona illuminazione migliora il tuo aspetto davanti alla telecamera<\/li>\n<li>Inizia con saluti cordiali e semplici<\/li>\n<li>Non riflettere troppo sulle conversazioni: sii spontaneo.<\/li>\n<li>Usa liberamente il pulsante \"Salta\" quando le chat non sono di tuo gradimento.<\/li>\n<\/ul>\n<p>Piccole modifiche possono migliorare significativamente le tue interazioni e il tuo divertimento complessivo.<\/p>\n<h2>Problemi comuni e risoluzione dei problemi<\/h2>\n<p>Ecco alcuni problemi comuni e le relative soluzioni:<\/p>\n<h3>Problema: fotocamera\/microfono non funzionanti<\/h3>\n<p>Soluzioni:<\/p>\n<ul>\n<li>Controlla le autorizzazioni del browser<\/li>\n<li>Assicurati che nessun'altra app stia utilizzando la tua webcam.<\/li>\n<li>Aggiorna la pagina o riavvia il browser.<\/li>\n<\/ul>\n<h3>Problema: video lento o con ritardi<\/h3>\n<p>Soluzioni:<\/p>\n<ul>\n<li>Utilizza una connessione Wi-Fi stabile<\/li>\n<li>Chiudi le schede extra e i programmi in background<\/li>\n<li>Prova a cambiare browser (Chrome ed Edge spesso funzionano meglio)<\/li>\n<\/ul>\n<h3>Problema: pochi utenti online<\/h3>\n<p>Soluzioni:<\/p>\n<ul>\n<li>Prova diversi fusi orari<\/li>\n<li>Chatta durante la sera o nei fine settimana per una maggiore attivit\u00e0<\/li>\n<\/ul>\n<h3>Problema: comportamento inappropriato<\/h3>\n<p>Soluzioni:<\/p>\n<ul>\n<li>Passa immediatamente<\/li>\n<li>Utilizzare gli strumenti di reporting, se disponibili.<\/li>\n<\/ul>\n<h2>Perch\u00e9 le persone scelgono Rabbit Video Chat<\/h2>\n<p>Rabbit Video Chat \u00e8 popolare perch\u00e9 offre l'essenza fondamentale delle chat video casuali senza inutili complicazioni.<\/p>\n<p>Gli utenti lo scelgono per:<\/p>\n<ul>\n<li>Accesso immediato senza registrazione<\/li>\n<li>Abbinamento casuale puro<\/li>\n<li>Design semplice e moderno<\/li>\n<li>Anonimato forte<\/li>\n<li>Compatibilit\u00e0 mobile<\/li>\n<li>Chat globale veloce e gratuita<\/li>\n<\/ul>\n<p>Per chi apprezza connessioni veloci e un'esperienza online imprevedibile, Rabbit Video Chat \u00e8 la scelta perfetta.<\/p>\n<h2>Considerazioni finali: vale la pena usare Rabbit Video Chat?<\/h2>\n<p>Se stai cercando una piattaforma di chat video casuale gratuita, veloce e anonima, Rabbit Video Chat \u00e8 assolutamente da provare. \u00c8 semplice, intuitiva e pensata per chi ama incontrare sconosciuti in tempo reale senza la pressione dei profili o delle registrazioni.<\/p>\n<p>Che tu sia:<\/p>\n<ul>\n<li>Uccidere il tempo<\/li>\n<li>Incontrare persone di altre culture<\/li>\n<li>Alla ricerca di conversazioni spontanee<\/li>\n<li>Godersi interazioni sociali informali<\/li>\n<\/ul>\n<p>Rabbit Video Chat offre un modo semplice, accessibile e coinvolgente per connettersi con il mondo.<\/p>\n<p>Rabbit Video Chat \u00e8 un sito di chat video casuale pulito e moderno che punta sulla semplicit\u00e0, la privacy e le connessioni globali istantanee. \u00c8 perfetto per gli utenti che desiderano conversazioni reali senza le complicazioni di account, filtri o abbonamenti.<\/p>\n<p>Pronto a provare? Apri Rabbit Video Chat, clicca su \u201cAvvia\u201d e scopri chi ti aspetta dall'altra parte.<\/p>","protected":false},"excerpt":{"rendered":"<p>In an internet era filled with curated profiles, highlight reels, and endless scrolling, Rabbit Video Chat offers something refreshingly different: a direct, real-time way to meet strangers face-to-face. No algorithms, no sign-ups, and no complicated features \u2014 just spontaneous connection with people around the world. Whether you&#8217;re looking for quick conversation, casual fun, or a [&hellip;]<\/p>\n","protected":false},"author":6,"featured_media":0,"parent":0,"menu_order":0,"comment_status":"closed","ping_status":"closed","template":"","meta":{"footnotes":""},"class_list":["post-12587","page","type-page","status-publish","hentry"],"yoast_head":"<!-- This site is optimized with the Yoast SEO plugin v27.4 - https:\/\/yoast.com\/product\/yoast-seo-wordpress\/ -->\n<title>Rabbit Video Chat - Live Video Chat with Girls - TinyChat.com<\/title>\n<meta name=\"description\" content=\"Enjoying Rabbit Video Chat? Join over 50,000,000 strangers on TinyChat! Turn on your cam and start meeting new people, or find a match.\" \/>\n<meta name=\"robots\" content=\"index, follow, max-snippet:-1, max-image-preview:large, max-video-preview:-1\" \/>\n<link rel=\"canonical\" href=\"https:\/\/tinychat.com\/it\/rabbit-video-chat\/\" \/>\n<meta property=\"og:locale\" content=\"it_IT\" \/>\n<meta property=\"og:type\" content=\"article\" \/>\n<meta property=\"og:title\" content=\"Rabbit Video Chat - Live Video Chat with Girls - TinyChat.com\" \/>\n<meta property=\"og:description\" content=\"Enjoying Rabbit Video Chat? Join over 50,000,000 strangers on TinyChat! Turn on your cam and start meeting new people, or find a match.\" \/>\n<meta property=\"og:url\" content=\"https:\/\/tinychat.com\/it\/rabbit-video-chat\/\" \/>\n<meta property=\"og:site_name\" content=\"TinyChat\" \/>\n<meta property=\"article:publisher\" content=\"https:\/\/www.facebook.com\/tinychat\" \/>\n<meta property=\"article:modified_time\" content=\"2025-12-02T08:51:13+00:00\" \/>\n<meta property=\"og:image\" content=\"https:\/\/tinychat.com\/wp-content\/uploads\/2020\/04\/Tinychat-logo-1280x284-new-black.png\" \/>\n\t<meta property=\"og:image:width\" content=\"1280\" \/>\n\t<meta property=\"og:image:height\" content=\"284\" \/>\n\t<meta property=\"og:image:type\" content=\"image\/png\" \/>\n<meta name=\"twitter:card\" content=\"summary_large_image\" \/>\n<meta name=\"twitter:site\" content=\"@tinychat\" \/>\n<meta name=\"twitter:label1\" content=\"Tempo di lettura stimato\" \/>\n\t<meta name=\"twitter:data1\" content=\"6 minuti\" \/>\n<script type=\"application\/ld+json\" class=\"yoast-schema-graph\">{\"@context\":\"https:\\\/\\\/schema.org\",\"@graph\":[{\"@type\":\"WebPage\",\"@id\":\"https:\\\/\\\/tinychat.com\\\/rabbit-video-chat\\\/\",\"url\":\"https:\\\/\\\/tinychat.com\\\/rabbit-video-chat\\\/\",\"name\":\"Rabbit Video Chat - Live Video Chat with Girls - TinyChat.com\",\"isPartOf\":{\"@id\":\"https:\\\/\\\/tinychat.com\\\/#website\"},\"datePublished\":\"2025-12-02T06:51:12+00:00\",\"dateModified\":\"2025-12-02T08:51:13+00:00\",\"description\":\"Enjoying Rabbit Video Chat? Join over 50,000,000 strangers on TinyChat! Turn on your cam and start meeting new people, or find a match.\",\"breadcrumb\":{\"@id\":\"https:\\\/\\\/tinychat.com\\\/rabbit-video-chat\\\/#breadcrumb\"},\"inLanguage\":\"it-IT\",\"potentialAction\":[{\"@type\":\"ReadAction\",\"target\":[\"https:\\\/\\\/tinychat.com\\\/rabbit-video-chat\\\/\"]}]},{\"@type\":\"BreadcrumbList\",\"@id\":\"https:\\\/\\\/tinychat.com\\\/rabbit-video-chat\\\/#breadcrumb\",\"itemListElement\":[{\"@type\":\"ListItem\",\"position\":1,\"name\":\"Home\",\"item\":\"https:\\\/\\\/tinychat.com\\\/\"},{\"@type\":\"ListItem\",\"position\":2,\"name\":\"Rabbit Video Chat\"}]},{\"@type\":\"WebSite\",\"@id\":\"https:\\\/\\\/tinychat.com\\\/#website\",\"url\":\"https:\\\/\\\/tinychat.com\\\/\",\"name\":\"TinyChat\",\"description\":\"Random Video Chat with Strangers\",\"publisher\":{\"@id\":\"https:\\\/\\\/tinychat.com\\\/#organization\"},\"alternateName\":\"TinyChat.com\",\"potentialAction\":[{\"@type\":\"SearchAction\",\"target\":{\"@type\":\"EntryPoint\",\"urlTemplate\":\"https:\\\/\\\/tinychat.com\\\/?s={search_term_string}\"},\"query-input\":{\"@type\":\"PropertyValueSpecification\",\"valueRequired\":true,\"valueName\":\"search_term_string\"}}],\"inLanguage\":\"it-IT\"},{\"@type\":\"Organization\",\"@id\":\"https:\\\/\\\/tinychat.com\\\/#organization\",\"name\":\"TinyChat\",\"alternateName\":\"TinyChat.com\",\"url\":\"https:\\\/\\\/tinychat.com\\\/\",\"logo\":{\"@type\":\"ImageObject\",\"inLanguage\":\"it-IT\",\"@id\":\"https:\\\/\\\/tinychat.com\\\/#\\\/schema\\\/logo\\\/image\\\/\",\"url\":\"https:\\\/\\\/tinychat.com\\\/wp-content\\\/uploads\\\/2023\\\/11\\\/Tinychat-icon-square.png\",\"contentUrl\":\"https:\\\/\\\/tinychat.com\\\/wp-content\\\/uploads\\\/2023\\\/11\\\/Tinychat-icon-square.png\",\"width\":284,\"height\":284,\"caption\":\"TinyChat\"},\"image\":{\"@id\":\"https:\\\/\\\/tinychat.com\\\/#\\\/schema\\\/logo\\\/image\\\/\"},\"sameAs\":[\"https:\\\/\\\/www.facebook.com\\\/tinychat\",\"https:\\\/\\\/x.com\\\/tinychat\"]}]}<\/script>\n<!-- \/ Yoast SEO plugin. -->","yoast_head_json":{"title":"Rabbit Video Chat - Chat video live con ragazze - TinyChat.com","description":"Ti piace Rabbit Video Chat? Unisciti a oltre 50.000.000 di sconosciuti su TinyChat! Accendi la tua webcam e inizia a conoscere nuove persone o trova un partner.","robots":{"index":"index","follow":"follow","max-snippet":"max-snippet:-1","max-image-preview":"max-image-preview:large","max-video-preview":"max-video-preview:-1"},"canonical":"https:\/\/tinychat.com\/it\/rabbit-video-chat\/","og_locale":"it_IT","og_type":"article","og_title":"Rabbit Video Chat - Live Video Chat with Girls - TinyChat.com","og_description":"Enjoying Rabbit Video Chat? Join over 50,000,000 strangers on TinyChat! Turn on your cam and start meeting new people, or find a match.","og_url":"https:\/\/tinychat.com\/it\/rabbit-video-chat\/","og_site_name":"TinyChat","article_publisher":"https:\/\/www.facebook.com\/tinychat","article_modified_time":"2025-12-02T08:51:13+00:00","og_image":[{"width":1280,"height":284,"url":"https:\/\/tinychat.com\/wp-content\/uploads\/2020\/04\/Tinychat-logo-1280x284-new-black.png","type":"image\/png"}],"twitter_card":"summary_large_image","twitter_site":"@tinychat","twitter_misc":{"Tempo di lettura stimato":"6 minuti"},"schema":{"@context":"https:\/\/schema.org","@graph":[{"@type":"WebPage","@id":"https:\/\/tinychat.com\/rabbit-video-chat\/","url":"https:\/\/tinychat.com\/rabbit-video-chat\/","name":"Rabbit Video Chat - Chat video live con ragazze - TinyChat.com","isPartOf":{"@id":"https:\/\/tinychat.com\/#website"},"datePublished":"2025-12-02T06:51:12+00:00","dateModified":"2025-12-02T08:51:13+00:00","description":"Ti piace Rabbit Video Chat? Unisciti a oltre 50.000.000 di sconosciuti su TinyChat! Accendi la tua webcam e inizia a conoscere nuove persone o trova un partner.","breadcrumb":{"@id":"https:\/\/tinychat.com\/rabbit-video-chat\/#breadcrumb"},"inLanguage":"it-IT","potentialAction":[{"@type":"ReadAction","target":["https:\/\/tinychat.com\/rabbit-video-chat\/"]}]},{"@type":"BreadcrumbList","@id":"https:\/\/tinychat.com\/rabbit-video-chat\/#breadcrumb","itemListElement":[{"@type":"ListItem","position":1,"name":"Home","item":"https:\/\/tinychat.com\/"},{"@type":"ListItem","position":2,"name":"Rabbit Video Chat"}]},{"@type":"WebSite","@id":"https:\/\/tinychat.com\/#website","url":"https:\/\/tinychat.com\/","name":"TinyChat","description":"Videochat casuale con sconosciuti","publisher":{"@id":"https:\/\/tinychat.com\/#organization"},"alternateName":"TinyChat.com","potentialAction":[{"@type":"SearchAction","target":{"@type":"EntryPoint","urlTemplate":"https:\/\/tinychat.com\/?s={search_term_string}"},"query-input":{"@type":"PropertyValueSpecification","valueRequired":true,"valueName":"search_term_string"}}],"inLanguage":"it-IT"},{"@type":"Organization","@id":"https:\/\/tinychat.com\/#organization","name":"TinyChat","alternateName":"TinyChat.com","url":"https:\/\/tinychat.com\/","logo":{"@type":"ImageObject","inLanguage":"it-IT","@id":"https:\/\/tinychat.com\/#\/schema\/logo\/image\/","url":"https:\/\/tinychat.com\/wp-content\/uploads\/2023\/11\/Tinychat-icon-square.png","contentUrl":"https:\/\/tinychat.com\/wp-content\/uploads\/2023\/11\/Tinychat-icon-square.png","width":284,"height":284,"caption":"TinyChat"},"image":{"@id":"https:\/\/tinychat.com\/#\/schema\/logo\/image\/"},"sameAs":["https:\/\/www.facebook.com\/tinychat","https:\/\/x.com\/tinychat"]}]}},"_links":{"self":[{"href":"https:\/\/tinychat.com\/it\/wp-json\/wp\/v2\/pages\/12587","targetHints":{"allow":["GET"]}}],"collection":[{"href":"https:\/\/tinychat.com\/it\/wp-json\/wp\/v2\/pages"}],"about":[{"href":"https:\/\/tinychat.com\/it\/wp-json\/wp\/v2\/types\/page"}],"author":[{"embeddable":true,"href":"https:\/\/tinychat.com\/it\/wp-json\/wp\/v2\/users\/6"}],"replies":[{"embeddable":true,"href":"https:\/\/tinychat.com\/it\/wp-json\/wp\/v2\/comments?post=12587"}],"version-history":[{"count":4,"href":"https:\/\/tinychat.com\/it\/wp-json\/wp\/v2\/pages\/12587\/revisions"}],"predecessor-version":[{"id":13584,"href":"https:\/\/tinychat.com\/it\/wp-json\/wp\/v2\/pages\/12587\/revisions\/13584"}],"wp:attachment":[{"href":"https:\/\/tinychat.com\/it\/wp-json\/wp\/v2\/media?parent=12587"}],"curies":[{"name":"wp","href":"https:\/\/api.w.org\/{rel}","templated":true}]}}