{"id":12683,"date":"2025-08-18T09:35:45","date_gmt":"2025-08-18T07:35:45","guid":{"rendered":"https:\/\/tinychat.com\/?page_id=12683"},"modified":"2025-08-18T10:20:31","modified_gmt":"2025-08-18T08:20:31","slug":"pink-video-chat","status":"publish","type":"page","link":"https:\/\/tinychat.com\/it\/pink-video-chat\/","title":{"rendered":"Video chat rosa"},"content":{"rendered":"<p>Il mondo delle piattaforme di video chat casuali \u00e8 in continua evoluzione. Dagli albori di Omegle alle moderne applicazioni come ChatHub, Emerald Chat e Monkey, le persone hanno sempre cercato modi divertenti, imprevedibili ed emozionanti per incontrare sconosciuti online. Pink Video Chat \u00e8 uno dei nomi pi\u00f9 recenti a entrare in questo spazio, portando con s\u00e9 un'esperienza fresca, vivace e colorata, progettata per attirare gli utenti che desiderano qualcosa di semplice, elegante e divertente.<\/p>\n<p>A differenza dei social network tradizionali, Pink Video Chat si limita all'essenziale: connessioni istantanee, anonimato e facilit\u00e0 d'uso. Il suo marchio giocoso e il suo design moderno la aiutano a distinguersi in un mercato affollato, dove decine di app di chat casuali competono per attirare l'attenzione.<\/p>\n<p>In questo approfondimento esploreremo tutto ci\u00f2 che c'\u00e8 da sapere su Pink Video Chat: le sue caratteristiche, l'usabilit\u00e0, la sicurezza, i pro e i contro e il confronto con concorrenti affermati come Omegle, TinyChat e Chatroulette.<\/p>\n<h2>Che cos'\u00e8 la chat video rosa?<\/h2>\n<p>Pink Video Chat \u00e8 una piattaforma di video chat casuale che mette in contatto istantaneo sconosciuti tramite webcam e microfono. Non c'\u00e8 nessun processo di iscrizione, nessuna lunga creazione di profili e nessuna barriera all'ingresso: basta premere start e si \u00e8 connessi.<\/p>\n<p>Si rivolge agli utenti che:<\/p>\n<ul>\n<li>Volete un modo veloce e anonimo per incontrare persone.<\/li>\n<li>Preferiscono le interazioni video alle chat di solo testo.<\/li>\n<li>Sono curiosi di incontrare sconosciuti in tutto il mondo.<\/li>\n<li>Godetevi il brivido dell'imprevedibilit\u00e0.<\/li>\n<\/ul>\n<p>Mentre alcuni siti di chat si concentrano in modo particolare sugli incontri o sul social networking, Pink Video Chat si orienta maggiormente verso l'intrattenimento spontaneo e gli incontri casuali.<\/p>\n<h2>Caratteristiche principali di Pink Video Chat<\/h2>\n<p>Ecco cosa ci si pu\u00f2 aspettare quando si utilizza Pink Video Chat:<\/p>\n<h3>1. Corrispondenza istantanea<\/h3>\n<ul>\n<li>Non \u00e8 richiesta la registrazione.<\/li>\n<li>Un clic vi mette in contatto con un estraneo a caso.<\/li>\n<li>Passa immediatamente alla persona successiva.<\/li>\n<\/ul>\n<h3>2. L'anonimato<\/h3>\n<ul>\n<li>Gli utenti non sono tenuti a rivelare la propria identit\u00e0.<\/li>\n<li>Non sono necessari nomi utente, biografie o dati personali.<\/li>\n<li>L'attenzione rimane concentrata sull'interazione in tempo reale.<\/li>\n<\/ul>\n<h3>3. Chat video e audio<\/h3>\n<ul>\n<li>Il cuore della piattaforma ruota attorno alla chat con webcam dal vivo.<\/li>\n<li>Fallback solo audio se si preferisce non utilizzare il video.<\/li>\n<\/ul>\n<h3>4. Facile da usare per i dispositivi mobili<\/h3>\n<ul>\n<li>Funziona sia su browser desktop che mobile.<\/li>\n<li>Non \u00e8 necessario scaricare un'app, basta visitare il sito web.<\/li>\n<\/ul>\n<h3>5. Filtri per genere e localit\u00e0 (facoltativo)<\/h3>\n<ul>\n<li>A seconda degli aggiornamenti, i filtri potrebbero essere disponibili per gli utenti premium.<\/li>\n<li>Consente il targeting per sesso o paese per interazioni pi\u00f9 personalizzate.<\/li>\n<\/ul>\n<h3>6. Accesso libero<\/h3>\n<ul>\n<li>La maggior parte delle funzioni di Pink Video Chat sono gratuite.<\/li>\n<li>Le funzioni premium possono sbloccare filtri avanzati o l'utilizzo senza pubblicit\u00e0.<\/li>\n<\/ul>\n<h2>Come utilizzare la chat video Pink<\/h2>\n<p>L'utilizzo di Pink Video Chat \u00e8 semplice:<\/p>\n<ol>\n<li>Vai al sito web.<br \/>\nAprite Pink Video Chat nel vostro browser (desktop o mobile).<\/li>\n<li>Abilitare le autorizzazioni.<br \/>\nConsentire l'accesso alla fotocamera e al microfono.<\/li>\n<li>Fare clic su Start.<br \/>\nAccoppiamento immediato con un altro utente.<\/li>\n<li>Chiacchierare o saltare.<br \/>\nRimanete nella chat per tutto il tempo che volete, oppure fate clic su \"Avanti\" per andare avanti.<\/li>\n<li>Ripetere.<br \/>\nContinuare a connettersi con nuovi sconosciuti all'infinito.<\/li>\n<\/ol>\n<p>Questa semplicit\u00e0 \u00e8 parte del fascino di Pink Video Chat: elimina gli attriti e si concentra solo sul divertimento.<\/p>\n<h2>L'esperienza dell'utente<\/h2>\n<p>Pink Video Chat offre un'interfaccia pulita, moderna e invitante. Il tema del marchio \"rosa\" crea un ambiente leggero e non intimidatorio, che si rivolge agli utenti pi\u00f9 giovani e a coloro che potrebbero sentirsi nervosi utilizzando piattaforme dall'aspetto pi\u00f9 clinico.<\/p>\n<h3>Pro<\/h3>\n<ul>\n<li>Estremamente facile da usare.<\/li>\n<li>Non \u00e8 richiesta l'iscrizione.<\/li>\n<li>Un branding divertente e leggero.<\/li>\n<li>Accesso immediato a sconosciuti in tutto il mondo.<\/li>\n<\/ul>\n<h3>Contro<\/h3>\n<ul>\n<li>Pu\u00f2 mancare di profondit\u00e0 rispetto alle app con profili e messaggistica.<\/li>\n<li>Alcuni utenti potrebbero preferire pi\u00f9 opzioni di filtraggio.<\/li>\n<li>Dipende molto dal comportamento degli utenti: la qualit\u00e0 varia.<\/li>\n<\/ul>\n<h2>Pink Video Chat vs. altre piattaforme<\/h2>\n<table>\n<thead>\n<tr>\n<th>Caratteristica<\/th>\n<th>Video chat rosa<\/th>\n<th>Omegle<\/th>\n<th>Chatroulette<\/th>\n<th>ChatHub<\/th>\n<th>Emerald Chat<\/th>\n<th>TinyChat<\/th>\n<\/tr>\n<\/thead>\n<tbody>\n<tr>\n<td>\u00c8 necessario firmare<\/td>\n<td>\u274c No<\/td>\n<td>\u274c No<\/td>\n<td>\u274c No<\/td>\n<td>\u274c No<\/td>\n<td>\u2705 S\u00ec<\/td>\n<td>\u2705 S\u00ec<\/td>\n<\/tr>\n<tr>\n<td>Video chat<\/td>\n<td>\u2705 S\u00ec<\/td>\n<td>\u2705 S\u00ec<\/td>\n<td>\u2705 S\u00ec<\/td>\n<td>\u2705 S\u00ec<\/td>\n<td>\u2705 S\u00ec<\/td>\n<td>\u2705 S\u00ec<\/td>\n<\/tr>\n<tr>\n<td>Anonimato<\/td>\n<td>Forte<\/td>\n<td>Forte<\/td>\n<td>Forte<\/td>\n<td>Moderato<\/td>\n<td>Moderato<\/td>\n<td>Debole<\/td>\n<\/tr>\n<tr>\n<td>Filtri<\/td>\n<td>\u26a0\ufe0f Limitato\/Pagato<\/td>\n<td>\u274c No<\/td>\n<td>\u2705 S\u00ec<\/td>\n<td>\u2705 S\u00ec<\/td>\n<td>\u2705 S\u00ec<\/td>\n<td>\u2705 S\u00ec<\/td>\n<\/tr>\n<tr>\n<td>Caratteristiche della comunit\u00e0<\/td>\n<td>\u274c Nessuno<\/td>\n<td>\u274c Nessuno<\/td>\n<td>\u274c Nessuno<\/td>\n<td>\u2705 Minimale<\/td>\n<td>Forte<\/td>\n<td>Forte<\/td>\n<\/tr>\n<tr>\n<td>Il migliore per<\/td>\n<td>Incontri casuali<\/td>\n<td>Divertimento casuale<\/td>\n<td>Chat veloci<\/td>\n<td>Chat filtrate<\/td>\n<td>Conversazioni pi\u00f9 profonde<\/td>\n<td>Chat di gruppo<\/td>\n<\/tr>\n<\/tbody>\n<\/table>\n<p>Sommario: Pink Video Chat \u00e8 meglio paragonato a Omegle o Chatroulette, con un tocco colorato e moderno di branding. Non cerca di essere un social network, ma si concentra esclusivamente sulle connessioni casuali uno-a-uno.<\/p>\n<h2>Sicurezza in video chat rosa<\/h2>\n<p>Come tutte le piattaforme di video chat casuali, Pink Video Chat presenta sia rischi che divertimento.<\/p>\n<h3>Strumenti di sicurezza integrati<\/h3>\n<ul>\n<li>Funzioni di segnalazione e blocco (a seconda della versione).<\/li>\n<li>Moderazione di base per individuare i contenuti inappropriati.<\/li>\n<\/ul>\n<h3>Consigli di sicurezza per gli utenti<\/h3>\n<ul>\n<li>Non condividete mai informazioni personali (indirizzo, telefono, informazioni finanziarie).<\/li>\n<li>Chiudete immediatamente le chat se qualcuno vi mette a disagio.<\/li>\n<li>Utilizzare in ambienti pubblici o sicuri.<\/li>\n<li>Considerate l'utilizzo di una VPN per una maggiore privacy.<\/li>\n<\/ul>\n<p>I genitori devono inoltre tenere presente che le piattaforme di chat video casuali possono esporre i minori a contenuti per adulti, per cui si consiglia vivamente la supervisione.<\/p>\n<h2>Suggerimenti per un'esperienza migliore<\/h2>\n<ul>\n<li>Utilizzate una buona illuminazione e un'angolazione chiara. Otterrete reazioni pi\u00f9 positive.<\/li>\n<li>Mantenete le conversazioni leggere. Le conversazioni casuali sono finalizzate al divertimento, non a dibattiti pesanti.<\/li>\n<li>Utilizzare le cuffie. Migliora la qualit\u00e0 dell'audio per entrambe le parti.<\/li>\n<li>Non esitate a saltare. Non tutte le chat sono adatte.<\/li>\n<\/ul>\n<h2>Perch\u00e9 le persone scelgono la chat video rosa<\/h2>\n<p>Con cos\u00ec tanti concorrenti, perch\u00e9 gli utenti dovrebbero scegliere Pink Video Chat? La risposta sta nella sua semplicit\u00e0 e nel suo stile.<\/p>\n<ul>\n<li>Facilit\u00e0 d'uso: Nessun account o download.<\/li>\n<li>Un branding divertente: Il rosa \u00e8 giocoso, accogliente e accessibile.<\/li>\n<li>Atmosfera informale: meno pressione rispetto alle app di incontri.<\/li>\n<li>Connessione immediata: Perfetto per brevi momenti di intrattenimento.<\/li>\n<\/ul>\n<h2>Problemi e soluzioni comuni<\/h2>\n<ol>\n<li>La fotocamera non funziona\n<ol>\n<li>Controllare le autorizzazioni del browser.<\/li>\n<li>Assicurarsi che nessun'altra applicazione stia utilizzando la fotocamera.<\/li>\n<\/ol>\n<\/li>\n<li>Impossibile trovare le corrispondenze\n<ol>\n<li>Provate nelle ore di punta per avere pi\u00f9 utenti online.<\/li>\n<li>Aggiornare il browser.<\/li>\n<\/ol>\n<\/li>\n<li>Bassa qualit\u00e0 video\n<ol>\n<li>Passare al Wi-Fi per una connessione pi\u00f9 forte.<\/li>\n<li>Chiudere le applicazioni o le schede in background.<\/li>\n<\/ol>\n<\/li>\n<\/ol>\n<p>Se siete alla ricerca di un modo veloce, gratuito e divertente per incontrare sconosciuti, Pink Video Chat offre esattamente questo. Non cerca di essere un'app di incontri, un social network o una piattaforma di chat complicata: mantiene le cose leggere e divertenti.<\/p>\n<p>Per chi ha amato Omegle e Chatroulette ma vuole qualcosa di fresco, Pink Video Chat offre un'alternativa invitante con un tocco di branding giocoso.<\/p>\n<p>In breve: Pink Video Chat \u00e8 uno strumento di connessione istantanea, informale e senza pressioni che vale la pena di provare se vi piace l'imprevedibilit\u00e0 di parlare con estranei online.<\/p>","protected":false},"excerpt":{"rendered":"<p>The world of random video chat platforms is constantly evolving. From the early days of Omegle to modern apps like ChatHub, Emerald Chat, and Monkey, people have always sought fun, unpredictable, and exciting ways to meet strangers online. Pink Video Chat is one of the newer names to enter this space, bringing with it a [&hellip;]<\/p>\n","protected":false},"author":6,"featured_media":0,"parent":0,"menu_order":0,"comment_status":"closed","ping_status":"closed","template":"","meta":{"footnotes":""},"class_list":["post-12683","page","type-page","status-publish","hentry"],"yoast_head":"<!-- This site is optimized with the Yoast SEO plugin v27.6 - https:\/\/yoast.com\/product\/yoast-seo-wordpress\/ -->\n<title>Pink Video Chat - Random Video Chat with People - TinyChat.com<\/title>\n<meta name=\"description\" content=\"Enjoying Pink Video Chat? Join over 50,000,000 strangers on TinyChat! Turn on your cam and start meeting new people, or find a match.\" \/>\n<meta name=\"robots\" content=\"index, follow, max-snippet:-1, max-image-preview:large, max-video-preview:-1\" \/>\n<link rel=\"canonical\" href=\"https:\/\/tinychat.com\/it\/pink-video-chat\/\" \/>\n<meta property=\"og:locale\" content=\"it_IT\" \/>\n<meta property=\"og:type\" content=\"article\" \/>\n<meta property=\"og:title\" content=\"Pink Video Chat - Random Video Chat with People - TinyChat.com\" \/>\n<meta property=\"og:description\" content=\"Enjoying Pink Video Chat? Join over 50,000,000 strangers on TinyChat! Turn on your cam and start meeting new people, or find a match.\" \/>\n<meta property=\"og:url\" content=\"https:\/\/tinychat.com\/it\/pink-video-chat\/\" \/>\n<meta property=\"og:site_name\" content=\"TinyChat\" \/>\n<meta property=\"article:publisher\" content=\"https:\/\/www.facebook.com\/tinychat\" \/>\n<meta property=\"article:modified_time\" content=\"2025-08-18T08:20:31+00:00\" \/>\n<meta property=\"og:image\" content=\"https:\/\/tinychat.com\/wp-content\/uploads\/2020\/04\/Tinychat-logo-1280x284-new-black.png\" \/>\n\t<meta property=\"og:image:width\" content=\"1280\" \/>\n\t<meta property=\"og:image:height\" content=\"284\" \/>\n\t<meta property=\"og:image:type\" content=\"image\/png\" \/>\n<meta name=\"twitter:card\" content=\"summary_large_image\" \/>\n<meta name=\"twitter:site\" content=\"@tinychat\" \/>\n<meta name=\"twitter:label1\" content=\"Tempo di lettura stimato\" \/>\n\t<meta name=\"twitter:data1\" content=\"5 minuti\" \/>\n<script type=\"application\/ld+json\" class=\"yoast-schema-graph\">{\"@context\":\"https:\\\/\\\/schema.org\",\"@graph\":[{\"@type\":\"WebPage\",\"@id\":\"https:\\\/\\\/tinychat.com\\\/pink-video-chat\\\/\",\"url\":\"https:\\\/\\\/tinychat.com\\\/pink-video-chat\\\/\",\"name\":\"Pink Video Chat - Random Video Chat with People - TinyChat.com\",\"isPartOf\":{\"@id\":\"https:\\\/\\\/tinychat.com\\\/#website\"},\"datePublished\":\"2025-08-18T07:35:45+00:00\",\"dateModified\":\"2025-08-18T08:20:31+00:00\",\"description\":\"Enjoying Pink Video Chat? Join over 50,000,000 strangers on TinyChat! Turn on your cam and start meeting new people, or find a match.\",\"breadcrumb\":{\"@id\":\"https:\\\/\\\/tinychat.com\\\/pink-video-chat\\\/#breadcrumb\"},\"inLanguage\":\"it-IT\",\"potentialAction\":[{\"@type\":\"ReadAction\",\"target\":[\"https:\\\/\\\/tinychat.com\\\/pink-video-chat\\\/\"]}]},{\"@type\":\"BreadcrumbList\",\"@id\":\"https:\\\/\\\/tinychat.com\\\/pink-video-chat\\\/#breadcrumb\",\"itemListElement\":[{\"@type\":\"ListItem\",\"position\":1,\"name\":\"Home\",\"item\":\"https:\\\/\\\/tinychat.com\\\/\"},{\"@type\":\"ListItem\",\"position\":2,\"name\":\"Pink Video Chat\"}]},{\"@type\":\"WebSite\",\"@id\":\"https:\\\/\\\/tinychat.com\\\/#website\",\"url\":\"https:\\\/\\\/tinychat.com\\\/\",\"name\":\"TinyChat\",\"description\":\"Random Video Chat with Strangers\",\"publisher\":{\"@id\":\"https:\\\/\\\/tinychat.com\\\/#organization\"},\"alternateName\":\"TinyChat.com\",\"potentialAction\":[{\"@type\":\"SearchAction\",\"target\":{\"@type\":\"EntryPoint\",\"urlTemplate\":\"https:\\\/\\\/tinychat.com\\\/?s={search_term_string}\"},\"query-input\":{\"@type\":\"PropertyValueSpecification\",\"valueRequired\":true,\"valueName\":\"search_term_string\"}}],\"inLanguage\":\"it-IT\"},{\"@type\":\"Organization\",\"@id\":\"https:\\\/\\\/tinychat.com\\\/#organization\",\"name\":\"TinyChat\",\"alternateName\":\"TinyChat.com\",\"url\":\"https:\\\/\\\/tinychat.com\\\/\",\"logo\":{\"@type\":\"ImageObject\",\"inLanguage\":\"it-IT\",\"@id\":\"https:\\\/\\\/tinychat.com\\\/#\\\/schema\\\/logo\\\/image\\\/\",\"url\":\"https:\\\/\\\/tinychat.com\\\/wp-content\\\/uploads\\\/2023\\\/11\\\/Tinychat-icon-square.png\",\"contentUrl\":\"https:\\\/\\\/tinychat.com\\\/wp-content\\\/uploads\\\/2023\\\/11\\\/Tinychat-icon-square.png\",\"width\":284,\"height\":284,\"caption\":\"TinyChat\"},\"image\":{\"@id\":\"https:\\\/\\\/tinychat.com\\\/#\\\/schema\\\/logo\\\/image\\\/\"},\"sameAs\":[\"https:\\\/\\\/www.facebook.com\\\/tinychat\",\"https:\\\/\\\/x.com\\\/tinychat\"]}]}<\/script>\n<!-- \/ Yoast SEO plugin. -->","yoast_head_json":{"title":"Pink Video Chat - Videochat casuale con persone - TinyChat.com","description":"Ti piace la Video Chat Rosa? Unisciti a oltre 50.000.000 di sconosciuti su TinyChat! Accendi la tua cam e inizia a conoscere nuove persone o a trovare un partner.","robots":{"index":"index","follow":"follow","max-snippet":"max-snippet:-1","max-image-preview":"max-image-preview:large","max-video-preview":"max-video-preview:-1"},"canonical":"https:\/\/tinychat.com\/it\/pink-video-chat\/","og_locale":"it_IT","og_type":"article","og_title":"Pink Video Chat - Random Video Chat with People - TinyChat.com","og_description":"Enjoying Pink Video Chat? Join over 50,000,000 strangers on TinyChat! Turn on your cam and start meeting new people, or find a match.","og_url":"https:\/\/tinychat.com\/it\/pink-video-chat\/","og_site_name":"TinyChat","article_publisher":"https:\/\/www.facebook.com\/tinychat","article_modified_time":"2025-08-18T08:20:31+00:00","og_image":[{"width":1280,"height":284,"url":"https:\/\/tinychat.com\/wp-content\/uploads\/2020\/04\/Tinychat-logo-1280x284-new-black.png","type":"image\/png"}],"twitter_card":"summary_large_image","twitter_site":"@tinychat","twitter_misc":{"Tempo di lettura stimato":"5 minuti"},"schema":{"@context":"https:\/\/schema.org","@graph":[{"@type":"WebPage","@id":"https:\/\/tinychat.com\/pink-video-chat\/","url":"https:\/\/tinychat.com\/pink-video-chat\/","name":"Pink Video Chat - Videochat casuale con persone - TinyChat.com","isPartOf":{"@id":"https:\/\/tinychat.com\/#website"},"datePublished":"2025-08-18T07:35:45+00:00","dateModified":"2025-08-18T08:20:31+00:00","description":"Ti piace la Video Chat Rosa? Unisciti a oltre 50.000.000 di sconosciuti su TinyChat! Accendi la tua cam e inizia a conoscere nuove persone o a trovare un partner.","breadcrumb":{"@id":"https:\/\/tinychat.com\/pink-video-chat\/#breadcrumb"},"inLanguage":"it-IT","potentialAction":[{"@type":"ReadAction","target":["https:\/\/tinychat.com\/pink-video-chat\/"]}]},{"@type":"BreadcrumbList","@id":"https:\/\/tinychat.com\/pink-video-chat\/#breadcrumb","itemListElement":[{"@type":"ListItem","position":1,"name":"Home","item":"https:\/\/tinychat.com\/"},{"@type":"ListItem","position":2,"name":"Pink Video Chat"}]},{"@type":"WebSite","@id":"https:\/\/tinychat.com\/#website","url":"https:\/\/tinychat.com\/","name":"TinyChat","description":"Videochat casuale con sconosciuti","publisher":{"@id":"https:\/\/tinychat.com\/#organization"},"alternateName":"TinyChat.com","potentialAction":[{"@type":"SearchAction","target":{"@type":"EntryPoint","urlTemplate":"https:\/\/tinychat.com\/?s={search_term_string}"},"query-input":{"@type":"PropertyValueSpecification","valueRequired":true,"valueName":"search_term_string"}}],"inLanguage":"it-IT"},{"@type":"Organization","@id":"https:\/\/tinychat.com\/#organization","name":"TinyChat","alternateName":"TinyChat.com","url":"https:\/\/tinychat.com\/","logo":{"@type":"ImageObject","inLanguage":"it-IT","@id":"https:\/\/tinychat.com\/#\/schema\/logo\/image\/","url":"https:\/\/tinychat.com\/wp-content\/uploads\/2023\/11\/Tinychat-icon-square.png","contentUrl":"https:\/\/tinychat.com\/wp-content\/uploads\/2023\/11\/Tinychat-icon-square.png","width":284,"height":284,"caption":"TinyChat"},"image":{"@id":"https:\/\/tinychat.com\/#\/schema\/logo\/image\/"},"sameAs":["https:\/\/www.facebook.com\/tinychat","https:\/\/x.com\/tinychat"]}]}},"_links":{"self":[{"href":"https:\/\/tinychat.com\/it\/wp-json\/wp\/v2\/pages\/12683","targetHints":{"allow":["GET"]}}],"collection":[{"href":"https:\/\/tinychat.com\/it\/wp-json\/wp\/v2\/pages"}],"about":[{"href":"https:\/\/tinychat.com\/it\/wp-json\/wp\/v2\/types\/page"}],"author":[{"embeddable":true,"href":"https:\/\/tinychat.com\/it\/wp-json\/wp\/v2\/users\/6"}],"replies":[{"embeddable":true,"href":"https:\/\/tinychat.com\/it\/wp-json\/wp\/v2\/comments?post=12683"}],"version-history":[{"count":3,"href":"https:\/\/tinychat.com\/it\/wp-json\/wp\/v2\/pages\/12683\/revisions"}],"predecessor-version":[{"id":13461,"href":"https:\/\/tinychat.com\/it\/wp-json\/wp\/v2\/pages\/12683\/revisions\/13461"}],"wp:attachment":[{"href":"https:\/\/tinychat.com\/it\/wp-json\/wp\/v2\/media?parent=12683"}],"curies":[{"name":"wp","href":"https:\/\/api.w.org\/{rel}","templated":true}]}}