{"id":12700,"date":"2025-07-21T11:15:10","date_gmt":"2025-07-21T09:15:10","guid":{"rendered":"https:\/\/tinychat.com\/?page_id=12700"},"modified":"2025-07-21T12:49:57","modified_gmt":"2025-07-21T10:49:57","slug":"omegla","status":"publish","type":"page","link":"https:\/\/tinychat.com\/it\/omegla\/","title":{"rendered":"Omegla"},"content":{"rendered":"<p>La fine di Omegle ha segnato la fine di un'era digitale, ma ha anche aperto le porte a una nuova generazione di connessioni spontanee e globali. Ecco Omegla: un'alternativa fresca, moderna e sicura, progettata per far rivivere a milioni di utenti il brivido della chat video casuale. Se siete alla ricerca di una piattaforma che catturi lo spirito di Omegle, ma con una sicurezza pi\u00f9 intelligente, funzioni migliori e una comunit\u00e0 vivace, Omegla \u00e8 la vostra nuova destinazione.<\/p>\n<p>Che siate qui per fare amicizia, esplorare nuove culture, praticare una lingua, trovare una storia d'amore o semplicemente rompere la noia, l'interfaccia semplice di Omegla, le connessioni veloci e i forti controlli sulla privacy ne fanno il nuovo punto di riferimento per incontrare sconosciuti online.<\/p>\n<p>Questa guida approfondita copre tutto ci\u00f2 che c'\u00e8 da sapere su Omegla: cos'\u00e8, come funziona, le sue caratteristiche principali, l'esperienza dell'utente, la sicurezza, il confronto con altri siti di chat, la risoluzione dei problemi e i consigli dei professionisti per aiutarvi a ottenere il massimo da ogni conversazione.<\/p>\n<h2>Che cos'\u00e8 Omegla?<\/h2>\n<p>Omegla \u00e8 una piattaforma di video chat gratuita e casuale che connette istantaneamente gli utenti per conversazioni in webcam uno a uno con sconosciuti in tutto il mondo. Lanciata come alternativa di nuova generazione a Omegle, Omegla si \u00e8 rapidamente costruita una reputazione per il suo approccio veloce e senza iscrizione e per le sue caratteristiche di sicurezza aggiornate.<\/p>\n<p>A differenza dei social network o delle app di incontri, Omegla punta tutto sulla spontaneit\u00e0: ogni chat \u00e8 un nuovo inizio, senza un profilo da mantenere e senza una storia che vi trattenga. Basta cliccare su \"Inizia\", attivare la fotocamera e il microfono e in pochi secondi si viene abbinati a una nuova persona.<\/p>\n<p>La filosofia di Omegla \u00e8 semplice: riportare la magia dell'Omegle originale, ma renderla pi\u00f9 sicura, pulita e divertente per tutti.<\/p>\n<h2>Caratteristiche principali di Omegla<\/h2>\n<p>Omegla offre tutto ci\u00f2 che gli utenti amavano dell'Omegle e molto di pi\u00f9:<\/p>\n<h3>1. Video chat istantanea con un solo clic<\/h3>\n<p>Nessuna iscrizione. Nessun profilo. Nessun ritardo. Basta visitare Omegla, concedere l'accesso alla telecamera\/microfono e trovarsi faccia a faccia con un estraneo da qualsiasi parte del mondo.<\/p>\n<h3>2. Modalit\u00e0 testo e video<\/h3>\n<p>Preferite tenere la fotocamera spenta? Omegla offre sia la chat di solo testo che la chat video completa, dandovi il controllo totale sulla vostra privacy e sulle modalit\u00e0 di connessione.<\/p>\n<h3>3. Filtri per genere e Paese<\/h3>\n<p>Cercate una chat pi\u00f9 personalizzata? Utilizzate i filtri di Omegla per sesso e regione (alcune funzioni possono essere premium) per connettervi con uomini, donne o utenti di un paese specifico.<\/p>\n<h3>4. Pulsante \"Avanti\" per saltare senza soluzione di continuit\u00e0<\/h3>\n<p>Se una conversazione non \u00e8 di vostro gradimento, basta cliccare su \"Avanti\" per abbinarvi immediatamente a un'altra persona. Non ci sono attese imbarazzanti, ma solo pura, ininterrotta serendipit\u00e0.<\/p>\n<h3>5. Nessuna registrazione richiesta<\/h3>\n<p>Non \u00e8 necessario creare un account o condividere alcun dato personale. Omegla \u00e8 progettato per garantire il massimo anonimato e il minimo attrito.<\/p>\n<h3>6. Ambiente sicuro e moderato<\/h3>\n<p>Omegla incorpora una moderazione avanzata, che comprende:<\/p>\n<ul>\n<li>Monitoraggio automatico dell'intelligenza artificiale per nudit\u00e0 e abusi<\/li>\n<li>Funzioni di segnalazione e blocco degli utenti<\/li>\n<li>Moderatori in diretta 24\/7 per rispondere rapidamente ai problemi<\/li>\n<\/ul>\n<h3>7. Assistenza mobile e desktop<\/h3>\n<p>Omegla funziona nel browser su qualsiasi dispositivo: telefono, tablet o computer. L'interfaccia si adatta senza problemi, in modo da poter chattare ovunque e in qualsiasi momento.<\/p>\n<h3>8. Effetti video divertenti (in arrivo)<\/h3>\n<p>Omegla sta sviluppando effetti video e maschere AR per aiutare gli utenti a rompere il ghiaccio ed esprimersi, rendendo le conversazioni pi\u00f9 leggere e coinvolgenti.<\/p>\n<h2>Come utilizzare Omegla<\/h2>\n<p>Omegla rende la chat video casuale il pi\u00f9 semplice possibile. Ecco come iniziare in pochi secondi:<\/p>\n<h3>Passo 1: Visitare il sito web di Omegla<\/h3>\n<p>Aprite il vostro browser e andate su omegla.com o sul dominio Omegla della vostra regione.<\/p>\n<h3>Fase 2: Scegliere la chat video o di testo<\/h3>\n<p>Scegliete se volete una chat video (abilitando la telecamera\/microfono) o una chat di solo testo. Entrambe sono anonime e gratuite.<\/p>\n<h3>Passo 3: concessione dei permessi<\/h3>\n<p>Consentire al browser di accedere alla webcam e al microfono se si effettua una videochiamata.<\/p>\n<h3>Fase 4: fare clic su \"Avvia\" o \"Connetti\".<\/h3>\n<p>In pochi secondi sarete abbinati a uno sconosciuto a caso. Iniziate la vostra conversazione, da un semplice saluto a una vera e propria discussione.<\/p>\n<h3>Fase 5: Utilizzare \"Avanti\" per saltare<\/h3>\n<p>Siete pronti per una nuova persona? Cliccate su \"Avanti\" e Omegla vi trover\u00e0 immediatamente un altro partner di chat.<\/p>\n<h3>Passo 6: Impostazione dei filtri (facoltativo)<\/h3>\n<p>Se si desidera incontrare persone in base al sesso o alla localit\u00e0, utilizzare le opzioni di filtro. Alcune potrebbero richiedere un aggiornamento o una registrazione.<\/p>\n<h3>Fase 7: rimanere al sicuro<\/h3>\n<p>Familiarizzare con i pulsanti di segnalazione\/blocco e con le linee guida della chat di Omegla.<\/p>\n<h2>L'esperienza utente di Omegla<\/h2>\n<p>Omegla pone la velocit\u00e0, la semplicit\u00e0 e la sicurezza al centro della sua piattaforma. Ecco cosa amano gli utenti e gli esperti:<\/p>\n<h3>Cosa distingue Omegla<\/h3>\n<ul>\n<li>Non \u00e8 necessaria alcuna registrazione: Chiacchierate all'istante, in totale anonimato.<\/li>\n<li>Partite velocissime: Carico o tempi di inattivit\u00e0 minimi.<\/li>\n<li>Modalit\u00e0 di chat flessibili: Video o testo, a scelta.<\/li>\n<li>Portata globale: Connettetevi con utenti di tutti i continenti.<\/li>\n<li>Moderazione avanzata: Ambiente pi\u00f9 pulito e sicuro rispetto al classico Omegle.<\/li>\n<li>Interfaccia facile da usare: Il design semplice e moderno funziona su tutti i dispositivi.<\/li>\n<\/ul>\n<h3>Cosa amano gli utenti<\/h3>\n<ul>\n<li>\"Inizia a chattare in 10 secondi: nessuna iscrizione, nessuna e-mail, nessun problema\".<\/li>\n<li>\"Una moderazione migliore di Omegle. Mi sento pi\u00f9 sicuro qui\".<\/li>\n<li>\"Il filtro paese \u00e8 fantastico per praticare le lingue\".<\/li>\n<li>\"Funziona sul mio telefono e sul mio computer portatile. Facile da usare, design pulito\".<\/li>\n<\/ul>\n<h3>Dove Omegla pu\u00f2 migliorare<\/h3>\n<ul>\n<li>I filtri per genere\/paese possono richiedere un aggiornamento premium<\/li>\n<li>Come tutte le app di chat casuali, ci sono ancora troll occasionali (rapidamente bannati se segnalati).<\/li>\n<li>Nessuna funzione di community o chat di gruppo (in arrivo)<\/li>\n<li>Pu\u00f2 creare dipendenza: \u00e8 facile perdere la cognizione del tempo.<\/li>\n<\/ul>\n<h2>Omegla vs. Omegle e altre alternative<\/h2>\n<p>Come si colloca Omegla rispetto alle maggiori piattaforme di chat?<\/p>\n<table>\n<thead>\n<tr>\n<th>Caratteristica<\/th>\n<th>Omegla<\/th>\n<th>Omegle<\/th>\n<th>Chatroulette<\/th>\n<th>Chatrandom<\/th>\n<th>Funyo<\/th>\n<th>HOLLA<\/th>\n<th>LivU<\/th>\n<\/tr>\n<\/thead>\n<tbody>\n<tr>\n<td>Non \u00e8 necessario iscriversi<\/td>\n<td>\u2705 S\u00ec<\/td>\n<td>\u2705 S\u00ec<\/td>\n<td>\u2705 S\u00ec<\/td>\n<td>\u2705 S\u00ec<\/td>\n<td>\u2705 S\u00ec<\/td>\n<td>\u2705 S\u00ec<\/td>\n<td>\u2705 S\u00ec<\/td>\n<\/tr>\n<tr>\n<td>Chat video e di testo<\/td>\n<td>Entrambi<\/td>\n<td>Entrambi<\/td>\n<td>Entrambi<\/td>\n<td>Entrambi<\/td>\n<td>Entrambi<\/td>\n<td>Entrambi<\/td>\n<td>Entrambi<\/td>\n<\/tr>\n<tr>\n<td>Filtro di genere<\/td>\n<td>\u2705 S\u00ec*<\/td>\n<td>\u274c No<\/td>\n<td>\u274c No<\/td>\n<td>\u2705 S\u00ec<\/td>\n<td>\u2705 S\u00ec<\/td>\n<td>\u2705 S\u00ec<\/td>\n<td>\u2705 S\u00ec<\/td>\n<\/tr>\n<tr>\n<td>Filtro Paese<\/td>\n<td>\u2705 S\u00ec*<\/td>\n<td>\u2705 S\u00ec<\/td>\n<td>\u2705 S\u00ec<\/td>\n<td>\u2705 S\u00ec<\/td>\n<td>\u2705 S\u00ec<\/td>\n<td>\u2705 S\u00ec<\/td>\n<td>\u2705 S\u00ec<\/td>\n<\/tr>\n<tr>\n<td>Facile da usare per i dispositivi mobili<\/td>\n<td>\u2705 S\u00ec<\/td>\n<td>\u26a0\ufe0f Misto<\/td>\n<td>\u2705 S\u00ec<\/td>\n<td>\u2705 S\u00ec<\/td>\n<td>\u2705 S\u00ec<\/td>\n<td>\u2705 S\u00ec<\/td>\n<td>\u2705 S\u00ec<\/td>\n<\/tr>\n<tr>\n<td>Moderazione\/Sicurezza<\/td>\n<td>Forte<\/td>\n<td>\u26a0\ufe0f Limited<\/td>\n<td>\u26a0\ufe0f Limited<\/td>\n<td>Moderato<\/td>\n<td>\u2705 S\u00ec<\/td>\n<td>Forte<\/td>\n<td>Forte<\/td>\n<\/tr>\n<tr>\n<td>Effetti video dal vivo<\/td>\n<td>\ud83d\udd52 Presto<\/td>\n<td>\u274c No<\/td>\n<td>\u274c No<\/td>\n<td>\u274c No<\/td>\n<td>\u274c No<\/td>\n<td>\u2705 S\u00ec<\/td>\n<td>\u2705 S\u00ec<\/td>\n<\/tr>\n<tr>\n<td>Sistema di amicizie\/incontri<\/td>\n<td>\u274c No<\/td>\n<td>\u274c No<\/td>\n<td>\u274c No<\/td>\n<td>\u2705 S\u00ec<\/td>\n<td>\u2705 S\u00ec<\/td>\n<td>\u2705 S\u00ec<\/td>\n<td>\u2705 S\u00ec<\/td>\n<\/tr>\n<\/tbody>\n<\/table>\n<p>*Alcuni filtri avanzati possono richiedere un piano a pagamento o una registrazione.<\/p>\n<p>Sintesi: Omegla \u00e8 l'aggiornamento ideale per chi amava Omegle: offre le stesse connessioni istantanee e anonime, ma con una moderazione molto migliore, controlli sulla privacy e un design mobile-friendly.<\/p>\n<h2>Omegla \u00e8 sicuro?<\/h2>\n<p>Omegla \u00e8 stato progettato tenendo conto della sicurezza, imparando dalle insidie del suo predecessore e costruendo una comunit\u00e0 pi\u00f9 forte:<\/p>\n<h3>Caratteristiche di sicurezza<\/h3>\n<ul>\n<li>La moderazione AI in tempo reale analizza la presenza di nudit\u00e0 e abusi<\/li>\n<li>I moderatori umani esaminano gli utenti e i contenuti segnalati<\/li>\n<li>I pulsanti di segnalazione e blocco sono sempre visibili in chat<\/li>\n<li>Regole severe della comunit\u00e0: non sono tollerati bullismo, razzismo o attivit\u00e0 illegali.<\/li>\n<li>Non sono richieste informazioni personali o iscrizioni<\/li>\n<li>Le chat sono private e temporanee, non viene salvata la cronologia.<\/li>\n<\/ul>\n<h3>Consigli di sicurezza per gli utenti<\/h3>\n<ul>\n<li>Non condividete mai il vostro vero nome, le informazioni di contatto, l'indirizzo o i dettagli finanziari.<\/li>\n<li>Chiudete immediatamente la chat se qualcuno \u00e8 inappropriato: segnalatelo e bloccatelo.<\/li>\n<li>Non cliccate su link sconosciuti e non accettate file da sconosciuti.<\/li>\n<li>Usate un nickname se vi viene chiesto il nome: non rivelate mai la vostra identit\u00e0 a meno che non vi fidiate della persona e non vi spostiate dalla piattaforma.<\/li>\n<li>Tenete presente che tutte le chat video sono private, ma praticate la sicurezza online come fareste in pubblico.<\/li>\n<\/ul>\n<h2>Consigli per ottenere il massimo da Omegla<\/h2>\n<ul>\n<li>Iniziate ogni chat con un saluto amichevole: La maggior parte degli utenti risponde bene a un saluto caloroso.<\/li>\n<li>Non perdete tempo con i cattivi incontri: Usate \"Next\" per mantenere le cose divertenti e positive.<\/li>\n<li>Provate a cambiare le ore del giorno: La base di utenti cambia; le notti e i fine settimana tendono a essere pi\u00f9 affollati.<\/li>\n<li>Praticare le lingue: Utilizzate i filtri per paese per trovare partner per lo scambio linguistico.<\/li>\n<li>Segnalate e bloccate liberamente: Contribuite a mantenere la comunit\u00e0 pulita per tutti.<\/li>\n<li>Chattare ovunque: Omegla funziona perfettamente su cellulare: utilizzate il Wi-Fi per ottenere la migliore qualit\u00e0.<\/li>\n<li>Prova le funzioni in arrivo: Nuovi effetti video e maschere AR sono in arrivo: usali per rompere il ghiaccio!<\/li>\n<\/ul>\n<h2>Risoluzione dei problemi comuni di Omegla<\/h2>\n<h3>La fotocamera o il microfono non funzionano<\/h3>\n<p>Assicurarsi che le autorizzazioni del browser siano concesse, chiudere le altre applicazioni che utilizzano la fotocamera, riavviare il browser o il dispositivo e riprovare.<\/p>\n<h3>Cadute o ritardi di connessione<\/h3>\n<p>Utilizzate una connessione Internet veloce e stabile (preferibilmente Wi-Fi), chiudete le schede\/app che consumano molta banda e controllate il router se i problemi persistono.<\/p>\n<h3>Impossibile accedere ai filtri di genere o paese<\/h3>\n<p>Questi potrebbero richiedere un aggiornamento a pagamento; controllate la sezione premium del sito per i dettagli.<\/p>\n<h3>Incontro con utenti inadeguati<\/h3>\n<p>Cliccate immediatamente su blocca e segnala: il team di moderazione \u00e8 veloce e proattivo.<\/p>\n<h3>Il video non si carica<\/h3>\n<p>Aggiornare la pagina, provare un altro browser o verificare che il dispositivo supporti la chat video.<\/p>\n<p>Assolutamente s\u00ec, soprattutto se vi manca il vecchio Omegle e volete un'esperienza pi\u00f9 sicura, pulita e moderna. Omegla combina tutto ci\u00f2 che ha reso leggendario Omegle - la pura chat casuale, la vera connessione umana e la sorpresa - con una necessaria attenzione alla moderazione, alla privacy e al comfort degli utenti.<\/p>\n<p>Nessuna registrazione, nessun profilo, solo chat istantanea con video o testo. Se state cercando amici, partner linguistici, storie d'amore o semplicemente volete vedere cosa c'\u00e8 l\u00e0 fuori, Omegla vi mette il mondo a portata di mano.<\/p>\n<p>Pronti per iniziare?<br \/>\nVisitate il sito omegla.com, cliccate su \"Start\" e tuffatevi: la vostra prossima grande conversazione potrebbe essere a pochi secondi di distanza.<\/p>","protected":false},"excerpt":{"rendered":"<p>The end of Omegle marked the close of a digital era\u2014but it also opened the door to a new generation of spontaneous, global connections. Enter Omegla: a fresh, modern, and safe alternative designed to bring the thrill of random video chat back to life for millions of users. If you\u2019ve been searching for a platform [&hellip;]<\/p>\n","protected":false},"author":6,"featured_media":0,"parent":0,"menu_order":0,"comment_status":"closed","ping_status":"closed","template":"","meta":{"footnotes":""},"class_list":["post-12700","page","type-page","status-publish","hentry"],"yoast_head":"<!-- This site is optimized with the Yoast SEO plugin v27.4 - https:\/\/yoast.com\/product\/yoast-seo-wordpress\/ -->\n<title>Omegla - The New Omegle: Talk to Strangers - TinyChat.com<\/title>\n<meta name=\"description\" content=\"Enjoying Omegla? Join over 50,000,000 strangers on TinyChat! Turn on your cam and start meeting new people, or find a match.\" \/>\n<meta name=\"robots\" content=\"index, follow, max-snippet:-1, max-image-preview:large, max-video-preview:-1\" \/>\n<link rel=\"canonical\" href=\"https:\/\/tinychat.com\/it\/omegla\/\" \/>\n<meta property=\"og:locale\" content=\"it_IT\" \/>\n<meta property=\"og:type\" content=\"article\" \/>\n<meta property=\"og:title\" content=\"Omegla - The New Omegle: Talk to Strangers - TinyChat.com\" \/>\n<meta property=\"og:description\" content=\"Enjoying Omegla? Join over 50,000,000 strangers on TinyChat! Turn on your cam and start meeting new people, or find a match.\" \/>\n<meta property=\"og:url\" content=\"https:\/\/tinychat.com\/it\/omegla\/\" \/>\n<meta property=\"og:site_name\" content=\"TinyChat\" \/>\n<meta property=\"article:publisher\" content=\"https:\/\/www.facebook.com\/tinychat\" \/>\n<meta property=\"article:modified_time\" content=\"2025-07-21T10:49:57+00:00\" \/>\n<meta property=\"og:image\" content=\"https:\/\/tinychat.com\/wp-content\/uploads\/2020\/04\/Tinychat-logo-1280x284-new-black.png\" \/>\n\t<meta property=\"og:image:width\" content=\"1280\" \/>\n\t<meta property=\"og:image:height\" content=\"284\" \/>\n\t<meta property=\"og:image:type\" content=\"image\/png\" \/>\n<meta name=\"twitter:card\" content=\"summary_large_image\" \/>\n<meta name=\"twitter:site\" content=\"@tinychat\" \/>\n<meta name=\"twitter:label1\" content=\"Tempo di lettura stimato\" \/>\n\t<meta name=\"twitter:data1\" content=\"7 minuti\" \/>\n<script type=\"application\/ld+json\" class=\"yoast-schema-graph\">{\"@context\":\"https:\\\/\\\/schema.org\",\"@graph\":[{\"@type\":\"WebPage\",\"@id\":\"https:\\\/\\\/tinychat.com\\\/omegla\\\/\",\"url\":\"https:\\\/\\\/tinychat.com\\\/omegla\\\/\",\"name\":\"Omegla - The New Omegle: Talk to Strangers - TinyChat.com\",\"isPartOf\":{\"@id\":\"https:\\\/\\\/tinychat.com\\\/#website\"},\"datePublished\":\"2025-07-21T09:15:10+00:00\",\"dateModified\":\"2025-07-21T10:49:57+00:00\",\"description\":\"Enjoying Omegla? Join over 50,000,000 strangers on TinyChat! Turn on your cam and start meeting new people, or find a match.\",\"breadcrumb\":{\"@id\":\"https:\\\/\\\/tinychat.com\\\/omegla\\\/#breadcrumb\"},\"inLanguage\":\"it-IT\",\"potentialAction\":[{\"@type\":\"ReadAction\",\"target\":[\"https:\\\/\\\/tinychat.com\\\/omegla\\\/\"]}]},{\"@type\":\"BreadcrumbList\",\"@id\":\"https:\\\/\\\/tinychat.com\\\/omegla\\\/#breadcrumb\",\"itemListElement\":[{\"@type\":\"ListItem\",\"position\":1,\"name\":\"Home\",\"item\":\"https:\\\/\\\/tinychat.com\\\/\"},{\"@type\":\"ListItem\",\"position\":2,\"name\":\"Omegla\"}]},{\"@type\":\"WebSite\",\"@id\":\"https:\\\/\\\/tinychat.com\\\/#website\",\"url\":\"https:\\\/\\\/tinychat.com\\\/\",\"name\":\"TinyChat\",\"description\":\"Random Video Chat with Strangers\",\"publisher\":{\"@id\":\"https:\\\/\\\/tinychat.com\\\/#organization\"},\"alternateName\":\"TinyChat.com\",\"potentialAction\":[{\"@type\":\"SearchAction\",\"target\":{\"@type\":\"EntryPoint\",\"urlTemplate\":\"https:\\\/\\\/tinychat.com\\\/?s={search_term_string}\"},\"query-input\":{\"@type\":\"PropertyValueSpecification\",\"valueRequired\":true,\"valueName\":\"search_term_string\"}}],\"inLanguage\":\"it-IT\"},{\"@type\":\"Organization\",\"@id\":\"https:\\\/\\\/tinychat.com\\\/#organization\",\"name\":\"TinyChat\",\"alternateName\":\"TinyChat.com\",\"url\":\"https:\\\/\\\/tinychat.com\\\/\",\"logo\":{\"@type\":\"ImageObject\",\"inLanguage\":\"it-IT\",\"@id\":\"https:\\\/\\\/tinychat.com\\\/#\\\/schema\\\/logo\\\/image\\\/\",\"url\":\"https:\\\/\\\/tinychat.com\\\/wp-content\\\/uploads\\\/2023\\\/11\\\/Tinychat-icon-square.png\",\"contentUrl\":\"https:\\\/\\\/tinychat.com\\\/wp-content\\\/uploads\\\/2023\\\/11\\\/Tinychat-icon-square.png\",\"width\":284,\"height\":284,\"caption\":\"TinyChat\"},\"image\":{\"@id\":\"https:\\\/\\\/tinychat.com\\\/#\\\/schema\\\/logo\\\/image\\\/\"},\"sameAs\":[\"https:\\\/\\\/www.facebook.com\\\/tinychat\",\"https:\\\/\\\/x.com\\\/tinychat\"]}]}<\/script>\n<!-- \/ Yoast SEO plugin. -->","yoast_head_json":{"title":"Omegla - Il nuovo Omegle: parlare con gli sconosciuti - TinyChat.com","description":"Ti piace Omegla? Unisciti a oltre 50.000.000 di sconosciuti su TinyChat! Accendi la tua cam e inizia a conoscere nuove persone o a trovare un partner.","robots":{"index":"index","follow":"follow","max-snippet":"max-snippet:-1","max-image-preview":"max-image-preview:large","max-video-preview":"max-video-preview:-1"},"canonical":"https:\/\/tinychat.com\/it\/omegla\/","og_locale":"it_IT","og_type":"article","og_title":"Omegla - The New Omegle: Talk to Strangers - TinyChat.com","og_description":"Enjoying Omegla? Join over 50,000,000 strangers on TinyChat! Turn on your cam and start meeting new people, or find a match.","og_url":"https:\/\/tinychat.com\/it\/omegla\/","og_site_name":"TinyChat","article_publisher":"https:\/\/www.facebook.com\/tinychat","article_modified_time":"2025-07-21T10:49:57+00:00","og_image":[{"width":1280,"height":284,"url":"https:\/\/tinychat.com\/wp-content\/uploads\/2020\/04\/Tinychat-logo-1280x284-new-black.png","type":"image\/png"}],"twitter_card":"summary_large_image","twitter_site":"@tinychat","twitter_misc":{"Tempo di lettura stimato":"7 minuti"},"schema":{"@context":"https:\/\/schema.org","@graph":[{"@type":"WebPage","@id":"https:\/\/tinychat.com\/omegla\/","url":"https:\/\/tinychat.com\/omegla\/","name":"Omegla - Il nuovo Omegle: parlare con gli sconosciuti - TinyChat.com","isPartOf":{"@id":"https:\/\/tinychat.com\/#website"},"datePublished":"2025-07-21T09:15:10+00:00","dateModified":"2025-07-21T10:49:57+00:00","description":"Ti piace Omegla? Unisciti a oltre 50.000.000 di sconosciuti su TinyChat! Accendi la tua cam e inizia a conoscere nuove persone o a trovare un partner.","breadcrumb":{"@id":"https:\/\/tinychat.com\/omegla\/#breadcrumb"},"inLanguage":"it-IT","potentialAction":[{"@type":"ReadAction","target":["https:\/\/tinychat.com\/omegla\/"]}]},{"@type":"BreadcrumbList","@id":"https:\/\/tinychat.com\/omegla\/#breadcrumb","itemListElement":[{"@type":"ListItem","position":1,"name":"Home","item":"https:\/\/tinychat.com\/"},{"@type":"ListItem","position":2,"name":"Omegla"}]},{"@type":"WebSite","@id":"https:\/\/tinychat.com\/#website","url":"https:\/\/tinychat.com\/","name":"TinyChat","description":"Videochat casuale con sconosciuti","publisher":{"@id":"https:\/\/tinychat.com\/#organization"},"alternateName":"TinyChat.com","potentialAction":[{"@type":"SearchAction","target":{"@type":"EntryPoint","urlTemplate":"https:\/\/tinychat.com\/?s={search_term_string}"},"query-input":{"@type":"PropertyValueSpecification","valueRequired":true,"valueName":"search_term_string"}}],"inLanguage":"it-IT"},{"@type":"Organization","@id":"https:\/\/tinychat.com\/#organization","name":"TinyChat","alternateName":"TinyChat.com","url":"https:\/\/tinychat.com\/","logo":{"@type":"ImageObject","inLanguage":"it-IT","@id":"https:\/\/tinychat.com\/#\/schema\/logo\/image\/","url":"https:\/\/tinychat.com\/wp-content\/uploads\/2023\/11\/Tinychat-icon-square.png","contentUrl":"https:\/\/tinychat.com\/wp-content\/uploads\/2023\/11\/Tinychat-icon-square.png","width":284,"height":284,"caption":"TinyChat"},"image":{"@id":"https:\/\/tinychat.com\/#\/schema\/logo\/image\/"},"sameAs":["https:\/\/www.facebook.com\/tinychat","https:\/\/x.com\/tinychat"]}]}},"_links":{"self":[{"href":"https:\/\/tinychat.com\/it\/wp-json\/wp\/v2\/pages\/12700","targetHints":{"allow":["GET"]}}],"collection":[{"href":"https:\/\/tinychat.com\/it\/wp-json\/wp\/v2\/pages"}],"about":[{"href":"https:\/\/tinychat.com\/it\/wp-json\/wp\/v2\/types\/page"}],"author":[{"embeddable":true,"href":"https:\/\/tinychat.com\/it\/wp-json\/wp\/v2\/users\/6"}],"replies":[{"embeddable":true,"href":"https:\/\/tinychat.com\/it\/wp-json\/wp\/v2\/comments?post=12700"}],"version-history":[{"count":3,"href":"https:\/\/tinychat.com\/it\/wp-json\/wp\/v2\/pages\/12700\/revisions"}],"predecessor-version":[{"id":13343,"href":"https:\/\/tinychat.com\/it\/wp-json\/wp\/v2\/pages\/12700\/revisions\/13343"}],"wp:attachment":[{"href":"https:\/\/tinychat.com\/it\/wp-json\/wp\/v2\/media?parent=12700"}],"curies":[{"name":"wp","href":"https:\/\/api.w.org\/{rel}","templated":true}]}}