{"id":12712,"date":"2025-08-27T08:51:13","date_gmt":"2025-08-27T06:51:13","guid":{"rendered":"https:\/\/tinychat.com\/?page_id=12712"},"modified":"2025-08-27T09:28:35","modified_gmt":"2025-08-27T07:28:35","slug":"xmegle","status":"publish","type":"page","link":"https:\/\/tinychat.com\/it\/xmegle\/","title":{"rendered":"Xmegle"},"content":{"rendered":"<p>Internet \u00e8 sempre stato un luogo in cui la curiosit\u00e0 incontra la connessione. Dalle prime chatroom alle piattaforme di video chat di oggi, le persone sono state attratte dal brivido di incontrare qualcuno di nuovo, completamente a caso. Tra le piattaforme che continuano questa tradizione, Xmegle \u00e8 emerso come un'alternativa fresca: un sito che cattura la spontaneit\u00e0 e la semplicit\u00e0 della classica videochat casuale, offrendo al contempo un design pi\u00f9 moderno e un'esperienza pi\u00f9 fluida.<\/p>\n<p>Per molti, Xmegle \u00e8 un luogo dove rilassarsi, esplorare culture diverse, praticare le lingue o semplicemente passare il tempo con sconosciuti di tutto il mondo. Il sito elimina le complessit\u00e0 dei social media e degli incontri online, concentrandosi invece sull'emozione principale: una vera conversazione con qualcuno che non si \u00e8 mai incontrato prima.<\/p>\n<p>In questa recensione dettagliata, analizzeremo cos'\u00e8 l'Xmegle, le sue caratteristiche, il suo funzionamento, l'esperienza d'uso e il confronto con altre piattaforme, oltre a suggerimenti, risoluzione dei problemi e consigli di sicurezza per sfruttarlo al meglio.<\/p>\n<h2>Che cos'\u00e8 l'Xmegle?<\/h2>\n<p>Xmegle \u00e8 una piattaforma di video chat casuale progettata per mettere istantaneamente in contatto sconosciuti per conversazioni a tu per tu. L'idea \u00e8 semplice: si clicca su \"Start\", si attivano la videocamera e il microfono e in pochi secondi ci si trova faccia a faccia con qualcuno da qualsiasi parte del mondo.<\/p>\n<p>A differenza dei tradizionali siti di social networking, Xmegle non si basa su:<\/p>\n<ul>\n<li>Lunghi processi di iscrizione.<\/li>\n<li>Profili dettagliati.<\/li>\n<li>Algoritmi pre-corrispondenti.<\/li>\n<\/ul>\n<p>Al contrario, si appoggia all'eccitazione della casualit\u00e0. Ogni chat \u00e8 diversa e non si sa mai chi si incontrer\u00e0 dopo. Questa imprevedibilit\u00e0 \u00e8 il cuore di ci\u00f2 che rende attraenti piattaforme come Xmegle.<\/p>\n<p>Inoltre, sottolinea l'anonimato. Non \u00e8 necessario rivelare il proprio nome, la propria posizione o i propri dati personali. Questa libert\u00e0 incoraggia conversazioni naturali, in cui le persone possono semplicemente parlare senza pressioni.<\/p>\n<h2>Caratteristiche principali di Xmegle<\/h2>\n<p>L'Xmegle pu\u00f2 sembrare minimale all'apparenza, ma contiene l'essenziale necessario per una chat video casuale fluida e piacevole.<\/p>\n<h3>1. Chat video casuale istantanea<\/h3>\n<ul>\n<li>Non \u00e8 necessario alcun account: basta un clic per iniziare.<\/li>\n<li>Le corrispondenze avvengono in pochi secondi con tempi di inattivit\u00e0 minimi.<\/li>\n<li>Possibilit\u00e0 di saltare istantaneamente se una conversazione non funziona.<\/li>\n<li>Incoraggia le interazioni naturali e a bassa pressione.<\/li>\n<\/ul>\n<h3>2. Base di utenti globale<\/h3>\n<ul>\n<li>Connettersi con persone provenienti da diversi Paesi e contesti.<\/li>\n<li>Lo scambio culturale \u00e8 una grande attrattiva: gli utenti si collegano spesso per conoscere gli altri.<\/li>\n<li>I fusi orari influenzano la disponibilit\u00e0 degli utenti, rendendo pi\u00f9 vivaci le ore di punta.<\/li>\n<\/ul>\n<h3>3. Integrazione di testo e video<\/h3>\n<ul>\n<li>Passare facilmente dalla chat via webcam ai messaggi di testo.<\/li>\n<li>La chat di testo \u00e8 utile se l'audio \u00e8 instabile o se si desidera un'introduzione pi\u00f9 leggera.<\/li>\n<li>Alcuni utenti preferiscono iniziare a digitare prima di mostrare il feed video.<\/li>\n<\/ul>\n<h3>4. Anonimato e privacy<\/h3>\n<ul>\n<li>Nessun profilo, nessun account, nessun dato permanente.<\/li>\n<li>Le chat sono temporanee e scompaiono una volta lasciate.<\/li>\n<li>Gli utenti possono decidere quanto o quanto poco rivelare.<\/li>\n<\/ul>\n<h3>5. Design compatibile con i dispositivi mobili<\/h3>\n<ul>\n<li>Ottimizzato per i browser mobili e per quelli desktop.<\/li>\n<li>Non \u00e8 necessaria un'app, basta visitare il sito web.<\/li>\n<li>Facile da usare anche sui dispositivi pi\u00f9 lenti.<\/li>\n<\/ul>\n<h3>6. Semplicit\u00e0 pi\u00f9 che complessit\u00e0<\/h3>\n<ul>\n<li>Xmegle non include giochi, feed sociali o creazione di profili.<\/li>\n<li>Mantiene l'attenzione su ci\u00f2 che le persone desiderano di pi\u00f9: conversazioni rapide e reali.<\/li>\n<\/ul>\n<h2>Come utilizzare Xmegle<\/h2>\n<p>Iniziare a lavorare su Xmegle richiede meno di un minuto.<\/p>\n<h3>Passo 1: visitare il sito web<\/h3>\n<ul>\n<li>Aprite Xmegle sul vostro browser desktop o mobile.<\/li>\n<\/ul>\n<h3>Passo 2: Abilitare i permessi<\/h3>\n<ul>\n<li>Consentire l'accesso alla telecamera e al microfono per la chat video.<\/li>\n<\/ul>\n<h3>Passo 3: fare clic su Avvio<\/h3>\n<ul>\n<li>Ottenere immediatamente l'accoppiamento con un estraneo a caso.<\/li>\n<\/ul>\n<h3>Fase 4: Conversare o saltare<\/h3>\n<ul>\n<li>Restate a parlare se vi piace la conversazione.<\/li>\n<li>Oppure premere \"Avanti\" per passare a un altro utente.<\/li>\n<\/ul>\n<h3>Fase 5: ripetere<\/h3>\n<ul>\n<li>Continuate a connettervi per tutto il tempo che volete, non c'\u00e8 limite.<\/li>\n<\/ul>\n<p>Questo stile \"drop-in, drop-out\" \u00e8 ci\u00f2 che rende l'Xmegle accessibile a chiunque, sia che abbiate cinque minuti a disposizione o un'intera serata.<\/p>\n<h2>Esperienza utente su Xmegle<\/h2>\n<p>Xmegle \u00e8 costruito intorno all'idea di interazioni veloci e senza attrito.<\/p>\n<h3>Cosa amano gli utenti<\/h3>\n<ul>\n<li>Corrispondenza immediata senza login.<\/li>\n<li>L'anonimato, che riduce la pressione.<\/li>\n<li>Interfaccia semplice, senza distrazioni.<\/li>\n<li>Libert\u00e0 di saltare rapidamente se la chat non funziona.<\/li>\n<li>Navigazione mobile-friendly per chattare in movimento.<\/li>\n<\/ul>\n<h3>Cosa gli utenti trovano limitante<\/h3>\n<ul>\n<li>Nessun filtro avanzato (come sesso o localit\u00e0) per impostazione predefinita.<\/li>\n<li>Nessuna opzione di \"amicizia\" o di riconnessione se si perde una buona chat.<\/li>\n<li>La casualit\u00e0 significa che potreste incontrare persone che non sono adatte a voi.<\/li>\n<li>Pool di utenti pi\u00f9 piccolo rispetto a giganti come Omegle.<\/li>\n<\/ul>\n<p>Tuttavia, la maggior parte degli utenti apprezza l'approccio \"back-to-basics\" di Xmegle, che sembra pi\u00f9 vicino al divertimento puro che ha reso popolare la chat casuale.<\/p>\n<h2>Xmegle vs. altre piattaforme di chat video casuali<\/h2>\n<p>Come si colloca la Xmegle rispetto ad altre piattaforme note?<\/p>\n<table>\n<thead>\n<tr>\n<th>Caratteristica<\/th>\n<th>Xmegle<\/th>\n<th>Omegle<\/th>\n<th>Chatroulette<\/th>\n<th>ChatHub<\/th>\n<th>Emerald Chat<\/th>\n<th>Scimmia<\/th>\n<\/tr>\n<\/thead>\n<tbody>\n<tr>\n<td>Video chat istantanea<\/td>\n<td>\u2705 S\u00ec<\/td>\n<td>\u2705 S\u00ec<\/td>\n<td>\u2705 S\u00ec<\/td>\n<td>\u2705 S\u00ec<\/td>\n<td>\u2705 S\u00ec<\/td>\n<td>\u2705 S\u00ec<\/td>\n<\/tr>\n<tr>\n<td>Opzione chat di testo<\/td>\n<td>\u2705 S\u00ec<\/td>\n<td>\u2705 S\u00ec<\/td>\n<td>\u2705 S\u00ec<\/td>\n<td>\u2705 S\u00ec<\/td>\n<td>\u2705 S\u00ec<\/td>\n<td>\u2705 S\u00ec<\/td>\n<\/tr>\n<tr>\n<td>Anonimato<\/td>\n<td>Forte<\/td>\n<td>Forte<\/td>\n<td>Forte<\/td>\n<td>Moderato<\/td>\n<td>Moderato<\/td>\n<td>\u26a0\ufe0f Limited<\/td>\n<\/tr>\n<tr>\n<td>Filtri (Genere\/Localizzazione)<\/td>\n<td>\u274c No<\/td>\n<td>\u274c No<\/td>\n<td>Limitato<\/td>\n<td>\u2705 S\u00ec<\/td>\n<td>\u2705 S\u00ec<\/td>\n<td>\u2705 S\u00ec<\/td>\n<\/tr>\n<tr>\n<td>Sistema Friend\/Follow<\/td>\n<td>\u274c No<\/td>\n<td>\u274c No<\/td>\n<td>\u274c No<\/td>\n<td>\u2705 S\u00ec<\/td>\n<td>\u2705 S\u00ec<\/td>\n<td>\u2705 S\u00ec<\/td>\n<\/tr>\n<tr>\n<td>Mobile Friendly<\/td>\n<td>\u2705 S\u00ec<\/td>\n<td>\u2705 S\u00ec<\/td>\n<td>\u2705 S\u00ec<\/td>\n<td>\u2705 S\u00ec<\/td>\n<td>\u2705 S\u00ec<\/td>\n<td>\u2705 S\u00ec<\/td>\n<\/tr>\n<tr>\n<td>Caratteristiche extra<\/td>\n<td>\u274c Minimale<\/td>\n<td>\u274c Minimale<\/td>\n<td>\u274c Minimale<\/td>\n<td>Forte<\/td>\n<td>Forte<\/td>\n<td>Forte<\/td>\n<\/tr>\n<\/tbody>\n<\/table>\n<p>Sintesi: Xmegle si rivolge a chi apprezza la velocit\u00e0, la privacy e la semplicit\u00e0 rispetto ai componenti aggiuntivi. Se volete filtri, liste di amici o un ambiente pi\u00f9 orientato alla comunit\u00e0, piattaforme come Emerald Chat o ChatHub possono essere migliori. Ma se volete una chat istantanea e pura, Xmegle ve la offre.<\/p>\n<h2>Xmegle \u00e8 sicuro?<\/h2>\n<p>La sicurezza \u00e8 una preoccupazione comune a tutte le piattaforme di chat video casuali. Xmegle offre un anonimato di base, ma non registra n\u00e9 richiede account. Questo vi d\u00e0 libert\u00e0, ma significa anche che dovete esercitare il buon senso.<\/p>\n<h3>Sicurezza integrata<\/h3>\n<ul>\n<li>Anonimato di default.<\/li>\n<li>Tasto Skip per uscire immediatamente dalle chat scomode.<\/li>\n<li>Conversazioni temporanee: nulla viene memorizzato pubblicamente.<\/li>\n<\/ul>\n<h3>Consigli di sicurezza per gli utenti<\/h3>\n<ul>\n<li>Non condividete mai i vostri dati personali (nome e cognome, indirizzo, numero di telefono, informazioni finanziarie).<\/li>\n<li>Chiudete le chat che vi mettono a disagio.<\/li>\n<li>Utilizzare in un ambiente sicuro e riservato.<\/li>\n<li>I genitori dovrebbero monitorare attentamente gli utenti pi\u00f9 giovani.<\/li>\n<li>Considerate l'utilizzo di una VPN per una maggiore privacy.<\/li>\n<\/ul>\n<h2>Suggerimenti per ottenere il massimo da Xmegle<\/h2>\n<p>Per massimizzare la vostra esperienza:<\/p>\n<ul>\n<li>Esplorate la variet\u00e0 globale: Abbracciate la casualit\u00e0: non cercate sempre le corrispondenze locali.<\/li>\n<li>Prova nelle ore di punta: L'attivit\u00e0 varia; la sera e il fine settimana gli utenti sono pi\u00f9 numerosi.<\/li>\n<li>Usate una buona illuminazione: Un video chiaro migliora la prima impressione.<\/li>\n<li>Mantenete le conversazioni leggere: Le persone rispondono meglio all'umorismo e agli argomenti informali.<\/li>\n<li>Usate liberamente il salto: Non tutte le corrispondenze sono adatte: andate avanti finch\u00e9 non ne trovate una.<\/li>\n<li>Utilizzare le cuffie: Migliore qualit\u00e0 audio per entrambe le parti.<\/li>\n<\/ul>\n<h2>Problemi e soluzioni comuni<\/h2>\n<h3>La fotocamera o il microfono non funzionano<\/h3>\n<ul>\n<li>Controllare le autorizzazioni del browser.<\/li>\n<li>Assicurarsi che nessun'altra applicazione stia utilizzando la fotocamera.<\/li>\n<li>Riavviare il browser o il dispositivo.<\/li>\n<\/ul>\n<h3>Nessuna corrispondenza trovata<\/h3>\n<ul>\n<li>Aggiornare la pagina.<\/li>\n<li>Provate in orari diversi (ore di punta).<\/li>\n<\/ul>\n<h3>Scarsa qualit\u00e0 video<\/h3>\n<ul>\n<li>Utilizzate il Wi-Fi invece dei dati mobili.<\/li>\n<li>Chiudere le altre applicazioni che utilizzano la larghezza di banda.<\/li>\n<\/ul>\n<h3>Incontrare un comportamento negativo<\/h3>\n<ul>\n<li>Saltare immediatamente.<\/li>\n<li>Se disponibile, segnalare l'utente.<\/li>\n<\/ul>\n<h2>Perch\u00e9 le persone scelgono Xmegle<\/h2>\n<p>Con cos\u00ec tanti concorrenti, cosa rende interessante l'Xmegle?<\/p>\n<ul>\n<li>\u00c8 veloce. Nessun conto, nessun modulo, solo una chat istantanea.<\/li>\n<li>\u00c8 anonimo. Perfetto per le interazioni a bassa pressione.<\/li>\n<li>\u00c8 moderno. Il design pulito e il supporto mobile lo rendono facile da usare.<\/li>\n<li>\u00c8 semplice. Mantiene l'attenzione sulle persone, non sulle caratteristiche.<\/li>\n<\/ul>\n<p>Per molti si tratta di una reincarnazione moderna dell'Omegle, ma con un look pi\u00f9 fresco e un'esperienza pi\u00f9 fluida.<\/p>\n<p>Se siete alla ricerca di un'esperienza di video chat puramente casuale, facile, anonima e accessibile, Xmegle \u00e8 assolutamente da provare. Non ha tutte le caratteristiche delle piattaforme pi\u00f9 avanzate, ma \u00e8 proprio questo il suo punto di forza: \u00e8 minimalista e semplice, pensata per chi vuole semplicemente connettersi.<\/p>\n<p>Che siate in vena di una risata veloce, di un interessante scambio culturale o semplicemente di passare un po' di tempo, Xmegle offre l'emozione dell'imprevedibilit\u00e0 che la chat casuale ha sempre rappresentato.<\/p>\n<p>In breve: Xmegle \u00e8 un'alternativa veloce, moderna e semplice che cattura il cuore della chat video casuale mantenendo l'esperienza pulita e facile da usare.<\/p>\n<p>Pronti per iniziare? Visitate il sito Xmegle, cliccate su \"Inizia\" e scoprite chi incontrerete.<\/p>","protected":false},"excerpt":{"rendered":"<p>The internet has always been a place where curiosity meets connection. From early chatrooms to today\u2019s video chat platforms, people have been drawn to the thrill of meeting someone new, completely at random. Among the platforms that continue this tradition, Xmegle has emerged as a fresh alternative\u2014a site that captures the spontaneity and simplicity of [&hellip;]<\/p>\n","protected":false},"author":6,"featured_media":0,"parent":0,"menu_order":0,"comment_status":"closed","ping_status":"closed","template":"","meta":{"footnotes":""},"class_list":["post-12712","page","type-page","status-publish","hentry"],"yoast_head":"<!-- This site is optimized with the Yoast SEO plugin v27.3 - https:\/\/yoast.com\/product\/yoast-seo-wordpress\/ -->\n<title>Xmegle - Live Video Chat With Girls - TinyChat.com<\/title>\n<meta name=\"description\" content=\"Enjoying Xmegle? Join over 50,000,000 strangers on TinyChat! Turn on your cam and start meeting new people, or find a match.\" \/>\n<meta name=\"robots\" content=\"index, follow, max-snippet:-1, max-image-preview:large, max-video-preview:-1\" \/>\n<link rel=\"canonical\" href=\"https:\/\/tinychat.com\/it\/xmegle\/\" \/>\n<meta property=\"og:locale\" content=\"it_IT\" \/>\n<meta property=\"og:type\" content=\"article\" \/>\n<meta property=\"og:title\" content=\"Xmegle - Live Video Chat With Girls - TinyChat.com\" \/>\n<meta property=\"og:description\" content=\"Enjoying Xmegle? Join over 50,000,000 strangers on TinyChat! Turn on your cam and start meeting new people, or find a match.\" \/>\n<meta property=\"og:url\" content=\"https:\/\/tinychat.com\/it\/xmegle\/\" \/>\n<meta property=\"og:site_name\" content=\"TinyChat\" \/>\n<meta property=\"article:publisher\" content=\"https:\/\/www.facebook.com\/tinychat\" \/>\n<meta property=\"article:modified_time\" content=\"2025-08-27T07:28:35+00:00\" \/>\n<meta property=\"og:image\" content=\"https:\/\/tinychat.com\/wp-content\/uploads\/2020\/04\/Tinychat-logo-1280x284-new-black.png\" \/>\n\t<meta property=\"og:image:width\" content=\"1280\" \/>\n\t<meta property=\"og:image:height\" content=\"284\" \/>\n\t<meta property=\"og:image:type\" content=\"image\/png\" \/>\n<meta name=\"twitter:card\" content=\"summary_large_image\" \/>\n<meta name=\"twitter:site\" content=\"@tinychat\" \/>\n<meta name=\"twitter:label1\" content=\"Tempo di lettura stimato\" \/>\n\t<meta name=\"twitter:data1\" content=\"6 minuti\" \/>\n<script type=\"application\/ld+json\" class=\"yoast-schema-graph\">{\"@context\":\"https:\\\/\\\/schema.org\",\"@graph\":[{\"@type\":\"WebPage\",\"@id\":\"https:\\\/\\\/tinychat.com\\\/xmegle\\\/\",\"url\":\"https:\\\/\\\/tinychat.com\\\/xmegle\\\/\",\"name\":\"Xmegle - Live Video Chat With Girls - TinyChat.com\",\"isPartOf\":{\"@id\":\"https:\\\/\\\/tinychat.com\\\/#website\"},\"datePublished\":\"2025-08-27T06:51:13+00:00\",\"dateModified\":\"2025-08-27T07:28:35+00:00\",\"description\":\"Enjoying Xmegle? Join over 50,000,000 strangers on TinyChat! Turn on your cam and start meeting new people, or find a match.\",\"breadcrumb\":{\"@id\":\"https:\\\/\\\/tinychat.com\\\/xmegle\\\/#breadcrumb\"},\"inLanguage\":\"it-IT\",\"potentialAction\":[{\"@type\":\"ReadAction\",\"target\":[\"https:\\\/\\\/tinychat.com\\\/xmegle\\\/\"]}]},{\"@type\":\"BreadcrumbList\",\"@id\":\"https:\\\/\\\/tinychat.com\\\/xmegle\\\/#breadcrumb\",\"itemListElement\":[{\"@type\":\"ListItem\",\"position\":1,\"name\":\"Home\",\"item\":\"https:\\\/\\\/tinychat.com\\\/\"},{\"@type\":\"ListItem\",\"position\":2,\"name\":\"Xmegle\"}]},{\"@type\":\"WebSite\",\"@id\":\"https:\\\/\\\/tinychat.com\\\/#website\",\"url\":\"https:\\\/\\\/tinychat.com\\\/\",\"name\":\"TinyChat\",\"description\":\"Random Video Chat with Strangers\",\"publisher\":{\"@id\":\"https:\\\/\\\/tinychat.com\\\/#organization\"},\"alternateName\":\"TinyChat.com\",\"potentialAction\":[{\"@type\":\"SearchAction\",\"target\":{\"@type\":\"EntryPoint\",\"urlTemplate\":\"https:\\\/\\\/tinychat.com\\\/?s={search_term_string}\"},\"query-input\":{\"@type\":\"PropertyValueSpecification\",\"valueRequired\":true,\"valueName\":\"search_term_string\"}}],\"inLanguage\":\"it-IT\"},{\"@type\":\"Organization\",\"@id\":\"https:\\\/\\\/tinychat.com\\\/#organization\",\"name\":\"TinyChat\",\"alternateName\":\"TinyChat.com\",\"url\":\"https:\\\/\\\/tinychat.com\\\/\",\"logo\":{\"@type\":\"ImageObject\",\"inLanguage\":\"it-IT\",\"@id\":\"https:\\\/\\\/tinychat.com\\\/#\\\/schema\\\/logo\\\/image\\\/\",\"url\":\"https:\\\/\\\/tinychat.com\\\/wp-content\\\/uploads\\\/2023\\\/11\\\/Tinychat-icon-square.png\",\"contentUrl\":\"https:\\\/\\\/tinychat.com\\\/wp-content\\\/uploads\\\/2023\\\/11\\\/Tinychat-icon-square.png\",\"width\":284,\"height\":284,\"caption\":\"TinyChat\"},\"image\":{\"@id\":\"https:\\\/\\\/tinychat.com\\\/#\\\/schema\\\/logo\\\/image\\\/\"},\"sameAs\":[\"https:\\\/\\\/www.facebook.com\\\/tinychat\",\"https:\\\/\\\/x.com\\\/tinychat\"]}]}<\/script>\n<!-- \/ Yoast SEO plugin. -->","yoast_head_json":{"title":"Xmegle - Video Chat in diretta con ragazze - TinyChat.com","description":"Ti piace Xmegle? Unisciti a oltre 50.000.000 di sconosciuti su TinyChat! Accendi la tua cam e inizia a conoscere nuove persone o a trovare un partner.","robots":{"index":"index","follow":"follow","max-snippet":"max-snippet:-1","max-image-preview":"max-image-preview:large","max-video-preview":"max-video-preview:-1"},"canonical":"https:\/\/tinychat.com\/it\/xmegle\/","og_locale":"it_IT","og_type":"article","og_title":"Xmegle - Live Video Chat With Girls - TinyChat.com","og_description":"Enjoying Xmegle? Join over 50,000,000 strangers on TinyChat! Turn on your cam and start meeting new people, or find a match.","og_url":"https:\/\/tinychat.com\/it\/xmegle\/","og_site_name":"TinyChat","article_publisher":"https:\/\/www.facebook.com\/tinychat","article_modified_time":"2025-08-27T07:28:35+00:00","og_image":[{"width":1280,"height":284,"url":"https:\/\/tinychat.com\/wp-content\/uploads\/2020\/04\/Tinychat-logo-1280x284-new-black.png","type":"image\/png"}],"twitter_card":"summary_large_image","twitter_site":"@tinychat","twitter_misc":{"Tempo di lettura stimato":"6 minuti"},"schema":{"@context":"https:\/\/schema.org","@graph":[{"@type":"WebPage","@id":"https:\/\/tinychat.com\/xmegle\/","url":"https:\/\/tinychat.com\/xmegle\/","name":"Xmegle - Video Chat in diretta con ragazze - TinyChat.com","isPartOf":{"@id":"https:\/\/tinychat.com\/#website"},"datePublished":"2025-08-27T06:51:13+00:00","dateModified":"2025-08-27T07:28:35+00:00","description":"Ti piace Xmegle? Unisciti a oltre 50.000.000 di sconosciuti su TinyChat! Accendi la tua cam e inizia a conoscere nuove persone o a trovare un partner.","breadcrumb":{"@id":"https:\/\/tinychat.com\/xmegle\/#breadcrumb"},"inLanguage":"it-IT","potentialAction":[{"@type":"ReadAction","target":["https:\/\/tinychat.com\/xmegle\/"]}]},{"@type":"BreadcrumbList","@id":"https:\/\/tinychat.com\/xmegle\/#breadcrumb","itemListElement":[{"@type":"ListItem","position":1,"name":"Home","item":"https:\/\/tinychat.com\/"},{"@type":"ListItem","position":2,"name":"Xmegle"}]},{"@type":"WebSite","@id":"https:\/\/tinychat.com\/#website","url":"https:\/\/tinychat.com\/","name":"TinyChat","description":"Videochat casuale con sconosciuti","publisher":{"@id":"https:\/\/tinychat.com\/#organization"},"alternateName":"TinyChat.com","potentialAction":[{"@type":"SearchAction","target":{"@type":"EntryPoint","urlTemplate":"https:\/\/tinychat.com\/?s={search_term_string}"},"query-input":{"@type":"PropertyValueSpecification","valueRequired":true,"valueName":"search_term_string"}}],"inLanguage":"it-IT"},{"@type":"Organization","@id":"https:\/\/tinychat.com\/#organization","name":"TinyChat","alternateName":"TinyChat.com","url":"https:\/\/tinychat.com\/","logo":{"@type":"ImageObject","inLanguage":"it-IT","@id":"https:\/\/tinychat.com\/#\/schema\/logo\/image\/","url":"https:\/\/tinychat.com\/wp-content\/uploads\/2023\/11\/Tinychat-icon-square.png","contentUrl":"https:\/\/tinychat.com\/wp-content\/uploads\/2023\/11\/Tinychat-icon-square.png","width":284,"height":284,"caption":"TinyChat"},"image":{"@id":"https:\/\/tinychat.com\/#\/schema\/logo\/image\/"},"sameAs":["https:\/\/www.facebook.com\/tinychat","https:\/\/x.com\/tinychat"]}]}},"_links":{"self":[{"href":"https:\/\/tinychat.com\/it\/wp-json\/wp\/v2\/pages\/12712","targetHints":{"allow":["GET"]}}],"collection":[{"href":"https:\/\/tinychat.com\/it\/wp-json\/wp\/v2\/pages"}],"about":[{"href":"https:\/\/tinychat.com\/it\/wp-json\/wp\/v2\/types\/page"}],"author":[{"embeddable":true,"href":"https:\/\/tinychat.com\/it\/wp-json\/wp\/v2\/users\/6"}],"replies":[{"embeddable":true,"href":"https:\/\/tinychat.com\/it\/wp-json\/wp\/v2\/comments?post=12712"}],"version-history":[{"count":5,"href":"https:\/\/tinychat.com\/it\/wp-json\/wp\/v2\/pages\/12712\/revisions"}],"predecessor-version":[{"id":13473,"href":"https:\/\/tinychat.com\/it\/wp-json\/wp\/v2\/pages\/12712\/revisions\/13473"}],"wp:attachment":[{"href":"https:\/\/tinychat.com\/it\/wp-json\/wp\/v2\/media?parent=12712"}],"curies":[{"name":"wp","href":"https:\/\/api.w.org\/{rel}","templated":true}]}}