{"id":12722,"date":"2025-03-12T09:12:05","date_gmt":"2025-03-12T07:12:05","guid":{"rendered":"https:\/\/tinychat.com\/?page_id=12722"},"modified":"2025-07-03T12:26:51","modified_gmt":"2025-07-03T10:26:51","slug":"anonymous-chat","status":"publish","type":"page","link":"https:\/\/tinychat.com\/it\/anonymous-chat\/","title":{"rendered":"Chat anonima"},"content":{"rendered":"<p>In un mondo in cui tutti sembrano condividere tutto online, non sorprende che sempre pi\u00f9 persone cerchino piattaforme di chat anonime. A volte si vuole semplicemente parlare senza condividere il proprio nome, preoccuparsi della propria immagine o lasciare una traccia digitale che ci segua per sempre. \u00c8 qui che entra in gioco la chat anonima: offre uno spazio sicuro e privato per essere se stessi, senza etichette, profili o aspettative.<\/p>\n<p>Se avete bisogno di sfogarvi, chiedere consigli, condividere segreti o semplicemente avere una conversazione divertente e senza pressioni, le chat room anonime vi permettono di fare tutto questo. E la parte migliore? Potete connettervi con chiunque, ovunque, all'istante.<\/p>\n<h2>Che cos'\u00e8 la chat anonima?<\/h2>\n<p>La chat anonima \u00e8 una conversazione online in cui la vostra identit\u00e0 reale non viene rivelata. Non dovete usare il vostro vero nome, la vostra foto o qualsiasi altra informazione personale. La maggior parte delle piattaforme consente di iscriversi con un semplice nickname, o anche senza. \u00c8 come indossare una maschera digitale: siete voi a decidere cosa condividere e cosa mantenere privato.<\/p>\n<p>La chat anonima \u00e8 disponibile in diverse varianti:<\/p>\n<ul>\n<li>Chattare in modo anonimo con sconosciuti: Incontrare persone da tutto il mondo, senza alcun impegno o pressione.<\/li>\n<li>Stanze di chat anonime: Partecipate a stanze tematiche basate su argomenti, interessi o semplicemente per un ritrovo generale.<\/li>\n<li>Chat anonima gratuita: Nessun costo, nessuna registrazione, solo connessione istantanea.<\/li>\n<li>Chat anonima casuale: Abbinatevi a un utente totalmente casuale per una conversazione spontanea.<\/li>\n<\/ul>\n<h2>Perch\u00e9 le persone usano la chat anonima?<\/h2>\n<p>Ognuno ha le sue ragioni! Alcuni dei pi\u00f9 comuni sono:<\/p>\n<ul>\n<li>Privacy: Condividete pensieri, sentimenti o domande che non osereste pubblicare sui social media.<\/li>\n<li>Libert\u00e0: Parlare di qualsiasi cosa, senza giudizi e senza aspettative.<\/li>\n<li>Supporto: Cercare aiuto per problemi personali, di salute mentale o per domande difficili, senza rivelare la propria identit\u00e0.<\/li>\n<li>Curiosit\u00e0: Incontrare persone provenienti da paesi, ambienti o stili di vita diversi.<\/li>\n<li>Divertimento: Godetevi le chiacchierate sciocche, profonde o addirittura flirtanti solo per il gusto di farlo.<\/li>\n<\/ul>\n<p>\"Mi piace la chat anonima perch\u00e9 posso essere me stessa: nessuna pressione, nessuna finzione, solo una conversazione reale\".<\/p>\n<p>\"\u00c8 ottimo per i consigli. A volte vuoi essere aiutato da qualcuno che non ti conosce nella vita reale\".<\/p>\n<h2>Come funziona la chat anonima?<\/h2>\n<p>La maggior parte delle piattaforme di chat anonima mantiene la massima semplicit\u00e0:<\/p>\n<ol>\n<li>Andate su un sito web di chat anonima gratuita o scaricate un'applicazione.<\/li>\n<li>Scegliete un nickname (o iscrivetevi semplicemente come \"ospite\").<\/li>\n<li>Unitevi a una stanza o accoppiatevi in modo casuale.<\/li>\n<li>Iniziare a chattare: testo, audio e talvolta video (sempre facoltativo).<\/li>\n<li>Lasciate o cambiate chat quando volete, senza vincoli o imbarazzi.<\/li>\n<\/ol>\n<p>Alcuni siti hanno chat room a tema (come \"confessioni\", \"consigli\", \"incontri\", \"adolescenti\" o \"LGBTQ+\"), mentre altri sono semplici incontri casuali uno contro uno. Il punto \u00e8 che si ha sempre il controllo di quanto si condivide.<\/p>\n<h2>Le migliori piattaforme per la chat anonima<\/h2>\n<p>Cercate i posti migliori per provare le chat anonime? Ecco alcuni dei preferiti:<\/p>\n<ul>\n<li>Omegle: l'originale chat anonima casuale, video o testo, senza registrazione.<\/li>\n<li>Chatroulette: video chat istantanea e anonima con sconosciuti in tutto il mondo.<\/li>\n<li>Chatous: collegatevi per interessi o hashtag, senza bisogno di nomi reali.<\/li>\n<li>AnonChat, AntiChat, Y99: chat anonime basate sul testo, molti utenti globali e spazi tematici.<\/li>\n<li>Sussurro, 7 Coppe: Pi\u00f9 incentrato su confessioni, supporto e consigli, il tutto nel pi\u00f9 completo anonimato.<\/li>\n<li>Discord (server anonimi): Crea o unisciti a server in cui i nomi utente e i DM privati proteggono la tua identit\u00e0.<\/li>\n<\/ul>\n<p>Provatene alcuni per trovare lo stile e la comunit\u00e0 che pi\u00f9 vi si addice.<\/p>\n<h2>Chat anonima vs. altre chat online<\/h2>\n<table>\n<thead>\n<tr>\n<th>Caratteristica<\/th>\n<th>Chat anonima<\/th>\n<th>Media sociali<\/th>\n<th>App di incontri<\/th>\n<th>Forum di gruppo<\/th>\n<\/tr>\n<\/thead>\n<tbody>\n<tr>\n<td>Non \u00e8 richiesto il nome reale<\/td>\n<td>\u2705<\/td>\n<td>\u274c<\/td>\n<td>\u274c<\/td>\n<td>\u2705<\/td>\n<\/tr>\n<tr>\n<td>Non \u00e8 necessario un profilo<\/td>\n<td>\u2705<\/td>\n<td>\u274c<\/td>\n<td>\u274c<\/td>\n<td>\u2705<\/td>\n<\/tr>\n<tr>\n<td>Corrispondenza casuale<\/td>\n<td>\u2705<\/td>\n<td>\u274c<\/td>\n<td>\u274c<\/td>\n<td>\u274c<\/td>\n<\/tr>\n<tr>\n<td>Sale tematiche<\/td>\n<td>\u2705<\/td>\n<td>\u2705<\/td>\n<td>\u2705<\/td>\n<td>\u2705<\/td>\n<\/tr>\n<tr>\n<td>Utilizzo gratuito<\/td>\n<td>\u2705<\/td>\n<td>\u2705<\/td>\n<td>\u2705\/\u274c<\/td>\n<td>\u2705<\/td>\n<\/tr>\n<tr>\n<td>Saltare\/lasciare in qualsiasi momento<\/td>\n<td>\u2705<\/td>\n<td>\u274c<\/td>\n<td>\u274c<\/td>\n<td>\u2705<\/td>\n<\/tr>\n<\/tbody>\n<\/table>\n<p>La chat anonima \u00e8 la migliore per la privacy, la spontaneit\u00e0 e le conversazioni senza pressioni.<\/p>\n<h2>Vantaggi dell'utilizzo di chat room anonime<\/h2>\n<ul>\n<li>Conversazioni sincere: Si pu\u00f2 chiedere ci\u00f2 che si vuole veramente chiedere o dire ci\u00f2 che si prova veramente.<\/li>\n<li>Nessun bagaglio: Non c'\u00e8 una \"storia\" sociale, quindi potete essere chiunque vogliate in quel momento.<\/li>\n<li>Empatia e sostegno: Le persone si aprono di pi\u00f9, il che porta ad aiuti e consigli genuini.<\/li>\n<li>Diversit\u00e0: Parlerete con persone che non incontrereste mai nella vostra vita normale.<\/li>\n<li>Impegno ridotto: Rimanere per cinque minuti o cinque ore: non c'\u00e8 mai pressione.<\/li>\n<\/ul>\n<h2>Come rimanere al sicuro nelle chat anonime<\/h2>\n<p>Anche con l'anonimato, \u00e8 bene essere prudenti:<\/p>\n<ul>\n<li>Non condividete mai nomi, indirizzi o informazioni di contatto reali.<\/li>\n<li>Utilizzate un nickname unico, non legato alla vostra identit\u00e0 online.<\/li>\n<li>Se qualcuno vi mette a disagio, andate via o bloccate immediatamente.<\/li>\n<li>Siate scettici nei confronti di link e richieste di informazioni personali o foto.<\/li>\n<li>Se una chat diventa negativa o abusiva, segnalatela: la maggior parte delle piattaforme dispone di strumenti di segnalazione rapida.<\/li>\n<\/ul>\n<p>Ricordate che l'anonimato vi protegge, ma solo se lo usate con saggezza.<\/p>\n<h2>Chi usa la chat anonima?<\/h2>\n<p>Tutti! Alcuni utenti comuni sono:<\/p>\n<ul>\n<li>Adolescenti e giovani adulti in cerca di spazi sicuri per parlare o esplorare<\/li>\n<li>Persone che stanno lottando con la salute mentale o con cambiamenti di vita, alla ricerca di un supporto anonimo<\/li>\n<li>Single che desiderano flirtare o uscire con qualcuno senza esporsi pubblicamente<\/li>\n<li>Chi \u00e8 curioso di conoscere altre culture, stili di vita o opinioni<\/li>\n<li>Nottambuli annoiati che vogliono solo parlare con qualcuno di nuovo<\/li>\n<\/ul>\n<p>Le chat anonime attirano persone da tutto il mondo, rendendo ogni conversazione unica.<\/p>\n<h2>Quando provare la chat anonima?<\/h2>\n<ul>\n<li>Quando si vuole parlare apertamente, senza paura del giudizio<\/li>\n<li>Se vi sentite soli, ansiosi o annoiati<\/li>\n<li>Quando avete bisogno di un consiglio da parte di qualcuno con una prospettiva nuova<\/li>\n<li>Per esplorare nuove amicizie o legami flirtanti in modo sicuro<\/li>\n<li>Quando si vuole solo una conversazione vera, senza pressioni, senza vincoli.<\/li>\n<\/ul>\n<h2>Consigli per ottenere il massimo dalla chat anonima<\/h2>\n<ul>\n<li>Siate aperti: aspettatevi personalit\u00e0, et\u00e0 e background diversi.<\/li>\n<li>Rispettare i limiti e la privacy degli altri.<\/li>\n<li>Non abbiate paura di chiudere una chat se non \u00e8 di vostro gradimento.<\/li>\n<li>Se avete bisogno di sostegno, cercate locali o utenti specializzati in consulenza o salute mentale.<\/li>\n<li>Per ottenere le conversazioni pi\u00f9 interessanti, \u00e8 possibile variare i momenti della giornata o le piattaforme.<\/li>\n<\/ul>\n<h2>Usi comuni delle chat room anonime<\/h2>\n<ul>\n<li>Confessioni: Condividere segreti, sfogarsi o ammettere cose che non si direbbero mai in pubblico.<\/li>\n<li>Consigli: Ottenere un feedback reale e imparziale sulla propria vita, sulle proprie relazioni o sui propri problemi.<\/li>\n<li>Flirt o incontri: Vedere se si \u00e8 in sintonia con qualcuno, senza le foto del profilo e le biografie.<\/li>\n<li>Pratica linguistica: Provate a chiacchierare in un'altra lingua senza pressione.<\/li>\n<li>Dibattiti o discussioni: Parlare di politica, cultura o di tutto ci\u00f2 che vi appassiona, senza preoccuparsi delle discussioni che vi seguono offline.<\/li>\n<\/ul>\n<p>Se siete stanchi di dovervi difendere o siete preoccupati di essere giudicati online, la chat anonima \u00e8 il pulsante di reset di cui avete bisogno. \u00c8 semplice, sicura e ti permette di essere chi vuoi, solo per un po'. Se cercate sostegno, onest\u00e0 o semplicemente una risata con un estraneo, c'\u00e8 una chat anonima che vi aspetta.<\/p>\n<p>Allora perch\u00e9 non provare? Entrate in una chat room anonima gratuita o avviate una chat anonima casuale con qualcuno in tutto il mondo. La vostra prossima conversazione reale \u00e8 a un solo clic di distanza.<\/p>","protected":false},"excerpt":{"rendered":"<p>In a world where everyone seems to be sharing everything online, it\u2019s no surprise that more people are seeking out anonymous chat platforms. Sometimes, you just want to talk without sharing your name, worrying about your image, or leaving a digital trail that follows you forever. That\u2019s where anonymous chat comes in: it offers a [&hellip;]<\/p>\n","protected":false},"author":8,"featured_media":0,"parent":0,"menu_order":0,"comment_status":"closed","ping_status":"closed","template":"","meta":{"footnotes":""},"class_list":["post-12722","page","type-page","status-publish","hentry"],"yoast_head":"<!-- This site is optimized with the Yoast SEO plugin v27.6 - https:\/\/yoast.com\/product\/yoast-seo-wordpress\/ -->\n<title>Anonymous Chat with Video Chat on TinyChat.com<\/title>\n<meta name=\"description\" content=\"Enjoying Anonymous Chat? Join over 50,000,000 strangers on TinyChat! Turn on your cam and start meeting new people, or find a match.\" \/>\n<meta name=\"robots\" content=\"index, follow, max-snippet:-1, max-image-preview:large, max-video-preview:-1\" \/>\n<link rel=\"canonical\" href=\"https:\/\/tinychat.com\/it\/anonymous-chat\/\" \/>\n<meta property=\"og:locale\" content=\"it_IT\" \/>\n<meta property=\"og:type\" content=\"article\" \/>\n<meta property=\"og:title\" content=\"Anonymous Chat with Video Chat on TinyChat.com\" \/>\n<meta property=\"og:description\" content=\"Enjoying Anonymous Chat? Join over 50,000,000 strangers on TinyChat! Turn on your cam and start meeting new people, or find a match.\" \/>\n<meta property=\"og:url\" content=\"https:\/\/tinychat.com\/it\/anonymous-chat\/\" \/>\n<meta property=\"og:site_name\" content=\"TinyChat\" \/>\n<meta property=\"article:publisher\" content=\"https:\/\/www.facebook.com\/tinychat\" \/>\n<meta property=\"article:modified_time\" content=\"2025-07-03T10:26:51+00:00\" \/>\n<meta property=\"og:image\" content=\"https:\/\/tinychat.com\/wp-content\/uploads\/2020\/04\/Tinychat-logo-1280x284-new-black.png\" \/>\n\t<meta property=\"og:image:width\" content=\"1280\" \/>\n\t<meta property=\"og:image:height\" content=\"284\" \/>\n\t<meta property=\"og:image:type\" content=\"image\/png\" \/>\n<meta name=\"twitter:card\" content=\"summary_large_image\" \/>\n<meta name=\"twitter:site\" content=\"@tinychat\" \/>\n<meta name=\"twitter:label1\" content=\"Tempo di lettura stimato\" \/>\n\t<meta name=\"twitter:data1\" content=\"5 minuti\" \/>\n<script type=\"application\/ld+json\" class=\"yoast-schema-graph\">{\"@context\":\"https:\\\/\\\/schema.org\",\"@graph\":[{\"@type\":\"WebPage\",\"@id\":\"https:\\\/\\\/tinychat.com\\\/anonymous-chat\\\/\",\"url\":\"https:\\\/\\\/tinychat.com\\\/anonymous-chat\\\/\",\"name\":\"Anonymous Chat with Video Chat on TinyChat.com\",\"isPartOf\":{\"@id\":\"https:\\\/\\\/tinychat.com\\\/#website\"},\"datePublished\":\"2025-03-12T07:12:05+00:00\",\"dateModified\":\"2025-07-03T10:26:51+00:00\",\"description\":\"Enjoying Anonymous Chat? Join over 50,000,000 strangers on TinyChat! Turn on your cam and start meeting new people, or find a match.\",\"breadcrumb\":{\"@id\":\"https:\\\/\\\/tinychat.com\\\/anonymous-chat\\\/#breadcrumb\"},\"inLanguage\":\"it-IT\",\"potentialAction\":[{\"@type\":\"ReadAction\",\"target\":[\"https:\\\/\\\/tinychat.com\\\/anonymous-chat\\\/\"]}]},{\"@type\":\"BreadcrumbList\",\"@id\":\"https:\\\/\\\/tinychat.com\\\/anonymous-chat\\\/#breadcrumb\",\"itemListElement\":[{\"@type\":\"ListItem\",\"position\":1,\"name\":\"Home\",\"item\":\"https:\\\/\\\/tinychat.com\\\/\"},{\"@type\":\"ListItem\",\"position\":2,\"name\":\"Anonymous Chat\"}]},{\"@type\":\"WebSite\",\"@id\":\"https:\\\/\\\/tinychat.com\\\/#website\",\"url\":\"https:\\\/\\\/tinychat.com\\\/\",\"name\":\"TinyChat\",\"description\":\"Random Video Chat with Strangers\",\"publisher\":{\"@id\":\"https:\\\/\\\/tinychat.com\\\/#organization\"},\"alternateName\":\"TinyChat.com\",\"potentialAction\":[{\"@type\":\"SearchAction\",\"target\":{\"@type\":\"EntryPoint\",\"urlTemplate\":\"https:\\\/\\\/tinychat.com\\\/?s={search_term_string}\"},\"query-input\":{\"@type\":\"PropertyValueSpecification\",\"valueRequired\":true,\"valueName\":\"search_term_string\"}}],\"inLanguage\":\"it-IT\"},{\"@type\":\"Organization\",\"@id\":\"https:\\\/\\\/tinychat.com\\\/#organization\",\"name\":\"TinyChat\",\"alternateName\":\"TinyChat.com\",\"url\":\"https:\\\/\\\/tinychat.com\\\/\",\"logo\":{\"@type\":\"ImageObject\",\"inLanguage\":\"it-IT\",\"@id\":\"https:\\\/\\\/tinychat.com\\\/#\\\/schema\\\/logo\\\/image\\\/\",\"url\":\"https:\\\/\\\/tinychat.com\\\/wp-content\\\/uploads\\\/2023\\\/11\\\/Tinychat-icon-square.png\",\"contentUrl\":\"https:\\\/\\\/tinychat.com\\\/wp-content\\\/uploads\\\/2023\\\/11\\\/Tinychat-icon-square.png\",\"width\":284,\"height\":284,\"caption\":\"TinyChat\"},\"image\":{\"@id\":\"https:\\\/\\\/tinychat.com\\\/#\\\/schema\\\/logo\\\/image\\\/\"},\"sameAs\":[\"https:\\\/\\\/www.facebook.com\\\/tinychat\",\"https:\\\/\\\/x.com\\\/tinychat\"]}]}<\/script>\n<!-- \/ Yoast SEO plugin. -->","yoast_head_json":{"title":"Chat anonima con video chat su TinyChat.com","description":"Ti piace la chat anonima? Unisciti a oltre 50.000.000 di sconosciuti su TinyChat! Accendi la tua cam e inizia a conoscere nuove persone o trova un partner.","robots":{"index":"index","follow":"follow","max-snippet":"max-snippet:-1","max-image-preview":"max-image-preview:large","max-video-preview":"max-video-preview:-1"},"canonical":"https:\/\/tinychat.com\/it\/anonymous-chat\/","og_locale":"it_IT","og_type":"article","og_title":"Anonymous Chat with Video Chat on TinyChat.com","og_description":"Enjoying Anonymous Chat? Join over 50,000,000 strangers on TinyChat! Turn on your cam and start meeting new people, or find a match.","og_url":"https:\/\/tinychat.com\/it\/anonymous-chat\/","og_site_name":"TinyChat","article_publisher":"https:\/\/www.facebook.com\/tinychat","article_modified_time":"2025-07-03T10:26:51+00:00","og_image":[{"width":1280,"height":284,"url":"https:\/\/tinychat.com\/wp-content\/uploads\/2020\/04\/Tinychat-logo-1280x284-new-black.png","type":"image\/png"}],"twitter_card":"summary_large_image","twitter_site":"@tinychat","twitter_misc":{"Tempo di lettura stimato":"5 minuti"},"schema":{"@context":"https:\/\/schema.org","@graph":[{"@type":"WebPage","@id":"https:\/\/tinychat.com\/anonymous-chat\/","url":"https:\/\/tinychat.com\/anonymous-chat\/","name":"Chat anonima con video chat su TinyChat.com","isPartOf":{"@id":"https:\/\/tinychat.com\/#website"},"datePublished":"2025-03-12T07:12:05+00:00","dateModified":"2025-07-03T10:26:51+00:00","description":"Ti piace la chat anonima? Unisciti a oltre 50.000.000 di sconosciuti su TinyChat! Accendi la tua cam e inizia a conoscere nuove persone o trova un partner.","breadcrumb":{"@id":"https:\/\/tinychat.com\/anonymous-chat\/#breadcrumb"},"inLanguage":"it-IT","potentialAction":[{"@type":"ReadAction","target":["https:\/\/tinychat.com\/anonymous-chat\/"]}]},{"@type":"BreadcrumbList","@id":"https:\/\/tinychat.com\/anonymous-chat\/#breadcrumb","itemListElement":[{"@type":"ListItem","position":1,"name":"Home","item":"https:\/\/tinychat.com\/"},{"@type":"ListItem","position":2,"name":"Anonymous Chat"}]},{"@type":"WebSite","@id":"https:\/\/tinychat.com\/#website","url":"https:\/\/tinychat.com\/","name":"TinyChat","description":"Videochat casuale con sconosciuti","publisher":{"@id":"https:\/\/tinychat.com\/#organization"},"alternateName":"TinyChat.com","potentialAction":[{"@type":"SearchAction","target":{"@type":"EntryPoint","urlTemplate":"https:\/\/tinychat.com\/?s={search_term_string}"},"query-input":{"@type":"PropertyValueSpecification","valueRequired":true,"valueName":"search_term_string"}}],"inLanguage":"it-IT"},{"@type":"Organization","@id":"https:\/\/tinychat.com\/#organization","name":"TinyChat","alternateName":"TinyChat.com","url":"https:\/\/tinychat.com\/","logo":{"@type":"ImageObject","inLanguage":"it-IT","@id":"https:\/\/tinychat.com\/#\/schema\/logo\/image\/","url":"https:\/\/tinychat.com\/wp-content\/uploads\/2023\/11\/Tinychat-icon-square.png","contentUrl":"https:\/\/tinychat.com\/wp-content\/uploads\/2023\/11\/Tinychat-icon-square.png","width":284,"height":284,"caption":"TinyChat"},"image":{"@id":"https:\/\/tinychat.com\/#\/schema\/logo\/image\/"},"sameAs":["https:\/\/www.facebook.com\/tinychat","https:\/\/x.com\/tinychat"]}]}},"_links":{"self":[{"href":"https:\/\/tinychat.com\/it\/wp-json\/wp\/v2\/pages\/12722","targetHints":{"allow":["GET"]}}],"collection":[{"href":"https:\/\/tinychat.com\/it\/wp-json\/wp\/v2\/pages"}],"about":[{"href":"https:\/\/tinychat.com\/it\/wp-json\/wp\/v2\/types\/page"}],"author":[{"embeddable":true,"href":"https:\/\/tinychat.com\/it\/wp-json\/wp\/v2\/users\/8"}],"replies":[{"embeddable":true,"href":"https:\/\/tinychat.com\/it\/wp-json\/wp\/v2\/comments?post=12722"}],"version-history":[{"count":4,"href":"https:\/\/tinychat.com\/it\/wp-json\/wp\/v2\/pages\/12722\/revisions"}],"predecessor-version":[{"id":13308,"href":"https:\/\/tinychat.com\/it\/wp-json\/wp\/v2\/pages\/12722\/revisions\/13308"}],"wp:attachment":[{"href":"https:\/\/tinychat.com\/it\/wp-json\/wp\/v2\/media?parent=12722"}],"curies":[{"name":"wp","href":"https:\/\/api.w.org\/{rel}","templated":true}]}}