{"id":12724,"date":"2025-08-07T10:14:49","date_gmt":"2025-08-07T08:14:49","guid":{"rendered":"https:\/\/tinychat.com\/?page_id=12724"},"modified":"2025-08-07T11:00:11","modified_gmt":"2025-08-07T09:00:11","slug":"incognito-chat","status":"publish","type":"page","link":"https:\/\/tinychat.com\/it\/incognito-chat\/","title":{"rendered":"Chat in incognito"},"content":{"rendered":"<p>Avete mai desiderato parlare con qualcuno online - fare una domanda, condividere una storia o semplicemente sfogarvi - senza rivelare chi siete? Questo \u00e8 il fascino della chat in incognito: completa privacy, totale libert\u00e0 e conversazioni reali, senza bisogno di mostrare il proprio volto o condividere il proprio nome.<\/p>\n<p>Se siete alla ricerca di uno spazio sicuro per discutere di argomenti personali, se volete conoscere nuove persone senza pressioni o semplicemente se desiderate il brivido dell'anonimato totale, le chat room e le app in incognito sono il vostro nascondiglio digitale. Ecco tutto quello che c'\u00e8 da sapere sulla chat in modalit\u00e0 incognito e perch\u00e9 \u00e8 cos\u00ec popolare.<\/p>\n<h2>Che cos'\u00e8 la chat in incognito?<\/h2>\n<p>La chat in incognito si riferisce a piattaforme di chat online, app o chat room che consentono agli utenti di parlare con altri in modo anonimo. A differenza dei social media o delle app di messaggistica tradizionali, non \u00e8 necessario iscriversi con il proprio nome reale, usare la propria foto o creare un profilo. Si \u00e8 liberi di essere chiunque (o nessuno) pur avendo conversazioni autentiche.<\/p>\n<p>La chat in incognito online \u00e8 tutto questo:<\/p>\n<ul>\n<li>Anonimato: Non c'\u00e8 bisogno di rivelare la propria identit\u00e0: usate un nickname, rimanete \"in incognito\" o lasciate che l'app generi un nome casuale per voi.<\/li>\n<li>Privacy: Le conversazioni non sono legate ai vostri account e di solito non vengono salvate.<\/li>\n<li>Libert\u00e0: Dire ci\u00f2 che si ha in mente senza temere giudizi o conseguenze.<\/li>\n<\/ul>\n<p>Le piattaforme possono offrire chat testuali, vocali o persino video, ma sempre con l'anonimato al centro.<\/p>\n<h2>Perch\u00e9 usare la chat in incognito online?<\/h2>\n<p>Le persone sono attratte dalla chat in incognito per i motivi pi\u00f9 disparati:<\/p>\n<ul>\n<li>Condividere liberamente: \u00c8 pi\u00f9 facile parlare apertamente di sentimenti, segreti o argomenti difficili quando si \u00e8 anonimi.<\/li>\n<li>Ottenere consigli onesti: Le persone tendono a dare un feedback pi\u00f9 genuino quando non ci sono conseguenze sociali.<\/li>\n<li>Incontrare nuove persone: Entrare in contatto con persone sconosciute in tutto il mondo, senza pressioni e senza vincoli.<\/li>\n<li>Evitare l'imbarazzo: Nessuna paura di incontrare persone conosciute o di dire qualcosa di imbarazzante.<\/li>\n<li>Sostegno e aiuto: Ottimo per trovare gruppi di sostegno, chat sulla salute mentale o consulenza peer-to-peer.<\/li>\n<\/ul>\n<blockquote><p>\"Uso le app di chat in incognito quando ho bisogno di consigli su cose di cui non posso parlare con gli amici. L\u00ec ho avuto alcune delle mie conversazioni pi\u00f9 oneste e utili\".<\/p><\/blockquote>\n<h2>Tipi pi\u00f9 popolari di chat in incognito<\/h2>\n<p>C'\u00e8 un intero mondo di app e piattaforme di chat in incognito da esplorare:<\/p>\n<h3>1. Stanze di chat anonime in incognito<\/h3>\n<p>Si tratta di classiche stanze basate sul testo in cui tutti sono anonimi. Chat Avenue, Wireclub e TinyChat offrono stanze pubbliche e private in cui \u00e8 possibile entrare immediatamente.<\/p>\n<h3>2. Applicazioni di chat in incognito<\/h3>\n<p>Applicazioni mobili come Chatous, Whisper e Wakie sono progettate per le chat anonime. Scegliete il vostro nickname e iniziate a messaggiare: non \u00e8 richiesto alcun numero di telefono o login sociale.<\/p>\n<h3>3. Video chat in incognito uno a uno<\/h3>\n<p>Piattaforme come Omegle e Chatroulette consentono di chattare in video senza registrazione. La vostra identit\u00e0 reale non viene mai mostrata, a meno che non lo vogliate.<\/p>\n<h3>4. Chat di gruppo in incognito<\/h3>\n<p>Unitevi a stanze tematiche o basate su interessi (musica, salute mentale, incontri, ecc.) e connettetevi con altri che vogliono rimanere in incognito.<\/p>\n<h2>Chat in incognito vs. Chat online regolare<\/h2>\n<table>\n<thead>\n<tr>\n<th>Caratteristica<\/th>\n<th>Chat in incognito<\/th>\n<th>Applicazioni di chat regolari<\/th>\n<th>Media sociali<\/th>\n<\/tr>\n<\/thead>\n<tbody>\n<tr>\n<td>Non \u00e8 necessario un nome\/profilo reale<\/td>\n<td>\u2705<\/td>\n<td>\u274c<\/td>\n<td>\u274c<\/td>\n<\/tr>\n<tr>\n<td>Accesso anonimo<\/td>\n<td>\u2705<\/td>\n<td>\u274c<\/td>\n<td>\u274c<\/td>\n<\/tr>\n<tr>\n<td>Conversazioni non salvate<\/td>\n<td>\u2705\/\u274c<\/td>\n<td>\u274c<\/td>\n<td>\u274c<\/td>\n<\/tr>\n<tr>\n<td>Opzioni di gruppo o private<\/td>\n<td>\u2705<\/td>\n<td>\u2705<\/td>\n<td>\u2705<\/td>\n<\/tr>\n<tr>\n<td>Utilizzo gratuito<\/td>\n<td>\u2705<\/td>\n<td>\u2705<\/td>\n<td>\u2705<\/td>\n<\/tr>\n<tr>\n<td>Possibilit\u00e0 di abbinamento casuale<\/td>\n<td>\u2705<\/td>\n<td>\u274c<\/td>\n<td>\u274c<\/td>\n<\/tr>\n<\/tbody>\n<\/table>\n<p>La chat in incognito si distingue per offrire libert\u00e0, flessibilit\u00e0 e tranquillit\u00e0.<\/p>\n<h2>Come funziona la chat in incognito?<\/h2>\n<p>Iniziare a chattare in incognito online \u00e8 semplicissimo:<\/p>\n<ol>\n<li>Scegliere una piattaforma o un'applicazione: Decidere se si desidera una chat testuale, vocale o video.<\/li>\n<li>Creare un nickname (o andare come \"Ospite\"): La maggior parte dei siti consente di accedere senza registrazione.<\/li>\n<li>Scegliete una chat room o avviate una chat individuale: Alcune piattaforme offrono stanze tematiche per argomenti specifici.<\/li>\n<li>Inizia a chattare! Condividi ci\u00f2 che vuoi, ascolta e connettiti con le persone da qualsiasi luogo.<\/li>\n<li>Potete andarvene o saltare in qualsiasi momento: Se la conversazione non \u00e8 di vostro gradimento, siete liberi di passare oltre.<\/li>\n<\/ol>\n<p>La maggior parte delle app e dei siti sono gratuiti, ma alcuni offrono funzioni a pagamento come la rimozione degli annunci, i filtri avanzati o le sale VIP.<\/p>\n<h2>Chi usa la chat in incognito?<\/h2>\n<p>Tutti! Gli utenti tipici sono:<\/p>\n<ul>\n<li>Adolescenti e giovani adulti in cerca di consigli o di sostegno tra pari<\/li>\n<li>Persone con domande sulle relazioni, sulla salute o su problemi personali.<\/li>\n<li>Singoli che vogliono flirtare o conoscere nuove persone senza condividere informazioni private<\/li>\n<li>Professionisti o studenti che vogliono parlare apertamente dello stress lavorativo o scolastico<\/li>\n<li>Chiunque desideri una conversazione onesta e senza pressioni<\/li>\n<\/ul>\n<p>Non c'\u00e8 limite di et\u00e0 per avere bisogno di un po' di privacy.<\/p>\n<h2>La chat in incognito \u00e8 davvero sicura?<\/h2>\n<p>La chat in incognito \u00e8 pi\u00f9 sicura della maggior parte delle piattaforme sociali, ma bisogna sempre usare il buon senso:<\/p>\n<ul>\n<li>Non condividete nomi, indirizzi, numeri di telefono o informazioni personali.<\/li>\n<li>Fate attenzione alle foto e ai video: Non inviate mai immagini che non vorreste fossero pubbliche.<\/li>\n<li>Se una chat vi mette a disagio, lasciatela immediatamente.<\/li>\n<li>Utilizzare piattaforme con funzioni di moderazione e segnalazione.<\/li>\n<li>Ricordate che l'anonimato va in entrambe le direzioni: Anche gli altri utenti sono anonimi: fidatevi del vostro istinto.<\/li>\n<\/ul>\n<p>Se si utilizza la chat in incognito per la salute mentale o il supporto, cercare servizi con moderatori formati o assistenti verificati.<\/p>\n<h2>Le migliori caratteristiche delle applicazioni e dei siti di chat in incognito<\/h2>\n<ul>\n<li>Non \u00e8 richiesta alcuna registrazione: Entrate immediatamente, senza bisogno di e-mail o numero di telefono.<\/li>\n<li>Chat room private in incognito: Partecipate a chat room tematiche o generali per qualsiasi stato d'animo.<\/li>\n<li>Cronologia temporanea delle chat: Molte app non salvano le conversazioni, quindi le vostre parole scompaiono quando ve ne andate.<\/li>\n<li>Controllo degli utenti: Bloccare o segnalare chiunque oltrepassi il limite.<\/li>\n<li>Possibilit\u00e0 di scegliere tra testo, voce o video: Scegliete quanto volete condividere.<\/li>\n<li>Corrispondenza basata sugli interessi: filtrare le stanze in base all'argomento, alla posizione o all'et\u00e0 per ottenere chat pi\u00f9 pertinenti.<\/li>\n<\/ul>\n<h2>Suggerimenti per la migliore esperienza di chat in incognito<\/h2>\n<ul>\n<li>Iniziate con le stanze generali: Mettetevi a vostro agio prima di condividere di pi\u00f9 nelle chat private.<\/li>\n<li>Siate educati e rispettosi: L'anonimato non autorizza a essere scortesi: le buone vibrazioni sono molto importanti.<\/li>\n<li>Non condividere troppo: Anche se siete anonimi, mantenete dei limiti.<\/li>\n<li>Utilizzate i tag di interesse: Vi aiutano a trovare persone con cui vorrete effettivamente parlare.<\/li>\n<li>Sperimentate con diverse piattaforme: Ognuna di esse ha un'atmosfera e delle caratteristiche proprie.<\/li>\n<\/ul>\n<h2>Quando usare la chat in incognito<\/h2>\n<ul>\n<li>Quando si ha bisogno di un consiglio o si vuole sfogarsi in modo anonimo<\/li>\n<li>Fare amicizia senza condividere la propria identit\u00e0<\/li>\n<li>Per flirtare in privato o per chat di incontri<\/li>\n<li>Quando si esplorano argomenti delicati di cui non si pu\u00f2 parlare altrove<\/li>\n<li>Se siete nuovi alla chat online e volete provarla senza alcun rischio<\/li>\n<\/ul>\n<h2>Caratteristiche della chat in incognito gratuita e a pagamento<\/h2>\n<p>La maggior parte delle piattaforme di chat in incognito sono gratuite. Gli aggiornamenti a pagamento possono includere:<\/p>\n<ul>\n<li>Esperienza senza annunci<\/li>\n<li>Filtri di corrispondenza avanzati<\/li>\n<li>Sale VIP o private<\/li>\n<li>Emoji o adesivi personalizzati<\/li>\n<\/ul>\n<p>Ma per la maggior parte degli utenti, la versione gratuita offre privacy e flessibilit\u00e0 in abbondanza.<\/p>\n<p>La chat in incognito \u00e8 lo spazio sicuro online per eccellenza, dove potete dire quello che vi passa per la testa, fare le domande che non potete fare da nessun'altra parte e incontrare persone da tutto il mondo, il tutto rimanendo totalmente anonimi. Che tu stia cercando consigli, amicizia, divertimento o semplicemente una nuova prospettiva, c'\u00e8 un'app o una stanza di chat in incognito che ti aspetta.<\/p>\n<p>Pronti a provarlo? Entrate in una chat room in incognito stasera e scoprite la libert\u00e0 di una connessione online veramente privata.<\/p>","protected":false},"excerpt":{"rendered":"<p>Have you ever wanted to talk to someone online\u2014ask a question, share a story, or just vent\u2014without revealing who you are? That\u2019s the appeal of incognito chat: complete privacy, total freedom, and real conversations, with no need to show your face or share your name. Whether you\u2019re looking for a safe space to discuss personal [&hellip;]<\/p>\n","protected":false},"author":8,"featured_media":0,"parent":0,"menu_order":0,"comment_status":"closed","ping_status":"closed","template":"","meta":{"footnotes":""},"class_list":["post-12724","page","type-page","status-publish","hentry"],"yoast_head":"<!-- This site is optimized with the Yoast SEO plugin v27.5 - https:\/\/yoast.com\/product\/yoast-seo-wordpress\/ -->\n<title>Incognito Chat with Video Chat on TinyChat.com<\/title>\n<meta name=\"description\" content=\"Enjoying Incognito Chat? Join over 50,000,000 strangers on TinyChat! Turn on your cam and start meeting new people, or find a match.\" \/>\n<meta name=\"robots\" content=\"index, follow, max-snippet:-1, max-image-preview:large, max-video-preview:-1\" \/>\n<link rel=\"canonical\" href=\"https:\/\/tinychat.com\/it\/incognito-chat\/\" \/>\n<meta property=\"og:locale\" content=\"it_IT\" \/>\n<meta property=\"og:type\" content=\"article\" \/>\n<meta property=\"og:title\" content=\"Incognito Chat with Video Chat on TinyChat.com\" \/>\n<meta property=\"og:description\" content=\"Enjoying Incognito Chat? Join over 50,000,000 strangers on TinyChat! Turn on your cam and start meeting new people, or find a match.\" \/>\n<meta property=\"og:url\" content=\"https:\/\/tinychat.com\/it\/incognito-chat\/\" \/>\n<meta property=\"og:site_name\" content=\"TinyChat\" \/>\n<meta property=\"article:publisher\" content=\"https:\/\/www.facebook.com\/tinychat\" \/>\n<meta property=\"article:modified_time\" content=\"2025-08-07T09:00:11+00:00\" \/>\n<meta property=\"og:image\" content=\"https:\/\/tinychat.com\/wp-content\/uploads\/2020\/04\/Tinychat-logo-1280x284-new-black.png\" \/>\n\t<meta property=\"og:image:width\" content=\"1280\" \/>\n\t<meta property=\"og:image:height\" content=\"284\" \/>\n\t<meta property=\"og:image:type\" content=\"image\/png\" \/>\n<meta name=\"twitter:card\" content=\"summary_large_image\" \/>\n<meta name=\"twitter:site\" content=\"@tinychat\" \/>\n<meta name=\"twitter:label1\" content=\"Tempo di lettura stimato\" \/>\n\t<meta name=\"twitter:data1\" content=\"5 minuti\" \/>\n<script type=\"application\/ld+json\" class=\"yoast-schema-graph\">{\"@context\":\"https:\\\/\\\/schema.org\",\"@graph\":[{\"@type\":\"WebPage\",\"@id\":\"https:\\\/\\\/tinychat.com\\\/incognito-chat\\\/\",\"url\":\"https:\\\/\\\/tinychat.com\\\/incognito-chat\\\/\",\"name\":\"Incognito Chat with Video Chat on TinyChat.com\",\"isPartOf\":{\"@id\":\"https:\\\/\\\/tinychat.com\\\/#website\"},\"datePublished\":\"2025-08-07T08:14:49+00:00\",\"dateModified\":\"2025-08-07T09:00:11+00:00\",\"description\":\"Enjoying Incognito Chat? Join over 50,000,000 strangers on TinyChat! Turn on your cam and start meeting new people, or find a match.\",\"breadcrumb\":{\"@id\":\"https:\\\/\\\/tinychat.com\\\/incognito-chat\\\/#breadcrumb\"},\"inLanguage\":\"it-IT\",\"potentialAction\":[{\"@type\":\"ReadAction\",\"target\":[\"https:\\\/\\\/tinychat.com\\\/incognito-chat\\\/\"]}]},{\"@type\":\"BreadcrumbList\",\"@id\":\"https:\\\/\\\/tinychat.com\\\/incognito-chat\\\/#breadcrumb\",\"itemListElement\":[{\"@type\":\"ListItem\",\"position\":1,\"name\":\"Home\",\"item\":\"https:\\\/\\\/tinychat.com\\\/\"},{\"@type\":\"ListItem\",\"position\":2,\"name\":\"Incognito Chat\"}]},{\"@type\":\"WebSite\",\"@id\":\"https:\\\/\\\/tinychat.com\\\/#website\",\"url\":\"https:\\\/\\\/tinychat.com\\\/\",\"name\":\"TinyChat\",\"description\":\"Random Video Chat with Strangers\",\"publisher\":{\"@id\":\"https:\\\/\\\/tinychat.com\\\/#organization\"},\"alternateName\":\"TinyChat.com\",\"potentialAction\":[{\"@type\":\"SearchAction\",\"target\":{\"@type\":\"EntryPoint\",\"urlTemplate\":\"https:\\\/\\\/tinychat.com\\\/?s={search_term_string}\"},\"query-input\":{\"@type\":\"PropertyValueSpecification\",\"valueRequired\":true,\"valueName\":\"search_term_string\"}}],\"inLanguage\":\"it-IT\"},{\"@type\":\"Organization\",\"@id\":\"https:\\\/\\\/tinychat.com\\\/#organization\",\"name\":\"TinyChat\",\"alternateName\":\"TinyChat.com\",\"url\":\"https:\\\/\\\/tinychat.com\\\/\",\"logo\":{\"@type\":\"ImageObject\",\"inLanguage\":\"it-IT\",\"@id\":\"https:\\\/\\\/tinychat.com\\\/#\\\/schema\\\/logo\\\/image\\\/\",\"url\":\"https:\\\/\\\/tinychat.com\\\/wp-content\\\/uploads\\\/2023\\\/11\\\/Tinychat-icon-square.png\",\"contentUrl\":\"https:\\\/\\\/tinychat.com\\\/wp-content\\\/uploads\\\/2023\\\/11\\\/Tinychat-icon-square.png\",\"width\":284,\"height\":284,\"caption\":\"TinyChat\"},\"image\":{\"@id\":\"https:\\\/\\\/tinychat.com\\\/#\\\/schema\\\/logo\\\/image\\\/\"},\"sameAs\":[\"https:\\\/\\\/www.facebook.com\\\/tinychat\",\"https:\\\/\\\/x.com\\\/tinychat\"]}]}<\/script>\n<!-- \/ Yoast SEO plugin. -->","yoast_head_json":{"title":"Chat in incognito con video chat su TinyChat.com","description":"Ti piace la chat in incognito? Unisciti a oltre 50.000.000 di sconosciuti su TinyChat! Accendi la tua cam e inizia a conoscere nuove persone o a trovare un partner.","robots":{"index":"index","follow":"follow","max-snippet":"max-snippet:-1","max-image-preview":"max-image-preview:large","max-video-preview":"max-video-preview:-1"},"canonical":"https:\/\/tinychat.com\/it\/incognito-chat\/","og_locale":"it_IT","og_type":"article","og_title":"Incognito Chat with Video Chat on TinyChat.com","og_description":"Enjoying Incognito Chat? Join over 50,000,000 strangers on TinyChat! Turn on your cam and start meeting new people, or find a match.","og_url":"https:\/\/tinychat.com\/it\/incognito-chat\/","og_site_name":"TinyChat","article_publisher":"https:\/\/www.facebook.com\/tinychat","article_modified_time":"2025-08-07T09:00:11+00:00","og_image":[{"width":1280,"height":284,"url":"https:\/\/tinychat.com\/wp-content\/uploads\/2020\/04\/Tinychat-logo-1280x284-new-black.png","type":"image\/png"}],"twitter_card":"summary_large_image","twitter_site":"@tinychat","twitter_misc":{"Tempo di lettura stimato":"5 minuti"},"schema":{"@context":"https:\/\/schema.org","@graph":[{"@type":"WebPage","@id":"https:\/\/tinychat.com\/incognito-chat\/","url":"https:\/\/tinychat.com\/incognito-chat\/","name":"Chat in incognito con video chat su TinyChat.com","isPartOf":{"@id":"https:\/\/tinychat.com\/#website"},"datePublished":"2025-08-07T08:14:49+00:00","dateModified":"2025-08-07T09:00:11+00:00","description":"Ti piace la chat in incognito? Unisciti a oltre 50.000.000 di sconosciuti su TinyChat! Accendi la tua cam e inizia a conoscere nuove persone o a trovare un partner.","breadcrumb":{"@id":"https:\/\/tinychat.com\/incognito-chat\/#breadcrumb"},"inLanguage":"it-IT","potentialAction":[{"@type":"ReadAction","target":["https:\/\/tinychat.com\/incognito-chat\/"]}]},{"@type":"BreadcrumbList","@id":"https:\/\/tinychat.com\/incognito-chat\/#breadcrumb","itemListElement":[{"@type":"ListItem","position":1,"name":"Home","item":"https:\/\/tinychat.com\/"},{"@type":"ListItem","position":2,"name":"Incognito Chat"}]},{"@type":"WebSite","@id":"https:\/\/tinychat.com\/#website","url":"https:\/\/tinychat.com\/","name":"TinyChat","description":"Videochat casuale con sconosciuti","publisher":{"@id":"https:\/\/tinychat.com\/#organization"},"alternateName":"TinyChat.com","potentialAction":[{"@type":"SearchAction","target":{"@type":"EntryPoint","urlTemplate":"https:\/\/tinychat.com\/?s={search_term_string}"},"query-input":{"@type":"PropertyValueSpecification","valueRequired":true,"valueName":"search_term_string"}}],"inLanguage":"it-IT"},{"@type":"Organization","@id":"https:\/\/tinychat.com\/#organization","name":"TinyChat","alternateName":"TinyChat.com","url":"https:\/\/tinychat.com\/","logo":{"@type":"ImageObject","inLanguage":"it-IT","@id":"https:\/\/tinychat.com\/#\/schema\/logo\/image\/","url":"https:\/\/tinychat.com\/wp-content\/uploads\/2023\/11\/Tinychat-icon-square.png","contentUrl":"https:\/\/tinychat.com\/wp-content\/uploads\/2023\/11\/Tinychat-icon-square.png","width":284,"height":284,"caption":"TinyChat"},"image":{"@id":"https:\/\/tinychat.com\/#\/schema\/logo\/image\/"},"sameAs":["https:\/\/www.facebook.com\/tinychat","https:\/\/x.com\/tinychat"]}]}},"_links":{"self":[{"href":"https:\/\/tinychat.com\/it\/wp-json\/wp\/v2\/pages\/12724","targetHints":{"allow":["GET"]}}],"collection":[{"href":"https:\/\/tinychat.com\/it\/wp-json\/wp\/v2\/pages"}],"about":[{"href":"https:\/\/tinychat.com\/it\/wp-json\/wp\/v2\/types\/page"}],"author":[{"embeddable":true,"href":"https:\/\/tinychat.com\/it\/wp-json\/wp\/v2\/users\/8"}],"replies":[{"embeddable":true,"href":"https:\/\/tinychat.com\/it\/wp-json\/wp\/v2\/comments?post=12724"}],"version-history":[{"count":2,"href":"https:\/\/tinychat.com\/it\/wp-json\/wp\/v2\/pages\/12724\/revisions"}],"predecessor-version":[{"id":13418,"href":"https:\/\/tinychat.com\/it\/wp-json\/wp\/v2\/pages\/12724\/revisions\/13418"}],"wp:attachment":[{"href":"https:\/\/tinychat.com\/it\/wp-json\/wp\/v2\/media?parent=12724"}],"curies":[{"name":"wp","href":"https:\/\/api.w.org\/{rel}","templated":true}]}}