{"id":12732,"date":"2025-03-12T09:40:59","date_gmt":"2025-03-12T07:40:59","guid":{"rendered":"https:\/\/tinychat.com\/?page_id=12732"},"modified":"2025-07-16T15:01:20","modified_gmt":"2025-07-16T13:01:20","slug":"live-chat-online","status":"publish","type":"page","link":"https:\/\/tinychat.com\/it\/live-chat-online\/","title":{"rendered":"Chat dal vivo online"},"content":{"rendered":"<p>Ricordate quando chattare online significava inviare messaggi e attendere le risposte? Quei giorni sono passati. Oggi, con le piattaforme di live chat online, \u00e8 possibile connettersi istantaneamente tramite testo, voce o video, condividendo risate, consigli e persino momenti che cambiano la vita con persone di tutto il mondo in tempo reale. Che abbiate voglia di conversare spontaneamente, di incontrare nuovi amici o di trovare una risposta rapida a una domanda scottante, le live chat room e le app rendono tutto possibile con un solo clic.<\/p>\n<p>Facciamo un tuffo nel mondo della live chat online: cos'\u00e8, dove trovare le esperienze migliori, come rimanere al sicuro e perch\u00e9 pi\u00f9 persone che mai stanno amando questo nuovo modo di connettersi.<\/p>\n<h2>Che cos'\u00e8 la Live Chat online?<\/h2>\n<p>La live chat online \u00e8 una conversazione in tempo reale su Internet. A differenza delle e-mail tradizionali o dei forum lenti, la chat dal vivo consente di scambiare messaggi, o anche video e audio, con qualcuno all'istante. Questo pu\u00f2 significare:<\/p>\n<ul>\n<li>Le chat di testo: Vecchia scuola ma sempre fantastica. Entrate in una conversazione di gruppo o privata e parlate di qualsiasi cosa.<\/li>\n<li>Video chat online in diretta: Migliorate le cose con le conversazioni faccia a faccia. Tutto ci\u00f2 che serve \u00e8 una webcam e un po' di coraggio!<\/li>\n<li>Chat vocale: Preferite parlare ma non siete pronti per il video? La chat vocale colma il divario.<\/li>\n<li>Chat casuale dal vivo con sconosciuti: Abbinatevi a qualcuno di completamente nuovo per una conversazione sempre nuova.<\/li>\n<\/ul>\n<p>Che vogliate fare una chiacchierata veloce con gli amici o incontrare qualcuno di nuovo dall'altra parte del mondo, la chat dal vivo online offre tutto questo.<\/p>\n<h2>Perch\u00e9 la Live Chat online \u00e8 cos\u00ec popolare?<\/h2>\n<p>Ci sono molte ragioni per cui la chat dal vivo online sta vivendo un vero e proprio boom:<\/p>\n<ul>\n<li>Gratificazione immediata: Non \u00e8 necessario attendere le risposte. La conversazione avviene ora.<\/li>\n<li>Incontrare nuove persone: Connettetevi con sconosciuti da qualsiasi luogo: ogni chat \u00e8 una sorpresa.<\/li>\n<li>Rimanere vicini ad amici e familiari: Soprattutto se siete lontani, la chat dal vivo colma le distanze.<\/li>\n<li>Imparare e condividere: Chat di gruppo, sale di consulenza e gruppi di supporto sono a portata di clic.<\/li>\n<li>Giochi e divertimento: Molte chat room includono giochi, quiz o eventi dal vivo.<\/li>\n<\/ul>\n<p>Inoltre, potete chattare come voi stessi, usare un nickname o rimanere completamente anonimi: la scelta \u00e8 vostra.<\/p>\n<h2>Tipi di sale e piattaforme di chat dal vivo<\/h2>\n<p>Il bello della live chat online \u00e8 che ce n'\u00e8 per tutti i gusti. Ecco alcune delle opzioni pi\u00f9 popolari:<\/p>\n<h3>1. Stanze gratuite di chat dal vivo online<\/h3>\n<p>Volete solo parlare? Ci sono migliaia di chat room pubbliche su piattaforme come Chat Avenue, Wireclub e Paltalk. \u00c8 possibile partecipare a stanze generali o dedicate a hobby, luoghi o interessi.<\/p>\n<h3>2. Chat casuale con sconosciuti<\/h3>\n<p>Siti come Omegle, Chatroulette e Chatspin rendono facile incontrare una nuova persona ad ogni click. \u00c8 perfetto per chi ama le sorprese e la spontaneit\u00e0.<\/p>\n<h3>3. Video chat online in diretta<\/h3>\n<p>Le piattaforme di chat faccia a faccia come Camsurf, Bazoocam o anche i video di WhatsApp consentono di condividere sorrisi, storie e reazioni reali con persone di tutto il mondo.<\/p>\n<h3>4. Chat privata in diretta<\/h3>\n<p>Volete uno spazio pi\u00f9 tranquillo? La maggior parte delle piattaforme consente di creare o partecipare a chat private, sia individuali che con un gruppo selezionato di amici.<\/p>\n<h3>5. Chat di supporto e consulenza<\/h3>\n<p>Avete bisogno di qualcuno con cui parlare? Piattaforme come 7 Cups e BlahTherapy offrono una chat anonima in diretta con volontari o ascoltatori qualificati per ottenere supporto e consigli.<\/p>\n<h3>6. Chat in diretta per le aziende<\/h3>\n<p>Molte aziende utilizzano la chat dal vivo per l'assistenza ai clienti, ma queste chat sono solitamente pi\u00f9 formali e incentrate sulla risoluzione dei problemi.<\/p>\n<h2>Live Chat online vs. altri modi di connettersi<\/h2>\n<table>\n<thead>\n<tr>\n<th>Caratteristica<\/th>\n<th>Chat dal vivo online<\/th>\n<th>Media sociali<\/th>\n<th>Email<\/th>\n<th>Forum\/Thread<\/th>\n<th>Incontri video<\/th>\n<\/tr>\n<\/thead>\n<tbody>\n<tr>\n<td>Conversazione in tempo reale<\/td>\n<td>\u2705<\/td>\n<td>\u2705<\/td>\n<td>\u274c<\/td>\n<td>\u274c<\/td>\n<td>\u2705<\/td>\n<\/tr>\n<tr>\n<td>Testo, voce e video<\/td>\n<td>\u2705<\/td>\n<td>\u2705<\/td>\n<td>\u274c<\/td>\n<td>\u274c<\/td>\n<td>\u2705<\/td>\n<\/tr>\n<tr>\n<td>Opzione anonima<\/td>\n<td>\u2705<\/td>\n<td>\u274c<\/td>\n<td>\u2705\/\u274c<\/td>\n<td>\u2705<\/td>\n<td>\u274c<\/td>\n<\/tr>\n<tr>\n<td>Corrispondenza casuale<\/td>\n<td>\u2705<\/td>\n<td>\u274c<\/td>\n<td>\u274c<\/td>\n<td>\u274c<\/td>\n<td>\u274c<\/td>\n<\/tr>\n<tr>\n<td>Utilizzo gratuito<\/td>\n<td>\u2705<\/td>\n<td>\u2705<\/td>\n<td>\u2705<\/td>\n<td>\u2705<\/td>\n<td>\u2705\/\u274c<\/td>\n<\/tr>\n<tr>\n<td>Opzioni di gruppo o private<\/td>\n<td>\u2705<\/td>\n<td>\u2705<\/td>\n<td>\u2705<\/td>\n<td>\u2705<\/td>\n<td>\u2705<\/td>\n<\/tr>\n<\/tbody>\n<\/table>\n<p>La live chat online si distingue per la sua velocit\u00e0, versatilit\u00e0 e portata globale.<\/p>\n<h2>Come iniziare con la chat dal vivo online<\/h2>\n<p>Non sono necessarie competenze tecniche! Ecco un rapido passo passo:<\/p>\n<ol>\n<li>Scegliete la vostra piattaforma: Decidete se volete partecipare a una chat di gruppo, a una chat video o a una chat dal vivo casuale con degli sconosciuti.<\/li>\n<li>Impostate il vostro nickname o iscrivetevi (se necessario): Molte piattaforme vi permettono di entrare subito in azione; altre potrebbero richiedere una rapida registrazione.<\/li>\n<li>Scegliete la vostra stanza o cliccate su \"Inizia\": Entra in una stanza a tema, cerca i tuoi interessi o clicca su \"avanti\" per incontrare qualcuno di nuovo.<\/li>\n<li>Iniziare a chattare: Salutate! Parlate di voi, fate domande e seguite il flusso.<\/li>\n<li>Potete andarvene o saltare in qualsiasi momento: Se la conversazione non \u00e8 di vostro gradimento, potete tranquillamente passare oltre.<\/li>\n<\/ol>\n<p>La maggior parte delle piattaforme offre sia opzioni gratuite che a pagamento: iniziate con la live chat online gratuita e aggiornatela se desiderate funzioni aggiuntive.<\/p>\n<h2>Le migliori piattaforme online di chat dal vivo gratuite<\/h2>\n<p>Ecco alcune delle opzioni pi\u00f9 popolari e affidabili:<\/p>\n<ul>\n<li>Omegle: la chat live casuale con gli sconosciuti, senza registrazione, basta cliccare e chattare (testo o video).<\/li>\n<li>Chat Avenue: decine di stanze di chat a tema, tra cui stanze generali, per single e per adolescenti.<\/li>\n<li>Chatspin: Video chat casuale con filtri per interessi, paese e altro.<\/li>\n<li>Camsurf: Video chat online sicura e semplice, disponibile in tutto il mondo.<\/li>\n<li>Discord: Crea o unisciti a server su qualsiasi argomento, con funzioni di chat vocale, testuale e video.<\/li>\n<li>Wireclub: Classiche chat e DM privati, oltre a giochi e quiz divertenti.<\/li>\n<li>7 Coppe: Per ottenere supporto, salute mentale e consigli, chiacchierate anonimamente con gli ascoltatori.<\/li>\n<\/ul>\n<p>Provatene alcune per vedere quale si adatta al vostro stile: c'\u00e8 una live chat room per ogni umore e personalit\u00e0.<\/p>\n<h2>La Live Chat online \u00e8 sicura?<\/h2>\n<p>Per la maggior parte, s\u00ec, ma come per ogni cosa online, \u00e8 bene usare il buon senso:<\/p>\n<ul>\n<li>Non condividete mai il vostro nome e cognome, l'indirizzo, il numero di telefono o altri dati personali.<\/li>\n<li>Utilizzate un nickname o un nome utente anonimo.<\/li>\n<li>Se si utilizza un video, mantenere uno sfondo neutro per proteggere la privacy.<\/li>\n<li>Terminate qualsiasi conversazione che vi mette a disagio.<\/li>\n<li>Segnalare e bloccare chi viola le regole o si comporta in modo inappropriato.<\/li>\n<li>Se hai meno di 18 anni, usa solo chat room adatte agli adolescenti o alla loro et\u00e0.<\/li>\n<\/ul>\n<p>La maggior parte delle grandi piattaforme ha moderatori attivi, funzioni di segnalazione e strumenti di sicurezza che aiutano a proteggere gli utenti.<\/p>\n<h2>Chi usa la Live Chat online?<\/h2>\n<p>Tutti! Troverete:<\/p>\n<ul>\n<li>Adolescenti e studenti in cerca di nuovi amici o di aiuto per i compiti a casa<\/li>\n<li>Singoli interessati a flirtare o ad avere incontri online<\/li>\n<li>Nottambuli e mattinieri che desiderano compagnia a qualsiasi ora<\/li>\n<li>Viaggiatori ed espatriati che si collegano attraverso le frontiere<\/li>\n<li>Persone in cerca di consigli, supporto o semplicemente di una nuova conversazione<\/li>\n<li>Aziende che forniscono assistenza ai clienti e aiuto in tempo reale<\/li>\n<\/ul>\n<p>C'\u00e8 davvero uno spazio per tutte le et\u00e0, gli interessi e le provenienze.<\/p>\n<h2>Video chat online in diretta: Perch\u00e9 \u00e8 cos\u00ec popolare<\/h2>\n<p>Se desiderate una connessione pi\u00f9 profonda e autentica, la video chat online dal vivo \u00e8 il passo successivo. \u00c8 ideale per:<\/p>\n<ul>\n<li>Vedere reazioni, sorrisi e risate reali.<\/li>\n<li>Praticare una nuova lingua con persone madrelingua<\/li>\n<li>Appuntamenti virtuali o frequentazioni a distanza<\/li>\n<li>Partecipare a eventi di gruppo, concerti o domande e risposte dal vivo<\/li>\n<\/ul>\n<p>Molte piattaforme consentono di passare dal testo al video, in modo da avere sempre il controllo del proprio livello di comfort.<\/p>\n<h2>Suggerimenti per la migliore esperienza di live chat online<\/h2>\n<ul>\n<li>Siate cordiali e rispettosi: La gentilezza \u00e8 molto importante online.<\/li>\n<li>Fate domande aperte: \"Qual \u00e8 la cosa che preferisci della tua citt\u00e0?\" \u00e8 un ottimo modo per iniziare.<\/li>\n<li>Provate a scegliere stanze e orari diversi: Le persone di tutto il mondo sono online a orari diversi.<\/li>\n<li>Mantenete aperte le vostre aspettative: Alcune chat saranno straordinarie, altre brevi o sciocche. Godetevi l'imprevedibilit\u00e0!<\/li>\n<li>Usate i filtri per gli interessi: Molte piattaforme vi permettono di trovare persone che condividono i vostri hobby, i vostri gusti musicali o la vostra lingua.<\/li>\n<\/ul>\n<h2>Quando usare la chat dal vivo online<\/h2>\n<ul>\n<li>Quando ci si sente soli o annoiati<\/li>\n<li>Per fare amicizia al di l\u00e0 della propria cerchia attuale<\/li>\n<li>Per consigli, aiuto allo studio o supporto<\/li>\n<li>Per praticare nuove abilit\u00e0 (linguistiche, sociali o semplicemente di conversazione)<\/li>\n<li>Quando si vuole una risata, una storia o qualcosa di totalmente inaspettato<\/li>\n<\/ul>\n<p>Non si sa mai: potreste incontrare il vostro prossimo migliore amico, mentore o compagno di chat preferito dall'altra parte del mondo.<\/p>\n<h2>Funzionalit\u00e0 gratuite e a pagamento nella Live Chat online<\/h2>\n<p>La maggior parte dei siti e delle app offre una solida esperienza di live chat online gratuita, ma gli aggiornamenti a pagamento possono includere:<\/p>\n<ul>\n<li>Filtri avanzati (sesso, et\u00e0, posizione, interessi)<\/li>\n<li>Abbinamento\/selezione prioritaria o illimitata<\/li>\n<li>Navigazione senza annunci<\/li>\n<li>Sale private o \"VIP<\/li>\n<li>Emoji, adesivi o giochi in chat personalizzati<\/li>\n<\/ul>\n<p>Per la maggior parte degli utenti, la versione gratuita \u00e8 pi\u00f9 che sufficiente per conversazioni significative e divertenti.<\/p>\n<p>La chat dal vivo online ha rivoluzionato il modo in cui ci connettiamo. \u00c8 veloce, spontanea e piena di sorprese, sia che si tratti di chattare con vecchi amici o di incontrare qualcuno di completamente nuovo. La parte migliore? \u00c8 disponibile in qualsiasi momento, ovunque e di solito gratuitamente.<\/p>\n<p>Allora perch\u00e9 non provare? Entrate in una stanza di chat dal vivo, provate una chat video dal vivo a caso o create il vostro gruppo personale oggi stesso. La vostra prossima grande storia, amico o risata potrebbe essere a portata di clic.<\/p>","protected":false},"excerpt":{"rendered":"<p>Remember when chatting online meant sending messages and waiting for replies? Those days are gone. Now, with live chat online platforms, you can connect instantly\u2014by text, voice, or video\u2014sharing laughs, advice, and even life-changing moments with people around the world in real time. Whether you\u2019re craving spontaneous conversation, looking to meet new friends, or want [&hellip;]<\/p>\n","protected":false},"author":8,"featured_media":0,"parent":0,"menu_order":0,"comment_status":"closed","ping_status":"closed","template":"","meta":{"footnotes":""},"class_list":["post-12732","page","type-page","status-publish","hentry"],"yoast_head":"<!-- This site is optimized with the Yoast SEO plugin v27.4 - https:\/\/yoast.com\/product\/yoast-seo-wordpress\/ -->\n<title>Live Chat Online with Video Chat on TinyChat.com<\/title>\n<meta name=\"description\" content=\"Enjoying Live Chat Online? Join over 50,000,000 strangers on TinyChat! Turn on your cam and start meeting new people, or find a match.\" \/>\n<meta name=\"robots\" content=\"index, follow, max-snippet:-1, max-image-preview:large, max-video-preview:-1\" \/>\n<link rel=\"canonical\" href=\"https:\/\/tinychat.com\/it\/live-chat-online\/\" \/>\n<meta property=\"og:locale\" content=\"it_IT\" \/>\n<meta property=\"og:type\" content=\"article\" \/>\n<meta property=\"og:title\" content=\"Live Chat Online with Video Chat on TinyChat.com\" \/>\n<meta property=\"og:description\" content=\"Enjoying Live Chat Online? Join over 50,000,000 strangers on TinyChat! Turn on your cam and start meeting new people, or find a match.\" \/>\n<meta property=\"og:url\" content=\"https:\/\/tinychat.com\/it\/live-chat-online\/\" \/>\n<meta property=\"og:site_name\" content=\"TinyChat\" \/>\n<meta property=\"article:publisher\" content=\"https:\/\/www.facebook.com\/tinychat\" \/>\n<meta property=\"article:modified_time\" content=\"2025-07-16T13:01:20+00:00\" \/>\n<meta property=\"og:image\" content=\"https:\/\/tinychat.com\/wp-content\/uploads\/2020\/04\/Tinychat-logo-1280x284-new-black.png\" \/>\n\t<meta property=\"og:image:width\" content=\"1280\" \/>\n\t<meta property=\"og:image:height\" content=\"284\" \/>\n\t<meta property=\"og:image:type\" content=\"image\/png\" \/>\n<meta name=\"twitter:card\" content=\"summary_large_image\" \/>\n<meta name=\"twitter:site\" content=\"@tinychat\" \/>\n<meta name=\"twitter:label1\" content=\"Tempo di lettura stimato\" \/>\n\t<meta name=\"twitter:data1\" content=\"7 minuti\" \/>\n<script type=\"application\/ld+json\" class=\"yoast-schema-graph\">{\"@context\":\"https:\\\/\\\/schema.org\",\"@graph\":[{\"@type\":\"WebPage\",\"@id\":\"https:\\\/\\\/tinychat.com\\\/live-chat-online\\\/\",\"url\":\"https:\\\/\\\/tinychat.com\\\/live-chat-online\\\/\",\"name\":\"Live Chat Online with Video Chat on TinyChat.com\",\"isPartOf\":{\"@id\":\"https:\\\/\\\/tinychat.com\\\/#website\"},\"datePublished\":\"2025-03-12T07:40:59+00:00\",\"dateModified\":\"2025-07-16T13:01:20+00:00\",\"description\":\"Enjoying Live Chat Online? Join over 50,000,000 strangers on TinyChat! Turn on your cam and start meeting new people, or find a match.\",\"breadcrumb\":{\"@id\":\"https:\\\/\\\/tinychat.com\\\/live-chat-online\\\/#breadcrumb\"},\"inLanguage\":\"it-IT\",\"potentialAction\":[{\"@type\":\"ReadAction\",\"target\":[\"https:\\\/\\\/tinychat.com\\\/live-chat-online\\\/\"]}]},{\"@type\":\"BreadcrumbList\",\"@id\":\"https:\\\/\\\/tinychat.com\\\/live-chat-online\\\/#breadcrumb\",\"itemListElement\":[{\"@type\":\"ListItem\",\"position\":1,\"name\":\"Home\",\"item\":\"https:\\\/\\\/tinychat.com\\\/\"},{\"@type\":\"ListItem\",\"position\":2,\"name\":\"Live Chat Online\"}]},{\"@type\":\"WebSite\",\"@id\":\"https:\\\/\\\/tinychat.com\\\/#website\",\"url\":\"https:\\\/\\\/tinychat.com\\\/\",\"name\":\"TinyChat\",\"description\":\"Random Video Chat with Strangers\",\"publisher\":{\"@id\":\"https:\\\/\\\/tinychat.com\\\/#organization\"},\"alternateName\":\"TinyChat.com\",\"potentialAction\":[{\"@type\":\"SearchAction\",\"target\":{\"@type\":\"EntryPoint\",\"urlTemplate\":\"https:\\\/\\\/tinychat.com\\\/?s={search_term_string}\"},\"query-input\":{\"@type\":\"PropertyValueSpecification\",\"valueRequired\":true,\"valueName\":\"search_term_string\"}}],\"inLanguage\":\"it-IT\"},{\"@type\":\"Organization\",\"@id\":\"https:\\\/\\\/tinychat.com\\\/#organization\",\"name\":\"TinyChat\",\"alternateName\":\"TinyChat.com\",\"url\":\"https:\\\/\\\/tinychat.com\\\/\",\"logo\":{\"@type\":\"ImageObject\",\"inLanguage\":\"it-IT\",\"@id\":\"https:\\\/\\\/tinychat.com\\\/#\\\/schema\\\/logo\\\/image\\\/\",\"url\":\"https:\\\/\\\/tinychat.com\\\/wp-content\\\/uploads\\\/2023\\\/11\\\/Tinychat-icon-square.png\",\"contentUrl\":\"https:\\\/\\\/tinychat.com\\\/wp-content\\\/uploads\\\/2023\\\/11\\\/Tinychat-icon-square.png\",\"width\":284,\"height\":284,\"caption\":\"TinyChat\"},\"image\":{\"@id\":\"https:\\\/\\\/tinychat.com\\\/#\\\/schema\\\/logo\\\/image\\\/\"},\"sameAs\":[\"https:\\\/\\\/www.facebook.com\\\/tinychat\",\"https:\\\/\\\/x.com\\\/tinychat\"]}]}<\/script>\n<!-- \/ Yoast SEO plugin. -->","yoast_head_json":{"title":"Live Chat Online con Video Chat su TinyChat.com","description":"Ti piace la chat dal vivo online? Unisciti a oltre 50.000.000 di sconosciuti su TinyChat! Accendi la tua cam e inizia a conoscere nuove persone o a trovare un partner.","robots":{"index":"index","follow":"follow","max-snippet":"max-snippet:-1","max-image-preview":"max-image-preview:large","max-video-preview":"max-video-preview:-1"},"canonical":"https:\/\/tinychat.com\/it\/live-chat-online\/","og_locale":"it_IT","og_type":"article","og_title":"Live Chat Online with Video Chat on TinyChat.com","og_description":"Enjoying Live Chat Online? Join over 50,000,000 strangers on TinyChat! Turn on your cam and start meeting new people, or find a match.","og_url":"https:\/\/tinychat.com\/it\/live-chat-online\/","og_site_name":"TinyChat","article_publisher":"https:\/\/www.facebook.com\/tinychat","article_modified_time":"2025-07-16T13:01:20+00:00","og_image":[{"width":1280,"height":284,"url":"https:\/\/tinychat.com\/wp-content\/uploads\/2020\/04\/Tinychat-logo-1280x284-new-black.png","type":"image\/png"}],"twitter_card":"summary_large_image","twitter_site":"@tinychat","twitter_misc":{"Tempo di lettura stimato":"7 minuti"},"schema":{"@context":"https:\/\/schema.org","@graph":[{"@type":"WebPage","@id":"https:\/\/tinychat.com\/live-chat-online\/","url":"https:\/\/tinychat.com\/live-chat-online\/","name":"Live Chat Online con Video Chat su TinyChat.com","isPartOf":{"@id":"https:\/\/tinychat.com\/#website"},"datePublished":"2025-03-12T07:40:59+00:00","dateModified":"2025-07-16T13:01:20+00:00","description":"Ti piace la chat dal vivo online? Unisciti a oltre 50.000.000 di sconosciuti su TinyChat! Accendi la tua cam e inizia a conoscere nuove persone o a trovare un partner.","breadcrumb":{"@id":"https:\/\/tinychat.com\/live-chat-online\/#breadcrumb"},"inLanguage":"it-IT","potentialAction":[{"@type":"ReadAction","target":["https:\/\/tinychat.com\/live-chat-online\/"]}]},{"@type":"BreadcrumbList","@id":"https:\/\/tinychat.com\/live-chat-online\/#breadcrumb","itemListElement":[{"@type":"ListItem","position":1,"name":"Home","item":"https:\/\/tinychat.com\/"},{"@type":"ListItem","position":2,"name":"Live Chat Online"}]},{"@type":"WebSite","@id":"https:\/\/tinychat.com\/#website","url":"https:\/\/tinychat.com\/","name":"TinyChat","description":"Videochat casuale con sconosciuti","publisher":{"@id":"https:\/\/tinychat.com\/#organization"},"alternateName":"TinyChat.com","potentialAction":[{"@type":"SearchAction","target":{"@type":"EntryPoint","urlTemplate":"https:\/\/tinychat.com\/?s={search_term_string}"},"query-input":{"@type":"PropertyValueSpecification","valueRequired":true,"valueName":"search_term_string"}}],"inLanguage":"it-IT"},{"@type":"Organization","@id":"https:\/\/tinychat.com\/#organization","name":"TinyChat","alternateName":"TinyChat.com","url":"https:\/\/tinychat.com\/","logo":{"@type":"ImageObject","inLanguage":"it-IT","@id":"https:\/\/tinychat.com\/#\/schema\/logo\/image\/","url":"https:\/\/tinychat.com\/wp-content\/uploads\/2023\/11\/Tinychat-icon-square.png","contentUrl":"https:\/\/tinychat.com\/wp-content\/uploads\/2023\/11\/Tinychat-icon-square.png","width":284,"height":284,"caption":"TinyChat"},"image":{"@id":"https:\/\/tinychat.com\/#\/schema\/logo\/image\/"},"sameAs":["https:\/\/www.facebook.com\/tinychat","https:\/\/x.com\/tinychat"]}]}},"_links":{"self":[{"href":"https:\/\/tinychat.com\/it\/wp-json\/wp\/v2\/pages\/12732","targetHints":{"allow":["GET"]}}],"collection":[{"href":"https:\/\/tinychat.com\/it\/wp-json\/wp\/v2\/pages"}],"about":[{"href":"https:\/\/tinychat.com\/it\/wp-json\/wp\/v2\/types\/page"}],"author":[{"embeddable":true,"href":"https:\/\/tinychat.com\/it\/wp-json\/wp\/v2\/users\/8"}],"replies":[{"embeddable":true,"href":"https:\/\/tinychat.com\/it\/wp-json\/wp\/v2\/comments?post=12732"}],"version-history":[{"count":2,"href":"https:\/\/tinychat.com\/it\/wp-json\/wp\/v2\/pages\/12732\/revisions"}],"predecessor-version":[{"id":13335,"href":"https:\/\/tinychat.com\/it\/wp-json\/wp\/v2\/pages\/12732\/revisions\/13335"}],"wp:attachment":[{"href":"https:\/\/tinychat.com\/it\/wp-json\/wp\/v2\/media?parent=12732"}],"curies":[{"name":"wp","href":"https:\/\/api.w.org\/{rel}","templated":true}]}}