{"id":1303,"date":"2025-08-04T13:53:38","date_gmt":"2025-08-04T11:53:38","guid":{"rendered":"https:\/\/tinychat.com\/?page_id=1303"},"modified":"2025-08-04T14:31:26","modified_gmt":"2025-08-04T12:31:26","slug":"monkey-app","status":"publish","type":"page","link":"https:\/\/tinychat.com\/it\/monkey-app\/","title":{"rendered":"App Scimmia"},"content":{"rendered":"<p>In un mondo in cui le connessioni sociali sembrano spesso curate, raffinate o superficiali, molti giovani cercano qualcosa di pi\u00f9 reale, non scritto, spontaneo e divertente. Monkey App \u00e8 emersa come una delle piattaforme di video chat pi\u00f9 popolari per la generazione Z e gli adolescenti, nota per la sua energia eccentrica, gli incontri istantanei e lo stile casual. Costruita per un'autentica scoperta sociale, Monkey consente di incontrare sconosciuti, fare amicizia e andare in diretta con un semplice tocco, il tutto mantenendo le cose leggere e giocose.<\/p>\n<p>Sia che vogliate entrare in contatto con nuove persone, ammazzare la noia, aumentare il vostro numero di follower o trovare chat notturne con amici e sconosciuti, Monkey offre un'esperienza unica che \u00e8 sia nostalgica (pensate a Omegle) che completamente moderna (integrata con TikTok, Snapchat e la cultura virale).<\/p>\n<p>Questa recensione approfondita copre tutto ci\u00f2 che riguarda Monkey: il funzionamento, le caratteristiche principali, la sicurezza e la privacy, l'esperienza dell'utente, il confronto con le migliori alternative, la risoluzione dei problemi e i consigli dei professionisti per sfruttare al meglio ogni sessione di Monkey.<\/p>\n<h2>Che cos'\u00e8 Monkey App?<\/h2>\n<p>Monkey \u00e8 una piattaforma di video chat sociale e veloce, disponibile come app per iOS e Android, progettata per aiutare gli utenti a fare nuove amicizie all'istante, abbinandole a brevi e casuali videochiamate. Gli utenti possono anche inviare messaggi di testo, partecipare a chat di gruppo e trasmettere se stessi in diretta.<\/p>\n<p>Lanciato nel 2016, Monkey \u00e8 diventato rapidamente un successo virale tra gli adolescenti e i giovani adulti di tutto il mondo. Viene spesso descritto come \"Omegle per la generazione Z\", ma con un approccio pi\u00f9 sociale, interattivo e positivo, oltre a una maggiore moderazione e a funzioni di sicurezza integrate.<\/p>\n<p>I valori fondamentali di Monkey sono l'autenticit\u00e0, la spontaneit\u00e0 e il divertimento, che la rendono un'app di riferimento per milioni di persone che vogliono entrare in contatto con persone reali - non bot, non spam, non profili curati.<\/p>\n<h2>Caratteristiche principali dell'applicazione Monkey<\/h2>\n<p>La miscela unica di chat video, streaming live e social network di Monkey \u00e8 costruita attorno a queste caratteristiche distintive:<\/p>\n<h3>1. Chat video casuale istantanea<\/h3>\n<ul>\n<li>Scorri e abbina: Abbinatevi a nuove persone di tutto il mondo in pochi secondi.<\/li>\n<li>Videochiamate brevi: La maggior parte delle chat inizia con 15 secondi: se si ha voglia, si pu\u00f2 aggiungere altro tempo o connettersi ulteriormente.<\/li>\n<li>Faccia a faccia e reale: ogni incontro \u00e8 una video chat dal vivo e senza filtri, senza foto, senza filtri, senza profili.<\/li>\n<\/ul>\n<h3>2. Andare in diretta e fare il livestreaming<\/h3>\n<ul>\n<li>Ospitare spettacoli dal vivo: Trasmettete voi stessi, condividete i vostri talenti o semplicemente esibitevi di fronte a un pubblico dal vivo.<\/li>\n<li>Guardare e partecipare agli stream: Entrate negli stream di tendenza, chattate con i conduttori, inviate reazioni e fatevi nuovi amici in tempo reale.<\/li>\n<\/ul>\n<h3>3. Scoperta sociale e amici<\/h3>\n<ul>\n<li>Aggiungi amici: Se ci si connette con qualcuno, \u00e8 possibile aggiungerlo come amico per le chat future.<\/li>\n<li>Profili e interessi: I profili di base aiutano ad abbinare le persone che condividono le vostre vibrazioni e i vostri interessi.<\/li>\n<li>Utenti e stanze di tendenza: Scoprite i creatori pi\u00f9 popolari, le stanze dei gruppi e le personalit\u00e0 virali.<\/li>\n<\/ul>\n<h3>4. Testo e chat di gruppo<\/h3>\n<ul>\n<li>Messaggi diretti: Invia un messaggio agli amici che hai conosciuto in videochiamata.<\/li>\n<li>Chat di gruppo: Avviare o partecipare a chat di gruppo pubbliche per discussioni con la comunit\u00e0, meme o incontri a tema.<\/li>\n<\/ul>\n<h3>5. Integrazione dei social media<\/h3>\n<ul>\n<li>TikTok, Snapchat e altro: Condividete i vostri handle, connettetevi su altre piattaforme e costruite un seguito multi-app.<\/li>\n<li>Condividere i momenti: Pubblicate i momenti salienti delle vostre chat, vite o momenti nel feed di Monkey o esportateli su altri social.<\/li>\n<\/ul>\n<h3>6. Moderazione e sicurezza degli utenti<\/h3>\n<ul>\n<li>Moderazione in diretta: I moderatori umani e dell'intelligenza artificiale controllano le chat e gli stream per verificarne la sicurezza.<\/li>\n<li>Segnalazione\/Blocco: Segnalare o bloccare istantaneamente gli utenti che si comportano in modo inappropriato.<\/li>\n<li>Linee guida della comunit\u00e0: Regole chiare e un approccio incentrato sui giovani mantengono l'atmosfera positiva.<\/li>\n<\/ul>\n<h3>7. Filtri e personalizzazione<\/h3>\n<ul>\n<li>Filtri per genere e regione: Scegliere di abbinare ragazzi, ragazze o tutti i generi; filtrare per paese o stato.<\/li>\n<li>Aggiungi interessi: Impostare gli argomenti preferiti (musica, meme, giochi, ecc.) per un abbinamento pi\u00f9 intelligente.<\/li>\n<li>Adesivi, effetti e molto altro: Personalizzate la vostra fotocamera con effetti e adesivi.<\/li>\n<\/ul>\n<h3>8. Design mobile-first<\/h3>\n<ul>\n<li>Basato su app: Disponibile per iPhone e Android con un'interfaccia pulita e facile da scorrere.<\/li>\n<li>Notifiche push: Rimanete in contatto con i vostri amici e streamer preferiti.<\/li>\n<\/ul>\n<h2>Come utilizzare l'applicazione Monkey<\/h2>\n<p>La scimmia si basa sulla semplicit\u00e0 e sulla spontaneit\u00e0. Ecco come immergersi:<\/p>\n<h3>Passo 1: Scaricare e installare l'applicazione<\/h3>\n<ul>\n<li>Scaricate Monkey gratuitamente dall'App Store o da Google Play.<\/li>\n<\/ul>\n<h3>Fase 2: Registrazione e impostazione del profilo<\/h3>\n<ul>\n<li>Iscrizioni rapide con il numero di telefono, l'e-mail o l'account social.<\/li>\n<li>Aggiungete una foto del profilo e gli interessi per una migliore corrispondenza.<\/li>\n<li>Impostare i filtri (et\u00e0, sesso, regione, ecc.).<\/li>\n<\/ul>\n<h3>Fase 3: Avviare una chat video<\/h3>\n<ul>\n<li>Premete \"Start\" per essere accoppiati istantaneamente con un utente a caso.<\/li>\n<li>Ogni chat inizia con un timer: se entrambi siete d'accordo, potete prolungarla o aggiungervi come amici.<\/li>\n<\/ul>\n<h3>Fase 4: Andare in diretta o partecipare a spettacoli dal vivo<\/h3>\n<ul>\n<li>Toccare \"Go Live\" per iniziare la trasmissione, oppure sfogliare i feed trending\/live per partecipare come spettatori.<\/li>\n<li>Interagire, commentare e inviare reazioni durante gli streaming.<\/li>\n<\/ul>\n<h3>Fase 5: Fare amicizia e chattare<\/h3>\n<ul>\n<li>Aggiungete persone interessanti alla vostra lista di amici e avviate chat dirette o di gruppo in qualsiasi momento.<\/li>\n<li>Condividete i vostri social per connettervi al di l\u00e0 della Scimmia, se ne avete voglia.<\/li>\n<\/ul>\n<h3>Fase 6: Moderare e rimanere al sicuro<\/h3>\n<ul>\n<li>Utilizzate i pulsanti di segnalazione\/blocco per qualsiasi comportamento inappropriato.<\/li>\n<li>Esaminare e impostare i controlli sulla privacy per DM, stream e richieste di amicizia.<\/li>\n<\/ul>\n<h2>Esperienza utente su Monkey App<\/h2>\n<p>Monkey \u00e8 costruito per la Gen Z e i nativi digitali: casual, veloce, mobile e divertente:<\/p>\n<h3>Cosa amano gli utenti<\/h3>\n<ul>\n<li>Videochat istantanea e reale: Nessuna attesa, nessun profilo, nessuna finzione: solo autentiche conversazioni faccia a faccia.<\/li>\n<li>Atmosfera virale ed energica: Sembra TikTok o Snapchat, ma si incontrano persone invece di guardare solo contenuti.<\/li>\n<li>Streaming in diretta: Chiunque pu\u00f2 andare in diretta, farsi notare e crearsi un seguito.<\/li>\n<li>Ambiente positivo e moderato: I troll sono rari, lo spam viene gestito rapidamente.<\/li>\n<li>Filtri personalizzati: Abbinamenti con persone che condividono i tuoi interessi, il tuo background o la tua atmosfera.<\/li>\n<li>Controlli sulla privacy: \u00c8 facile gestire chi pu\u00f2 inviarvi messaggi, aggiungervi o vedervi.<\/li>\n<li>Orientato al mobile: Progettato per funzionare perfettamente sui telefoni: basta scorrere e toccare.<\/li>\n<\/ul>\n<h3>Dove gli utenti vedono margini di miglioramento<\/h3>\n<ul>\n<li>La durata della chat pu\u00f2 sembrare breve se non c'\u00e8 \"vibrazione\" tra le due persone.<\/li>\n<li>Alcune funzioni (come i filtri per regione\/genere) possono richiedere monete o accesso premium.<\/li>\n<li>Utenti occasionali minorenni (segnalati rapidamente, ma sempre un rischio sulle app aperte).<\/li>\n<li>La scopribilit\u00e0 di Livestream pu\u00f2 essere difficile con cos\u00ec tanti creatori.<\/li>\n<li>Solo app (nessuna versione desktop).<\/li>\n<\/ul>\n<h3>Feedback degli utenti reali<\/h3>\n<blockquote><p>\"Monkey \u00e8 il migliore per incontrare nuovi amici o semplicemente per parlare con persone sconosciute. Non sai mai chi ti capiter\u00e0!\".<br \/>\n- <em>Jess K., Recensione App Store<\/em><\/p><\/blockquote>\n<blockquote><p>\"Mi piace andare in diretta e ottenere follower. \u00c8 molto pi\u00f9 divertente di Instagram o TikTok per incontrare persone reali\".<br \/>\n- <em>Marcus R., Google Play<\/em><\/p><\/blockquote>\n<blockquote><p>\"\u00c8 possibile avere una conversazione, non solo guardare video. Inoltre, i troll vengono bannati rapidamente\".<br \/>\n- <em>Priya D., Trustpilot<\/em><\/p><\/blockquote>\n<h2>Monkey App vs. altre piattaforme di video chat<\/h2>\n<p>Come si colloca Monkey rispetto alla concorrenza?<\/p>\n<table>\n<thead>\n<tr>\n<th>Caratteristica<\/th>\n<th>Scimmia<\/th>\n<th>HOLLA<\/th>\n<th>LivU<\/th>\n<th>OmegleWeb<\/th>\n<th>ChatHub<\/th>\n<th>Bigo Live<\/th>\n<\/tr>\n<\/thead>\n<tbody>\n<tr>\n<td>Random Video Chat con Sconosciuti<\/td>\n<td>\u2705 S\u00ec<\/td>\n<td>\u2705 S\u00ec<\/td>\n<td>\u2705 S\u00ec<\/td>\n<td>\u2705 S\u00ec<\/td>\n<td>\u2705 S\u00ec<\/td>\n<td>\u274c No<\/td>\n<\/tr>\n<tr>\n<td>Streaming in diretta<\/td>\n<td>\u2705 S\u00ec<\/td>\n<td>\u2705 S\u00ec<\/td>\n<td>\u2705 S\u00ec<\/td>\n<td>\u274c No<\/td>\n<td>\u274c No<\/td>\n<td>\u2705 S\u00ec<\/td>\n<\/tr>\n<tr>\n<td>Chat di gruppo<\/td>\n<td>\u2705 S\u00ec<\/td>\n<td>\u2705 S\u00ec<\/td>\n<td>\u2705 S\u00ec<\/td>\n<td>\u274c No<\/td>\n<td>\u2705 S\u00ec<\/td>\n<td>\u2705 S\u00ec<\/td>\n<\/tr>\n<tr>\n<td>App mobile<\/td>\n<td>\u2705 S\u00ec<\/td>\n<td>\u2705 S\u00ec<\/td>\n<td>\u2705 S\u00ec<\/td>\n<td>\u2705 S\u00ec<\/td>\n<td>\u2705 S\u00ec<\/td>\n<td>\u2705 S\u00ec<\/td>\n<\/tr>\n<tr>\n<td>Filtri\/Interessi<\/td>\n<td>\u2705 S\u00ec<\/td>\n<td>\u2705 S\u00ec<\/td>\n<td>\u2705 S\u00ec<\/td>\n<td>Limitato<\/td>\n<td>\u2705 S\u00ec<\/td>\n<td>\u2705 S\u00ec<\/td>\n<\/tr>\n<tr>\n<td>Sistema amico<\/td>\n<td>\u2705 S\u00ec<\/td>\n<td>\u2705 S\u00ec<\/td>\n<td>\u2705 S\u00ec<\/td>\n<td>\u274c No<\/td>\n<td>\u2705 S\u00ec<\/td>\n<td>\u2705 S\u00ec<\/td>\n<\/tr>\n<tr>\n<td>Feed sociale<\/td>\n<td>\u2705 S\u00ec<\/td>\n<td>\u2705 S\u00ec<\/td>\n<td>\u2705 S\u00ec<\/td>\n<td>\u274c No<\/td>\n<td>\u274c No<\/td>\n<td>\u2705 S\u00ec<\/td>\n<\/tr>\n<tr>\n<td>Monetizzazione<\/td>\n<td>\u2705 S\u00ec<\/td>\n<td>\u274c No<\/td>\n<td>\u2705 S\u00ec<\/td>\n<td>\u274c No<\/td>\n<td>\u274c No<\/td>\n<td>\u2705 S\u00ec<\/td>\n<\/tr>\n<tr>\n<td>Controlli sulla privacy<\/td>\n<td>\u2705 S\u00ec<\/td>\n<td>\u2705 S\u00ec<\/td>\n<td>\u2705 S\u00ec<\/td>\n<td>\u2705 Base<\/td>\n<td>\u2705 S\u00ec<\/td>\n<td>\u2705 S\u00ec<\/td>\n<\/tr>\n<\/tbody>\n<\/table>\n<p>Sommario: Monkey \u00e8 la soluzione migliore per gli utenti che desiderano una chat video casuale e uno streaming sociale in diretta, con un design moderno, una moderazione attiva e caratteristiche adatte ai giovani.<\/p>\n<h2>Monkey App \u00e8 sicura?<\/h2>\n<p>Monkey ha fatto della sicurezza una priorit\u00e0 assoluta, con:<\/p>\n<ul>\n<li>Moderazione 24\/7: L'intelligenza artificiale e il personale reale controllano le violazioni.<\/li>\n<li>Verifica dell'et\u00e0: Tentativo di verifica all'atto dell'iscrizione, ma \u00e8 sempre bene usare cautela.<\/li>\n<li>Rapporto\/blocco facile: Gli strumenti sono in primo piano.<\/li>\n<li>Controlli sulla privacy: Controlla chi pu\u00f2 inviare messaggi, aggiungere o vedere il tuo profilo.<\/li>\n<li>Nessun registro di chat persistente: Le chat sono temporanee, a meno che non si aggiunga qualcuno come amico.<\/li>\n<li>Linee guida chiare per la comunit\u00e0: Aggiornate regolarmente per riflettere l'evoluzione delle tendenze e dei rischi.<\/li>\n<\/ul>\n<h3>Consigli per la sicurezza<\/h3>\n<ul>\n<li>Non condividete mai i vostri dati personali con estranei (nome e cognome, indirizzo, telefono, ecc.).<\/li>\n<li>Utilizzate la funzione \"Segnala\" per qualsiasi contenuto o utente inappropriato.<\/li>\n<li>Non accettate contatti off-app finch\u00e9 non siete sicuri di fidarvi della persona.<\/li>\n<li>Condividete i vostri social solo se vi sentite a vostro agio.<\/li>\n<li>Per i genitori: Rivedere le impostazioni di sicurezza, discutere dei rischi online e supervisionare l'uso delle app per gli adolescenti pi\u00f9 giovani.<\/li>\n<\/ul>\n<h2>Suggerimenti per ottenere il massimo dalla scimmia<\/h2>\n<ul>\n<li>Siate aperti e amichevoli: La maggior parte delle grandi chiacchierate inizia con una buona energia.<\/li>\n<li>Agite velocemente nelle brevi conversazioni: Fate in modo che la vostra prima impressione conti; se vibrate, prolungate il tempo.<\/li>\n<li>Utilizzate i filtri: Collegatevi con persone della vostra zona o che condividono i vostri interessi.<\/li>\n<li>Andare in diretta: Costruisci follower, esprimi te stesso e incontra persone velocemente.<\/li>\n<li>Segnalare\/bloccare se necessario: Contribuire a mantenere la scimmia positiva e sicura.<\/li>\n<li>Rimanete aggiornati: Utilizzate l'ultima versione dell'app per ottenere le migliori funzioni e la massima sicurezza.<\/li>\n<li>Condividete il vostro handle: Fate crescere la vostra rete su tutte le piattaforme, ma solo quando siete pronti.<\/li>\n<\/ul>\n<h2>Risoluzione dei problemi comuni dell'applicazione Monkey<\/h2>\n<h3>Impossibile avviare la chat video<\/h3>\n<p>Assicurarsi di aver concesso le autorizzazioni per la fotocamera\/microfono; aggiornare l'applicazione se necessario.<\/p>\n<h3>Scarsa connessione<\/h3>\n<p>Utilizzate un Wi-Fi forte; chiudete le app in background; provate a passare dal Wi-Fi ai dati.<\/p>\n<h3>Spam o utenti inappropriati<\/h3>\n<p>Segnala o blocca immediatamente I moderatori di Monkey agiscono rapidamente.<\/p>\n<h3>L'app si blocca o si blocca<\/h3>\n<p>Riavviare il telefono, cancellare la cache e assicurarsi che l'applicazione sia aggiornata.<\/p>\n<h3>Non \u00e8 possibile aggiungere amici<\/h3>\n<p>Entrambi gli utenti devono essere d'accordo: provate a connettervi di nuovo o controllate se l'elenco degli amici \u00e8 completo.<\/p>\n<p>Assolutamente s\u00ec, soprattutto per la generazione Z, i giovani adulti e tutti coloro che cercano connessioni sociali reali, casuali e dal vivo. Monkey porta in tasca la magia delle videochat non scritte, unendo il meglio della cultura virale, l'energia di TikTok e lo streaming in diretta con una moderazione e una privacy solide.<\/p>\n<p>Che vogliate incontrare sconosciuti, andare in diretta, costruirvi un seguito o semplicemente ridere e ammazzare il tempo, Monkey \u00e8 il vostro biglietto per la comunit\u00e0 di video chat pi\u00f9 vivace, veloce e autentica del mondo.<\/p>\n<p>Pronti a chattare e ad andare in diretta? Scaricate Monkey dall'App Store o da Google Play, create il vostro profilo e tuffatevi nell'app sociale pi\u00f9 selvaggia, amichevole e imprevedibile del momento.<\/p>","protected":false},"excerpt":{"rendered":"<p>In a world where social connections often feel curated, polished, or superficial, many young people are seeking something more real\u2014unscripted, spontaneous, and fun. Monkey App has emerged as one of the most popular video chat platforms for Gen Z and teens, known for its quirky energy, instant matches, and casual style. Built for authentic social [&hellip;]<\/p>\n","protected":false},"author":6,"featured_media":0,"parent":0,"menu_order":0,"comment_status":"closed","ping_status":"closed","template":"","meta":{"footnotes":""},"class_list":["post-1303","page","type-page","status-publish","hentry"],"yoast_head":"<!-- This site is optimized with the Yoast SEO plugin v27.5 - https:\/\/yoast.com\/product\/yoast-seo-wordpress\/ -->\n<title>Monkey App - Random Video Chat Like Omegle - TinyChat.com<\/title>\n<meta name=\"description\" content=\"Enjoying Monkey App? Join over 50,000,000 strangers on TinyChat! Turn on your cam and start meeting new people, or find a match.\" \/>\n<meta name=\"robots\" content=\"index, follow, max-snippet:-1, max-image-preview:large, max-video-preview:-1\" \/>\n<link rel=\"canonical\" href=\"https:\/\/tinychat.com\/it\/monkey-app\/\" \/>\n<meta property=\"og:locale\" content=\"it_IT\" \/>\n<meta property=\"og:type\" content=\"article\" \/>\n<meta property=\"og:title\" content=\"Monkey App - Random Video Chat Like Omegle - TinyChat.com\" \/>\n<meta property=\"og:description\" content=\"Enjoying Monkey App? Join over 50,000,000 strangers on TinyChat! Turn on your cam and start meeting new people, or find a match.\" \/>\n<meta property=\"og:url\" content=\"https:\/\/tinychat.com\/it\/monkey-app\/\" \/>\n<meta property=\"og:site_name\" content=\"TinyChat\" \/>\n<meta property=\"article:publisher\" content=\"https:\/\/www.facebook.com\/tinychat\" \/>\n<meta property=\"article:modified_time\" content=\"2025-08-04T12:31:26+00:00\" \/>\n<meta property=\"og:image\" content=\"https:\/\/tinychat.com\/wp-content\/uploads\/2020\/04\/Tinychat-logo-1280x284-new-black.png\" \/>\n\t<meta property=\"og:image:width\" content=\"1280\" \/>\n\t<meta property=\"og:image:height\" content=\"284\" \/>\n\t<meta property=\"og:image:type\" content=\"image\/png\" \/>\n<meta name=\"twitter:card\" content=\"summary_large_image\" \/>\n<meta name=\"twitter:site\" content=\"@tinychat\" \/>\n<meta name=\"twitter:label1\" content=\"Tempo di lettura stimato\" \/>\n\t<meta name=\"twitter:data1\" content=\"7 minuti\" \/>\n<script type=\"application\/ld+json\" class=\"yoast-schema-graph\">{\"@context\":\"https:\\\/\\\/schema.org\",\"@graph\":[{\"@type\":\"WebPage\",\"@id\":\"https:\\\/\\\/tinychat.com\\\/monkey-app\\\/\",\"url\":\"https:\\\/\\\/tinychat.com\\\/monkey-app\\\/\",\"name\":\"Monkey App - Random Video Chat Like Omegle - TinyChat.com\",\"isPartOf\":{\"@id\":\"https:\\\/\\\/tinychat.com\\\/#website\"},\"datePublished\":\"2025-08-04T11:53:38+00:00\",\"dateModified\":\"2025-08-04T12:31:26+00:00\",\"description\":\"Enjoying Monkey App? Join over 50,000,000 strangers on TinyChat! Turn on your cam and start meeting new people, or find a match.\",\"breadcrumb\":{\"@id\":\"https:\\\/\\\/tinychat.com\\\/monkey-app\\\/#breadcrumb\"},\"inLanguage\":\"it-IT\",\"potentialAction\":[{\"@type\":\"ReadAction\",\"target\":[\"https:\\\/\\\/tinychat.com\\\/monkey-app\\\/\"]}]},{\"@type\":\"BreadcrumbList\",\"@id\":\"https:\\\/\\\/tinychat.com\\\/monkey-app\\\/#breadcrumb\",\"itemListElement\":[{\"@type\":\"ListItem\",\"position\":1,\"name\":\"Home\",\"item\":\"https:\\\/\\\/tinychat.com\\\/\"},{\"@type\":\"ListItem\",\"position\":2,\"name\":\"Monkey App\"}]},{\"@type\":\"WebSite\",\"@id\":\"https:\\\/\\\/tinychat.com\\\/#website\",\"url\":\"https:\\\/\\\/tinychat.com\\\/\",\"name\":\"TinyChat\",\"description\":\"Random Video Chat with Strangers\",\"publisher\":{\"@id\":\"https:\\\/\\\/tinychat.com\\\/#organization\"},\"alternateName\":\"TinyChat.com\",\"potentialAction\":[{\"@type\":\"SearchAction\",\"target\":{\"@type\":\"EntryPoint\",\"urlTemplate\":\"https:\\\/\\\/tinychat.com\\\/?s={search_term_string}\"},\"query-input\":{\"@type\":\"PropertyValueSpecification\",\"valueRequired\":true,\"valueName\":\"search_term_string\"}}],\"inLanguage\":\"it-IT\"},{\"@type\":\"Organization\",\"@id\":\"https:\\\/\\\/tinychat.com\\\/#organization\",\"name\":\"TinyChat\",\"alternateName\":\"TinyChat.com\",\"url\":\"https:\\\/\\\/tinychat.com\\\/\",\"logo\":{\"@type\":\"ImageObject\",\"inLanguage\":\"it-IT\",\"@id\":\"https:\\\/\\\/tinychat.com\\\/#\\\/schema\\\/logo\\\/image\\\/\",\"url\":\"https:\\\/\\\/tinychat.com\\\/wp-content\\\/uploads\\\/2023\\\/11\\\/Tinychat-icon-square.png\",\"contentUrl\":\"https:\\\/\\\/tinychat.com\\\/wp-content\\\/uploads\\\/2023\\\/11\\\/Tinychat-icon-square.png\",\"width\":284,\"height\":284,\"caption\":\"TinyChat\"},\"image\":{\"@id\":\"https:\\\/\\\/tinychat.com\\\/#\\\/schema\\\/logo\\\/image\\\/\"},\"sameAs\":[\"https:\\\/\\\/www.facebook.com\\\/tinychat\",\"https:\\\/\\\/x.com\\\/tinychat\"]}]}<\/script>\n<!-- \/ Yoast SEO plugin. -->","yoast_head_json":{"title":"Monkey App - Video Chat casuale come Omegle - TinyChat.com","description":"Ti piace Monkey App? Unisciti a oltre 50.000.000 di sconosciuti su TinyChat! Accendi la tua cam e inizia a conoscere nuove persone o a trovare un partner.","robots":{"index":"index","follow":"follow","max-snippet":"max-snippet:-1","max-image-preview":"max-image-preview:large","max-video-preview":"max-video-preview:-1"},"canonical":"https:\/\/tinychat.com\/it\/monkey-app\/","og_locale":"it_IT","og_type":"article","og_title":"Monkey App - Random Video Chat Like Omegle - TinyChat.com","og_description":"Enjoying Monkey App? Join over 50,000,000 strangers on TinyChat! Turn on your cam and start meeting new people, or find a match.","og_url":"https:\/\/tinychat.com\/it\/monkey-app\/","og_site_name":"TinyChat","article_publisher":"https:\/\/www.facebook.com\/tinychat","article_modified_time":"2025-08-04T12:31:26+00:00","og_image":[{"width":1280,"height":284,"url":"https:\/\/tinychat.com\/wp-content\/uploads\/2020\/04\/Tinychat-logo-1280x284-new-black.png","type":"image\/png"}],"twitter_card":"summary_large_image","twitter_site":"@tinychat","twitter_misc":{"Tempo di lettura stimato":"7 minuti"},"schema":{"@context":"https:\/\/schema.org","@graph":[{"@type":"WebPage","@id":"https:\/\/tinychat.com\/monkey-app\/","url":"https:\/\/tinychat.com\/monkey-app\/","name":"Monkey App - Video Chat casuale come Omegle - TinyChat.com","isPartOf":{"@id":"https:\/\/tinychat.com\/#website"},"datePublished":"2025-08-04T11:53:38+00:00","dateModified":"2025-08-04T12:31:26+00:00","description":"Ti piace Monkey App? Unisciti a oltre 50.000.000 di sconosciuti su TinyChat! Accendi la tua cam e inizia a conoscere nuove persone o a trovare un partner.","breadcrumb":{"@id":"https:\/\/tinychat.com\/monkey-app\/#breadcrumb"},"inLanguage":"it-IT","potentialAction":[{"@type":"ReadAction","target":["https:\/\/tinychat.com\/monkey-app\/"]}]},{"@type":"BreadcrumbList","@id":"https:\/\/tinychat.com\/monkey-app\/#breadcrumb","itemListElement":[{"@type":"ListItem","position":1,"name":"Home","item":"https:\/\/tinychat.com\/"},{"@type":"ListItem","position":2,"name":"Monkey App"}]},{"@type":"WebSite","@id":"https:\/\/tinychat.com\/#website","url":"https:\/\/tinychat.com\/","name":"TinyChat","description":"Videochat casuale con sconosciuti","publisher":{"@id":"https:\/\/tinychat.com\/#organization"},"alternateName":"TinyChat.com","potentialAction":[{"@type":"SearchAction","target":{"@type":"EntryPoint","urlTemplate":"https:\/\/tinychat.com\/?s={search_term_string}"},"query-input":{"@type":"PropertyValueSpecification","valueRequired":true,"valueName":"search_term_string"}}],"inLanguage":"it-IT"},{"@type":"Organization","@id":"https:\/\/tinychat.com\/#organization","name":"TinyChat","alternateName":"TinyChat.com","url":"https:\/\/tinychat.com\/","logo":{"@type":"ImageObject","inLanguage":"it-IT","@id":"https:\/\/tinychat.com\/#\/schema\/logo\/image\/","url":"https:\/\/tinychat.com\/wp-content\/uploads\/2023\/11\/Tinychat-icon-square.png","contentUrl":"https:\/\/tinychat.com\/wp-content\/uploads\/2023\/11\/Tinychat-icon-square.png","width":284,"height":284,"caption":"TinyChat"},"image":{"@id":"https:\/\/tinychat.com\/#\/schema\/logo\/image\/"},"sameAs":["https:\/\/www.facebook.com\/tinychat","https:\/\/x.com\/tinychat"]}]}},"_links":{"self":[{"href":"https:\/\/tinychat.com\/it\/wp-json\/wp\/v2\/pages\/1303","targetHints":{"allow":["GET"]}}],"collection":[{"href":"https:\/\/tinychat.com\/it\/wp-json\/wp\/v2\/pages"}],"about":[{"href":"https:\/\/tinychat.com\/it\/wp-json\/wp\/v2\/types\/page"}],"author":[{"embeddable":true,"href":"https:\/\/tinychat.com\/it\/wp-json\/wp\/v2\/users\/6"}],"replies":[{"embeddable":true,"href":"https:\/\/tinychat.com\/it\/wp-json\/wp\/v2\/comments?post=1303"}],"version-history":[{"count":3,"href":"https:\/\/tinychat.com\/it\/wp-json\/wp\/v2\/pages\/1303\/revisions"}],"predecessor-version":[{"id":13403,"href":"https:\/\/tinychat.com\/it\/wp-json\/wp\/v2\/pages\/1303\/revisions\/13403"}],"wp:attachment":[{"href":"https:\/\/tinychat.com\/it\/wp-json\/wp\/v2\/media?parent=1303"}],"curies":[{"name":"wp","href":"https:\/\/api.w.org\/{rel}","templated":true}]}}