{"id":1319,"date":"2025-08-11T08:58:22","date_gmt":"2025-08-11T06:58:22","guid":{"rendered":"https:\/\/tinychat.com\/?page_id=1319"},"modified":"2025-08-11T09:23:00","modified_gmt":"2025-08-11T07:23:00","slug":"camloo","status":"publish","type":"page","link":"https:\/\/tinychat.com\/it\/camloo\/","title":{"rendered":"Camloo"},"content":{"rendered":"<p>In un'epoca in cui la maggior parte dei social media sembra prevedibile e guidata da algoritmi, Camloo si distingue per far rivivere la pura spontaneit\u00e0 delle interazioni online. Come moderna piattaforma di video chat casuale, Camloo riunisce sconosciuti di tutto il mondo per conversazioni istantanee, faccia a faccia: niente scrolling infinito, niente feed curati, solo persone reali che si incontrano in tempo reale.<\/p>\n<p>Grazie alla velocit\u00e0 di corrispondenza, alla qualit\u00e0 video HD e a un'interfaccia facile da usare, Camloo consente di avere chat coinvolgenti in pochi secondi, sia che si voglia fare nuove amicizie, flirtare, praticare una lingua straniera o semplicemente passare il tempo con sconosciuti interessanti.<\/p>\n<p>Questa recensione completa copre tutto ci\u00f2 che c'\u00e8 da sapere su Camloo, comprese le sue caratteristiche, le misure di sicurezza e il confronto con altri servizi di video chat popolari.<\/p>\n<h2>Che cos'\u00e8 l'Camloo?<\/h2>\n<p>Camloo \u00e8 un sito web e un'applicazione di chat video casuale, progettata per connettere istantaneamente persone in tutto il mondo. Come Omegle, Chatroulette e ChatHub, il suo obiettivo principale \u00e8 l'interazione video dal vivo, ma con un'interfaccia pi\u00f9 pulita, una migliore stabilit\u00e0 dello streaming e strumenti incentrati sulla privacy.<\/p>\n<p>La piattaforma elimina l'attrito della creazione di account o della navigazione in menu complessi: \u00e8 possibile partecipare a una conversazione in pochi secondi dopo aver visitato il sito o aperto l'applicazione. Questa semplicit\u00e0 \u00e8 una delle principali attrattive per gli utenti occasionali e per i chattatori abituali.<\/p>\n<h2>Caratteristiche principali di Camloo<\/h2>\n<p>Camloo \u00e8 molto di pi\u00f9 di un semplice portale di chat, poich\u00e9 include funzioni che rendono le conversazioni pi\u00f9 piacevoli e sicure.<\/p>\n<h3>1. Corrispondenza istantanea<\/h3>\n<ul>\n<li>Basta un clic o un tocco per entrare in contatto con uno sconosciuto.<\/li>\n<li>Non \u00e8 necessario un lungo processo di registrazione per l'utilizzo di base.<\/li>\n<li>Velocit\u00e0 di connessione elevata con tempi di attesa minimi.<\/li>\n<\/ul>\n<h3>2. Filtri di posizione e genere<\/h3>\n<ul>\n<li>Scegliete di abbinarvi a persone provenienti da un paese o da una regione specifici.<\/li>\n<li>Filtrare per sesso per personalizzare la propria esperienza.<\/li>\n<li>I filtri possono essere attivati o disattivati a seconda dell'umore.<\/li>\n<\/ul>\n<h3>3. Opzione di chat di testo<\/h3>\n<ul>\n<li>Messaggi di testo integrati con i video.<\/li>\n<li>Perfetto per condividere link, battute o traduzioni veloci.<\/li>\n<\/ul>\n<h3>4. Funzione di amicizia e riconnessione<\/h3>\n<ul>\n<li>Aggiungete persone interessanti alla vostra lista di amici.<\/li>\n<li>Ricollegatevi in un secondo momento senza affidarvi esclusivamente a corrispondenze casuali.<\/li>\n<\/ul>\n<h3>5. Effetti visivi divertenti<\/h3>\n<ul>\n<li>Utilizzate filtri e adesivi per migliorare la vostra presenza nei video.<\/li>\n<li>Ottimo per rompere il ghiaccio e rendere le telefonate pi\u00f9 giocose.<\/li>\n<\/ul>\n<h3>6. Strumenti per la privacy e la sicurezza<\/h3>\n<ul>\n<li>La modalit\u00e0 di anteprima della sfocatura consente di vedere una silhouette prima di rivelare il feed.<\/li>\n<li>Pulsanti di segnalazione e blocco di facile accesso.<\/li>\n<li>Moderazione attiva per rimuovere i contenuti inappropriati.<\/li>\n<\/ul>\n<h3>7. Accesso multipiattaforma<\/h3>\n<ul>\n<li>Funziona sia su browser desktop che su dispositivi mobili.<\/li>\n<li>Layout reattivo per una navigazione fluida su qualsiasi dimensione dello schermo.<\/li>\n<\/ul>\n<h2>Come utilizzare Camloo<\/h2>\n<p>L'Camloo \u00e8 progettato per la massima facilit\u00e0 d'uso.<\/p>\n<h3>Passo 1: visitare il sito web o scaricare l'app<\/h3>\n<ul>\n<li>Gli utenti desktop possono visitare il sito ufficiale di Camloo.<\/li>\n<li>Gli utenti mobili possono utilizzare la versione browser o l'app dedicata.<\/li>\n<\/ul>\n<h3>Fase 2: Regolare le impostazioni<\/h3>\n<ul>\n<li>Selezionare il Paese preferito o lasciarlo aperto per una corrispondenza globale.<\/li>\n<li>Scegliere il filtro di genere, se desiderato.<\/li>\n<li>Abilita o disabilita la modalit\u00e0 di sfocatura.<\/li>\n<\/ul>\n<h3>Fase 3: Iniziare a chattare<\/h3>\n<ul>\n<li>Fate clic su Start e sarete connessi in pochi secondi.<\/li>\n<li>Passare il dito o fare clic su Avanti per saltare e incontrare qualcuno di nuovo.<\/li>\n<\/ul>\n<h3>Passo 4: Aggiungere amici e continuare<\/h3>\n<ul>\n<li>Salvare i contatti per le conversazioni future.<\/li>\n<li>Utilizzate la barra laterale della chat per inviare messaggi mentre siete in video.<\/li>\n<\/ul>\n<h2>Esperienza utente su Camloo<\/h2>\n<p>Il design semplice e le prestazioni stabili dell'Camloo lo hanno reso uno dei preferiti dagli utenti che desiderano interagire senza problemi.<\/p>\n<h3>Cosa amano gli utenti<\/h3>\n<ul>\n<li>Avvio rapido della chat in pochi secondi.<\/li>\n<li>Qualit\u00e0 video stabile anche con velocit\u00e0 internet medie.<\/li>\n<li>Filtri per trovare le corrispondenze pertinenti.<\/li>\n<li>Anteprima della sfocatura per prime impressioni pi\u00f9 sicure.<\/li>\n<li>Un'interfaccia utente amichevole che funziona bene sia su mobile che su desktop.<\/li>\n<li>Non c'\u00e8 pressione, si pu\u00f2 saltare in qualsiasi momento senza imbarazzo.<\/li>\n<\/ul>\n<h3>Dove gli utenti vedono margini di miglioramento<\/h3>\n<ul>\n<li>Funzioni avanzate limitate rispetto ad alcuni concorrenti.<\/li>\n<li>Meno effetti in-app rispetto alle piattaforme social-first come Azar.<\/li>\n<li>Base di utenti ridotta nelle ore non di punta di alcune regioni.<\/li>\n<li>Per ottenere il massimo del filtraggio, potrebbero essere necessari dei vantaggi premium.<\/li>\n<\/ul>\n<h2>Camloo vs. altre piattaforme di chat video<\/h2>\n<table>\n<thead>\n<tr>\n<th>Caratteristica<\/th>\n<th>Camloo<\/th>\n<th>OmegleWeb<\/th>\n<th>ChatHub<\/th>\n<th>Camzey<\/th>\n<th>LuckyCrush<\/th>\n<th>Azar<\/th>\n<\/tr>\n<\/thead>\n<tbody>\n<tr>\n<td>Random Video Chat con Sconosciuti<\/td>\n<td>\u2705 S\u00ec<\/td>\n<td>\u2705 S\u00ec<\/td>\n<td>\u2705 S\u00ec<\/td>\n<td>\u2705 S\u00ec<\/td>\n<td>\u2705 S\u00ec<\/td>\n<td>\u2705 S\u00ec<\/td>\n<\/tr>\n<tr>\n<td>Filtri di genere\/localit\u00e0<\/td>\n<td>\u2705 S\u00ec<\/td>\n<td>\u26a0\ufe0f Limited<\/td>\n<td>\u2705 S\u00ec<\/td>\n<td>\u2705 S\u00ec<\/td>\n<td>\u2705 S\u00ec<\/td>\n<td>\u2705 S\u00ec<\/td>\n<\/tr>\n<tr>\n<td>Modalit\u00e0 di anteprima della sfocatura<\/td>\n<td>\u2705 S\u00ec<\/td>\n<td>\u274c No<\/td>\n<td>\u2705 S\u00ec<\/td>\n<td>\u2705 S\u00ec<\/td>\n<td>\u274c No<\/td>\n<td>\u2705 S\u00ec<\/td>\n<\/tr>\n<tr>\n<td>Filtri\/Effetti divertenti<\/td>\n<td>\u2705 S\u00ec<\/td>\n<td>\u274c No<\/td>\n<td>\u2705 S\u00ec<\/td>\n<td>\u2705 S\u00ec<\/td>\n<td>\u274c No<\/td>\n<td>\u2705 S\u00ec<\/td>\n<\/tr>\n<tr>\n<td>Sistema amico<\/td>\n<td>\u2705 S\u00ec<\/td>\n<td>\u274c No<\/td>\n<td>\u2705 S\u00ec<\/td>\n<td>\u2705 S\u00ec<\/td>\n<td>\u2705 S\u00ec<\/td>\n<td>\u2705 S\u00ec<\/td>\n<\/tr>\n<tr>\n<td>Traduzione<\/td>\n<td>\u274c No<\/td>\n<td>\u274c No<\/td>\n<td>\u274c No<\/td>\n<td>\u274c No<\/td>\n<td>\u274c No<\/td>\n<td>\u2705 S\u00ec<\/td>\n<\/tr>\n<tr>\n<td>Multipiattaforma<\/td>\n<td>\u2705 S\u00ec<\/td>\n<td>\u2705 S\u00ec<\/td>\n<td>\u2705 S\u00ec<\/td>\n<td>\u2705 S\u00ec<\/td>\n<td>\u2705 S\u00ec<\/td>\n<td>\u2705 S\u00ec<\/td>\n<\/tr>\n<\/tbody>\n<\/table>\n<p>Sintesi: l'equilibrio tra facilit\u00e0 d'uso, strumenti per la privacy e compatibilit\u00e0 multipiattaforma di Camloo lo rende ideale per gli utenti che desiderano chat video rapide, pulite e piacevoli senza inutili complicazioni.<\/p>\n<h2>Camloo \u00e8 sicuro?<\/h2>\n<p>Yes-Camloo incorpora diverse misure di sicurezza per proteggere gli utenti:<\/p>\n<ul>\n<li>Moderazione AI in tempo reale e revisione umana.<\/li>\n<li>Anteprima di sfocatura per controllare ci\u00f2 che viene mostrato.<\/li>\n<li>Chat anonima senza dati personali.<\/li>\n<li>Funzioni di blocco\/segnalazione per gestire rapidamente le violazioni.<\/li>\n<\/ul>\n<h3>Consigli per la sicurezza<\/h3>\n<ul>\n<li>Non condividete informazioni personali.<\/li>\n<li>Utilizzate saggiamente i filtri di genere e di localit\u00e0.<\/li>\n<li>Chiudete le chat che vi mettono a disagio.<\/li>\n<li>I genitori dovrebbero monitorare l'utilizzo da parte degli adolescenti.<\/li>\n<\/ul>\n<h2>Suggerimenti per ottenere il massimo dall'Camloo<\/h2>\n<ul>\n<li>Esplorate il modo globale per ampliare le vostre conoscenze culturali.<\/li>\n<li>Utilizzate i filtri quando volete conversazioni pi\u00f9 mirate.<\/li>\n<li>Accedere durante le ore di punta per avere pi\u00f9 partite.<\/li>\n<li>Provate gli effetti per rendere le chat pi\u00f9 divertenti.<\/li>\n<li>Mantenete un buon angolo di ripresa e una buona illuminazione per apparire amichevoli e avvicinabili.<\/li>\n<li>Segnalate i cattivi attori per mantenere la piattaforma sicura.<\/li>\n<\/ul>\n<h2>Problemi e soluzioni comuni dell'Camloo<\/h2>\n<h3>Impossibile accedere alla fotocamera o al microfono<\/h3>\n<p>Consentire le autorizzazioni nelle impostazioni del browser o dell'applicazione.<\/p>\n<h3>Bassa qualit\u00e0 video<\/h3>\n<p>Passare a una connessione Internet pi\u00f9 potente.<\/p>\n<h3>Filtri non funzionanti<\/h3>\n<p>Accedere e verificare se richiedono l'accesso premium.<\/p>\n<h3>Incontro con utenti inadeguati<\/h3>\n<p>Bloccare\/segnalare e andare avanti immediatamente.<\/p>\n<p>Se siete alla ricerca di una piattaforma di video chat casuale semplice e moderna che vi permetta di avviare rapidamente le conversazioni, vale la pena provare Camloo. \u00c8 pulita, veloce e ha abbastanza funzioni per rendere le interazioni sicure e piacevoli, senza sovraccaricarvi di opzioni.<\/p>\n<p>Anche se non ha extra appariscenti come la traduzione o enormi feed sociali, Camloo eccelle nell'offrire una connessione umana diretta e non filtrata. Per molti, questo \u00e8 esattamente ci\u00f2 che dovrebbe essere una videochat casuale.<\/p>\n<p>Pronti a provarlo? Visitate Camloo o scaricate l'app, premete start e vedrete chi vi aspetta dall'altra parte.<\/p>","protected":false},"excerpt":{"rendered":"<p>In an era where most social media feels predictable and algorithm-driven, Camloo stands out by reviving the pure spontaneity of online interactions. As a modern random video chat platform, Camloo brings together strangers from around the world for instant, face-to-face conversations\u2014no endless scrolling, no curated feeds, just real people meeting in real time. With fast [&hellip;]<\/p>\n","protected":false},"author":6,"featured_media":0,"parent":0,"menu_order":0,"comment_status":"closed","ping_status":"closed","template":"","meta":{"footnotes":""},"class_list":["post-1319","page","type-page","status-publish","hentry"],"yoast_head":"<!-- This site is optimized with the Yoast SEO plugin v27.5 - https:\/\/yoast.com\/product\/yoast-seo-wordpress\/ -->\n<title>Camloo - Alternative to OmeTV &amp; Monkey App - TinyChat.com<\/title>\n<meta name=\"description\" content=\"Enjoying Camloo? Join over 50,000,000 strangers on TinyChat! Turn on your cam and start meeting new people, or find a match.\" \/>\n<meta name=\"robots\" content=\"index, follow, max-snippet:-1, max-image-preview:large, max-video-preview:-1\" \/>\n<link rel=\"canonical\" href=\"https:\/\/tinychat.com\/it\/camloo\/\" \/>\n<meta property=\"og:locale\" content=\"it_IT\" \/>\n<meta property=\"og:type\" content=\"article\" \/>\n<meta property=\"og:title\" content=\"Camloo - Alternative to OmeTV &amp; Monkey App - TinyChat.com\" \/>\n<meta property=\"og:description\" content=\"Enjoying Camloo? Join over 50,000,000 strangers on TinyChat! Turn on your cam and start meeting new people, or find a match.\" \/>\n<meta property=\"og:url\" content=\"https:\/\/tinychat.com\/it\/camloo\/\" \/>\n<meta property=\"og:site_name\" content=\"TinyChat\" \/>\n<meta property=\"article:publisher\" content=\"https:\/\/www.facebook.com\/tinychat\" \/>\n<meta property=\"article:modified_time\" content=\"2025-08-11T07:23:00+00:00\" \/>\n<meta property=\"og:image\" content=\"https:\/\/tinychat.com\/wp-content\/uploads\/2020\/04\/Tinychat-logo-1280x284-new-black.png\" \/>\n\t<meta property=\"og:image:width\" content=\"1280\" \/>\n\t<meta property=\"og:image:height\" content=\"284\" \/>\n\t<meta property=\"og:image:type\" content=\"image\/png\" \/>\n<meta name=\"twitter:card\" content=\"summary_large_image\" \/>\n<meta name=\"twitter:site\" content=\"@tinychat\" \/>\n<meta name=\"twitter:label1\" content=\"Tempo di lettura stimato\" \/>\n\t<meta name=\"twitter:data1\" content=\"5 minuti\" \/>\n<script type=\"application\/ld+json\" class=\"yoast-schema-graph\">{\"@context\":\"https:\\\/\\\/schema.org\",\"@graph\":[{\"@type\":\"WebPage\",\"@id\":\"https:\\\/\\\/tinychat.com\\\/camloo\\\/\",\"url\":\"https:\\\/\\\/tinychat.com\\\/camloo\\\/\",\"name\":\"Camloo - Alternative to OmeTV & Monkey App - TinyChat.com\",\"isPartOf\":{\"@id\":\"https:\\\/\\\/tinychat.com\\\/#website\"},\"datePublished\":\"2025-08-11T06:58:22+00:00\",\"dateModified\":\"2025-08-11T07:23:00+00:00\",\"description\":\"Enjoying Camloo? Join over 50,000,000 strangers on TinyChat! Turn on your cam and start meeting new people, or find a match.\",\"breadcrumb\":{\"@id\":\"https:\\\/\\\/tinychat.com\\\/camloo\\\/#breadcrumb\"},\"inLanguage\":\"it-IT\",\"potentialAction\":[{\"@type\":\"ReadAction\",\"target\":[\"https:\\\/\\\/tinychat.com\\\/camloo\\\/\"]}]},{\"@type\":\"BreadcrumbList\",\"@id\":\"https:\\\/\\\/tinychat.com\\\/camloo\\\/#breadcrumb\",\"itemListElement\":[{\"@type\":\"ListItem\",\"position\":1,\"name\":\"Home\",\"item\":\"https:\\\/\\\/tinychat.com\\\/\"},{\"@type\":\"ListItem\",\"position\":2,\"name\":\"Camloo\"}]},{\"@type\":\"WebSite\",\"@id\":\"https:\\\/\\\/tinychat.com\\\/#website\",\"url\":\"https:\\\/\\\/tinychat.com\\\/\",\"name\":\"TinyChat\",\"description\":\"Random Video Chat with Strangers\",\"publisher\":{\"@id\":\"https:\\\/\\\/tinychat.com\\\/#organization\"},\"alternateName\":\"TinyChat.com\",\"potentialAction\":[{\"@type\":\"SearchAction\",\"target\":{\"@type\":\"EntryPoint\",\"urlTemplate\":\"https:\\\/\\\/tinychat.com\\\/?s={search_term_string}\"},\"query-input\":{\"@type\":\"PropertyValueSpecification\",\"valueRequired\":true,\"valueName\":\"search_term_string\"}}],\"inLanguage\":\"it-IT\"},{\"@type\":\"Organization\",\"@id\":\"https:\\\/\\\/tinychat.com\\\/#organization\",\"name\":\"TinyChat\",\"alternateName\":\"TinyChat.com\",\"url\":\"https:\\\/\\\/tinychat.com\\\/\",\"logo\":{\"@type\":\"ImageObject\",\"inLanguage\":\"it-IT\",\"@id\":\"https:\\\/\\\/tinychat.com\\\/#\\\/schema\\\/logo\\\/image\\\/\",\"url\":\"https:\\\/\\\/tinychat.com\\\/wp-content\\\/uploads\\\/2023\\\/11\\\/Tinychat-icon-square.png\",\"contentUrl\":\"https:\\\/\\\/tinychat.com\\\/wp-content\\\/uploads\\\/2023\\\/11\\\/Tinychat-icon-square.png\",\"width\":284,\"height\":284,\"caption\":\"TinyChat\"},\"image\":{\"@id\":\"https:\\\/\\\/tinychat.com\\\/#\\\/schema\\\/logo\\\/image\\\/\"},\"sameAs\":[\"https:\\\/\\\/www.facebook.com\\\/tinychat\",\"https:\\\/\\\/x.com\\\/tinychat\"]}]}<\/script>\n<!-- \/ Yoast SEO plugin. -->","yoast_head_json":{"title":"Camloo - Alternativa a OmeTV e Monkey App - TinyChat.com","description":"Ti piace l'Camloo? Unisciti a oltre 50.000.000 di sconosciuti su TinyChat! Accendi la tua cam e inizia a conoscere nuove persone o a trovare un partner.","robots":{"index":"index","follow":"follow","max-snippet":"max-snippet:-1","max-image-preview":"max-image-preview:large","max-video-preview":"max-video-preview:-1"},"canonical":"https:\/\/tinychat.com\/it\/camloo\/","og_locale":"it_IT","og_type":"article","og_title":"Camloo - Alternative to OmeTV & Monkey App - TinyChat.com","og_description":"Enjoying Camloo? Join over 50,000,000 strangers on TinyChat! Turn on your cam and start meeting new people, or find a match.","og_url":"https:\/\/tinychat.com\/it\/camloo\/","og_site_name":"TinyChat","article_publisher":"https:\/\/www.facebook.com\/tinychat","article_modified_time":"2025-08-11T07:23:00+00:00","og_image":[{"width":1280,"height":284,"url":"https:\/\/tinychat.com\/wp-content\/uploads\/2020\/04\/Tinychat-logo-1280x284-new-black.png","type":"image\/png"}],"twitter_card":"summary_large_image","twitter_site":"@tinychat","twitter_misc":{"Tempo di lettura stimato":"5 minuti"},"schema":{"@context":"https:\/\/schema.org","@graph":[{"@type":"WebPage","@id":"https:\/\/tinychat.com\/camloo\/","url":"https:\/\/tinychat.com\/camloo\/","name":"Camloo - Alternativa a OmeTV e Monkey App - TinyChat.com","isPartOf":{"@id":"https:\/\/tinychat.com\/#website"},"datePublished":"2025-08-11T06:58:22+00:00","dateModified":"2025-08-11T07:23:00+00:00","description":"Ti piace l'Camloo? Unisciti a oltre 50.000.000 di sconosciuti su TinyChat! Accendi la tua cam e inizia a conoscere nuove persone o a trovare un partner.","breadcrumb":{"@id":"https:\/\/tinychat.com\/camloo\/#breadcrumb"},"inLanguage":"it-IT","potentialAction":[{"@type":"ReadAction","target":["https:\/\/tinychat.com\/camloo\/"]}]},{"@type":"BreadcrumbList","@id":"https:\/\/tinychat.com\/camloo\/#breadcrumb","itemListElement":[{"@type":"ListItem","position":1,"name":"Home","item":"https:\/\/tinychat.com\/"},{"@type":"ListItem","position":2,"name":"Camloo"}]},{"@type":"WebSite","@id":"https:\/\/tinychat.com\/#website","url":"https:\/\/tinychat.com\/","name":"TinyChat","description":"Videochat casuale con sconosciuti","publisher":{"@id":"https:\/\/tinychat.com\/#organization"},"alternateName":"TinyChat.com","potentialAction":[{"@type":"SearchAction","target":{"@type":"EntryPoint","urlTemplate":"https:\/\/tinychat.com\/?s={search_term_string}"},"query-input":{"@type":"PropertyValueSpecification","valueRequired":true,"valueName":"search_term_string"}}],"inLanguage":"it-IT"},{"@type":"Organization","@id":"https:\/\/tinychat.com\/#organization","name":"TinyChat","alternateName":"TinyChat.com","url":"https:\/\/tinychat.com\/","logo":{"@type":"ImageObject","inLanguage":"it-IT","@id":"https:\/\/tinychat.com\/#\/schema\/logo\/image\/","url":"https:\/\/tinychat.com\/wp-content\/uploads\/2023\/11\/Tinychat-icon-square.png","contentUrl":"https:\/\/tinychat.com\/wp-content\/uploads\/2023\/11\/Tinychat-icon-square.png","width":284,"height":284,"caption":"TinyChat"},"image":{"@id":"https:\/\/tinychat.com\/#\/schema\/logo\/image\/"},"sameAs":["https:\/\/www.facebook.com\/tinychat","https:\/\/x.com\/tinychat"]}]}},"_links":{"self":[{"href":"https:\/\/tinychat.com\/it\/wp-json\/wp\/v2\/pages\/1319","targetHints":{"allow":["GET"]}}],"collection":[{"href":"https:\/\/tinychat.com\/it\/wp-json\/wp\/v2\/pages"}],"about":[{"href":"https:\/\/tinychat.com\/it\/wp-json\/wp\/v2\/types\/page"}],"author":[{"embeddable":true,"href":"https:\/\/tinychat.com\/it\/wp-json\/wp\/v2\/users\/6"}],"replies":[{"embeddable":true,"href":"https:\/\/tinychat.com\/it\/wp-json\/wp\/v2\/comments?post=1319"}],"version-history":[{"count":4,"href":"https:\/\/tinychat.com\/it\/wp-json\/wp\/v2\/pages\/1319\/revisions"}],"predecessor-version":[{"id":13433,"href":"https:\/\/tinychat.com\/it\/wp-json\/wp\/v2\/pages\/1319\/revisions\/13433"}],"wp:attachment":[{"href":"https:\/\/tinychat.com\/it\/wp-json\/wp\/v2\/media?parent=1319"}],"curies":[{"name":"wp","href":"https:\/\/api.w.org\/{rel}","templated":true}]}}