{"id":13261,"date":"2025-06-17T13:46:44","date_gmt":"2025-06-17T11:46:44","guid":{"rendered":"https:\/\/tinychat.com\/?page_id=13261"},"modified":"2025-06-17T13:47:34","modified_gmt":"2025-06-17T11:47:34","slug":"roulette-chat","status":"publish","type":"page","link":"https:\/\/tinychat.com\/it\/roulette-chat\/","title":{"rendered":"Roulette Chat"},"content":{"rendered":"<p>Avete mai desiderato di poter semplicemente lanciare i dadi e vedere chi incontrerete online? \u00c8 proprio questo che rende la chat della roulette cos\u00ec divertente. A differenza delle tradizionali app di messaggistica o dei social media, la chat roulette vi permette di connettervi istantaneamente con persone a caso da qualsiasi parte del mondo. Ogni volta che si preme \"avanti\", \u00e8 come far girare la ruota: si potrebbe trovare una grande conversazione, un nuovo amico o persino una storia d'amore a sorpresa.<\/p>\n<p>Sia che siate a casa in una serata pigra, che vogliate spezzare la noia o che siate semplicemente curiosi di sapere chi c'\u00e8 l\u00e0 fuori, i siti di chat per roulette vi offrono un modo facile e senza pressioni per scoprire nuovi volti. Il fascino \u00e8 tutto nella spontaneit\u00e0: non ci sono profili da leggere, n\u00e9 lunghe presentazioni, ma solo conversazioni pure e imprevedibili.<\/p>\n<h2>Che cos'\u00e8 l'Roulette Chat?<\/h2>\n<p>La chat roulette \u00e8 una piattaforma di chat online che abbina utenti casuali in tempo reale, in genere tramite video e talvolta testo. Si basa sull'idea dell'abbinamento casuale: pensatela come la versione online dell'estrazione di un nome da un cappello per vedere con chi si parler\u00e0 dopo.<\/p>\n<p>La maggior parte dei siti di chat per la roulette sono progettati per essere veloci, semplici e di facile utilizzo:<\/p>\n<ul>\n<li>Non c'\u00e8 bisogno di lunghe iscrizioni (spesso basta scegliere un nickname e via)<\/li>\n<li>Entrare direttamente in una sessione di chat con un partner a caso<\/li>\n<li>Se la conversazione non \u00e8 di vostro gradimento, basta fare clic su \"next\" per trovare immediatamente un nuovo interlocutore.<\/li>\n<\/ul>\n<p>C'\u00e8 qualcosa di eccitante nel non sapere mai chi apparir\u00e0 sul vostro schermo. A volte si tratta di un compagno di studi dall'altra parte del mondo, a volte di un abitante del posto e a volte di qualcuno che vuole farsi una bella risata.<\/p>\n<h2>Come funziona Roulette Chat?<\/h2>\n<p>Il processo \u00e8 semplice e quasi sempre uguale:<\/p>\n<ol>\n<li>Visitate una piattaforma o un'applicazione di chat per la roulette.<\/li>\n<li>Consentite l'accesso alla telecamera e al microfono se volete video (la maggior parte offre anche la chat di testo).<\/li>\n<li>Premete \"Avvia\" o \"Connetti\" per unirvi alla coda casuale.<\/li>\n<li>Abbinamento immediato con un altro utente.<\/li>\n<li>Chiacchierate per tutto il tempo (o per tutto il tempo) che volete.<\/li>\n<li>Premete \"next\" in qualsiasi momento per andare avanti e incontrare qualcuno di nuovo.<\/li>\n<\/ol>\n<p>Molti siti di chat per la roulette sono anche completamente gratuiti, il che li rende perfetti per socializzare spontaneamente.<\/p>\n<h2>Tipi di esperienze Roulette Chat<\/h2>\n<p>La chat della roulette non \u00e8 una cosa sola: \u00e8 disponibile in diversi gusti. Alcune delle opzioni pi\u00f9 popolari includono:<\/p>\n<ul>\n<li>Video chat casuale sulla roulette: Classica webcam-to-webcam, faccia a faccia con gli sconosciuti.<\/li>\n<li>Chat di roulette di solo testo: Se non siete pronti per la fotocamera, limitatevi a scrivere.<\/li>\n<li>Chat gratuita sulla roulette: La maggior parte dei siti offre le funzioni principali senza alcun costo.<\/li>\n<li>Applicazioni di chat per la roulette per dispositivi mobili: Per chattare in movimento, ovunque vi troviate.<\/li>\n<li>Chat room per roulette a tema: Alcuni siti offrono filtri per interessi, lingue o et\u00e0.<\/li>\n<\/ul>\n<p>Non importa cosa vi piaccia, c'\u00e8 un'opzione di chat della roulette che si adatta al vostro umore e stile.<\/p>\n<h2>Perch\u00e9 le persone amano l'Roulette Chat?<\/h2>\n<p>Ci sono molte ragioni per cui la chat della roulette \u00e8 diventata cos\u00ec popolare, soprattutto tra le persone che sono stanche dello scrolling infinito o della pressione delle app di incontri.<\/p>\n<ul>\n<li>\u00c8 spontaneo: Ogni chat \u00e8 un nuovo inizio. Se \u00e8 imbarazzante o noiosa, si pu\u00f2 andare avanti all'istante.<\/li>\n<li>\u00c8 globale: si incontrano persone di tutto il mondo e di tutti i ceti sociali.<\/li>\n<li>\u00c8 anonimo: usate un nickname, saltate il profilo e siate aperti (o privati) quanto volete.<\/li>\n<li>\u00c8 poco stressante: non ci si aspetta di scambiare numeri o social, a meno che non si voglia farlo.<\/li>\n<li>\u00c8 semplicemente divertente: C'\u00e8 sempre la possibilit\u00e0 di incontrare qualcuno di indimenticabile.<\/li>\n<\/ul>\n<p>\"La chat della roulette mi ha aiutato a superare la mia timidezza. Non si sa mai chi sar\u00e0 il prossimo, quindi ci si rilassa e si segue la corrente\".<\/p>\n<p>\"A volte si incontrano persone che diventano amici, a volte si tratta solo di una risata veloce. Non \u00e8 mai la stessa cosa due volte!\".<\/p>\n<h2>Piattaforme Roulette Chat pi\u00f9 diffuse<\/h2>\n<p>Alcuni siti di chat per roulette si distinguono per la loro semplicit\u00e0, l'ampia base di utenti e la buona moderazione:<\/p>\n<ul>\n<li>Chatroulette: l'originale, ancora oggi uno dei pi\u00f9 frequentati e globali.<\/li>\n<li>Omegle (video chat): Offre opzioni di testo e webcam con un pulsante \"next\" per l'accoppiamento istantaneo.<\/li>\n<li>Chatrandom: Conosciuta per i filtri, come il sesso e il paese, e per una base di utenti molto attiva.<\/li>\n<li>Camsurf: Semplice, mobile-friendly e incentrato su rapide video chat di roulette.<\/li>\n<li>Chatspin: Offre filtri di interesse e modalit\u00e0 video e testo.<\/li>\n<\/ul>\n<p>Ognuna di queste ha una propria atmosfera: alcune sono pi\u00f9 rilassate, altre pi\u00f9 civettuole o avventurose. Provatene alcune per capire quale chat di roulette fa al caso vostro.<\/p>\n<h2>Rimanere sicuri e rispettosi nell'Roulette Chat<\/h2>\n<p>La chat della roulette \u00e8 solitamente sicura e divertente, ma poich\u00e9 non si sa mai chi c'\u00e8 dall'altra parte, alcune abitudini intelligenti possono fare la differenza:<\/p>\n<ul>\n<li>Non condividete mai informazioni private (cognome, indirizzo, luogo di lavoro).<\/li>\n<li>Usate un nickname, soprattutto quando iniziate a chattare.<\/li>\n<li>Se qualcuno vi mette a disagio, andatevene o premete \"avanti\", senza bisogno di spiegazioni.<\/li>\n<li>Segnalate o bloccate chiunque oltrepassi il limite; la maggior parte dei siti dispone di strumenti semplici per farlo.<\/li>\n<li>Se state utilizzando una chat per adulti sulla roulette, assicuratevi sempre di essere su un sito affidabile 18+.<\/li>\n<\/ul>\n<p>La maggior parte degli utenti \u00e8 l\u00ec solo per chiacchierare, ridere o conoscere qualcuno di nuovo. Un po' di cautela \u00e8 sufficiente.<\/p>\n<h2>Roulette Chat vs. altre opzioni di chat online<\/h2>\n<table>\n<thead>\n<tr>\n<th>Caratteristica<\/th>\n<th>Roulette Chat<\/th>\n<th>Media sociali<\/th>\n<th>App di incontri<\/th>\n<th>Chat di gruppo<\/th>\n<\/tr>\n<\/thead>\n<tbody>\n<tr>\n<td>Corrispondenza istantanea casuale<\/td>\n<td>\u2705<\/td>\n<td>\u274c<\/td>\n<td>\u274c<\/td>\n<td>\u274c<\/td>\n<\/tr>\n<tr>\n<td>Non \u00e8 richiesto alcun profilo<\/td>\n<td>\u2705<\/td>\n<td>\u274c<\/td>\n<td>\u274c<\/td>\n<td>\u274c<\/td>\n<\/tr>\n<tr>\n<td>Anonimato<\/td>\n<td>\u2705<\/td>\n<td>\u274c<\/td>\n<td>\u2705<\/td>\n<td>\u2705<\/td>\n<\/tr>\n<tr>\n<td>Video chat disponibile<\/td>\n<td>\u2705<\/td>\n<td>\u2705<\/td>\n<td>\u2705<\/td>\n<td>\u2705<\/td>\n<\/tr>\n<tr>\n<td>Utilizzo gratuito<\/td>\n<td>\u2705<\/td>\n<td>\u2705<\/td>\n<td>\u274c<\/td>\n<td>\u2705<\/td>\n<\/tr>\n<tr>\n<td>\"Avanti\"\/salta in qualsiasi momento<\/td>\n<td>\u2705<\/td>\n<td>\u274c<\/td>\n<td>\u274c<\/td>\n<td>\u2705<\/td>\n<\/tr>\n<\/tbody>\n<\/table>\n<p>La chat della roulette \u00e8 all'insegna della velocit\u00e0, della sorpresa e della semplicit\u00e0: niente muri di iscrizione, niente interminabili biografie e nessun obbligo.<\/p>\n<h2>Come ottenere il massimo dall'Roulette Chat<\/h2>\n<p>Alcuni semplici consigli possono rendere la chat della roulette ancora pi\u00f9 divertente:<\/p>\n<ul>\n<li>Mantenete un atteggiamento positivo: sorrisi, battute e curiosit\u00e0 sono molto utili.<\/li>\n<li>Non stressatevi per le chiacchierate imbarazzanti: saltate e riprovate.<\/li>\n<li>Se siete alla ricerca di conversazioni specifiche (come lo scambio di lingue o il gioco), fatelo presente all'inizio della chat.<\/li>\n<li>Rispettate i limiti di tutti: la maggior parte delle persone vuole solo divertirsi, non fare drammi.<\/li>\n<li>Provate a chattare sulla roulette in orari diversi per incontrare persone di altri fusi orari.<\/li>\n<\/ul>\n<p>E non dimenticate: deve essere divertente! Trattate ogni chat come una nuova avventura.<\/p>\n<h2>Quando provare l'Roulette Chat?<\/h2>\n<p>Onestamente, ogni volta che si desidera una conversazione reale o qualcosa di diverso. Alcune persone usano la chat della roulette per:<\/p>\n<ul>\n<li>Sconfiggere la noia in una serata fiacca<\/li>\n<li>Esercitarsi a parlare una nuova lingua<\/li>\n<li>Fatevi una risata dopo una giornata difficile<\/li>\n<li>Incontrare nuovi amici in un ambiente totalmente informale<\/li>\n<li>Esplorare gli appuntamenti e il flirt, senza la pressione del caso<\/li>\n<li>Scoprire prospettive da tutto il mondo<\/li>\n<\/ul>\n<p>La chat della roulette \u00e8 perfetta per i check-in veloci o per le lunghe chiacchierate notturne.<\/p>\n<p>La chat Roulette \u00e8 la risposta del web alla connessione spontanea e senza impegno. \u00c8 facile, istantanea e aperta a tutti, sia che vogliate fare amicizia, flirtare o semplicemente vedere quale divertimento casuale potete trovare. Non c'\u00e8 bisogno di iscriversi, non c'\u00e8 pressione e ogni conversazione \u00e8 un nuovo giro.<\/p>\n<p>Sei pronto a vedere chi c'\u00e8 l\u00e0 fuori? Prova la chat roulette gratuita stasera, incontra persone che non avresti mai trovato altrimenti e prova l'emozione di non sapere chi sar\u00e0 il prossimo.<\/p>\n<p>Con la chat della roulette, il mondo \u00e8 sempre a un clic di distanza.<\/p>","protected":false},"excerpt":{"rendered":"<p>Ever wish you could just roll the dice and see who you meet next online? That\u2019s exactly what makes roulette chat so much fun. Unlike traditional messaging apps or social media, roulette chat lets you connect instantly with random people from anywhere in the world. Every time you hit \u201cnext,\u201d it\u2019s like spinning the wheel\u2014you [&hellip;]<\/p>\n","protected":false},"author":8,"featured_media":0,"parent":0,"menu_order":0,"comment_status":"closed","ping_status":"closed","template":"","meta":{"footnotes":""},"class_list":["post-13261","page","type-page","status-publish","hentry"],"yoast_head":"<!-- This site is optimized with the Yoast SEO plugin v27.5 - https:\/\/yoast.com\/product\/yoast-seo-wordpress\/ -->\n<title>Roulette Chat with Video Chat on TinyChat.com<\/title>\n<meta name=\"description\" content=\"Enjoying Roulette Chat? Join over 50,000,000 strangers on TinyChat! Turn on your cam and start meeting new people, or find a match.\" \/>\n<meta name=\"robots\" content=\"index, follow, max-snippet:-1, max-image-preview:large, max-video-preview:-1\" \/>\n<link rel=\"canonical\" href=\"https:\/\/tinychat.com\/it\/roulette-chat\/\" \/>\n<meta property=\"og:locale\" content=\"it_IT\" \/>\n<meta property=\"og:type\" content=\"article\" \/>\n<meta property=\"og:title\" content=\"Roulette Chat with Video Chat on TinyChat.com\" \/>\n<meta property=\"og:description\" content=\"Enjoying Roulette Chat? Join over 50,000,000 strangers on TinyChat! Turn on your cam and start meeting new people, or find a match.\" \/>\n<meta property=\"og:url\" content=\"https:\/\/tinychat.com\/it\/roulette-chat\/\" \/>\n<meta property=\"og:site_name\" content=\"TinyChat\" \/>\n<meta property=\"article:publisher\" content=\"https:\/\/www.facebook.com\/tinychat\" \/>\n<meta property=\"article:modified_time\" content=\"2025-06-17T11:47:34+00:00\" \/>\n<meta property=\"og:image\" content=\"https:\/\/tinychat.com\/wp-content\/uploads\/2020\/04\/Tinychat-logo-1280x284-new-black.png\" \/>\n\t<meta property=\"og:image:width\" content=\"1280\" \/>\n\t<meta property=\"og:image:height\" content=\"284\" \/>\n\t<meta property=\"og:image:type\" content=\"image\/png\" \/>\n<meta name=\"twitter:card\" content=\"summary_large_image\" \/>\n<meta name=\"twitter:site\" content=\"@tinychat\" \/>\n<meta name=\"twitter:label1\" content=\"Tempo di lettura stimato\" \/>\n\t<meta name=\"twitter:data1\" content=\"6 minuti\" \/>\n<script type=\"application\/ld+json\" class=\"yoast-schema-graph\">{\"@context\":\"https:\\\/\\\/schema.org\",\"@graph\":[{\"@type\":\"WebPage\",\"@id\":\"https:\\\/\\\/tinychat.com\\\/roulette-chat\\\/\",\"url\":\"https:\\\/\\\/tinychat.com\\\/roulette-chat\\\/\",\"name\":\"Roulette Chat with Video Chat on TinyChat.com\",\"isPartOf\":{\"@id\":\"https:\\\/\\\/tinychat.com\\\/#website\"},\"datePublished\":\"2025-06-17T11:46:44+00:00\",\"dateModified\":\"2025-06-17T11:47:34+00:00\",\"description\":\"Enjoying Roulette Chat? Join over 50,000,000 strangers on TinyChat! Turn on your cam and start meeting new people, or find a match.\",\"breadcrumb\":{\"@id\":\"https:\\\/\\\/tinychat.com\\\/roulette-chat\\\/#breadcrumb\"},\"inLanguage\":\"it-IT\",\"potentialAction\":[{\"@type\":\"ReadAction\",\"target\":[\"https:\\\/\\\/tinychat.com\\\/roulette-chat\\\/\"]}]},{\"@type\":\"BreadcrumbList\",\"@id\":\"https:\\\/\\\/tinychat.com\\\/roulette-chat\\\/#breadcrumb\",\"itemListElement\":[{\"@type\":\"ListItem\",\"position\":1,\"name\":\"Home\",\"item\":\"https:\\\/\\\/tinychat.com\\\/\"},{\"@type\":\"ListItem\",\"position\":2,\"name\":\"Roulette Chat\"}]},{\"@type\":\"WebSite\",\"@id\":\"https:\\\/\\\/tinychat.com\\\/#website\",\"url\":\"https:\\\/\\\/tinychat.com\\\/\",\"name\":\"TinyChat\",\"description\":\"Random Video Chat with Strangers\",\"publisher\":{\"@id\":\"https:\\\/\\\/tinychat.com\\\/#organization\"},\"alternateName\":\"TinyChat.com\",\"potentialAction\":[{\"@type\":\"SearchAction\",\"target\":{\"@type\":\"EntryPoint\",\"urlTemplate\":\"https:\\\/\\\/tinychat.com\\\/?s={search_term_string}\"},\"query-input\":{\"@type\":\"PropertyValueSpecification\",\"valueRequired\":true,\"valueName\":\"search_term_string\"}}],\"inLanguage\":\"it-IT\"},{\"@type\":\"Organization\",\"@id\":\"https:\\\/\\\/tinychat.com\\\/#organization\",\"name\":\"TinyChat\",\"alternateName\":\"TinyChat.com\",\"url\":\"https:\\\/\\\/tinychat.com\\\/\",\"logo\":{\"@type\":\"ImageObject\",\"inLanguage\":\"it-IT\",\"@id\":\"https:\\\/\\\/tinychat.com\\\/#\\\/schema\\\/logo\\\/image\\\/\",\"url\":\"https:\\\/\\\/tinychat.com\\\/wp-content\\\/uploads\\\/2023\\\/11\\\/Tinychat-icon-square.png\",\"contentUrl\":\"https:\\\/\\\/tinychat.com\\\/wp-content\\\/uploads\\\/2023\\\/11\\\/Tinychat-icon-square.png\",\"width\":284,\"height\":284,\"caption\":\"TinyChat\"},\"image\":{\"@id\":\"https:\\\/\\\/tinychat.com\\\/#\\\/schema\\\/logo\\\/image\\\/\"},\"sameAs\":[\"https:\\\/\\\/www.facebook.com\\\/tinychat\",\"https:\\\/\\\/x.com\\\/tinychat\"]}]}<\/script>\n<!-- \/ Yoast SEO plugin. -->","yoast_head_json":{"title":"Roulette Chat con video chat su TinyChat.com","description":"Ti piace l'Roulette Chat? Unisciti a oltre 50.000.000 di sconosciuti su TinyChat! Accendi la tua cam e inizia a conoscere nuove persone o a trovare un partner.","robots":{"index":"index","follow":"follow","max-snippet":"max-snippet:-1","max-image-preview":"max-image-preview:large","max-video-preview":"max-video-preview:-1"},"canonical":"https:\/\/tinychat.com\/it\/roulette-chat\/","og_locale":"it_IT","og_type":"article","og_title":"Roulette Chat with Video Chat on TinyChat.com","og_description":"Enjoying Roulette Chat? Join over 50,000,000 strangers on TinyChat! Turn on your cam and start meeting new people, or find a match.","og_url":"https:\/\/tinychat.com\/it\/roulette-chat\/","og_site_name":"TinyChat","article_publisher":"https:\/\/www.facebook.com\/tinychat","article_modified_time":"2025-06-17T11:47:34+00:00","og_image":[{"width":1280,"height":284,"url":"https:\/\/tinychat.com\/wp-content\/uploads\/2020\/04\/Tinychat-logo-1280x284-new-black.png","type":"image\/png"}],"twitter_card":"summary_large_image","twitter_site":"@tinychat","twitter_misc":{"Tempo di lettura stimato":"6 minuti"},"schema":{"@context":"https:\/\/schema.org","@graph":[{"@type":"WebPage","@id":"https:\/\/tinychat.com\/roulette-chat\/","url":"https:\/\/tinychat.com\/roulette-chat\/","name":"Roulette Chat con video chat su TinyChat.com","isPartOf":{"@id":"https:\/\/tinychat.com\/#website"},"datePublished":"2025-06-17T11:46:44+00:00","dateModified":"2025-06-17T11:47:34+00:00","description":"Ti piace l'Roulette Chat? Unisciti a oltre 50.000.000 di sconosciuti su TinyChat! Accendi la tua cam e inizia a conoscere nuove persone o a trovare un partner.","breadcrumb":{"@id":"https:\/\/tinychat.com\/roulette-chat\/#breadcrumb"},"inLanguage":"it-IT","potentialAction":[{"@type":"ReadAction","target":["https:\/\/tinychat.com\/roulette-chat\/"]}]},{"@type":"BreadcrumbList","@id":"https:\/\/tinychat.com\/roulette-chat\/#breadcrumb","itemListElement":[{"@type":"ListItem","position":1,"name":"Home","item":"https:\/\/tinychat.com\/"},{"@type":"ListItem","position":2,"name":"Roulette Chat"}]},{"@type":"WebSite","@id":"https:\/\/tinychat.com\/#website","url":"https:\/\/tinychat.com\/","name":"TinyChat","description":"Videochat casuale con sconosciuti","publisher":{"@id":"https:\/\/tinychat.com\/#organization"},"alternateName":"TinyChat.com","potentialAction":[{"@type":"SearchAction","target":{"@type":"EntryPoint","urlTemplate":"https:\/\/tinychat.com\/?s={search_term_string}"},"query-input":{"@type":"PropertyValueSpecification","valueRequired":true,"valueName":"search_term_string"}}],"inLanguage":"it-IT"},{"@type":"Organization","@id":"https:\/\/tinychat.com\/#organization","name":"TinyChat","alternateName":"TinyChat.com","url":"https:\/\/tinychat.com\/","logo":{"@type":"ImageObject","inLanguage":"it-IT","@id":"https:\/\/tinychat.com\/#\/schema\/logo\/image\/","url":"https:\/\/tinychat.com\/wp-content\/uploads\/2023\/11\/Tinychat-icon-square.png","contentUrl":"https:\/\/tinychat.com\/wp-content\/uploads\/2023\/11\/Tinychat-icon-square.png","width":284,"height":284,"caption":"TinyChat"},"image":{"@id":"https:\/\/tinychat.com\/#\/schema\/logo\/image\/"},"sameAs":["https:\/\/www.facebook.com\/tinychat","https:\/\/x.com\/tinychat"]}]}},"_links":{"self":[{"href":"https:\/\/tinychat.com\/it\/wp-json\/wp\/v2\/pages\/13261","targetHints":{"allow":["GET"]}}],"collection":[{"href":"https:\/\/tinychat.com\/it\/wp-json\/wp\/v2\/pages"}],"about":[{"href":"https:\/\/tinychat.com\/it\/wp-json\/wp\/v2\/types\/page"}],"author":[{"embeddable":true,"href":"https:\/\/tinychat.com\/it\/wp-json\/wp\/v2\/users\/8"}],"replies":[{"embeddable":true,"href":"https:\/\/tinychat.com\/it\/wp-json\/wp\/v2\/comments?post=13261"}],"version-history":[{"count":1,"href":"https:\/\/tinychat.com\/it\/wp-json\/wp\/v2\/pages\/13261\/revisions"}],"predecessor-version":[{"id":13262,"href":"https:\/\/tinychat.com\/it\/wp-json\/wp\/v2\/pages\/13261\/revisions\/13262"}],"wp:attachment":[{"href":"https:\/\/tinychat.com\/it\/wp-json\/wp\/v2\/media?parent=13261"}],"curies":[{"name":"wp","href":"https:\/\/api.w.org\/{rel}","templated":true}]}}