{"id":13268,"date":"2025-06-17T14:13:46","date_gmt":"2025-06-17T12:13:46","guid":{"rendered":"https:\/\/tinychat.com\/?page_id=13268"},"modified":"2025-06-17T14:13:46","modified_gmt":"2025-06-17T12:13:46","slug":"free-video-chat","status":"publish","type":"page","link":"https:\/\/tinychat.com\/it\/free-video-chat\/","title":{"rendered":"Video chat gratuita"},"content":{"rendered":"<p>Ammettiamolo: la videochat gratuita ha cambiato il modo di socializzare, di lavorare e persino di avere appuntamenti online. Che si tratti di incontrare vecchi amici, di conoscere qualcuno di nuovo o di partecipare a una vivace chiamata di gruppo, la possibilit\u00e0 di vedere e ascoltare le persone in tempo reale (gratuitamente!) rende ogni conversazione un po' pi\u00f9 personale.<\/p>\n<p>La parte migliore? Non \u00e8 necessario un abbonamento premium o un'attrezzatura speciale. Con il vostro telefono o computer portatile, potete iniziare una conversazione con chiunque, ovunque, all'istante.<\/p>\n<h2>Cosa rende la chat video gratuita cos\u00ec popolare?<\/h2>\n<p>C'\u00e8 un motivo se negli ultimi anni cos\u00ec tante persone sono passate alle piattaforme di video chat gratuite:<\/p>\n<ul>\n<li>Nessun costo: Potete connettervi con chiunque nel mondo senza preoccuparvi di tariffe o limiti mensili.<\/li>\n<li>Spontaneit\u00e0: Dai saluti veloci alle chiamate di un'ora, potete chattare ogni volta che vi viene voglia.<\/li>\n<li>Facile accesso: La maggior parte delle piattaforme funziona direttamente nel browser o tramite una semplice app, senza bisogno di scaricare nulla o di carte di credito.<\/li>\n<li>Incontrare nuove persone: Grazie a opzioni come la chat video casuale gratuita, \u00e8 possibile connettersi con sconosciuti in tutto il mondo con un semplice clic.<\/li>\n<li>Privacy e controllo: Iniziate con un nickname o rimanete anonimi se volete. Avete sempre il controllo.<\/li>\n<\/ul>\n<p>Sia che vogliate chattare con amici o incontrare perfetti sconosciuti, le piattaforme di video chat gratuite vi mettono al posto di comando.<\/p>\n<h2>Come funziona la chat video gratuita?<\/h2>\n<p>Iniziare non potrebbe essere pi\u00f9 semplice. Ecco il processo tipico:<\/p>\n<ol>\n<li>Aprite un sito o un'applicazione di video chat gratuita (pensate a Omegle, Chatspin, TinyChat, o anche a Zoom e Google Meet per le chiamate di gruppo).<\/li>\n<li>Consentire l'accesso alla fotocamera e al microfono.<\/li>\n<li>Scegliete la modalit\u00e0: uno a uno, chat di gruppo o video chat casuale gratuita.<\/li>\n<li>Connettetevi istantaneamente: la maggior parte dei siti non richiede registrazione o pagamento.<\/li>\n<li>Chiacchierate quanto volete e andate avanti quando ne avete voglia.<\/li>\n<\/ol>\n<p>Molte piattaforme offrono anche opzioni come la chat video di gruppo gratuita o le chat room basate su argomenti, in modo da poter adattare l'esperienza al proprio stato d'animo.<\/p>\n<h2>Le migliori piattaforme di video chat gratuite<\/h2>\n<p>Con cos\u00ec tante scelte, ce n'\u00e8 per tutti i gusti. Ecco alcune delle migliori opzioni, sia che vogliate incontrare nuove persone, uscire con gli amici o organizzare una festa virtuale:<\/p>\n<ul>\n<li>Omegle: famoso per le sue videochat casuali gratuite con sconosciuti in tutto il mondo.<\/li>\n<li>Chatroulette: offre connessioni casuali con un'atmosfera divertente e veloce.<\/li>\n<li>Chatspin: Permette di filtrare in base alla localit\u00e0 e agli interessi per ottenere una corrispondenza migliore.<\/li>\n<li>TinyChat: perfetto per le videochat di gruppo gratuite con stanze ed eventi a tema.<\/li>\n<li>Camsurf: Ottimo per connessioni rapide, facili e anonime.<\/li>\n<li>Zoom\/Google Meet: \u00e8 la soluzione migliore per le videochiamate di gruppo con amici, familiari o colleghi.<\/li>\n<li>Skype\/WhatsApp: Ideale per chat video private, uno a uno, con persone conosciute.<\/li>\n<\/ul>\n<p>Per coloro che si sentono avventurosi, le piattaforme che si concentrano sulla videochiamata casuale gratuita con gli sconosciuti offrono un modo semplice per incontrare nuovi volti e forse anche fare amicizia in un altro Paese.<\/p>\n<h2>Videochat gratuita vs. altre comunicazioni online<\/h2>\n<table>\n<thead>\n<tr>\n<th>Caratteristica<\/th>\n<th>Video chat gratuita<\/th>\n<th>Applicazioni di messaggistica<\/th>\n<th>Chiamate telefoniche<\/th>\n<th>Video chat a pagamento<\/th>\n<\/tr>\n<\/thead>\n<tbody>\n<tr>\n<td>Faccia a faccia in tempo reale<\/td>\n<td>\u2705<\/td>\n<td>\u274c<\/td>\n<td>\u274c<\/td>\n<td>\u2705<\/td>\n<\/tr>\n<tr>\n<td>Nessun costo<\/td>\n<td>\u2705<\/td>\n<td>\u2705<\/td>\n<td>\u274c<\/td>\n<td>\u274c<\/td>\n<\/tr>\n<tr>\n<td>Corrispondenza casuale<\/td>\n<td>\u2705 (su alcune piattaforme)<\/td>\n<td>\u274c<\/td>\n<td>\u274c<\/td>\n<td>\u2705<\/td>\n<\/tr>\n<tr>\n<td>Supporta i gruppi e gli incontri individuali<\/td>\n<td>\u2705<\/td>\n<td>\u2705<\/td>\n<td>\u2705<\/td>\n<td>\u2705<\/td>\n<\/tr>\n<tr>\n<td>Anonimato disponibile<\/td>\n<td>\u2705<\/td>\n<td>\u2705<\/td>\n<td>\u274c<\/td>\n<td>\u2705<\/td>\n<\/tr>\n<\/tbody>\n<\/table>\n<p>La chat video gratuita combina il meglio di tutti i mondi: istantanea, personale, flessibile e totalmente accessibile.<\/p>\n<h2>Come stare al sicuro<\/h2>\n<p>La maggior parte delle piattaforme si impegna a fondo per mantenere la sicurezza, ma alcune abitudini intelligenti rendono la vostra esperienza ancora migliore:<\/p>\n<ul>\n<li>Utilizzate un nickname ed evitate di condividere il vostro cognome o altre informazioni personali.<\/li>\n<li>Non cliccate su link strani e non condividete immagini private, soprattutto sui siti di video chat gratuiti e casuali.<\/li>\n<li>Se una conversazione non vi sembra corretta, passate oltre. Non c'\u00e8 bisogno di spiegazioni.<\/li>\n<li>Utilizzate le funzioni di blocco e segnalazione per qualsiasi comportamento inappropriato.<\/li>\n<li>Controllate le linee guida della piattaforma, soprattutto per quanto riguarda le restrizioni di et\u00e0 e le impostazioni sulla privacy.<\/li>\n<\/ul>\n<p>Un po' di prudenza significa molto pi\u00f9 divertimento e tranquillit\u00e0, soprattutto quando si chiacchiera con gli sconosciuti.<\/p>\n<h2>Perch\u00e9 le persone amano la chat video casuale gratuita<\/h2>\n<p>C'\u00e8 qualcosa di speciale nel parlare con qualcuno che non avreste mai incontrato altrimenti. Le piattaforme di video chat casuali gratuite rendono facile:<\/p>\n<ul>\n<li>Uscire dalla routine e parlare con persone di tutto il mondo.<\/li>\n<li>Praticare una nuova lingua, condividere storie o semplicemente farsi una risata con un estraneo.<\/li>\n<li>Sconfiggere la solitudine o la noia, soprattutto nelle notti tranquille.<\/li>\n<li>Esplorare nuove culture, opinioni e idee in tempo reale.<\/li>\n<\/ul>\n<p>\"Ho iniziato a usare la chat video gratuita e casuale solo per passare il tempo, ma ho finito per farmi amici in tre continenti. Onestamente crea dipendenza\".<\/p>\n<p>\"A volte si fanno delle chiacchierate veloci e sciocche. A volte si incontra qualcuno che ti cambia davvero la giornata\".<\/p>\n<h2>Consigli per sfruttare al meglio la vostra esperienza<\/h2>\n<ul>\n<li>Controllate la telecamera e il microfono prima di iniziare, per non perdere nemmeno un momento.<\/li>\n<li>Trovate un posto tranquillo e ben illuminato per telefonare meglio.<\/li>\n<li>Sorridete, rilassatevi e non abbiate paura di chiudere una conversazione che non fa per voi.<\/li>\n<li>Provate le video chat di gruppo se desiderate un'atmosfera di festa, oppure restate su una sola persona per conversazioni pi\u00f9 profonde.<\/li>\n<li>Mescolate: usate sia le chiamate casuali che quelle private, a seconda del vostro umore.<\/li>\n<\/ul>\n<p>Cambiando piattaforma, ora del giorno o addirittura paese (usando le VPN) si possono avere conversazioni completamente nuove.<\/p>\n<h2>Chi usa la chat video gratuita?<\/h2>\n<p>Tutti! La video chat gratuita \u00e8 perfetta per:<\/p>\n<ul>\n<li>Studenti che studiano o socializzano a distanza<\/li>\n<li>Nomadi digitali e lavoratori a distanza<\/li>\n<li>Persone che cercano di fare amicizia o di trovare l'amore online<\/li>\n<li>Studenti di lingue che desiderano conversazioni reali<\/li>\n<li>Chiunque si annoi a casa e abbia bisogno di un po' di compagnia<\/li>\n<\/ul>\n<p>Dalle chat occasionali alle connessioni significative, qui c'\u00e8 qualcosa per tutte le et\u00e0 e per tutti i contesti (assicuratevi solo di attenervi a stanze e linee guida adatte all'et\u00e0).<\/p>\n<h2>Quando usare la chat video gratuita<\/h2>\n<ul>\n<li>Ritrovarsi con amici e familiari, vicini o lontani<\/li>\n<li>Organizzate incontri virtuali, serate di gioco o gruppi di studio.<\/li>\n<li>Incontrare nuove persone su piattaforme di chat casuali<\/li>\n<li>Uscire con appuntamenti virtuali prima di incontrarsi di persona<\/li>\n<li>Collaborare con colleghi o compagni di studio<\/li>\n<li>Esercitarsi in colloqui, presentazioni o lingue dal vivo<\/li>\n<\/ul>\n<p>Se avete una webcam e un po' di curiosit\u00e0, siete pronti!<\/p>\n<p>La chat video gratuita \u00e8 la porta aperta sul mondo. Con le opzioni per le chiamate di gruppo, gli sconosciuti casuali, le conversazioni private e ogni tipo di comunit\u00e0 intermedia, non \u00e8 mai stato cos\u00ec facile, o pi\u00f9 conveniente, connettersi. Se volete fare amicizia, imparare, ridere o semplicemente spezzare la routine, tutto ci\u00f2 che vi serve \u00e8 un clic e un sorriso.<\/p>\n<p>Siete pronti a provare? Aprite oggi stesso una piattaforma di video chat gratuita e scoprite chi sta aspettando di incontrarvi. La vostra prossima grande conversazione \u00e8 l\u00e0 fuori: perch\u00e9 non iniziare subito?<\/p>","protected":false},"excerpt":{"rendered":"<p>Let\u2019s face it\u2014free video chat has changed the way we socialize, work, and even date online. Whether you\u2019re catching up with old friends, meeting someone new, or joining a lively group call, the ability to see and hear people in real time (for free!) makes every conversation feel a little more personal. The best part? [&hellip;]<\/p>\n","protected":false},"author":8,"featured_media":0,"parent":0,"menu_order":0,"comment_status":"closed","ping_status":"closed","template":"","meta":{"footnotes":""},"class_list":["post-13268","page","type-page","status-publish","hentry"],"yoast_head":"<!-- This site is optimized with the Yoast SEO plugin v27.5 - https:\/\/yoast.com\/product\/yoast-seo-wordpress\/ -->\n<title>Free Video Chat with Video Chat on TinyChat.com<\/title>\n<meta name=\"description\" content=\"Enjoying Free Video Chat? Join over 50,000,000 strangers on TinyChat! Turn on your cam and start meeting new people, or find a match.\" \/>\n<meta name=\"robots\" content=\"index, follow, max-snippet:-1, max-image-preview:large, max-video-preview:-1\" \/>\n<link rel=\"canonical\" href=\"https:\/\/tinychat.com\/it\/free-video-chat\/\" \/>\n<meta property=\"og:locale\" content=\"it_IT\" \/>\n<meta property=\"og:type\" content=\"article\" \/>\n<meta property=\"og:title\" content=\"Free Video Chat with Video Chat on TinyChat.com\" \/>\n<meta property=\"og:description\" content=\"Enjoying Free Video Chat? Join over 50,000,000 strangers on TinyChat! Turn on your cam and start meeting new people, or find a match.\" \/>\n<meta property=\"og:url\" content=\"https:\/\/tinychat.com\/it\/free-video-chat\/\" \/>\n<meta property=\"og:site_name\" content=\"TinyChat\" \/>\n<meta property=\"article:publisher\" content=\"https:\/\/www.facebook.com\/tinychat\" \/>\n<meta property=\"og:image\" content=\"https:\/\/tinychat.com\/wp-content\/uploads\/2020\/04\/Tinychat-logo-1280x284-new-black.png\" \/>\n\t<meta property=\"og:image:width\" content=\"1280\" \/>\n\t<meta property=\"og:image:height\" content=\"284\" \/>\n\t<meta property=\"og:image:type\" content=\"image\/png\" \/>\n<meta name=\"twitter:card\" content=\"summary_large_image\" \/>\n<meta name=\"twitter:site\" content=\"@tinychat\" \/>\n<meta name=\"twitter:label1\" content=\"Tempo di lettura stimato\" \/>\n\t<meta name=\"twitter:data1\" content=\"5 minuti\" \/>\n<script type=\"application\/ld+json\" class=\"yoast-schema-graph\">{\"@context\":\"https:\\\/\\\/schema.org\",\"@graph\":[{\"@type\":\"WebPage\",\"@id\":\"https:\\\/\\\/tinychat.com\\\/free-video-chat\\\/\",\"url\":\"https:\\\/\\\/tinychat.com\\\/free-video-chat\\\/\",\"name\":\"Free Video Chat with Video Chat on TinyChat.com\",\"isPartOf\":{\"@id\":\"https:\\\/\\\/tinychat.com\\\/#website\"},\"datePublished\":\"2025-06-17T12:13:46+00:00\",\"description\":\"Enjoying Free Video Chat? Join over 50,000,000 strangers on TinyChat! Turn on your cam and start meeting new people, or find a match.\",\"breadcrumb\":{\"@id\":\"https:\\\/\\\/tinychat.com\\\/free-video-chat\\\/#breadcrumb\"},\"inLanguage\":\"it-IT\",\"potentialAction\":[{\"@type\":\"ReadAction\",\"target\":[\"https:\\\/\\\/tinychat.com\\\/free-video-chat\\\/\"]}]},{\"@type\":\"BreadcrumbList\",\"@id\":\"https:\\\/\\\/tinychat.com\\\/free-video-chat\\\/#breadcrumb\",\"itemListElement\":[{\"@type\":\"ListItem\",\"position\":1,\"name\":\"Home\",\"item\":\"https:\\\/\\\/tinychat.com\\\/\"},{\"@type\":\"ListItem\",\"position\":2,\"name\":\"Free Video Chat\"}]},{\"@type\":\"WebSite\",\"@id\":\"https:\\\/\\\/tinychat.com\\\/#website\",\"url\":\"https:\\\/\\\/tinychat.com\\\/\",\"name\":\"TinyChat\",\"description\":\"Random Video Chat with Strangers\",\"publisher\":{\"@id\":\"https:\\\/\\\/tinychat.com\\\/#organization\"},\"alternateName\":\"TinyChat.com\",\"potentialAction\":[{\"@type\":\"SearchAction\",\"target\":{\"@type\":\"EntryPoint\",\"urlTemplate\":\"https:\\\/\\\/tinychat.com\\\/?s={search_term_string}\"},\"query-input\":{\"@type\":\"PropertyValueSpecification\",\"valueRequired\":true,\"valueName\":\"search_term_string\"}}],\"inLanguage\":\"it-IT\"},{\"@type\":\"Organization\",\"@id\":\"https:\\\/\\\/tinychat.com\\\/#organization\",\"name\":\"TinyChat\",\"alternateName\":\"TinyChat.com\",\"url\":\"https:\\\/\\\/tinychat.com\\\/\",\"logo\":{\"@type\":\"ImageObject\",\"inLanguage\":\"it-IT\",\"@id\":\"https:\\\/\\\/tinychat.com\\\/#\\\/schema\\\/logo\\\/image\\\/\",\"url\":\"https:\\\/\\\/tinychat.com\\\/wp-content\\\/uploads\\\/2023\\\/11\\\/Tinychat-icon-square.png\",\"contentUrl\":\"https:\\\/\\\/tinychat.com\\\/wp-content\\\/uploads\\\/2023\\\/11\\\/Tinychat-icon-square.png\",\"width\":284,\"height\":284,\"caption\":\"TinyChat\"},\"image\":{\"@id\":\"https:\\\/\\\/tinychat.com\\\/#\\\/schema\\\/logo\\\/image\\\/\"},\"sameAs\":[\"https:\\\/\\\/www.facebook.com\\\/tinychat\",\"https:\\\/\\\/x.com\\\/tinychat\"]}]}<\/script>\n<!-- \/ Yoast SEO plugin. -->","yoast_head_json":{"title":"Videochat gratuita con Video Chat su TinyChat.com","description":"Ti piace la Video Chat Gratuita? Unisciti a oltre 50.000.000 di sconosciuti su TinyChat! Accendi la tua cam e inizia a conoscere nuove persone o a trovare un partner.","robots":{"index":"index","follow":"follow","max-snippet":"max-snippet:-1","max-image-preview":"max-image-preview:large","max-video-preview":"max-video-preview:-1"},"canonical":"https:\/\/tinychat.com\/it\/free-video-chat\/","og_locale":"it_IT","og_type":"article","og_title":"Free Video Chat with Video Chat on TinyChat.com","og_description":"Enjoying Free Video Chat? Join over 50,000,000 strangers on TinyChat! Turn on your cam and start meeting new people, or find a match.","og_url":"https:\/\/tinychat.com\/it\/free-video-chat\/","og_site_name":"TinyChat","article_publisher":"https:\/\/www.facebook.com\/tinychat","og_image":[{"width":1280,"height":284,"url":"https:\/\/tinychat.com\/wp-content\/uploads\/2020\/04\/Tinychat-logo-1280x284-new-black.png","type":"image\/png"}],"twitter_card":"summary_large_image","twitter_site":"@tinychat","twitter_misc":{"Tempo di lettura stimato":"5 minuti"},"schema":{"@context":"https:\/\/schema.org","@graph":[{"@type":"WebPage","@id":"https:\/\/tinychat.com\/free-video-chat\/","url":"https:\/\/tinychat.com\/free-video-chat\/","name":"Videochat gratuita con Video Chat su TinyChat.com","isPartOf":{"@id":"https:\/\/tinychat.com\/#website"},"datePublished":"2025-06-17T12:13:46+00:00","description":"Ti piace la Video Chat Gratuita? Unisciti a oltre 50.000.000 di sconosciuti su TinyChat! Accendi la tua cam e inizia a conoscere nuove persone o a trovare un partner.","breadcrumb":{"@id":"https:\/\/tinychat.com\/free-video-chat\/#breadcrumb"},"inLanguage":"it-IT","potentialAction":[{"@type":"ReadAction","target":["https:\/\/tinychat.com\/free-video-chat\/"]}]},{"@type":"BreadcrumbList","@id":"https:\/\/tinychat.com\/free-video-chat\/#breadcrumb","itemListElement":[{"@type":"ListItem","position":1,"name":"Home","item":"https:\/\/tinychat.com\/"},{"@type":"ListItem","position":2,"name":"Free Video Chat"}]},{"@type":"WebSite","@id":"https:\/\/tinychat.com\/#website","url":"https:\/\/tinychat.com\/","name":"TinyChat","description":"Videochat casuale con sconosciuti","publisher":{"@id":"https:\/\/tinychat.com\/#organization"},"alternateName":"TinyChat.com","potentialAction":[{"@type":"SearchAction","target":{"@type":"EntryPoint","urlTemplate":"https:\/\/tinychat.com\/?s={search_term_string}"},"query-input":{"@type":"PropertyValueSpecification","valueRequired":true,"valueName":"search_term_string"}}],"inLanguage":"it-IT"},{"@type":"Organization","@id":"https:\/\/tinychat.com\/#organization","name":"TinyChat","alternateName":"TinyChat.com","url":"https:\/\/tinychat.com\/","logo":{"@type":"ImageObject","inLanguage":"it-IT","@id":"https:\/\/tinychat.com\/#\/schema\/logo\/image\/","url":"https:\/\/tinychat.com\/wp-content\/uploads\/2023\/11\/Tinychat-icon-square.png","contentUrl":"https:\/\/tinychat.com\/wp-content\/uploads\/2023\/11\/Tinychat-icon-square.png","width":284,"height":284,"caption":"TinyChat"},"image":{"@id":"https:\/\/tinychat.com\/#\/schema\/logo\/image\/"},"sameAs":["https:\/\/www.facebook.com\/tinychat","https:\/\/x.com\/tinychat"]}]}},"_links":{"self":[{"href":"https:\/\/tinychat.com\/it\/wp-json\/wp\/v2\/pages\/13268","targetHints":{"allow":["GET"]}}],"collection":[{"href":"https:\/\/tinychat.com\/it\/wp-json\/wp\/v2\/pages"}],"about":[{"href":"https:\/\/tinychat.com\/it\/wp-json\/wp\/v2\/types\/page"}],"author":[{"embeddable":true,"href":"https:\/\/tinychat.com\/it\/wp-json\/wp\/v2\/users\/8"}],"replies":[{"embeddable":true,"href":"https:\/\/tinychat.com\/it\/wp-json\/wp\/v2\/comments?post=13268"}],"version-history":[{"count":3,"href":"https:\/\/tinychat.com\/it\/wp-json\/wp\/v2\/pages\/13268\/revisions"}],"predecessor-version":[{"id":13271,"href":"https:\/\/tinychat.com\/it\/wp-json\/wp\/v2\/pages\/13268\/revisions\/13271"}],"wp:attachment":[{"href":"https:\/\/tinychat.com\/it\/wp-json\/wp\/v2\/media?parent=13268"}],"curies":[{"name":"wp","href":"https:\/\/api.w.org\/{rel}","templated":true}]}}