{"id":13277,"date":"2025-06-17T14:25:46","date_gmt":"2025-06-17T12:25:46","guid":{"rendered":"https:\/\/tinychat.com\/?page_id=13277"},"modified":"2025-06-17T14:25:46","modified_gmt":"2025-06-17T12:25:46","slug":"video-chat-hot","status":"publish","type":"page","link":"https:\/\/tinychat.com\/it\/video-chat-hot\/","title":{"rendered":"Video Chat Hot"},"content":{"rendered":"<p>Cercate qualcosa di pi\u00f9 di un semplice saluto amichevole? Volete aggiungere un po' di pepe alla vostra serata o incontrare qualcuno di nuovo che sia audace e spontaneo come voi? \u00c8 qui che entrano in gioco i siti di video chat hot. Queste piattaforme non si limitano a dire \"ciao\", ma si occupano di eccitazione, di chimica e di connettersi con persone che sono aperte al divertimento, al flirt e a volte anche a qualcosa di pi\u00f9.<\/p>\n<p>In un mondo in cui tutti cercano qualcosa di autentico ma anche un po' eccitante, i siti di video chat hot offrono il meglio di entrambi i mondi: conversazioni video in tempo reale con persone reali, ma con la libert\u00e0 di essere giocosi, civettuoli e, beh... un po' selvaggi.<\/p>\n<h2>Che cos'\u00e8 un sito di video chat \"caldo\"?<\/h2>\n<p>Una piattaforma di chat video hot \u00e8 un sito o un'app di chat video in cui gli utenti cercano qualcosa di pi\u00f9 di una semplice conversazione casuale. Potrebbe trattarsi di chat flirtanti, videochiamate per adulti o semplicemente conversazioni con persone che amano superare i limiti e mantenere le cose interessanti. Questi siti di solito offrono:<\/p>\n<ul>\n<li>Video chat dal vivo, uno contro uno: Per vedere ed essere visti, all'istante.<\/li>\n<li>Anonimato e privacy: Usate un nickname, mantenete la discrezione e siate aperti quanto volete.<\/li>\n<li>Opzioni casuali di video chat hot: Non si sa mai chi si incontra o quale sar\u00e0 l'atmosfera.<\/li>\n<li>Filtri per genere e interessi: Per trovare persone che corrispondono a ci\u00f2 che si sta cercando.<\/li>\n<li>Nessun giudizio, nessuna pressione: passate alla persona successiva se non \u00e8 la vostra atmosfera, senza rancore.<\/li>\n<\/ul>\n<p>Alcuni siti sono \"solo per adulti\", mentre altri sono semplicemente pi\u00f9 giocosi e aperti. In ogni caso, sono pensati per chi vuole qualcosa di pi\u00f9 delle chiacchiere.<\/p>\n<h2>Come funziona la Hot Video Chat?<\/h2>\n<p>Iniziare \u00e8 semplice, anche se siete alle prime armi:<\/p>\n<ol>\n<li>Scegliete un sito di video chat hot gratuito o scaricate un'applicazione affidabile.<\/li>\n<li>Consentire l'accesso alla telecamera e al microfono.<\/li>\n<li>Imposta i tuoi filtri: scegli con chi vuoi chattare (sesso, interessi, ecc.).<\/li>\n<li>Clicca per iniziare e sarai immediatamente abbinato a qualcuno pronto per una conversazione divertente e piccante.<\/li>\n<li>Se le cose sono imbarazzanti, troppo addomesticate o semplicemente non fanno per voi? Premete \"next\" e continuate a esplorare.<\/li>\n<\/ol>\n<p>La maggior parte delle piattaforme non richiede molte informazioni personali. Utilizzate un nickname, mantenete le cose leggere e decidete voi stessi quanto volete rivelare.<\/p>\n<h2>Piattaforme popolari per la chat video hot<\/h2>\n<p>Cercate il posto giusto per alzare il tiro? Alcune delle migliori piattaforme per video chat piccanti e giocose sono:<\/p>\n<ul>\n<li>Flingster: Famosa per video chat hot anonima e per soli adulti con tutti i generi e le coppie.<\/li>\n<li>Chatrandom (sezione adulti): Offre filtri di genere e di coppia e numerosi incontri casuali e selvaggi.<\/li>\n<li>CooMeet: noto per le chat video hot con utenti femminili verificati e per le connessioni istantanee.<\/li>\n<li>LuckyCrush: Accoppia casualmente uomini e donne per chattare dal vivo.<\/li>\n<li>Chatspin (modalit\u00e0 per adulti): Aggiunge filtri ludici e opzioni di chat per adulti.<\/li>\n<li>Bazoocam: Video chat di mentalit\u00e0 aperta, casuale con un sacco di flirt e divertimento di gruppo.<\/li>\n<\/ul>\n<p>Controllate sempre i requisiti di et\u00e0: la maggior parte dei siti di video chat hot \u00e8 riservata agli utenti di et\u00e0 superiore ai 18 anni.<\/p>\n<h2>Perch\u00e9 le persone amano la chat video hot<\/h2>\n<p>Per molti, l'attrazione \u00e8 ovvia: \u00e8 tutta l'eccitazione del flirt della vita reale, ma pi\u00f9 sicura e flessibile.<\/p>\n<ul>\n<li>Chimica istantanea: Scoprite subito se c'\u00e8 una scintilla, senza messaggi interminabili.<\/li>\n<li>Portata globale: Incontrare persone flirtanti e divertenti da qualsiasi parte del mondo.<\/li>\n<li>Zero pressioni: non \u00e8 il vostro ambiente? Saltate e cercate un'altra persona.<\/li>\n<li>Spontaneit\u00e0: ogni conversazione \u00e8 una sorpresa, a volte selvaggia, a volte sciocca, sempre reale.<\/li>\n<li>Libert\u00e0: Potete stabilire dei limiti, scegliere il vostro ritmo ed esplorare in sicurezza.<\/li>\n<\/ul>\n<p>\"Adoro le chat video hot perch\u00e9 non sai mai chi incontrerai. A volte \u00e8 flirtante, a volte \u00e8 semplicemente divertente, e puoi sempre passare oltre se non c'\u00e8 sintonia\".<\/p>\n<p>\"\u00c8 come andare a una festa, ma dal mio divano. C'\u00e8 sempre qualcuno di interessante online!\".<\/p>\n<h2>Sicurezza nelle chat video hot gratuite<\/h2>\n<p>Sebbene la maggior parte delle persone sia l\u00ec per divertirsi e instaurare rapporti amichevoli, alcune mosse intelligenti manterranno la vostra esperienza positiva:<\/p>\n<ul>\n<li>Non condividete mai dettagli personali: attenetevi a un nickname e mantenete un background neutro.<\/li>\n<li>Stabilite i vostri limiti e comunicateli chiaramente.<\/li>\n<li>Se qualcuno \u00e8 scortese o vi mette a disagio, utilizzate immediatamente il pulsante di blocco o di segnalazione.<\/li>\n<li>Non inviate immagini esplicite o informazioni personali a meno che non ne siate 100% sicuri.<\/li>\n<li>Se volete la privacy, utilizzate piattaforme che non richiedono la registrazione o che non memorizzano i log delle chat.<\/li>\n<\/ul>\n<p>Un po' di prudenza assicura molto pi\u00f9 divertimento.<\/p>\n<h2>Video chat hot gratuita o a pagamento<\/h2>\n<p>La maggior parte delle piattaforme offre una chat video hot casuale e gratuita come esperienza principale. Alcune aggiungono funzioni a pagamento come filtri speciali, regali o incontri \"prioritari\". Ecco come si confrontano:<\/p>\n<table>\n<thead>\n<tr>\n<th>Caratteristica<\/th>\n<th>Video chat calda e gratuita<\/th>\n<th>Video chat calda a pagamento<\/th>\n<\/tr>\n<\/thead>\n<tbody>\n<tr>\n<td>Nessun costo<\/td>\n<td>\u2705<\/td>\n<td>\u274c<\/td>\n<\/tr>\n<tr>\n<td>Anonimo\/casuale<\/td>\n<td>\u2705<\/td>\n<td>\u2705<\/td>\n<\/tr>\n<tr>\n<td>Filtri per genere e interessi<\/td>\n<td>\u2705 (su alcuni)<\/td>\n<td>\u2705<\/td>\n<\/tr>\n<tr>\n<td>Regali virtuali ed extra<\/td>\n<td>\u274c<\/td>\n<td>\u2705<\/td>\n<\/tr>\n<tr>\n<td>Corrispondenza delle priorit\u00e0<\/td>\n<td>\u274c<\/td>\n<td>\u2705<\/td>\n<\/tr>\n<tr>\n<td>Camere per soli adulti<\/td>\n<td>\u2705 (la maggior parte dei siti)<\/td>\n<td>\u2705<\/td>\n<\/tr>\n<\/tbody>\n<\/table>\n<p>La maggior parte degli utenti ottiene tutto ci\u00f2 di cui ha bisogno dalle opzioni gratuite. Le funzioni a pagamento sono solo degli extra per chi vuole un po' pi\u00f9 di controllo o di divertimento.<\/p>\n<h2>Chat video a caldo vs. Chat video normale<\/h2>\n<table>\n<thead>\n<tr>\n<th>Caratteristica<\/th>\n<th>Video chat hot<\/th>\n<th>Videochat regolare<\/th>\n<th>App di incontri<\/th>\n<th>Chat di testo<\/th>\n<\/tr>\n<\/thead>\n<tbody>\n<tr>\n<td>Utenti flirtanti e di mentalit\u00e0 aperta<\/td>\n<td>\u2705<\/td>\n<td>\u274c<\/td>\n<td>\u2705<\/td>\n<td>\u274c<\/td>\n<\/tr>\n<tr>\n<td>Anonimo\/ salto rapido<\/td>\n<td>\u2705<\/td>\n<td>\u2705<\/td>\n<td>\u274c<\/td>\n<td>\u2705<\/td>\n<\/tr>\n<tr>\n<td>Contenuti per adulti consentiti<\/td>\n<td>\u2705<\/td>\n<td>\u274c<\/td>\n<td>\u2705\/\u274c<\/td>\n<td>\u274c<\/td>\n<\/tr>\n<tr>\n<td>Individuale e di gruppo<\/td>\n<td>\u2705<\/td>\n<td>\u2705<\/td>\n<td>\u2705<\/td>\n<td>\u2705<\/td>\n<\/tr>\n<tr>\n<td>Utilizzo gratuito<\/td>\n<td>\u2705<\/td>\n<td>\u2705<\/td>\n<td>\u2705\/\u274c<\/td>\n<td>\u2705<\/td>\n<\/tr>\n<\/tbody>\n<\/table>\n<p>Le video chat hot non sono esclusivamente incontri, ma connessioni istantanee e senza filtri, divertimento ed eccitazione.<\/p>\n<h2>Suggerimenti per ottenere il massimo dall'esperienza<\/h2>\n<ul>\n<li>Siate voi stessi: La chat hot \u00e8 migliore quando si \u00e8 rilassati e reali.<\/li>\n<li>Stabilite dei limiti: Decidete in anticipo con cosa vi sentite a vostro agio e attenetevi ad esso.<\/li>\n<li>Flirtate con rispetto: La sicurezza \u00e8 attraente, la sfacciataggine no.<\/li>\n<li>Divertitevi: Provate filtri, giochi o argomenti giocosi per rompere il ghiaccio.<\/li>\n<li>Non prendetelo troppo sul serio: Se l'atmosfera non \u00e8 quella giusta, passate oltre.<\/li>\n<\/ul>\n<p>E rispettate sempre il livello di comfort dell'altra persona. Le migliori video chat hot avvengono quando entrambe le persone si divertono.<\/p>\n<h2>Quando e perch\u00e9 provare la chat video hot<\/h2>\n<p>Ci sono molti motivi per immergersi:<\/p>\n<ul>\n<li>Rendere pi\u00f9 vivace una serata noiosa con una conversazione reale e un'atmosfera flirtante<\/li>\n<li>Esplorare il proprio lato ludico in uno spazio sicuro e anonimo<\/li>\n<li>Incontrare persone di mentalit\u00e0 aperta provenienti da tutto il mondo - non \u00e8 necessario viaggiare!<\/li>\n<li>Usufruite di connessioni istantanee, senza lunghe attese o complicate registrazioni<\/li>\n<li>Sperimentate il brivido di non sapere mai chi sar\u00e0 il prossimo<\/li>\n<\/ul>\n<p>Sia che siate single, in una relazione o che vogliate semplicemente vedere cosa c'\u00e8 l\u00e0 fuori, la chat video hot vi permette di esplorare la vostra curiosit\u00e0 e di connettervi a modo vostro.<\/p>\n<p>Le piattaforme di video chat hot sono pi\u00f9 di una semplice tendenza: sono un nuovo modo di incontrarsi, flirtare e divertirsi online. Dalle video chat casuali gratuite con sconosciuti alle stanze private per soli adulti, c'\u00e8 qualcosa per tutti coloro che vogliono alzare il tiro e creare connessioni reali e memorabili.<\/p>\n<p>Siete pronti a vedere cosa vi aspetta dall'altra parte dello schermo? Entrate oggi stesso in una chat video e scoprite quanto possono essere eccitanti le conversazioni online.<\/p>\n<p>Chi lo sa? Il vostro prossimo momento indimenticabile potrebbe essere a un solo clic di distanza.<\/p>","protected":false},"excerpt":{"rendered":"<p>Looking for more than just a friendly hello? Want to add a little spark to your night, or meet someone new who\u2019s as bold and spontaneous as you are? That\u2019s where video chat hot sites come in. These platforms aren\u2019t just about saying hi\u2014they\u2019re about excitement, chemistry, and connecting with people who are open to [&hellip;]<\/p>\n","protected":false},"author":8,"featured_media":0,"parent":0,"menu_order":0,"comment_status":"closed","ping_status":"closed","template":"","meta":{"footnotes":""},"class_list":["post-13277","page","type-page","status-publish","hentry"],"yoast_head":"<!-- This site is optimized with the Yoast SEO plugin v27.5 - https:\/\/yoast.com\/product\/yoast-seo-wordpress\/ -->\n<title>Video Chat Hot with Video Chat on TinyChat.com<\/title>\n<meta name=\"description\" content=\"Enjoying Video Chat Hot? Join over 50,000,000 strangers on TinyChat! Turn on your cam and start meeting new people, or find a match.\" \/>\n<meta name=\"robots\" content=\"index, follow, max-snippet:-1, max-image-preview:large, max-video-preview:-1\" \/>\n<link rel=\"canonical\" href=\"https:\/\/tinychat.com\/it\/video-chat-hot\/\" \/>\n<meta property=\"og:locale\" content=\"it_IT\" \/>\n<meta property=\"og:type\" content=\"article\" \/>\n<meta property=\"og:title\" content=\"Video Chat Hot with Video Chat on TinyChat.com\" \/>\n<meta property=\"og:description\" content=\"Enjoying Video Chat Hot? Join over 50,000,000 strangers on TinyChat! Turn on your cam and start meeting new people, or find a match.\" \/>\n<meta property=\"og:url\" content=\"https:\/\/tinychat.com\/it\/video-chat-hot\/\" \/>\n<meta property=\"og:site_name\" content=\"TinyChat\" \/>\n<meta property=\"article:publisher\" content=\"https:\/\/www.facebook.com\/tinychat\" \/>\n<meta property=\"og:image\" content=\"https:\/\/tinychat.com\/wp-content\/uploads\/2020\/04\/Tinychat-logo-1280x284-new-black.png\" \/>\n\t<meta property=\"og:image:width\" content=\"1280\" \/>\n\t<meta property=\"og:image:height\" content=\"284\" \/>\n\t<meta property=\"og:image:type\" content=\"image\/png\" \/>\n<meta name=\"twitter:card\" content=\"summary_large_image\" \/>\n<meta name=\"twitter:site\" content=\"@tinychat\" \/>\n<meta name=\"twitter:label1\" content=\"Tempo di lettura stimato\" \/>\n\t<meta name=\"twitter:data1\" content=\"5 minuti\" \/>\n<script type=\"application\/ld+json\" class=\"yoast-schema-graph\">{\"@context\":\"https:\\\/\\\/schema.org\",\"@graph\":[{\"@type\":\"WebPage\",\"@id\":\"https:\\\/\\\/tinychat.com\\\/video-chat-hot\\\/\",\"url\":\"https:\\\/\\\/tinychat.com\\\/video-chat-hot\\\/\",\"name\":\"Video Chat Hot with Video Chat on TinyChat.com\",\"isPartOf\":{\"@id\":\"https:\\\/\\\/tinychat.com\\\/#website\"},\"datePublished\":\"2025-06-17T12:25:46+00:00\",\"description\":\"Enjoying Video Chat Hot? Join over 50,000,000 strangers on TinyChat! Turn on your cam and start meeting new people, or find a match.\",\"breadcrumb\":{\"@id\":\"https:\\\/\\\/tinychat.com\\\/video-chat-hot\\\/#breadcrumb\"},\"inLanguage\":\"it-IT\",\"potentialAction\":[{\"@type\":\"ReadAction\",\"target\":[\"https:\\\/\\\/tinychat.com\\\/video-chat-hot\\\/\"]}]},{\"@type\":\"BreadcrumbList\",\"@id\":\"https:\\\/\\\/tinychat.com\\\/video-chat-hot\\\/#breadcrumb\",\"itemListElement\":[{\"@type\":\"ListItem\",\"position\":1,\"name\":\"Home\",\"item\":\"https:\\\/\\\/tinychat.com\\\/\"},{\"@type\":\"ListItem\",\"position\":2,\"name\":\"Video Chat Hot\"}]},{\"@type\":\"WebSite\",\"@id\":\"https:\\\/\\\/tinychat.com\\\/#website\",\"url\":\"https:\\\/\\\/tinychat.com\\\/\",\"name\":\"TinyChat\",\"description\":\"Random Video Chat with Strangers\",\"publisher\":{\"@id\":\"https:\\\/\\\/tinychat.com\\\/#organization\"},\"alternateName\":\"TinyChat.com\",\"potentialAction\":[{\"@type\":\"SearchAction\",\"target\":{\"@type\":\"EntryPoint\",\"urlTemplate\":\"https:\\\/\\\/tinychat.com\\\/?s={search_term_string}\"},\"query-input\":{\"@type\":\"PropertyValueSpecification\",\"valueRequired\":true,\"valueName\":\"search_term_string\"}}],\"inLanguage\":\"it-IT\"},{\"@type\":\"Organization\",\"@id\":\"https:\\\/\\\/tinychat.com\\\/#organization\",\"name\":\"TinyChat\",\"alternateName\":\"TinyChat.com\",\"url\":\"https:\\\/\\\/tinychat.com\\\/\",\"logo\":{\"@type\":\"ImageObject\",\"inLanguage\":\"it-IT\",\"@id\":\"https:\\\/\\\/tinychat.com\\\/#\\\/schema\\\/logo\\\/image\\\/\",\"url\":\"https:\\\/\\\/tinychat.com\\\/wp-content\\\/uploads\\\/2023\\\/11\\\/Tinychat-icon-square.png\",\"contentUrl\":\"https:\\\/\\\/tinychat.com\\\/wp-content\\\/uploads\\\/2023\\\/11\\\/Tinychat-icon-square.png\",\"width\":284,\"height\":284,\"caption\":\"TinyChat\"},\"image\":{\"@id\":\"https:\\\/\\\/tinychat.com\\\/#\\\/schema\\\/logo\\\/image\\\/\"},\"sameAs\":[\"https:\\\/\\\/www.facebook.com\\\/tinychat\",\"https:\\\/\\\/x.com\\\/tinychat\"]}]}<\/script>\n<!-- \/ Yoast SEO plugin. -->","yoast_head_json":{"title":"Video Chat Hot con la Video Chat su TinyChat.com","description":"Ti piace la Video Chat Hot? Unisciti a oltre 50.000.000 di sconosciuti su TinyChat! Accendi la tua cam e inizia a conoscere nuove persone o a trovare un partner.","robots":{"index":"index","follow":"follow","max-snippet":"max-snippet:-1","max-image-preview":"max-image-preview:large","max-video-preview":"max-video-preview:-1"},"canonical":"https:\/\/tinychat.com\/it\/video-chat-hot\/","og_locale":"it_IT","og_type":"article","og_title":"Video Chat Hot with Video Chat on TinyChat.com","og_description":"Enjoying Video Chat Hot? Join over 50,000,000 strangers on TinyChat! Turn on your cam and start meeting new people, or find a match.","og_url":"https:\/\/tinychat.com\/it\/video-chat-hot\/","og_site_name":"TinyChat","article_publisher":"https:\/\/www.facebook.com\/tinychat","og_image":[{"width":1280,"height":284,"url":"https:\/\/tinychat.com\/wp-content\/uploads\/2020\/04\/Tinychat-logo-1280x284-new-black.png","type":"image\/png"}],"twitter_card":"summary_large_image","twitter_site":"@tinychat","twitter_misc":{"Tempo di lettura stimato":"5 minuti"},"schema":{"@context":"https:\/\/schema.org","@graph":[{"@type":"WebPage","@id":"https:\/\/tinychat.com\/video-chat-hot\/","url":"https:\/\/tinychat.com\/video-chat-hot\/","name":"Video Chat Hot con la Video Chat su TinyChat.com","isPartOf":{"@id":"https:\/\/tinychat.com\/#website"},"datePublished":"2025-06-17T12:25:46+00:00","description":"Ti piace la Video Chat Hot? Unisciti a oltre 50.000.000 di sconosciuti su TinyChat! Accendi la tua cam e inizia a conoscere nuove persone o a trovare un partner.","breadcrumb":{"@id":"https:\/\/tinychat.com\/video-chat-hot\/#breadcrumb"},"inLanguage":"it-IT","potentialAction":[{"@type":"ReadAction","target":["https:\/\/tinychat.com\/video-chat-hot\/"]}]},{"@type":"BreadcrumbList","@id":"https:\/\/tinychat.com\/video-chat-hot\/#breadcrumb","itemListElement":[{"@type":"ListItem","position":1,"name":"Home","item":"https:\/\/tinychat.com\/"},{"@type":"ListItem","position":2,"name":"Video Chat Hot"}]},{"@type":"WebSite","@id":"https:\/\/tinychat.com\/#website","url":"https:\/\/tinychat.com\/","name":"TinyChat","description":"Videochat casuale con sconosciuti","publisher":{"@id":"https:\/\/tinychat.com\/#organization"},"alternateName":"TinyChat.com","potentialAction":[{"@type":"SearchAction","target":{"@type":"EntryPoint","urlTemplate":"https:\/\/tinychat.com\/?s={search_term_string}"},"query-input":{"@type":"PropertyValueSpecification","valueRequired":true,"valueName":"search_term_string"}}],"inLanguage":"it-IT"},{"@type":"Organization","@id":"https:\/\/tinychat.com\/#organization","name":"TinyChat","alternateName":"TinyChat.com","url":"https:\/\/tinychat.com\/","logo":{"@type":"ImageObject","inLanguage":"it-IT","@id":"https:\/\/tinychat.com\/#\/schema\/logo\/image\/","url":"https:\/\/tinychat.com\/wp-content\/uploads\/2023\/11\/Tinychat-icon-square.png","contentUrl":"https:\/\/tinychat.com\/wp-content\/uploads\/2023\/11\/Tinychat-icon-square.png","width":284,"height":284,"caption":"TinyChat"},"image":{"@id":"https:\/\/tinychat.com\/#\/schema\/logo\/image\/"},"sameAs":["https:\/\/www.facebook.com\/tinychat","https:\/\/x.com\/tinychat"]}]}},"_links":{"self":[{"href":"https:\/\/tinychat.com\/it\/wp-json\/wp\/v2\/pages\/13277","targetHints":{"allow":["GET"]}}],"collection":[{"href":"https:\/\/tinychat.com\/it\/wp-json\/wp\/v2\/pages"}],"about":[{"href":"https:\/\/tinychat.com\/it\/wp-json\/wp\/v2\/types\/page"}],"author":[{"embeddable":true,"href":"https:\/\/tinychat.com\/it\/wp-json\/wp\/v2\/users\/8"}],"replies":[{"embeddable":true,"href":"https:\/\/tinychat.com\/it\/wp-json\/wp\/v2\/comments?post=13277"}],"version-history":[{"count":2,"href":"https:\/\/tinychat.com\/it\/wp-json\/wp\/v2\/pages\/13277\/revisions"}],"predecessor-version":[{"id":13279,"href":"https:\/\/tinychat.com\/it\/wp-json\/wp\/v2\/pages\/13277\/revisions\/13279"}],"wp:attachment":[{"href":"https:\/\/tinychat.com\/it\/wp-json\/wp\/v2\/media?parent=13277"}],"curies":[{"name":"wp","href":"https:\/\/api.w.org\/{rel}","templated":true}]}}