{"id":13358,"date":"2025-07-26T17:37:58","date_gmt":"2025-07-26T15:37:58","guid":{"rendered":"https:\/\/tinychat.com\/?page_id=13358"},"modified":"2025-07-26T17:38:19","modified_gmt":"2025-07-26T15:38:19","slug":"chatiwi","status":"publish","type":"page","link":"https:\/\/tinychat.com\/it\/chatiwi\/","title":{"rendered":"Chatiwi"},"content":{"rendered":"<p>Il panorama delle chat online \u00e8 in continua evoluzione, poich\u00e9 gli utenti richiedono non solo velocit\u00e0 e facilit\u00e0, ma anche privacy reale, sicurezza dei dati e libert\u00e0 dal bagaglio di iscrizioni, profili e sorveglianza. Se siete stanchi di condividere i vostri dati personali o di essere tracciati su tutte le piattaforme, Chatiwi \u00e8 stato progettato pensando a voi. Questo innovativo sito di chat combina tutto ci\u00f2 che le persone amavano di Chatiwi - accesso rapido, chat globale e un'interfaccia facile da usare - con una crittografia avanzata e un impegno deciso per la privacy.<\/p>\n<p>Che si tratti di chattare con sconosciuti, fare nuove amicizie, trovare supporto, flirtare o semplicemente sfuggire al rumore dei social media, Chatiwi offre una miscela unica di semplicit\u00e0, sicurezza e assoluto anonimato, il tutto senza scaricare app o complicati moduli di iscrizione.<\/p>\n<p>Questa guida definitiva copre tutto ci\u00f2 che c'\u00e8 da sapere su Chatiwi: cos'\u00e8, come funziona, le sue caratteristiche principali, l'esperienza dell'utente, i protocolli di sicurezza, il confronto con altre piattaforme di chat, i suggerimenti per la risoluzione dei problemi e i consigli degli esperti per ottenere il massimo da ogni sessione.<\/p>\n<h2>Che cos'\u00e8 l'Chatiwi?<\/h2>\n<p>Chatiwi \u00e8 una piattaforma di chat anonima basata su browser che offre chat istantanee, individuali o di gruppo con persone di tutto il mondo, senza necessit\u00e0 di registrazione. Come il classico Chatiw, \u00e8 possibile entrare direttamente in una chat room con un semplice nickname, ma Chatiwi aggiunge la crittografia moderna e i controlli sulla privacy, rendendolo una scelta eccellente per chiunque voglia mantenere le proprie conversazioni sicure e private.<\/p>\n<p>\u00c8 ideale per:<\/p>\n<ul>\n<li>Conversazioni anonime e sicure<\/li>\n<li>Conoscere nuove persone da tutto il mondo<\/li>\n<li>Chat testuale senza login<\/li>\n<li>Evitare il tracciamento dei dati e il marketing<\/li>\n<li>Chi apprezza la privacy, la semplicit\u00e0 e la libert\u00e0<\/li>\n<\/ul>\n<p>La missione di Chatiwi \u00e8 quella di essere la piattaforma di riferimento per tutti coloro che desiderano una chat reale e istantanea con la massima tranquillit\u00e0 sulla propria identit\u00e0 e sui propri dati.<\/p>\n<h2>Caratteristiche principali di Chatiwi<\/h2>\n<p>Chatiwi si distingue nell'affollato spazio delle chat concentrandosi su ci\u00f2 che gli utenti di oggi desiderano di pi\u00f9: sicurezza, anonimato e accessibilit\u00e0.<\/p>\n<h3>1. Nessuna registrazione richiesta<\/h3>\n<p>Per iscriversi bastano pochi secondi: basta scegliere un nickname ed entrare. Non \u00e8 richiesto alcun profilo e-mail, telefonico o di social media.<\/p>\n<h3>2. Chat crittografata end-to-end<\/h3>\n<p>Tutti i messaggi su Chatiwi sono crittografati end-to-end. Ci\u00f2 significa che solo voi e i vostri partner di chat potete leggere i vostri messaggi; nemmeno i server di Chatiwi possono accedere alle vostre conversazioni.<\/p>\n<h3>3. Anonimo per impostazione predefinita<\/h3>\n<p>Non \u00e8 necessario rivelare chi siete-Chatiwi non chiede, raccoglie o memorizza informazioni personali. Rimanete privati come volete, sempre.<\/p>\n<h3>4. Chat individuale e di gruppo<\/h3>\n<ul>\n<li>Chat casuale: Essere accoppiati istantaneamente con uno sconosciuto per una conversazione privata.<\/li>\n<li>Chat di gruppo: Partecipate a stanze pubbliche per interesse o paese, oppure create il vostro gruppo privato.<\/li>\n<\/ul>\n<h3>5. Interfaccia semplice e moderna<\/h3>\n<p>L'interfaccia \u00e8 pulita, ordinata e funziona perfettamente sia su browser desktop che mobile. Niente pubblicit\u00e0, niente pop-up, solo chat.<\/p>\n<h3>6. Registri di chat temporanei<\/h3>\n<p>Le chat scompaiono quando si esce: nessun registro viene memorizzato sui server di Chatiwi e nulla viene indicizzato o reso pubblico.<\/p>\n<h3>7. Emoji e condivisione dei media (con controllo della privacy)<\/h3>\n<p>Esprimetevi con un'ampia gamma di emoji. Per le immagini o i media, la condivisione \u00e8 strettamente controllata e sempre privata, senza feed pubblici.<\/p>\n<h3>8. Moderazione attiva e controllo degli utenti<\/h3>\n<p>Sebbene Chatiwi sia completamente anonimo, la moderazione attiva e gli strumenti di segnalazione\/blocco istantaneo aiutano a mantenere al minimo lo spam, gli abusi e i bot.<\/p>\n<h3>9. Filtri di posizione e lingua<\/h3>\n<p>Trovate persone di paesi specifici o filtrate per lingua per un'esperienza di chat pi\u00f9 pertinente (il tutto senza tracciare il vostro IP o la vostra posizione reale).<\/p>\n<h3>10. Nessun download, nessuna applicazione necessaria<\/h3>\n<p>Chatiwi \u00e8 100% basato su browser, ottimizzato per dispositivi mobili e desktop, senza necessit\u00e0 di installazione o aggiornamenti.<\/p>\n<h2>Come utilizzare Chatiwi<\/h2>\n<p>Chatiwi \u00e8 il modo pi\u00f9 semplice e veloce per entrare in una chat:<\/p>\n<h3>Passo 1: visitare il sito web Chatiwi<\/h3>\n<p>Aprite chatiwi.com o la relativa versione locale in qualsiasi browser.<\/p>\n<h3>Fase 2: Scegliere un soprannome<\/h3>\n<p>Inserite un nickname, senza bisogno di nomi o dettagli reali.<\/p>\n<h3>Passo 3: Scegliere la modalit\u00e0 di chat<\/h3>\n<ul>\n<li>Chat casuale: Accoppiatevi immediatamente per una conversazione anonima uno a uno.<\/li>\n<li>Chat di gruppo: Entrate in una stanza pubblica per argomento\/paese, oppure create la vostra stanza di gruppo privata e condividete il link.<\/li>\n<\/ul>\n<h3>Fase 4: Iniziare a chattare<\/h3>\n<p>Salutate! Potete mantenere un tono informale, fare domande, chiedere consigli o semplicemente passare il tempo.<\/p>\n<h3>Passo 5: utilizzare i filtri (facoltativo)<\/h3>\n<p>Selezionate il vostro Paese o la vostra lingua preferita per entrare in contatto con utenti pi\u00f9 rilevanti.<\/p>\n<h3>Passo 6: Emoji e condivisione dei media<\/h3>\n<p>Aggiungete emoji ai vostri messaggi o condividete immagini\/media (se abilitati), il tutto con crittografia end-to-end e consegna privata.<\/p>\n<h3>Fase 7: Segnalare o bloccare se necessario<\/h3>\n<p>Se riscontrate spam o abusi, utilizzate i pulsanti di segnalazione\/blocco per intervenire immediatamente.<\/p>\n<h2>Esperienza utente su Chatiwi<\/h2>\n<p>L'Chatiwi \u00e8 progettato per una conversazione pura, sicura e senza distrazioni:<\/p>\n<h3>Cosa amano gli utenti<\/h3>\n<ul>\n<li>Una chat veramente anonima: Nessuna registrazione, nessuna informazione personale, nessun tracciamento.<\/li>\n<li>Crittografia end-to-end: Assicura che nessuno possa leggere i vostri messaggi, tranne voi e i vostri interlocutori.<\/li>\n<li>Interfaccia moderna e ordinata: Veloce, reattiva e senza pubblicit\u00e0.<\/li>\n<li>Base di utenti globale: Incontrare istantaneamente persone da tutto il mondo.<\/li>\n<li>Mobile e desktop friendly: esperienza senza soluzione di continuit\u00e0 su tutti i dispositivi.<\/li>\n<li>Nessun registro, nessuna conservazione dei dati: La privacy non \u00e8 mai compromessa.<\/li>\n<li>Accesso rapido all'assistenza e alla moderazione: Riduce al minimo gli abusi.<\/li>\n<\/ul>\n<h3>Dove gli utenti vedono margini di miglioramento<\/h3>\n<ul>\n<li>Nessuna chat video o vocale (l'attenzione \u00e8 rivolta alla chat di testo sicura).<\/li>\n<li>La condivisione dei contenuti multimediali \u00e8 limitata per motivi di privacy (alcuni potrebbero trovarla restrittiva).<\/li>\n<li>A volte meno utenti rispetto alle piattaforme tradizionali (scambiando la quantit\u00e0 con la qualit\u00e0 e la privacy).<\/li>\n<li>Tutto l'anonimato significa che dovete essere proattivi nel segnalare i cattivi attori (ma gli strumenti sono forniti).<\/li>\n<\/ul>\n<h3>Feedback degli utenti reali<\/h3>\n<blockquote><p>\"Finalmente un sito di chat in cui non devo iscrivermi o preoccuparmi che le mie informazioni vengano condivise. Mi sembra molto pi\u00f9 sicuro di altre app di chat casuali\".<br \/>\n- <em>Khaled A., Trustpilot<\/em><\/p><\/blockquote>\n<blockquote><p>\"La crittografia end-to-end \u00e8 il motivo per cui utilizzo Chatiwi. Semplice, pulito e totalmente anonimo\".<br \/>\n- <em>Ella P., Google Play<\/em><\/p><\/blockquote>\n<blockquote><p>\"Niente bot, niente spam e nessuno che venda i miei dati. Solo chat, come dovrebbe essere\".<br \/>\n- <em>David L., App Store<\/em><\/p><\/blockquote>\n<h2>Chatiwi vs. altre piattaforme di chat anonima<\/h2>\n<p>Come si colloca Chatiwi rispetto alle alternative pi\u00f9 popolari?<\/p>\n<table>\n<thead>\n<tr>\n<th>Caratteristica<\/th>\n<th>Chatiwi<\/th>\n<th>Chatiw<\/th>\n<th>Chatib<\/th>\n<th>S\u00ecichat<\/th>\n<th>Chatzy<\/th>\n<th>OmegleWeb<\/th>\n<\/tr>\n<\/thead>\n<tbody>\n<tr>\n<td>Non \u00e8 necessaria la registrazione<\/td>\n<td>\u2705 S\u00ec<\/td>\n<td>\u2705 S\u00ec<\/td>\n<td>\u2705 S\u00ec<\/td>\n<td>\u2705 S\u00ec<\/td>\n<td>\u2705 S\u00ec<\/td>\n<td>\u2705 S\u00ec<\/td>\n<\/tr>\n<tr>\n<td>Crittografia end-to-end<\/td>\n<td>\u2705 S\u00ec<\/td>\n<td>\u274c No<\/td>\n<td>\u274c No<\/td>\n<td>\u274c No<\/td>\n<td>\u274c No<\/td>\n<td>\u274c No<\/td>\n<\/tr>\n<tr>\n<td>Nessuna conservazione dei dati<\/td>\n<td>\u2705 S\u00ec<\/td>\n<td>\u274c No<\/td>\n<td>\u274c No<\/td>\n<td>\u274c No<\/td>\n<td>\u2705 S\u00ec<\/td>\n<td>\u274c No<\/td>\n<\/tr>\n<tr>\n<td>Chat di gruppo e individuale<\/td>\n<td>Entrambi<\/td>\n<td>Entrambi<\/td>\n<td>Entrambi<\/td>\n<td>Entrambi<\/td>\n<td>Entrambi<\/td>\n<td>Entrambi<\/td>\n<\/tr>\n<tr>\n<td>Condivisione di media\/Emoji<\/td>\n<td>\u2705 S\u00ec<\/td>\n<td>\u2705 S\u00ec<\/td>\n<td>\u2705 S\u00ec<\/td>\n<td>\u2705 S\u00ec<\/td>\n<td>\u2705 S\u00ec<\/td>\n<td>\u2705 S\u00ec<\/td>\n<\/tr>\n<tr>\n<td>Moderazione forte<\/td>\n<td>\u2705 S\u00ec<\/td>\n<td>\u26a0\ufe0f Alcuni<\/td>\n<td>\u2705 S\u00ec<\/td>\n<td>\u2705 S\u00ec<\/td>\n<td>\u2705 S\u00ec<\/td>\n<td>\u2705 S\u00ec<\/td>\n<\/tr>\n<tr>\n<td>Ottimizzato per i dispositivi mobili<\/td>\n<td>\u2705 S\u00ec<\/td>\n<td>\u2705 S\u00ec<\/td>\n<td>\u2705 S\u00ec<\/td>\n<td>\u2705 S\u00ec<\/td>\n<td>\u2705 S\u00ec<\/td>\n<td>\u2705 S\u00ec<\/td>\n<\/tr>\n<tr>\n<td>Nessun annuncio\/tracciamento<\/td>\n<td>\u2705 S\u00ec<\/td>\n<td>\u274c No<\/td>\n<td>\u274c No<\/td>\n<td>\u26a0\ufe0f Alcuni<\/td>\n<td>\u2705 S\u00ec<\/td>\n<td>\u274c No<\/td>\n<\/tr>\n<\/tbody>\n<\/table>\n<p>Sommario: Chatiwi si distingue per l'autentica crittografia end-to-end, il rigoroso anonimato, l'assenza di conservazione dei dati e un'interfaccia veloce e pulita, perfetta per chiunque apprezzi la vera privacy e la sicurezza nelle chat online.<\/p>\n<h2>Chatiwi \u00e8 sicuro?<\/h2>\n<p>Chatiwi \u00e8 una delle piattaforme di chat anonime pi\u00f9 sicure, grazie alla:<\/p>\n<ul>\n<li>Crittografia end-to-end: I messaggi non possono essere intercettati o letti da nessuno tranne che da voi e dal vostro partner.<\/li>\n<li>Zero conservazione dei dati: I registri di chat scompaiono quando si esce.<\/li>\n<li>Non sono mai stati raccolti dati personali o di registrazione.<\/li>\n<li>Moderazione attiva: Spam, abusi e bot vengono rapidamente rimossi.<\/li>\n<li>Controlli dell'utente: Bloccate o segnalate istantaneamente i problemi riscontrati.<\/li>\n<li>Nessun annuncio o script di tracciamento di terze parti.<\/li>\n<\/ul>\n<h3>Consigli per la sicurezza<\/h3>\n<ul>\n<li>Non condividete informazioni personali, nemmeno nella chat privata.<\/li>\n<li>Utilizzate le stanze di gruppo per un maggiore anonimato, o le stanze private per un colloquio sicuro a tu per tu.<\/li>\n<li>Non cliccate mai su link o scaricate file se non vi fidate pienamente dell'altra persona.<\/li>\n<li>Segnalate immediatamente abusi, spam o utenti sospetti: i moderatori sono rapidi nell'intervenire.<\/li>\n<li>Godetevi la libert\u00e0, ma rispettate i limiti e la privacy degli altri.<\/li>\n<\/ul>\n<h2>Suggerimenti per ottenere il massimo da Chatiwi<\/h2>\n<ul>\n<li>Iniziare in modo amichevole: Un semplice \"ciao\" o una domanda possono innescare grandi conversazioni.<\/li>\n<li>Usate la crittografia con saggezza: Discutete di argomenti sensibili sapendo che la vostra chat \u00e8 veramente privata.<\/li>\n<li>Provate i filtri per lingua e paese: Incontrare persone provenienti da contesti specifici.<\/li>\n<li>Segnalare e bloccare quando necessario: Contribuire a mantenere lo spazio sicuro per tutti.<\/li>\n<li>Cambiate dispositivo se necessario: Il sito \u00e8 ottimizzato per tutti gli schermi.<\/li>\n<li>Esprimetevi con le emoji: Mantenere vivaci le conversazioni.<\/li>\n<li>Rimanere anonimi: Non rivelate dettagli reali se non siete pienamente a vostro agio.<\/li>\n<\/ul>\n<h2>Risoluzione dei problemi comuni dell'Chatiwi<\/h2>\n<h3>Impossibile connettersi o la chat non si carica<\/h3>\n<p>Controllare la connessione a Internet, aggiornare la pagina o provare con un altro browser\/dispositivo.<\/p>\n<h3>Impossibile condividere i media<\/h3>\n<p>Assicurarsi che il file rientri nei limiti di dimensione\/tipo; la condivisione di alcuni media potrebbe essere disabilitata per motivi di privacy.<\/p>\n<h3>Incontro con i troll o lo spam<\/h3>\n<p>Utilizzare i pulsanti di segnalazione\/blocco. Gli abusi vengono gestiti rapidamente dai moderatori.<\/p>\n<h3>Storia della chat perduta<\/h3>\n<p>Le chat non vengono memorizzate per motivi di privacy. Salvate le cose importanti prima di chiudere la finestra.<\/p>\n<h3>Bassa attivit\u00e0 degli utenti<\/h3>\n<p>Provate a scegliere diverse ore del giorno o a utilizzare i filtri per lingua\/paese per ottenere pi\u00f9 corrispondenze.<\/p>\n<p>Assolutamente s\u00ec, soprattutto per chi desidera un'esperienza di chat veramente anonima, sicura e senza registrazione. Chatiwi \u00e8 la risposta moderna ai problemi di privacy che hanno afflitto molte vecchie piattaforme di chat, offrendo un modo nuovo, crittografato e semplice di connettersi senza compromessi.<\/p>\n<p>Se volete incontrare sconosciuti, fare nuove amicizie o semplicemente chattare in totale privacy, Chatiwi \u00e8 il vostro rifugio sicuro: veloce, pulito e privo di tracciamento dei dati, registrazione o sorveglianza.<\/p>\n<p>Siete pronti a chattare in modo sicuro?<br \/>\nVisitate chatiwi.com, scegliete il vostro nickname e iniziate subito la vostra prossima conversazione anonima e criptata.<\/p>","protected":false},"excerpt":{"rendered":"<p>The landscape of online chatting is constantly evolving, as users demand not just speed and ease, but also real privacy, data security, and freedom from the baggage of signups, profiles, and surveillance. If you\u2019re tired of sharing your personal details or being tracked across platforms, Chatiwi is designed with you in mind. This innovative chat [&hellip;]<\/p>\n","protected":false},"author":6,"featured_media":0,"parent":0,"menu_order":0,"comment_status":"closed","ping_status":"closed","template":"","meta":{"footnotes":""},"class_list":["post-13358","page","type-page","status-publish","hentry"],"yoast_head":"<!-- This site is optimized with the Yoast SEO plugin v27.4 - https:\/\/yoast.com\/product\/yoast-seo-wordpress\/ -->\n<title>Chatiwi - Anonymous Encrypted Chat No Registration - TinyChat.com<\/title>\n<meta name=\"description\" content=\"Enjoying Chatiwi? Join over 50,000,000 strangers on TinyChat! Turn on your cam and start meeting new people, or find a match.\" \/>\n<meta name=\"robots\" content=\"index, follow, max-snippet:-1, max-image-preview:large, max-video-preview:-1\" \/>\n<link rel=\"canonical\" href=\"https:\/\/tinychat.com\/it\/chatiwi\/\" \/>\n<meta property=\"og:locale\" content=\"it_IT\" \/>\n<meta property=\"og:type\" content=\"article\" \/>\n<meta property=\"og:title\" content=\"Chatiwi - Anonymous Encrypted Chat No Registration - TinyChat.com\" \/>\n<meta property=\"og:description\" content=\"Enjoying Chatiwi? Join over 50,000,000 strangers on TinyChat! Turn on your cam and start meeting new people, or find a match.\" \/>\n<meta property=\"og:url\" content=\"https:\/\/tinychat.com\/it\/chatiwi\/\" \/>\n<meta property=\"og:site_name\" content=\"TinyChat\" \/>\n<meta property=\"article:publisher\" content=\"https:\/\/www.facebook.com\/tinychat\" \/>\n<meta property=\"article:modified_time\" content=\"2025-07-26T15:38:19+00:00\" \/>\n<meta property=\"og:image\" content=\"https:\/\/tinychat.com\/wp-content\/uploads\/2020\/04\/Tinychat-logo-1280x284-new-black.png\" \/>\n\t<meta property=\"og:image:width\" content=\"1280\" \/>\n\t<meta property=\"og:image:height\" content=\"284\" \/>\n\t<meta property=\"og:image:type\" content=\"image\/png\" \/>\n<meta name=\"twitter:card\" content=\"summary_large_image\" \/>\n<meta name=\"twitter:site\" content=\"@tinychat\" \/>\n<meta name=\"twitter:label1\" content=\"Tempo di lettura stimato\" \/>\n\t<meta name=\"twitter:data1\" content=\"7 minuti\" \/>\n<script type=\"application\/ld+json\" class=\"yoast-schema-graph\">{\"@context\":\"https:\\\/\\\/schema.org\",\"@graph\":[{\"@type\":\"WebPage\",\"@id\":\"https:\\\/\\\/tinychat.com\\\/chatiwi\\\/\",\"url\":\"https:\\\/\\\/tinychat.com\\\/chatiwi\\\/\",\"name\":\"Chatiwi - Anonymous Encrypted Chat No Registration - TinyChat.com\",\"isPartOf\":{\"@id\":\"https:\\\/\\\/tinychat.com\\\/#website\"},\"datePublished\":\"2025-07-26T15:37:58+00:00\",\"dateModified\":\"2025-07-26T15:38:19+00:00\",\"description\":\"Enjoying Chatiwi? Join over 50,000,000 strangers on TinyChat! Turn on your cam and start meeting new people, or find a match.\",\"breadcrumb\":{\"@id\":\"https:\\\/\\\/tinychat.com\\\/chatiwi\\\/#breadcrumb\"},\"inLanguage\":\"it-IT\",\"potentialAction\":[{\"@type\":\"ReadAction\",\"target\":[\"https:\\\/\\\/tinychat.com\\\/chatiwi\\\/\"]}]},{\"@type\":\"BreadcrumbList\",\"@id\":\"https:\\\/\\\/tinychat.com\\\/chatiwi\\\/#breadcrumb\",\"itemListElement\":[{\"@type\":\"ListItem\",\"position\":1,\"name\":\"Home\",\"item\":\"https:\\\/\\\/tinychat.com\\\/\"},{\"@type\":\"ListItem\",\"position\":2,\"name\":\"Chatiwi\"}]},{\"@type\":\"WebSite\",\"@id\":\"https:\\\/\\\/tinychat.com\\\/#website\",\"url\":\"https:\\\/\\\/tinychat.com\\\/\",\"name\":\"TinyChat\",\"description\":\"Random Video Chat with Strangers\",\"publisher\":{\"@id\":\"https:\\\/\\\/tinychat.com\\\/#organization\"},\"alternateName\":\"TinyChat.com\",\"potentialAction\":[{\"@type\":\"SearchAction\",\"target\":{\"@type\":\"EntryPoint\",\"urlTemplate\":\"https:\\\/\\\/tinychat.com\\\/?s={search_term_string}\"},\"query-input\":{\"@type\":\"PropertyValueSpecification\",\"valueRequired\":true,\"valueName\":\"search_term_string\"}}],\"inLanguage\":\"it-IT\"},{\"@type\":\"Organization\",\"@id\":\"https:\\\/\\\/tinychat.com\\\/#organization\",\"name\":\"TinyChat\",\"alternateName\":\"TinyChat.com\",\"url\":\"https:\\\/\\\/tinychat.com\\\/\",\"logo\":{\"@type\":\"ImageObject\",\"inLanguage\":\"it-IT\",\"@id\":\"https:\\\/\\\/tinychat.com\\\/#\\\/schema\\\/logo\\\/image\\\/\",\"url\":\"https:\\\/\\\/tinychat.com\\\/wp-content\\\/uploads\\\/2023\\\/11\\\/Tinychat-icon-square.png\",\"contentUrl\":\"https:\\\/\\\/tinychat.com\\\/wp-content\\\/uploads\\\/2023\\\/11\\\/Tinychat-icon-square.png\",\"width\":284,\"height\":284,\"caption\":\"TinyChat\"},\"image\":{\"@id\":\"https:\\\/\\\/tinychat.com\\\/#\\\/schema\\\/logo\\\/image\\\/\"},\"sameAs\":[\"https:\\\/\\\/www.facebook.com\\\/tinychat\",\"https:\\\/\\\/x.com\\\/tinychat\"]}]}<\/script>\n<!-- \/ Yoast SEO plugin. -->","yoast_head_json":{"title":"Chatiwi - Chat criptata anonima senza registrazione - TinyChat.com","description":"Ti piace l'Chatiwi? Unisciti a oltre 50.000.000 di sconosciuti su TinyChat! Accendi la tua cam e inizia a conoscere nuove persone o a trovare un partner.","robots":{"index":"index","follow":"follow","max-snippet":"max-snippet:-1","max-image-preview":"max-image-preview:large","max-video-preview":"max-video-preview:-1"},"canonical":"https:\/\/tinychat.com\/it\/chatiwi\/","og_locale":"it_IT","og_type":"article","og_title":"Chatiwi - Anonymous Encrypted Chat No Registration - TinyChat.com","og_description":"Enjoying Chatiwi? Join over 50,000,000 strangers on TinyChat! Turn on your cam and start meeting new people, or find a match.","og_url":"https:\/\/tinychat.com\/it\/chatiwi\/","og_site_name":"TinyChat","article_publisher":"https:\/\/www.facebook.com\/tinychat","article_modified_time":"2025-07-26T15:38:19+00:00","og_image":[{"width":1280,"height":284,"url":"https:\/\/tinychat.com\/wp-content\/uploads\/2020\/04\/Tinychat-logo-1280x284-new-black.png","type":"image\/png"}],"twitter_card":"summary_large_image","twitter_site":"@tinychat","twitter_misc":{"Tempo di lettura stimato":"7 minuti"},"schema":{"@context":"https:\/\/schema.org","@graph":[{"@type":"WebPage","@id":"https:\/\/tinychat.com\/chatiwi\/","url":"https:\/\/tinychat.com\/chatiwi\/","name":"Chatiwi - Chat criptata anonima senza registrazione - TinyChat.com","isPartOf":{"@id":"https:\/\/tinychat.com\/#website"},"datePublished":"2025-07-26T15:37:58+00:00","dateModified":"2025-07-26T15:38:19+00:00","description":"Ti piace l'Chatiwi? Unisciti a oltre 50.000.000 di sconosciuti su TinyChat! Accendi la tua cam e inizia a conoscere nuove persone o a trovare un partner.","breadcrumb":{"@id":"https:\/\/tinychat.com\/chatiwi\/#breadcrumb"},"inLanguage":"it-IT","potentialAction":[{"@type":"ReadAction","target":["https:\/\/tinychat.com\/chatiwi\/"]}]},{"@type":"BreadcrumbList","@id":"https:\/\/tinychat.com\/chatiwi\/#breadcrumb","itemListElement":[{"@type":"ListItem","position":1,"name":"Home","item":"https:\/\/tinychat.com\/"},{"@type":"ListItem","position":2,"name":"Chatiwi"}]},{"@type":"WebSite","@id":"https:\/\/tinychat.com\/#website","url":"https:\/\/tinychat.com\/","name":"TinyChat","description":"Videochat casuale con sconosciuti","publisher":{"@id":"https:\/\/tinychat.com\/#organization"},"alternateName":"TinyChat.com","potentialAction":[{"@type":"SearchAction","target":{"@type":"EntryPoint","urlTemplate":"https:\/\/tinychat.com\/?s={search_term_string}"},"query-input":{"@type":"PropertyValueSpecification","valueRequired":true,"valueName":"search_term_string"}}],"inLanguage":"it-IT"},{"@type":"Organization","@id":"https:\/\/tinychat.com\/#organization","name":"TinyChat","alternateName":"TinyChat.com","url":"https:\/\/tinychat.com\/","logo":{"@type":"ImageObject","inLanguage":"it-IT","@id":"https:\/\/tinychat.com\/#\/schema\/logo\/image\/","url":"https:\/\/tinychat.com\/wp-content\/uploads\/2023\/11\/Tinychat-icon-square.png","contentUrl":"https:\/\/tinychat.com\/wp-content\/uploads\/2023\/11\/Tinychat-icon-square.png","width":284,"height":284,"caption":"TinyChat"},"image":{"@id":"https:\/\/tinychat.com\/#\/schema\/logo\/image\/"},"sameAs":["https:\/\/www.facebook.com\/tinychat","https:\/\/x.com\/tinychat"]}]}},"_links":{"self":[{"href":"https:\/\/tinychat.com\/it\/wp-json\/wp\/v2\/pages\/13358","targetHints":{"allow":["GET"]}}],"collection":[{"href":"https:\/\/tinychat.com\/it\/wp-json\/wp\/v2\/pages"}],"about":[{"href":"https:\/\/tinychat.com\/it\/wp-json\/wp\/v2\/types\/page"}],"author":[{"embeddable":true,"href":"https:\/\/tinychat.com\/it\/wp-json\/wp\/v2\/users\/6"}],"replies":[{"embeddable":true,"href":"https:\/\/tinychat.com\/it\/wp-json\/wp\/v2\/comments?post=13358"}],"version-history":[{"count":1,"href":"https:\/\/tinychat.com\/it\/wp-json\/wp\/v2\/pages\/13358\/revisions"}],"predecessor-version":[{"id":13364,"href":"https:\/\/tinychat.com\/it\/wp-json\/wp\/v2\/pages\/13358\/revisions\/13364"}],"wp:attachment":[{"href":"https:\/\/tinychat.com\/it\/wp-json\/wp\/v2\/media?parent=13358"}],"curies":[{"name":"wp","href":"https:\/\/api.w.org\/{rel}","templated":true}]}}