{"id":13396,"date":"2025-08-04T13:59:11","date_gmt":"2025-08-04T11:59:11","guid":{"rendered":"https:\/\/tinychat.com\/?page_id=13396"},"modified":"2025-08-04T13:59:11","modified_gmt":"2025-08-04T11:59:11","slug":"disclaimer","status":"publish","type":"page","link":"https:\/\/tinychat.com\/it\/disclaimer\/","title":{"rendered":"Dichiarazione di non responsabilit\u00e0"},"content":{"rendered":"<p>Le informazioni presentate su TinyChat.com (\"noi\", \"ci\" o \"nostro\") sono fornite esclusivamente a scopo informativo generale. Pur facendo il possibile per garantire l'accuratezza e l'aggiornamento dei contenuti, non forniamo alcuna garanzia, esplicita o implicita, in merito all'accuratezza, all'adeguatezza, all'affidabilit\u00e0, alla validit\u00e0 o alla completezza delle informazioni disponibili su questo sito.<\/p>\n<h2>Non \u00e8 una consulenza professionale<\/h2>\n<p>Nulla di quanto contenuto nel sito TinyChat.com \u00e8 inteso o deve essere interpretato come una consulenza professionale di qualsiasi tipo. Qualsiasi affidamento sulle informazioni contenute in questo sito \u00e8 strettamente a discrezione e rischio dell'utente.<\/p>\n<h2>Contenuto della recensione e opinioni<\/h2>\n<p>TinyChat.com funziona come un sito web di tipo recensione. Tutte le opinioni o i punti di vista espressi sono quelli dei rispettivi autori e non rappresentano necessariamente le opinioni o la posizione ufficiale di qualsiasi altra persona, azienda o entit\u00e0. Le nostre recensioni e raccomandazioni si basano sulla nostra ricerca, sul feedback degli utenti e sull'esperienza personale e devono essere considerate come tali.<\/p>\n<h2>Divulgazione delle affiliazioni<\/h2>\n<p>Alcuni link forniti su TinyChat.com sono link di affiliazione, il che significa che possiamo guadagnare una commissione se si fa clic e si effettua un acquisto o un'iscrizione. La scelta di acquistare prodotti o servizi attraverso questi link \u00e8 interamente una vostra decisione. Ci proponiamo di raccomandare solo i prodotti o i servizi che riteniamo possano essere utili ai nostri visitatori, ma non possiamo garantire la vostra soddisfazione o i vostri risultati.<\/p>\n<p>Possiamo anche avere rapporti diretti di partnership o di sponsorizzazione con alcune aziende citate o presenti su TinyChat.com, che possono comportare un compenso aggiuntivo. Questi rapporti non influiscono sulla nostra integrit\u00e0 editoriale; ci sforziamo di offrire sempre recensioni e informazioni oneste e imparziali.<\/p>\n<h2>Collegamenti esterni<\/h2>\n<p>TinyChat.com pu\u00f2 includere collegamenti a siti web o servizi di terzi, nonch\u00e9 banner o pubblicit\u00e0 che conducono ad altri siti web. Non controlliamo, monitoriamo o verifichiamo l'accuratezza o l'affidabilit\u00e0 delle informazioni trovate su questi siti esterni. Non garantiamo, appoggiamo o ci assumiamo la responsabilit\u00e0 per le informazioni, i prodotti o i servizi offerti da terzi.<\/p>\n<h2>Limitazione di responsabilit\u00e0<\/h2>\n<p>In nessun caso TinyChat.com sar\u00e0 responsabile di eventuali perdite o danni di qualsiasi tipo derivanti dall'uso di questo sito web o dall'affidamento sulle informazioni fornite. L'uso di TinyChat.com e qualsiasi azione intrapresa sulla base del suo contenuto \u00e8 a vostro esclusivo rischio.<\/p>\n<h2>Contatto<\/h2>\n<p>In caso di domande o dubbi su questa clausola di esclusione della responsabilit\u00e0, si prega di contattare la nostra pagina di contatto.<\/p>","protected":false},"excerpt":{"rendered":"<p>The information presented on TinyChat.com (\u201cwe,\u201d \u201cus,\u201d or \u201cour\u201d) is provided strictly for general informational purposes. While we make every effort to ensure the content is accurate and up to date, we make no guarantees, express or implied, regarding the accuracy, adequacy, reliability, validity, or completeness of any information available on this website. Not Professional [&hellip;]<\/p>\n","protected":false},"author":1,"featured_media":0,"parent":0,"menu_order":0,"comment_status":"closed","ping_status":"closed","template":"","meta":{"footnotes":""},"class_list":["post-13396","page","type-page","status-publish","hentry"],"yoast_head":"<!-- This site is optimized with the Yoast SEO plugin v27.5 - https:\/\/yoast.com\/product\/yoast-seo-wordpress\/ -->\n<title>Disclaimer - TinyChat<\/title>\n<meta name=\"robots\" content=\"index, follow, max-snippet:-1, max-image-preview:large, max-video-preview:-1\" \/>\n<link rel=\"canonical\" href=\"https:\/\/tinychat.com\/it\/disclaimer\/\" \/>\n<meta property=\"og:locale\" content=\"it_IT\" \/>\n<meta property=\"og:type\" content=\"article\" \/>\n<meta property=\"og:title\" content=\"Disclaimer - TinyChat\" \/>\n<meta property=\"og:description\" content=\"The information presented on TinyChat.com (\u201cwe,\u201d \u201cus,\u201d or \u201cour\u201d) is provided strictly for general informational purposes. While we make every effort to ensure the content is accurate and up to date, we make no guarantees, express or implied, regarding the accuracy, adequacy, reliability, validity, or completeness of any information available on this website. Not Professional [&hellip;]\" \/>\n<meta property=\"og:url\" content=\"https:\/\/tinychat.com\/it\/disclaimer\/\" \/>\n<meta property=\"og:site_name\" content=\"TinyChat\" \/>\n<meta property=\"article:publisher\" content=\"https:\/\/www.facebook.com\/tinychat\" \/>\n<meta property=\"og:image\" content=\"https:\/\/tinychat.com\/wp-content\/uploads\/2020\/04\/Tinychat-logo-1280x284-new-black.png\" \/>\n\t<meta property=\"og:image:width\" content=\"1280\" \/>\n\t<meta property=\"og:image:height\" content=\"284\" \/>\n\t<meta property=\"og:image:type\" content=\"image\/png\" \/>\n<meta name=\"twitter:card\" content=\"summary_large_image\" \/>\n<meta name=\"twitter:site\" content=\"@tinychat\" \/>\n<meta name=\"twitter:label1\" content=\"Tempo di lettura stimato\" \/>\n\t<meta name=\"twitter:data1\" content=\"2 minuti\" \/>\n<script type=\"application\/ld+json\" class=\"yoast-schema-graph\">{\"@context\":\"https:\\\/\\\/schema.org\",\"@graph\":[{\"@type\":\"WebPage\",\"@id\":\"https:\\\/\\\/tinychat.com\\\/disclaimer\\\/\",\"url\":\"https:\\\/\\\/tinychat.com\\\/disclaimer\\\/\",\"name\":\"Disclaimer - TinyChat\",\"isPartOf\":{\"@id\":\"https:\\\/\\\/tinychat.com\\\/#website\"},\"datePublished\":\"2025-08-04T11:59:11+00:00\",\"breadcrumb\":{\"@id\":\"https:\\\/\\\/tinychat.com\\\/disclaimer\\\/#breadcrumb\"},\"inLanguage\":\"it-IT\",\"potentialAction\":[{\"@type\":\"ReadAction\",\"target\":[\"https:\\\/\\\/tinychat.com\\\/disclaimer\\\/\"]}]},{\"@type\":\"BreadcrumbList\",\"@id\":\"https:\\\/\\\/tinychat.com\\\/disclaimer\\\/#breadcrumb\",\"itemListElement\":[{\"@type\":\"ListItem\",\"position\":1,\"name\":\"Home\",\"item\":\"https:\\\/\\\/tinychat.com\\\/\"},{\"@type\":\"ListItem\",\"position\":2,\"name\":\"Disclaimer\"}]},{\"@type\":\"WebSite\",\"@id\":\"https:\\\/\\\/tinychat.com\\\/#website\",\"url\":\"https:\\\/\\\/tinychat.com\\\/\",\"name\":\"TinyChat\",\"description\":\"Random Video Chat with Strangers\",\"publisher\":{\"@id\":\"https:\\\/\\\/tinychat.com\\\/#organization\"},\"alternateName\":\"TinyChat.com\",\"potentialAction\":[{\"@type\":\"SearchAction\",\"target\":{\"@type\":\"EntryPoint\",\"urlTemplate\":\"https:\\\/\\\/tinychat.com\\\/?s={search_term_string}\"},\"query-input\":{\"@type\":\"PropertyValueSpecification\",\"valueRequired\":true,\"valueName\":\"search_term_string\"}}],\"inLanguage\":\"it-IT\"},{\"@type\":\"Organization\",\"@id\":\"https:\\\/\\\/tinychat.com\\\/#organization\",\"name\":\"TinyChat\",\"alternateName\":\"TinyChat.com\",\"url\":\"https:\\\/\\\/tinychat.com\\\/\",\"logo\":{\"@type\":\"ImageObject\",\"inLanguage\":\"it-IT\",\"@id\":\"https:\\\/\\\/tinychat.com\\\/#\\\/schema\\\/logo\\\/image\\\/\",\"url\":\"https:\\\/\\\/tinychat.com\\\/wp-content\\\/uploads\\\/2023\\\/11\\\/Tinychat-icon-square.png\",\"contentUrl\":\"https:\\\/\\\/tinychat.com\\\/wp-content\\\/uploads\\\/2023\\\/11\\\/Tinychat-icon-square.png\",\"width\":284,\"height\":284,\"caption\":\"TinyChat\"},\"image\":{\"@id\":\"https:\\\/\\\/tinychat.com\\\/#\\\/schema\\\/logo\\\/image\\\/\"},\"sameAs\":[\"https:\\\/\\\/www.facebook.com\\\/tinychat\",\"https:\\\/\\\/x.com\\\/tinychat\"]}]}<\/script>\n<!-- \/ Yoast SEO plugin. -->","yoast_head_json":{"title":"Dichiarazione di non responsabilit\u00e0 - TinyChat","robots":{"index":"index","follow":"follow","max-snippet":"max-snippet:-1","max-image-preview":"max-image-preview:large","max-video-preview":"max-video-preview:-1"},"canonical":"https:\/\/tinychat.com\/it\/disclaimer\/","og_locale":"it_IT","og_type":"article","og_title":"Disclaimer - TinyChat","og_description":"The information presented on TinyChat.com (\u201cwe,\u201d \u201cus,\u201d or \u201cour\u201d) is provided strictly for general informational purposes. While we make every effort to ensure the content is accurate and up to date, we make no guarantees, express or implied, regarding the accuracy, adequacy, reliability, validity, or completeness of any information available on this website. Not Professional [&hellip;]","og_url":"https:\/\/tinychat.com\/it\/disclaimer\/","og_site_name":"TinyChat","article_publisher":"https:\/\/www.facebook.com\/tinychat","og_image":[{"width":1280,"height":284,"url":"https:\/\/tinychat.com\/wp-content\/uploads\/2020\/04\/Tinychat-logo-1280x284-new-black.png","type":"image\/png"}],"twitter_card":"summary_large_image","twitter_site":"@tinychat","twitter_misc":{"Tempo di lettura stimato":"2 minuti"},"schema":{"@context":"https:\/\/schema.org","@graph":[{"@type":"WebPage","@id":"https:\/\/tinychat.com\/disclaimer\/","url":"https:\/\/tinychat.com\/disclaimer\/","name":"Dichiarazione di non responsabilit\u00e0 - TinyChat","isPartOf":{"@id":"https:\/\/tinychat.com\/#website"},"datePublished":"2025-08-04T11:59:11+00:00","breadcrumb":{"@id":"https:\/\/tinychat.com\/disclaimer\/#breadcrumb"},"inLanguage":"it-IT","potentialAction":[{"@type":"ReadAction","target":["https:\/\/tinychat.com\/disclaimer\/"]}]},{"@type":"BreadcrumbList","@id":"https:\/\/tinychat.com\/disclaimer\/#breadcrumb","itemListElement":[{"@type":"ListItem","position":1,"name":"Home","item":"https:\/\/tinychat.com\/"},{"@type":"ListItem","position":2,"name":"Disclaimer"}]},{"@type":"WebSite","@id":"https:\/\/tinychat.com\/#website","url":"https:\/\/tinychat.com\/","name":"TinyChat","description":"Videochat casuale con sconosciuti","publisher":{"@id":"https:\/\/tinychat.com\/#organization"},"alternateName":"TinyChat.com","potentialAction":[{"@type":"SearchAction","target":{"@type":"EntryPoint","urlTemplate":"https:\/\/tinychat.com\/?s={search_term_string}"},"query-input":{"@type":"PropertyValueSpecification","valueRequired":true,"valueName":"search_term_string"}}],"inLanguage":"it-IT"},{"@type":"Organization","@id":"https:\/\/tinychat.com\/#organization","name":"TinyChat","alternateName":"TinyChat.com","url":"https:\/\/tinychat.com\/","logo":{"@type":"ImageObject","inLanguage":"it-IT","@id":"https:\/\/tinychat.com\/#\/schema\/logo\/image\/","url":"https:\/\/tinychat.com\/wp-content\/uploads\/2023\/11\/Tinychat-icon-square.png","contentUrl":"https:\/\/tinychat.com\/wp-content\/uploads\/2023\/11\/Tinychat-icon-square.png","width":284,"height":284,"caption":"TinyChat"},"image":{"@id":"https:\/\/tinychat.com\/#\/schema\/logo\/image\/"},"sameAs":["https:\/\/www.facebook.com\/tinychat","https:\/\/x.com\/tinychat"]}]}},"_links":{"self":[{"href":"https:\/\/tinychat.com\/it\/wp-json\/wp\/v2\/pages\/13396","targetHints":{"allow":["GET"]}}],"collection":[{"href":"https:\/\/tinychat.com\/it\/wp-json\/wp\/v2\/pages"}],"about":[{"href":"https:\/\/tinychat.com\/it\/wp-json\/wp\/v2\/types\/page"}],"author":[{"embeddable":true,"href":"https:\/\/tinychat.com\/it\/wp-json\/wp\/v2\/users\/1"}],"replies":[{"embeddable":true,"href":"https:\/\/tinychat.com\/it\/wp-json\/wp\/v2\/comments?post=13396"}],"version-history":[{"count":1,"href":"https:\/\/tinychat.com\/it\/wp-json\/wp\/v2\/pages\/13396\/revisions"}],"predecessor-version":[{"id":13397,"href":"https:\/\/tinychat.com\/it\/wp-json\/wp\/v2\/pages\/13396\/revisions\/13397"}],"wp:attachment":[{"href":"https:\/\/tinychat.com\/it\/wp-json\/wp\/v2\/media?parent=13396"}],"curies":[{"name":"wp","href":"https:\/\/api.w.org\/{rel}","templated":true}]}}