{"id":13409,"date":"2025-08-05T11:01:10","date_gmt":"2025-08-05T09:01:10","guid":{"rendered":"https:\/\/tinychat.com\/?page_id=13409"},"modified":"2025-08-05T11:01:10","modified_gmt":"2025-08-05T09:01:10","slug":"omegle-replacement","status":"publish","type":"page","link":"https:\/\/tinychat.com\/it\/omegle-replacement\/","title":{"rendered":"Omegle Sostituzione"},"content":{"rendered":"<p>Quando Omegle \u00e8 stato lanciato per la prima volta, ha cambiato il modo di incontrare persone online. Immediatamente, chiunque poteva partecipare a una videochiamata casuale con uno sconosciuto, senza profili e senza problemi. Ma con la crescita di Internet e il cambiamento delle esigenze degli utenti, sono cambiate anche le aspettative delle persone e la necessit\u00e0 di un sostituto di Omegle \u00e8 pi\u00f9 grande che mai.<\/p>\n<p>Forse Omegle \u00e8 inattivo, troppo affollato o semplicemente non fa pi\u00f9 per voi. O forse state cercando un'esperienza pi\u00f9 sicura, pi\u00f9 ricca di funzioni o anche pi\u00f9 moderata. Qualunque sia il motivo, ci sono decine di ottime alternative a Omegle pronte a offrirti modi nuovi ed eccitanti per incontrare nuove persone online.<\/p>\n<h2>Perch\u00e9 cercare un ricambio Omegle?<\/h2>\n<p>L'Omegle \u00e8 stato un pioniere, ma siamo onesti: non \u00e8 perfetto. Nel corso degli anni, molti utenti si sono trovati a cercare un sostituto dell'Omegle a causa di:<\/p>\n<ul>\n<li>Moderazione incoerente: Troppi bot o utenti inappropriati.<\/li>\n<li>Mancanza di filtri: Difficile trovare persone per et\u00e0, sesso o interessi.<\/li>\n<li>Nessuna applicazione mobile: Omegle non \u00e8 sempre mobile-friendly.<\/li>\n<li>Caratteristiche limitate: Scarsa presenza di giochi, adesivi, regali o chat a tema.<\/li>\n<li>Problemi di sicurezza: L'anonimato \u00e8 ottimo, ma a volte si desidera una maggiore protezione.<\/li>\n<\/ul>\n<p>Ecco perch\u00e9 molte persone stanno esplorando Omegle siti e applicazioni alternativi, alla ricerca della stessa spontaneit\u00e0, ma con maggiore controllo e vibrazioni migliori.<\/p>\n<h2>Cosa rende una buona alternativa Omegle?<\/h2>\n<p>Le migliori piattaforme sostitutive Omegle hanno tutte alcuni elementi in comune:<\/p>\n<ul>\n<li>Utilizzo gratuito: Non ci sono paywall o costi nascosti per iniziare a chattare.<\/li>\n<li>Chat istantanea con video e testo: Entrate e conoscete qualcuno di nuovo in pochi secondi.<\/li>\n<li>Corrispondenza anonima: rimanete in privato, usate un nickname e condividete solo ci\u00f2 che volete.<\/li>\n<li>Filtri e controlli: Genere, posizione, interessi e altro ancora.<\/li>\n<li>Moderazione attiva: Blocco, segnalazione e norme attive della comunit\u00e0.<\/li>\n<li>Compatibilit\u00e0 con i dispositivi mobili: App o siti mobile-friendly.<\/li>\n<\/ul>\n<p>Dopo aver affrontato queste nozioni di base, ogni sostituzione Omegle offre un tocco unico: alcune si concentrano sul divertimento, altre sulla sicurezza e altre ancora sulla ricerca di connessioni pi\u00f9 autentiche.<\/p>\n<h2>I migliori siti e applicazioni per la sostituzione dell'Omegle<\/h2>\n<p>Siete pronti a provare qualcosa di nuovo? Ecco le migliori alternative all'Omegle, tutte con un proprio gusto e una propria fanbase:<\/p>\n<h3>1. Chatroulette<\/h3>\n<p>L'originale rivale delle chat video casuali. Conosciuta per la rapidit\u00e0 degli abbinamenti, l'interfaccia semplice e l'enorme base di utenti a livello globale. La forte moderazione ha migliorato l'esperienza degli utenti.<\/p>\n<h3>2. Chatspin<\/h3>\n<p>Offre opzioni di video, testo e chat di gruppo. Filtri per sesso e localit\u00e0, effetti video divertenti e disponibilit\u00e0 sia su desktop che su mobile.<\/p>\n<h3>3. Camsurf<\/h3>\n<p>Un ambiente sicuro e pulito con moderazione e filtri per paese\/lingua. Connessioni rapide e piattaforma mobile-friendly.<\/p>\n<h3>4. Chatrandom<\/h3>\n<p>Permette di filtrare per sesso, localit\u00e0 e persino per preferenze sessuali. Include chat room a tema e un'opzione per la \"chat per sole ragazze\".<\/p>\n<h3>5. TinyChat<\/h3>\n<p>Chat di gruppo con stanze pubbliche e private: ideale per partecipare a conversazioni su qualsiasi argomento o per trasmettere la propria videochat.<\/p>\n<h3>6. Bazoocam<\/h3>\n<p>Popolare in Europa, Bazoocam offre un abbinamento rapido e giochi in chat per aiutare a rompere il ghiaccio.<\/p>\n<h3>7. Emerald Chat<\/h3>\n<p>Si concentra sulla comunit\u00e0 e sulla tecnologia anti-bot, con una forte moderazione, la corrispondenza degli interessi e punti karma per il buon comportamento.<\/p>\n<h3>8. CooMeet<\/h3>\n<p>Per gli uomini che desiderano chattare con donne verificate, CooMeet \u00e8 un sostituto premium di Omegle con verifica video e un elevato rapporto tra donne e uomini.<\/p>\n<h3>9. Shagle<\/h3>\n<p>Video chat globale casuale con filtri per sesso e localit\u00e0, regali virtuali e filtri video divertenti.<\/p>\n<blockquote><p>Suggerimento: provatene alcune! Ogni piattaforma di sostituzione Omegle ha una propria comunit\u00e0 e personalit\u00e0.<\/p><\/blockquote>\n<h2>Sostituzione Omegle vs. Omegle: come si confrontano?<\/h2>\n<table>\n<thead>\n<tr>\n<th>Caratteristica<\/th>\n<th>Omegle<\/th>\n<th>Chatroulette<\/th>\n<th>Chatspin<\/th>\n<th>Chatrandom<\/th>\n<th>Camsurf<\/th>\n<th>Emerald Chat<\/th>\n<\/tr>\n<\/thead>\n<tbody>\n<tr>\n<td>Utilizzo gratuito<\/td>\n<td>\u2705<\/td>\n<td>\u2705<\/td>\n<td>\u2705<\/td>\n<td>\u2705<\/td>\n<td>\u2705<\/td>\n<td>\u2705<\/td>\n<\/tr>\n<tr>\n<td>Chat video e di testo<\/td>\n<td>\u2705<\/td>\n<td>\u2705<\/td>\n<td>\u2705<\/td>\n<td>\u2705<\/td>\n<td>\u2705<\/td>\n<td>\u2705<\/td>\n<\/tr>\n<tr>\n<td>Filtri di genere<\/td>\n<td>\u274c<\/td>\n<td>\u274c<\/td>\n<td>\u2705<\/td>\n<td>\u2705<\/td>\n<td>\u2705<\/td>\n<td>\u2705<\/td>\n<\/tr>\n<tr>\n<td>Filtri di interesse<\/td>\n<td>\u2705<\/td>\n<td>\u274c<\/td>\n<td>\u2705<\/td>\n<td>\u2705<\/td>\n<td>\u2705<\/td>\n<td>\u2705<\/td>\n<\/tr>\n<tr>\n<td>Forte moderazione<\/td>\n<td>\u274c<\/td>\n<td>\u2705<\/td>\n<td>\u2705<\/td>\n<td>\u2705<\/td>\n<td>\u2705<\/td>\n<td>\u2705<\/td>\n<\/tr>\n<tr>\n<td>Mobile-friendly\/app<\/td>\n<td>\u274c<\/td>\n<td>\u2705<\/td>\n<td>\u2705<\/td>\n<td>\u2705<\/td>\n<td>\u2705<\/td>\n<td>\u2705<\/td>\n<\/tr>\n<tr>\n<td>Caratteristiche uniche<\/td>\n<td>Modalit\u00e0 spia<\/td>\n<td>Giochi<\/td>\n<td>Effetti<\/td>\n<td>Camere a tema<\/td>\n<td>Lingua<\/td>\n<td>Sistema Karma<\/td>\n<\/tr>\n<\/tbody>\n<\/table>\n<p>Le alternative Omegle di solito aggiungono pi\u00f9 filtri, una migliore moderazione e funzioni extra.<\/p>\n<h2>Sostituzione gratuita di Omegle: Cosa aspettarsi<\/h2>\n<p>La maggior parte delle piattaforme di sostituzione Omegle sono totalmente gratuite, anche se alcune offrono extra a pagamento, ad esempio:<\/p>\n<ul>\n<li>Filtri illimitati<\/li>\n<li>Corrispondenze prioritarie<\/li>\n<li>Nessun annuncio<\/li>\n<li>Accesso a sale o servizi \"VIP<\/li>\n<\/ul>\n<p>Ma non \u00e8 necessario spendere soldi per avere grandi conversazioni. La versione gratuita di quasi tutte le alternative \u00e8 robusta e ricca di possibilit\u00e0.<\/p>\n<h2>Consigli per ottenere il massimo dall'alternativa Omegle<\/h2>\n<ul>\n<li>Siate aperti e cordiali: La prima impressione conta! Un saluto genuino fa molta strada.<\/li>\n<li>Provate con orari diversi: Gli utenti di paesi e fusi orari diversi sono online 24 ore su 24.<\/li>\n<li>Utilizzate i filtri: Il genere, la posizione e gli interessi possono aiutarvi a trovare i match migliori.<\/li>\n<li>Non scoraggiatevi: Se una chat \u00e8 imbarazzante o breve, basta cliccare su \"avanti\".<\/li>\n<li>Esplorate le stanze a tema: Molti siti consentono di unirsi a gruppi di musica, giochi, incontri e altro ancora.<\/li>\n<li>Mescolare: Alternate testo e video a seconda del vostro livello di comfort.<\/li>\n<\/ul>\n<h2>Sicurezza nelle sostituzioni di Omegle<\/h2>\n<p>Le videochiamate casuali sono divertenti, ma bisogna sempre stare attenti:<\/p>\n<ul>\n<li>Non condividete mai il vostro vero nome, indirizzo o informazioni personali.<\/li>\n<li>Utilizzate un nickname e mantenete uno sfondo neutro per la vostra webcam.<\/li>\n<li>Non cliccate su link o scaricate file da sconosciuti.<\/li>\n<li>Bloccate\/riportate chiunque sia scortese o inappropriato.<\/li>\n<li>Se avete meno di 18 anni, utilizzate solo piattaforme pensate per la vostra fascia d'et\u00e0 e con molta moderazione.<\/li>\n<\/ul>\n<p>La maggior parte delle alternative affidabili prende sul serio la sicurezza, ma \u00e8 sempre bene usare il proprio giudizio.<\/p>\n<h2>Chi utilizza i siti sostitutivi Omegle?<\/h2>\n<p>Tutti! Conoscerete:<\/p>\n<ul>\n<li>Single in cerca di un flirt, di un appuntamento o di un'amicizia<\/li>\n<li>Viaggiatori ed espatriati che vogliono connettersi a livello globale<\/li>\n<li>Studenti che si esercitano nelle abilit\u00e0 linguistiche<\/li>\n<li>Nottambuli e insonni annoiati<\/li>\n<li>Chiunque sia aperto a una conversazione fresca e in tempo reale<\/li>\n<\/ul>\n<p>Non si sa mai chi c'\u00e8 dall'altra parte della telecamera: ogni chat \u00e8 una nuova storia.<\/p>\n<h2>Quando utilizzare un ricambio Omegle?<\/h2>\n<ul>\n<li>Quando Omegle \u00e8 inattivo o non funziona<\/li>\n<li>Per un ambiente pi\u00f9 sicuro e moderato<\/li>\n<li>Se si desidera utilizzare i filtri per una migliore corrispondenza<\/li>\n<li>Quando siete annoiati e desiderate una nuova compagnia<\/li>\n<li>Per praticare le lingue o conoscere nuove culture<\/li>\n<li>Per chat di gruppo o comunit\u00e0 tematiche<\/li>\n<\/ul>\n<h2>Omegle Sostituzione per cellulari: Chat in movimento<\/h2>\n<p>La maggior parte delle migliori alternative a Omegle dispone di app per dispositivi mobili o di siti web ottimizzati per i dispositivi mobili, per cui \u00e8 possibile:<\/p>\n<ul>\n<li>Chiacchierate mentre siete in fila, in pausa o a tarda notte.<\/li>\n<li>Passate facilmente da video, testo e chat di gruppo.<\/li>\n<li>Incontrare persone da tutto il mondo, in qualsiasi momento e in qualsiasi luogo<\/li>\n<\/ul>\n<p>Cercate nel vostro app store nomi come Chatspin, Chatrandom o Camsurf e iniziate a chattare in pochi secondi.<\/p>\n<p>Omegle pu\u00f2 aver dato il via a tutto, ma c'\u00e8 un nuovo mondo di siti e app sostitutivi di Omegle che offrono modi pi\u00f9 sicuri, intelligenti e ricchi di funzioni per connettersi. Grazie a una migliore moderazione, a filtri reali, all'accesso mobile e alle comunit\u00e0 globali, \u00e8 sempre possibile trovare l'atmosfera giusta, sia che si cerchi un'amicizia, un flirt o semplicemente una conversazione divertente.<\/p>\n<p>Sei pronto a lasciare Omegle? Esplora alcune alternative stasera: la tua prossima grande chat potrebbe essere a portata di clic.<\/p>","protected":false},"excerpt":{"rendered":"<p>When Omegle first launched, it changed how we met people online. Instantly, anyone could jump into a random video chat with a stranger, no profiles, no fuss. But as the internet has grown and user needs have changed, so have people\u2019s expectations\u2014and the need for an Omegle replacement is bigger than ever. Maybe Omegle is [&hellip;]<\/p>\n","protected":false},"author":8,"featured_media":0,"parent":0,"menu_order":0,"comment_status":"closed","ping_status":"closed","template":"","meta":{"footnotes":""},"class_list":["post-13409","page","type-page","status-publish","hentry"],"yoast_head":"<!-- This site is optimized with the Yoast SEO plugin v27.5 - https:\/\/yoast.com\/product\/yoast-seo-wordpress\/ -->\n<title>Omegle Replacement on TinyChat.com<\/title>\n<meta name=\"description\" content=\"Looking for an Omegle Replacement? Join over 50,000,000 strangers on TinyChat! Turn on your cam and start meeting new people.\" \/>\n<meta name=\"robots\" content=\"index, follow, max-snippet:-1, max-image-preview:large, max-video-preview:-1\" \/>\n<link rel=\"canonical\" href=\"https:\/\/tinychat.com\/it\/omegle-replacement\/\" \/>\n<meta property=\"og:locale\" content=\"it_IT\" \/>\n<meta property=\"og:type\" content=\"article\" \/>\n<meta property=\"og:title\" content=\"Omegle Replacement on TinyChat.com\" \/>\n<meta property=\"og:description\" content=\"Looking for an Omegle Replacement? Join over 50,000,000 strangers on TinyChat! Turn on your cam and start meeting new people.\" \/>\n<meta property=\"og:url\" content=\"https:\/\/tinychat.com\/it\/omegle-replacement\/\" \/>\n<meta property=\"og:site_name\" content=\"TinyChat\" \/>\n<meta property=\"article:publisher\" content=\"https:\/\/www.facebook.com\/tinychat\" \/>\n<meta property=\"og:image\" content=\"https:\/\/tinychat.com\/wp-content\/uploads\/2020\/04\/Tinychat-logo-1280x284-new-black.png\" \/>\n\t<meta property=\"og:image:width\" content=\"1280\" \/>\n\t<meta property=\"og:image:height\" content=\"284\" \/>\n\t<meta property=\"og:image:type\" content=\"image\/png\" \/>\n<meta name=\"twitter:card\" content=\"summary_large_image\" \/>\n<meta name=\"twitter:site\" content=\"@tinychat\" \/>\n<meta name=\"twitter:label1\" content=\"Tempo di lettura stimato\" \/>\n\t<meta name=\"twitter:data1\" content=\"5 minuti\" \/>\n<script type=\"application\/ld+json\" class=\"yoast-schema-graph\">{\"@context\":\"https:\\\/\\\/schema.org\",\"@graph\":[{\"@type\":\"WebPage\",\"@id\":\"https:\\\/\\\/tinychat.com\\\/omegle-replacement\\\/\",\"url\":\"https:\\\/\\\/tinychat.com\\\/omegle-replacement\\\/\",\"name\":\"Omegle Replacement on TinyChat.com\",\"isPartOf\":{\"@id\":\"https:\\\/\\\/tinychat.com\\\/#website\"},\"datePublished\":\"2025-08-05T09:01:10+00:00\",\"description\":\"Looking for an Omegle Replacement? Join over 50,000,000 strangers on TinyChat! Turn on your cam and start meeting new people.\",\"breadcrumb\":{\"@id\":\"https:\\\/\\\/tinychat.com\\\/omegle-replacement\\\/#breadcrumb\"},\"inLanguage\":\"it-IT\",\"potentialAction\":[{\"@type\":\"ReadAction\",\"target\":[\"https:\\\/\\\/tinychat.com\\\/omegle-replacement\\\/\"]}]},{\"@type\":\"BreadcrumbList\",\"@id\":\"https:\\\/\\\/tinychat.com\\\/omegle-replacement\\\/#breadcrumb\",\"itemListElement\":[{\"@type\":\"ListItem\",\"position\":1,\"name\":\"Home\",\"item\":\"https:\\\/\\\/tinychat.com\\\/\"},{\"@type\":\"ListItem\",\"position\":2,\"name\":\"Omegle Replacement\"}]},{\"@type\":\"WebSite\",\"@id\":\"https:\\\/\\\/tinychat.com\\\/#website\",\"url\":\"https:\\\/\\\/tinychat.com\\\/\",\"name\":\"TinyChat\",\"description\":\"Random Video Chat with Strangers\",\"publisher\":{\"@id\":\"https:\\\/\\\/tinychat.com\\\/#organization\"},\"alternateName\":\"TinyChat.com\",\"potentialAction\":[{\"@type\":\"SearchAction\",\"target\":{\"@type\":\"EntryPoint\",\"urlTemplate\":\"https:\\\/\\\/tinychat.com\\\/?s={search_term_string}\"},\"query-input\":{\"@type\":\"PropertyValueSpecification\",\"valueRequired\":true,\"valueName\":\"search_term_string\"}}],\"inLanguage\":\"it-IT\"},{\"@type\":\"Organization\",\"@id\":\"https:\\\/\\\/tinychat.com\\\/#organization\",\"name\":\"TinyChat\",\"alternateName\":\"TinyChat.com\",\"url\":\"https:\\\/\\\/tinychat.com\\\/\",\"logo\":{\"@type\":\"ImageObject\",\"inLanguage\":\"it-IT\",\"@id\":\"https:\\\/\\\/tinychat.com\\\/#\\\/schema\\\/logo\\\/image\\\/\",\"url\":\"https:\\\/\\\/tinychat.com\\\/wp-content\\\/uploads\\\/2023\\\/11\\\/Tinychat-icon-square.png\",\"contentUrl\":\"https:\\\/\\\/tinychat.com\\\/wp-content\\\/uploads\\\/2023\\\/11\\\/Tinychat-icon-square.png\",\"width\":284,\"height\":284,\"caption\":\"TinyChat\"},\"image\":{\"@id\":\"https:\\\/\\\/tinychat.com\\\/#\\\/schema\\\/logo\\\/image\\\/\"},\"sameAs\":[\"https:\\\/\\\/www.facebook.com\\\/tinychat\",\"https:\\\/\\\/x.com\\\/tinychat\"]}]}<\/script>\n<!-- \/ Yoast SEO plugin. -->","yoast_head_json":{"title":"Sostituzione Omegle su TinyChat.com","description":"Cerchi un sostituto di Omegle? Unisciti a oltre 50.000.000 di sconosciuti su TinyChat! Accendi la tua cam e inizia a conoscere nuove persone.","robots":{"index":"index","follow":"follow","max-snippet":"max-snippet:-1","max-image-preview":"max-image-preview:large","max-video-preview":"max-video-preview:-1"},"canonical":"https:\/\/tinychat.com\/it\/omegle-replacement\/","og_locale":"it_IT","og_type":"article","og_title":"Omegle Replacement on TinyChat.com","og_description":"Looking for an Omegle Replacement? Join over 50,000,000 strangers on TinyChat! Turn on your cam and start meeting new people.","og_url":"https:\/\/tinychat.com\/it\/omegle-replacement\/","og_site_name":"TinyChat","article_publisher":"https:\/\/www.facebook.com\/tinychat","og_image":[{"width":1280,"height":284,"url":"https:\/\/tinychat.com\/wp-content\/uploads\/2020\/04\/Tinychat-logo-1280x284-new-black.png","type":"image\/png"}],"twitter_card":"summary_large_image","twitter_site":"@tinychat","twitter_misc":{"Tempo di lettura stimato":"5 minuti"},"schema":{"@context":"https:\/\/schema.org","@graph":[{"@type":"WebPage","@id":"https:\/\/tinychat.com\/omegle-replacement\/","url":"https:\/\/tinychat.com\/omegle-replacement\/","name":"Sostituzione Omegle su TinyChat.com","isPartOf":{"@id":"https:\/\/tinychat.com\/#website"},"datePublished":"2025-08-05T09:01:10+00:00","description":"Cerchi un sostituto di Omegle? Unisciti a oltre 50.000.000 di sconosciuti su TinyChat! Accendi la tua cam e inizia a conoscere nuove persone.","breadcrumb":{"@id":"https:\/\/tinychat.com\/omegle-replacement\/#breadcrumb"},"inLanguage":"it-IT","potentialAction":[{"@type":"ReadAction","target":["https:\/\/tinychat.com\/omegle-replacement\/"]}]},{"@type":"BreadcrumbList","@id":"https:\/\/tinychat.com\/omegle-replacement\/#breadcrumb","itemListElement":[{"@type":"ListItem","position":1,"name":"Home","item":"https:\/\/tinychat.com\/"},{"@type":"ListItem","position":2,"name":"Omegle Replacement"}]},{"@type":"WebSite","@id":"https:\/\/tinychat.com\/#website","url":"https:\/\/tinychat.com\/","name":"TinyChat","description":"Videochat casuale con sconosciuti","publisher":{"@id":"https:\/\/tinychat.com\/#organization"},"alternateName":"TinyChat.com","potentialAction":[{"@type":"SearchAction","target":{"@type":"EntryPoint","urlTemplate":"https:\/\/tinychat.com\/?s={search_term_string}"},"query-input":{"@type":"PropertyValueSpecification","valueRequired":true,"valueName":"search_term_string"}}],"inLanguage":"it-IT"},{"@type":"Organization","@id":"https:\/\/tinychat.com\/#organization","name":"TinyChat","alternateName":"TinyChat.com","url":"https:\/\/tinychat.com\/","logo":{"@type":"ImageObject","inLanguage":"it-IT","@id":"https:\/\/tinychat.com\/#\/schema\/logo\/image\/","url":"https:\/\/tinychat.com\/wp-content\/uploads\/2023\/11\/Tinychat-icon-square.png","contentUrl":"https:\/\/tinychat.com\/wp-content\/uploads\/2023\/11\/Tinychat-icon-square.png","width":284,"height":284,"caption":"TinyChat"},"image":{"@id":"https:\/\/tinychat.com\/#\/schema\/logo\/image\/"},"sameAs":["https:\/\/www.facebook.com\/tinychat","https:\/\/x.com\/tinychat"]}]}},"_links":{"self":[{"href":"https:\/\/tinychat.com\/it\/wp-json\/wp\/v2\/pages\/13409","targetHints":{"allow":["GET"]}}],"collection":[{"href":"https:\/\/tinychat.com\/it\/wp-json\/wp\/v2\/pages"}],"about":[{"href":"https:\/\/tinychat.com\/it\/wp-json\/wp\/v2\/types\/page"}],"author":[{"embeddable":true,"href":"https:\/\/tinychat.com\/it\/wp-json\/wp\/v2\/users\/8"}],"replies":[{"embeddable":true,"href":"https:\/\/tinychat.com\/it\/wp-json\/wp\/v2\/comments?post=13409"}],"version-history":[{"count":1,"href":"https:\/\/tinychat.com\/it\/wp-json\/wp\/v2\/pages\/13409\/revisions"}],"predecessor-version":[{"id":13410,"href":"https:\/\/tinychat.com\/it\/wp-json\/wp\/v2\/pages\/13409\/revisions\/13410"}],"wp:attachment":[{"href":"https:\/\/tinychat.com\/it\/wp-json\/wp\/v2\/media?parent=13409"}],"curies":[{"name":"wp","href":"https:\/\/api.w.org\/{rel}","templated":true}]}}