{"id":13413,"date":"2025-08-07T10:47:03","date_gmt":"2025-08-07T08:47:03","guid":{"rendered":"https:\/\/tinychat.com\/?page_id=13413"},"modified":"2025-08-07T10:47:03","modified_gmt":"2025-08-07T08:47:03","slug":"talk-to-strangers-online-video","status":"publish","type":"page","link":"https:\/\/tinychat.com\/it\/talk-to-strangers-online-video\/","title":{"rendered":"Parlare con gli sconosciuti Video online"},"content":{"rendered":"<p>Internet ha cambiato completamente il modo in cui ci mettiamo in contatto con le persone, ma se siete ancora bloccati in infiniti messaggi di gruppo, sezioni di commenti o noiose bacheche, forse vi state perdendo il modo pi\u00f9 eccitante per conoscere nuove persone: Parlare con sconosciuti in video online. Questo \u00e8 il futuro delle connessioni reali, faccia a faccia, dove ogni clic porta una nuova storia, una nuova risata e talvolta anche un nuovo amico.<\/p>\n<p>Che siate alla ricerca di divertimento, amicizia, scambio culturale o anche di un piccolo flirt, parlare con estranei attraverso le chat video online \u00e8 il modo pi\u00f9 veloce e autentico di vivere il mondo da casa vostra.<\/p>\n<h2>Che cos'\u00e8 \"Talk to Strangers Online Video\"?<\/h2>\n<p>In parole povere, le piattaforme video online per parlare con gli sconosciuti sono siti web o app che consentono di avere conversazioni video in tempo reale con persone che non si conoscono. Non \u00e8 necessario iscriversi, compilare lunghi profili o aspettare una corrispondenza: basta accendere la webcam, cliccare su \"Inizia\" e ci si trova immediatamente faccia a faccia con uno sconosciuto a caso in qualsiasi parte del mondo.<\/p>\n<p>Tra le caratteristiche pi\u00f9 diffuse di queste piattaforme vi sono:<\/p>\n<ul>\n<li>Abbinamento casuale: ogni volta che si inizia una chat si viene abbinati a qualcuno di nuovo.<\/li>\n<li>Video chat online gratuita con sconosciuti: Molti siti offrono connessioni gratuite illimitate.<\/li>\n<li>Filtri per interessi e localit\u00e0: Trovate persone con hobby simili o provenienti da luoghi che vi incuriosiscono.<\/li>\n<li>Anonimato e privacy: Utilizzate un nickname e controllate ci\u00f2 che condividete.<\/li>\n<\/ul>\n<p>Non importa quale sia il vostro obiettivo: chattare in modo amichevole, scambiare lingue, fare nuove amicizie o semplicemente vedere cosa c'\u00e8 l\u00e0 fuori, c'\u00e8 una piattaforma che si adatta alle vostre esigenze.<\/p>\n<h2>Perch\u00e9 provare a parlare con estranei online tramite video?<\/h2>\n<p>Ci sono molte ragioni per cui milioni di persone scelgono di parlare con estranei online attraverso la chat video, invece che con i vecchi messaggi di testo o i social media tradizionali:<\/p>\n<ul>\n<li>Connessione istantanea: Ricevete feedback, sorrisi e risate in tempo reale, senza dover aspettare le risposte.<\/li>\n<li>Vedere persone reali: Niente foto false o profili infiniti: quello che vedi \u00e8 quello che ottieni.<\/li>\n<li>Esplorazione culturale: Incontrare persone di altri Paesi e conoscere nuovi luoghi, costumi e prospettive.<\/li>\n<li>Nessuna pressione: Non siete in sintonia con qualcuno? Basta premere \"Avanti\" e passare alla chat successiva.<\/li>\n<li>Combattere la solitudine: Che siate a casa, in viaggio o al lavoro fino a tardi, c'\u00e8 sempre qualcuno online che vi fa compagnia.<\/li>\n<li>Esercitare le competenze linguistiche: Ottimo per gli studenti o per chiunque voglia migliorare una seconda lingua con persone madrelingua.<\/li>\n<li>Divertimento ed eccitazione: Ogni chat \u00e8 un mistero: non si sa mai chi si incontra!<\/li>\n<\/ul>\n<blockquote><p>\"Ho iniziato a usare la videochat online solo per passare il tempo durante l'isolamento, ma ora ho amici da cinque paesi diversi. Ogni notte \u00e8 una nuova avventura!\".<\/p><\/blockquote>\n<h2>Come funziona la chat video casuale con sconosciuti online?<\/h2>\n<p>Iniziare \u00e8 semplicissimo, anche se non siete esperti di tecnologia:<\/p>\n<ol>\n<li>Scegliere una piattaforma: Le opzioni pi\u00f9 diffuse sono Omegle, Chatroulette, Chatspin, Camsurf e Chatrandom.<\/li>\n<li>Consentire l'accesso alla telecamera e al microfono: Avete sempre il controllo: attivate e disattivate la telecamera o il microfono a seconda delle necessit\u00e0.<\/li>\n<li>Fare clic su \"Inizia\" o \"Connetti\": Abbinamento immediato con uno sconosciuto online.<\/li>\n<li>Chiacchierate quanto volete: Se la conversazione \u00e8 buona, continuate. In caso contrario, premere \"Avanti\" per incontrare qualcun altro.<\/li>\n<li>Usate i filtri o i tag: Molti siti consentono di effettuare ricerche in base agli interessi o alla posizione geografica per ottenere migliori corrispondenze.<\/li>\n<li>Non \u00e8 necessario registrarsi: La maggior parte delle piattaforme consente di rimanere completamente anonimi, utilizzando solo un nickname, se lo si desidera.<\/li>\n<\/ol>\n<p>Tutto qui! In pochi secondi, potrete chiacchierare, ridere e imparare con qualcuno di completamente nuovo.<\/p>\n<h2>Le migliori piattaforme per parlare con estranei online tramite video<\/h2>\n<p>Esistono decine di opzioni, ognuna con le proprie caratteristiche e comunit\u00e0. Ecco alcune delle pi\u00f9 affidabili e utilizzate:<\/p>\n<ul>\n<li>Omegle: l'originale video chat online casuale, testuale o video, totalmente gratuita, con milioni di utenti in tutto il mondo.<\/li>\n<li>Chatroulette: famoso per gli abbinamenti fulminei e le conversazioni video reali.<\/li>\n<li>Chatspin: Aggiunge filtri di interesse e di genere, oltre a divertenti effetti video.<\/li>\n<li>Camsurf: Interfaccia pulita, forte moderazione e una comunit\u00e0 amichevole.<\/li>\n<li>Chatrandom: Offre sale di video chat sia individuali che di gruppo, oltre a filtri per regione e interessi.<\/li>\n<li>Bazoocam: popolare in Europa, con giochi e caratteristiche uniche per rompere il ghiaccio.<\/li>\n<\/ul>\n<p>Provatene alcuni e vedete quale si adatta al vostro stato d'animo: l'esperienza migliore viene dall'esplorazione di piattaforme e momenti diversi della giornata.<\/p>\n<h2>Parlare con gli estranei Video online e altri modi di connettersi<\/h2>\n<table>\n<thead>\n<tr>\n<th>Caratteristica<\/th>\n<th>Video chat online<\/th>\n<th>Chat di testo<\/th>\n<th>Media sociali<\/th>\n<th>App di incontri<\/th>\n<\/tr>\n<\/thead>\n<tbody>\n<tr>\n<td>Faccia a faccia in tempo reale<\/td>\n<td>\u2705<\/td>\n<td>\u274c<\/td>\n<td>\u2705<\/td>\n<td>\u2705\/\u274c<\/td>\n<\/tr>\n<tr>\n<td>Corrispondenza casuale<\/td>\n<td>\u2705<\/td>\n<td>\u2705<\/td>\n<td>\u274c<\/td>\n<td>\u2705<\/td>\n<\/tr>\n<tr>\n<td>Non \u00e8 necessario un profilo<\/td>\n<td>\u2705<\/td>\n<td>\u2705<\/td>\n<td>\u274c<\/td>\n<td>\u274c<\/td>\n<\/tr>\n<tr>\n<td>Utilizzo gratuito<\/td>\n<td>\u2705<\/td>\n<td>\u2705<\/td>\n<td>\u2705<\/td>\n<td>\u2705\/\u274c<\/td>\n<\/tr>\n<tr>\n<td>Anonimato<\/td>\n<td>\u2705<\/td>\n<td>\u2705<\/td>\n<td>\u274c<\/td>\n<td>\u274c<\/td>\n<\/tr>\n<tr>\n<td>Funzione \"Next\"\/skip<\/td>\n<td>\u2705<\/td>\n<td>\u2705<\/td>\n<td>\u274c<\/td>\n<td>\u274c<\/td>\n<\/tr>\n<\/tbody>\n<\/table>\n<p>La chat video dal vivo con estranei si distingue per l'immediatezza, la spontaneit\u00e0 e la connessione genuina.<\/p>\n<h2>Sicurezza durante le conversazioni online con gli sconosciuti Video<\/h2>\n<p>Sebbene la maggior parte delle persone sia alla ricerca di una conversazione amichevole, la sicurezza dovrebbe sempre essere al primo posto:<\/p>\n<ul>\n<li>Non condividete informazioni private: Non rivelate mai il vostro vero nome, indirizzo, numero di telefono o luogo di lavoro.<\/li>\n<li>Usate un nickname neutro: mantenete la vostra identit\u00e0 privata finch\u00e9 non vi sentite a vostro agio.<\/li>\n<li>Fate attenzione alla vostra fotocamera: Mantenete uno sfondo neutro e non mostrate documenti o dettagli personali.<\/li>\n<li>Segnalare e bloccare se necessario: La maggior parte delle piattaforme consente di bloccare\/segnalare istantaneamente chiunque si comporti in modo inappropriato.<\/li>\n<li>Fidatevi del vostro istinto: se qualcosa non vi convince, chiudete subito la conversazione.<\/li>\n<\/ul>\n<p>Attenetevi a siti affidabili e date sempre la priorit\u00e0 al vostro comfort e alla vostra sicurezza.<\/p>\n<h2>Chi usa la chat video online con gli sconosciuti?<\/h2>\n<p>\u00c8 una comunit\u00e0 globale! Troverete:<\/p>\n<ul>\n<li>Adolescenti e giovani adulti in cerca di divertimento e nuove amicizie<\/li>\n<li>Viaggiatori ed espatriati in contatto con persone di tutto il mondo<\/li>\n<li>Studenti di lingue che si esercitano in abilit\u00e0 di conversazione reali<\/li>\n<li>Singoli in cerca di una chiacchierata civettuola o addirittura di una scintilla<\/li>\n<li>Chiunque si annoi, si senta solo o semplicemente abbia voglia di qualcosa di nuovo.<\/li>\n<\/ul>\n<p>C'\u00e8 qualcuno per tutti, indipendentemente dall'et\u00e0, dagli interessi o dal background.<\/p>\n<h2>Di cosa parlare con gli sconosciuti online<\/h2>\n<p>Non sapete come iniziare? Ecco alcune idee per rompere il ghiaccio:<\/p>\n<ul>\n<li>Musica, film e spettacoli preferiti<\/li>\n<li>Storie di viaggio e destinazioni da sogno<\/li>\n<li>Ricordi d'infanzia divertenti o domande \"preferisci\".<\/li>\n<li>La vita nella vostra citt\u00e0 o nel vostro paese: cosa c'\u00e8 di unico nel luogo in cui vivete?<\/li>\n<li>Hobby, sport o interessi creativi<\/li>\n<li>Domande su eventi attuali, scuola o carriera<\/li>\n<li>Giochi stupidi, trivia o sfide leggere<\/li>\n<\/ul>\n<p>Ricordate: non avete bisogno di un copione. Le migliori conversazioni sono spesso spontanee e genuine.<\/p>\n<h2>Funzionalit\u00e0 gratuite e a pagamento nella chat video online<\/h2>\n<p>La maggior parte delle piattaforme offre le proprie funzioni principali gratuitamente. Alcune aggiungono aggiornamenti a pagamento:<\/p>\n<ul>\n<li>Filtri avanzati (genere, paese, lingua)<\/li>\n<li>Abbinamento prioritario o salti illimitati<\/li>\n<li>Esperienza senza annunci<\/li>\n<li>Accesso a chat room o eventi esclusivi<\/li>\n<\/ul>\n<p>Ma non \u00e8 necessario spendere nulla per godere di grandi conversazioni: l'esperienza gratuita \u00e8 di solito pi\u00f9 che sufficiente.<\/p>\n<h2>Suggerimenti per una fantastica esperienza di \"Video online con gli sconosciuti<\/h2>\n<ul>\n<li>Siate aperti e rispettosi: ognuno \u00e8 l\u00ec per un motivo diverso.<\/li>\n<li>Sorridete e rilassatevi: la sicurezza fa una grande differenza, anche online.<\/li>\n<li>Non lasciatevi scoraggiare da qualche chiacchierata breve o imbarazzante: la prossima potrebbe essere straordinaria.<\/li>\n<li>Esplorate in orari diversi per incontrare persone provenienti da tutto il mondo.<\/li>\n<li>Mescolate video e chat di testo, se volete entrare lentamente in contatto con voi.<\/li>\n<\/ul>\n<h2>Quando utilizzare la chat video online con gli sconosciuti<\/h2>\n<ul>\n<li>Quando si \u00e8 annoiati o si ha bisogno di compagnia a tarda notte<\/li>\n<li>Per conoscere altre culture o praticare una lingua<\/li>\n<li>Se volete fare amicizia, flirtare o semplicemente ascoltare nuove storie<\/li>\n<li>Ogni volta che si vuole uscire dalla propria bolla sociale<\/li>\n<\/ul>\n<p>Le piattaforme video online per parlare con gli sconosciuti sono pi\u00f9 di una semplice tendenza: sono il modo moderno per incontrare persone, esplorare nuove idee e divertirsi in modo reale e senza copione, tutto da casa. Con cos\u00ec tante opzioni gratuite e facili da usare, non \u00e8 mai stato cos\u00ec facile trasformare una conversazione casuale in un ricordo duraturo, o addirittura in una nuova amicizia.<\/p>\n<p>Pronti a provarlo? Aprite la vostra webcam, scegliete un sito e tuffatevi in un mondo di connessioni spontanee. Non si sa mai chi si potr\u00e0 incontrare.<\/p>","protected":false},"excerpt":{"rendered":"<p>The internet has completely changed how we connect with people\u2014but if you\u2019re still stuck in endless group texts, comments sections, or boring message boards, you might be missing the most exciting way to meet new people: Talk to Strangers Online Video. This is the future of real, face-to-face connection, where every click brings a new [&hellip;]<\/p>\n","protected":false},"author":8,"featured_media":0,"parent":0,"menu_order":0,"comment_status":"closed","ping_status":"closed","template":"","meta":{"footnotes":""},"class_list":["post-13413","page","type-page","status-publish","hentry"],"yoast_head":"<!-- This site is optimized with the Yoast SEO plugin v27.5 - https:\/\/yoast.com\/product\/yoast-seo-wordpress\/ -->\n<title>Talk to Strangers Online Video with Video Chat on TinyChat.com<\/title>\n<meta name=\"description\" content=\"Enjoying Talk to Strangers Online Video? Join over 50,000,000 strangers on TinyChat! Turn on your cam and start meeting new people, or find a match.\" \/>\n<meta name=\"robots\" content=\"index, follow, max-snippet:-1, max-image-preview:large, max-video-preview:-1\" \/>\n<link rel=\"canonical\" href=\"https:\/\/tinychat.com\/it\/talk-to-strangers-online-video\/\" \/>\n<meta property=\"og:locale\" content=\"it_IT\" \/>\n<meta property=\"og:type\" content=\"article\" \/>\n<meta property=\"og:title\" content=\"Talk to Strangers Online Video with Video Chat on TinyChat.com\" \/>\n<meta property=\"og:description\" content=\"Enjoying Talk to Strangers Online Video? Join over 50,000,000 strangers on TinyChat! Turn on your cam and start meeting new people, or find a match.\" \/>\n<meta property=\"og:url\" content=\"https:\/\/tinychat.com\/it\/talk-to-strangers-online-video\/\" \/>\n<meta property=\"og:site_name\" content=\"TinyChat\" \/>\n<meta property=\"article:publisher\" content=\"https:\/\/www.facebook.com\/tinychat\" \/>\n<meta property=\"og:image\" content=\"https:\/\/tinychat.com\/wp-content\/uploads\/2020\/04\/Tinychat-logo-1280x284-new-black.png\" \/>\n\t<meta property=\"og:image:width\" content=\"1280\" \/>\n\t<meta property=\"og:image:height\" content=\"284\" \/>\n\t<meta property=\"og:image:type\" content=\"image\/png\" \/>\n<meta name=\"twitter:card\" content=\"summary_large_image\" \/>\n<meta name=\"twitter:site\" content=\"@tinychat\" \/>\n<meta name=\"twitter:label1\" content=\"Tempo di lettura stimato\" \/>\n\t<meta name=\"twitter:data1\" content=\"6 minuti\" \/>\n<script type=\"application\/ld+json\" class=\"yoast-schema-graph\">{\"@context\":\"https:\\\/\\\/schema.org\",\"@graph\":[{\"@type\":\"WebPage\",\"@id\":\"https:\\\/\\\/tinychat.com\\\/talk-to-strangers-online-video\\\/\",\"url\":\"https:\\\/\\\/tinychat.com\\\/talk-to-strangers-online-video\\\/\",\"name\":\"Talk to Strangers Online Video with Video Chat on TinyChat.com\",\"isPartOf\":{\"@id\":\"https:\\\/\\\/tinychat.com\\\/#website\"},\"datePublished\":\"2025-08-07T08:47:03+00:00\",\"description\":\"Enjoying Talk to Strangers Online Video? Join over 50,000,000 strangers on TinyChat! Turn on your cam and start meeting new people, or find a match.\",\"breadcrumb\":{\"@id\":\"https:\\\/\\\/tinychat.com\\\/talk-to-strangers-online-video\\\/#breadcrumb\"},\"inLanguage\":\"it-IT\",\"potentialAction\":[{\"@type\":\"ReadAction\",\"target\":[\"https:\\\/\\\/tinychat.com\\\/talk-to-strangers-online-video\\\/\"]}]},{\"@type\":\"BreadcrumbList\",\"@id\":\"https:\\\/\\\/tinychat.com\\\/talk-to-strangers-online-video\\\/#breadcrumb\",\"itemListElement\":[{\"@type\":\"ListItem\",\"position\":1,\"name\":\"Home\",\"item\":\"https:\\\/\\\/tinychat.com\\\/\"},{\"@type\":\"ListItem\",\"position\":2,\"name\":\"Talk to Strangers Online Video\"}]},{\"@type\":\"WebSite\",\"@id\":\"https:\\\/\\\/tinychat.com\\\/#website\",\"url\":\"https:\\\/\\\/tinychat.com\\\/\",\"name\":\"TinyChat\",\"description\":\"Random Video Chat with Strangers\",\"publisher\":{\"@id\":\"https:\\\/\\\/tinychat.com\\\/#organization\"},\"alternateName\":\"TinyChat.com\",\"potentialAction\":[{\"@type\":\"SearchAction\",\"target\":{\"@type\":\"EntryPoint\",\"urlTemplate\":\"https:\\\/\\\/tinychat.com\\\/?s={search_term_string}\"},\"query-input\":{\"@type\":\"PropertyValueSpecification\",\"valueRequired\":true,\"valueName\":\"search_term_string\"}}],\"inLanguage\":\"it-IT\"},{\"@type\":\"Organization\",\"@id\":\"https:\\\/\\\/tinychat.com\\\/#organization\",\"name\":\"TinyChat\",\"alternateName\":\"TinyChat.com\",\"url\":\"https:\\\/\\\/tinychat.com\\\/\",\"logo\":{\"@type\":\"ImageObject\",\"inLanguage\":\"it-IT\",\"@id\":\"https:\\\/\\\/tinychat.com\\\/#\\\/schema\\\/logo\\\/image\\\/\",\"url\":\"https:\\\/\\\/tinychat.com\\\/wp-content\\\/uploads\\\/2023\\\/11\\\/Tinychat-icon-square.png\",\"contentUrl\":\"https:\\\/\\\/tinychat.com\\\/wp-content\\\/uploads\\\/2023\\\/11\\\/Tinychat-icon-square.png\",\"width\":284,\"height\":284,\"caption\":\"TinyChat\"},\"image\":{\"@id\":\"https:\\\/\\\/tinychat.com\\\/#\\\/schema\\\/logo\\\/image\\\/\"},\"sameAs\":[\"https:\\\/\\\/www.facebook.com\\\/tinychat\",\"https:\\\/\\\/x.com\\\/tinychat\"]}]}<\/script>\n<!-- \/ Yoast SEO plugin. -->","yoast_head_json":{"title":"Parlare con estranei in video online con la chat video su TinyChat.com","description":"Ti piace il video online di Talk to Strangers? Unisciti a oltre 50.000.000 di sconosciuti su TinyChat! Accendi la tua cam e inizia a conoscere nuove persone o a trovare un partner.","robots":{"index":"index","follow":"follow","max-snippet":"max-snippet:-1","max-image-preview":"max-image-preview:large","max-video-preview":"max-video-preview:-1"},"canonical":"https:\/\/tinychat.com\/it\/talk-to-strangers-online-video\/","og_locale":"it_IT","og_type":"article","og_title":"Talk to Strangers Online Video with Video Chat on TinyChat.com","og_description":"Enjoying Talk to Strangers Online Video? Join over 50,000,000 strangers on TinyChat! Turn on your cam and start meeting new people, or find a match.","og_url":"https:\/\/tinychat.com\/it\/talk-to-strangers-online-video\/","og_site_name":"TinyChat","article_publisher":"https:\/\/www.facebook.com\/tinychat","og_image":[{"width":1280,"height":284,"url":"https:\/\/tinychat.com\/wp-content\/uploads\/2020\/04\/Tinychat-logo-1280x284-new-black.png","type":"image\/png"}],"twitter_card":"summary_large_image","twitter_site":"@tinychat","twitter_misc":{"Tempo di lettura stimato":"6 minuti"},"schema":{"@context":"https:\/\/schema.org","@graph":[{"@type":"WebPage","@id":"https:\/\/tinychat.com\/talk-to-strangers-online-video\/","url":"https:\/\/tinychat.com\/talk-to-strangers-online-video\/","name":"Parlare con estranei in video online con la chat video su TinyChat.com","isPartOf":{"@id":"https:\/\/tinychat.com\/#website"},"datePublished":"2025-08-07T08:47:03+00:00","description":"Ti piace il video online di Talk to Strangers? Unisciti a oltre 50.000.000 di sconosciuti su TinyChat! Accendi la tua cam e inizia a conoscere nuove persone o a trovare un partner.","breadcrumb":{"@id":"https:\/\/tinychat.com\/talk-to-strangers-online-video\/#breadcrumb"},"inLanguage":"it-IT","potentialAction":[{"@type":"ReadAction","target":["https:\/\/tinychat.com\/talk-to-strangers-online-video\/"]}]},{"@type":"BreadcrumbList","@id":"https:\/\/tinychat.com\/talk-to-strangers-online-video\/#breadcrumb","itemListElement":[{"@type":"ListItem","position":1,"name":"Home","item":"https:\/\/tinychat.com\/"},{"@type":"ListItem","position":2,"name":"Talk to Strangers Online Video"}]},{"@type":"WebSite","@id":"https:\/\/tinychat.com\/#website","url":"https:\/\/tinychat.com\/","name":"TinyChat","description":"Videochat casuale con sconosciuti","publisher":{"@id":"https:\/\/tinychat.com\/#organization"},"alternateName":"TinyChat.com","potentialAction":[{"@type":"SearchAction","target":{"@type":"EntryPoint","urlTemplate":"https:\/\/tinychat.com\/?s={search_term_string}"},"query-input":{"@type":"PropertyValueSpecification","valueRequired":true,"valueName":"search_term_string"}}],"inLanguage":"it-IT"},{"@type":"Organization","@id":"https:\/\/tinychat.com\/#organization","name":"TinyChat","alternateName":"TinyChat.com","url":"https:\/\/tinychat.com\/","logo":{"@type":"ImageObject","inLanguage":"it-IT","@id":"https:\/\/tinychat.com\/#\/schema\/logo\/image\/","url":"https:\/\/tinychat.com\/wp-content\/uploads\/2023\/11\/Tinychat-icon-square.png","contentUrl":"https:\/\/tinychat.com\/wp-content\/uploads\/2023\/11\/Tinychat-icon-square.png","width":284,"height":284,"caption":"TinyChat"},"image":{"@id":"https:\/\/tinychat.com\/#\/schema\/logo\/image\/"},"sameAs":["https:\/\/www.facebook.com\/tinychat","https:\/\/x.com\/tinychat"]}]}},"_links":{"self":[{"href":"https:\/\/tinychat.com\/it\/wp-json\/wp\/v2\/pages\/13413","targetHints":{"allow":["GET"]}}],"collection":[{"href":"https:\/\/tinychat.com\/it\/wp-json\/wp\/v2\/pages"}],"about":[{"href":"https:\/\/tinychat.com\/it\/wp-json\/wp\/v2\/types\/page"}],"author":[{"embeddable":true,"href":"https:\/\/tinychat.com\/it\/wp-json\/wp\/v2\/users\/8"}],"replies":[{"embeddable":true,"href":"https:\/\/tinychat.com\/it\/wp-json\/wp\/v2\/comments?post=13413"}],"version-history":[{"count":2,"href":"https:\/\/tinychat.com\/it\/wp-json\/wp\/v2\/pages\/13413\/revisions"}],"predecessor-version":[{"id":13415,"href":"https:\/\/tinychat.com\/it\/wp-json\/wp\/v2\/pages\/13413\/revisions\/13415"}],"wp:attachment":[{"href":"https:\/\/tinychat.com\/it\/wp-json\/wp\/v2\/media?parent=13413"}],"curies":[{"name":"wp","href":"https:\/\/api.w.org\/{rel}","templated":true}]}}