{"id":13511,"date":"2025-09-10T10:58:25","date_gmt":"2025-09-10T08:58:25","guid":{"rendered":"https:\/\/tinychat.com\/?page_id=13511"},"modified":"2025-09-10T11:03:40","modified_gmt":"2025-09-10T09:03:40","slug":"random-chat","status":"publish","type":"page","link":"https:\/\/tinychat.com\/it\/random-chat\/","title":{"rendered":"Chat casuale"},"content":{"rendered":"<p>Una delle cose pi\u00f9 interessanti di Internet \u00e8 la facilit\u00e0 con cui ci mette in contatto con persone che altrimenti non avremmo mai incontrato. La chat casuale porta questo concetto a un livello superiore, permettendovi di parlare istantaneamente con sconosciuti di tutto il mondo. Nessun profilo, nessuno swiping, nessun algoritmo: solo voi, il vostro dispositivo e chiunque si presenti dall'altra parte.<\/p>\n<p>\u00c8 la socializzazione pi\u00f9 semplice e spontanea. Se volete passare il tempo, conoscere altre culture, fare nuove amicizie o anche flirtare un po', la chat casuale offre una finestra sull'ignoto.<\/p>\n<h2>Che cos'\u00e8 la chat casuale?<\/h2>\n<p>Di base, la chat casuale \u00e8 un servizio online che vi accoppia con altri utenti in modo casuale. Pu\u00f2 essere basata su testo, solo voce o video dal vivo. L'idea \u00e8 semplice: si inizia a chattare, si vede dove va a finire la conversazione e, se non c'\u00e8 feeling, si passa alla persona successiva.<\/p>\n<p>La maggior parte delle piattaforme di chat casuale condividono alcune caratteristiche chiave:<\/p>\n<ul>\n<li>Accesso immediato - Non \u00e8 necessaria la registrazione, basta un clic per iniziare.<\/li>\n<li>Anonimato - Utilizzate un nickname o rimanete completamente in incognito.<\/li>\n<li>Utilizzo gratuito - Molte piattaforme offrono chat illimitate a costo zero.<\/li>\n<li>Portata globale - Incontrare persone provenienti da paesi, culture e stili di vita diversi.<\/li>\n<li>Salta l'opzione - Se la chat non funziona, premere \"avanti\" e riprovare.<\/li>\n<\/ul>\n<p>\u00c8 semplice, veloce e spesso sorprendentemente divertente.<\/p>\n<h2>Perch\u00e9 le persone amano le chat casuali<\/h2>\n<p>Perch\u00e9 la chat casuale \u00e8 rimasta popolare per oltre un decennio? Perch\u00e9 offre qualcosa che i social media non possono offrire: la spontaneit\u00e0.<\/p>\n<ul>\n<li>Fattore sorpresa - Non si sa mai chi sar\u00e0 il prossimo, e questa imprevedibilit\u00e0 \u00e8 eccitante.<\/li>\n<li>Nessun impegno - Nessuna richiesta di amicizia, nessun numero di follower, solo conversazioni in tempo reale.<\/li>\n<li>Interazione autentica - La chat dal vivo \u00e8 pi\u00f9 personale dei post o dei commenti.<\/li>\n<li>Libert\u00e0 - Potete dire quello che volete senza preoccuparvi delle conseguenze a lungo termine.<\/li>\n<li>Variet\u00e0 infinita - Dalle risate veloci ai discorsi profondi, ogni chat \u00e8 unica.<\/li>\n<\/ul>\n<p>Per molte persone, la chat casuale \u00e8 un'esperienza rinfrescante in un mondo di profili curati e interazioni programmate.<\/p>\n<h2>Come funziona la chat casuale<\/h2>\n<p>La maggior parte delle piattaforme di chat casuali sono incredibilmente semplici da usare:<\/p>\n<ol>\n<li>Scegliere una piattaforma - I siti pi\u00f9 popolari includono Omegle, Chatroulette, Chatrandom e TinyChat.<\/li>\n<li>Scegliere una modalit\u00e0: testo, audio o video chat.<\/li>\n<li>Fare clic su \"Inizia\" - Abbinamento immediato con uno sconosciuto.<\/li>\n<li>Chiacchierare o saltare - Rimanere se \u00e8 buono, o andare avanti se non lo \u00e8.<\/li>\n<li>Esplorare i filtri - Alcuni siti consentono di aggiungere filtri per interessi, localit\u00e0 o sesso.<\/li>\n<\/ol>\n<p>In meno di un minuto si pu\u00f2 parlare con qualcuno dall'altra parte del mondo.<\/p>\n<h2>Tipi di piattaforme di chat casuale<\/h2>\n<p>Le diverse piattaforme si adattano a diversi stili di chat:<\/p>\n<h3>1. Chat casuale di solo testo<\/h3>\n<p>Perfetto se siete timidi o non siete pronti per il video. Si rimane anonimi e ci si concentra sulla conversazione.<\/p>\n<h3>2. Chat video casuale<\/h3>\n<p>Aggiunge un elemento personale, faccia a faccia. Si possono vedere e ascoltare gli estranei in tempo reale.<\/p>\n<h3>3. Chat casuale solo vocale<\/h3>\n<p>Una via di mezzo: ottima se non si vuole il video ma si preferisce parlare piuttosto che digitare.<\/p>\n<h3>4. Stanze di chat basate su argomenti<\/h3>\n<p>Partecipa alle stanze dedicate agli hobby, agli incontri, ai viaggi, ai giochi o alla conversazione in generale.<\/p>\n<h3>5. Chat casuale per adulti<\/h3>\n<p>Spazi 18+ pensati per flirtare e per conversazioni pi\u00f9 esplicite.<\/p>\n<h2>Le migliori piattaforme per la chat casuale<\/h2>\n<p>Ecco alcune delle opzioni pi\u00f9 popolari e affidabili:<\/p>\n<ul>\n<li>Omegle - Il classico sito di chat casuale con testo e video.<\/li>\n<li>Chatroulette - Veloce video chat casuale con sconosciuti in tutto il mondo.<\/li>\n<li>Chatrandom - Offre stanze a tema e filtri di genere.<\/li>\n<li>Chatspin - Include effetti video divertenti e applicazioni mobili.<\/li>\n<li>Camsurf - Piattaforma moderata con particolare attenzione alla sicurezza.<\/li>\n<li>TinyChat - Chat in stile comunitario con stanze pubbliche e private.<\/li>\n<li>Bazoocam - Il preferito dagli europei con giochi rompighiaccio incorporati.<\/li>\n<\/ul>\n<p>Ognuno di essi ha una propria sensazione, quindi provatene alcuni per vedere quale si adatta alla vostra atmosfera.<\/p>\n<h2>Chat casuale vs. social media<\/h2>\n<p>Sebbene entrambe mettano in contatto le persone, la chat casuale offre un'esperienza molto diversa.<\/p>\n<table>\n<thead>\n<tr>\n<th>Caratteristica<\/th>\n<th>Chat casuale<\/th>\n<th>Media sociali<\/th>\n<\/tr>\n<\/thead>\n<tbody>\n<tr>\n<td>Abbinamento casuale di sconosciuti<\/td>\n<td>\u2705 S\u00ec<\/td>\n<td>\u274c No<\/td>\n<\/tr>\n<tr>\n<td>Conversazione in tempo reale<\/td>\n<td>\u2705 Immediato<\/td>\n<td>\u26a0\ufe0f Ritardo<\/td>\n<\/tr>\n<tr>\n<td>Profilo richiesto<\/td>\n<td>\u274c Non sempre<\/td>\n<td>Sempre<\/td>\n<\/tr>\n<tr>\n<td>Anonimato<\/td>\n<td>\u2705 S\u00ec<\/td>\n<td>\u274c Limitato<\/td>\n<\/tr>\n<tr>\n<td>Saltare l'opzione<\/td>\n<td>\u2705 S\u00ec<\/td>\n<td>\u274c No<\/td>\n<\/tr>\n<\/tbody>\n<\/table>\n<p>Se i social media sembrano troppo curati, la chat casuale \u00e8 l'antidoto.<\/p>\n<h2>Sicurezza durante l'uso della chat casuale<\/h2>\n<p>Poich\u00e9 si parla con estranei, la sicurezza \u00e8 importante:<\/p>\n<ul>\n<li>Non condividete informazioni personali - Mantenete il vostro nome, numero di telefono e indirizzo privati.<\/li>\n<li>Usate un nickname - Rimanete anonimi finch\u00e9 non vi sentite a vostro agio.<\/li>\n<li>Saltate liberamente - Non rimanete nelle conversazioni che vi sembrano fuori luogo.<\/li>\n<li>Segnalare gli utenti inappropriati - La maggior parte delle piattaforme dispone di funzioni di moderazione.<\/li>\n<li>Siate cauti con i video: assicuratevi che il vostro sfondo non riveli dettagli privati.<\/li>\n<\/ul>\n<p>La chat casuale \u00e8 divertente e sicura se si stabiliscono dei limiti.<\/p>\n<h2>Chi usa la chat casuale?<\/h2>\n<p>La variet\u00e0 di persone che si incontrano \u00e8 ci\u00f2 che rende il gioco cos\u00ec coinvolgente. Tra gli utenti pi\u00f9 comuni ci sono:<\/p>\n<ul>\n<li>Studenti - In cerca di interazione sociale o di pratica linguistica.<\/li>\n<li>Single - Flirtano o cercano opportunit\u00e0 di incontri occasionali.<\/li>\n<li>Nottambuli - Trovare compagnia durante le ore piccole.<\/li>\n<li>Viaggiatori - Incontrare virtualmente la gente del posto e conoscere le destinazioni.<\/li>\n<li>Persone curiose - Semplicemente esplorando chi c'\u00e8 l\u00e0 fuori.<\/li>\n<\/ul>\n<p>\u00c8 davvero un mix globale.<\/p>\n<h2>TinyChat: un Chat Alternative casuale di tipo comunitario<\/h2>\n<p>Se vi piace la chat casuale ma volete qualcosa di pi\u00f9 organizzato, TinyChat \u00e8 un'opzione valida. A differenza delle piattaforme one-to-one, unisce la casualit\u00e0 a un senso di comunit\u00e0.<\/p>\n<ul>\n<li>Stanze pubbliche - Per parlare di musica, politica, appuntamenti o per un incontro in generale.<\/li>\n<li>Stanze private - Create il vostro spazio di chat personale.<\/li>\n<li>Video, audio e testo - Scegliete il formato che preferite.<\/li>\n<li>Multipiattaforma - Funziona su browser desktop e applicazioni mobili.<\/li>\n<li>Accesso immediato - Non \u00e8 necessaria la registrazione per partecipare.<\/li>\n<\/ul>\n<p>TinyChat offre la libert\u00e0 della chat casuale con la profondit\u00e0 delle comunit\u00e0 tematiche.<\/p>\n<h2>Consigli per sfruttare al meglio la chat casuale<\/h2>\n<ul>\n<li>Sorridere quando si entra in contatto: le vibrazioni amichevoli rendono gli sconosciuti pi\u00f9 propensi a rimanere.<\/li>\n<li>Fate domande interessanti - Andate oltre il \"ciao\" con aperture coinvolgenti.<\/li>\n<li>Siate rispettosi: trattate gli estranei come vorreste essere trattati voi.<\/li>\n<li>Esplorare orari diversi: le basi degli utenti cambiano di ora in ora.<\/li>\n<li>Non prendetela troppo sul serio: alcune chat sono veloci, altre durano di pi\u00f9. Godetevi la variet\u00e0.<\/li>\n<\/ul>\n<h2>Chat casuale gratuita o a pagamento<\/h2>\n<p>La maggior parte delle piattaforme di chat casuale sono gratuite, ma alcune offrono vantaggi premium.<\/p>\n<table>\n<thead>\n<tr>\n<th>Caratteristica<\/th>\n<th>Chat casuale gratuita<\/th>\n<th>Versioni a pagamento<\/th>\n<\/tr>\n<\/thead>\n<tbody>\n<tr>\n<td>Partite casuali illimitate<\/td>\n<td>\u2705 S\u00ec<\/td>\n<td>\u2705 S\u00ec<\/td>\n<\/tr>\n<tr>\n<td>Pulsante di salto<\/td>\n<td>\u2705 S\u00ec<\/td>\n<td>\u2705 S\u00ec<\/td>\n<\/tr>\n<tr>\n<td>Filtri per genere\/localit\u00e0<\/td>\n<td>\u26a0\ufe0f Base o limitata<\/td>\n<td>\u2705 Avanzato<\/td>\n<\/tr>\n<tr>\n<td>Annunci rimossi<\/td>\n<td>\u274c<\/td>\n<td>\u2705 S\u00ec<\/td>\n<\/tr>\n<tr>\n<td>Sale VIP\/private<\/td>\n<td>\u274c<\/td>\n<td>\u2705 S\u00ec<\/td>\n<\/tr>\n<\/tbody>\n<\/table>\n<p>Per un uso occasionale, le versioni gratuite sono pi\u00f9 che sufficienti.<\/p>\n<h2>L'emozione dell'ignoto<\/h2>\n<p>Ci\u00f2 che spinge le persone a tornare alla chat casuale \u00e8 il brivido di non sapere chi sar\u00e0 il prossimo. In una sola serata, potreste:<\/p>\n<ul>\n<li>Ridere con qualcuno dall'altra parte del mondo.<\/li>\n<li>Imparare a conoscere una nuova cultura.<\/li>\n<li>Scoprire un nuovo gruppo musicale o un film preferito.<\/li>\n<li>Condividere le storie di vita con un estraneo.<\/li>\n<li>Trovare un amico, o anche una scintilla di romanticismo.<\/li>\n<\/ul>\n<p>Ogni chiacchierata \u00e8 un'occasione per scoprire qualcosa di inaspettato.<\/p>\n<p>La chat casuale \u00e8 uno dei modi pi\u00f9 semplici ed emozionanti per incontrare persone online. Senza costi, senza profili e senza pressioni, \u00e8 una forma pura di socializzazione digitale: veloce, spontanea e globale.<\/p>\n<p>Se state cercando di curare la noia, di praticare una lingua, di flirtare con degli sconosciuti o semplicemente di instaurare un rapporto umano, le piattaforme di chat casuale lo rendono possibile con un solo clic.<\/p>\n<p>Se siete pronti per qualcosa di nuovo, aprite una finestra di chat, premete \"Inizia\" e vedete chi vi aspetta. La prossima chat casuale potrebbe essere il momento clou della vostra giornata.<\/p>","protected":false},"excerpt":{"rendered":"<p>One of the most exciting things about the internet is how easily it connects us to people we\u2019d never meet otherwise. Random chat takes that to the next level by letting you talk instantly with strangers from around the world. No profiles, no swiping, no algorithms\u2014just you, your device, and whoever shows up on the [&hellip;]<\/p>\n","protected":false},"author":8,"featured_media":0,"parent":0,"menu_order":0,"comment_status":"closed","ping_status":"closed","template":"","meta":{"footnotes":""},"class_list":["post-13511","page","type-page","status-publish","hentry"],"yoast_head":"<!-- This site is optimized with the Yoast SEO plugin v27.4 - https:\/\/yoast.com\/product\/yoast-seo-wordpress\/ -->\n<title>Random Chat with Video Chat on TinyChat.com<\/title>\n<meta name=\"description\" content=\"Enjoying Random Chat? Join over 50,000,000 strangers on TinyChat! Turn on your cam and start meeting new people, or find a match.\" \/>\n<meta name=\"robots\" content=\"index, follow, max-snippet:-1, max-image-preview:large, max-video-preview:-1\" \/>\n<link rel=\"canonical\" href=\"https:\/\/tinychat.com\/it\/random-chat\/\" \/>\n<meta property=\"og:locale\" content=\"it_IT\" \/>\n<meta property=\"og:type\" content=\"article\" \/>\n<meta property=\"og:title\" content=\"Random Chat with Video Chat on TinyChat.com\" \/>\n<meta property=\"og:description\" content=\"Enjoying Random Chat? Join over 50,000,000 strangers on TinyChat! Turn on your cam and start meeting new people, or find a match.\" \/>\n<meta property=\"og:url\" content=\"https:\/\/tinychat.com\/it\/random-chat\/\" \/>\n<meta property=\"og:site_name\" content=\"TinyChat\" \/>\n<meta property=\"article:publisher\" content=\"https:\/\/www.facebook.com\/tinychat\" \/>\n<meta property=\"article:modified_time\" content=\"2025-09-10T09:03:40+00:00\" \/>\n<meta property=\"og:image\" content=\"https:\/\/tinychat.com\/wp-content\/uploads\/2020\/04\/Tinychat-logo-1280x284-new-black.png\" \/>\n\t<meta property=\"og:image:width\" content=\"1280\" \/>\n\t<meta property=\"og:image:height\" content=\"284\" \/>\n\t<meta property=\"og:image:type\" content=\"image\/png\" \/>\n<meta name=\"twitter:card\" content=\"summary_large_image\" \/>\n<meta name=\"twitter:site\" content=\"@tinychat\" \/>\n<meta name=\"twitter:label1\" content=\"Tempo di lettura stimato\" \/>\n\t<meta name=\"twitter:data1\" content=\"5 minuti\" \/>\n<script type=\"application\/ld+json\" class=\"yoast-schema-graph\">{\"@context\":\"https:\\\/\\\/schema.org\",\"@graph\":[{\"@type\":\"WebPage\",\"@id\":\"https:\\\/\\\/tinychat.com\\\/random-chat\\\/\",\"url\":\"https:\\\/\\\/tinychat.com\\\/random-chat\\\/\",\"name\":\"Random Chat with Video Chat on TinyChat.com\",\"isPartOf\":{\"@id\":\"https:\\\/\\\/tinychat.com\\\/#website\"},\"datePublished\":\"2025-09-10T08:58:25+00:00\",\"dateModified\":\"2025-09-10T09:03:40+00:00\",\"description\":\"Enjoying Random Chat? Join over 50,000,000 strangers on TinyChat! Turn on your cam and start meeting new people, or find a match.\",\"breadcrumb\":{\"@id\":\"https:\\\/\\\/tinychat.com\\\/random-chat\\\/#breadcrumb\"},\"inLanguage\":\"it-IT\",\"potentialAction\":[{\"@type\":\"ReadAction\",\"target\":[\"https:\\\/\\\/tinychat.com\\\/random-chat\\\/\"]}]},{\"@type\":\"BreadcrumbList\",\"@id\":\"https:\\\/\\\/tinychat.com\\\/random-chat\\\/#breadcrumb\",\"itemListElement\":[{\"@type\":\"ListItem\",\"position\":1,\"name\":\"Home\",\"item\":\"https:\\\/\\\/tinychat.com\\\/\"},{\"@type\":\"ListItem\",\"position\":2,\"name\":\"Random Chat\"}]},{\"@type\":\"WebSite\",\"@id\":\"https:\\\/\\\/tinychat.com\\\/#website\",\"url\":\"https:\\\/\\\/tinychat.com\\\/\",\"name\":\"TinyChat\",\"description\":\"Random Video Chat with Strangers\",\"publisher\":{\"@id\":\"https:\\\/\\\/tinychat.com\\\/#organization\"},\"alternateName\":\"TinyChat.com\",\"potentialAction\":[{\"@type\":\"SearchAction\",\"target\":{\"@type\":\"EntryPoint\",\"urlTemplate\":\"https:\\\/\\\/tinychat.com\\\/?s={search_term_string}\"},\"query-input\":{\"@type\":\"PropertyValueSpecification\",\"valueRequired\":true,\"valueName\":\"search_term_string\"}}],\"inLanguage\":\"it-IT\"},{\"@type\":\"Organization\",\"@id\":\"https:\\\/\\\/tinychat.com\\\/#organization\",\"name\":\"TinyChat\",\"alternateName\":\"TinyChat.com\",\"url\":\"https:\\\/\\\/tinychat.com\\\/\",\"logo\":{\"@type\":\"ImageObject\",\"inLanguage\":\"it-IT\",\"@id\":\"https:\\\/\\\/tinychat.com\\\/#\\\/schema\\\/logo\\\/image\\\/\",\"url\":\"https:\\\/\\\/tinychat.com\\\/wp-content\\\/uploads\\\/2023\\\/11\\\/Tinychat-icon-square.png\",\"contentUrl\":\"https:\\\/\\\/tinychat.com\\\/wp-content\\\/uploads\\\/2023\\\/11\\\/Tinychat-icon-square.png\",\"width\":284,\"height\":284,\"caption\":\"TinyChat\"},\"image\":{\"@id\":\"https:\\\/\\\/tinychat.com\\\/#\\\/schema\\\/logo\\\/image\\\/\"},\"sameAs\":[\"https:\\\/\\\/www.facebook.com\\\/tinychat\",\"https:\\\/\\\/x.com\\\/tinychat\"]}]}<\/script>\n<!-- \/ Yoast SEO plugin. -->","yoast_head_json":{"title":"Chat casuale con video chat su TinyChat.com","description":"Ti piace la chat casuale? Unisciti a oltre 50.000.000 di sconosciuti su TinyChat! Accendi la tua cam e inizia a conoscere nuove persone o a trovare un partner.","robots":{"index":"index","follow":"follow","max-snippet":"max-snippet:-1","max-image-preview":"max-image-preview:large","max-video-preview":"max-video-preview:-1"},"canonical":"https:\/\/tinychat.com\/it\/random-chat\/","og_locale":"it_IT","og_type":"article","og_title":"Random Chat with Video Chat on TinyChat.com","og_description":"Enjoying Random Chat? Join over 50,000,000 strangers on TinyChat! Turn on your cam and start meeting new people, or find a match.","og_url":"https:\/\/tinychat.com\/it\/random-chat\/","og_site_name":"TinyChat","article_publisher":"https:\/\/www.facebook.com\/tinychat","article_modified_time":"2025-09-10T09:03:40+00:00","og_image":[{"width":1280,"height":284,"url":"https:\/\/tinychat.com\/wp-content\/uploads\/2020\/04\/Tinychat-logo-1280x284-new-black.png","type":"image\/png"}],"twitter_card":"summary_large_image","twitter_site":"@tinychat","twitter_misc":{"Tempo di lettura stimato":"5 minuti"},"schema":{"@context":"https:\/\/schema.org","@graph":[{"@type":"WebPage","@id":"https:\/\/tinychat.com\/random-chat\/","url":"https:\/\/tinychat.com\/random-chat\/","name":"Chat casuale con video chat su TinyChat.com","isPartOf":{"@id":"https:\/\/tinychat.com\/#website"},"datePublished":"2025-09-10T08:58:25+00:00","dateModified":"2025-09-10T09:03:40+00:00","description":"Ti piace la chat casuale? Unisciti a oltre 50.000.000 di sconosciuti su TinyChat! Accendi la tua cam e inizia a conoscere nuove persone o a trovare un partner.","breadcrumb":{"@id":"https:\/\/tinychat.com\/random-chat\/#breadcrumb"},"inLanguage":"it-IT","potentialAction":[{"@type":"ReadAction","target":["https:\/\/tinychat.com\/random-chat\/"]}]},{"@type":"BreadcrumbList","@id":"https:\/\/tinychat.com\/random-chat\/#breadcrumb","itemListElement":[{"@type":"ListItem","position":1,"name":"Home","item":"https:\/\/tinychat.com\/"},{"@type":"ListItem","position":2,"name":"Random Chat"}]},{"@type":"WebSite","@id":"https:\/\/tinychat.com\/#website","url":"https:\/\/tinychat.com\/","name":"TinyChat","description":"Videochat casuale con sconosciuti","publisher":{"@id":"https:\/\/tinychat.com\/#organization"},"alternateName":"TinyChat.com","potentialAction":[{"@type":"SearchAction","target":{"@type":"EntryPoint","urlTemplate":"https:\/\/tinychat.com\/?s={search_term_string}"},"query-input":{"@type":"PropertyValueSpecification","valueRequired":true,"valueName":"search_term_string"}}],"inLanguage":"it-IT"},{"@type":"Organization","@id":"https:\/\/tinychat.com\/#organization","name":"TinyChat","alternateName":"TinyChat.com","url":"https:\/\/tinychat.com\/","logo":{"@type":"ImageObject","inLanguage":"it-IT","@id":"https:\/\/tinychat.com\/#\/schema\/logo\/image\/","url":"https:\/\/tinychat.com\/wp-content\/uploads\/2023\/11\/Tinychat-icon-square.png","contentUrl":"https:\/\/tinychat.com\/wp-content\/uploads\/2023\/11\/Tinychat-icon-square.png","width":284,"height":284,"caption":"TinyChat"},"image":{"@id":"https:\/\/tinychat.com\/#\/schema\/logo\/image\/"},"sameAs":["https:\/\/www.facebook.com\/tinychat","https:\/\/x.com\/tinychat"]}]}},"_links":{"self":[{"href":"https:\/\/tinychat.com\/it\/wp-json\/wp\/v2\/pages\/13511","targetHints":{"allow":["GET"]}}],"collection":[{"href":"https:\/\/tinychat.com\/it\/wp-json\/wp\/v2\/pages"}],"about":[{"href":"https:\/\/tinychat.com\/it\/wp-json\/wp\/v2\/types\/page"}],"author":[{"embeddable":true,"href":"https:\/\/tinychat.com\/it\/wp-json\/wp\/v2\/users\/8"}],"replies":[{"embeddable":true,"href":"https:\/\/tinychat.com\/it\/wp-json\/wp\/v2\/comments?post=13511"}],"version-history":[{"count":1,"href":"https:\/\/tinychat.com\/it\/wp-json\/wp\/v2\/pages\/13511\/revisions"}],"predecessor-version":[{"id":13512,"href":"https:\/\/tinychat.com\/it\/wp-json\/wp\/v2\/pages\/13511\/revisions\/13512"}],"wp:attachment":[{"href":"https:\/\/tinychat.com\/it\/wp-json\/wp\/v2\/media?parent=13511"}],"curies":[{"name":"wp","href":"https:\/\/api.w.org\/{rel}","templated":true}]}}