{"id":13570,"date":"2025-10-24T10:24:47","date_gmt":"2025-10-24T08:24:47","guid":{"rendered":"https:\/\/tinychat.com\/?page_id=13570"},"modified":"2025-10-24T10:24:47","modified_gmt":"2025-10-24T08:24:47","slug":"umingle","status":"publish","type":"page","link":"https:\/\/tinychat.com\/it\/umingle\/","title":{"rendered":"Umingle"},"content":{"rendered":"<p>Il mondo delle chat online \u00e8 cambiato radicalmente nel corso degli anni, ma una cosa rimane costante: il desiderio di incontrare persone reali, istantaneamente, da qualsiasi parte del pianeta. Umingle cattura perfettamente questa sensazione. \u00c8 una piattaforma di video chat casuale, elegante e moderna, costruita per la spontaneit\u00e0, la semplicit\u00e0 e la connessione umana reale.<\/p>\n<p>In un mondo in cui la maggior parte delle app sociali sembrano filtrate e curate, Umingle riporta il brivido dell'imprevedibilit\u00e0, dove ogni nuova chat pu\u00f2 portare a un'amicizia inaspettata, a una risata o a una conversazione significativa. Non \u00e8 necessario registrarsi, l'accesso \u00e8 gratuito e il design \u00e8 pulito e facile da usare per i dispositivi mobili, per questo sta diventando una scelta obbligata per gli utenti che cercano un modo genuino di entrare in contatto con gli sconosciuti online.<\/p>\n<p>Questa recensione analizza cos'\u00e8 Umingle, come funziona, le sue caratteristiche principali, l'esperienza dell'utente, gli strumenti di sicurezza, il confronto con i concorrenti e i consigli degli esperti per aiutarvi a sfruttare al meglio la vostra esperienza con Umingle.<\/p>\n<h2>Che cos'\u00e8 l'Umingle?<\/h2>\n<p>Umingle \u00e8 un servizio gratuito di video chat casuale che mette in contatto istantaneo utenti di tutto il mondo per conversazioni uno a uno. \u00c8 stato progettato per essere semplice, veloce e anonimo, senza iscrizioni, download o passaggi complicati.<\/p>\n<p>Il cuore di Umingle \u00e8 una cosa sola: parlare con le persone, non con i profili. Basta cliccare su un pulsante per trovarsi faccia a faccia con una persona nuova. Ogni connessione \u00e8 unica, ogni chat \u00e8 imprevedibile, proprio come nella vita reale.<\/p>\n<p>\u00c8 perfetto per gli utenti che desiderano:<\/p>\n<ul>\n<li>Incontrare nuove persone in modo casuale.<\/li>\n<li>Esplorare culture e lingue.<\/li>\n<li>Passare il tempo con conversazioni spontanee e reali.<\/li>\n<li>Godetevi la chat dal vivo senza alcun impegno.<\/li>\n<\/ul>\n<p>A differenza dei social network, Umingle non si basa sui follower o sullo status, ma sulla connessione in tempo reale e sull'interazione umana condivisa.<\/p>\n<h2>Caratteristiche principali di Umingle<\/h2>\n<p>Umingle offre un mix equilibrato di semplicit\u00e0, interattivit\u00e0 e flessibilit\u00e0. Elimina gli ingombri superflui e mantiene le funzioni necessarie per migliorare l'esperienza.<\/p>\n<h3>1. Chat video casuale uno-a-uno<\/h3>\n<ul>\n<li>Connettetevi istantaneamente con sconosciuti in tutto il mondo.<\/li>\n<li>Utilizzate la vostra webcam e il vostro microfono per conversare in tempo reale.<\/li>\n<li>Passate alla persona successiva in qualsiasi momento con un solo clic.<\/li>\n<\/ul>\n<h3>2. Modalit\u00e0 chat di testo<\/h3>\n<ul>\n<li>Chat di testo integrata per chi preferisce digitare.<\/li>\n<li>Funziona anche quando la fotocamera o il microfono sono spenti.<\/li>\n<li>Ottimo per connessioni a bassa larghezza di banda o per conversazioni private.<\/li>\n<\/ul>\n<h3>3. Nessuna registrazione richiesta<\/h3>\n<ul>\n<li>Iniziate a chattare immediatamente, senza bisogno di iscrivervi o di creare un profilo.<\/li>\n<li>Completo anonimato per un'esperienza senza stress.<\/li>\n<\/ul>\n<h3>4. Base di utenti globale<\/h3>\n<ul>\n<li>Incontrare persone provenienti da ogni continente.<\/li>\n<li>Popolare in Nord America, Europa, Asia e America Latina.<\/li>\n<li>L'abbinamento casuale crea interazioni globali inaspettate.<\/li>\n<\/ul>\n<h3>5. Corrispondenza rapida e bassa latenza<\/h3>\n<ul>\n<li>Streaming video ottimizzato per conversazioni fluide e in tempo reale.<\/li>\n<li>Lag minimo rispetto alle piattaforme pi\u00f9 vecchie.<\/li>\n<\/ul>\n<h3>6. Compatibilit\u00e0 con dispositivi mobili e desktop<\/h3>\n<ul>\n<li>Completamente basato su browser: funziona su qualsiasi dispositivo.<\/li>\n<li>Il design reattivo si adatta automaticamente alle dimensioni dello schermo.<\/li>\n<\/ul>\n<h3>7. Libero di usare<\/h3>\n<ul>\n<li>100% gratuito - senza abbonamenti nascosti, paywall o aggiornamenti.<\/li>\n<\/ul>\n<h3>8. Interfaccia semplice e moderna<\/h3>\n<ul>\n<li>Layout pulito con controlli intuitivi.<\/li>\n<li>Progettato per garantire la facilit\u00e0 d'uso e il massimo impegno.<\/li>\n<\/ul>\n<h2>Come utilizzare Umingle<\/h2>\n<p>Usare Umingle \u00e8 semplicissimo, come lo sono le chat online. Potete iniziare a conoscere nuove persone in meno di un minuto.<\/p>\n<h3>Passo 1: visitare il sito web<\/h3>\n<p>Andate su Umingle.com nel vostro browser web - desktop, tablet o mobile.<\/p>\n<h3>Passo 2: Abilitare la fotocamera e il microfono<\/h3>\n<p>Consentire l'accesso a Umingle quando richiesto. In questo modo si abilitano le funzioni di chat video e audio.<\/p>\n<h3>Fase 3: Fare clic su \u201cAvvio\u201d.\u201d<\/h3>\n<p>Collegatevi istantaneamente con un estraneo a caso per una chat dal vivo.<\/p>\n<h3>Fase 4: Conversare o saltare<\/h3>\n<p>Godetevi la conversazione o fate clic su \u201cAvanti\u201d per passare all'utente successivo.<\/p>\n<h3>Fase 5: ripetere<\/h3>\n<p>Continuate a chattare con tutte le persone che volete. Ogni nuovo clic porta a un nuovo incontro.<\/p>\n<p>Nessun download, nessun modulo, nessun account: solo un'interazione umana istantanea.<\/p>\n<h2>Esperienza utente su Umingle<\/h2>\n<p>L'attenzione di Umingle per la velocit\u00e0, la semplicit\u00e0 e la portata globale ne fanno una delle esperienze di chat casuale pi\u00f9 fluide oggi disponibili online.<\/p>\n<h3>Cosa piace agli utenti<\/h3>\n<ul>\n<li>Nessuna registrazione o login.<\/li>\n<li>Video di alta qualit\u00e0 e connessioni stabili.<\/li>\n<li>Facile da usare sia su mobile che su desktop.<\/li>\n<li>Design equilibrato e facile da usare.<\/li>\n<li>Completamente gratuito e anonimo.<\/li>\n<\/ul>\n<h3>Dove gli utenti vedono margini di miglioramento<\/h3>\n<ul>\n<li>Nessun filtro di genere o regione (completamente casuale).<\/li>\n<li>Nessuna opzione di riconnessione in caso di perdita della chat.<\/li>\n<li>Base di utenti ridotta nelle ore non di punta in alcune regioni.<\/li>\n<li>Strumenti di moderazione limitati nelle fasce orarie meno attive.<\/li>\n<\/ul>\n<p>Tuttavia, Umingle \u00e8 stato apprezzato per la sua semplicit\u00e0 e per le sue prestazioni tecniche fluide, che offrono un'esperienza di chat leggera e piacevole senza distrazioni.<\/p>\n<h2>Umingle vs. altre piattaforme di chat<\/h2>\n<p>Ecco come Umingle si confronta con gli altri principali servizi di chat casuale:<\/p>\n<table>\n<thead>\n<tr>\n<th>Caratteristica<\/th>\n<th>Umingle<\/th>\n<th>Omegle<\/th>\n<th>Chatroulette<\/th>\n<th>ChatHub<\/th>\n<th>Emerald Chat<\/th>\n<th>Chateek<\/th>\n<\/tr>\n<\/thead>\n<tbody>\n<tr>\n<td>Random Video Chat con Sconosciuti<\/td>\n<td>\u2705 S\u00ec<\/td>\n<td>\u2705 S\u00ec<\/td>\n<td>\u2705 S\u00ec<\/td>\n<td>\u2705 S\u00ec<\/td>\n<td>\u2705 S\u00ec<\/td>\n<td>\u2705 S\u00ec<\/td>\n<\/tr>\n<tr>\n<td>Opzione chat di testo<\/td>\n<td>\u2705 S\u00ec<\/td>\n<td>\u2705 S\u00ec<\/td>\n<td>\u2705 S\u00ec<\/td>\n<td>\u2705 S\u00ec<\/td>\n<td>\u2705 S\u00ec<\/td>\n<td>\u2705 S\u00ec<\/td>\n<\/tr>\n<tr>\n<td>Registrazione richiesta<\/td>\n<td>\u274c No<\/td>\n<td>\u274c No<\/td>\n<td>\u274c No<\/td>\n<td>Opzionale<\/td>\n<td>Opzionale<\/td>\n<td>\u274c No<\/td>\n<\/tr>\n<tr>\n<td>Filtri (Genere\/Localizzazione)<\/td>\n<td>Non ancora<\/td>\n<td>\u274c No<\/td>\n<td>Limitato<\/td>\n<td>\u2705 S\u00ec<\/td>\n<td>\u2705 S\u00ec<\/td>\n<td>\u2705 S\u00ec<\/td>\n<\/tr>\n<tr>\n<td>Mobile Friendly<\/td>\n<td>\u2705 S\u00ec<\/td>\n<td>\u2705 S\u00ec<\/td>\n<td>\u2705 S\u00ec<\/td>\n<td>\u2705 S\u00ec<\/td>\n<td>\u2705 S\u00ec<\/td>\n<td>\u2705 S\u00ec<\/td>\n<\/tr>\n<tr>\n<td>Accesso libero<\/td>\n<td>Sempre<\/td>\n<td>Sempre<\/td>\n<td>Sempre<\/td>\n<td>\u2705 S\u00ec<\/td>\n<td>\u2705 S\u00ec<\/td>\n<td>\u2705 S\u00ec<\/td>\n<\/tr>\n<tr>\n<td>Anonimato<\/td>\n<td>Forte<\/td>\n<td>Forte<\/td>\n<td>Forte<\/td>\n<td>Moderato<\/td>\n<td>Moderato<\/td>\n<td>Moderato<\/td>\n<\/tr>\n<\/tbody>\n<\/table>\n<p>Sommario: Umingle combina la spontaneit\u00e0 di Omegle con la moderna stabilit\u00e0 e reattivit\u00e0 delle pi\u00f9 recenti tecnologie di video chat, rendendolo un forte concorrente nell'attuale mercato delle chat casuali.<\/p>\n<h2>Umingle \u00e8 sicuro?<\/h2>\n<p>La sicurezza \u00e8 una delle priorit\u00e0 di Umingle e, sebbene la piattaforma non richieda la registrazione, incoraggia un uso responsabile e fornisce diverse garanzie.<\/p>\n<h3>Caratteristiche di sicurezza integrate<\/h3>\n<ul>\n<li>Accesso anonimo - non vengono raccolti dati personali.<\/li>\n<li>Saltare o disconnettersi istantaneamente da qualsiasi chat.<\/li>\n<li>Sessioni temporanee: le conversazioni non vengono memorizzate.<\/li>\n<li>Moderazione della comunit\u00e0 per comportamento abusivo.<\/li>\n<\/ul>\n<h3>Consigli di sicurezza per gli utenti<\/h3>\n<ul>\n<li>Non condividete dati privati come nome e cognome, numero di telefono o indirizzo.<\/li>\n<li>Evitare di mostrare sfondi identificabili nei video.<\/li>\n<li>Chiudete qualsiasi conversazione che vi mette a disagio.<\/li>\n<li>Usate liberamente il pulsante \u201cAvanti\u201d: il vostro comfort viene prima di tutto.<\/li>\n<li>I genitori devono sorvegliare i minori che utilizzano piattaforme di chat casuali.<\/li>\n<li>Considerate l'utilizzo di una VPN per una maggiore privacy.<\/li>\n<\/ul>\n<p>Usato con saggezza, Umingle offre un ambiente sicuro e anonimo in cui gli utenti possono interagire liberamente e con fiducia.<\/p>\n<h2>Consigli per ottenere il massimo da Umingle<\/h2>\n<ul>\n<li>Siate aperti di mente: Le chat casuali funzionano meglio quando si \u00e8 curiosi e rilassati.<\/li>\n<li>Utilizzate una buona illuminazione: Rende il video pi\u00f9 coinvolgente e personale.<\/li>\n<li>Le cuffie aiutano: Migliorano la qualit\u00e0 del suono e riducono l'eco.<\/li>\n<li>Chattare nelle ore di punta: La sera e il fine settimana ci sono pi\u00f9 utenti online.<\/li>\n<li>Mantenete gli argomenti leggeri: l'umorismo, la musica e i viaggi sono ottimi rompighiaccio.<\/li>\n<li>Saltate quando \u00e8 necessario: Non tutte le conversazioni si attiveranno, e va bene cos\u00ec.<\/li>\n<\/ul>\n<p>Queste piccole modifiche possono migliorare notevolmente la vostra esperienza complessiva su Umingle.<\/p>\n<h2>Problemi e soluzioni comuni<\/h2>\n<h3>Problema: la fotocamera o il microfono non funzionano<\/h3>\n<ul>\n<li>Controllare le autorizzazioni del browser e consentire l'accesso.<\/li>\n<li>Riavviare il browser o il dispositivo.<\/li>\n<li>Chiudere le altre applicazioni che potrebbero utilizzare la webcam.<\/li>\n<\/ul>\n<h3>Problema: connessioni lente o interrotte<\/h3>\n<ul>\n<li>Passare a una connessione Wi-Fi stabile.<\/li>\n<li>Evitare i download o lo streaming in background.<\/li>\n<li>Provare con un altro browser (si consiglia Chrome o Edge).<\/li>\n<\/ul>\n<h3>Problema: pochi utenti online<\/h3>\n<ul>\n<li>Provate durante le ore di punta globali (sera\/fine settimana).<\/li>\n<li>Espandere la gamma di connessioni rimuovendo i filtri (se applicati).<\/li>\n<\/ul>\n<h3>Problema: Incontro con utenti non appropriati<\/h3>\n<ul>\n<li>Utilizzate immediatamente il pulsante di salto.<\/li>\n<li>Segnalare o bloccare quando disponibile.<\/li>\n<\/ul>\n<h2>Perch\u00e9 le persone scelgono Umingle<\/h2>\n<p>Le persone amano Umingle perch\u00e9 restituisce la magia della conversazione casuale, qualcosa che mancava dagli albori delle chat online.<\/p>\n<p>Lo scelgono per:<\/p>\n<ul>\n<li>Accesso libero e senza restrizioni.<\/li>\n<li>Nessuna registrazione - totale anonimato.<\/li>\n<li>Interfaccia semplice e pulita che funziona ovunque.<\/li>\n<li>Videochat fluida e di alta qualit\u00e0.<\/li>\n<li>Connessioni autentiche e umane in tempo reale.<\/li>\n<\/ul>\n<p>\u00c8 particolarmente popolare tra gli utenti che desiderano un'alternativa moderna e snella ai vecchi siti di chat casuali che sembrano disordinati o obsoleti.<\/p>\n<h2>Pensieri finali: Vale la pena usare Umingle?<\/h2>\n<p>Se siete alla ricerca di un'esperienza di chat casuale moderna, leggera e veramente gratuita, Umingle \u00e8 assolutamente da provare. Riunisce tutto ci\u00f2 che gli utenti amavano dei siti di chat classici - semplicit\u00e0, libert\u00e0 e imprevedibilit\u00e0 - ma con una tecnologia pi\u00f9 fluida e un'interfaccia pi\u00f9 pulita e mobile-friendly.<\/p>\n<p>Non \u00e8 sovraccarico di filtri o funzioni inutili, e questo \u00e8 il suo punto di forza. Umingle mantiene la purezza delle cose, concentrandosi su ci\u00f2 che conta davvero: incontrare persone, avere conversazioni e godersi il brivido dell'inaspettato.<\/p>\n<p>Se siete alla ricerca di:<\/p>\n<ul>\n<li>Chiacchiere veloci per passare il tempo,<\/li>\n<li>Interazioni globali divertenti o<\/li>\n<li>Collegamenti significativi e non pianificati...<\/li>\n<\/ul>\n<p>Umingle offre esattamente questo.<\/p>\n<p>In breve: Umingle \u00e8 una moderna piattaforma di video chat casuale che permette di entrare in contatto con gli sconosciuti senza alcuno sforzo. \u00c8 veloce, gratuita, anonima e disponibile ovunque: un modo nuovo, sicuro e divertente per incontrare nuove persone online.<\/p>","protected":false},"excerpt":{"rendered":"<p>The online chat world has changed dramatically over the years, but one thing remains constant \u2014 the desire to meet real people, instantly, from anywhere on the planet. Umingle captures that feeling perfectly. It\u2019s a sleek, modern random video chat platform built for spontaneity, simplicity, and real human connection. In a world where most social [&hellip;]<\/p>\n","protected":false},"author":6,"featured_media":0,"parent":0,"menu_order":0,"comment_status":"closed","ping_status":"closed","template":"","meta":{"footnotes":""},"class_list":["post-13570","page","type-page","status-publish","hentry"],"yoast_head":"<!-- This site is optimized with the Yoast SEO plugin v27.4 - https:\/\/yoast.com\/product\/yoast-seo-wordpress\/ -->\n<title>Umingle - Chat with Strangers - TinyChat.com<\/title>\n<meta name=\"description\" content=\"Enjoying Umingle? Join over 50,000,000 strangers on TinyChat! Turn on your cam and start meeting new people, or find a match.\" \/>\n<meta name=\"robots\" content=\"index, follow, max-snippet:-1, max-image-preview:large, max-video-preview:-1\" \/>\n<link rel=\"canonical\" href=\"https:\/\/tinychat.com\/it\/umingle\/\" \/>\n<meta property=\"og:locale\" content=\"it_IT\" \/>\n<meta property=\"og:type\" content=\"article\" \/>\n<meta property=\"og:title\" content=\"Umingle - Chat with Strangers - TinyChat.com\" \/>\n<meta property=\"og:description\" content=\"Enjoying Umingle? Join over 50,000,000 strangers on TinyChat! Turn on your cam and start meeting new people, or find a match.\" \/>\n<meta property=\"og:url\" content=\"https:\/\/tinychat.com\/it\/umingle\/\" \/>\n<meta property=\"og:site_name\" content=\"TinyChat\" \/>\n<meta property=\"article:publisher\" content=\"https:\/\/www.facebook.com\/tinychat\" \/>\n<meta property=\"og:image\" content=\"https:\/\/tinychat.com\/wp-content\/uploads\/2020\/04\/Tinychat-logo-1280x284-new-black.png\" \/>\n\t<meta property=\"og:image:width\" content=\"1280\" \/>\n\t<meta property=\"og:image:height\" content=\"284\" \/>\n\t<meta property=\"og:image:type\" content=\"image\/png\" \/>\n<meta name=\"twitter:card\" content=\"summary_large_image\" \/>\n<meta name=\"twitter:site\" content=\"@tinychat\" \/>\n<meta name=\"twitter:label1\" content=\"Tempo di lettura stimato\" \/>\n\t<meta name=\"twitter:data1\" content=\"6 minuti\" \/>\n<script type=\"application\/ld+json\" class=\"yoast-schema-graph\">{\"@context\":\"https:\\\/\\\/schema.org\",\"@graph\":[{\"@type\":\"WebPage\",\"@id\":\"https:\\\/\\\/tinychat.com\\\/umingle\\\/\",\"url\":\"https:\\\/\\\/tinychat.com\\\/umingle\\\/\",\"name\":\"Umingle - Chat with Strangers - TinyChat.com\",\"isPartOf\":{\"@id\":\"https:\\\/\\\/tinychat.com\\\/#website\"},\"datePublished\":\"2025-10-24T08:24:47+00:00\",\"description\":\"Enjoying Umingle? Join over 50,000,000 strangers on TinyChat! Turn on your cam and start meeting new people, or find a match.\",\"breadcrumb\":{\"@id\":\"https:\\\/\\\/tinychat.com\\\/umingle\\\/#breadcrumb\"},\"inLanguage\":\"it-IT\",\"potentialAction\":[{\"@type\":\"ReadAction\",\"target\":[\"https:\\\/\\\/tinychat.com\\\/umingle\\\/\"]}]},{\"@type\":\"BreadcrumbList\",\"@id\":\"https:\\\/\\\/tinychat.com\\\/umingle\\\/#breadcrumb\",\"itemListElement\":[{\"@type\":\"ListItem\",\"position\":1,\"name\":\"Home\",\"item\":\"https:\\\/\\\/tinychat.com\\\/\"},{\"@type\":\"ListItem\",\"position\":2,\"name\":\"Umingle\"}]},{\"@type\":\"WebSite\",\"@id\":\"https:\\\/\\\/tinychat.com\\\/#website\",\"url\":\"https:\\\/\\\/tinychat.com\\\/\",\"name\":\"TinyChat\",\"description\":\"Random Video Chat with Strangers\",\"publisher\":{\"@id\":\"https:\\\/\\\/tinychat.com\\\/#organization\"},\"alternateName\":\"TinyChat.com\",\"potentialAction\":[{\"@type\":\"SearchAction\",\"target\":{\"@type\":\"EntryPoint\",\"urlTemplate\":\"https:\\\/\\\/tinychat.com\\\/?s={search_term_string}\"},\"query-input\":{\"@type\":\"PropertyValueSpecification\",\"valueRequired\":true,\"valueName\":\"search_term_string\"}}],\"inLanguage\":\"it-IT\"},{\"@type\":\"Organization\",\"@id\":\"https:\\\/\\\/tinychat.com\\\/#organization\",\"name\":\"TinyChat\",\"alternateName\":\"TinyChat.com\",\"url\":\"https:\\\/\\\/tinychat.com\\\/\",\"logo\":{\"@type\":\"ImageObject\",\"inLanguage\":\"it-IT\",\"@id\":\"https:\\\/\\\/tinychat.com\\\/#\\\/schema\\\/logo\\\/image\\\/\",\"url\":\"https:\\\/\\\/tinychat.com\\\/wp-content\\\/uploads\\\/2023\\\/11\\\/Tinychat-icon-square.png\",\"contentUrl\":\"https:\\\/\\\/tinychat.com\\\/wp-content\\\/uploads\\\/2023\\\/11\\\/Tinychat-icon-square.png\",\"width\":284,\"height\":284,\"caption\":\"TinyChat\"},\"image\":{\"@id\":\"https:\\\/\\\/tinychat.com\\\/#\\\/schema\\\/logo\\\/image\\\/\"},\"sameAs\":[\"https:\\\/\\\/www.facebook.com\\\/tinychat\",\"https:\\\/\\\/x.com\\\/tinychat\"]}]}<\/script>\n<!-- \/ Yoast SEO plugin. -->","yoast_head_json":{"title":"Umingle - Chattare con gli sconosciuti - TinyChat.com","description":"Ti piace Umingle? Unisciti a oltre 50.000.000 di sconosciuti su TinyChat! Accendi la tua cam e inizia a conoscere nuove persone o a trovare un partner.","robots":{"index":"index","follow":"follow","max-snippet":"max-snippet:-1","max-image-preview":"max-image-preview:large","max-video-preview":"max-video-preview:-1"},"canonical":"https:\/\/tinychat.com\/it\/umingle\/","og_locale":"it_IT","og_type":"article","og_title":"Umingle - Chat with Strangers - TinyChat.com","og_description":"Enjoying Umingle? Join over 50,000,000 strangers on TinyChat! Turn on your cam and start meeting new people, or find a match.","og_url":"https:\/\/tinychat.com\/it\/umingle\/","og_site_name":"TinyChat","article_publisher":"https:\/\/www.facebook.com\/tinychat","og_image":[{"width":1280,"height":284,"url":"https:\/\/tinychat.com\/wp-content\/uploads\/2020\/04\/Tinychat-logo-1280x284-new-black.png","type":"image\/png"}],"twitter_card":"summary_large_image","twitter_site":"@tinychat","twitter_misc":{"Tempo di lettura stimato":"6 minuti"},"schema":{"@context":"https:\/\/schema.org","@graph":[{"@type":"WebPage","@id":"https:\/\/tinychat.com\/umingle\/","url":"https:\/\/tinychat.com\/umingle\/","name":"Umingle - Chattare con gli sconosciuti - TinyChat.com","isPartOf":{"@id":"https:\/\/tinychat.com\/#website"},"datePublished":"2025-10-24T08:24:47+00:00","description":"Ti piace Umingle? Unisciti a oltre 50.000.000 di sconosciuti su TinyChat! Accendi la tua cam e inizia a conoscere nuove persone o a trovare un partner.","breadcrumb":{"@id":"https:\/\/tinychat.com\/umingle\/#breadcrumb"},"inLanguage":"it-IT","potentialAction":[{"@type":"ReadAction","target":["https:\/\/tinychat.com\/umingle\/"]}]},{"@type":"BreadcrumbList","@id":"https:\/\/tinychat.com\/umingle\/#breadcrumb","itemListElement":[{"@type":"ListItem","position":1,"name":"Home","item":"https:\/\/tinychat.com\/"},{"@type":"ListItem","position":2,"name":"Umingle"}]},{"@type":"WebSite","@id":"https:\/\/tinychat.com\/#website","url":"https:\/\/tinychat.com\/","name":"TinyChat","description":"Videochat casuale con sconosciuti","publisher":{"@id":"https:\/\/tinychat.com\/#organization"},"alternateName":"TinyChat.com","potentialAction":[{"@type":"SearchAction","target":{"@type":"EntryPoint","urlTemplate":"https:\/\/tinychat.com\/?s={search_term_string}"},"query-input":{"@type":"PropertyValueSpecification","valueRequired":true,"valueName":"search_term_string"}}],"inLanguage":"it-IT"},{"@type":"Organization","@id":"https:\/\/tinychat.com\/#organization","name":"TinyChat","alternateName":"TinyChat.com","url":"https:\/\/tinychat.com\/","logo":{"@type":"ImageObject","inLanguage":"it-IT","@id":"https:\/\/tinychat.com\/#\/schema\/logo\/image\/","url":"https:\/\/tinychat.com\/wp-content\/uploads\/2023\/11\/Tinychat-icon-square.png","contentUrl":"https:\/\/tinychat.com\/wp-content\/uploads\/2023\/11\/Tinychat-icon-square.png","width":284,"height":284,"caption":"TinyChat"},"image":{"@id":"https:\/\/tinychat.com\/#\/schema\/logo\/image\/"},"sameAs":["https:\/\/www.facebook.com\/tinychat","https:\/\/x.com\/tinychat"]}]}},"_links":{"self":[{"href":"https:\/\/tinychat.com\/it\/wp-json\/wp\/v2\/pages\/13570","targetHints":{"allow":["GET"]}}],"collection":[{"href":"https:\/\/tinychat.com\/it\/wp-json\/wp\/v2\/pages"}],"about":[{"href":"https:\/\/tinychat.com\/it\/wp-json\/wp\/v2\/types\/page"}],"author":[{"embeddable":true,"href":"https:\/\/tinychat.com\/it\/wp-json\/wp\/v2\/users\/6"}],"replies":[{"embeddable":true,"href":"https:\/\/tinychat.com\/it\/wp-json\/wp\/v2\/comments?post=13570"}],"version-history":[{"count":1,"href":"https:\/\/tinychat.com\/it\/wp-json\/wp\/v2\/pages\/13570\/revisions"}],"predecessor-version":[{"id":13571,"href":"https:\/\/tinychat.com\/it\/wp-json\/wp\/v2\/pages\/13570\/revisions\/13571"}],"wp:attachment":[{"href":"https:\/\/tinychat.com\/it\/wp-json\/wp\/v2\/media?parent=13570"}],"curies":[{"name":"wp","href":"https:\/\/api.w.org\/{rel}","templated":true}]}}