{"id":3158,"date":"2025-05-09T21:11:08","date_gmt":"2025-05-09T19:11:08","guid":{"rendered":"https:\/\/tinychat.com\/?page_id=3158"},"modified":"2025-06-28T15:55:44","modified_gmt":"2025-06-28T13:55:44","slug":"strangercam","status":"publish","type":"page","link":"https:\/\/tinychat.com\/it\/strangercam\/","title":{"rendered":"StrangerCam"},"content":{"rendered":"<p>StrangerCam si presenta come una piattaforma interessante per chi cerca chat video istantanee e anonime con persone di tutto il mondo. A prima vista pu\u00f2 sembrare un sito di video chat a caso, ma entrando nello spazio virtuale di StrangerCam si scopre un'esperienza facile da usare, progettata con cura, che unisce semplicit\u00e0, eccitazione e privacy.<\/p>\n<p>StrangerCam si rivolge sia ai curiosi alle prime armi sia ai chiacchieroni esperti, offrendo un ambiente digitale in cui le conversazioni spontanee e le interazioni umane genuine si svolgono con un solo clic. Che si tratti di passare il tempo, condividere una risata o conoscere culture diverse, StrangerCam trasforma gli incontri casuali in momenti memorabili.<\/p>\n<p>Con un modello che non richiede registrazione, StrangerCam offre una politica di porte aperte al mondo delle chat video casuali, sottolineando la sicurezza dell'utente, l'anonimato e un'interfaccia pulita. La piattaforma si basa tanto sulla connessione quanto sul comfort, consentendo agli utenti di chattare liberamente senza l'onere di impegnarsi o di rivelare informazioni personali.<\/p>\n<h2>Caratteristiche principali di StrangerCam<\/h2>\n<p>Il fascino di StrangerCam non risiede solo in ci\u00f2 che promette: conversazioni video in tempo reale con persone sconosciute, ma anche nel modo in cui offre questa esperienza attraverso funzioni intuitive e ponderate. Ecco una panoramica di ci\u00f2 che distingue StrangerCam in un mercato affollato di piattaforme di chat.<\/p>\n<h3>Random Video Chat con Sconosciuti<\/h3>\n<p>Il cuore di StrangerCam \u00e8 la sua funzionalit\u00e0 principale: le chat video casuali istantanee. Con un semplice clic, gli utenti vengono abbinati a una persona in qualsiasi parte del mondo. Queste interazioni sono effimere, non programmate e spontanee: proprio come conversare con uno sconosciuto in un caff\u00e8, ma con la portata globale di Internet.<\/p>\n<p>Ogni sessione ha un potenziale di sorpresa, rendendo ogni clic un salto nell'ignoto. \u00c8 l'equivalente digitale di un'avventura sociale, ed \u00e8 disponibile 24 ore su 24, 7 giorni su 7.<\/p>\n<h3>Anonimato e protezione della privacy<\/h3>\n<p>StrangerCam \u00e8 consapevole che la privacy non \u00e8 negoziabile nel regno della video chat. Agli utenti non \u00e8 richiesto di iscriversi, creare profili o fornire informazioni personali. L'utente rimane 100% anonimo a meno che non scelga di rivelare qualcosa durante l'interazione.<\/p>\n<p>Inoltre, StrangerCam non memorizza le conversazioni o i video. Ogni interazione \u00e8 in diretta ed effimera, consentendo di non lasciare alcuna impronta digitale. Questo impegno per la discrezione degli utenti \u00e8 un valore fondamentale della piattaforma.<\/p>\n<h3>Nessuna registrazione, nessun download<\/h3>\n<p>L'accessibilit\u00e0 \u00e8 fondamentale e StrangerCam elimina il pi\u00f9 possibile le barriere all'ingresso. La piattaforma \u00e8 basata su browser, il che significa che si pu\u00f2 iniziare a chattare direttamente dal telefono, dal tablet o dal desktop senza scaricare nulla.<\/p>\n<p>Questo modello senza login e senza installazione garantisce che chiunque, indipendentemente dalle competenze tecniche, possa partecipare con facilit\u00e0. \u00c8 semplice aprire una pagina web, fare clic su \"Start\" e connettersi.<\/p>\n<h3>Filtro di genere (funzione premium)<\/h3>\n<p>Per gli utenti che cercano esperienze pi\u00f9 personalizzate, StrangerCam offre un filtro di genere che consente di scegliere il sesso delle persone con cui si desidera essere abbinati. Sebbene questa funzione sia vincolata a un aggiornamento premium, offre agli utenti paganti un maggiore controllo sulle loro interazioni.<\/p>\n<p>Questo pu\u00f2 essere particolarmente utile per chi ha intenzioni specifiche, siano esse romantiche, amichevoli o di pura conversazione.<\/p>\n<h3>Ricollegamento istantaneo<\/h3>\n<p>StrangerCam offre una funzione \"Reconnect\" che d\u00e0 agli utenti la possibilit\u00e0 di rientrare in una chat dalla quale si sono disconnessi troppo presto. Questa funzione \u00e8 particolarmente utile se una conversazione significativa \u00e8 stata interrotta a causa di un intoppo tecnico o di un clic accidentale.<\/p>\n<p>In un mondo digitale in cui i momenti possono essere fugaci, StrangerCam aggiunge un tocco di permanenza alle connessioni serendipiche.<\/p>\n<h3>Opzioni di lingua e posizione<\/h3>\n<p>Per aiutare a colmare il divario culturale o a trovare utenti pi\u00f9 vicini a casa, StrangerCam offre filtri basati sulla posizione e opzioni linguistiche. Questi strumenti aiutano gli utenti a connettersi con persone che parlano la stessa lingua o che vivono in fusi orari simili, rendendo le conversazioni pi\u00f9 fluide e relazionabili.<\/p>\n<h3>Strumenti di moderazione e segnalazione degli utenti<\/h3>\n<p>La sicurezza \u00e8 un elemento fondamentale dell'esperienza di StrangerCam. La piattaforma mantiene un rigoroso codice di condotta e consente agli utenti di segnalare comportamenti inappropriati in modo semplice e veloce. Gli utenti che si comportano in modo scorretto possono essere segnalati, silenziati o banditi a seconda della gravit\u00e0 del loro comportamento.<\/p>\n<p>I moderatori esaminano le segnalazioni degli utenti e il sistema viene continuamente migliorato in base al loro feedback. Il risultato \u00e8 una comunit\u00e0 che d\u00e0 valore al rispetto, alla tolleranza e alla sicurezza.<\/p>\n<h2>Come utilizzare StrangerCam<\/h2>\n<p>Iniziare a utilizzare StrangerCam \u00e8 stato progettato per essere il pi\u00f9 semplice e intuitivo possibile. Che si tratti di un utente alle prime armi o di un frequentatore abituale, il processo \u00e8 rapido e senza attriti. Ecco una guida rapida per utilizzare la piattaforma in modo efficace.<\/p>\n<h3>1. Visitare il sito web<\/h3>\n<p>Vai a <a href=\"https:\/\/strangercam.com\">StrangerCam<\/a> utilizzando qualsiasi browser moderno. Non c'\u00e8 bisogno di registrarsi o accedere: basta atterrare sulla homepage e si \u00e8 pronti a partire.<\/p>\n<h3>2. Abilitare la fotocamera e il microfono<\/h3>\n<p>Quando richiesto, consentire a StrangerCam di accedere alla webcam e al microfono. Questi sono essenziali per l'esperienza di video chat. Per ottenere i migliori risultati, assicuratevi di trovarvi in uno spazio ben illuminato e tranquillo.<\/p>\n<h3>3. Fare clic su \"Avvio\".<\/h3>\n<p>Fare clic sul pulsante \"Inizia\" per iniziare il viaggio. Verrete immediatamente abbinati a uno sconosciuto a caso. Da l\u00ec in poi, tutto dipende dalla chimica della conversazione.<\/p>\n<h3>4. Usare \"Avanti\" per saltare<\/h3>\n<p>Non siete in sintonia con qualcuno? Basta cliccare su \"Avanti\" per essere abbinati a un altro utente. StrangerCam si basa sull'idea della rotazione rapida, dandovi la libert\u00e0 di continuare a cercare finch\u00e9 non trovate qualcuno di interessante.<\/p>\n<h3>5. Esplora filtri (Premium)<\/h3>\n<p>Se si \u00e8 passati alla versione premium, \u00e8 possibile impostare preferenze di genere e di luogo per restringere i potenziali partner di chat. Questa funzione aggiunge un livello di personalizzazione alla vostra esperienza.<\/p>\n<h3>6. Segnalare o bloccare se necessario<\/h3>\n<p>Se si riscontrano contenuti o comportamenti inappropriati, fare clic sui pulsanti di segnalazione o blocco. In questo modo si avvisa il team di moderazione e si garantisce che la comunit\u00e0 rimanga sicura per tutti.<\/p>\n<h2>Sicurezza e privacy degli utenti su StrangerCam<\/h2>\n<p>StrangerCam riconosce che il comfort e la fiducia sono le basi di una fiorente comunit\u00e0 online. Ecco perch\u00e9 ha implementato diversi livelli di protezione per garantire che l'utente abbia sempre il controllo della propria esperienza.<\/p>\n<h3>Moderazione in tempo reale<\/h3>\n<p>Un team di moderatori dedicati lavora dietro le quinte per monitorare i contenuti segnalati, indagare sulle segnalazioni e rimuovere gli utenti scorretti. Questi moderatori aiutano a far rispettare le linee guida della comunit\u00e0 e a mantenere un ambiente rispettoso.<\/p>\n<h3>Chat anonima<\/h3>\n<p>StrangerCam non richiede informazioni personali, garantendo una chat completamente anonima. Non c'\u00e8 un profilo, non c'\u00e8 una cronologia degli utenti e non ci sono archivi di chat. Avete il controllo di ci\u00f2 che condividete e quando.<\/p>\n<h3>Sicurezza della connessione end-to-end<\/h3>\n<p>La piattaforma utilizza connessioni sicure e criptate per proteggere i dati in transito. Ci\u00f2 significa che i feed video e audio non vengono intercettati o memorizzati, preservando sia la privacy che le prestazioni.<\/p>\n<h3>Responsabilizzare l'utente<\/h3>\n<p>L'utente \u00e8 incoraggiato a prendere il pieno controllo della propria esperienza. StrangerCam fornisce strumenti accessibili per saltare, segnalare o bloccare gli utenti, garantendo che nessuno sia costretto a rimanere in un'interazione scomoda.<\/p>\n<h2>Esperienza utente su StrangerCam<\/h2>\n<p>Il design di StrangerCam mette al primo posto l'utente. Dall'interfaccia minimalista ai tempi di caricamento rapidi e alle funzioni semplici, ogni elemento dell'esperienza \u00e8 finalizzato a un coinvolgimento senza sforzo.<\/p>\n<h3>Interfaccia pulita e intuitiva<\/h3>\n<p>Non ci sono pop-up, menu disordinati o elementi di design opprimenti. L'interfaccia \u00e8 pulita e porta l'attenzione sull'esperienza principale: la finestra di chat video.<\/p>\n<h3>Sistema di abbinamento rapido<\/h3>\n<p>L'abbinamento avviene in pochi secondi. Sia che ci si connetta da un dispositivo desktop o mobile, i server di StrangerCam sono ottimizzati per garantire lag minimi e tempi di attesa ridotti.<\/p>\n<h3>Design compatibile con i dispositivi mobili<\/h3>\n<p>StrangerCam \u00e8 completamente reattiva e funziona senza problemi su smartphone e tablet. Ci\u00f2 consente agli utenti di connettersi in movimento, ampliando ulteriormente il suo fascino e la sua flessibilit\u00e0.<\/p>\n<h3>Feedback degli utenti reali<\/h3>\n<blockquote><p>\"Quello che mi piace di StrangerCam \u00e8 che posso entrare ogni volta che ho voglia di chattare. Non c'\u00e8 pressione ed \u00e8 divertente vedere chi incontrer\u00f2\".<br \/>\n- <em>Sophia R., Trustpilot<\/em><\/p><\/blockquote>\n<blockquote><p>\"\u00c8 sorprendentemente pulito e veloce. Non \u00e8 pieno di bot o di cose strane come altri\".<br \/>\n- <em>Kenny M., recensione Google<\/em><\/p><\/blockquote>\n<blockquote><p>\"StrangerCam mi ha aiutato a conoscere persone durante l'isolamento e ogni tanto ci faccio ancora un salto. La casualit\u00e0 crea dipendenza\".<br \/>\n- <em>Juli\u00e1n T., Reddit<\/em><\/p><\/blockquote>\n<h2>StrangerCam vs. Altre piattaforme di video chat<\/h2>\n<p>Confrontiamo StrangerCam con alcuni dei suoi principali concorrenti per vedere come si posiziona:<\/p>\n<table>\n<thead>\n<tr>\n<th>Piattaforma<\/th>\n<th>Registrazione richiesta<\/th>\n<th>Giochi<\/th>\n<th>Anonimato<\/th>\n<th>Filtri di genere<\/th>\n<th>Mobile Friendly<\/th>\n<th>Strumenti di sicurezza<\/th>\n<\/tr>\n<\/thead>\n<tbody>\n<tr>\n<td>StrangerCam<\/td>\n<td>\u274c No<\/td>\n<td>\u274c No<\/td>\n<td>\u2705 S\u00ec<\/td>\n<td>\u2705 Premium<\/td>\n<td>\u2705 S\u00ec<\/td>\n<td>\u2705 S\u00ec<\/td>\n<\/tr>\n<tr>\n<td>Omegle<\/td>\n<td>\u274c No<\/td>\n<td>\u274c No<\/td>\n<td>\u2705 S\u00ec<\/td>\n<td>\u274c No<\/td>\n<td>\u2705 S\u00ec<\/td>\n<td>\u274c Base<\/td>\n<\/tr>\n<tr>\n<td>Chatroulette<\/td>\n<td>\u274c No<\/td>\n<td>\u274c No<\/td>\n<td>\u2705 S\u00ec<\/td>\n<td>\u274c No<\/td>\n<td>\u2705 S\u00ec<\/td>\n<td>\u26a0\ufe0f Limited<\/td>\n<\/tr>\n<tr>\n<td>Camsurf<\/td>\n<td>\u274c No<\/td>\n<td>\u274c No<\/td>\n<td>\u2705 S\u00ec<\/td>\n<td>\u2705 S\u00ec<\/td>\n<td>\u2705 S\u00ec<\/td>\n<td>Buono<\/td>\n<\/tr>\n<tr>\n<td>Emerald Chat<\/td>\n<td>\u2705 S\u00ec<\/td>\n<td>\u2705 S\u00ec<\/td>\n<td>Parziale<\/td>\n<td>\u2705 S\u00ec<\/td>\n<td>\u2705 S\u00ec<\/td>\n<td>Forte<\/td>\n<\/tr>\n<\/tbody>\n<\/table>\n<p>StrangerCam compete bene in termini di accessibilit\u00e0, semplicit\u00e0 e privacy, e ci\u00f2 lo rende una scelta preferibile per gli utenti che apprezzano le chat rapide e anonime senza distrazioni. Pur mancando di giochi in-app, compensa con prestazioni e usabilit\u00e0.<\/p>\n<h2>Suggerimenti per utilizzare StrangerCam in modo sicuro<\/h2>\n<p>Sebbene StrangerCam dia priorit\u00e0 alla vostra sicurezza, anche le vostre abitudini giocano un ruolo importante. Ecco alcuni consigli essenziali:<\/p>\n<ul>\n<li>Rimanere anonimi. Non condividete mai il vostro nome e cognome, l'indirizzo, il numero di telefono o altri dati identificabili.<\/li>\n<li>Fidatevi del vostro istinto. Se qualcosa non vi convince, fate clic su \"Avanti\" o segnalate l'utente.<\/li>\n<li>Mantenere il rispetto. Seguite le linee guida della comunit\u00e0 per contribuire a un'esperienza migliore per tutti.<\/li>\n<li>Usate le cuffie. Migliorano la chiarezza dell'audio e aiutano a mantenere la privacy negli spazi condivisi.<\/li>\n<li>Siate pronti per la videocamera. Una stanza ben illuminata e uno sfondo neutro migliorano la qualit\u00e0 del video e aiutano a creare un rapporto.<\/li>\n<li>Se necessario, utilizzate una VPN. Per una maggiore sicurezza, considerate la possibilit\u00e0 di mascherare la vostra posizione con una rete privata virtuale.<\/li>\n<\/ul>\n<h2>Risoluzione dei problemi comuni<\/h2>\n<p>Anche su una piattaforma fluida come StrangerCam possono sorgere piccoli problemi. Ecco come risolverli:<\/p>\n<h3>La telecamera o il microfono non vengono rilevati<\/h3>\n<ul>\n<li>Assicurarsi che le autorizzazioni siano abilitate nelle impostazioni del browser. Se necessario, riavviare il dispositivo.<\/li>\n<\/ul>\n<h3>Scarsa qualit\u00e0 video o audio<\/h3>\n<ul>\n<li>Chiudete le applicazioni in background, passate a una connessione Internet pi\u00f9 potente e utilizzate un microfono o una fotocamera esterna, se possibile.<\/li>\n<\/ul>\n<h3>Impossibile connettersi a StrangerCam<\/h3>\n<ul>\n<li>Provate un altro browser o cancellate la cache e i cookie. Considerate l'utilizzo di una VPN se \u00e8 bloccata dalla vostra rete.<\/li>\n<\/ul>\n<h3>Abbinamento ripetuto con gli stessi utenti<\/h3>\n<ul>\n<li>Ampliate le impostazioni di localizzazione o visitate il sito durante le ore di maggior traffico.<\/li>\n<\/ul>\n<h3>Comportamento inappropriato<\/h3>\n<ul>\n<li>Utilizzare immediatamente le funzioni di segnalazione e blocco. \u00c8 inoltre possibile aggiornare la sessione per ripristinare la cronologia delle partite.<\/li>\n<\/ul>\n<p>StrangerCam riesce dove molte piattaforme di chat casuali falliscono: trova un equilibrio tra semplicit\u00e0, privacy e connessione genuina. Non ci sono campane e fischietti, ma solo un ambiente pulito, veloce e sicuro in cui gli utenti possono esplorare le conversazioni con sconosciuti da ogni angolo del mondo.<\/p>\n<p>Grazie a funzioni intelligenti come l'accoppiamento istantaneo dei video, le chat anonime, i filtri di genere e la moderazione in tempo reale, StrangerCam offre una piattaforma moderna che d\u00e0 agli utenti il controllo. Che si tratti di passare il tempo, di fare amicizia o semplicemente di godersi qualche battuta spontanea, StrangerCam offre un'esperienza piacevole e senza interruzioni.<\/p>\n<p>Quindi visitate StrangerCam, cliccate su \"Inizia\" e scoprite chi incontrerete la prossima volta. Perch\u00e9 in un mondo pieno di sconosciuti, a volte basta una semplice conversazione per rallegrare la giornata.<\/p>","protected":false},"excerpt":{"rendered":"<p>StrangerCam emerges as a compelling platform for those seeking instant, anonymous video chats with people from around the globe. At first glance, it may seem like just another random video chat site, but stepping into StrangerCam\u2019s virtual space reveals a user-friendly, thoughtfully designed experience that blends simplicity, excitement, and privacy. StrangerCam caters to both the [&hellip;]<\/p>\n","protected":false},"author":6,"featured_media":0,"parent":0,"menu_order":0,"comment_status":"closed","ping_status":"closed","template":"","meta":{"footnotes":""},"class_list":["post-3158","page","type-page","status-publish","hentry"],"yoast_head":"<!-- This site is optimized with the Yoast SEO plugin v27.4 - https:\/\/yoast.com\/product\/yoast-seo-wordpress\/ -->\n<title>StrangerCam - Chat with Strangers on Cam - TinyChat.com<\/title>\n<meta name=\"description\" content=\"Enjoying StrangerCam? Join over 50,000,000 strangers on TinyChat! Turn on your cam and start meeting new people, or find a match.\" \/>\n<meta name=\"robots\" content=\"index, follow, max-snippet:-1, max-image-preview:large, max-video-preview:-1\" \/>\n<link rel=\"canonical\" href=\"https:\/\/tinychat.com\/it\/strangercam\/\" \/>\n<meta property=\"og:locale\" content=\"it_IT\" \/>\n<meta property=\"og:type\" content=\"article\" \/>\n<meta property=\"og:title\" content=\"StrangerCam - Chat with Strangers on Cam - TinyChat.com\" \/>\n<meta property=\"og:description\" content=\"Enjoying StrangerCam? Join over 50,000,000 strangers on TinyChat! Turn on your cam and start meeting new people, or find a match.\" \/>\n<meta property=\"og:url\" content=\"https:\/\/tinychat.com\/it\/strangercam\/\" \/>\n<meta property=\"og:site_name\" content=\"TinyChat\" \/>\n<meta property=\"article:publisher\" content=\"https:\/\/www.facebook.com\/tinychat\" \/>\n<meta property=\"article:modified_time\" content=\"2025-06-28T13:55:44+00:00\" \/>\n<meta property=\"og:image\" content=\"https:\/\/tinychat.com\/wp-content\/uploads\/2020\/04\/Tinychat-logo-1280x284-new-black.png\" \/>\n\t<meta property=\"og:image:width\" content=\"1280\" \/>\n\t<meta property=\"og:image:height\" content=\"284\" \/>\n\t<meta property=\"og:image:type\" content=\"image\/png\" \/>\n<meta name=\"twitter:card\" content=\"summary_large_image\" \/>\n<meta name=\"twitter:site\" content=\"@tinychat\" \/>\n<meta name=\"twitter:label1\" content=\"Tempo di lettura stimato\" \/>\n\t<meta name=\"twitter:data1\" content=\"8 minuti\" \/>\n<script type=\"application\/ld+json\" class=\"yoast-schema-graph\">{\"@context\":\"https:\\\/\\\/schema.org\",\"@graph\":[{\"@type\":\"WebPage\",\"@id\":\"https:\\\/\\\/tinychat.com\\\/strangercam\\\/\",\"url\":\"https:\\\/\\\/tinychat.com\\\/strangercam\\\/\",\"name\":\"StrangerCam - Chat with Strangers on Cam - TinyChat.com\",\"isPartOf\":{\"@id\":\"https:\\\/\\\/tinychat.com\\\/#website\"},\"datePublished\":\"2025-05-09T19:11:08+00:00\",\"dateModified\":\"2025-06-28T13:55:44+00:00\",\"description\":\"Enjoying StrangerCam? Join over 50,000,000 strangers on TinyChat! Turn on your cam and start meeting new people, or find a match.\",\"breadcrumb\":{\"@id\":\"https:\\\/\\\/tinychat.com\\\/strangercam\\\/#breadcrumb\"},\"inLanguage\":\"it-IT\",\"potentialAction\":[{\"@type\":\"ReadAction\",\"target\":[\"https:\\\/\\\/tinychat.com\\\/strangercam\\\/\"]}]},{\"@type\":\"BreadcrumbList\",\"@id\":\"https:\\\/\\\/tinychat.com\\\/strangercam\\\/#breadcrumb\",\"itemListElement\":[{\"@type\":\"ListItem\",\"position\":1,\"name\":\"Home\",\"item\":\"https:\\\/\\\/tinychat.com\\\/\"},{\"@type\":\"ListItem\",\"position\":2,\"name\":\"StrangerCam\"}]},{\"@type\":\"WebSite\",\"@id\":\"https:\\\/\\\/tinychat.com\\\/#website\",\"url\":\"https:\\\/\\\/tinychat.com\\\/\",\"name\":\"TinyChat\",\"description\":\"Random Video Chat with Strangers\",\"publisher\":{\"@id\":\"https:\\\/\\\/tinychat.com\\\/#organization\"},\"alternateName\":\"TinyChat.com\",\"potentialAction\":[{\"@type\":\"SearchAction\",\"target\":{\"@type\":\"EntryPoint\",\"urlTemplate\":\"https:\\\/\\\/tinychat.com\\\/?s={search_term_string}\"},\"query-input\":{\"@type\":\"PropertyValueSpecification\",\"valueRequired\":true,\"valueName\":\"search_term_string\"}}],\"inLanguage\":\"it-IT\"},{\"@type\":\"Organization\",\"@id\":\"https:\\\/\\\/tinychat.com\\\/#organization\",\"name\":\"TinyChat\",\"alternateName\":\"TinyChat.com\",\"url\":\"https:\\\/\\\/tinychat.com\\\/\",\"logo\":{\"@type\":\"ImageObject\",\"inLanguage\":\"it-IT\",\"@id\":\"https:\\\/\\\/tinychat.com\\\/#\\\/schema\\\/logo\\\/image\\\/\",\"url\":\"https:\\\/\\\/tinychat.com\\\/wp-content\\\/uploads\\\/2023\\\/11\\\/Tinychat-icon-square.png\",\"contentUrl\":\"https:\\\/\\\/tinychat.com\\\/wp-content\\\/uploads\\\/2023\\\/11\\\/Tinychat-icon-square.png\",\"width\":284,\"height\":284,\"caption\":\"TinyChat\"},\"image\":{\"@id\":\"https:\\\/\\\/tinychat.com\\\/#\\\/schema\\\/logo\\\/image\\\/\"},\"sameAs\":[\"https:\\\/\\\/www.facebook.com\\\/tinychat\",\"https:\\\/\\\/x.com\\\/tinychat\"]}]}<\/script>\n<!-- \/ Yoast SEO plugin. -->","yoast_head_json":{"title":"StrangerCam - Chatta con sconosciuti in cam - TinyChat.com","description":"Ti piace StrangerCam? Unisciti a oltre 50.000.000 di sconosciuti su TinyChat! Accendi la tua cam e inizia a conoscere nuove persone o a trovare un partner.","robots":{"index":"index","follow":"follow","max-snippet":"max-snippet:-1","max-image-preview":"max-image-preview:large","max-video-preview":"max-video-preview:-1"},"canonical":"https:\/\/tinychat.com\/it\/strangercam\/","og_locale":"it_IT","og_type":"article","og_title":"StrangerCam - Chat with Strangers on Cam - TinyChat.com","og_description":"Enjoying StrangerCam? Join over 50,000,000 strangers on TinyChat! Turn on your cam and start meeting new people, or find a match.","og_url":"https:\/\/tinychat.com\/it\/strangercam\/","og_site_name":"TinyChat","article_publisher":"https:\/\/www.facebook.com\/tinychat","article_modified_time":"2025-06-28T13:55:44+00:00","og_image":[{"width":1280,"height":284,"url":"https:\/\/tinychat.com\/wp-content\/uploads\/2020\/04\/Tinychat-logo-1280x284-new-black.png","type":"image\/png"}],"twitter_card":"summary_large_image","twitter_site":"@tinychat","twitter_misc":{"Tempo di lettura stimato":"8 minuti"},"schema":{"@context":"https:\/\/schema.org","@graph":[{"@type":"WebPage","@id":"https:\/\/tinychat.com\/strangercam\/","url":"https:\/\/tinychat.com\/strangercam\/","name":"StrangerCam - Chatta con sconosciuti in cam - TinyChat.com","isPartOf":{"@id":"https:\/\/tinychat.com\/#website"},"datePublished":"2025-05-09T19:11:08+00:00","dateModified":"2025-06-28T13:55:44+00:00","description":"Ti piace StrangerCam? Unisciti a oltre 50.000.000 di sconosciuti su TinyChat! Accendi la tua cam e inizia a conoscere nuove persone o a trovare un partner.","breadcrumb":{"@id":"https:\/\/tinychat.com\/strangercam\/#breadcrumb"},"inLanguage":"it-IT","potentialAction":[{"@type":"ReadAction","target":["https:\/\/tinychat.com\/strangercam\/"]}]},{"@type":"BreadcrumbList","@id":"https:\/\/tinychat.com\/strangercam\/#breadcrumb","itemListElement":[{"@type":"ListItem","position":1,"name":"Home","item":"https:\/\/tinychat.com\/"},{"@type":"ListItem","position":2,"name":"StrangerCam"}]},{"@type":"WebSite","@id":"https:\/\/tinychat.com\/#website","url":"https:\/\/tinychat.com\/","name":"TinyChat","description":"Videochat casuale con sconosciuti","publisher":{"@id":"https:\/\/tinychat.com\/#organization"},"alternateName":"TinyChat.com","potentialAction":[{"@type":"SearchAction","target":{"@type":"EntryPoint","urlTemplate":"https:\/\/tinychat.com\/?s={search_term_string}"},"query-input":{"@type":"PropertyValueSpecification","valueRequired":true,"valueName":"search_term_string"}}],"inLanguage":"it-IT"},{"@type":"Organization","@id":"https:\/\/tinychat.com\/#organization","name":"TinyChat","alternateName":"TinyChat.com","url":"https:\/\/tinychat.com\/","logo":{"@type":"ImageObject","inLanguage":"it-IT","@id":"https:\/\/tinychat.com\/#\/schema\/logo\/image\/","url":"https:\/\/tinychat.com\/wp-content\/uploads\/2023\/11\/Tinychat-icon-square.png","contentUrl":"https:\/\/tinychat.com\/wp-content\/uploads\/2023\/11\/Tinychat-icon-square.png","width":284,"height":284,"caption":"TinyChat"},"image":{"@id":"https:\/\/tinychat.com\/#\/schema\/logo\/image\/"},"sameAs":["https:\/\/www.facebook.com\/tinychat","https:\/\/x.com\/tinychat"]}]}},"_links":{"self":[{"href":"https:\/\/tinychat.com\/it\/wp-json\/wp\/v2\/pages\/3158","targetHints":{"allow":["GET"]}}],"collection":[{"href":"https:\/\/tinychat.com\/it\/wp-json\/wp\/v2\/pages"}],"about":[{"href":"https:\/\/tinychat.com\/it\/wp-json\/wp\/v2\/types\/page"}],"author":[{"embeddable":true,"href":"https:\/\/tinychat.com\/it\/wp-json\/wp\/v2\/users\/6"}],"replies":[{"embeddable":true,"href":"https:\/\/tinychat.com\/it\/wp-json\/wp\/v2\/comments?post=3158"}],"version-history":[{"count":5,"href":"https:\/\/tinychat.com\/it\/wp-json\/wp\/v2\/pages\/3158\/revisions"}],"predecessor-version":[{"id":13284,"href":"https:\/\/tinychat.com\/it\/wp-json\/wp\/v2\/pages\/3158\/revisions\/13284"}],"wp:attachment":[{"href":"https:\/\/tinychat.com\/it\/wp-json\/wp\/v2\/media?parent=3158"}],"curies":[{"name":"wp","href":"https:\/\/api.w.org\/{rel}","templated":true}]}}