{"id":3171,"date":"2025-10-21T11:14:34","date_gmt":"2025-10-21T09:14:34","guid":{"rendered":"https:\/\/tinychat.com\/?page_id=3171"},"modified":"2025-10-21T13:21:20","modified_gmt":"2025-10-21T11:21:20","slug":"chatblink","status":"publish","type":"page","link":"https:\/\/tinychat.com\/it\/chatblink\/","title":{"rendered":"ChatBlink"},"content":{"rendered":"<p>Nel mondo digitale di oggi, dove molte app si affidano a filtri, follower e paywall, ChatBlink si distingue per la semplicit\u00e0 delle cose. \u00c8 una piattaforma di chat casuale, facile e gratuita, che mette in contatto le persone all'istante, senza registrazione, senza download e senza problemi. Che siate alla ricerca di una chat veloce, di un nuovo amico o di una conversazione video spontanea con qualcuno dall'altra parte del mondo, ChatBlink offre un modo diretto e divertente per entrare in contatto.<\/p>\n<p>Costruito intorno al concetto di anonimato e spontaneit\u00e0, ChatBlink fonde il meglio della chat video casuale e della classica interazione testuale. Fa parte di una nuova ondata di piattaforme che mantengono l'esperienza sociale online aperta, umana e divertente, proprio come lo era Omegle, ma con una tecnologia pi\u00f9 fluida e un design pi\u00f9 pulito.<\/p>\n<p>Questa recensione approfondita illustra cos'\u00e8 l'ChatBlink, come funziona, le sue caratteristiche principali, l'esperienza d'uso, le misure di sicurezza, il confronto con altre piattaforme e i consigli pratici per ottenere il massimo da questa piattaforma.<\/p>\n<h2>Che cos'\u00e8 l'ChatBlink?<\/h2>\n<p>ChatBlink \u00e8 una piattaforma di chat casuale che mette in contatto utenti di tutto il mondo in pochi secondi. \u00c8 possibile chattare via testo o attivare la webcam per parlare faccia a faccia, il tutto senza dover creare un account. L'idea di base della piattaforma \u00e8 semplice: comunicazione casuale, anonima e gratuita tra persone che vogliono solo parlare.<\/p>\n<p>\u00c8 pensato per tutti coloro che si divertono:<\/p>\n<ul>\n<li>Conversazioni casuali e non programmate.<\/li>\n<li>Conoscere nuove persone provenienti da diversi Paesi.<\/li>\n<li>Chattare senza impegni o lunghe iscrizioni.<\/li>\n<\/ul>\n<p>A differenza di molte app di chat che nascondono le funzioni dietro gli abbonamenti, ChatBlink mantiene tutto aperto: basta caricare il sito, cliccare su \u201cStart\u201d e iniziare a chattare.<\/p>\n<h2>Caratteristiche principali di ChatBlink<\/h2>\n<p>Il design dell'ChatBlink \u00e8 incentrato su velocit\u00e0, semplicit\u00e0 e flessibilit\u00e0. Ecco le caratteristiche principali che lo contraddistinguono:<\/p>\n<h3>1. Chat video casuale<\/h3>\n<ul>\n<li>Connettetevi istantaneamente con un estraneo via webcam.<\/li>\n<li>Video di alta qualit\u00e0 con un ritardo minimo.<\/li>\n<li>Funziona nel browser, senza bisogno di scaricare nulla.<\/li>\n<\/ul>\n<h3>2. Modalit\u00e0 chat di testo<\/h3>\n<ul>\n<li>Ideale per gli utenti che preferiscono la digitazione invece del video.<\/li>\n<li>Ottimo per conversazioni private e poco impegnative.<\/li>\n<li>Commutazione senza soluzione di continuit\u00e0 tra opzioni di testo e video.<\/li>\n<\/ul>\n<h3>3. Accesso immediato - Nessuna registrazione<\/h3>\n<ul>\n<li>Iniziate a chattare immediatamente senza creare un account.<\/li>\n<li>Anonimato preservato: non \u00e8 necessario condividere informazioni personali.<\/li>\n<\/ul>\n<h3>4. Portata globale<\/h3>\n<ul>\n<li>Connettetevi con utenti di tutto il mondo.<\/li>\n<li>Incontrare persone di culture, lingue e interessi diversi.<\/li>\n<\/ul>\n<h3>5. Pulsante di salto<\/h3>\n<ul>\n<li>Passare immediatamente alla persona successiva se la chat non funziona.<\/li>\n<li>L'esperienza \u00e8 divertente e veloce.<\/li>\n<\/ul>\n<h3>6. Compatibile con i dispositivi mobili e desktop<\/h3>\n<ul>\n<li>Funziona perfettamente sia su smartphone che su desktop.<\/li>\n<li>Completamente basato su browser - non \u00e8 necessaria alcuna applicazione.<\/li>\n<\/ul>\n<h3>7. Interfaccia semplice e moderna<\/h3>\n<ul>\n<li>Layout pulito e privo di distrazioni.<\/li>\n<li>Progettato per l'usabilit\u00e0 e la fluidit\u00e0 della navigazione.<\/li>\n<\/ul>\n<h2>Come utilizzare ChatBlink<\/h2>\n<p>Uno dei punti di forza dell'ChatBlink \u00e8 la facilit\u00e0 e l'immediatezza d'uso.<\/p>\n<h3>Passo 1: visitare il sito web<\/h3>\n<p>Aprite ChatBlink nel vostro browser - non \u00e8 necessario scaricare o registrarsi.<\/p>\n<h3>Fase 2: Scegliere la modalit\u00e0<\/h3>\n<p>Selezionare la chat di testo o la chat video a seconda delle preferenze.<\/p>\n<h3>Fase 3: Consentire l'accesso alla fotocamera e al microfono<\/h3>\n<p>Se si utilizza un video, concedere le autorizzazioni del browser quando richiesto.<\/p>\n<h3>Passo 4: fare clic su \"Avvio\".<\/h3>\n<p>Sarete immediatamente abbinati a uno sconosciuto a caso.<\/p>\n<h3>Fase 5: Chattare, connettersi o saltare<\/h3>\n<p>Godetevi la conversazione o premete \u201cAvanti\u201d per andare avanti e incontrare qualcuno di nuovo.<\/p>\n<p>\u00c8 sufficiente questo per poter chattare in pochi secondi.<\/p>\n<h2>Esperienza utente su ChatBlink<\/h2>\n<p>ChatBlink offre un'esperienza fluida e leggera che si rivolge agli utenti che apprezzano la velocit\u00e0 e la semplicit\u00e0.<\/p>\n<h3>Cosa piace agli utenti<\/h3>\n<ul>\n<li>Accesso immediato, senza registrazione o iscrizione.<\/li>\n<li>Funziona perfettamente su mobile e desktop.<\/li>\n<li>Connessioni veloci con lag minimi.<\/li>\n<li>Libero e anonimo.<\/li>\n<li>Modalit\u00e0 testo e video in un unico luogo.<\/li>\n<\/ul>\n<h3>Dove gli utenti vedono margini di miglioramento<\/h3>\n<ul>\n<li>Nessun elenco di amici o funzionalit\u00e0 di profilo.<\/li>\n<li>Filtri limitati (non \u00e8 possibile scegliere il sesso o il paese).<\/li>\n<li>Utenti occasionali di spam.<\/li>\n<li>Nessuna funzione di riconnessione per le conversazioni perse.<\/li>\n<\/ul>\n<p>Nonostante questi compromessi, l'ChatBlink rimane uno dei preferiti dagli utenti che desiderano chat veloci, casuali e senza impegno, senza barriere.<\/p>\n<h2>ChatBlink vs. altre piattaforme di chat<\/h2>\n<p>Ecco come ChatBlink si confronta con altri siti di chat popolari:<\/p>\n<table>\n<thead>\n<tr>\n<th>Caratteristica<\/th>\n<th>ChatBlink<\/th>\n<th>Omegle<\/th>\n<th>Chatroulette<\/th>\n<th>ChatHub<\/th>\n<th>Emerald Chat<\/th>\n<th>ChatRandom<\/th>\n<\/tr>\n<\/thead>\n<tbody>\n<tr>\n<td>Random Video Chat con Sconosciuti<\/td>\n<td>\u2705 S\u00ec<\/td>\n<td>\u2705 S\u00ec<\/td>\n<td>\u2705 S\u00ec<\/td>\n<td>\u2705 S\u00ec<\/td>\n<td>\u2705 S\u00ec<\/td>\n<td>\u2705 S\u00ec<\/td>\n<\/tr>\n<tr>\n<td>Chat di testo<\/td>\n<td>\u2705 S\u00ec<\/td>\n<td>\u2705 S\u00ec<\/td>\n<td>\u2705 S\u00ec<\/td>\n<td>\u2705 S\u00ec<\/td>\n<td>\u2705 S\u00ec<\/td>\n<td>\u2705 S\u00ec<\/td>\n<\/tr>\n<tr>\n<td>Registrazione richiesta<\/td>\n<td>\u274c No<\/td>\n<td>\u274c No<\/td>\n<td>\u274c No<\/td>\n<td>Opzionale<\/td>\n<td>Opzionale<\/td>\n<td>Opzionale<\/td>\n<\/tr>\n<tr>\n<td>Filtri di genere\/localit\u00e0<\/td>\n<td>\u274c No<\/td>\n<td>\u274c No<\/td>\n<td>Limitato<\/td>\n<td>\u2705 S\u00ec<\/td>\n<td>\u2705 S\u00ec<\/td>\n<td>\u2705 S\u00ec<\/td>\n<\/tr>\n<tr>\n<td>Profili\/elenchi di amici<\/td>\n<td>\u274c No<\/td>\n<td>\u274c No<\/td>\n<td>\u274c No<\/td>\n<td>\u2705 S\u00ec<\/td>\n<td>\u2705 S\u00ec<\/td>\n<td>\u2705 S\u00ec<\/td>\n<\/tr>\n<tr>\n<td>Mobile Friendly<\/td>\n<td>\u2705 S\u00ec<\/td>\n<td>\u2705 S\u00ec<\/td>\n<td>\u2705 S\u00ec<\/td>\n<td>\u2705 S\u00ec<\/td>\n<td>\u2705 S\u00ec<\/td>\n<td>\u2705 S\u00ec<\/td>\n<\/tr>\n<tr>\n<td>Accesso libero<\/td>\n<td>Sempre<\/td>\n<td>Sempre<\/td>\n<td>Sempre<\/td>\n<td>\u2705 S\u00ec<\/td>\n<td>\u2705 S\u00ec<\/td>\n<td>\u2705 S\u00ec<\/td>\n<\/tr>\n<\/tbody>\n<\/table>\n<p>Sintesi: ChatBlink offre la semplicit\u00e0 grezza di Omegle con la stabilit\u00e0 di piattaforme moderne come ChatHub - perfetto per gli utenti che preferiscono chattare in modo veloce e anonimo senza extra.<\/p>\n<h2>ChatBlink \u00e8 sicuro?<\/h2>\n<p>ChatBlink tiene alla privacy degli utenti mantenendo l'anonimato e l'assenza di registrazione. Tuttavia, come per qualsiasi piattaforma aperta, la sicurezza dipende da un uso responsabile.<\/p>\n<h3>Caratteristiche di sicurezza integrate<\/h3>\n<ul>\n<li>Chat anonime: non sono richiesti dati personali.<\/li>\n<li>Tasto Skip per uscire immediatamente da qualsiasi conversazione.<\/li>\n<li>Le chat non vengono memorizzate o salvate.<\/li>\n<\/ul>\n<h3>Consigli di sicurezza per gli utenti<\/h3>\n<ul>\n<li>Non condividete mai informazioni personali (nome e cognome, indirizzo o dati di contatto).<\/li>\n<li>Chiudete le chat che vi mettono a disagio.<\/li>\n<li>Evitate di cliccare su link provenienti da sconosciuti.<\/li>\n<li>I genitori devono sorvegliare i minori che utilizzano la piattaforma.<\/li>\n<li>Utilizzate una VPN per una maggiore protezione della privacy.<\/li>\n<\/ul>\n<p>Usato in modo responsabile, ChatBlink \u00e8 un modo sicuro e diretto per incontrare persone online.<\/p>\n<h2>Suggerimenti per ottenere il massimo dall'ChatBlink<\/h2>\n<ul>\n<li>Provate in orari diversi: le ore di punta portano pi\u00f9 utenti attivi.<\/li>\n<li>Utilizzate le cuffie per un audio pi\u00f9 chiaro e una maggiore privacy.<\/li>\n<li>Iniziare con argomenti semplici aiuta a rompere il ghiaccio.<\/li>\n<li>Una buona illuminazione rende le videochiamate pi\u00f9 piacevoli.<\/li>\n<li>Mantenete un tono informale, evitando di pensare troppo alle conversazioni.<\/li>\n<li>Se l'atmosfera non \u00e8 quella giusta, saltate subito: c'\u00e8 sempre un altro incontro in attesa.<\/li>\n<\/ul>\n<p>Questi piccoli accorgimenti possono rendere la vostra esperienza pi\u00f9 fluida e piacevole.<\/p>\n<h2>Problemi e soluzioni comuni<\/h2>\n<h3>Problema: la fotocamera o il microfono non funzionano<\/h3>\n<ul>\n<li>Controllare le impostazioni del browser per le autorizzazioni.<\/li>\n<li>Riavviare il browser o il dispositivo.<\/li>\n<li>Chiudere tutte le altre applicazioni che utilizzano la webcam.<\/li>\n<\/ul>\n<h3>Problema: connessione lenta o lag<\/h3>\n<ul>\n<li>Passare a una connessione Wi-Fi stabile.<\/li>\n<li>Chiudete le schede o le applicazioni in background che consumano molta banda.<\/li>\n<\/ul>\n<h3>Problema: pochi utenti online<\/h3>\n<ul>\n<li>Provate durante le ore serali regionali.<\/li>\n<li>Aggiornare il sito per ripristinare la coda.<\/li>\n<\/ul>\n<h3>Problema: Incontro con lo spam<\/h3>\n<ul>\n<li>Saltare immediatamente.<\/li>\n<li>Utilizzare gli strumenti di reportistica, se disponibili.<\/li>\n<\/ul>\n<h2>Perch\u00e9 le persone scelgono ChatBlink<\/h2>\n<p>La popolarit\u00e0 di ChatBlink \u00e8 dovuta alla velocit\u00e0, alla semplicit\u00e0 e all'autenticit\u00e0. Elimina tutto ci\u00f2 che non \u00e8 necessario e si concentra sulla pura gioia di entrare in contatto con gli altri.<\/p>\n<p>Le persone lo amano per:<\/p>\n<ul>\n<li>Chat istantanea e anonima.<\/li>\n<li>Non \u00e8 necessario effettuare registrazioni o accessi.<\/li>\n<li>Opzioni di testo e video gratuite.<\/li>\n<li>Interfaccia pulita e mobile-friendly.<\/li>\n<li>Base di utenti globale.<\/li>\n<\/ul>\n<p>\u00c8 una piattaforma per tutti coloro che apprezzano la connessione senza complessit\u00e0, cosa sempre pi\u00f9 rara nel mondo digitale di oggi.<\/p>\n<h2>Pensieri finali: Vale la pena utilizzare l'ChatBlink?<\/h2>\n<p>Se state cercando una piattaforma di chat casuale veloce, gratuita e anonima, ChatBlink merita assolutamente un posto nella vostra lista. \u00c8 uno di quei siti che rimane fedele a ci\u00f2 che rende divertente la chat: l'emozione di incontrare qualcuno di nuovo, senza aspettative o obblighi.<\/p>\n<p>Sebbene non abbia i filtri avanzati o le liste di amici di piattaforme come ChatHub o Emerald Chat, la sua semplicit\u00e0 \u00e8 il suo pi\u00f9 grande punto di forza. Basta aprirla, fare clic su \u201cInizia\u201d e iniziare immediatamente a parlare con qualcuno da qualche parte nel mondo.<\/p>\n<p>Sia che vogliate:<\/p>\n<ul>\n<li>Fate una chiacchierata veloce e casuale,<\/li>\n<li>Incontrare persone provenienti da nuovi paesi o<\/li>\n<li>Rilassatevi e parlate con qualcuno al di fuori della vostra cerchia abituale...<\/li>\n<\/ul>\n<p>L'ChatBlink offre esattamente questo.<\/p>\n<p>In breve: ChatBlink \u00e8 un sito di chat leggero e senza registrazione che combina la nostalgia delle prime chat con la velocit\u00e0 della moderna tecnologia video. \u00c8 perfetto per le connessioni spontanee e reali: \u00e8 gratuito, privato e disponibile in qualsiasi momento.<\/p>\n<p>Pronti a provare? Visitate ChatBlink, premete \u201cStart\u201d e scoprite chi incontrerete la prossima volta: le conversazioni del mondo sono a portata di clic.<\/p>","protected":false},"excerpt":{"rendered":"<p>In today\u2019s digital world, where so many apps rely on filters, followers, and paywalls, ChatBlink stands out for keeping things simple. It\u2019s an easy, free random chat platform that connects people instantly \u2014 no registration, no downloads, and no fuss. Whether you\u2019re looking for a quick chat, a new friend, or a spontaneous video conversation [&hellip;]<\/p>\n","protected":false},"author":6,"featured_media":0,"parent":0,"menu_order":0,"comment_status":"closed","ping_status":"closed","template":"","meta":{"footnotes":""},"class_list":["post-3171","page","type-page","status-publish","hentry"],"yoast_head":"<!-- This site is optimized with the Yoast SEO plugin v27.4 - https:\/\/yoast.com\/product\/yoast-seo-wordpress\/ -->\n<title>ChatBlink - Free Online Chat &amp; Meet New Friends - TinyChat.com<\/title>\n<meta name=\"description\" content=\"Enjoying ChatBlink? Join over 50,000,000 strangers on TinyChat! Turn on your cam and start meeting new people, or find a match.\" \/>\n<meta name=\"robots\" content=\"index, follow, max-snippet:-1, max-image-preview:large, max-video-preview:-1\" \/>\n<link rel=\"canonical\" href=\"https:\/\/tinychat.com\/it\/chatblink\/\" \/>\n<meta property=\"og:locale\" content=\"it_IT\" \/>\n<meta property=\"og:type\" content=\"article\" \/>\n<meta property=\"og:title\" content=\"ChatBlink - Free Online Chat &amp; Meet New Friends - TinyChat.com\" \/>\n<meta property=\"og:description\" content=\"Enjoying ChatBlink? Join over 50,000,000 strangers on TinyChat! Turn on your cam and start meeting new people, or find a match.\" \/>\n<meta property=\"og:url\" content=\"https:\/\/tinychat.com\/it\/chatblink\/\" \/>\n<meta property=\"og:site_name\" content=\"TinyChat\" \/>\n<meta property=\"article:publisher\" content=\"https:\/\/www.facebook.com\/tinychat\" \/>\n<meta property=\"article:modified_time\" content=\"2025-10-21T11:21:20+00:00\" \/>\n<meta property=\"og:image\" content=\"https:\/\/tinychat.com\/wp-content\/uploads\/2020\/04\/Tinychat-logo-1280x284-new-black.png\" \/>\n\t<meta property=\"og:image:width\" content=\"1280\" \/>\n\t<meta property=\"og:image:height\" content=\"284\" \/>\n\t<meta property=\"og:image:type\" content=\"image\/png\" \/>\n<meta name=\"twitter:card\" content=\"summary_large_image\" \/>\n<meta name=\"twitter:site\" content=\"@tinychat\" \/>\n<meta name=\"twitter:label1\" content=\"Tempo di lettura stimato\" \/>\n\t<meta name=\"twitter:data1\" content=\"6 minuti\" \/>\n<script type=\"application\/ld+json\" class=\"yoast-schema-graph\">{\"@context\":\"https:\\\/\\\/schema.org\",\"@graph\":[{\"@type\":\"WebPage\",\"@id\":\"https:\\\/\\\/tinychat.com\\\/chatblink\\\/\",\"url\":\"https:\\\/\\\/tinychat.com\\\/chatblink\\\/\",\"name\":\"ChatBlink - Free Online Chat & Meet New Friends - TinyChat.com\",\"isPartOf\":{\"@id\":\"https:\\\/\\\/tinychat.com\\\/#website\"},\"datePublished\":\"2025-10-21T09:14:34+00:00\",\"dateModified\":\"2025-10-21T11:21:20+00:00\",\"description\":\"Enjoying ChatBlink? Join over 50,000,000 strangers on TinyChat! Turn on your cam and start meeting new people, or find a match.\",\"breadcrumb\":{\"@id\":\"https:\\\/\\\/tinychat.com\\\/chatblink\\\/#breadcrumb\"},\"inLanguage\":\"it-IT\",\"potentialAction\":[{\"@type\":\"ReadAction\",\"target\":[\"https:\\\/\\\/tinychat.com\\\/chatblink\\\/\"]}]},{\"@type\":\"BreadcrumbList\",\"@id\":\"https:\\\/\\\/tinychat.com\\\/chatblink\\\/#breadcrumb\",\"itemListElement\":[{\"@type\":\"ListItem\",\"position\":1,\"name\":\"Home\",\"item\":\"https:\\\/\\\/tinychat.com\\\/\"},{\"@type\":\"ListItem\",\"position\":2,\"name\":\"ChatBlink\"}]},{\"@type\":\"WebSite\",\"@id\":\"https:\\\/\\\/tinychat.com\\\/#website\",\"url\":\"https:\\\/\\\/tinychat.com\\\/\",\"name\":\"TinyChat\",\"description\":\"Random Video Chat with Strangers\",\"publisher\":{\"@id\":\"https:\\\/\\\/tinychat.com\\\/#organization\"},\"alternateName\":\"TinyChat.com\",\"potentialAction\":[{\"@type\":\"SearchAction\",\"target\":{\"@type\":\"EntryPoint\",\"urlTemplate\":\"https:\\\/\\\/tinychat.com\\\/?s={search_term_string}\"},\"query-input\":{\"@type\":\"PropertyValueSpecification\",\"valueRequired\":true,\"valueName\":\"search_term_string\"}}],\"inLanguage\":\"it-IT\"},{\"@type\":\"Organization\",\"@id\":\"https:\\\/\\\/tinychat.com\\\/#organization\",\"name\":\"TinyChat\",\"alternateName\":\"TinyChat.com\",\"url\":\"https:\\\/\\\/tinychat.com\\\/\",\"logo\":{\"@type\":\"ImageObject\",\"inLanguage\":\"it-IT\",\"@id\":\"https:\\\/\\\/tinychat.com\\\/#\\\/schema\\\/logo\\\/image\\\/\",\"url\":\"https:\\\/\\\/tinychat.com\\\/wp-content\\\/uploads\\\/2023\\\/11\\\/Tinychat-icon-square.png\",\"contentUrl\":\"https:\\\/\\\/tinychat.com\\\/wp-content\\\/uploads\\\/2023\\\/11\\\/Tinychat-icon-square.png\",\"width\":284,\"height\":284,\"caption\":\"TinyChat\"},\"image\":{\"@id\":\"https:\\\/\\\/tinychat.com\\\/#\\\/schema\\\/logo\\\/image\\\/\"},\"sameAs\":[\"https:\\\/\\\/www.facebook.com\\\/tinychat\",\"https:\\\/\\\/x.com\\\/tinychat\"]}]}<\/script>\n<!-- \/ Yoast SEO plugin. -->","yoast_head_json":{"title":"ChatBlink - Chat gratuita online &amp; Incontra nuovi amici - TinyChat.com","description":"Ti piace l'ChatBlink? Unisciti a oltre 50.000.000 di sconosciuti su TinyChat! Accendi la tua cam e inizia a conoscere nuove persone o a trovare un partner.","robots":{"index":"index","follow":"follow","max-snippet":"max-snippet:-1","max-image-preview":"max-image-preview:large","max-video-preview":"max-video-preview:-1"},"canonical":"https:\/\/tinychat.com\/it\/chatblink\/","og_locale":"it_IT","og_type":"article","og_title":"ChatBlink - Free Online Chat & Meet New Friends - TinyChat.com","og_description":"Enjoying ChatBlink? Join over 50,000,000 strangers on TinyChat! Turn on your cam and start meeting new people, or find a match.","og_url":"https:\/\/tinychat.com\/it\/chatblink\/","og_site_name":"TinyChat","article_publisher":"https:\/\/www.facebook.com\/tinychat","article_modified_time":"2025-10-21T11:21:20+00:00","og_image":[{"width":1280,"height":284,"url":"https:\/\/tinychat.com\/wp-content\/uploads\/2020\/04\/Tinychat-logo-1280x284-new-black.png","type":"image\/png"}],"twitter_card":"summary_large_image","twitter_site":"@tinychat","twitter_misc":{"Tempo di lettura stimato":"6 minuti"},"schema":{"@context":"https:\/\/schema.org","@graph":[{"@type":"WebPage","@id":"https:\/\/tinychat.com\/chatblink\/","url":"https:\/\/tinychat.com\/chatblink\/","name":"ChatBlink - Chat gratuita online &amp; Incontra nuovi amici - TinyChat.com","isPartOf":{"@id":"https:\/\/tinychat.com\/#website"},"datePublished":"2025-10-21T09:14:34+00:00","dateModified":"2025-10-21T11:21:20+00:00","description":"Ti piace l'ChatBlink? Unisciti a oltre 50.000.000 di sconosciuti su TinyChat! Accendi la tua cam e inizia a conoscere nuove persone o a trovare un partner.","breadcrumb":{"@id":"https:\/\/tinychat.com\/chatblink\/#breadcrumb"},"inLanguage":"it-IT","potentialAction":[{"@type":"ReadAction","target":["https:\/\/tinychat.com\/chatblink\/"]}]},{"@type":"BreadcrumbList","@id":"https:\/\/tinychat.com\/chatblink\/#breadcrumb","itemListElement":[{"@type":"ListItem","position":1,"name":"Home","item":"https:\/\/tinychat.com\/"},{"@type":"ListItem","position":2,"name":"ChatBlink"}]},{"@type":"WebSite","@id":"https:\/\/tinychat.com\/#website","url":"https:\/\/tinychat.com\/","name":"TinyChat","description":"Videochat casuale con sconosciuti","publisher":{"@id":"https:\/\/tinychat.com\/#organization"},"alternateName":"TinyChat.com","potentialAction":[{"@type":"SearchAction","target":{"@type":"EntryPoint","urlTemplate":"https:\/\/tinychat.com\/?s={search_term_string}"},"query-input":{"@type":"PropertyValueSpecification","valueRequired":true,"valueName":"search_term_string"}}],"inLanguage":"it-IT"},{"@type":"Organization","@id":"https:\/\/tinychat.com\/#organization","name":"TinyChat","alternateName":"TinyChat.com","url":"https:\/\/tinychat.com\/","logo":{"@type":"ImageObject","inLanguage":"it-IT","@id":"https:\/\/tinychat.com\/#\/schema\/logo\/image\/","url":"https:\/\/tinychat.com\/wp-content\/uploads\/2023\/11\/Tinychat-icon-square.png","contentUrl":"https:\/\/tinychat.com\/wp-content\/uploads\/2023\/11\/Tinychat-icon-square.png","width":284,"height":284,"caption":"TinyChat"},"image":{"@id":"https:\/\/tinychat.com\/#\/schema\/logo\/image\/"},"sameAs":["https:\/\/www.facebook.com\/tinychat","https:\/\/x.com\/tinychat"]}]}},"_links":{"self":[{"href":"https:\/\/tinychat.com\/it\/wp-json\/wp\/v2\/pages\/3171","targetHints":{"allow":["GET"]}}],"collection":[{"href":"https:\/\/tinychat.com\/it\/wp-json\/wp\/v2\/pages"}],"about":[{"href":"https:\/\/tinychat.com\/it\/wp-json\/wp\/v2\/types\/page"}],"author":[{"embeddable":true,"href":"https:\/\/tinychat.com\/it\/wp-json\/wp\/v2\/users\/6"}],"replies":[{"embeddable":true,"href":"https:\/\/tinychat.com\/it\/wp-json\/wp\/v2\/comments?post=3171"}],"version-history":[{"count":3,"href":"https:\/\/tinychat.com\/it\/wp-json\/wp\/v2\/pages\/3171\/revisions"}],"predecessor-version":[{"id":13562,"href":"https:\/\/tinychat.com\/it\/wp-json\/wp\/v2\/pages\/3171\/revisions\/13562"}],"wp:attachment":[{"href":"https:\/\/tinychat.com\/it\/wp-json\/wp\/v2\/media?parent=3171"}],"curies":[{"name":"wp","href":"https:\/\/api.w.org\/{rel}","templated":true}]}}