{"id":3634,"date":"2025-05-18T22:16:01","date_gmt":"2025-05-18T20:16:01","guid":{"rendered":"https:\/\/tinychat.com\/?page_id=3634"},"modified":"2025-06-12T10:27:50","modified_gmt":"2025-06-12T08:27:50","slug":"random-video-call","status":"publish","type":"page","link":"https:\/\/tinychat.com\/it\/random-video-call\/","title":{"rendered":"Videochiamata casuale"},"content":{"rendered":"<p>C'\u00e8 qualcosa di selvaggio nel fare una videochiamata a caso: non si sa mai chi si incontra o che tipo di conversazione si pu\u00f2 avere. Forse siete in vena di chiacchierare, forse siete solo curiosi di conoscere persone di paesi diversi, o forse volete solo un po' di eccitazione nella vostra giornata. Qualunque sia la ragione, le piattaforme di videochiamate casuali sono esplose in popolarit\u00e0, rendendo pi\u00f9 facile che mai connettersi con estranei faccia a faccia, all'istante.<\/p>\n<p>A volte queste chiacchierate sono divertenti, a volte sorprendentemente profonde, e a volte si tratta solo di passare il tempo con qualcuno di totalmente nuovo. Questa sensazione di imprevedibilit\u00e0? \u00c8 ci\u00f2 che rende le videochiamate casuali cos\u00ec coinvolgenti.<\/p>\n<h2>Cosa rende le piattaforme di videochiamate casuali cos\u00ec divertenti?<\/h2>\n<p>La maggior parte delle app sociali riguarda le persone che gi\u00e0 si conoscono, ma la videochiamata casuale capovolge questa idea. Invece di scorrere il vostro feed abituale, premete un pulsante e vi mettete immediatamente in contatto con qualcuno di nuovo: niente follower, niente presentazioni imbarazzanti, solo una videochiamata in diretta con uno sconosciuto.<\/p>\n<p>Ecco cosa spinge le persone a tornare:<\/p>\n<ul>\n<li>\u00c8 spontaneo: Ogni conversazione \u00e8 una sorpresa.<\/li>\n<li>Nessuna pressione: saltate o andate avanti quando volete.<\/li>\n<li>Nessun impegno: Non \u00e8 necessario scambiare i numeri o i social a meno che non lo si voglia fare.<\/li>\n<\/ul>\n<p>\u00c8 possibile mantenere l'anonimato, chattare per un minuto o per un'ora e non rimanere mai senza nuove persone da incontrare.<\/p>\n<h2>Come funzionano i siti di videochiamate casuali<\/h2>\n<p>\u00c8 tutta una questione di semplicit\u00e0. Ecco cosa ci si pu\u00f2 aspettare dalla maggior parte delle piattaforme:<\/p>\n<ol>\n<li>Andare su un sito web di videochiamate a caso o aprire un'applicazione<\/li>\n<li>Fare clic su \"Avvia\" o \"Vai in diretta\".<\/li>\n<li>Abbinamento immediato con un altro utente<\/li>\n<li>Chattare via video e, se \u00e8 imbarazzante o avete finito, premere \"Avanti\" per un nuovo incontro.<\/li>\n<\/ol>\n<p>Alcuni siti consentono di filtrare in base al Paese o agli interessi, ma nella maggior parte dei casi si tratta di una scelta casuale. Se volete iniziare con il testo o l'audio, molte piattaforme vi offrono anche questa possibilit\u00e0.<\/p>\n<h2>I posti migliori per provare una videochiamata casuale<\/h2>\n<p>Esistono diverse piattaforme, ognuna con la propria atmosfera. I nomi pi\u00f9 importanti includono:<\/p>\n<ul>\n<li>Omegle: il classico sito per le videochiamate casuali, semplice e sempre occupato.<\/li>\n<li>Chatroulette: noto per i suoi abbinamenti veloci e la sua grande base di utenti.<\/li>\n<li>OmeTV: popolare per le chat video veloci e senza fronzoli con persone in tutto il mondo.<\/li>\n<li>StrangerCam: Si concentra sulle videochiamate facili e sulla privacy.<\/li>\n<li>TinyChat: \u00e8 il migliore per le stanze di gruppo, ma \u00e8 possibile anche effettuare chiamate private casuali.<\/li>\n<\/ul>\n<p>Ogni sito ha il suo stile, quindi vale la pena di provarne alcuni per vedere quello che vi piace di pi\u00f9.<\/p>\n<h2>Sicurezza durante le videochiamate casuali<\/h2>\n<p>La maggior parte delle persone vuole solo chiacchierare, ma la sicurezza \u00e8 sempre una buona idea. Alcuni suggerimenti rapidi:<\/p>\n<ul>\n<li>Limitatevi ai soprannomi, non usate il vostro nome completo.<\/li>\n<li>Non condividete dati personali come l'indirizzo, il numero di telefono o il luogo di lavoro.<\/li>\n<li>Non cliccate mai su link sospetti o condividete immagini private.<\/li>\n<li>Se qualcuno vi mette a disagio, abbandonate la chiamata o utilizzate la funzione di segnalazione\/blocco.<\/li>\n<\/ul>\n<p>Fidatevi del vostro istinto. Siete l\u00ec per divertirvi, non per avere a che fare con degli strani.<\/p>\n<h2>Perch\u00e9 le persone amano le videochiamate casuali<\/h2>\n<p>Cosa c'\u00e8 di cos\u00ec speciale in queste video chat spontanee? Per molte persone, \u00e8 la sensazione di connessione genuina: parlare con qualcuno al di fuori della propria bolla di sapone, anche se solo per pochi minuti. \u00c8 una pausa dal solito, un modo per conoscere nuove culture, praticare una lingua o semplicemente farsi una bella risata.<\/p>\n<p>Potreste incontrare qualcuno che vi cambia totalmente l'umore, vi insegna qualcosa di nuovo o semplicemente diventa una storia memorabile da raccontare in seguito.<\/p>\n<blockquote><p>\"Ho iniziato a usare app di videochiamata a caso durante l'isolamento. Ora mi collego quando voglio vedere cosa fanno le persone in altre parti del mondo\".<\/p>\n<p>\"Alcune telefonate sono esilaranti, altre imbarazzanti, ma si esce sempre con una storia\".<\/p><\/blockquote>\n<h2>Videochiamate casuali e altri modi per connettersi<\/h2>\n<table>\n<thead>\n<tr>\n<th>Caratteristica<\/th>\n<th>Videochiamata casuale<\/th>\n<th>Chat video di gruppo<\/th>\n<th>Messaggistica tradizionale<\/th>\n<\/tr>\n<\/thead>\n<tbody>\n<tr>\n<td>Abbinamento istantaneo faccia a faccia<\/td>\n<td>\u2705<\/td>\n<td>\u274c<\/td>\n<td>\u274c<\/td>\n<\/tr>\n<tr>\n<td>Totalmente anonimo<\/td>\n<td>\u2705<\/td>\n<td>\u2705<\/td>\n<td>\u2705<\/td>\n<\/tr>\n<tr>\n<td>Focus individuale<\/td>\n<td>\u2705<\/td>\n<td>\u274c<\/td>\n<td>\u2705<\/td>\n<\/tr>\n<tr>\n<td>Pu\u00f2 partire in qualsiasi momento<\/td>\n<td>\u2705<\/td>\n<td>\u2705<\/td>\n<td>\u2705<\/td>\n<\/tr>\n<tr>\n<td>Vibrazioni di gruppo<\/td>\n<td>\u274c<\/td>\n<td>\u2705<\/td>\n<td>\u274c<\/td>\n<\/tr>\n<\/tbody>\n<\/table>\n<p>In conclusione, la videochiamata casuale \u00e8 una connessione diretta, spontanea e imprevedibile.<\/p>\n<h2>Come ottenere il meglio da una videochiamata casuale<\/h2>\n<p>Un piccolo sforzo \u00e8 sufficiente per ottenere un'esperienza migliore:<\/p>\n<ul>\n<li>Entrate con la mente aperta: ogni chiacchierata \u00e8 un nuovo inizio.<\/li>\n<li>Non abbiate paura di saltare se l'atmosfera non \u00e8 delle migliori.<\/li>\n<li>Provate a conoscere persone di tutto il mondo in momenti diversi della giornata.<\/li>\n<li>Rispettate i confini, vostri e loro.<\/li>\n<li>Siate voi stessi. Le conversazioni migliori avvengono quando si \u00e8 veri.<\/li>\n<\/ul>\n<p>Le piattaforme di videochiamate casuali sono perfette quando si ha voglia di qualcosa di nuovo e non scritto. Sono un ottimo modo per sconfiggere la noia, conoscere persone diverse e aggiungere una scintilla di spontaneit\u00e0 alla vostra giornata. Tutto ci\u00f2 che serve \u00e8 una webcam, un po' di curiosit\u00e0 e un senso di avventura.<\/p>\n<p>Quindi, se vi sentite in vena di socialit\u00e0 (o se volete semplicemente vedere di cosa si tratta), lanciate una videochiamata a caso e vedete chi incontrerete la prossima volta. Il mondo vi aspetta dall'altra parte dello schermo.<\/p>","protected":false},"excerpt":{"rendered":"<p>There\u2019s something wild about hopping on a random video call\u2014you never know who you\u2019ll meet or what kind of conversation you\u2019ll have. Maybe you\u2019re in the mood to chat, maybe you\u2019re just curious about people from different countries, or maybe you just want a little excitement in your day. Whatever the reason, random video call [&hellip;]<\/p>\n","protected":false},"author":8,"featured_media":0,"parent":0,"menu_order":0,"comment_status":"closed","ping_status":"closed","template":"","meta":{"footnotes":""},"class_list":["post-3634","page","type-page","status-publish","hentry"],"yoast_head":"<!-- This site is optimized with the Yoast SEO plugin v27.4 - https:\/\/yoast.com\/product\/yoast-seo-wordpress\/ -->\n<title>Random Video Call with Video Chat on TinyChat.com<\/title>\n<meta name=\"description\" content=\"Enjoying Random Video Call? Join over 50,000,000 strangers on TinyChat! Turn on your cam and start meeting new people, or find a match.\" \/>\n<meta name=\"robots\" content=\"index, follow, max-snippet:-1, max-image-preview:large, max-video-preview:-1\" \/>\n<link rel=\"canonical\" href=\"https:\/\/tinychat.com\/it\/random-video-call\/\" \/>\n<meta property=\"og:locale\" content=\"it_IT\" \/>\n<meta property=\"og:type\" content=\"article\" \/>\n<meta property=\"og:title\" content=\"Random Video Call with Video Chat on TinyChat.com\" \/>\n<meta property=\"og:description\" content=\"Enjoying Random Video Call? Join over 50,000,000 strangers on TinyChat! Turn on your cam and start meeting new people, or find a match.\" \/>\n<meta property=\"og:url\" content=\"https:\/\/tinychat.com\/it\/random-video-call\/\" \/>\n<meta property=\"og:site_name\" content=\"TinyChat\" \/>\n<meta property=\"article:publisher\" content=\"https:\/\/www.facebook.com\/tinychat\" \/>\n<meta property=\"article:modified_time\" content=\"2025-06-12T08:27:50+00:00\" \/>\n<meta property=\"og:image\" content=\"https:\/\/tinychat.com\/wp-content\/uploads\/2020\/04\/Tinychat-logo-1280x284-new-black.png\" \/>\n\t<meta property=\"og:image:width\" content=\"1280\" \/>\n\t<meta property=\"og:image:height\" content=\"284\" \/>\n\t<meta property=\"og:image:type\" content=\"image\/png\" \/>\n<meta name=\"twitter:card\" content=\"summary_large_image\" \/>\n<meta name=\"twitter:site\" content=\"@tinychat\" \/>\n<meta name=\"twitter:label1\" content=\"Tempo di lettura stimato\" \/>\n\t<meta name=\"twitter:data1\" content=\"4 minuti\" \/>\n<script type=\"application\/ld+json\" class=\"yoast-schema-graph\">{\"@context\":\"https:\\\/\\\/schema.org\",\"@graph\":[{\"@type\":\"WebPage\",\"@id\":\"https:\\\/\\\/tinychat.com\\\/random-video-call\\\/\",\"url\":\"https:\\\/\\\/tinychat.com\\\/random-video-call\\\/\",\"name\":\"Random Video Call with Video Chat on TinyChat.com\",\"isPartOf\":{\"@id\":\"https:\\\/\\\/tinychat.com\\\/#website\"},\"datePublished\":\"2025-05-18T20:16:01+00:00\",\"dateModified\":\"2025-06-12T08:27:50+00:00\",\"description\":\"Enjoying Random Video Call? Join over 50,000,000 strangers on TinyChat! Turn on your cam and start meeting new people, or find a match.\",\"breadcrumb\":{\"@id\":\"https:\\\/\\\/tinychat.com\\\/random-video-call\\\/#breadcrumb\"},\"inLanguage\":\"it-IT\",\"potentialAction\":[{\"@type\":\"ReadAction\",\"target\":[\"https:\\\/\\\/tinychat.com\\\/random-video-call\\\/\"]}]},{\"@type\":\"BreadcrumbList\",\"@id\":\"https:\\\/\\\/tinychat.com\\\/random-video-call\\\/#breadcrumb\",\"itemListElement\":[{\"@type\":\"ListItem\",\"position\":1,\"name\":\"Home\",\"item\":\"https:\\\/\\\/tinychat.com\\\/\"},{\"@type\":\"ListItem\",\"position\":2,\"name\":\"Random Video Call\"}]},{\"@type\":\"WebSite\",\"@id\":\"https:\\\/\\\/tinychat.com\\\/#website\",\"url\":\"https:\\\/\\\/tinychat.com\\\/\",\"name\":\"TinyChat\",\"description\":\"Random Video Chat with Strangers\",\"publisher\":{\"@id\":\"https:\\\/\\\/tinychat.com\\\/#organization\"},\"alternateName\":\"TinyChat.com\",\"potentialAction\":[{\"@type\":\"SearchAction\",\"target\":{\"@type\":\"EntryPoint\",\"urlTemplate\":\"https:\\\/\\\/tinychat.com\\\/?s={search_term_string}\"},\"query-input\":{\"@type\":\"PropertyValueSpecification\",\"valueRequired\":true,\"valueName\":\"search_term_string\"}}],\"inLanguage\":\"it-IT\"},{\"@type\":\"Organization\",\"@id\":\"https:\\\/\\\/tinychat.com\\\/#organization\",\"name\":\"TinyChat\",\"alternateName\":\"TinyChat.com\",\"url\":\"https:\\\/\\\/tinychat.com\\\/\",\"logo\":{\"@type\":\"ImageObject\",\"inLanguage\":\"it-IT\",\"@id\":\"https:\\\/\\\/tinychat.com\\\/#\\\/schema\\\/logo\\\/image\\\/\",\"url\":\"https:\\\/\\\/tinychat.com\\\/wp-content\\\/uploads\\\/2023\\\/11\\\/Tinychat-icon-square.png\",\"contentUrl\":\"https:\\\/\\\/tinychat.com\\\/wp-content\\\/uploads\\\/2023\\\/11\\\/Tinychat-icon-square.png\",\"width\":284,\"height\":284,\"caption\":\"TinyChat\"},\"image\":{\"@id\":\"https:\\\/\\\/tinychat.com\\\/#\\\/schema\\\/logo\\\/image\\\/\"},\"sameAs\":[\"https:\\\/\\\/www.facebook.com\\\/tinychat\",\"https:\\\/\\\/x.com\\\/tinychat\"]}]}<\/script>\n<!-- \/ Yoast SEO plugin. -->","yoast_head_json":{"title":"Videochiamata casuale con chat video su TinyChat.com","description":"Ti piace la videochiamata casuale? Unisciti a oltre 50.000.000 di sconosciuti su TinyChat! Accendi la tua videocamera e inizia a conoscere nuove persone o a trovare un partner.","robots":{"index":"index","follow":"follow","max-snippet":"max-snippet:-1","max-image-preview":"max-image-preview:large","max-video-preview":"max-video-preview:-1"},"canonical":"https:\/\/tinychat.com\/it\/random-video-call\/","og_locale":"it_IT","og_type":"article","og_title":"Random Video Call with Video Chat on TinyChat.com","og_description":"Enjoying Random Video Call? Join over 50,000,000 strangers on TinyChat! Turn on your cam and start meeting new people, or find a match.","og_url":"https:\/\/tinychat.com\/it\/random-video-call\/","og_site_name":"TinyChat","article_publisher":"https:\/\/www.facebook.com\/tinychat","article_modified_time":"2025-06-12T08:27:50+00:00","og_image":[{"width":1280,"height":284,"url":"https:\/\/tinychat.com\/wp-content\/uploads\/2020\/04\/Tinychat-logo-1280x284-new-black.png","type":"image\/png"}],"twitter_card":"summary_large_image","twitter_site":"@tinychat","twitter_misc":{"Tempo di lettura stimato":"4 minuti"},"schema":{"@context":"https:\/\/schema.org","@graph":[{"@type":"WebPage","@id":"https:\/\/tinychat.com\/random-video-call\/","url":"https:\/\/tinychat.com\/random-video-call\/","name":"Videochiamata casuale con chat video su TinyChat.com","isPartOf":{"@id":"https:\/\/tinychat.com\/#website"},"datePublished":"2025-05-18T20:16:01+00:00","dateModified":"2025-06-12T08:27:50+00:00","description":"Ti piace la videochiamata casuale? Unisciti a oltre 50.000.000 di sconosciuti su TinyChat! Accendi la tua videocamera e inizia a conoscere nuove persone o a trovare un partner.","breadcrumb":{"@id":"https:\/\/tinychat.com\/random-video-call\/#breadcrumb"},"inLanguage":"it-IT","potentialAction":[{"@type":"ReadAction","target":["https:\/\/tinychat.com\/random-video-call\/"]}]},{"@type":"BreadcrumbList","@id":"https:\/\/tinychat.com\/random-video-call\/#breadcrumb","itemListElement":[{"@type":"ListItem","position":1,"name":"Home","item":"https:\/\/tinychat.com\/"},{"@type":"ListItem","position":2,"name":"Random Video Call"}]},{"@type":"WebSite","@id":"https:\/\/tinychat.com\/#website","url":"https:\/\/tinychat.com\/","name":"TinyChat","description":"Videochat casuale con sconosciuti","publisher":{"@id":"https:\/\/tinychat.com\/#organization"},"alternateName":"TinyChat.com","potentialAction":[{"@type":"SearchAction","target":{"@type":"EntryPoint","urlTemplate":"https:\/\/tinychat.com\/?s={search_term_string}"},"query-input":{"@type":"PropertyValueSpecification","valueRequired":true,"valueName":"search_term_string"}}],"inLanguage":"it-IT"},{"@type":"Organization","@id":"https:\/\/tinychat.com\/#organization","name":"TinyChat","alternateName":"TinyChat.com","url":"https:\/\/tinychat.com\/","logo":{"@type":"ImageObject","inLanguage":"it-IT","@id":"https:\/\/tinychat.com\/#\/schema\/logo\/image\/","url":"https:\/\/tinychat.com\/wp-content\/uploads\/2023\/11\/Tinychat-icon-square.png","contentUrl":"https:\/\/tinychat.com\/wp-content\/uploads\/2023\/11\/Tinychat-icon-square.png","width":284,"height":284,"caption":"TinyChat"},"image":{"@id":"https:\/\/tinychat.com\/#\/schema\/logo\/image\/"},"sameAs":["https:\/\/www.facebook.com\/tinychat","https:\/\/x.com\/tinychat"]}]}},"_links":{"self":[{"href":"https:\/\/tinychat.com\/it\/wp-json\/wp\/v2\/pages\/3634","targetHints":{"allow":["GET"]}}],"collection":[{"href":"https:\/\/tinychat.com\/it\/wp-json\/wp\/v2\/pages"}],"about":[{"href":"https:\/\/tinychat.com\/it\/wp-json\/wp\/v2\/types\/page"}],"author":[{"embeddable":true,"href":"https:\/\/tinychat.com\/it\/wp-json\/wp\/v2\/users\/8"}],"replies":[{"embeddable":true,"href":"https:\/\/tinychat.com\/it\/wp-json\/wp\/v2\/comments?post=3634"}],"version-history":[{"count":3,"href":"https:\/\/tinychat.com\/it\/wp-json\/wp\/v2\/pages\/3634\/revisions"}],"predecessor-version":[{"id":13233,"href":"https:\/\/tinychat.com\/it\/wp-json\/wp\/v2\/pages\/3634\/revisions\/13233"}],"wp:attachment":[{"href":"https:\/\/tinychat.com\/it\/wp-json\/wp\/v2\/media?parent=3634"}],"curies":[{"name":"wp","href":"https:\/\/api.w.org\/{rel}","templated":true}]}}