{"id":3953,"date":"2025-09-03T08:28:59","date_gmt":"2025-09-03T06:28:59","guid":{"rendered":"https:\/\/tinychat.com\/?page_id=3953"},"modified":"2025-09-03T12:47:40","modified_gmt":"2025-09-03T10:47:40","slug":"random-video-chat-online","status":"publish","type":"page","link":"https:\/\/tinychat.com\/it\/random-video-chat-online\/","title":{"rendered":"Videochat casuale online"},"content":{"rendered":"<p>Internet ci ha messo in contatto in innumerevoli modi, ma poche cose sono cos\u00ec eccitanti, o cos\u00ec spontanee, come unirsi a una videochat casuale online. Basta un clic e improvvisamente ci si trova faccia a faccia con uno sconosciuto di un'altra citt\u00e0, paese o continente. A volte la conversazione \u00e8 sciocca, a volte \u00e8 sorprendentemente profonda e a volte porta a nuove amicizie o a qualcosa di pi\u00f9.<\/p>\n<p>A differenza dei social media, dove tutto \u00e8 rifinito e curato, la chat video online \u00e8 cruda, reale e in un momento. \u00c8 una socializzazione senza filtri: solo voi, la vostra webcam e qualcuno che non avete mai incontrato prima.<\/p>\n<h2>Che cos'\u00e8 la chat video casuale online?<\/h2>\n<p>Le chat video casuali online si riferiscono a piattaforme che mettono in contatto istantaneo con sconosciuti tramite videochiamate dal vivo. Invece di scegliere con chi parlare, la piattaforma vi abbina a qualcuno a caso. Se la conversazione non funziona, si preme \"next\" e si incontra immediatamente un'altra persona.<\/p>\n<p>Le caratteristiche principali di solito includono:<\/p>\n<ul>\n<li>Accesso gratuito - La maggior parte dei siti consente di effettuare videochiamate illimitate con estranei senza alcun costo.<\/li>\n<li>Opzioni anonime - Utilizzate un nickname o tenete la fotocamera spenta finch\u00e9 non vi sentite a vostro agio.<\/li>\n<li>Pulsante Skip - Per passare rapidamente oltre se la chat non \u00e8 di vostro gradimento.<\/li>\n<li>Portata globale - Incontrare persone da tutto il mondo in qualsiasi momento, di giorno e di notte.<\/li>\n<li>Filtri opzionali - Restringete le corrispondenze per interessi, localit\u00e0 o sesso.<\/li>\n<\/ul>\n<p>\u00c8 un mix imprevedibile di divertimento, cultura e relazioni umane.<\/p>\n<h2>Perch\u00e9 le persone usano la chat cam online casuale<\/h2>\n<p>Milioni di persone si affollano ogni mese sulle video chat casuali gratuite online. Ecco perch\u00e9 \u00e8 cos\u00ec attraente:<\/p>\n<ul>\n<li>Spontaneit\u00e0 - Non si sa mai chi sar\u00e0 il prossimo, il che lo rende eccitante.<\/li>\n<li>Accessibilit\u00e0 - Nessuna registrazione, nessun abbonamento: basta un clic per iniziare a chattare.<\/li>\n<li>Comunit\u00e0 globale - Incontrare persone di ogni cultura e provenienza.<\/li>\n<li>Bassa pressione - Non senti la scintilla? Saltate e riprovate, senza rancore.<\/li>\n<li>Variet\u00e0 di esperienze - Alcune chat sono leggere, altre sorprendentemente significative.<\/li>\n<\/ul>\n<p>Per molti \u00e8 un modo per uscire dalla routine e sperimentare qualcosa di nuovo senza uscire di casa.<\/p>\n<h2>Come funziona la chat video casuale online<\/h2>\n<p>Se non l'avete mai provato prima, ecco il semplice procedimento:<\/p>\n<ol>\n<li>Scegliere una piattaforma: le opzioni includono Omegle, Chatroulette, Chatspin, Camsurf e TinyChat.<\/li>\n<li>Abilitare la webcam e il microfono - Consentire al dispositivo di connettersi in tempo reale.<\/li>\n<li>Fare clic su \"Avvia\" o \"Connetti\" - Abbinamento immediato con uno sconosciuto a caso.<\/li>\n<li>Rimani o salta: chatta per tutto il tempo che vuoi o passa a un altro.<\/li>\n<li>Regolare i filtri - Utilizzare i filtri di genere, lingua o interesse, se disponibili.<\/li>\n<\/ol>\n<p>Avete il controllo per tutto il tempo: si tratta di flessibilit\u00e0 e divertimento.<\/p>\n<h2>Le migliori piattaforme per la chat video casuale online<\/h2>\n<p>Ecco alcuni dei luoghi pi\u00f9 popolari e affidabili per iniziare:<\/p>\n<ul>\n<li>Omegle - Il pioniere della chat di testo e video casuale.<\/li>\n<li>Chatroulette - Famoso per il suo veloce abbinamento globale.<\/li>\n<li>Chatspin - Offre filtri di genere e di interesse, oltre a divertenti effetti video.<\/li>\n<li>Camsurf - Si concentra sulla moderazione e sulla creazione di un ambiente sicuro.<\/li>\n<li>Chatrandom - Include sia chiamate individuali che chat room a tema.<\/li>\n<li>TinyChat - Unisce chat casuali a chat video pubbliche e private.<\/li>\n<li>Bazoocam - Il preferito dagli europei, con giochi integrati per rompere il ghiaccio.<\/li>\n<\/ul>\n<p>Ogni comunit\u00e0 \u00e8 diversa: alcune sono veloci, altre rilassate. Provarne alcune vi aiuter\u00e0 a trovare l'ambiente giusto.<\/p>\n<h2>Videochat casuale vs. social media<\/h2>\n<p>Pur essendo entrambi modi per entrare in contatto, sono esperienze molto diverse.<\/p>\n<table>\n<thead>\n<tr>\n<th>Caratteristica<\/th>\n<th>Videochat casuale online<\/th>\n<th>Piattaforme di social media<\/th>\n<\/tr>\n<\/thead>\n<tbody>\n<tr>\n<td>Conversazioni video in tempo reale<\/td>\n<td>\u2705<\/td>\n<td>\u26a0\ufe0f A volte (videochiamate)<\/td>\n<\/tr>\n<tr>\n<td>Corrispondenza casuale<\/td>\n<td>\u2705<\/td>\n<td>\u274c<\/td>\n<\/tr>\n<tr>\n<td>Non \u00e8 necessario un profilo<\/td>\n<td>\u2705<\/td>\n<td>\u274c<\/td>\n<\/tr>\n<tr>\n<td>Estranei globali<\/td>\n<td>\u2705<\/td>\n<td>\u274c (soprattutto amici\/follow)<\/td>\n<\/tr>\n<tr>\n<td>Opzione di salto istantaneo<\/td>\n<td>\u2705<\/td>\n<td>\u274c<\/td>\n<\/tr>\n<\/tbody>\n<\/table>\n<p>Le chat casuali sono all'insegna della spontaneit\u00e0, mentre i social media sono pi\u00f9 curati e controllati.<\/p>\n<h2>Sicurezza durante le chat online<\/h2>\n<p>Come per ogni cosa che coinvolge gli estranei, \u00e8 importante rimanere al sicuro:<\/p>\n<ul>\n<li>Proteggere le informazioni personali - Non condividete mai il vostro vero nome, indirizzo o numero di telefono.<\/li>\n<li>Usare un nickname neutro - Rimanere anonimi fino a quando non si sceglie diversamente.<\/li>\n<li>Attenzione allo sfondo - Non rivelare dettagli personali nella vista della fotocamera.<\/li>\n<li>Saltate se vi sembra strano - Fidatevi del vostro istinto e passate oltre se non vi sentite a vostro agio.<\/li>\n<li>Segnalare comportamenti inappropriati - Scegliere piattaforme che forniscono strumenti di moderazione.<\/li>\n<\/ul>\n<h2>Chi usa la chat video casuale online?<\/h2>\n<p>Il bello di queste piattaforme \u00e8 la loro diversit\u00e0. Troverete:<\/p>\n<ul>\n<li>Single - In cerca di chat divertenti o anche di romanticismo.<\/li>\n<li>Viaggiatori - Collegamento con la gente del posto o pratica delle lingue.<\/li>\n<li>Studenti - Incontro con coetanei provenienti da tutto il mondo.<\/li>\n<li>Nottambuli - Trovare compagnia a tarda notte.<\/li>\n<li>Persone curiose - Per vedere chi c'\u00e8 l\u00e0 fuori.<\/li>\n<\/ul>\n<p>\u00c8 un mix di personalit\u00e0, ed \u00e8 proprio questo che lo rende divertente.<\/p>\n<h2>TinyChat: un'altra versione delle videochiamate con gli sconosciuti<\/h2>\n<p>Se amate il brivido della chat video casuale ma desiderate un'opzione pi\u00f9 orientata alla comunit\u00e0, TinyChat \u00e8 un'ottima scelta. Combina la casualit\u00e0 dell'uno contro uno con le stanze video di gruppo, permettendovi di:<\/p>\n<ul>\n<li>Partecipa alle chat tematiche: dalla musica agli incontri, dai giochi alla politica.<\/li>\n<li>Ospitate la vostra sala privata: invitate gli amici o incontrate nuove persone in uno spazio controllato.<\/li>\n<li>Cambiare formato - Scegliete testo, voce o video, a seconda del vostro livello di comfort.<\/li>\n<li>Accesso su tutti i dispositivi - Funziona sui browser e sulle app mobili.<\/li>\n<\/ul>\n<p>L'TinyChat mantiene l'eccitazione della casualit\u00e0, offrendo al contempo una maggiore struttura se la si desidera.<\/p>\n<h2>Suggerimenti per un'ottima esperienza di chat online casuale<\/h2>\n<p>Per rendere le vostre conversazioni pi\u00f9 piacevoli, provate a seguire queste indicazioni:<\/p>\n<ul>\n<li>Sorridete quando vi connettete: un volto amichevole rende le persone pi\u00f9 propense a rimanere.<\/li>\n<li>Fate domande coinvolgenti: invece di un semplice \"ciao\", chiedete informazioni su hobby o esperienze.<\/li>\n<li>Mantenete una mentalit\u00e0 aperta: incontrerete persone di ogni estrazione sociale.<\/li>\n<li>Siate rispettosi: le buone maniere sono molto importanti.<\/li>\n<li>Sperimentate con i tempi: orari diversi della giornata significano incontrare persone di paesi diversi.<\/li>\n<\/ul>\n<h2>Funzionalit\u00e0 gratuite o a pagamento<\/h2>\n<p>La maggior parte delle piattaforme di chat video casuali sono gratuite, ma molte offrono vantaggi opzionali a pagamento.<\/p>\n<table>\n<thead>\n<tr>\n<th>Caratteristica<\/th>\n<th>Versione gratuita<\/th>\n<th>Versione a pagamento<\/th>\n<\/tr>\n<\/thead>\n<tbody>\n<tr>\n<td>Corrispondenza casuale<\/td>\n<td>\u2705 S\u00ec<\/td>\n<td>\u2705 S\u00ec<\/td>\n<\/tr>\n<tr>\n<td>Salti illimitati<\/td>\n<td>\u26a0\ufe0f Sometimes limited<\/td>\n<td>Sempre<\/td>\n<\/tr>\n<tr>\n<td>Filtri per genere\/localit\u00e0<\/td>\n<td>\u26a0\ufe0f Base o limitata<\/td>\n<td>\u2705 Avanzato<\/td>\n<\/tr>\n<tr>\n<td>Annunci rimossi<\/td>\n<td>\u274c<\/td>\n<td>\u2705 S\u00ec<\/td>\n<\/tr>\n<tr>\n<td>Accesso a sale VIP\/private<\/td>\n<td>\u274c<\/td>\n<td>\u2705 S\u00ec<\/td>\n<\/tr>\n<\/tbody>\n<\/table>\n<p>Per gli utenti occasionali, la versione gratuita offre di solito un sacco di divertimento.<\/p>\n<h2>L'emozione degli incontri casuali<\/h2>\n<p>Forse la pi\u00f9 grande attrattiva della video chat casuale online \u00e8 l'incognita. In una sola sessione, potreste:<\/p>\n<ul>\n<li>Imparare a conoscere un'altra cultura in prima persona.<\/li>\n<li>Condividere consigli musicali o cinematografici.<\/li>\n<li>Ridere delle battute di qualcuno dall'altra parte del mondo.<\/li>\n<li>Praticare una nuova lingua con un madrelingua.<\/li>\n<li>Trovare un amico, o anche una scintilla di romanticismo.<\/li>\n<\/ul>\n<p>Ogni clic \u00e8 un'occasione per scoprire qualcosa di nuovo.<\/p>\n<p>Le videochat casuali online sono diventate uno dei modi pi\u00f9 spontanei e gratificanti per incontrare persone in tutto il mondo. \u00c8 gratuita, istantanea e infinitamente varia, perfetta per quando si \u00e8 annoiati, curiosi o semplicemente in vena di entrare in contatto con qualcuno di nuovo.<\/p>\n<p>Sia che si utilizzi Omegle, Chatroulette, Chatspin o piattaforme basate sulla comunit\u00e0 come TinyChat, il principio \u00e8 lo stesso: fare clic, connettersi e vedere dove ci porta la conversazione.<\/p>\n<p>Se sei pronto a uscire dalla tua routine per entrare nell'inaspettato, prova oggi stesso una chat casuale in cam online. Non si sa mai: il prossimo sconosciuto sullo schermo potrebbe diventare la vostra storia preferita da raccontare.<\/p>","protected":false},"excerpt":{"rendered":"<p>The internet has connected us in countless ways, but few things feel as exciting\u2014or as spontaneous\u2014as joining a random video chat online. One click, and suddenly you\u2019re face-to-face with a stranger from another city, country, or continent. Sometimes the conversation is silly, sometimes it\u2019s surprisingly deep, and sometimes it leads to new friendships or more. [&hellip;]<\/p>\n","protected":false},"author":8,"featured_media":0,"parent":0,"menu_order":0,"comment_status":"closed","ping_status":"closed","template":"","meta":{"footnotes":""},"class_list":["post-3953","page","type-page","status-publish","hentry"],"yoast_head":"<!-- This site is optimized with the Yoast SEO plugin v27.4 - https:\/\/yoast.com\/product\/yoast-seo-wordpress\/ -->\n<title>Random Video Chat Online on TinyChat.com<\/title>\n<meta name=\"description\" content=\"Enjoying Random Video Chat Online? Join over 50,000,000 strangers on TinyChat! Turn on your cam and start meeting new people, or find a match.\" \/>\n<meta name=\"robots\" content=\"index, follow, max-snippet:-1, max-image-preview:large, max-video-preview:-1\" \/>\n<link rel=\"canonical\" href=\"https:\/\/tinychat.com\/it\/random-video-chat-online\/\" \/>\n<meta property=\"og:locale\" content=\"it_IT\" \/>\n<meta property=\"og:type\" content=\"article\" \/>\n<meta property=\"og:title\" content=\"Random Video Chat Online on TinyChat.com\" \/>\n<meta property=\"og:description\" content=\"Enjoying Random Video Chat Online? Join over 50,000,000 strangers on TinyChat! Turn on your cam and start meeting new people, or find a match.\" \/>\n<meta property=\"og:url\" content=\"https:\/\/tinychat.com\/it\/random-video-chat-online\/\" \/>\n<meta property=\"og:site_name\" content=\"TinyChat\" \/>\n<meta property=\"article:publisher\" content=\"https:\/\/www.facebook.com\/tinychat\" \/>\n<meta property=\"article:modified_time\" content=\"2025-09-03T10:47:40+00:00\" \/>\n<meta property=\"og:image\" content=\"https:\/\/tinychat.com\/wp-content\/uploads\/2020\/04\/Tinychat-logo-1280x284-new-black.png\" \/>\n\t<meta property=\"og:image:width\" content=\"1280\" \/>\n\t<meta property=\"og:image:height\" content=\"284\" \/>\n\t<meta property=\"og:image:type\" content=\"image\/png\" \/>\n<meta name=\"twitter:card\" content=\"summary_large_image\" \/>\n<meta name=\"twitter:site\" content=\"@tinychat\" \/>\n<meta name=\"twitter:label1\" content=\"Tempo di lettura stimato\" \/>\n\t<meta name=\"twitter:data1\" content=\"5 minuti\" \/>\n<script type=\"application\/ld+json\" class=\"yoast-schema-graph\">{\"@context\":\"https:\\\/\\\/schema.org\",\"@graph\":[{\"@type\":\"WebPage\",\"@id\":\"https:\\\/\\\/tinychat.com\\\/random-video-chat-online\\\/\",\"url\":\"https:\\\/\\\/tinychat.com\\\/random-video-chat-online\\\/\",\"name\":\"Random Video Chat Online on TinyChat.com\",\"isPartOf\":{\"@id\":\"https:\\\/\\\/tinychat.com\\\/#website\"},\"datePublished\":\"2025-09-03T06:28:59+00:00\",\"dateModified\":\"2025-09-03T10:47:40+00:00\",\"description\":\"Enjoying Random Video Chat Online? Join over 50,000,000 strangers on TinyChat! Turn on your cam and start meeting new people, or find a match.\",\"breadcrumb\":{\"@id\":\"https:\\\/\\\/tinychat.com\\\/random-video-chat-online\\\/#breadcrumb\"},\"inLanguage\":\"it-IT\",\"potentialAction\":[{\"@type\":\"ReadAction\",\"target\":[\"https:\\\/\\\/tinychat.com\\\/random-video-chat-online\\\/\"]}]},{\"@type\":\"BreadcrumbList\",\"@id\":\"https:\\\/\\\/tinychat.com\\\/random-video-chat-online\\\/#breadcrumb\",\"itemListElement\":[{\"@type\":\"ListItem\",\"position\":1,\"name\":\"Home\",\"item\":\"https:\\\/\\\/tinychat.com\\\/\"},{\"@type\":\"ListItem\",\"position\":2,\"name\":\"Random Video Chat Online\"}]},{\"@type\":\"WebSite\",\"@id\":\"https:\\\/\\\/tinychat.com\\\/#website\",\"url\":\"https:\\\/\\\/tinychat.com\\\/\",\"name\":\"TinyChat\",\"description\":\"Random Video Chat with Strangers\",\"publisher\":{\"@id\":\"https:\\\/\\\/tinychat.com\\\/#organization\"},\"alternateName\":\"TinyChat.com\",\"potentialAction\":[{\"@type\":\"SearchAction\",\"target\":{\"@type\":\"EntryPoint\",\"urlTemplate\":\"https:\\\/\\\/tinychat.com\\\/?s={search_term_string}\"},\"query-input\":{\"@type\":\"PropertyValueSpecification\",\"valueRequired\":true,\"valueName\":\"search_term_string\"}}],\"inLanguage\":\"it-IT\"},{\"@type\":\"Organization\",\"@id\":\"https:\\\/\\\/tinychat.com\\\/#organization\",\"name\":\"TinyChat\",\"alternateName\":\"TinyChat.com\",\"url\":\"https:\\\/\\\/tinychat.com\\\/\",\"logo\":{\"@type\":\"ImageObject\",\"inLanguage\":\"it-IT\",\"@id\":\"https:\\\/\\\/tinychat.com\\\/#\\\/schema\\\/logo\\\/image\\\/\",\"url\":\"https:\\\/\\\/tinychat.com\\\/wp-content\\\/uploads\\\/2023\\\/11\\\/Tinychat-icon-square.png\",\"contentUrl\":\"https:\\\/\\\/tinychat.com\\\/wp-content\\\/uploads\\\/2023\\\/11\\\/Tinychat-icon-square.png\",\"width\":284,\"height\":284,\"caption\":\"TinyChat\"},\"image\":{\"@id\":\"https:\\\/\\\/tinychat.com\\\/#\\\/schema\\\/logo\\\/image\\\/\"},\"sameAs\":[\"https:\\\/\\\/www.facebook.com\\\/tinychat\",\"https:\\\/\\\/x.com\\\/tinychat\"]}]}<\/script>\n<!-- \/ Yoast SEO plugin. -->","yoast_head_json":{"title":"Videochat casuale online su TinyChat.com","description":"Ti piace la video chat casuale online? Unisciti a oltre 50.000.000 di sconosciuti su TinyChat! Accendi la tua cam e inizia a conoscere nuove persone o a trovare un partner.","robots":{"index":"index","follow":"follow","max-snippet":"max-snippet:-1","max-image-preview":"max-image-preview:large","max-video-preview":"max-video-preview:-1"},"canonical":"https:\/\/tinychat.com\/it\/random-video-chat-online\/","og_locale":"it_IT","og_type":"article","og_title":"Random Video Chat Online on TinyChat.com","og_description":"Enjoying Random Video Chat Online? Join over 50,000,000 strangers on TinyChat! Turn on your cam and start meeting new people, or find a match.","og_url":"https:\/\/tinychat.com\/it\/random-video-chat-online\/","og_site_name":"TinyChat","article_publisher":"https:\/\/www.facebook.com\/tinychat","article_modified_time":"2025-09-03T10:47:40+00:00","og_image":[{"width":1280,"height":284,"url":"https:\/\/tinychat.com\/wp-content\/uploads\/2020\/04\/Tinychat-logo-1280x284-new-black.png","type":"image\/png"}],"twitter_card":"summary_large_image","twitter_site":"@tinychat","twitter_misc":{"Tempo di lettura stimato":"5 minuti"},"schema":{"@context":"https:\/\/schema.org","@graph":[{"@type":"WebPage","@id":"https:\/\/tinychat.com\/random-video-chat-online\/","url":"https:\/\/tinychat.com\/random-video-chat-online\/","name":"Videochat casuale online su TinyChat.com","isPartOf":{"@id":"https:\/\/tinychat.com\/#website"},"datePublished":"2025-09-03T06:28:59+00:00","dateModified":"2025-09-03T10:47:40+00:00","description":"Ti piace la video chat casuale online? Unisciti a oltre 50.000.000 di sconosciuti su TinyChat! Accendi la tua cam e inizia a conoscere nuove persone o a trovare un partner.","breadcrumb":{"@id":"https:\/\/tinychat.com\/random-video-chat-online\/#breadcrumb"},"inLanguage":"it-IT","potentialAction":[{"@type":"ReadAction","target":["https:\/\/tinychat.com\/random-video-chat-online\/"]}]},{"@type":"BreadcrumbList","@id":"https:\/\/tinychat.com\/random-video-chat-online\/#breadcrumb","itemListElement":[{"@type":"ListItem","position":1,"name":"Home","item":"https:\/\/tinychat.com\/"},{"@type":"ListItem","position":2,"name":"Random Video Chat Online"}]},{"@type":"WebSite","@id":"https:\/\/tinychat.com\/#website","url":"https:\/\/tinychat.com\/","name":"TinyChat","description":"Videochat casuale con sconosciuti","publisher":{"@id":"https:\/\/tinychat.com\/#organization"},"alternateName":"TinyChat.com","potentialAction":[{"@type":"SearchAction","target":{"@type":"EntryPoint","urlTemplate":"https:\/\/tinychat.com\/?s={search_term_string}"},"query-input":{"@type":"PropertyValueSpecification","valueRequired":true,"valueName":"search_term_string"}}],"inLanguage":"it-IT"},{"@type":"Organization","@id":"https:\/\/tinychat.com\/#organization","name":"TinyChat","alternateName":"TinyChat.com","url":"https:\/\/tinychat.com\/","logo":{"@type":"ImageObject","inLanguage":"it-IT","@id":"https:\/\/tinychat.com\/#\/schema\/logo\/image\/","url":"https:\/\/tinychat.com\/wp-content\/uploads\/2023\/11\/Tinychat-icon-square.png","contentUrl":"https:\/\/tinychat.com\/wp-content\/uploads\/2023\/11\/Tinychat-icon-square.png","width":284,"height":284,"caption":"TinyChat"},"image":{"@id":"https:\/\/tinychat.com\/#\/schema\/logo\/image\/"},"sameAs":["https:\/\/www.facebook.com\/tinychat","https:\/\/x.com\/tinychat"]}]}},"_links":{"self":[{"href":"https:\/\/tinychat.com\/it\/wp-json\/wp\/v2\/pages\/3953","targetHints":{"allow":["GET"]}}],"collection":[{"href":"https:\/\/tinychat.com\/it\/wp-json\/wp\/v2\/pages"}],"about":[{"href":"https:\/\/tinychat.com\/it\/wp-json\/wp\/v2\/types\/page"}],"author":[{"embeddable":true,"href":"https:\/\/tinychat.com\/it\/wp-json\/wp\/v2\/users\/8"}],"replies":[{"embeddable":true,"href":"https:\/\/tinychat.com\/it\/wp-json\/wp\/v2\/comments?post=3953"}],"version-history":[{"count":4,"href":"https:\/\/tinychat.com\/it\/wp-json\/wp\/v2\/pages\/3953\/revisions"}],"predecessor-version":[{"id":13499,"href":"https:\/\/tinychat.com\/it\/wp-json\/wp\/v2\/pages\/3953\/revisions\/13499"}],"wp:attachment":[{"href":"https:\/\/tinychat.com\/it\/wp-json\/wp\/v2\/media?parent=3953"}],"curies":[{"name":"wp","href":"https:\/\/api.w.org\/{rel}","templated":true}]}}