{"id":3970,"date":"2025-08-07T10:31:39","date_gmt":"2025-08-07T08:31:39","guid":{"rendered":"https:\/\/tinychat.com\/?page_id=3970"},"modified":"2025-08-07T10:52:50","modified_gmt":"2025-08-07T08:52:50","slug":"random-webcam-chat","status":"publish","type":"page","link":"https:\/\/tinychat.com\/it\/random-webcam-chat\/","title":{"rendered":"Chat webcam casuale"},"content":{"rendered":"<p>Internet ha trasformato il mondo intero in un grande quartiere e niente cattura questo spirito come le chat casuali via webcam. In pochi clic, potete passare dal vostro salotto a una conversazione faccia a faccia con uno sconosciuto dall'altra parte del mondo. Se state cercando di fare amicizia, conoscere altre culture o semplicemente divertirvi in modo spontaneo, la chat casuale con webcam \u00e8 l'ultima avventura digitale.<\/p>\n<p>Quindi, cos'\u00e8 esattamente la chat casuale via webcam, come funziona e perch\u00e9 sta conquistando il mondo online? Vediamo come funziona.<\/p>\n<h2>Che cos'\u00e8 la chat webcam casuale?<\/h2>\n<p>La chat casuale via webcam \u00e8 un concetto semplice ma potente: accedi a una piattaforma, accendi la tua webcam e vieni accoppiato istantaneamente con uno sconosciuto per una conversazione video dal vivo. Non c'\u00e8 bisogno di condividere dati personali, creare un profilo o aspettare una richiesta di amicizia: solo una connessione istantanea e in tempo reale.<\/p>\n<p>Le caratteristiche principali di solito includono:<\/p>\n<ul>\n<li>Chat casuale gratuita in webcam: Nessun costo per iniziare; molti siti leader offrono chat gratuite illimitate.<\/li>\n<li>Abbinamento uno a uno: si viene abbinati a una persona alla volta per una conversazione autentica.<\/li>\n<li>Pulsanti \"Avanti\" o \"Salta\": Se la chat non \u00e8 di vostro gradimento, cliccate per incontrare subito qualcuno di nuovo.<\/li>\n<li>Anonimato: Usate un nickname o rimanete totalmente anonimi: condividete solo ci\u00f2 che vi fa sentire a vostro agio.<\/li>\n<\/ul>\n<p>Dalle conversazioni casuali ai discorsi profondi, ogni chat \u00e8 unica.<\/p>\n<h2>Perch\u00e9 provare la chat webcam casuale con gli sconosciuti?<\/h2>\n<p>Milioni di persone in tutto il mondo amano le chat casuali via webcam per molte ragioni:<\/p>\n<ul>\n<li>Connessione immediata: Non c'\u00e8 bisogno di creare un profilo o di scorrere per ore: iniziate a chattare in pochi secondi.<\/li>\n<li>Amicizie globali: Incontrare persone di ogni continente, cultura e provenienza.<\/li>\n<li>Esercitare le abilit\u00e0 sociali: Ideale per le persone timide, per chi studia le lingue o per chiunque voglia aumentare la fiducia in se stesso.<\/li>\n<li>Nessuna pressione: Non siete in sintonia? Saltate e andate avanti, senza rancore.<\/li>\n<li>Combattere la solitudine: Perfetto per le ore piccole, i giorni di pioggia o ogni volta che si desidera un po' di connessione umana.<\/li>\n<li>Divertimento imprevedibile: Ogni chat \u00e8 una nuova storia; non si sa mai chi si incontra o di cosa si parla.<\/li>\n<\/ul>\n<blockquote><p>\"Mi sono iscritta a una webcam chat a caso solo per ammazzare il tempo, e ora ho amici da quattro Paesi diversi. Alcune chat sono sciocche, altre profonde e altre ancora mi fanno semplicemente ridere\".<\/p><\/blockquote>\n<h2>Come funziona la chat casuale gratuita con webcam?<\/h2>\n<p>Iniziare a chattare in webcam in modo casuale non potrebbe essere pi\u00f9 facile, anche se non avete mai provato prima:<\/p>\n<ol>\n<li>Scegliere una piattaforma: Ci sono decine di siti e applicazioni di chat in webcam gratuite e casuali (vedi sotto per le migliori scelte).<\/li>\n<li>Consentire l'accesso alla fotocamera e al microfono: Il browser o l'applicazione chiederanno il permesso di utilizzare la webcam e il microfono.<\/li>\n<li>Scegliete le opzioni: Alcune piattaforme consentono di filtrare per sesso, paese o interessi.<\/li>\n<li>Fare clic su \"Avvia\", \"Connetti\" o \"Avanti\": Abbinate immediatamente un estraneo a caso per una videochiamata dal vivo.<\/li>\n<li>Chiacchierate per tutto il tempo che volete: Se si trova un'intesa con qualcuno, si pu\u00f2 rimanere. In caso contrario, premete \"next\" per un nuovo incontro.<\/li>\n<\/ol>\n<p>Nessuna iscrizione, nessun vincolo: solo pura conversazione dal vivo.<\/p>\n<h2>I migliori siti e app di chat webcam casuali<\/h2>\n<p>Siete curiosi di sapere da dove cominciare? Ecco alcune delle piattaforme pi\u00f9 quotate e affidabili per le chat casuali gratuite in webcam:<\/p>\n<ul>\n<li>Omegle: l'originale, ancora in vigore per le chat video anonime con gli sconosciuti.<\/li>\n<li>Chatroulette: veloce, sempre attivo e popolare in tutto il mondo.<\/li>\n<li>Chatspin: Filtri per sesso, localit\u00e0 e interessi. Effetti video divertenti e facili da usare.<\/li>\n<li>Camsurf: Moderato per la sicurezza e la positivit\u00e0; mobile-friendly e semplice.<\/li>\n<li>Chatrandom: Chat di gruppo e private, oltre a filtri per incontri personalizzati.<\/li>\n<li>Bazoocam: popolare in Europa, con giochi per rompere il ghiaccio.<\/li>\n<\/ul>\n<p>Provatene qualcuna per capire quale sia l'atmosfera e le caratteristiche pi\u00f9 adatte a voi: ogni comunit\u00e0 ha la sua energia.<\/p>\n<h2>Chat casuale con webcam vs. altre chat online<\/h2>\n<table>\n<thead>\n<tr>\n<th>Caratteristica<\/th>\n<th>Chat webcam casuale<\/th>\n<th>Chat di gruppo<\/th>\n<th>Media sociali<\/th>\n<th>Applicazioni di messaggistica<\/th>\n<\/tr>\n<\/thead>\n<tbody>\n<tr>\n<td>Video in tempo reale<\/td>\n<td>\u2705<\/td>\n<td>\u2705<\/td>\n<td>\u2705<\/td>\n<td>\u2705<\/td>\n<\/tr>\n<tr>\n<td>Abbinamento casuale e anonimo<\/td>\n<td>\u2705<\/td>\n<td>\u274c<\/td>\n<td>\u274c<\/td>\n<td>\u274c<\/td>\n<\/tr>\n<tr>\n<td>Opzione \"Avanti\"\/Salta<\/td>\n<td>\u2705<\/td>\n<td>\u274c<\/td>\n<td>\u274c<\/td>\n<td>\u274c<\/td>\n<\/tr>\n<tr>\n<td>Non \u00e8 richiesta l'iscrizione<\/td>\n<td>\u2705<\/td>\n<td>\u2705\/\u274c<\/td>\n<td>\u274c<\/td>\n<td>\u274c<\/td>\n<\/tr>\n<tr>\n<td>Utilizzo gratuito<\/td>\n<td>\u2705<\/td>\n<td>\u2705<\/td>\n<td>\u2705<\/td>\n<td>\u2705<\/td>\n<\/tr>\n<\/tbody>\n<\/table>\n<p>La chat casuale in webcam \u00e8 impareggiabile per la sua spontaneit\u00e0, l'anonimato e il brivido di non sapere chi incontrerete dopo.<\/p>\n<h2>La chat webcam casuale \u00e8 sicura?<\/h2>\n<p>La maggior parte delle persone utilizza le chat casuali via webcam per un divertimento innocuo, ma come per qualsiasi cosa online, la sicurezza viene prima di tutto:<\/p>\n<ul>\n<li>Non condividete mai i vostri dati personali: Mantenete il vostro nome e cognome, l'indirizzo, il numero di telefono e i social media privati.<\/li>\n<li>Utilizzate uno sfondo neutro: Non mostrate nulla che non vorreste far vedere agli estranei.<\/li>\n<li>Fidatevi del vostro istinto: Se qualcuno vi sembra fuori luogo o vi mette a disagio, saltatelo o bloccatelo.<\/li>\n<li>Segnalare un comportamento inappropriato: La maggior parte delle piattaforme dispone di funzioni di segnalazione e blocco rapido.<\/li>\n<li>Siate prudenti con i link e i file: Non cliccate o scaricate mai qualcosa da uno sconosciuto.<\/li>\n<\/ul>\n<p>Per un'esperienza ottimale, attenetevi a siti affidabili con una moderazione attiva e regole chiare.<\/p>\n<h2>Chi usa la chat webcam casuale?<\/h2>\n<p>\u00c8 per tutti! Gli utenti tipici sono:<\/p>\n<ul>\n<li>Singoli che cercano di flirtare o trovare nuovi amici<\/li>\n<li>Studenti e studenti di lingue che si esercitano nella conversazione<\/li>\n<li>Nottambuli e insonni annoiati in cerca di compagnia<\/li>\n<li>Persone che desiderano connettersi a livello globale o conoscere nuove culture<\/li>\n<li>Chiunque voglia solo un po' di divertimento spontaneo<\/li>\n<\/ul>\n<p>Indipendentemente dall'et\u00e0, dal background o dagli interessi, \u00e8 probabile che incontriate qualcuno che vi sorprende.<\/p>\n<h2>Suggerimenti per un'ottima esperienza di chat webcam casuale<\/h2>\n<ul>\n<li>Siate cordiali: sorridete, salutate e iniziate con una semplice domanda.<\/li>\n<li>Mantenere la leggerezza: Non abbiate paura di essere sciocchi, di condividere una battuta o di chiedere degli hobby.<\/li>\n<li>Non prendetela sul personale se qualcuno salta: Ognuno cerca qualcosa di diverso.<\/li>\n<li>Utilizzare i filtri se disponibili: Il genere, il paese o i tag di interesse aiutano a trovare le corrispondenze migliori.<\/li>\n<li>Provate in orari diversi: Il mondo \u00e8 sempre sveglio da qualche parte: mescolate per trovare nuovi volti.<\/li>\n<\/ul>\n<h2>Quando usare la chat casuale via webcam<\/h2>\n<ul>\n<li>Quando ci si annoia e si desidera una compagnia spontanea<\/li>\n<li>Incontrare persone di altri paesi e culture<\/li>\n<li>Per praticare nuove lingue o abilit\u00e0 sociali<\/li>\n<li>Se vi sentite soli o se volete solo parlare<\/li>\n<li>Ogni volta che si desidera un'avventura in tempo reale e senza copione<\/li>\n<\/ul>\n<h2>Funzionalit\u00e0 gratuite o a pagamento<\/h2>\n<p>La maggior parte delle piattaforme di chat via webcam sono totalmente gratuite. Alcune offrono extra opzionali a pagamento come:<\/p>\n<ul>\n<li>Filtri o abbinamenti illimitati<\/li>\n<li>Esperienza senza annunci<\/li>\n<li>Priorit\u00e0 nelle code o nelle funzioni premium<\/li>\n<li>Accesso a chat room private o esclusive<\/li>\n<\/ul>\n<p>La versione gratuita \u00e8 pi\u00f9 che sufficiente per la maggior parte degli utenti: non \u00e8 necessario pagare, a meno che non si vogliano ottenere vantaggi extra.<\/p>\n<p>Le chat casuali via webcam sono la risposta moderna alla curiosit\u00e0, alla connessione e al divertimento globale. Che siate alla ricerca di amicizia, romanticismo, pratica della lingua o semplicemente di qualcosa per spezzare la routine, queste piattaforme mettono un mondo di volti a portata di mano: nessun impegno, nessuna pressione, solo persone reali e conversazioni reali.<\/p>\n<p>Siete pronti a provare? Accendi la tua webcam, scegli un sito e guarda chi c'\u00e8 l\u00e0 fuori. La vostra prossima chat preferita potrebbe essere a portata di clic.<\/p>","protected":false},"excerpt":{"rendered":"<p>The internet has turned the whole world into one big neighborhood\u2014and nothing captures that spirit quite like random webcam chat. In just a few clicks, you can go from your living room to a face-to-face conversation with a stranger across the globe. Whether you\u2019re looking to make friends, learn about other cultures, or just have [&hellip;]<\/p>\n","protected":false},"author":8,"featured_media":0,"parent":0,"menu_order":0,"comment_status":"closed","ping_status":"closed","template":"","meta":{"footnotes":""},"class_list":["post-3970","page","type-page","status-publish","hentry"],"yoast_head":"<!-- This site is optimized with the Yoast SEO plugin v27.5 - https:\/\/yoast.com\/product\/yoast-seo-wordpress\/ -->\n<title>Random Webcam Chat with Video Chat on TinyChat.com<\/title>\n<meta name=\"description\" content=\"Enjoying Random Webcam Chat? Join over 50,000,000 strangers on TinyChat! Turn on your cam and start meeting new people, or find a match.\" \/>\n<meta name=\"robots\" content=\"index, follow, max-snippet:-1, max-image-preview:large, max-video-preview:-1\" \/>\n<link rel=\"canonical\" href=\"https:\/\/tinychat.com\/it\/random-webcam-chat\/\" \/>\n<meta property=\"og:locale\" content=\"it_IT\" \/>\n<meta property=\"og:type\" content=\"article\" \/>\n<meta property=\"og:title\" content=\"Random Webcam Chat with Video Chat on TinyChat.com\" \/>\n<meta property=\"og:description\" content=\"Enjoying Random Webcam Chat? Join over 50,000,000 strangers on TinyChat! Turn on your cam and start meeting new people, or find a match.\" \/>\n<meta property=\"og:url\" content=\"https:\/\/tinychat.com\/it\/random-webcam-chat\/\" \/>\n<meta property=\"og:site_name\" content=\"TinyChat\" \/>\n<meta property=\"article:publisher\" content=\"https:\/\/www.facebook.com\/tinychat\" \/>\n<meta property=\"article:modified_time\" content=\"2025-08-07T08:52:50+00:00\" \/>\n<meta property=\"og:image\" content=\"https:\/\/tinychat.com\/wp-content\/uploads\/2020\/04\/Tinychat-logo-1280x284-new-black.png\" \/>\n\t<meta property=\"og:image:width\" content=\"1280\" \/>\n\t<meta property=\"og:image:height\" content=\"284\" \/>\n\t<meta property=\"og:image:type\" content=\"image\/png\" \/>\n<meta name=\"twitter:card\" content=\"summary_large_image\" \/>\n<meta name=\"twitter:site\" content=\"@tinychat\" \/>\n<meta name=\"twitter:label1\" content=\"Tempo di lettura stimato\" \/>\n\t<meta name=\"twitter:data1\" content=\"5 minuti\" \/>\n<script type=\"application\/ld+json\" class=\"yoast-schema-graph\">{\"@context\":\"https:\\\/\\\/schema.org\",\"@graph\":[{\"@type\":\"WebPage\",\"@id\":\"https:\\\/\\\/tinychat.com\\\/random-webcam-chat\\\/\",\"url\":\"https:\\\/\\\/tinychat.com\\\/random-webcam-chat\\\/\",\"name\":\"Random Webcam Chat with Video Chat on TinyChat.com\",\"isPartOf\":{\"@id\":\"https:\\\/\\\/tinychat.com\\\/#website\"},\"datePublished\":\"2025-08-07T08:31:39+00:00\",\"dateModified\":\"2025-08-07T08:52:50+00:00\",\"description\":\"Enjoying Random Webcam Chat? Join over 50,000,000 strangers on TinyChat! Turn on your cam and start meeting new people, or find a match.\",\"breadcrumb\":{\"@id\":\"https:\\\/\\\/tinychat.com\\\/random-webcam-chat\\\/#breadcrumb\"},\"inLanguage\":\"it-IT\",\"potentialAction\":[{\"@type\":\"ReadAction\",\"target\":[\"https:\\\/\\\/tinychat.com\\\/random-webcam-chat\\\/\"]}]},{\"@type\":\"BreadcrumbList\",\"@id\":\"https:\\\/\\\/tinychat.com\\\/random-webcam-chat\\\/#breadcrumb\",\"itemListElement\":[{\"@type\":\"ListItem\",\"position\":1,\"name\":\"Home\",\"item\":\"https:\\\/\\\/tinychat.com\\\/\"},{\"@type\":\"ListItem\",\"position\":2,\"name\":\"Random Webcam Chat\"}]},{\"@type\":\"WebSite\",\"@id\":\"https:\\\/\\\/tinychat.com\\\/#website\",\"url\":\"https:\\\/\\\/tinychat.com\\\/\",\"name\":\"TinyChat\",\"description\":\"Random Video Chat with Strangers\",\"publisher\":{\"@id\":\"https:\\\/\\\/tinychat.com\\\/#organization\"},\"alternateName\":\"TinyChat.com\",\"potentialAction\":[{\"@type\":\"SearchAction\",\"target\":{\"@type\":\"EntryPoint\",\"urlTemplate\":\"https:\\\/\\\/tinychat.com\\\/?s={search_term_string}\"},\"query-input\":{\"@type\":\"PropertyValueSpecification\",\"valueRequired\":true,\"valueName\":\"search_term_string\"}}],\"inLanguage\":\"it-IT\"},{\"@type\":\"Organization\",\"@id\":\"https:\\\/\\\/tinychat.com\\\/#organization\",\"name\":\"TinyChat\",\"alternateName\":\"TinyChat.com\",\"url\":\"https:\\\/\\\/tinychat.com\\\/\",\"logo\":{\"@type\":\"ImageObject\",\"inLanguage\":\"it-IT\",\"@id\":\"https:\\\/\\\/tinychat.com\\\/#\\\/schema\\\/logo\\\/image\\\/\",\"url\":\"https:\\\/\\\/tinychat.com\\\/wp-content\\\/uploads\\\/2023\\\/11\\\/Tinychat-icon-square.png\",\"contentUrl\":\"https:\\\/\\\/tinychat.com\\\/wp-content\\\/uploads\\\/2023\\\/11\\\/Tinychat-icon-square.png\",\"width\":284,\"height\":284,\"caption\":\"TinyChat\"},\"image\":{\"@id\":\"https:\\\/\\\/tinychat.com\\\/#\\\/schema\\\/logo\\\/image\\\/\"},\"sameAs\":[\"https:\\\/\\\/www.facebook.com\\\/tinychat\",\"https:\\\/\\\/x.com\\\/tinychat\"]}]}<\/script>\n<!-- \/ Yoast SEO plugin. -->","yoast_head_json":{"title":"Chat casuale con webcam e video chat su TinyChat.com","description":"Ti piace la chat webcam casuale? Unisciti a oltre 50.000.000 di sconosciuti su TinyChat! Accendi la tua cam e inizia a conoscere nuove persone o a trovare un partner.","robots":{"index":"index","follow":"follow","max-snippet":"max-snippet:-1","max-image-preview":"max-image-preview:large","max-video-preview":"max-video-preview:-1"},"canonical":"https:\/\/tinychat.com\/it\/random-webcam-chat\/","og_locale":"it_IT","og_type":"article","og_title":"Random Webcam Chat with Video Chat on TinyChat.com","og_description":"Enjoying Random Webcam Chat? Join over 50,000,000 strangers on TinyChat! Turn on your cam and start meeting new people, or find a match.","og_url":"https:\/\/tinychat.com\/it\/random-webcam-chat\/","og_site_name":"TinyChat","article_publisher":"https:\/\/www.facebook.com\/tinychat","article_modified_time":"2025-08-07T08:52:50+00:00","og_image":[{"width":1280,"height":284,"url":"https:\/\/tinychat.com\/wp-content\/uploads\/2020\/04\/Tinychat-logo-1280x284-new-black.png","type":"image\/png"}],"twitter_card":"summary_large_image","twitter_site":"@tinychat","twitter_misc":{"Tempo di lettura stimato":"5 minuti"},"schema":{"@context":"https:\/\/schema.org","@graph":[{"@type":"WebPage","@id":"https:\/\/tinychat.com\/random-webcam-chat\/","url":"https:\/\/tinychat.com\/random-webcam-chat\/","name":"Chat casuale con webcam e video chat su TinyChat.com","isPartOf":{"@id":"https:\/\/tinychat.com\/#website"},"datePublished":"2025-08-07T08:31:39+00:00","dateModified":"2025-08-07T08:52:50+00:00","description":"Ti piace la chat webcam casuale? Unisciti a oltre 50.000.000 di sconosciuti su TinyChat! Accendi la tua cam e inizia a conoscere nuove persone o a trovare un partner.","breadcrumb":{"@id":"https:\/\/tinychat.com\/random-webcam-chat\/#breadcrumb"},"inLanguage":"it-IT","potentialAction":[{"@type":"ReadAction","target":["https:\/\/tinychat.com\/random-webcam-chat\/"]}]},{"@type":"BreadcrumbList","@id":"https:\/\/tinychat.com\/random-webcam-chat\/#breadcrumb","itemListElement":[{"@type":"ListItem","position":1,"name":"Home","item":"https:\/\/tinychat.com\/"},{"@type":"ListItem","position":2,"name":"Random Webcam Chat"}]},{"@type":"WebSite","@id":"https:\/\/tinychat.com\/#website","url":"https:\/\/tinychat.com\/","name":"TinyChat","description":"Videochat casuale con sconosciuti","publisher":{"@id":"https:\/\/tinychat.com\/#organization"},"alternateName":"TinyChat.com","potentialAction":[{"@type":"SearchAction","target":{"@type":"EntryPoint","urlTemplate":"https:\/\/tinychat.com\/?s={search_term_string}"},"query-input":{"@type":"PropertyValueSpecification","valueRequired":true,"valueName":"search_term_string"}}],"inLanguage":"it-IT"},{"@type":"Organization","@id":"https:\/\/tinychat.com\/#organization","name":"TinyChat","alternateName":"TinyChat.com","url":"https:\/\/tinychat.com\/","logo":{"@type":"ImageObject","inLanguage":"it-IT","@id":"https:\/\/tinychat.com\/#\/schema\/logo\/image\/","url":"https:\/\/tinychat.com\/wp-content\/uploads\/2023\/11\/Tinychat-icon-square.png","contentUrl":"https:\/\/tinychat.com\/wp-content\/uploads\/2023\/11\/Tinychat-icon-square.png","width":284,"height":284,"caption":"TinyChat"},"image":{"@id":"https:\/\/tinychat.com\/#\/schema\/logo\/image\/"},"sameAs":["https:\/\/www.facebook.com\/tinychat","https:\/\/x.com\/tinychat"]}]}},"_links":{"self":[{"href":"https:\/\/tinychat.com\/it\/wp-json\/wp\/v2\/pages\/3970","targetHints":{"allow":["GET"]}}],"collection":[{"href":"https:\/\/tinychat.com\/it\/wp-json\/wp\/v2\/pages"}],"about":[{"href":"https:\/\/tinychat.com\/it\/wp-json\/wp\/v2\/types\/page"}],"author":[{"embeddable":true,"href":"https:\/\/tinychat.com\/it\/wp-json\/wp\/v2\/users\/8"}],"replies":[{"embeddable":true,"href":"https:\/\/tinychat.com\/it\/wp-json\/wp\/v2\/comments?post=3970"}],"version-history":[{"count":2,"href":"https:\/\/tinychat.com\/it\/wp-json\/wp\/v2\/pages\/3970\/revisions"}],"predecessor-version":[{"id":13416,"href":"https:\/\/tinychat.com\/it\/wp-json\/wp\/v2\/pages\/3970\/revisions\/13416"}],"wp:attachment":[{"href":"https:\/\/tinychat.com\/it\/wp-json\/wp\/v2\/media?parent=3970"}],"curies":[{"name":"wp","href":"https:\/\/api.w.org\/{rel}","templated":true}]}}