{"id":3987,"date":"2025-05-23T17:34:41","date_gmt":"2025-05-23T15:34:41","guid":{"rendered":"https:\/\/tinychat.com\/?page_id=3987"},"modified":"2025-06-12T10:27:56","modified_gmt":"2025-06-12T08:27:56","slug":"talk-to-strangers","status":"publish","type":"page","link":"https:\/\/tinychat.com\/it\/talk-to-strangers\/","title":{"rendered":"Parlare con gli sconosciuti"},"content":{"rendered":"<p>Il desiderio di parlare con sconosciuti online non \u00e8 una questione di chiacchiere, ma di serendipit\u00e0, sorpresa e, a volte, anche di scoperta di s\u00e9. Che ci si senta isolati, annoiati, curiosi o avventurosi, il desiderio di entrare in contatto con qualcuno di nuovo, al di fuori della propria cerchia abituale, \u00e8 profondamente umano. \u00c8 qui che piattaforme come <a href=\"https:\/\/tinychat.com\/it\/\">TinyChat<\/a> intervengono, creando ambienti sicuri, facili e coinvolgenti per fare proprio questo: parlare con gli sconosciuti.<\/p>\n<p>Questo articolo \u00e8 una guida completa su come parlare con gli sconosciuti online: perch\u00e9 le persone lo fanno, come farlo in modo sicuro e perch\u00e9 <a href=\"https:\/\/tinychat.com\/it\/\">TinyChat<\/a> \u00e8 una delle migliori piattaforme oggi disponibili per un'interazione significativa e in tempo reale.<\/p>\n<h2>Perch\u00e9 le persone vogliono parlare con gli sconosciuti?<\/h2>\n<p>A prima vista, l'idea potrebbe sembrare strana: perch\u00e9 voler parlare con qualcuno che non si \u00e8 mai incontrato e che forse non si vedr\u00e0 mai pi\u00f9? Ma in realt\u00e0 \u00e8 proprio questo il punto.<\/p>\n<h3>1. Libert\u00e0 senza giudizio<\/h3>\n<p>Parlare con gli sconosciuti significa poter essere chiunque si voglia. Non c'\u00e8 bagaglio sociale, non c'\u00e8 bisogno di esibirsi e non c'\u00e8 paura di conseguenze a lungo termine. Potete sfogarvi, sperimentare, esplorare o semplicemente essere voi stessi senza filtri.<\/p>\n<h3>2. Curiosit\u00e0 autentica<\/h3>\n<p>Gli esseri umani sono naturalmente curiosi. Vogliamo sapere come vivono le persone in altri Paesi, cosa pensano di certi argomenti o come la loro vita differisce dalla nostra. Parlare con gli sconosciuti ci offre una finestra sul mondo degli altri.<\/p>\n<h3>3. Combattere la solitudine<\/h3>\n<p>In un mondo che \u00e8 pi\u00f9 che mai connesso digitalmente, molte persone si sentono emotivamente scollegate. Parlare con estranei online pu\u00f2 alleviare il senso di isolamento, soprattutto per chi lavora a distanza, vive da solo o soffre di ansia sociale.<\/p>\n<h3>4. Fare nuove amicizie<\/h3>\n<p>Mentre alcune conversazioni sono fugaci, altre sbocciano in vere e proprie amicizie. Molte persone incontrano amici o partner che durano tutta la vita semplicemente iniziando una conversazione. <a href=\"https:\/\/tinychat.com\/it\/chatroulette\/\">chat<\/a> con un <a href=\"https:\/\/tinychat.com\/it\/strangercam\/\">estraneo<\/a>.<\/p>\n<h3>5. Crescita personale<\/h3>\n<p>Ogni conversazione con un <a href=\"https:\/\/tinychat.com\/it\/strangercam\/\">estraneo<\/a> pu\u00f2 mettere in discussione le vostre ipotesi, ampliare il vostro pensiero o aiutarvi a praticare l'empatia. \u00c8 una forma di sviluppo sociale a basso rischio che d\u00e0 buoni frutti dal punto di vista emotivo.<\/p>\n<h2>Che cosa significa oggi \"parlare con gli sconosciuti\"?<\/h2>\n<p>Nell'era digitale, \"parlare con gli sconosciuti\" non significa pi\u00f9 solo chiacchierare con qualcuno sul treno o in un caff\u00e8. Oggi significa:<\/p>\n<ul>\n<li>Facendo clic su un pulsante si ottiene l'abbinamento con una persona casuale <a href=\"https:\/\/tinychat.com\/it\/strangercam\/\">estraneo<\/a> in qualsiasi parte del mondo.<\/li>\n<li>Conversazioni spontanee via testo o video, spesso in forma anonima.<\/li>\n<li>Coinvolgere attraverso il coinvolgimento basato sugli interessi <a href=\"https:\/\/tinychat.com\/it\/chatroulette\/\">chat<\/a> stanze o gruppi di streaming dal vivo.<\/li>\n<li>Parlare con le persone senza dover creare un profilo sociale o usare il proprio nome reale.<\/li>\n<\/ul>\n<p>E soprattutto significa apertura a nuove esperienze, a volte sciocche, a volte serie, spesso sorprendenti.<\/p>\n<h2>Dove parlare con gli sconosciuti online<\/h2>\n<p>Internet \u00e8 pieno di piattaforme che permettono di parlare con gli sconosciuti, ma non sono tutte uguali. Alcune privilegiano la sicurezza e la comunit\u00e0, mentre altre sono pi\u00f9 caotiche o orientate agli adulti.<\/p>\n<p>Ecco i tipi di piattaforme pi\u00f9 popolari dove le persone vanno a incontrare gli sconosciuti:<\/p>\n<h3>1. Chat casuale uno-a-uno<\/h3>\n<p>Questo \u00e8 il modello in stile Omegle: si viene abbinati casualmente a qualcuno per un video o un testo privato. <a href=\"https:\/\/tinychat.com\/it\/chatroulette\/\">chat<\/a>. \u00c8 possibile passare alla persona successiva in qualsiasi momento.<\/p>\n<h3>2. Stanze di chat di gruppo<\/h3>\n<p>Piattaforme classiche come <a href=\"https:\/\/tinychat.com\/it\/\">TinyChat<\/a> offerta pubblica o privata <a href=\"https:\/\/tinychat.com\/it\/chatroulette\/\">chat<\/a> stanze che ruotano attorno a interessi specifici (musica, appuntamenti, giochi, salute mentale, ecc.). \u00c8 possibile vedere pi\u00f9 persone che chattano via testo o video e partecipare quando ci si sente a proprio agio.<\/p>\n<h3>3. Spazi di chat in livestream<\/h3>\n<p>Alcune piattaforme consentono di partecipare a trasmissioni in diretta in cui le persone trasmettono in streaming se stesse e <a href=\"https:\/\/tinychat.com\/it\/chatroulette\/\">chat<\/a> con gli spettatori. \u00c8 possibile parlare con il conduttore, interagire con gli altri spettatori. <a href=\"https:\/\/tinychat.com\/it\/chatroulette\/\">chat<\/a>o addirittura essere invitati \"sul palco\".<\/p>\n<h3>4. Chat casuali solo vocali<\/h3>\n<p>Per le persone che non si sentono a proprio agio con i video, le app che vi abbinano tramite l'audio rappresentano un ottimo modo per facilitare l'ingresso nel mondo del lavoro. <a href=\"https:\/\/tinychat.com\/it\/strangercam\/\">estraneo<\/a> conversazioni.<\/p>\n<h2>Perch\u00e9 TinyChat \u00e8 il posto migliore per parlare con gli sconosciuti<\/h2>\n<p>Quando si tratta di comunicazione spontanea e di gruppo, <a href=\"https:\/\/tinychat.com\/it\/\">TinyChat<\/a> \u00e8 una delle piattaforme pi\u00f9 longeve e affidabili in circolazione. Combina la libert\u00e0 dell'interazione anonima con la struttura delle stanze basate su argomenti, rendendola ideale per chi vuole parlare con estranei senza caos.<\/p>\n<p>Ecco perch\u00e9 <a href=\"https:\/\/tinychat.com\/it\/\">TinyChat<\/a> eccelle come piattaforma per \"parlare con gli sconosciuti\":<\/p>\n<h3>Non \u00e8 richiesta l'iscrizione<\/h3>\n<p>Saltare in un <a href=\"https:\/\/tinychat.com\/it\/chatroulette\/\">chat<\/a> stanza all'istante senza registrarsi. Volete altre funzioni? Potete iscrivervi, ma non siete obbligati a farlo. Il design \u00e8 privo di attriti.<\/p>\n<h3>Chat video, vocale e di testo<\/h3>\n<p>Se volete essere visti, ascoltati o semplicemente scrivere in modo anonimo, <a href=\"https:\/\/tinychat.com\/it\/\">TinyChat<\/a> vi offre diversi modi di interagire. Avete sempre il controllo di quanto volete essere visibili.<\/p>\n<h3>Stanze di chat basate su argomenti<\/h3>\n<p>A differenza delle piattaforme casuali uno contro uno, <a href=\"https:\/\/tinychat.com\/it\/\">TinyChat<\/a> consente di scegliere le stanze in base ai propri interessi: musica, politica, appuntamenti, commedia o anche solo \"chill\". In questo modo \u00e8 pi\u00f9 facile trovare persone che la pensano come te.<\/p>\n<h3>Sale pubbliche e private<\/h3>\n<p>Volete incontrare persone in un grande spazio pubblico? Entrate in una sala affollata. Volete qualcosa di pi\u00f9 tranquillo? Create una sala privata <a href=\"https:\/\/tinychat.com\/it\/chatroulette\/\">chat<\/a> e invitare gli estranei individualmente.<\/p>\n<h3>Caratteristiche della trasmissione in diretta<\/h3>\n<p><a href=\"https:\/\/tinychat.com\/it\/\">TinyChat<\/a> non si tratta solo di un rapporto uno a uno <a href=\"https:\/\/tinychat.com\/it\/chatroulette\/\">chat<\/a>. \u00c8 possibile trasmettere il proprio video\/audio alla sala e interagire con il pubblico in tempo reale. Oppure, potete semplicemente sedervi e guardare gli altri che organizzano sessioni divertenti, strane o interessanti.<\/p>\n<h3>Compatibile con le piattaforme<\/h3>\n<p>Utilizzatelo sul vostro browser o scaricate le applicazioni per iOS\/Android per chattare in movimento.<\/p>\n<h2>\u00c8 sicuro parlare con gli sconosciuti?<\/h2>\n<p>Parlare con gli sconosciuti online pu\u00f2 essere sicuro o rischioso quanto lo si vuole. Anche se la maggior parte delle persone \u00e8 amichevole o innocua, \u00e8 importante proteggere la propria privacy e il proprio benessere emotivo. <a href=\"https:\/\/tinychat.com\/it\/\">TinyChat<\/a> e altre piattaforme affidabili fanno la loro parte attraverso la moderazione, ma anche le vostre abitudini sono importanti.<\/p>\n<h3>Consigli di sicurezza per parlare con gli sconosciuti online<\/h3>\n<ul>\n<li>Mantenere l'anonimato: utilizzare un nickname. Non condividete mai il vostro vero nome, indirizzo, scuola o posto di lavoro.<\/li>\n<li>Non inviate foto o link: Anche se qualcuno sembra affidabile, evitate di condividere immagini o di cliccare sui link.<\/li>\n<li>Siate rispettosi: Trattate gli altri come vorreste essere trattati voi. La maggior parte delle piattaforme, tra cui <a href=\"https:\/\/tinychat.com\/it\/\">TinyChat<\/a>hanno regole chiare contro i discorsi d'odio e le molestie.<\/li>\n<li>Segnalare gli utenti inappropriati: Se qualcuno oltrepassa il limite, utilizzate il pulsante di segnalazione integrato.<\/li>\n<li>Evitate di condividere i social media a meno che non siate pienamente fiduciosi e vogliate continuare la connessione.<\/li>\n<\/ul>\n<h2>Vantaggi di parlare con gli sconosciuti su TinyChat<\/h2>\n<p>Il formato di TinyChat basato sui gruppi ha qualcosa di speciale. Ecco cosa piace di pi\u00f9 agli utenti:<\/p>\n<h3>Energia spontanea di gruppo<\/h3>\n<p>A differenza di uno a uno <a href=\"https:\/\/tinychat.com\/it\/chatroulette\/\">chat<\/a> Le piattaforme che a volte possono risultare intense o imbarazzanti, le sale aperte di TinyChat consentono di origliare in modo casuale, di impegnarsi lentamente e di commentare in modo divertente. Siete liberi di partecipare o semplicemente di guardare.<\/p>\n<h3>Comunit\u00e0 globale diversificata<\/h3>\n<p><a href=\"https:\/\/tinychat.com\/it\/\">TinyChat<\/a> riunisce utenti di tutto il mondo, offrendo approfondimenti culturali, prospettive diverse e occasionalmente un'amicizia inaspettata.<\/p>\n<h3>Ambiente senza pressione<\/h3>\n<p>Potete lasciare la stanza in qualsiasi momento, disattivare il microfono o spegnere il video. Avete sempre il controllo di quanto profondo (o superficiale) sia il vostro coinvolgimento.<\/p>\n<h3>Esperienza su misura<\/h3>\n<p>Che si tratti di flirtare, fare amicizia, discutere di politica, condividere musica o semplicemente parlare di sciocchezze con degli sconosciuti, c'\u00e8 una stanza per questo.<\/p>\n<h2>Esperienze reali degli utenti<\/h2>\n<blockquote><p>\"Ho iniziato a usare <a href=\"https:\/\/tinychat.com\/it\/\">TinyChat<\/a> durante la pandemia solo per trovare qualcuno con cui parlare. Due anni dopo, ci faccio ancora un salto per conoscere nuove persone. \u00c8 come un bar virtuale\".<br \/>\n- <em>Kevin M., USA<\/em><\/p><\/blockquote>\n<blockquote><p>\"Mi piace il fatto che non sia troppo folle. Posso semplicemente rilassarmi in una sala da musica, mettere il mio microfono e vibrare con persone a caso dal Canada alla Croazia\".<br \/>\n- <em>Elena R., Paesi Bassi<\/em><\/p><\/blockquote>\n<blockquote><p>\"Ho usato <a href=\"https:\/\/tinychat.com\/it\/omegle\/\">Omegle<\/a> e questo tipo di siti. <a href=\"https:\/\/tinychat.com\/it\/\">TinyChat<\/a> \u00e8 meglio per le conversazioni reali. Si pu\u00f2 stare in giro senza essere costretti a parlare\".<br \/>\n- <em>Jason T., Sudafrica<\/em><\/p><\/blockquote>\n<h2>TinyChat vs. altre piattaforme \"Parla con gli sconosciuti<\/h2>\n<table>\n<thead>\n<tr>\n<th>Caratteristica<\/th>\n<th><a href=\"https:\/\/tinychat.com\/it\/\">TinyChat<\/a><\/th>\n<th><a href=\"https:\/\/tinychat.com\/it\/omegle\/\">Omegle<\/a><\/th>\n<th><a href=\"https:\/\/tinychat.com\/it\/chatroulette\/\">Chatroulette<\/a><\/th>\n<th><a href=\"https:\/\/tinychat.com\/it\/ometv\/\">OmeTV<\/a><\/th>\n<th><a href=\"https:\/\/tinychat.com\/it\/strangercam\/\">StrangerCam<\/a><\/th>\n<\/tr>\n<\/thead>\n<tbody>\n<tr>\n<td>Camere per gruppi<\/td>\n<td>\u2705 S\u00ec<\/td>\n<td>\u274c No<\/td>\n<td>\u274c No<\/td>\n<td>\u274c No<\/td>\n<td>\u274c No<\/td>\n<\/tr>\n<tr>\n<td>Testo + Video + Voce <a href=\"https:\/\/tinychat.com\/it\/chatroulette\/\">Chat<\/a><\/td>\n<td>\u2705 S\u00ec<\/td>\n<td>\u2705 S\u00ec<\/td>\n<td>\u2705 S\u00ec<\/td>\n<td>\u2705 S\u00ec<\/td>\n<td>\u2705 S\u00ec<\/td>\n<\/tr>\n<tr>\n<td>Non \u00e8 richiesta l'iscrizione<\/td>\n<td>\u2705 S\u00ec<\/td>\n<td>\u2705 S\u00ec<\/td>\n<td>\u2705 S\u00ec<\/td>\n<td>\u2705 S\u00ec<\/td>\n<td>\u2705 S\u00ec<\/td>\n<\/tr>\n<tr>\n<td>Basato su argomenti <a href=\"https:\/\/tinychat.com\/it\/chatroulette\/\">Chat<\/a><\/td>\n<td>\u2705 S\u00ec<\/td>\n<td>\u274c No<\/td>\n<td>\u274c No<\/td>\n<td>\u274c No<\/td>\n<td>\u274c No<\/td>\n<\/tr>\n<tr>\n<td>Trasmissione in diretta<\/td>\n<td>\u2705 S\u00ec<\/td>\n<td>\u274c No<\/td>\n<td>\u274c No<\/td>\n<td>\u274c No<\/td>\n<td>\u274c No<\/td>\n<\/tr>\n<tr>\n<td>App mobile disponibile<\/td>\n<td>\u2705 S\u00ec<\/td>\n<td>\u274c No<\/td>\n<td>\u2705 S\u00ec<\/td>\n<td>\u2705 S\u00ec<\/td>\n<td>\u2705 S\u00ec<\/td>\n<\/tr>\n<tr>\n<td>Moderazione e rapporti<\/td>\n<td>Buono<\/td>\n<td>\u26a0\ufe0f Povero<\/td>\n<td>Moderato<\/td>\n<td>Buono<\/td>\n<td>Buono<\/td>\n<\/tr>\n<\/tbody>\n<\/table>\n<p>Sintesi: <a href=\"https:\/\/tinychat.com\/it\/\">TinyChat<\/a> \u00e8 la scelta migliore se cercate un gruppo non imbarazzante, basato su <a href=\"https:\/\/tinychat.com\/it\/strangercam\/\">estraneo<\/a> <a href=\"https:\/\/tinychat.com\/it\/chatroulette\/\">chat<\/a> con filtraggio degli argomenti, opzioni voce\/video e un ambiente poco stressante.<\/p>\n<h2>Suggerimenti per sfruttare al meglio l'esperienza \"Parla con gli sconosciuti<\/h2>\n<ul>\n<li>Iniziate in modalit\u00e0 osservatore: Non dovete parlare subito. Osservate, leggete la stanza e poi entrate in scena.<\/li>\n<li>Trovate la vostra nicchia: <a href=\"https:\/\/tinychat.com\/it\/\">TinyChat<\/a> ha stanze per tutto, dalla politica agli incontri. Esplorate fino a trovare quella che fa per voi.<\/li>\n<li>Usate il video solo quando \u00e8 comodo: Il testo e l'audio sono modi perfettamente validi per entrare in contatto. Non abbiate fretta di accendere la vostra videocamera.<\/li>\n<li>Siate aperti di mente: Non tutti i <a href=\"https:\/\/tinychat.com\/it\/chatroulette\/\">chat<\/a> saranno sorprendenti. Alcuni saranno noiosi. Altre potrebbero cambiare la vostra giornata. Continuate a esplorare.<\/li>\n<li>Rimanete coerenti: Pi\u00f9 vi presentate, pi\u00f9 vi sentirete a vostro agio e sicuri di voi stessi nel relazionarvi con nuove persone.<\/li>\n<\/ul>\n<p>L'espressione \"parlare con gli sconosciuti\" un tempo era accompagnata da avvertimenti. Ma nel mondo online, se fatta bene e in modo sicuro, \u00e8 diventata una porta d'accesso alla connessione, all'empatia e all'esperienza condivisa.<\/p>\n<p><a href=\"https:\/\/tinychat.com\/it\/\">TinyChat<\/a> offre una piattaforma in cui questa idea prospera: uno spazio in cui le persone si incontrano non per ottenere follower, like o incontri, ma semplicemente per la gioia della conversazione. Si tratta di ridere con qualcuno che si trova in un fuso orario diverso, di ascoltare una storia da una persona che si trova in un altro luogo. <a href=\"https:\/\/tinychat.com\/it\/strangercam\/\">estraneo<\/a>o trovare un terreno comune in un mondo caotico.<\/p>\n<p>Quindi, se volete parlare con degli sconosciuti, non senza scopo, ma in modo significativo, siete nel posto giusto. Unitevi a un <a href=\"https:\/\/tinychat.com\/it\/\">TinyChat<\/a> stanza, accendete il microfono (o non accendetelo) e vedete dove vi porta la conversazione.<\/p>\n<p>Perch\u00e9 a volte i colloqui migliori sono quelli con persone che non si conoscono.<\/p>","protected":false},"excerpt":{"rendered":"<p>The desire to talk to strangers online isn\u2019t about small talk \u2014 it\u2019s about serendipity, surprise, and sometimes, even self-discovery. Whether you&#8217;re feeling isolated, bored, curious, or adventurous, the urge to connect with someone new \u2014 someone outside your usual circles \u2014 is deeply human. That\u2019s where platforms like TinyChat step in, creating safe, easy, [&hellip;]<\/p>\n","protected":false},"author":8,"featured_media":0,"parent":0,"menu_order":0,"comment_status":"closed","ping_status":"closed","template":"","meta":{"footnotes":""},"class_list":["post-3987","page","type-page","status-publish","hentry"],"yoast_head":"<!-- This site is optimized with the Yoast SEO plugin v27.5 - https:\/\/yoast.com\/product\/yoast-seo-wordpress\/ -->\n<title>Talk to Strangers with Video Chat on TinyChat.com<\/title>\n<meta name=\"description\" content=\"Enjoying Talk to Strangers? Join over 50,000,000 strangers on TinyChat! Turn on your cam and start meeting new people, or find a match.\" \/>\n<meta name=\"robots\" content=\"index, follow, max-snippet:-1, max-image-preview:large, max-video-preview:-1\" \/>\n<link rel=\"canonical\" href=\"https:\/\/tinychat.com\/it\/talk-to-strangers\/\" \/>\n<meta property=\"og:locale\" content=\"it_IT\" \/>\n<meta property=\"og:type\" content=\"article\" \/>\n<meta property=\"og:title\" content=\"Talk to Strangers with Video Chat on TinyChat.com\" \/>\n<meta property=\"og:description\" content=\"Enjoying Talk to Strangers? Join over 50,000,000 strangers on TinyChat! Turn on your cam and start meeting new people, or find a match.\" \/>\n<meta property=\"og:url\" content=\"https:\/\/tinychat.com\/it\/talk-to-strangers\/\" \/>\n<meta property=\"og:site_name\" content=\"TinyChat\" \/>\n<meta property=\"article:publisher\" content=\"https:\/\/www.facebook.com\/tinychat\" \/>\n<meta property=\"article:modified_time\" content=\"2025-06-12T08:27:56+00:00\" \/>\n<meta property=\"og:image\" content=\"https:\/\/tinychat.com\/wp-content\/uploads\/2020\/04\/Tinychat-logo-1280x284-new-black.png\" \/>\n\t<meta property=\"og:image:width\" content=\"1280\" \/>\n\t<meta property=\"og:image:height\" content=\"284\" \/>\n\t<meta property=\"og:image:type\" content=\"image\/png\" \/>\n<meta name=\"twitter:card\" content=\"summary_large_image\" \/>\n<meta name=\"twitter:site\" content=\"@tinychat\" \/>\n<meta name=\"twitter:label1\" content=\"Tempo di lettura stimato\" \/>\n\t<meta name=\"twitter:data1\" content=\"7 minuti\" \/>\n<script type=\"application\/ld+json\" class=\"yoast-schema-graph\">{\"@context\":\"https:\\\/\\\/schema.org\",\"@graph\":[{\"@type\":\"WebPage\",\"@id\":\"https:\\\/\\\/tinychat.com\\\/talk-to-strangers\\\/\",\"url\":\"https:\\\/\\\/tinychat.com\\\/talk-to-strangers\\\/\",\"name\":\"Talk to Strangers with Video Chat on TinyChat.com\",\"isPartOf\":{\"@id\":\"https:\\\/\\\/tinychat.com\\\/#website\"},\"datePublished\":\"2025-05-23T15:34:41+00:00\",\"dateModified\":\"2025-06-12T08:27:56+00:00\",\"description\":\"Enjoying Talk to Strangers? Join over 50,000,000 strangers on TinyChat! Turn on your cam and start meeting new people, or find a match.\",\"breadcrumb\":{\"@id\":\"https:\\\/\\\/tinychat.com\\\/talk-to-strangers\\\/#breadcrumb\"},\"inLanguage\":\"it-IT\",\"potentialAction\":[{\"@type\":\"ReadAction\",\"target\":[\"https:\\\/\\\/tinychat.com\\\/talk-to-strangers\\\/\"]}]},{\"@type\":\"BreadcrumbList\",\"@id\":\"https:\\\/\\\/tinychat.com\\\/talk-to-strangers\\\/#breadcrumb\",\"itemListElement\":[{\"@type\":\"ListItem\",\"position\":1,\"name\":\"Home\",\"item\":\"https:\\\/\\\/tinychat.com\\\/\"},{\"@type\":\"ListItem\",\"position\":2,\"name\":\"Talk to Strangers\"}]},{\"@type\":\"WebSite\",\"@id\":\"https:\\\/\\\/tinychat.com\\\/#website\",\"url\":\"https:\\\/\\\/tinychat.com\\\/\",\"name\":\"TinyChat\",\"description\":\"Random Video Chat with Strangers\",\"publisher\":{\"@id\":\"https:\\\/\\\/tinychat.com\\\/#organization\"},\"alternateName\":\"TinyChat.com\",\"potentialAction\":[{\"@type\":\"SearchAction\",\"target\":{\"@type\":\"EntryPoint\",\"urlTemplate\":\"https:\\\/\\\/tinychat.com\\\/?s={search_term_string}\"},\"query-input\":{\"@type\":\"PropertyValueSpecification\",\"valueRequired\":true,\"valueName\":\"search_term_string\"}}],\"inLanguage\":\"it-IT\"},{\"@type\":\"Organization\",\"@id\":\"https:\\\/\\\/tinychat.com\\\/#organization\",\"name\":\"TinyChat\",\"alternateName\":\"TinyChat.com\",\"url\":\"https:\\\/\\\/tinychat.com\\\/\",\"logo\":{\"@type\":\"ImageObject\",\"inLanguage\":\"it-IT\",\"@id\":\"https:\\\/\\\/tinychat.com\\\/#\\\/schema\\\/logo\\\/image\\\/\",\"url\":\"https:\\\/\\\/tinychat.com\\\/wp-content\\\/uploads\\\/2023\\\/11\\\/Tinychat-icon-square.png\",\"contentUrl\":\"https:\\\/\\\/tinychat.com\\\/wp-content\\\/uploads\\\/2023\\\/11\\\/Tinychat-icon-square.png\",\"width\":284,\"height\":284,\"caption\":\"TinyChat\"},\"image\":{\"@id\":\"https:\\\/\\\/tinychat.com\\\/#\\\/schema\\\/logo\\\/image\\\/\"},\"sameAs\":[\"https:\\\/\\\/www.facebook.com\\\/tinychat\",\"https:\\\/\\\/x.com\\\/tinychat\"]}]}<\/script>\n<!-- \/ Yoast SEO plugin. -->","yoast_head_json":{"title":"Parlare con gli sconosciuti con la chat video su TinyChat.com","description":"Ti piace parlare con gli sconosciuti? Unisciti a oltre 50.000.000 di sconosciuti su TinyChat! Accendi la tua cam e inizia a conoscere nuove persone o a trovare un partner.","robots":{"index":"index","follow":"follow","max-snippet":"max-snippet:-1","max-image-preview":"max-image-preview:large","max-video-preview":"max-video-preview:-1"},"canonical":"https:\/\/tinychat.com\/it\/talk-to-strangers\/","og_locale":"it_IT","og_type":"article","og_title":"Talk to Strangers with Video Chat on TinyChat.com","og_description":"Enjoying Talk to Strangers? Join over 50,000,000 strangers on TinyChat! Turn on your cam and start meeting new people, or find a match.","og_url":"https:\/\/tinychat.com\/it\/talk-to-strangers\/","og_site_name":"TinyChat","article_publisher":"https:\/\/www.facebook.com\/tinychat","article_modified_time":"2025-06-12T08:27:56+00:00","og_image":[{"width":1280,"height":284,"url":"https:\/\/tinychat.com\/wp-content\/uploads\/2020\/04\/Tinychat-logo-1280x284-new-black.png","type":"image\/png"}],"twitter_card":"summary_large_image","twitter_site":"@tinychat","twitter_misc":{"Tempo di lettura stimato":"7 minuti"},"schema":{"@context":"https:\/\/schema.org","@graph":[{"@type":"WebPage","@id":"https:\/\/tinychat.com\/talk-to-strangers\/","url":"https:\/\/tinychat.com\/talk-to-strangers\/","name":"Parlare con gli sconosciuti con la chat video su TinyChat.com","isPartOf":{"@id":"https:\/\/tinychat.com\/#website"},"datePublished":"2025-05-23T15:34:41+00:00","dateModified":"2025-06-12T08:27:56+00:00","description":"Ti piace parlare con gli sconosciuti? Unisciti a oltre 50.000.000 di sconosciuti su TinyChat! Accendi la tua cam e inizia a conoscere nuove persone o a trovare un partner.","breadcrumb":{"@id":"https:\/\/tinychat.com\/talk-to-strangers\/#breadcrumb"},"inLanguage":"it-IT","potentialAction":[{"@type":"ReadAction","target":["https:\/\/tinychat.com\/talk-to-strangers\/"]}]},{"@type":"BreadcrumbList","@id":"https:\/\/tinychat.com\/talk-to-strangers\/#breadcrumb","itemListElement":[{"@type":"ListItem","position":1,"name":"Home","item":"https:\/\/tinychat.com\/"},{"@type":"ListItem","position":2,"name":"Talk to Strangers"}]},{"@type":"WebSite","@id":"https:\/\/tinychat.com\/#website","url":"https:\/\/tinychat.com\/","name":"TinyChat","description":"Videochat casuale con sconosciuti","publisher":{"@id":"https:\/\/tinychat.com\/#organization"},"alternateName":"TinyChat.com","potentialAction":[{"@type":"SearchAction","target":{"@type":"EntryPoint","urlTemplate":"https:\/\/tinychat.com\/?s={search_term_string}"},"query-input":{"@type":"PropertyValueSpecification","valueRequired":true,"valueName":"search_term_string"}}],"inLanguage":"it-IT"},{"@type":"Organization","@id":"https:\/\/tinychat.com\/#organization","name":"TinyChat","alternateName":"TinyChat.com","url":"https:\/\/tinychat.com\/","logo":{"@type":"ImageObject","inLanguage":"it-IT","@id":"https:\/\/tinychat.com\/#\/schema\/logo\/image\/","url":"https:\/\/tinychat.com\/wp-content\/uploads\/2023\/11\/Tinychat-icon-square.png","contentUrl":"https:\/\/tinychat.com\/wp-content\/uploads\/2023\/11\/Tinychat-icon-square.png","width":284,"height":284,"caption":"TinyChat"},"image":{"@id":"https:\/\/tinychat.com\/#\/schema\/logo\/image\/"},"sameAs":["https:\/\/www.facebook.com\/tinychat","https:\/\/x.com\/tinychat"]}]}},"_links":{"self":[{"href":"https:\/\/tinychat.com\/it\/wp-json\/wp\/v2\/pages\/3987","targetHints":{"allow":["GET"]}}],"collection":[{"href":"https:\/\/tinychat.com\/it\/wp-json\/wp\/v2\/pages"}],"about":[{"href":"https:\/\/tinychat.com\/it\/wp-json\/wp\/v2\/types\/page"}],"author":[{"embeddable":true,"href":"https:\/\/tinychat.com\/it\/wp-json\/wp\/v2\/users\/8"}],"replies":[{"embeddable":true,"href":"https:\/\/tinychat.com\/it\/wp-json\/wp\/v2\/comments?post=3987"}],"version-history":[{"count":3,"href":"https:\/\/tinychat.com\/it\/wp-json\/wp\/v2\/pages\/3987\/revisions"}],"predecessor-version":[{"id":13180,"href":"https:\/\/tinychat.com\/it\/wp-json\/wp\/v2\/pages\/3987\/revisions\/13180"}],"wp:attachment":[{"href":"https:\/\/tinychat.com\/it\/wp-json\/wp\/v2\/media?parent=3987"}],"curies":[{"name":"wp","href":"https:\/\/api.w.org\/{rel}","templated":true}]}}