{"id":4004,"date":"2025-09-03T08:37:25","date_gmt":"2025-09-03T06:37:25","guid":{"rendered":"https:\/\/tinychat.com\/?page_id=4004"},"modified":"2025-09-03T12:46:19","modified_gmt":"2025-09-03T10:46:19","slug":"video-call-strangers","status":"publish","type":"page","link":"https:\/\/tinychat.com\/it\/video-call-strangers\/","title":{"rendered":"Videochiamare gli sconosciuti"},"content":{"rendered":"<p>A volte le conversazioni pi\u00f9 memorabili sono quelle con persone che non ci si aspettava di incontrare. Questa \u00e8 la magia delle piattaforme di videochiamate: connessioni istantanee e faccia a faccia con persone di tutto il mondo. Basta un clic per vedere e parlare con una persona completamente nuova, senza bisogno di biografie o algoritmi.<\/p>\n<p>Che si tratti di fare amicizia, combattere la noia, conoscere altre culture o semplicemente farsi una risata, le videochiamate degli sconosciuti offrono un modo unico di connettersi in tempo reale.<\/p>\n<h2>Cosa significa videochiamare gli sconosciuti?<\/h2>\n<p>Quando si videochiamano degli sconosciuti online, si utilizza un sito web o un'app che vi accoppia con utenti casuali per conversazioni video dal vivo a tu per tu o in gruppo. Non \u00e8 necessario iscriversi, pagare o condividere dati personali. \u00c8 sufficiente:<\/p>\n<ol>\n<li>Attivare la webcam e il microfono.<\/li>\n<li>Fare clic su \"Avvia\" o \"Connetti\".<\/li>\n<li>Vengono accoppiati immediatamente con qualcuno di nuovo.<\/li>\n<\/ol>\n<p>Le conversazioni possono durare secondi, minuti o ore. Se non \u00e8 un buon accordo, si pu\u00f2 passare alla persona successiva con un solo clic.<\/p>\n<p>\u00c8 spontaneo, anonimo e diretto.<\/p>\n<h2>Perch\u00e9 le persone amano le videochiamate casuali con gli sconosciuti<\/h2>\n<p>Allora perch\u00e9 milioni di persone si collegano ogni giorno per videochattare con sconosciuti?<\/p>\n<ul>\n<li>Connessione istantanea - Iniziare una vera conversazione in pochi secondi.<\/li>\n<li>Variet\u00e0 globale - Incontrare persone provenienti da ogni angolo del mondo.<\/li>\n<li>Autenticit\u00e0 umana - Vedere il volto di qualcuno e sentire la sua voce rende il tutto pi\u00f9 reale rispetto agli SMS.<\/li>\n<li>Pressione zero - Se non fa clic, saltare e riprovare.<\/li>\n<li>Imprevedibilit\u00e0 eccitante - Non si sa mai se la prossima chat sar\u00e0 divertente, flirtante, profonda o sorprendente.<\/li>\n<\/ul>\n<p>\u00c8 l'equivalente digitale di una conversazione in treno o in un caff\u00e8, con la differenza che tutto il mondo \u00e8 a portata di mano.<\/p>\n<h2>Videochiamata gratuita con sconosciuti: come funziona<\/h2>\n<p>La maggior parte delle piattaforme di videochiamata sconosciute sono gratuite. Ecco il semplice procedimento:<\/p>\n<ol>\n<li>Visitare una piattaforma - Le opzioni pi\u00f9 diffuse sono Omegle, Chatroulette, Chatspin e TinyChat.<\/li>\n<li>Consentire l'accesso alla telecamera e al microfono: \u00e8 essenziale per l'interazione faccia a faccia.<\/li>\n<li>Fare clic su Connetti - Per ottenere immediatamente l'abbinamento con un altro utente.<\/li>\n<li>Rimanere o saltare - Se l'atmosfera \u00e8 quella giusta, rimanete; se non lo \u00e8, passate oltre.<\/li>\n<\/ol>\n<p>Alcune piattaforme consentono anche di aggiungere filtri come il sesso, la localit\u00e0 o gli interessi, in modo da avere maggiori probabilit\u00e0 di incontrare persone con cui si possa fare amicizia.<\/p>\n<h2>Le migliori piattaforme per videochiamare gli sconosciuti<\/h2>\n<p>Ci sono decine di servizi disponibili. Ecco alcuni dei pi\u00f9 popolari e affidabili:<\/p>\n<ul>\n<li>Omegle - L'originale sito di video chat casuale, famoso per le semplici opzioni di testo e video.<\/li>\n<li>Chatroulette - Una piattaforma globale nota per la sua velocit\u00e0 e imprevedibilit\u00e0.<\/li>\n<li>Chatspin - Aggiunge filtri, chat a tema e persino divertenti effetti video.<\/li>\n<li>Camsurf - Si concentra su conversazioni sicure e moderate.<\/li>\n<li>Chatrandom - Offre chiamate casuali individuali e chat di gruppo.<\/li>\n<li>TinyChat - Un mix di chat per sconosciuti e stanze in stile comunit\u00e0.<\/li>\n<li>LuckyCrush - Abbina uomini e donne per chat flirtanti a tu per tu.<\/li>\n<\/ul>\n<p>Ognuno ha il suo stile, quindi provarne pi\u00f9 di uno pu\u00f2 aiutarvi a trovare il vostro preferito.<\/p>\n<h2>Videochiamare sconosciuti o chat di testo<\/h2>\n<p>Mentre le chat room di solo testo sono ancora in circolazione, le videochiamate dal vivo offrono un'esperienza pi\u00f9 ricca.<\/p>\n<table>\n<thead>\n<tr>\n<th>Caratteristica<\/th>\n<th>Videochiamare gli sconosciuti<\/th>\n<th>Chat di testo con sconosciuti<\/th>\n<\/tr>\n<\/thead>\n<tbody>\n<tr>\n<td>Vedere le espressioni facciali<\/td>\n<td>\u2705<\/td>\n<td>\u274c<\/td>\n<\/tr>\n<tr>\n<td>Sentire il tono di voce<\/td>\n<td>\u2705<\/td>\n<td>\u274c<\/td>\n<\/tr>\n<tr>\n<td>Connessione pi\u00f9 veloce<\/td>\n<td>\u2705<\/td>\n<td>\u26a0\ufe0f A volte pi\u00f9 lento<\/td>\n<\/tr>\n<tr>\n<td>Interazione pi\u00f9 autentica<\/td>\n<td>\u2705<\/td>\n<td>\u274c<\/td>\n<\/tr>\n<tr>\n<td>Pi\u00f9 facile da fraintendere<\/td>\n<td>\u274c<\/td>\n<td>\u2705<\/td>\n<\/tr>\n<\/tbody>\n<\/table>\n<p>Vedere qualcuno in tempo reale rende le conversazioni genuine e spontanee.<\/p>\n<h2>Sicurezza durante le videochiamate con gli sconosciuti<\/h2>\n<p>Anche se la maggior parte delle persone \u00e8 amichevole e rispettosa, \u00e8 bene stabilire dei limiti. Ecco come mantenere sicure le chat video con gli sconosciuti:<\/p>\n<ul>\n<li>Non condividete informazioni personali - Mantenete il vostro nome completo, il numero di telefono e l'indirizzo privato.<\/li>\n<li>Usate un nickname - Rimanete anonimi finch\u00e9 non vi sentite a vostro agio.<\/li>\n<li>Controlla il tuo sfondo - Assicurati che la tua fotocamera non riveli dettagli privati.<\/li>\n<li>Saltare rapidamente - Non sentitevi obbligati a rimanere in una chat che non vi sembra adatta.<\/li>\n<li>Segnalare gli utenti inappropriati - Scegliere piattaforme con strumenti di moderazione.<\/li>\n<\/ul>\n<p>La sicurezza \u00e8 ci\u00f2 che rende le videochiamate straniere gratuite divertenti e prive di stress.<\/p>\n<h2>Perch\u00e9 le persone si iscrivono ai siti di videochiamate di sconosciuti<\/h2>\n<p>Non c'\u00e8 un solo motivo per cui le persone amano queste piattaforme: \u00e8 un mix di curiosit\u00e0, divertimento e connessione.<\/p>\n<ul>\n<li>Per curare la noia - Ottimo per le ore piccole o per i tempi morti.<\/li>\n<li>Incontrare nuovi amici - Espandere la propria cerchia al di l\u00e0 dell'area locale.<\/li>\n<li>Per flirtare e uscire con qualcuno - Alcune chat fanno scattare la chimica istantanea.<\/li>\n<li>Per praticare le abilit\u00e0 linguistiche - Parlare con i madrelingua \u00e8 il modo migliore per imparare.<\/li>\n<li>Esplorare le culture - Ascoltare direttamente la vita in un'altra parte del mondo.<\/li>\n<\/ul>\n<p>L'imprevedibilit\u00e0 \u00e8 parte del divertimento: potreste avere una chiacchierata sciocca o sorprendentemente significativa.<\/p>\n<h2>TinyChat: un'alternativa di tipo comunitario<\/h2>\n<p>Se vi piace l'emozione di videochiamare gli sconosciuti ma volete una maggiore struttura, vale la pena di provare TinyChat. A differenza di molte piattaforme casuali one-to-one, TinyChat offre:<\/p>\n<ul>\n<li>Video chat di gruppo - Partecipate alle conversazioni in corso su argomenti specifici.<\/li>\n<li>Stanze private - Create il vostro spazio personale e invitate le persone.<\/li>\n<li>Formati multipli - Passate da testo, voce e video.<\/li>\n<li>Accesso multipiattaforma - Funziona con i browser e con le applicazioni mobili.<\/li>\n<li>Eventi della comunit\u00e0 - Incontrare in tempo reale persone con interessi comuni.<\/li>\n<\/ul>\n<p>TinyChat unisce la casualit\u00e0 alla comunit\u00e0, offrendo il meglio di entrambi i mondi.<\/p>\n<h2>Suggerimenti per un'ottima esperienza di videochiamata con uno sconosciuto<\/h2>\n<p>Volete ottenere di pi\u00f9 dalle vostre chat? Provate questi:<\/p>\n<ul>\n<li>Sorridete quando vi connettete: un inizio caloroso d\u00e0 il tono giusto.<\/li>\n<li>Mantenere una mente aperta - Essere pronti ad accogliere prospettive e personalit\u00e0 diverse.<\/li>\n<li>Fate domande divertenti: \"Qual \u00e8 il miglior piatto che hai mangiato?\" \u00e8 meglio di \"Ciao\".<\/li>\n<li>Siate rispettosi - La gentilezza di solito porta le risposte migliori.<\/li>\n<li>Provate orari diversi - Accedere a orari diversi vi mette in contatto con nuove regioni del mondo.<\/li>\n<\/ul>\n<h2>Funzionalit\u00e0 gratuite o a pagamento<\/h2>\n<p>La maggior parte delle piattaforme di videochiamata sconosciute sono completamente gratuite. Alcune, tuttavia, offrono aggiornamenti opzionali:<\/p>\n<table>\n<thead>\n<tr>\n<th>Caratteristica<\/th>\n<th>Versione gratuita<\/th>\n<th>Versione a pagamento<\/th>\n<\/tr>\n<\/thead>\n<tbody>\n<tr>\n<td>Corrispondenza casuale dei video<\/td>\n<td>\u2705 S\u00ec<\/td>\n<td>\u2705 S\u00ec<\/td>\n<\/tr>\n<tr>\n<td>Salti illimitati<\/td>\n<td>\u26a0\ufe0f Talvolta tappato<\/td>\n<td>\u2705 Illimitato<\/td>\n<\/tr>\n<tr>\n<td>Filtri per genere\/localit\u00e0<\/td>\n<td>\u26a0\ufe0f Basic<\/td>\n<td>\u2705 Avanzato<\/td>\n<\/tr>\n<tr>\n<td>Annunci rimossi<\/td>\n<td>\u274c<\/td>\n<td>\u2705 S\u00ec<\/td>\n<\/tr>\n<tr>\n<td>Sale VIP private<\/td>\n<td>\u274c<\/td>\n<td>\u2705 S\u00ec<\/td>\n<\/tr>\n<\/tbody>\n<\/table>\n<p>Per gli utenti occasionali, le versioni gratuite sono pi\u00f9 che sufficienti.<\/p>\n<h2>L'emozione dell'ignoto<\/h2>\n<p>Una delle maggiori attrattive della chat video sconosciuta \u00e8 il senso di avventura. Ogni chiamata \u00e8 un lancio di dadi. In una sola serata, potreste:<\/p>\n<ul>\n<li>Imparare lo slang di un'altra lingua.<\/li>\n<li>Ridere di battute sciocche con qualcuno dall'altra parte del mondo.<\/li>\n<li>Scoprite una nuova band o un nuovo programma televisivo.<\/li>\n<li>Condividete una storia della vostra vita e ascoltatene una in cambio.<\/li>\n<li>Creare un legame che duri oltre la telefonata.<\/li>\n<\/ul>\n<p>L'incertezza mantiene le cose fresche ed eccitanti.<\/p>\n<p>Le piattaforme di videochiamata sono uno dei modi pi\u00f9 divertenti e spontanei per connettersi online. Sono gratuite, veloci e globali e permettono di far incontrare persone di ogni provenienza per una conversazione faccia a faccia in tempo reale.<\/p>\n<p>Che si tratti di fare amicizia, flirtare, praticare una nuova lingua o semplicemente godersi un po' di compagnia a tarda notte, c'\u00e8 sempre qualcuno di nuovo che aspetta di chiacchierare.<\/p>\n<p>Quindi, se siete pronti a uscire dalla vostra bolla, accendete la webcam, cliccate su \"connetti\" e vedete chi incontrate. La prossima videochiamata con uno sconosciuto potrebbe essere il momento pi\u00f9 bello della vostra giornata.<\/p>","protected":false},"excerpt":{"rendered":"<p>Sometimes, the most memorable conversations are with people you never expected to meet. That\u2019s the magic of video call strangers platforms\u2014instant, face-to-face connections with people from all over the world. With just a click, you can see and talk to someone completely new, no bios or algorithms required. Whether you\u2019re looking to make friends, fight [&hellip;]<\/p>\n","protected":false},"author":8,"featured_media":0,"parent":0,"menu_order":0,"comment_status":"closed","ping_status":"closed","template":"","meta":{"footnotes":""},"class_list":["post-4004","page","type-page","status-publish","hentry"],"yoast_head":"<!-- This site is optimized with the Yoast SEO plugin v27.4 - https:\/\/yoast.com\/product\/yoast-seo-wordpress\/ -->\n<title>Video Call Strangers with Video Chat on TinyChat.com<\/title>\n<meta name=\"description\" content=\"Enjoying Video Call Strangers? Join over 50,000,000 strangers on TinyChat! Turn on your cam and start meeting new people, or find a match.\" \/>\n<meta name=\"robots\" content=\"index, follow, max-snippet:-1, max-image-preview:large, max-video-preview:-1\" \/>\n<link rel=\"canonical\" href=\"https:\/\/tinychat.com\/it\/video-call-strangers\/\" \/>\n<meta property=\"og:locale\" content=\"it_IT\" \/>\n<meta property=\"og:type\" content=\"article\" \/>\n<meta property=\"og:title\" content=\"Video Call Strangers with Video Chat on TinyChat.com\" \/>\n<meta property=\"og:description\" content=\"Enjoying Video Call Strangers? Join over 50,000,000 strangers on TinyChat! Turn on your cam and start meeting new people, or find a match.\" \/>\n<meta property=\"og:url\" content=\"https:\/\/tinychat.com\/it\/video-call-strangers\/\" \/>\n<meta property=\"og:site_name\" content=\"TinyChat\" \/>\n<meta property=\"article:publisher\" content=\"https:\/\/www.facebook.com\/tinychat\" \/>\n<meta property=\"article:modified_time\" content=\"2025-09-03T10:46:19+00:00\" \/>\n<meta property=\"og:image\" content=\"https:\/\/tinychat.com\/wp-content\/uploads\/2020\/04\/Tinychat-logo-1280x284-new-black.png\" \/>\n\t<meta property=\"og:image:width\" content=\"1280\" \/>\n\t<meta property=\"og:image:height\" content=\"284\" \/>\n\t<meta property=\"og:image:type\" content=\"image\/png\" \/>\n<meta name=\"twitter:card\" content=\"summary_large_image\" \/>\n<meta name=\"twitter:site\" content=\"@tinychat\" \/>\n<meta name=\"twitter:label1\" content=\"Tempo di lettura stimato\" \/>\n\t<meta name=\"twitter:data1\" content=\"5 minuti\" \/>\n<script type=\"application\/ld+json\" class=\"yoast-schema-graph\">{\"@context\":\"https:\\\/\\\/schema.org\",\"@graph\":[{\"@type\":\"WebPage\",\"@id\":\"https:\\\/\\\/tinychat.com\\\/video-call-strangers\\\/\",\"url\":\"https:\\\/\\\/tinychat.com\\\/video-call-strangers\\\/\",\"name\":\"Video Call Strangers with Video Chat on TinyChat.com\",\"isPartOf\":{\"@id\":\"https:\\\/\\\/tinychat.com\\\/#website\"},\"datePublished\":\"2025-09-03T06:37:25+00:00\",\"dateModified\":\"2025-09-03T10:46:19+00:00\",\"description\":\"Enjoying Video Call Strangers? Join over 50,000,000 strangers on TinyChat! Turn on your cam and start meeting new people, or find a match.\",\"breadcrumb\":{\"@id\":\"https:\\\/\\\/tinychat.com\\\/video-call-strangers\\\/#breadcrumb\"},\"inLanguage\":\"it-IT\",\"potentialAction\":[{\"@type\":\"ReadAction\",\"target\":[\"https:\\\/\\\/tinychat.com\\\/video-call-strangers\\\/\"]}]},{\"@type\":\"BreadcrumbList\",\"@id\":\"https:\\\/\\\/tinychat.com\\\/video-call-strangers\\\/#breadcrumb\",\"itemListElement\":[{\"@type\":\"ListItem\",\"position\":1,\"name\":\"Home\",\"item\":\"https:\\\/\\\/tinychat.com\\\/\"},{\"@type\":\"ListItem\",\"position\":2,\"name\":\"Video Call Strangers\"}]},{\"@type\":\"WebSite\",\"@id\":\"https:\\\/\\\/tinychat.com\\\/#website\",\"url\":\"https:\\\/\\\/tinychat.com\\\/\",\"name\":\"TinyChat\",\"description\":\"Random Video Chat with Strangers\",\"publisher\":{\"@id\":\"https:\\\/\\\/tinychat.com\\\/#organization\"},\"alternateName\":\"TinyChat.com\",\"potentialAction\":[{\"@type\":\"SearchAction\",\"target\":{\"@type\":\"EntryPoint\",\"urlTemplate\":\"https:\\\/\\\/tinychat.com\\\/?s={search_term_string}\"},\"query-input\":{\"@type\":\"PropertyValueSpecification\",\"valueRequired\":true,\"valueName\":\"search_term_string\"}}],\"inLanguage\":\"it-IT\"},{\"@type\":\"Organization\",\"@id\":\"https:\\\/\\\/tinychat.com\\\/#organization\",\"name\":\"TinyChat\",\"alternateName\":\"TinyChat.com\",\"url\":\"https:\\\/\\\/tinychat.com\\\/\",\"logo\":{\"@type\":\"ImageObject\",\"inLanguage\":\"it-IT\",\"@id\":\"https:\\\/\\\/tinychat.com\\\/#\\\/schema\\\/logo\\\/image\\\/\",\"url\":\"https:\\\/\\\/tinychat.com\\\/wp-content\\\/uploads\\\/2023\\\/11\\\/Tinychat-icon-square.png\",\"contentUrl\":\"https:\\\/\\\/tinychat.com\\\/wp-content\\\/uploads\\\/2023\\\/11\\\/Tinychat-icon-square.png\",\"width\":284,\"height\":284,\"caption\":\"TinyChat\"},\"image\":{\"@id\":\"https:\\\/\\\/tinychat.com\\\/#\\\/schema\\\/logo\\\/image\\\/\"},\"sameAs\":[\"https:\\\/\\\/www.facebook.com\\\/tinychat\",\"https:\\\/\\\/x.com\\\/tinychat\"]}]}<\/script>\n<!-- \/ Yoast SEO plugin. -->","yoast_head_json":{"title":"Videochiamate gli sconosciuti con la chat video su TinyChat.com","description":"Ti piace videochiamare gli sconosciuti? Unisciti a oltre 50.000.000 di sconosciuti su TinyChat! Accendi la tua cam e inizia a conoscere nuove persone o a trovare un partner.","robots":{"index":"index","follow":"follow","max-snippet":"max-snippet:-1","max-image-preview":"max-image-preview:large","max-video-preview":"max-video-preview:-1"},"canonical":"https:\/\/tinychat.com\/it\/video-call-strangers\/","og_locale":"it_IT","og_type":"article","og_title":"Video Call Strangers with Video Chat on TinyChat.com","og_description":"Enjoying Video Call Strangers? Join over 50,000,000 strangers on TinyChat! Turn on your cam and start meeting new people, or find a match.","og_url":"https:\/\/tinychat.com\/it\/video-call-strangers\/","og_site_name":"TinyChat","article_publisher":"https:\/\/www.facebook.com\/tinychat","article_modified_time":"2025-09-03T10:46:19+00:00","og_image":[{"width":1280,"height":284,"url":"https:\/\/tinychat.com\/wp-content\/uploads\/2020\/04\/Tinychat-logo-1280x284-new-black.png","type":"image\/png"}],"twitter_card":"summary_large_image","twitter_site":"@tinychat","twitter_misc":{"Tempo di lettura stimato":"5 minuti"},"schema":{"@context":"https:\/\/schema.org","@graph":[{"@type":"WebPage","@id":"https:\/\/tinychat.com\/video-call-strangers\/","url":"https:\/\/tinychat.com\/video-call-strangers\/","name":"Videochiamate gli sconosciuti con la chat video su TinyChat.com","isPartOf":{"@id":"https:\/\/tinychat.com\/#website"},"datePublished":"2025-09-03T06:37:25+00:00","dateModified":"2025-09-03T10:46:19+00:00","description":"Ti piace videochiamare gli sconosciuti? Unisciti a oltre 50.000.000 di sconosciuti su TinyChat! Accendi la tua cam e inizia a conoscere nuove persone o a trovare un partner.","breadcrumb":{"@id":"https:\/\/tinychat.com\/video-call-strangers\/#breadcrumb"},"inLanguage":"it-IT","potentialAction":[{"@type":"ReadAction","target":["https:\/\/tinychat.com\/video-call-strangers\/"]}]},{"@type":"BreadcrumbList","@id":"https:\/\/tinychat.com\/video-call-strangers\/#breadcrumb","itemListElement":[{"@type":"ListItem","position":1,"name":"Home","item":"https:\/\/tinychat.com\/"},{"@type":"ListItem","position":2,"name":"Video Call Strangers"}]},{"@type":"WebSite","@id":"https:\/\/tinychat.com\/#website","url":"https:\/\/tinychat.com\/","name":"TinyChat","description":"Videochat casuale con sconosciuti","publisher":{"@id":"https:\/\/tinychat.com\/#organization"},"alternateName":"TinyChat.com","potentialAction":[{"@type":"SearchAction","target":{"@type":"EntryPoint","urlTemplate":"https:\/\/tinychat.com\/?s={search_term_string}"},"query-input":{"@type":"PropertyValueSpecification","valueRequired":true,"valueName":"search_term_string"}}],"inLanguage":"it-IT"},{"@type":"Organization","@id":"https:\/\/tinychat.com\/#organization","name":"TinyChat","alternateName":"TinyChat.com","url":"https:\/\/tinychat.com\/","logo":{"@type":"ImageObject","inLanguage":"it-IT","@id":"https:\/\/tinychat.com\/#\/schema\/logo\/image\/","url":"https:\/\/tinychat.com\/wp-content\/uploads\/2023\/11\/Tinychat-icon-square.png","contentUrl":"https:\/\/tinychat.com\/wp-content\/uploads\/2023\/11\/Tinychat-icon-square.png","width":284,"height":284,"caption":"TinyChat"},"image":{"@id":"https:\/\/tinychat.com\/#\/schema\/logo\/image\/"},"sameAs":["https:\/\/www.facebook.com\/tinychat","https:\/\/x.com\/tinychat"]}]}},"_links":{"self":[{"href":"https:\/\/tinychat.com\/it\/wp-json\/wp\/v2\/pages\/4004","targetHints":{"allow":["GET"]}}],"collection":[{"href":"https:\/\/tinychat.com\/it\/wp-json\/wp\/v2\/pages"}],"about":[{"href":"https:\/\/tinychat.com\/it\/wp-json\/wp\/v2\/types\/page"}],"author":[{"embeddable":true,"href":"https:\/\/tinychat.com\/it\/wp-json\/wp\/v2\/users\/8"}],"replies":[{"embeddable":true,"href":"https:\/\/tinychat.com\/it\/wp-json\/wp\/v2\/comments?post=4004"}],"version-history":[{"count":4,"href":"https:\/\/tinychat.com\/it\/wp-json\/wp\/v2\/pages\/4004\/revisions"}],"predecessor-version":[{"id":13498,"href":"https:\/\/tinychat.com\/it\/wp-json\/wp\/v2\/pages\/4004\/revisions\/13498"}],"wp:attachment":[{"href":"https:\/\/tinychat.com\/it\/wp-json\/wp\/v2\/media?parent=4004"}],"curies":[{"name":"wp","href":"https:\/\/api.w.org\/{rel}","templated":true}]}}