{"id":4141,"date":"2025-05-23T18:04:51","date_gmt":"2025-05-23T16:04:51","guid":{"rendered":"https:\/\/tinychat.com\/?page_id=4141"},"modified":"2025-07-07T18:19:49","modified_gmt":"2025-07-07T16:19:49","slug":"cam-dating","status":"publish","type":"page","link":"https:\/\/tinychat.com\/it\/cam-dating\/","title":{"rendered":"Incontri in cam"},"content":{"rendered":"<p>Gli incontri online hanno fatto molta strada rispetto ai messaggi di testo e alle foto curate del profilo. Gli incontri in cam stanno cambiando le carte in tavola rendendo possibile la connessione faccia a faccia istantanea: niente pi\u00f9 messaggi interminabili, catfishing o congetture. In un mondo in cui desideriamo intimit\u00e0 e autenticit\u00e0, i siti di incontri in cam offrono ai single (e anche alle coppie) un modo per incontrarsi, flirtare e innamorarsi l'uno dell'altro... tutto in tempo reale.<\/p>\n<p>Che siate alla ricerca di un divertimento occasionale, di una relazione seria o semplicemente di un appuntamento virtuale memorabile, gli incontri in cam portano la connessione reale direttamente sul vostro schermo.<\/p>\n<h2>Che cos'\u00e8 l'appuntamento in cam?<\/h2>\n<p>In poche parole, il cam dating \u00e8 un appuntamento online con un tocco di video dal vivo. Invece di aspettare le risposte o di perdersi in un mare di messaggi, si entra in una chat video in tempo reale con una persona nuova: si vede, si sente e si reagisce in quel momento. Consideratelo come uno speed dating per l'era digitale: spontaneo, onesto e divertente.<\/p>\n<p>La maggior parte dei siti di incontri in cam offre:<\/p>\n<ul>\n<li>Video chat dal vivo, uno contro uno: Incontrarsi e interagire istantaneamente.<\/li>\n<li>Incontri casuali in cam: Abbinamenti con single di tutto il mondo con un semplice clic.<\/li>\n<li>Filtri per genere e localit\u00e0: In modo da poter entrare in contatto con le persone che vi interessano veramente.<\/li>\n<li>Navigazione nel profilo: Per chi vuole saperne di pi\u00f9 prima di andare in onda.<\/li>\n<li>Opzioni video private e di gruppo: Dagli appuntamenti privati alle feste in cam occasionali.<\/li>\n<\/ul>\n<p>\u00c8 la cosa pi\u00f9 simile a incontrare qualcuno di persona, senza mai uscire di casa.<\/p>\n<h2>Perch\u00e9 provare gli incontri in cam?<\/h2>\n<p>Gli sms e gli swiping possono arrivare solo fino a un certo punto. Ecco perch\u00e9 un numero maggiore di single sta facendo il cambio:<\/p>\n<ul>\n<li>Vedere la vera chimica: La chat video mostra sorrisi, risate e attrazione istantanea, senza pi\u00f9 tirare a indovinare dalle foto del profilo.<\/li>\n<li>Evitare il catfishing: incontrare subito la persona reale.<\/li>\n<li>Risparmiare tempo: Conoscersi all'istante, senza interminabili chiacchiere.<\/li>\n<li>Pi\u00f9 personale: I video rendono le conversazioni pi\u00f9 profonde, divertenti e memorabili.<\/li>\n<li>Spontaneit\u00e0: ogni chiamata \u00e8 un nuovo inizio e una nuova storia.<\/li>\n<\/ul>\n<p>Che siate timidi, estroversi o una via di mezzo, gli incontri in cam si adattano a qualsiasi stile.<\/p>\n<h2>Come funzionano gli incontri in cam<\/h2>\n<p>La maggior parte dei siti e delle app di incontri in cam sono facilissimi da usare:<\/p>\n<ol>\n<li>Registratevi con un nome utente, un'e-mail o, a volte, anche in forma anonima.<\/li>\n<li>Impostate le vostre preferenze: chi volete incontrare e da dove.<\/li>\n<li>Partecipa a una sessione casuale di incontri in cam o sfoglia i profili per invitare qualcuno a una chat privata.<\/li>\n<li>Consentire l'accesso alla telecamera e al microfono. (L'utente controlla quando la telecamera si accende).<\/li>\n<li>Iniziate il vostro appuntamento! Rimanete per qualche minuto o per un'ora, dipende da voi.<\/li>\n<li>Non vi sentite a vostro agio? Passate oltre con un clic: nessun imbarazzo, nessuna pressione.<\/li>\n<\/ol>\n<p>Alcune piattaforme offrono anche eventi di \"speed dating\", incontri per rompere il ghiaccio o video chat basate su argomenti specifici per aiutarvi a iniziare.<\/p>\n<h2>I migliori siti e app di incontri in cam<\/h2>\n<p>Non sapete da dove cominciare? Ecco alcuni dei luoghi pi\u00f9 popolari per provare gli incontri in cam:<\/p>\n<ul>\n<li>CooMeet: noto per la verifica del genere e per le chat video amichevoli e flirtanti tra uomini e donne.<\/li>\n<li>LuckyCrush: Accoppia casualmente uomini e donne per incontri in cam da tutto il mondo.<\/li>\n<li>Flingster: Focalizzato sugli incontri in cam per adulti e sulla conversazione flirtante e aperta.<\/li>\n<li>Chatspin: Offre filtri per sesso, localit\u00e0 e interessi, oltre a opzioni di incontri in cam casuali e privati.<\/li>\n<li>Chatrandom: Mescola chat occasionali, incontri e cam di gruppo per tutte le personalit\u00e0.<\/li>\n<li>Omegle\/Chatroulette: piattaforme classiche per la chat casuale in cam, utilizzate da molti single per trovare divertimento o romanticismo.<\/li>\n<\/ul>\n<p>Ognuno di essi ha una propria comunit\u00e0 e una propria atmosfera. Provatene alcuni per trovare l'esperienza di incontri in cam pi\u00f9 adatta a voi.<\/p>\n<h2>Incontri in cam vs. Incontri online tradizionali<\/h2>\n<table>\n<thead>\n<tr>\n<th>Caratteristica<\/th>\n<th>Incontri in cam<\/th>\n<th>App\/Appuntamenti<\/th>\n<th>Media sociali<\/th>\n<th>Solo chat di testo<\/th>\n<\/tr>\n<\/thead>\n<tbody>\n<tr>\n<td>Video in tempo reale<\/td>\n<td>\u2705<\/td>\n<td>\u274c<\/td>\n<td>\u274c<\/td>\n<td>\u274c<\/td>\n<\/tr>\n<tr>\n<td>Chimica istantanea<\/td>\n<td>\u2705<\/td>\n<td>\u274c<\/td>\n<td>\u274c<\/td>\n<td>\u274c<\/td>\n<\/tr>\n<tr>\n<td>A prova di pesce gatto<\/td>\n<td>\u2705<\/td>\n<td>\u274c<\/td>\n<td>\u274c<\/td>\n<td>\u274c<\/td>\n<\/tr>\n<tr>\n<td>Chat privata o casuale<\/td>\n<td>\u2705<\/td>\n<td>\u2705<\/td>\n<td>\u2705<\/td>\n<td>\u2705<\/td>\n<\/tr>\n<tr>\n<td>Opzioni di chat di gruppo<\/td>\n<td>\u2705<\/td>\n<td>\u274c<\/td>\n<td>\u2705<\/td>\n<td>\u2705<\/td>\n<\/tr>\n<tr>\n<td>Utilizzo gratuito<\/td>\n<td>\u2705 (la maggior parte)<\/td>\n<td>\u2705\/\u274c<\/td>\n<td>\u2705<\/td>\n<td>\u2705<\/td>\n<\/tr>\n<\/tbody>\n<\/table>\n<p>Per coloro che desiderano qualcosa di reale e immediato, gli incontri in cam sono il chiaro vincitore.<\/p>\n<h2>Incontri in cam gratuiti vs. opzioni a pagamento<\/h2>\n<p>La maggior parte delle piattaforme di incontri in cam offre un'esperienza di incontri in cam gratuita, con aggiornamenti a pagamento per funzioni premium come incontri illimitati, filtri avanzati o regali speciali. Ecco come si comportano:<\/p>\n<table>\n<thead>\n<tr>\n<th>Caratteristica<\/th>\n<th>Incontri in cam gratis<\/th>\n<th>Incontri in cam a pagamento<\/th>\n<\/tr>\n<\/thead>\n<tbody>\n<tr>\n<td>Nessun costo<\/td>\n<td>\u2705<\/td>\n<td>\u274c<\/td>\n<\/tr>\n<tr>\n<td>Chat casuali illimitate<\/td>\n<td>\u2705 (limitato)<\/td>\n<td>\u2705<\/td>\n<\/tr>\n<tr>\n<td>Filtri avanzati<\/td>\n<td>\u274c<\/td>\n<td>\u2705<\/td>\n<\/tr>\n<tr>\n<td>Corrispondenze prioritarie<\/td>\n<td>\u274c<\/td>\n<td>\u2705<\/td>\n<\/tr>\n<tr>\n<td>Accesso a tutte le funzioni<\/td>\n<td>\u274c<\/td>\n<td>\u2705<\/td>\n<\/tr>\n<\/tbody>\n<\/table>\n<p>Non \u00e8 necessario pagare per divertirsi! La maggior parte delle persone traggono un grande valore dalle versioni gratuite, mentre i vantaggi premium aggiungono solo un maggiore controllo o una maggiore comodit\u00e0.<\/p>\n<h2>Stare al sicuro durante gli appuntamenti di Cam<\/h2>\n<p>Gli incontri in cam sono divertenti, ma la priorit\u00e0 \u00e8 sempre la sicurezza:<\/p>\n<ul>\n<li>Non condividete mai informazioni private (nome e cognome, indirizzo, numero di telefono) finch\u00e9 non vi fidate del vostro appuntamento.<\/li>\n<li>Utilizzate un nickname se volete rimanere anonimi.<\/li>\n<li>Se vi sentite a disagio, lasciate immediatamente la chat, senza bisogno di spiegazioni.<\/li>\n<li>Utilizzare siti con funzioni di moderazione e segnalazione.<\/li>\n<li>Siate cauti con i contenuti espliciti: conoscete le regole della piattaforma e la vostra zona di comfort.<\/li>\n<\/ul>\n<p>Ricordate che i legami migliori avvengono quando entrambe le persone si sentono sicure e rispettate.<\/p>\n<h2>Chi usa gli incontri in cam?<\/h2>\n<p>Praticamente tutti! Gli incontri in cam sono popolari tra:<\/p>\n<ul>\n<li>Single stanchi del catfishing e degli sms infiniti<\/li>\n<li>Persone alla ricerca di connessioni autentiche, faccia a faccia<\/li>\n<li>Espatriati e viaggiatori che vogliono incontrare persone in tutto il mondo<\/li>\n<li>Coppie civettuole in cerca di divertimento e avventura online<\/li>\n<li>Chiunque voglia frequentare o socializzare alle proprie condizioni e con i propri ritmi.<\/li>\n<\/ul>\n<h2>Consigli per la migliore esperienza di incontri in cam<\/h2>\n<ul>\n<li>Vestitevi in modo comodo, ma siate voi stessi: non dovete vestirvi bene, a meno che non lo vogliate.<\/li>\n<li>Utilizzate una buona illuminazione e uno sfondo ordinato per apparire al meglio.<\/li>\n<li>Iniziate con un saluto cordiale e un sorriso genuino.<\/li>\n<li>Fate domande e ascoltate: la conversazione \u00e8 una strada a doppio senso.<\/li>\n<li>Non scoraggiatevi se una chat non \u00e8 straordinaria: passate oltre e riprovate.<\/li>\n<li>Siate chiari sulle vostre intenzioni, sia che cerchiate amicizia, romanticismo o solo una serata divertente.<\/li>\n<\/ul>\n<h2>Di cosa parlare agli appuntamenti in cam<\/h2>\n<p>Avete bisogno di ispirazione per il vostro prossimo appuntamento in cam? Provate questi argomenti:<\/p>\n<ul>\n<li>Hobby, musica o programmi preferiti<\/li>\n<li>Storie di viaggio o destinazioni da non perdere<\/li>\n<li>Cibo: qual \u00e8 la cosa migliore che avete mangiato ultimamente?<\/li>\n<li>Sciocche domande \"preferisci\"<\/li>\n<li>Sfide o giochi divertenti (obbligo o verit\u00e0, qualcuno?)<\/li>\n<li>Cosa ti ha portato agli incontri in cam<\/li>\n<\/ul>\n<p>Un po' di curiosit\u00e0 fa molto. Soprattutto, siate aperti, onesti e divertitevi!<\/p>\n<h2>Quando gli incontri in cam sono la scelta giusta?<\/h2>\n<ul>\n<li>Quando si vogliono evitare le chiacchiere e vedere se le scintille volano all'istante<\/li>\n<li>Per le coppie a distanza che desiderano un incontro faccia a faccia<\/li>\n<li>Se siete timidi a incontrarvi di persona ma volete qualcosa di concreto<\/li>\n<li>Quando si \u00e8 stanchi del ciclo \"swipe and ghost\" delle tradizionali app di incontri<\/li>\n<li>Per tutti coloro che vogliono flirtare, uscire o semplicemente entrare in contatto in un modo moderno ed eccitante.<\/li>\n<\/ul>\n<p>Gli incontri in cam riportano il brivido, la realt\u00e0 e l'eccitazione agli incontri online. \u00c8 spontaneo, divertente e fresco e onesto: ti d\u00e0 la possibilit\u00e0 di entrare in contatto con qualcuno di nuovo, faccia a faccia, in qualsiasi momento tu voglia. Che tu stia cercando l'amore, l'amicizia o solo un po' di avventura, gli incontri in cam lo rendono possibile: nessun vincolo, nessuna pressione, solo una connessione reale.<\/p>\n<p>Sei pronto a vedere chi c'\u00e8 l\u00e0 fuori? Accendi la tua webcam, trova un sito di incontri in cam gratuito e inizia la tua prossima grande conversazione stasera. La tua storia d'amore virtuale, o la tua nuova storia preferita, potrebbe essere a portata di clic.<\/p>","protected":false},"excerpt":{"rendered":"<p>Online dating has come a long way from text messages and carefully curated profile pics. Cam dating is changing the game by making it possible to connect face-to-face instantly\u2014no more endless messaging, catfishing, or guesswork. In a world where we crave both intimacy and authenticity, cam dating sites give singles (and even couples) a way [&hellip;]<\/p>\n","protected":false},"author":8,"featured_media":0,"parent":0,"menu_order":0,"comment_status":"closed","ping_status":"closed","template":"","meta":{"footnotes":""},"class_list":["post-4141","page","type-page","status-publish","hentry"],"yoast_head":"<!-- This site is optimized with the Yoast SEO plugin v27.6 - https:\/\/yoast.com\/product\/yoast-seo-wordpress\/ -->\n<title>Cam Dating with Video Chat on TinyChat.com<\/title>\n<meta name=\"description\" content=\"Enjoying Cam Dating? Join over 50,000,000 strangers on TinyChat! Turn on your cam and start meeting new people, or find a match.\" \/>\n<meta name=\"robots\" content=\"index, follow, max-snippet:-1, max-image-preview:large, max-video-preview:-1\" \/>\n<link rel=\"canonical\" href=\"https:\/\/tinychat.com\/it\/cam-dating\/\" \/>\n<meta property=\"og:locale\" content=\"it_IT\" \/>\n<meta property=\"og:type\" content=\"article\" \/>\n<meta property=\"og:title\" content=\"Cam Dating with Video Chat on TinyChat.com\" \/>\n<meta property=\"og:description\" content=\"Enjoying Cam Dating? Join over 50,000,000 strangers on TinyChat! Turn on your cam and start meeting new people, or find a match.\" \/>\n<meta property=\"og:url\" content=\"https:\/\/tinychat.com\/it\/cam-dating\/\" \/>\n<meta property=\"og:site_name\" content=\"TinyChat\" \/>\n<meta property=\"article:publisher\" content=\"https:\/\/www.facebook.com\/tinychat\" \/>\n<meta property=\"article:modified_time\" content=\"2025-07-07T16:19:49+00:00\" \/>\n<meta property=\"og:image\" content=\"https:\/\/tinychat.com\/wp-content\/uploads\/2020\/04\/Tinychat-logo-1280x284-new-black.png\" \/>\n\t<meta property=\"og:image:width\" content=\"1280\" \/>\n\t<meta property=\"og:image:height\" content=\"284\" \/>\n\t<meta property=\"og:image:type\" content=\"image\/png\" \/>\n<meta name=\"twitter:card\" content=\"summary_large_image\" \/>\n<meta name=\"twitter:site\" content=\"@tinychat\" \/>\n<meta name=\"twitter:label1\" content=\"Tempo di lettura stimato\" \/>\n\t<meta name=\"twitter:data1\" content=\"6 minuti\" \/>\n<script type=\"application\/ld+json\" class=\"yoast-schema-graph\">{\"@context\":\"https:\\\/\\\/schema.org\",\"@graph\":[{\"@type\":\"WebPage\",\"@id\":\"https:\\\/\\\/tinychat.com\\\/cam-dating\\\/\",\"url\":\"https:\\\/\\\/tinychat.com\\\/cam-dating\\\/\",\"name\":\"Cam Dating with Video Chat on TinyChat.com\",\"isPartOf\":{\"@id\":\"https:\\\/\\\/tinychat.com\\\/#website\"},\"datePublished\":\"2025-05-23T16:04:51+00:00\",\"dateModified\":\"2025-07-07T16:19:49+00:00\",\"description\":\"Enjoying Cam Dating? Join over 50,000,000 strangers on TinyChat! Turn on your cam and start meeting new people, or find a match.\",\"breadcrumb\":{\"@id\":\"https:\\\/\\\/tinychat.com\\\/cam-dating\\\/#breadcrumb\"},\"inLanguage\":\"it-IT\",\"potentialAction\":[{\"@type\":\"ReadAction\",\"target\":[\"https:\\\/\\\/tinychat.com\\\/cam-dating\\\/\"]}]},{\"@type\":\"BreadcrumbList\",\"@id\":\"https:\\\/\\\/tinychat.com\\\/cam-dating\\\/#breadcrumb\",\"itemListElement\":[{\"@type\":\"ListItem\",\"position\":1,\"name\":\"Home\",\"item\":\"https:\\\/\\\/tinychat.com\\\/\"},{\"@type\":\"ListItem\",\"position\":2,\"name\":\"Cam Dating\"}]},{\"@type\":\"WebSite\",\"@id\":\"https:\\\/\\\/tinychat.com\\\/#website\",\"url\":\"https:\\\/\\\/tinychat.com\\\/\",\"name\":\"TinyChat\",\"description\":\"Random Video Chat with Strangers\",\"publisher\":{\"@id\":\"https:\\\/\\\/tinychat.com\\\/#organization\"},\"alternateName\":\"TinyChat.com\",\"potentialAction\":[{\"@type\":\"SearchAction\",\"target\":{\"@type\":\"EntryPoint\",\"urlTemplate\":\"https:\\\/\\\/tinychat.com\\\/?s={search_term_string}\"},\"query-input\":{\"@type\":\"PropertyValueSpecification\",\"valueRequired\":true,\"valueName\":\"search_term_string\"}}],\"inLanguage\":\"it-IT\"},{\"@type\":\"Organization\",\"@id\":\"https:\\\/\\\/tinychat.com\\\/#organization\",\"name\":\"TinyChat\",\"alternateName\":\"TinyChat.com\",\"url\":\"https:\\\/\\\/tinychat.com\\\/\",\"logo\":{\"@type\":\"ImageObject\",\"inLanguage\":\"it-IT\",\"@id\":\"https:\\\/\\\/tinychat.com\\\/#\\\/schema\\\/logo\\\/image\\\/\",\"url\":\"https:\\\/\\\/tinychat.com\\\/wp-content\\\/uploads\\\/2023\\\/11\\\/Tinychat-icon-square.png\",\"contentUrl\":\"https:\\\/\\\/tinychat.com\\\/wp-content\\\/uploads\\\/2023\\\/11\\\/Tinychat-icon-square.png\",\"width\":284,\"height\":284,\"caption\":\"TinyChat\"},\"image\":{\"@id\":\"https:\\\/\\\/tinychat.com\\\/#\\\/schema\\\/logo\\\/image\\\/\"},\"sameAs\":[\"https:\\\/\\\/www.facebook.com\\\/tinychat\",\"https:\\\/\\\/x.com\\\/tinychat\"]}]}<\/script>\n<!-- \/ Yoast SEO plugin. -->","yoast_head_json":{"title":"Incontri in cam con video chat su TinyChat.com","description":"Ti piacciono gli incontri in cam? Unisciti a oltre 50.000.000 di sconosciuti su TinyChat! Accendi la tua cam e inizia a conoscere nuove persone o a trovare un partner.","robots":{"index":"index","follow":"follow","max-snippet":"max-snippet:-1","max-image-preview":"max-image-preview:large","max-video-preview":"max-video-preview:-1"},"canonical":"https:\/\/tinychat.com\/it\/cam-dating\/","og_locale":"it_IT","og_type":"article","og_title":"Cam Dating with Video Chat on TinyChat.com","og_description":"Enjoying Cam Dating? Join over 50,000,000 strangers on TinyChat! Turn on your cam and start meeting new people, or find a match.","og_url":"https:\/\/tinychat.com\/it\/cam-dating\/","og_site_name":"TinyChat","article_publisher":"https:\/\/www.facebook.com\/tinychat","article_modified_time":"2025-07-07T16:19:49+00:00","og_image":[{"width":1280,"height":284,"url":"https:\/\/tinychat.com\/wp-content\/uploads\/2020\/04\/Tinychat-logo-1280x284-new-black.png","type":"image\/png"}],"twitter_card":"summary_large_image","twitter_site":"@tinychat","twitter_misc":{"Tempo di lettura stimato":"6 minuti"},"schema":{"@context":"https:\/\/schema.org","@graph":[{"@type":"WebPage","@id":"https:\/\/tinychat.com\/cam-dating\/","url":"https:\/\/tinychat.com\/cam-dating\/","name":"Incontri in cam con video chat su TinyChat.com","isPartOf":{"@id":"https:\/\/tinychat.com\/#website"},"datePublished":"2025-05-23T16:04:51+00:00","dateModified":"2025-07-07T16:19:49+00:00","description":"Ti piacciono gli incontri in cam? Unisciti a oltre 50.000.000 di sconosciuti su TinyChat! Accendi la tua cam e inizia a conoscere nuove persone o a trovare un partner.","breadcrumb":{"@id":"https:\/\/tinychat.com\/cam-dating\/#breadcrumb"},"inLanguage":"it-IT","potentialAction":[{"@type":"ReadAction","target":["https:\/\/tinychat.com\/cam-dating\/"]}]},{"@type":"BreadcrumbList","@id":"https:\/\/tinychat.com\/cam-dating\/#breadcrumb","itemListElement":[{"@type":"ListItem","position":1,"name":"Home","item":"https:\/\/tinychat.com\/"},{"@type":"ListItem","position":2,"name":"Cam Dating"}]},{"@type":"WebSite","@id":"https:\/\/tinychat.com\/#website","url":"https:\/\/tinychat.com\/","name":"TinyChat","description":"Videochat casuale con sconosciuti","publisher":{"@id":"https:\/\/tinychat.com\/#organization"},"alternateName":"TinyChat.com","potentialAction":[{"@type":"SearchAction","target":{"@type":"EntryPoint","urlTemplate":"https:\/\/tinychat.com\/?s={search_term_string}"},"query-input":{"@type":"PropertyValueSpecification","valueRequired":true,"valueName":"search_term_string"}}],"inLanguage":"it-IT"},{"@type":"Organization","@id":"https:\/\/tinychat.com\/#organization","name":"TinyChat","alternateName":"TinyChat.com","url":"https:\/\/tinychat.com\/","logo":{"@type":"ImageObject","inLanguage":"it-IT","@id":"https:\/\/tinychat.com\/#\/schema\/logo\/image\/","url":"https:\/\/tinychat.com\/wp-content\/uploads\/2023\/11\/Tinychat-icon-square.png","contentUrl":"https:\/\/tinychat.com\/wp-content\/uploads\/2023\/11\/Tinychat-icon-square.png","width":284,"height":284,"caption":"TinyChat"},"image":{"@id":"https:\/\/tinychat.com\/#\/schema\/logo\/image\/"},"sameAs":["https:\/\/www.facebook.com\/tinychat","https:\/\/x.com\/tinychat"]}]}},"_links":{"self":[{"href":"https:\/\/tinychat.com\/it\/wp-json\/wp\/v2\/pages\/4141","targetHints":{"allow":["GET"]}}],"collection":[{"href":"https:\/\/tinychat.com\/it\/wp-json\/wp\/v2\/pages"}],"about":[{"href":"https:\/\/tinychat.com\/it\/wp-json\/wp\/v2\/types\/page"}],"author":[{"embeddable":true,"href":"https:\/\/tinychat.com\/it\/wp-json\/wp\/v2\/users\/8"}],"replies":[{"embeddable":true,"href":"https:\/\/tinychat.com\/it\/wp-json\/wp\/v2\/comments?post=4141"}],"version-history":[{"count":4,"href":"https:\/\/tinychat.com\/it\/wp-json\/wp\/v2\/pages\/4141\/revisions"}],"predecessor-version":[{"id":13307,"href":"https:\/\/tinychat.com\/it\/wp-json\/wp\/v2\/pages\/4141\/revisions\/13307"}],"wp:attachment":[{"href":"https:\/\/tinychat.com\/it\/wp-json\/wp\/v2\/media?parent=4141"}],"curies":[{"name":"wp","href":"https:\/\/api.w.org\/{rel}","templated":true}]}}