{"id":4158,"date":"2025-08-14T09:27:29","date_gmt":"2025-08-14T07:27:29","guid":{"rendered":"https:\/\/tinychat.com\/?page_id=4158"},"modified":"2025-08-14T10:01:21","modified_gmt":"2025-08-14T08:01:21","slug":"omegle-video-call","status":"publish","type":"page","link":"https:\/\/tinychat.com\/it\/omegle-video-call\/","title":{"rendered":"Omegle Videochiamata"},"content":{"rendered":"<p>L'idea di partecipare a una conversazione dal vivo con qualcuno che non si \u00e8 mai incontrato, in qualsiasi parte del mondo, non \u00e8 nuova. Le funzioni di videochiamata dell'Omegle l'hanno resa famosa e il concetto entusiasma ancora oggi. \u00c8 veloce, imprevedibile e personale. Basta un clic per trovarsi faccia a faccia con qualcuno dall'altra parte del pianeta, condividendo storie, risate o anche solo qualche minuto di curiosit\u00e0.<\/p>\n<p>Per molti, questo stile di chat offre qualcosa che i social media e le app di incontri non possono offrire: un'interazione in tempo reale senza filtri, swipe o algoritmi che decidono chi incontrare.<\/p>\n<h2>Che cos'\u00e8 una videochiamata Omegle?<\/h2>\n<p>Nella sua forma pi\u00f9 semplice, una videochiamata Omegle \u00e8 una videochiamata in diretta uno a uno con uno sconosciuto a caso. Voi accendete la vostra webcam, l'altra persona fa lo stesso e parlate finch\u00e9 uno dei due non decide di andare avanti. Nessuna registrazione, nessun dato personale, nessun impegno: solo una comunicazione spontanea e diretta.<\/p>\n<p>Sebbene il marchio Omegle l'abbia resa popolare, questo tipo di videochiamata casuale esiste ormai su molte piattaforme. L'idea di base rimane la stessa: connettersi istantaneamente, parlare per tutto il tempo che si desidera, quindi passare all'incontro successivo.<\/p>\n<h2>Perch\u00e9 la gente ama le videochiamate in stile Omegle<\/h2>\n<p>C'\u00e8 un motivo per cui milioni di persone hanno provato questo formato e continuano a tornare. Non si tratta solo di chattare, ma dei momenti inaspettati che si verificano quando due estranei si incontrano in tempo reale.<\/p>\n<ul>\n<li>Connessione immediata - Non \u00e8 necessario scambiare nomi utente o aggiungere persone. Si entra subito nella conversazione.<\/li>\n<li>Portata globale - Incontrare persone da qualsiasi luogo, dalle grandi citt\u00e0 ai paesi pi\u00f9 remoti.<\/li>\n<li>Variet\u00e0 completa - Ogni chiamata \u00e8 diversa, non si sa mai chi sar\u00e0 il prossimo.<\/li>\n<li>Libert\u00e0 di saltare - Se l'atmosfera non \u00e8 quella giusta, siete a un solo clic da una nuova chat.<\/li>\n<li>Onest\u00e0 faccia a faccia - Vedere e sentire qualcuno in tempo reale rende pi\u00f9 difficile nascondersi dietro profili falsi.<\/li>\n<\/ul>\n<p>Alcune persone utilizzano le videochiamate in stile Omegle per un rapido intrattenimento, altre per una vera amicizia o addirittura per esercitarsi con la lingua.<\/p>\n<h2>Come funziona la videochiamata Omegle<\/h2>\n<p>Se non avete mai provato, \u00e8 sorprendentemente semplice iniziare:<\/p>\n<ol>\n<li>Scegliere una piattaforma - Mentre il sito originale Omegle \u00e8 un'opzione, ora ci sono molte alternative come TinyChat, Chatspin e CamSurf.<\/li>\n<li>Abilitare la webcam e il microfono - Il sito chieder\u00e0 il permesso di utilizzare la fotocamera e l'audio.<\/li>\n<li>Clicca per connetterti - La piattaforma ti abbina a un altro utente in pochi secondi.<\/li>\n<li>Chatta o salta - Rimani finch\u00e9 ti piace la conversazione, oppure clicca su \"avanti\" per incontrare qualcuno di nuovo.<\/li>\n<\/ol>\n<p>Molte piattaforme consentono anche di aggiungere tag di interesse, in modo da avere maggiori probabilit\u00e0 di essere abbinati a persone che condividono i vostri stessi hobby o argomenti.<\/p>\n<h2>Omegle Variazioni di videochiamata<\/h2>\n<p>Non tutte le chat video casuali sono uguali. Potreste imbattervi in formati diversi che si adattano a diversi stati d'animo o livelli di comfort:<\/p>\n<ul>\n<li>Videochiamata Omegle gratuita - Nessun costo, nessuna registrazione, solo incontri istantanei.<\/li>\n<li>Videochiamate anonime - Nascondete il vostro nome, usate un nickname o spegnete la vostra telecamera finch\u00e9 non siete pronti.<\/li>\n<li>Corrispondenza basata sugli interessi - Abbinamento con persone in base ad argomenti condivisi.<\/li>\n<li>Sezioni per soli adulti - chat 18+ per chi \u00e8 alla ricerca di interazioni civettuole o esplicite.<\/li>\n<li>Stanze video di gruppo - Invece di una sola persona, potete unirvi a una stanza con pi\u00f9 videocamere in funzione contemporaneamente.<\/li>\n<\/ul>\n<h2>Omegle Videochiamata vs. Chat di solo testo<\/h2>\n<p>Sebbene l'Omegle sia dotato anche di chat di testo, la funzione di videochiamata offre un'esperienza molto pi\u00f9 ricca.<\/p>\n<table>\n<thead>\n<tr>\n<th>Caratteristica<\/th>\n<th>Omegle Videochiamata<\/th>\n<th>Omegle Chat di testo<\/th>\n<\/tr>\n<\/thead>\n<tbody>\n<tr>\n<td>Vedere le espressioni facciali<\/td>\n<td>\u2705<\/td>\n<td>\u274c<\/td>\n<\/tr>\n<tr>\n<td>Sentire il tono di voce<\/td>\n<td>\u2705<\/td>\n<td>\u274c<\/td>\n<\/tr>\n<tr>\n<td>Controllo chimico istantaneo<\/td>\n<td>\u2705<\/td>\n<td>\u274c<\/td>\n<\/tr>\n<tr>\n<td>Un legame pi\u00f9 personale<\/td>\n<td>\u2705<\/td>\n<td>\u26a0\ufe0f Meno<\/td>\n<\/tr>\n<tr>\n<td>Funziona senza webcam<\/td>\n<td>\u274c<\/td>\n<td>\u2705<\/td>\n<\/tr>\n<\/tbody>\n<\/table>\n<p>La chat di testo pu\u00f2 essere ottima per mantenere l'anonimato, ma il video rende l'interazione pi\u00f9 umana.<\/p>\n<h2>Sicurezza nelle videochiamate in stile Omegle<\/h2>\n<p>Poich\u00e9 si incontrano degli sconosciuti, \u00e8 importante stabilire dei limiti. Le migliori piattaforme, comprese alcune alternative Omegle, dispongono di funzioni di sicurezza, ma \u00e8 bene proteggersi anche da soli:<\/p>\n<ul>\n<li>Non condividete informazioni personali come nome e cognome, indirizzo o luogo di lavoro.<\/li>\n<li>Usate un soprannome, se proprio date il vostro nome.<\/li>\n<li>Saltate immediatamente se qualcuno vi mette a disagio.<\/li>\n<li>Segnalate gli utenti inappropriati: la maggior parte dei siti dispone di strumenti di segnalazione rapida.<\/li>\n<li>Fate attenzione allo sfondo della fotocamera per evitare di mostrare dettagli privati.<\/li>\n<\/ul>\n<h2>Perch\u00e9 le persone cercano ancora alternative per le videochiamate Omegle<\/h2>\n<p>L'Omegle esiste da anni, ma non \u00e8 l'unica opzione e per molti non \u00e8 pi\u00f9 la migliore. Alcuni utenti cercano alternative perch\u00e9:<\/p>\n<ul>\n<li>Omegle non ha sempre una forte moderazione.<\/li>\n<li>Alcune regioni bloccano il sito.<\/li>\n<li>Vogliono filtri come il sesso, la posizione o gli interessi.<\/li>\n<li>Preferiscono una comunit\u00e0 pi\u00f9 pulita e amichevole.<\/li>\n<li>Amano il design mobile-friendly o le applicazioni dedicate.<\/li>\n<\/ul>\n<p>\u00c8 qui che brillano le piattaforme come TinyChat, che offrono sia videochiamate casuali uno-a-uno sia chat di gruppo strutturate con stanze basate su argomenti.<\/p>\n<h2>Perch\u00e9 l'TinyChat \u00e8 un'ottima alternativa alla videochiamata Omegle<\/h2>\n<p>L'TinyChat offre pi\u00f9 modi per connettersi senza perdere la spontaneit\u00e0 di una partita in stile Omegle:<\/p>\n<ul>\n<li>Stanze pubbliche e private - Chattate uno a uno o partecipate a stanze aperte in base ai vostri interessi.<\/li>\n<li>Video, voce e testo - Scegliete come connettervi.<\/li>\n<li>Nessuna iscrizione forzata: entrate immediatamente o create un account per ottenere funzioni aggiuntive.<\/li>\n<li>Accesso multipiattaforma: funziona nel browser o tramite applicazioni mobili.<\/li>\n<li>Comunit\u00e0 globale - Incontrare persone da tutto il mondo, in qualsiasi momento della giornata.<\/li>\n<\/ul>\n<p>Per coloro che amano l'idea della videochiamata Omegle ma desiderano un maggiore controllo sull'ambiente, l'TinyChat \u00e8 una scelta valida.<\/p>\n<h2>Utilizzo della videochiamata Omegle per divertimento e connessione<\/h2>\n<p>Le persone si rivolgono alle chiamate in stile Omegle per i motivi pi\u00f9 disparati:<\/p>\n<ul>\n<li>Per incontrare persone in viaggio o in nuove citt\u00e0.<\/li>\n<li>Per esercitarsi a parlare una lingua con persone madrelingua.<\/li>\n<li>Per spezzare la noia e incontrare facce amiche durante i tempi morti.<\/li>\n<li>Per flirtare e vedere se c'\u00e8 subito chimica.<\/li>\n<li>Esplorare altre culture e stili di vita senza uscire di casa.<\/li>\n<\/ul>\n<p>Che il vostro obiettivo sia casuale o pi\u00f9 significativo, l'esperienza pu\u00f2 essere spensierata o profonda come la desiderate.<\/p>\n<h2>Suggerimenti per una migliore esperienza di videochiamata Omegle<\/h2>\n<ul>\n<li>Una buona illuminazione aiuta: le persone sono pi\u00f9 propense a rimanere quando possono vedervi chiaramente.<\/li>\n<li>Mantenere una mentalit\u00e0 aperta: incontrerete persone di ogni provenienza.<\/li>\n<li>Sorridete e salutate per primi: un inizio amichevole fa la differenza.<\/li>\n<li>Provate in orari diversi: la base di utenti cambia a seconda dell'ora, offrendovi una variet\u00e0.<\/li>\n<li>Sapere quando saltare: se non funziona, passare oltre senza sensi di colpa.<\/li>\n<\/ul>\n<h2>Il brivido della videochiamata casuale<\/h2>\n<p>Il fascino delle videochiamate Omegle non si \u00e8 affievolito perch\u00e9 attinge a qualcosa di intramontabile: la curiosit\u00e0 per le altre persone. Incontrare un estraneo in tempo reale, faccia a faccia, pu\u00f2 essere emozionante, divertente, sorprendente o addirittura commovente. A volte ci si collega solo per un minuto, a volte per ore, e a volte ci si scambia i dettagli per parlare di nuovo.<\/p>\n<p>\u00c8 questo mix di imprevedibilit\u00e0 e possibilit\u00e0 che fa tornare la gente.<\/p>\n<p>Le sessioni di videochiamata Omegle offrono uno dei modi pi\u00f9 rapidi e personali per incontrare sconosciuti online. Sia che si scelga Omegle sia che si esplorino alternative come TinyChat, la formula rimane la stessa: connettersi istantaneamente, condividere un momento e passare oltre quando si \u00e8 pronti.<\/p>\n<p>Non si tratta di costruire una lista di amici o di inseguire i \"mi piace\": si tratta di un'interazione umana genuina e senza filtri. Se non l'avete mai provato, tutto ci\u00f2 che serve \u00e8 una webcam, una buona connessione a Internet e un po' di curiosit\u00e0.<\/p>\n<p>Chi lo sa? La prossima videochiamata in stile Omegle potrebbe essere il momento pi\u00f9 bello della vostra giornata.<\/p>","protected":false},"excerpt":{"rendered":"<p>The idea of jumping into a live conversation with someone you\u2019ve never met\u2014anywhere in the world\u2014isn\u2019t new. Omegle video call features made it famous, and the concept still excites people today. It\u2019s fast, unpredictable, and personal. With just a click, you can be face-to-face with someone on the other side of the planet, sharing stories, [&hellip;]<\/p>\n","protected":false},"author":8,"featured_media":0,"parent":0,"menu_order":0,"comment_status":"closed","ping_status":"closed","template":"","meta":{"footnotes":""},"class_list":["post-4158","page","type-page","status-publish","hentry"],"yoast_head":"<!-- This site is optimized with the Yoast SEO plugin v27.6 - https:\/\/yoast.com\/product\/yoast-seo-wordpress\/ -->\n<title>Omegle Video Call with Video Chat on TinyChat.com<\/title>\n<meta name=\"description\" content=\"Enjoying Omegle Video Call? Join over 50,000,000 strangers on TinyChat! Turn on your cam and start meeting new people, or find a match.\" \/>\n<meta name=\"robots\" content=\"index, follow, max-snippet:-1, max-image-preview:large, max-video-preview:-1\" \/>\n<link rel=\"canonical\" href=\"https:\/\/tinychat.com\/it\/omegle-video-call\/\" \/>\n<meta property=\"og:locale\" content=\"it_IT\" \/>\n<meta property=\"og:type\" content=\"article\" \/>\n<meta property=\"og:title\" content=\"Omegle Video Call with Video Chat on TinyChat.com\" \/>\n<meta property=\"og:description\" content=\"Enjoying Omegle Video Call? Join over 50,000,000 strangers on TinyChat! Turn on your cam and start meeting new people, or find a match.\" \/>\n<meta property=\"og:url\" content=\"https:\/\/tinychat.com\/it\/omegle-video-call\/\" \/>\n<meta property=\"og:site_name\" content=\"TinyChat\" \/>\n<meta property=\"article:publisher\" content=\"https:\/\/www.facebook.com\/tinychat\" \/>\n<meta property=\"article:modified_time\" content=\"2025-08-14T08:01:21+00:00\" \/>\n<meta property=\"og:image\" content=\"https:\/\/tinychat.com\/wp-content\/uploads\/2020\/04\/Tinychat-logo-1280x284-new-black.png\" \/>\n\t<meta property=\"og:image:width\" content=\"1280\" \/>\n\t<meta property=\"og:image:height\" content=\"284\" \/>\n\t<meta property=\"og:image:type\" content=\"image\/png\" \/>\n<meta name=\"twitter:card\" content=\"summary_large_image\" \/>\n<meta name=\"twitter:site\" content=\"@tinychat\" \/>\n<meta name=\"twitter:label1\" content=\"Tempo di lettura stimato\" \/>\n\t<meta name=\"twitter:data1\" content=\"6 minuti\" \/>\n<script type=\"application\/ld+json\" class=\"yoast-schema-graph\">{\"@context\":\"https:\\\/\\\/schema.org\",\"@graph\":[{\"@type\":\"WebPage\",\"@id\":\"https:\\\/\\\/tinychat.com\\\/omegle-video-call\\\/\",\"url\":\"https:\\\/\\\/tinychat.com\\\/omegle-video-call\\\/\",\"name\":\"Omegle Video Call with Video Chat on TinyChat.com\",\"isPartOf\":{\"@id\":\"https:\\\/\\\/tinychat.com\\\/#website\"},\"datePublished\":\"2025-08-14T07:27:29+00:00\",\"dateModified\":\"2025-08-14T08:01:21+00:00\",\"description\":\"Enjoying Omegle Video Call? Join over 50,000,000 strangers on TinyChat! Turn on your cam and start meeting new people, or find a match.\",\"breadcrumb\":{\"@id\":\"https:\\\/\\\/tinychat.com\\\/omegle-video-call\\\/#breadcrumb\"},\"inLanguage\":\"it-IT\",\"potentialAction\":[{\"@type\":\"ReadAction\",\"target\":[\"https:\\\/\\\/tinychat.com\\\/omegle-video-call\\\/\"]}]},{\"@type\":\"BreadcrumbList\",\"@id\":\"https:\\\/\\\/tinychat.com\\\/omegle-video-call\\\/#breadcrumb\",\"itemListElement\":[{\"@type\":\"ListItem\",\"position\":1,\"name\":\"Home\",\"item\":\"https:\\\/\\\/tinychat.com\\\/\"},{\"@type\":\"ListItem\",\"position\":2,\"name\":\"Omegle Video Call\"}]},{\"@type\":\"WebSite\",\"@id\":\"https:\\\/\\\/tinychat.com\\\/#website\",\"url\":\"https:\\\/\\\/tinychat.com\\\/\",\"name\":\"TinyChat\",\"description\":\"Random Video Chat with Strangers\",\"publisher\":{\"@id\":\"https:\\\/\\\/tinychat.com\\\/#organization\"},\"alternateName\":\"TinyChat.com\",\"potentialAction\":[{\"@type\":\"SearchAction\",\"target\":{\"@type\":\"EntryPoint\",\"urlTemplate\":\"https:\\\/\\\/tinychat.com\\\/?s={search_term_string}\"},\"query-input\":{\"@type\":\"PropertyValueSpecification\",\"valueRequired\":true,\"valueName\":\"search_term_string\"}}],\"inLanguage\":\"it-IT\"},{\"@type\":\"Organization\",\"@id\":\"https:\\\/\\\/tinychat.com\\\/#organization\",\"name\":\"TinyChat\",\"alternateName\":\"TinyChat.com\",\"url\":\"https:\\\/\\\/tinychat.com\\\/\",\"logo\":{\"@type\":\"ImageObject\",\"inLanguage\":\"it-IT\",\"@id\":\"https:\\\/\\\/tinychat.com\\\/#\\\/schema\\\/logo\\\/image\\\/\",\"url\":\"https:\\\/\\\/tinychat.com\\\/wp-content\\\/uploads\\\/2023\\\/11\\\/Tinychat-icon-square.png\",\"contentUrl\":\"https:\\\/\\\/tinychat.com\\\/wp-content\\\/uploads\\\/2023\\\/11\\\/Tinychat-icon-square.png\",\"width\":284,\"height\":284,\"caption\":\"TinyChat\"},\"image\":{\"@id\":\"https:\\\/\\\/tinychat.com\\\/#\\\/schema\\\/logo\\\/image\\\/\"},\"sameAs\":[\"https:\\\/\\\/www.facebook.com\\\/tinychat\",\"https:\\\/\\\/x.com\\\/tinychat\"]}]}<\/script>\n<!-- \/ Yoast SEO plugin. -->","yoast_head_json":{"title":"Omegle Videochiamata con videochiamata su TinyChat.com","description":"Ti piace la videochiamata Omegle? Unisciti a oltre 50.000.000 di sconosciuti su TinyChat! Accendi la tua cam e inizia a conoscere nuove persone o a trovare un partner.","robots":{"index":"index","follow":"follow","max-snippet":"max-snippet:-1","max-image-preview":"max-image-preview:large","max-video-preview":"max-video-preview:-1"},"canonical":"https:\/\/tinychat.com\/it\/omegle-video-call\/","og_locale":"it_IT","og_type":"article","og_title":"Omegle Video Call with Video Chat on TinyChat.com","og_description":"Enjoying Omegle Video Call? Join over 50,000,000 strangers on TinyChat! Turn on your cam and start meeting new people, or find a match.","og_url":"https:\/\/tinychat.com\/it\/omegle-video-call\/","og_site_name":"TinyChat","article_publisher":"https:\/\/www.facebook.com\/tinychat","article_modified_time":"2025-08-14T08:01:21+00:00","og_image":[{"width":1280,"height":284,"url":"https:\/\/tinychat.com\/wp-content\/uploads\/2020\/04\/Tinychat-logo-1280x284-new-black.png","type":"image\/png"}],"twitter_card":"summary_large_image","twitter_site":"@tinychat","twitter_misc":{"Tempo di lettura stimato":"6 minuti"},"schema":{"@context":"https:\/\/schema.org","@graph":[{"@type":"WebPage","@id":"https:\/\/tinychat.com\/omegle-video-call\/","url":"https:\/\/tinychat.com\/omegle-video-call\/","name":"Omegle Videochiamata con videochiamata su TinyChat.com","isPartOf":{"@id":"https:\/\/tinychat.com\/#website"},"datePublished":"2025-08-14T07:27:29+00:00","dateModified":"2025-08-14T08:01:21+00:00","description":"Ti piace la videochiamata Omegle? Unisciti a oltre 50.000.000 di sconosciuti su TinyChat! Accendi la tua cam e inizia a conoscere nuove persone o a trovare un partner.","breadcrumb":{"@id":"https:\/\/tinychat.com\/omegle-video-call\/#breadcrumb"},"inLanguage":"it-IT","potentialAction":[{"@type":"ReadAction","target":["https:\/\/tinychat.com\/omegle-video-call\/"]}]},{"@type":"BreadcrumbList","@id":"https:\/\/tinychat.com\/omegle-video-call\/#breadcrumb","itemListElement":[{"@type":"ListItem","position":1,"name":"Home","item":"https:\/\/tinychat.com\/"},{"@type":"ListItem","position":2,"name":"Omegle Video Call"}]},{"@type":"WebSite","@id":"https:\/\/tinychat.com\/#website","url":"https:\/\/tinychat.com\/","name":"TinyChat","description":"Videochat casuale con sconosciuti","publisher":{"@id":"https:\/\/tinychat.com\/#organization"},"alternateName":"TinyChat.com","potentialAction":[{"@type":"SearchAction","target":{"@type":"EntryPoint","urlTemplate":"https:\/\/tinychat.com\/?s={search_term_string}"},"query-input":{"@type":"PropertyValueSpecification","valueRequired":true,"valueName":"search_term_string"}}],"inLanguage":"it-IT"},{"@type":"Organization","@id":"https:\/\/tinychat.com\/#organization","name":"TinyChat","alternateName":"TinyChat.com","url":"https:\/\/tinychat.com\/","logo":{"@type":"ImageObject","inLanguage":"it-IT","@id":"https:\/\/tinychat.com\/#\/schema\/logo\/image\/","url":"https:\/\/tinychat.com\/wp-content\/uploads\/2023\/11\/Tinychat-icon-square.png","contentUrl":"https:\/\/tinychat.com\/wp-content\/uploads\/2023\/11\/Tinychat-icon-square.png","width":284,"height":284,"caption":"TinyChat"},"image":{"@id":"https:\/\/tinychat.com\/#\/schema\/logo\/image\/"},"sameAs":["https:\/\/www.facebook.com\/tinychat","https:\/\/x.com\/tinychat"]}]}},"_links":{"self":[{"href":"https:\/\/tinychat.com\/it\/wp-json\/wp\/v2\/pages\/4158","targetHints":{"allow":["GET"]}}],"collection":[{"href":"https:\/\/tinychat.com\/it\/wp-json\/wp\/v2\/pages"}],"about":[{"href":"https:\/\/tinychat.com\/it\/wp-json\/wp\/v2\/types\/page"}],"author":[{"embeddable":true,"href":"https:\/\/tinychat.com\/it\/wp-json\/wp\/v2\/users\/8"}],"replies":[{"embeddable":true,"href":"https:\/\/tinychat.com\/it\/wp-json\/wp\/v2\/comments?post=4158"}],"version-history":[{"count":3,"href":"https:\/\/tinychat.com\/it\/wp-json\/wp\/v2\/pages\/4158\/revisions"}],"predecessor-version":[{"id":13446,"href":"https:\/\/tinychat.com\/it\/wp-json\/wp\/v2\/pages\/4158\/revisions\/13446"}],"wp:attachment":[{"href":"https:\/\/tinychat.com\/it\/wp-json\/wp\/v2\/media?parent=4158"}],"curies":[{"name":"wp","href":"https:\/\/api.w.org\/{rel}","templated":true}]}}