{"id":5209,"date":"2025-08-27T08:24:52","date_gmt":"2025-08-27T06:24:52","guid":{"rendered":"https:\/\/tinychat.com\/?page_id=5209"},"modified":"2025-08-27T09:30:26","modified_gmt":"2025-08-27T07:30:26","slug":"tohla","status":"publish","type":"page","link":"https:\/\/tinychat.com\/it\/tohla\/","title":{"rendered":"Tohla"},"content":{"rendered":"<p>Internet \u00e8 sempre stato un ponte tra sconosciuti, offrendo alle persone modi per incontrarsi, interagire e imparare gli uni dagli altri. Dai primi giorni delle chat IRC a piattaforme come Omegle e Chatroulette, il concetto di connessioni casuali online ha catturato l'attenzione globale. Tra i nomi pi\u00f9 recenti emersi in questo spazio c'\u00e8 Tohla, una piattaforma costruita per chat video veloci, anonime e semplici.<\/p>\n<p>Sia che siate curiosi di conoscere qualcuno di un altro Paese, che vogliate passare il tempo con una conversazione amichevole o che desideriate stabilire un legame memorabile, Tohla offre un ambiente di rapido accesso e facile da usare.<\/p>\n<p>In questa recensione, vi illustreremo tutto ci\u00f2 che c'\u00e8 da sapere sull'Tohla: le sue caratteristiche, l'esperienza d'uso, gli strumenti di sicurezza, il confronto con altre piattaforme e i consigli pratici per sfruttarlo al meglio.<\/p>\n<h2>Che cos'\u00e8 l'Tohla?<\/h2>\n<p>Tohla \u00e8 un sito web di video chat casuale che mette in contatto istantaneo gli utenti con sconosciuti di tutto il mondo. In sostanza, segue la formula familiare che ha reso popolare Omegle: basta un clic per trovarsi faccia a faccia con una persona nuova.<\/p>\n<p>A differenza dei social media o delle app di incontri, Tohla non si concentra sulla creazione di profili o feed a lungo termine. Al contrario, enfatizza l'anonimato, la spontaneit\u00e0 e l'emozione degli incontri casuali. Le conversazioni sono temporanee, private e usa e getta, il che incoraggia un'interazione naturale e senza pressioni.<\/p>\n<h2>Caratteristiche principali di Tohla<\/h2>\n<p>Tohla adotta un approccio semplificato alla chat video, privilegiando la velocit\u00e0 e l'accessibilit\u00e0. Ecco le sue caratteristiche principali:<\/p>\n<h3>1. Corrispondenza video istantanea<\/h3>\n<ul>\n<li>Mette in contatto con gli sconosciuti in pochi secondi.<\/li>\n<li>Non \u00e8 richiesta l'iscrizione.<\/li>\n<li>Il pulsante \"Next\" consente di saltare e trovare immediatamente un nuovo utente.<\/li>\n<\/ul>\n<h3>2. Connessioni globali<\/h3>\n<ul>\n<li>Chatta con persone di tutto il mondo.<\/li>\n<li>Ottimo per lo scambio culturale e la pratica della lingua.<\/li>\n<li>La casualit\u00e0 garantisce che ogni sessione sia unica.<\/li>\n<\/ul>\n<h3>3. Integrazione della chat di testo<\/h3>\n<ul>\n<li>Oltre al video, una casella di testo consente di scrivere messaggi.<\/li>\n<li>Utile se l'audio non funziona o se si preferisce digitare.<\/li>\n<li>Aiuta a chiarire le conversazioni con persone che parlano lingue diverse.<\/li>\n<\/ul>\n<h3>4. Accesso facile per i dispositivi mobili<\/h3>\n<ul>\n<li>Funziona direttamente nei browser (desktop e mobile).<\/li>\n<li>Non \u00e8 necessario scaricare l'app.<\/li>\n<li>Ottimizzato per gli schermi pi\u00f9 piccoli, \u00e8 facile da usare anche in viaggio.<\/li>\n<\/ul>\n<h3>5. Anonimato e privacy<\/h3>\n<ul>\n<li>Non sono richiesti dati personali per iscriversi.<\/li>\n<li>Le chat sono temporanee e non vengono registrate pubblicamente.<\/li>\n<li>Siete voi a controllare cosa condividere o meno.<\/li>\n<\/ul>\n<h3>6. Interfaccia semplice e pulita<\/h3>\n<ul>\n<li>Il design minimalista lo rende adatto ai principianti.<\/li>\n<li>Nessun ingombro o funzionalit\u00e0 non necessarie.<\/li>\n<\/ul>\n<h2>Come utilizzare Tohla<\/h2>\n<p>Uno dei principali vantaggi dell'Tohla \u00e8 la rapidit\u00e0 con cui si pu\u00f2 iniziare a chattare.<\/p>\n<h3>Passo 1: visitare il sito web<\/h3>\n<ul>\n<li>Aprire Tohla nel browser preferito.<\/li>\n<\/ul>\n<h3>Passo 2: Abilitare i permessi<\/h3>\n<ul>\n<li>Consentire l'accesso alla fotocamera e al microfono quando richiesto.<\/li>\n<\/ul>\n<h3>Passo 3: fare clic su Avvio<\/h3>\n<ul>\n<li>Accoppiamento immediato con un altro utente.<\/li>\n<\/ul>\n<h3>Fase 4: Conversare o saltare<\/h3>\n<ul>\n<li>Rimanete in una conversazione per tutto il tempo che volete.<\/li>\n<li>Fare clic su \"Avanti\" per saltare e incontrare qualcuno di nuovo.<\/li>\n<\/ul>\n<h3>Fase 5: ripetere<\/h3>\n<ul>\n<li>Continuate a connettervi all'infinito, senza limiti.<\/li>\n<\/ul>\n<p>Questo processo rende l'Tohla una piattaforma di tipo drop-in, drop-out, ideale sia per le chat veloci che per le sessioni pi\u00f9 lunghe.<\/p>\n<h2>Esperienza utente su Tohla<\/h2>\n<p>Il punto di forza di Tohla \u00e8 il suo design semplice e l'attenzione alla velocit\u00e0. Non sovraccarica gli utenti con feed sociali, profili o componenti aggiuntivi. Al contrario, offre uno spazio pulito per parlare con gli sconosciuti.<\/p>\n<h3>Cosa piace agli utenti<\/h3>\n<ul>\n<li>Molto veloce per iniziare a chattare, senza registrazione.<\/li>\n<li>Interfaccia semplice che funziona su tutti i dispositivi.<\/li>\n<li>La funzione di salto consente di controllare le conversazioni.<\/li>\n<li>Portata globale per una variet\u00e0 culturale.<\/li>\n<\/ul>\n<h3>Dove gli utenti vedono margini di miglioramento<\/h3>\n<ul>\n<li>Nella versione gratuita non sono presenti filtri avanzati (come il sesso o la localit\u00e0).<\/li>\n<li>Nessuna opzione di riconnessione se si perde una buona chat.<\/li>\n<li>Base di utenti pi\u00f9 piccola rispetto alle piattaforme pi\u00f9 grandi, che pu\u00f2 influenzare l'attivit\u00e0 nelle ore non di punta.<\/li>\n<\/ul>\n<p>Nel complesso, Tohla si rivolge agli utenti che desiderano la classica esperienza di chat casuale, non complicata, istantanea e anonima.<\/p>\n<h2>Tohla vs. altre piattaforme di chat video casuali<\/h2>\n<p>Ecco come Tohla si posiziona rispetto ad altri servizi noti:<\/p>\n<table>\n<thead>\n<tr>\n<th>Caratteristica<\/th>\n<th>Tohla<\/th>\n<th>Omegle<\/th>\n<th>Chatroulette<\/th>\n<th>ChatHub<\/th>\n<th>Emerald Chat<\/th>\n<th>Scimmia<\/th>\n<\/tr>\n<\/thead>\n<tbody>\n<tr>\n<td>Video chat istantanea<\/td>\n<td>\u2705 S\u00ec<\/td>\n<td>\u2705 S\u00ec<\/td>\n<td>\u2705 S\u00ec<\/td>\n<td>\u2705 S\u00ec<\/td>\n<td>\u2705 S\u00ec<\/td>\n<td>\u2705 S\u00ec<\/td>\n<\/tr>\n<tr>\n<td>Opzione chat di testo<\/td>\n<td>\u2705 S\u00ec<\/td>\n<td>\u2705 S\u00ec<\/td>\n<td>\u2705 S\u00ec<\/td>\n<td>\u2705 S\u00ec<\/td>\n<td>\u2705 S\u00ec<\/td>\n<td>\u2705 S\u00ec<\/td>\n<\/tr>\n<tr>\n<td>Anonimato<\/td>\n<td>Forte<\/td>\n<td>Forte<\/td>\n<td>Forte<\/td>\n<td>Moderato<\/td>\n<td>Moderato<\/td>\n<td>\u26a0\ufe0f Limited<\/td>\n<\/tr>\n<tr>\n<td>Filtri (Genere\/Localizzazione)<\/td>\n<td>\u274c No<\/td>\n<td>\u274c No<\/td>\n<td>Limitato<\/td>\n<td>\u2705 S\u00ec<\/td>\n<td>\u2705 S\u00ec<\/td>\n<td>\u2705 S\u00ec<\/td>\n<\/tr>\n<tr>\n<td>Sistema Friend\/Follow<\/td>\n<td>\u274c No<\/td>\n<td>\u274c No<\/td>\n<td>\u274c No<\/td>\n<td>\u2705 S\u00ec<\/td>\n<td>\u2705 S\u00ec<\/td>\n<td>\u2705 S\u00ec<\/td>\n<\/tr>\n<tr>\n<td>Mobile Friendly<\/td>\n<td>\u2705 S\u00ec<\/td>\n<td>\u2705 S\u00ec<\/td>\n<td>\u2705 S\u00ec<\/td>\n<td>\u2705 S\u00ec<\/td>\n<td>\u2705 S\u00ec<\/td>\n<td>\u2705 S\u00ec<\/td>\n<\/tr>\n<\/tbody>\n<\/table>\n<p>Sintesi: Tohla si affianca a piattaforme come Omegle e Chatroulette, offrendo un'esperienza minimale e anonima. Non dispone di strumenti sociali avanzati, ma questo fa parte del suo fascino: si tratta di un'interazione diretta e casuale.<\/p>\n<h2>Tohla \u00e8 sicuro?<\/h2>\n<p>Come tutte le piattaforme di chat casuale, Tohla pu\u00f2 essere sicura se usata in modo responsabile. La piattaforma enfatizza l'anonimato, che offre libert\u00e0 ma richiede anche agli utenti di fare scelte intelligenti.<\/p>\n<h3>Caratteristiche di sicurezza integrate<\/h3>\n<ul>\n<li>Anonimo per impostazione predefinita: non sono necessarie informazioni personali.<\/li>\n<li>Le conversazioni sono temporanee.<\/li>\n<li>Il pulsante di salto consente di controllare immediatamente l'uscita.<\/li>\n<\/ul>\n<h3>Consigli di sicurezza per gli utenti<\/h3>\n<ul>\n<li>Non condividete i vostri dati personali (nome vero, numero di telefono, indirizzo, informazioni finanziarie).<\/li>\n<li>Disconnettetevi immediatamente se una conversazione vi mette a disagio.<\/li>\n<li>Utilizzare in ambienti sicuri e privati.<\/li>\n<li>I genitori devono sorvegliare i minori che utilizzano la piattaforma.<\/li>\n<li>Considerate l'utilizzo di una VPN per una maggiore sicurezza.<\/li>\n<\/ul>\n<h2>Suggerimenti per ottenere il massimo dall'Tohla<\/h2>\n<ul>\n<li>Abbracciate la casualit\u00e0. Non cercate sempre abbinamenti specifici: godetevi la sorpresa.<\/li>\n<li>Accedere durante le ore di punta. Pi\u00f9 utenti online = pi\u00f9 variet\u00e0.<\/li>\n<li>Utilizzare una buona illuminazione della telecamera. Una presentazione migliore porta a chat migliori.<\/li>\n<li>Mantenete un tono informale. Gli argomenti leggeri funzionano meglio per gli sconosciuti.<\/li>\n<li>Saltate liberamente. Non tutte le chat saranno adatte, e va bene cos\u00ec.<\/li>\n<li>Utilizzare le cuffie. Migliora la chiarezza dell'audio per voi e per l'interlocutore.<\/li>\n<\/ul>\n<h2>Problemi e soluzioni comuni<\/h2>\n<h3>Problema: la fotocamera e il microfono non funzionano<\/h3>\n<ul>\n<li>Controllare le autorizzazioni del browser.<\/li>\n<li>Assicurarsi che nessun'altra applicazione stia utilizzando la fotocamera.<\/li>\n<li>Riavviare il dispositivo o il browser.<\/li>\n<\/ul>\n<h3>Problema: nessuna corrispondenza trovata<\/h3>\n<ul>\n<li>Provate a rinfrescare o a tornare durante gli orari di maggiore affluenza.<\/li>\n<li>Le ore di punta sono solitamente la sera e i fine settimana.<\/li>\n<\/ul>\n<h3>Problema: scarsa qualit\u00e0 video<\/h3>\n<ul>\n<li>Passare a una connessione Wi-Fi stabile.<\/li>\n<li>Chiudere le applicazioni o le schede che consumano molta banda.<\/li>\n<\/ul>\n<h3>Problema: comportamento inadeguato<\/h3>\n<ul>\n<li>Terminare immediatamente la chat.<\/li>\n<li>Passa alla partita successiva.<\/li>\n<\/ul>\n<h2>Perch\u00e9 le persone scelgono Tohla<\/h2>\n<p>Tohla attira gli utenti che apprezzano:<\/p>\n<ul>\n<li>Velocit\u00e0: si pu\u00f2 chattare in pochi secondi.<\/li>\n<li>Anonimato: non sono necessari profili o iscrizioni.<\/li>\n<li>Semplicit\u00e0: le funzioni minime mantengono l'attenzione sulle persone.<\/li>\n<li>Imprevedibilit\u00e0: ogni chat sembra una nuova avventura.<\/li>\n<\/ul>\n<p>Per molti, Tohla riporta l'emozione delle prime piattaforme di chat casuale, ma in un pacchetto pi\u00f9 pulito e moderno.<\/p>\n<p>Se siete alla ricerca di una piattaforma di video chat casuale e semplice, Tohla \u00e8 assolutamente da provare. Non offre funzioni avanzate come la traduzione, le liste di amici o filtri pesanti, ma \u00e8 proprio questo che la rende divertente: la spontaneit\u00e0 e le conversazioni genuine e non programmate.<\/p>\n<p>Sia che vogliate:<\/p>\n<ul>\n<li>Dedicare qualche minuto all'intervallo tra un'attivit\u00e0 e l'altra.<\/li>\n<li>Incontrare qualcuno di un'altra cultura.<\/li>\n<li>Praticare una lingua.<\/li>\n<li>O semplicemente godersi una risata con un estraneo...<\/li>\n<\/ul>\n<p>Tohla offre un modo veloce, facile e divertente per farlo.<\/p>\n<p>In breve: Tohla \u00e8 una piattaforma minimalista e facile da usare che cattura l'essenza della chat video casuale, rappresentando una scelta solida per chiunque ami l'emozione di incontrare sconosciuti online.<\/p>\n<p>Pronti a provare? Visitate il sito Tohla, cliccate su Start e scoprite chi incontrerete.<\/p>","protected":false},"excerpt":{"rendered":"<p>The internet has always been a bridge between strangers, giving people ways to meet, interact, and learn from one another. From the early days of IRC chatrooms to platforms like Omegle and Chatroulette, the concept of random online connections has captured global attention. Among the newer names to emerge in this space is Tohla, a [&hellip;]<\/p>\n","protected":false},"author":6,"featured_media":0,"parent":0,"menu_order":0,"comment_status":"closed","ping_status":"closed","template":"","meta":{"footnotes":""},"class_list":["post-5209","page","type-page","status-publish","hentry"],"yoast_head":"<!-- This site is optimized with the Yoast SEO plugin v27.3 - https:\/\/yoast.com\/product\/yoast-seo-wordpress\/ -->\n<title>Tohla - Talk to Strangers with Online Chat - TinyChat.com<\/title>\n<meta name=\"description\" content=\"Enjoying Tohla? Join over 50,000,000 strangers on TinyChat! Turn on your cam and start meeting new people, or find a match.\" \/>\n<meta name=\"robots\" content=\"index, follow, max-snippet:-1, max-image-preview:large, max-video-preview:-1\" \/>\n<link rel=\"canonical\" href=\"https:\/\/tinychat.com\/it\/tohla\/\" \/>\n<meta property=\"og:locale\" content=\"it_IT\" \/>\n<meta property=\"og:type\" content=\"article\" \/>\n<meta property=\"og:title\" content=\"Tohla - Talk to Strangers with Online Chat - TinyChat.com\" \/>\n<meta property=\"og:description\" content=\"Enjoying Tohla? Join over 50,000,000 strangers on TinyChat! Turn on your cam and start meeting new people, or find a match.\" \/>\n<meta property=\"og:url\" content=\"https:\/\/tinychat.com\/it\/tohla\/\" \/>\n<meta property=\"og:site_name\" content=\"TinyChat\" \/>\n<meta property=\"article:publisher\" content=\"https:\/\/www.facebook.com\/tinychat\" \/>\n<meta property=\"article:modified_time\" content=\"2025-08-27T07:30:26+00:00\" \/>\n<meta property=\"og:image\" content=\"https:\/\/tinychat.com\/wp-content\/uploads\/2020\/04\/Tinychat-logo-1280x284-new-black.png\" \/>\n\t<meta property=\"og:image:width\" content=\"1280\" \/>\n\t<meta property=\"og:image:height\" content=\"284\" \/>\n\t<meta property=\"og:image:type\" content=\"image\/png\" \/>\n<meta name=\"twitter:card\" content=\"summary_large_image\" \/>\n<meta name=\"twitter:site\" content=\"@tinychat\" \/>\n<meta name=\"twitter:label1\" content=\"Tempo di lettura stimato\" \/>\n\t<meta name=\"twitter:data1\" content=\"5 minuti\" \/>\n<script type=\"application\/ld+json\" class=\"yoast-schema-graph\">{\"@context\":\"https:\\\/\\\/schema.org\",\"@graph\":[{\"@type\":\"WebPage\",\"@id\":\"https:\\\/\\\/tinychat.com\\\/tohla\\\/\",\"url\":\"https:\\\/\\\/tinychat.com\\\/tohla\\\/\",\"name\":\"Tohla - Talk to Strangers with Online Chat - TinyChat.com\",\"isPartOf\":{\"@id\":\"https:\\\/\\\/tinychat.com\\\/#website\"},\"datePublished\":\"2025-08-27T06:24:52+00:00\",\"dateModified\":\"2025-08-27T07:30:26+00:00\",\"description\":\"Enjoying Tohla? Join over 50,000,000 strangers on TinyChat! Turn on your cam and start meeting new people, or find a match.\",\"breadcrumb\":{\"@id\":\"https:\\\/\\\/tinychat.com\\\/tohla\\\/#breadcrumb\"},\"inLanguage\":\"it-IT\",\"potentialAction\":[{\"@type\":\"ReadAction\",\"target\":[\"https:\\\/\\\/tinychat.com\\\/tohla\\\/\"]}]},{\"@type\":\"BreadcrumbList\",\"@id\":\"https:\\\/\\\/tinychat.com\\\/tohla\\\/#breadcrumb\",\"itemListElement\":[{\"@type\":\"ListItem\",\"position\":1,\"name\":\"Home\",\"item\":\"https:\\\/\\\/tinychat.com\\\/\"},{\"@type\":\"ListItem\",\"position\":2,\"name\":\"Tohla\"}]},{\"@type\":\"WebSite\",\"@id\":\"https:\\\/\\\/tinychat.com\\\/#website\",\"url\":\"https:\\\/\\\/tinychat.com\\\/\",\"name\":\"TinyChat\",\"description\":\"Random Video Chat with Strangers\",\"publisher\":{\"@id\":\"https:\\\/\\\/tinychat.com\\\/#organization\"},\"alternateName\":\"TinyChat.com\",\"potentialAction\":[{\"@type\":\"SearchAction\",\"target\":{\"@type\":\"EntryPoint\",\"urlTemplate\":\"https:\\\/\\\/tinychat.com\\\/?s={search_term_string}\"},\"query-input\":{\"@type\":\"PropertyValueSpecification\",\"valueRequired\":true,\"valueName\":\"search_term_string\"}}],\"inLanguage\":\"it-IT\"},{\"@type\":\"Organization\",\"@id\":\"https:\\\/\\\/tinychat.com\\\/#organization\",\"name\":\"TinyChat\",\"alternateName\":\"TinyChat.com\",\"url\":\"https:\\\/\\\/tinychat.com\\\/\",\"logo\":{\"@type\":\"ImageObject\",\"inLanguage\":\"it-IT\",\"@id\":\"https:\\\/\\\/tinychat.com\\\/#\\\/schema\\\/logo\\\/image\\\/\",\"url\":\"https:\\\/\\\/tinychat.com\\\/wp-content\\\/uploads\\\/2023\\\/11\\\/Tinychat-icon-square.png\",\"contentUrl\":\"https:\\\/\\\/tinychat.com\\\/wp-content\\\/uploads\\\/2023\\\/11\\\/Tinychat-icon-square.png\",\"width\":284,\"height\":284,\"caption\":\"TinyChat\"},\"image\":{\"@id\":\"https:\\\/\\\/tinychat.com\\\/#\\\/schema\\\/logo\\\/image\\\/\"},\"sameAs\":[\"https:\\\/\\\/www.facebook.com\\\/tinychat\",\"https:\\\/\\\/x.com\\\/tinychat\"]}]}<\/script>\n<!-- \/ Yoast SEO plugin. -->","yoast_head_json":{"title":"Tohla - Parlare con gli sconosciuti con la chat online - TinyChat.com","description":"Ti piace Tohla? Unisciti a oltre 50.000.000 di sconosciuti su TinyChat! Accendi la tua cam e inizia a conoscere nuove persone o a trovare un partner.","robots":{"index":"index","follow":"follow","max-snippet":"max-snippet:-1","max-image-preview":"max-image-preview:large","max-video-preview":"max-video-preview:-1"},"canonical":"https:\/\/tinychat.com\/it\/tohla\/","og_locale":"it_IT","og_type":"article","og_title":"Tohla - Talk to Strangers with Online Chat - TinyChat.com","og_description":"Enjoying Tohla? Join over 50,000,000 strangers on TinyChat! Turn on your cam and start meeting new people, or find a match.","og_url":"https:\/\/tinychat.com\/it\/tohla\/","og_site_name":"TinyChat","article_publisher":"https:\/\/www.facebook.com\/tinychat","article_modified_time":"2025-08-27T07:30:26+00:00","og_image":[{"width":1280,"height":284,"url":"https:\/\/tinychat.com\/wp-content\/uploads\/2020\/04\/Tinychat-logo-1280x284-new-black.png","type":"image\/png"}],"twitter_card":"summary_large_image","twitter_site":"@tinychat","twitter_misc":{"Tempo di lettura stimato":"5 minuti"},"schema":{"@context":"https:\/\/schema.org","@graph":[{"@type":"WebPage","@id":"https:\/\/tinychat.com\/tohla\/","url":"https:\/\/tinychat.com\/tohla\/","name":"Tohla - Parlare con gli sconosciuti con la chat online - TinyChat.com","isPartOf":{"@id":"https:\/\/tinychat.com\/#website"},"datePublished":"2025-08-27T06:24:52+00:00","dateModified":"2025-08-27T07:30:26+00:00","description":"Ti piace Tohla? Unisciti a oltre 50.000.000 di sconosciuti su TinyChat! Accendi la tua cam e inizia a conoscere nuove persone o a trovare un partner.","breadcrumb":{"@id":"https:\/\/tinychat.com\/tohla\/#breadcrumb"},"inLanguage":"it-IT","potentialAction":[{"@type":"ReadAction","target":["https:\/\/tinychat.com\/tohla\/"]}]},{"@type":"BreadcrumbList","@id":"https:\/\/tinychat.com\/tohla\/#breadcrumb","itemListElement":[{"@type":"ListItem","position":1,"name":"Home","item":"https:\/\/tinychat.com\/"},{"@type":"ListItem","position":2,"name":"Tohla"}]},{"@type":"WebSite","@id":"https:\/\/tinychat.com\/#website","url":"https:\/\/tinychat.com\/","name":"TinyChat","description":"Videochat casuale con sconosciuti","publisher":{"@id":"https:\/\/tinychat.com\/#organization"},"alternateName":"TinyChat.com","potentialAction":[{"@type":"SearchAction","target":{"@type":"EntryPoint","urlTemplate":"https:\/\/tinychat.com\/?s={search_term_string}"},"query-input":{"@type":"PropertyValueSpecification","valueRequired":true,"valueName":"search_term_string"}}],"inLanguage":"it-IT"},{"@type":"Organization","@id":"https:\/\/tinychat.com\/#organization","name":"TinyChat","alternateName":"TinyChat.com","url":"https:\/\/tinychat.com\/","logo":{"@type":"ImageObject","inLanguage":"it-IT","@id":"https:\/\/tinychat.com\/#\/schema\/logo\/image\/","url":"https:\/\/tinychat.com\/wp-content\/uploads\/2023\/11\/Tinychat-icon-square.png","contentUrl":"https:\/\/tinychat.com\/wp-content\/uploads\/2023\/11\/Tinychat-icon-square.png","width":284,"height":284,"caption":"TinyChat"},"image":{"@id":"https:\/\/tinychat.com\/#\/schema\/logo\/image\/"},"sameAs":["https:\/\/www.facebook.com\/tinychat","https:\/\/x.com\/tinychat"]}]}},"_links":{"self":[{"href":"https:\/\/tinychat.com\/it\/wp-json\/wp\/v2\/pages\/5209","targetHints":{"allow":["GET"]}}],"collection":[{"href":"https:\/\/tinychat.com\/it\/wp-json\/wp\/v2\/pages"}],"about":[{"href":"https:\/\/tinychat.com\/it\/wp-json\/wp\/v2\/types\/page"}],"author":[{"embeddable":true,"href":"https:\/\/tinychat.com\/it\/wp-json\/wp\/v2\/users\/6"}],"replies":[{"embeddable":true,"href":"https:\/\/tinychat.com\/it\/wp-json\/wp\/v2\/comments?post=5209"}],"version-history":[{"count":3,"href":"https:\/\/tinychat.com\/it\/wp-json\/wp\/v2\/pages\/5209\/revisions"}],"predecessor-version":[{"id":13474,"href":"https:\/\/tinychat.com\/it\/wp-json\/wp\/v2\/pages\/5209\/revisions\/13474"}],"wp:attachment":[{"href":"https:\/\/tinychat.com\/it\/wp-json\/wp\/v2\/media?parent=5209"}],"curies":[{"name":"wp","href":"https:\/\/api.w.org\/{rel}","templated":true}]}}