{"id":5227,"date":"2025-08-18T09:37:25","date_gmt":"2025-08-18T07:37:25","guid":{"rendered":"https:\/\/tinychat.com\/?page_id=5227"},"modified":"2025-08-18T10:15:22","modified_gmt":"2025-08-18T08:15:22","slug":"y99","status":"publish","type":"page","link":"https:\/\/tinychat.com\/it\/y99\/","title":{"rendered":"Y99"},"content":{"rendered":"<p>Nell'era digitale di oggi, entrare in contatto con gli sconosciuti \u00e8 diventato pi\u00f9 facile che mai. Mentre applicazioni come WhatsApp e Facebook Messenger ci tengono in contatto con familiari e amici, piattaforme come Y99 si concentrano su qualcosa di diverso: creare nuove connessioni con persone mai incontrate prima.<\/p>\n<p>Y99 \u00e8 diventato uno dei nomi pi\u00f9 riconoscibili nella comunit\u00e0 delle chat casuali, attirando utenti da tutto il mondo interessati a fare amicizia, a trovare una storia d'amore o semplicemente a passare il tempo in vivaci chatroom online. A differenza dei semplici servizi testuali del passato, Y99 offre una variet\u00e0 di esperienze di chat, dalle discussioni di gruppo alle chat private uno-a-uno, sottolineando l'accessibilit\u00e0 e la facilit\u00e0 d'uso.<\/p>\n<p>In questa recensione, esploreremo tutto ci\u00f2 che c'\u00e8 da sapere su Y99: le sue caratteristiche, l'esperienza utente, la sicurezza, i pro e i contro e il confronto con altre piattaforme nel mondo delle chat online.<\/p>\n<h2>Che cos'\u00e8 l'Y99?<\/h2>\n<p>Y99 \u00e8 una chatroom online e una comunit\u00e0 sociale progettata per le persone che vogliono parlare con gli sconosciuti senza bisogno di registrarsi o fornire dati personali. La piattaforma offre:<\/p>\n<ul>\n<li>Chatroom pubbliche organizzate per temi o interessi.<\/li>\n<li>Conversazioni private a tu per tu con utenti casuali.<\/li>\n<li>Chat di testo anonima senza bisogno di account.<\/li>\n<li>Chat vocale e richieste di amicizia per chi desidera una connessione pi\u00f9 profonda.<\/li>\n<\/ul>\n<p>Ci\u00f2 che distingue Y99 \u00e8 la combinazione di classiche chat sul web (un ritorno ai primi tempi di Internet) e di elementi moderni come la messaggistica vocale, i sistemi di amicizia e la corrispondenza globale.<\/p>\n<h2>Caratteristiche principali di Y99<\/h2>\n<p>Y99 non \u00e8 solo una chat casuale: unisce le funzioni della community alla messaggistica rapida e anonima. Ecco una panoramica di ci\u00f2 che offre:<\/p>\n<h3>1. Chatroom pubbliche<\/h3>\n<ul>\n<li>Stanze basate su argomenti (ad esempio, giochi, incontri, amicizia, specifici per ogni paese).<\/li>\n<li>\u00c8 facile entrare senza registrazione.<\/li>\n<li>Ideale per chi preferisce l'interazione di gruppo a quella individuale.<\/li>\n<\/ul>\n<h3>2. Chat privata<\/h3>\n<ul>\n<li>Collegatevi casualmente con altri utenti per messaggiare a tu per tu.<\/li>\n<li>Mantenere l'anonimato non condividendo i dati personali.<\/li>\n<\/ul>\n<h3>3. Opzioni di chat vocale<\/h3>\n<ul>\n<li>Oltre al testo, l'Y99 supporta le interazioni vocali.<\/li>\n<li>Aggiunge un tocco pi\u00f9 personale e autentico alle conversazioni.<\/li>\n<\/ul>\n<h3>4. Richieste di amicizia e profili<\/h3>\n<ul>\n<li>Gli utenti possono inviare richieste e creare un elenco di connessioni.<\/li>\n<li>Creazione di un profilo opzionale per chi desidera maggiore visibilit\u00e0.<\/li>\n<\/ul>\n<h3>5. Supporto cross-dispositivo<\/h3>\n<ul>\n<li>Funziona senza problemi su desktop, tablet e dispositivi mobili.<\/li>\n<li>Non \u00e8 necessaria un'applicazione dedicata, anche se i browser mobili la gestiscono bene.<\/li>\n<\/ul>\n<h3>6. Accesso semplice e gratuito<\/h3>\n<ul>\n<li>Nessun download, nessun lungo modulo di iscrizione.<\/li>\n<li>La maggior parte delle funzioni \u00e8 disponibile gratuitamente.<\/li>\n<\/ul>\n<h2>Come utilizzare Y99<\/h2>\n<p>Iniziare con l'Y99 \u00e8 semplice:<\/p>\n<h3>Passo 1: visitare il sito Web di Y99<\/h3>\n<p>Aprire il browser e andare alla homepage della chat Y99.<\/p>\n<h3>Fase 2: Scegliere una camera o un'opzione<\/h3>\n<ul>\n<li>Entrate in una chatroom pubblica che corrisponde ai vostri interessi.<\/li>\n<li>Oppure selezionate la chat privata\/casuale per connettervi uno a uno.<\/li>\n<\/ul>\n<h3>Fase 3: Iniziare a chattare<\/h3>\n<ul>\n<li>Inviare testo, emoji o note vocali.<\/li>\n<li>Mantenete un atteggiamento informale, leggero e rispettoso.<\/li>\n<\/ul>\n<h3>Passo 4: Aggiungere amici<\/h3>\n<ul>\n<li>Se incontrate qualcuno di interessante, inviate una richiesta di amicizia.<\/li>\n<li>Creare un elenco di contatti personali per le conversazioni in corso.<\/li>\n<\/ul>\n<h2>Esperienza utente su Y99<\/h2>\n<p>L'Y99 ha un design minimalista che si concentra sulla funzione piuttosto che sulle immagini appariscenti.<\/p>\n<h3>Pro<\/h3>\n<ul>\n<li>Non \u00e8 richiesta la registrazione per l'uso di base.<\/li>\n<li>Variet\u00e0 di argomenti della chat.<\/li>\n<li>Semplice e veloce per iniziare.<\/li>\n<li>Accesso gratuito per la maggior parte degli utenti.<\/li>\n<\/ul>\n<h3>Contro<\/h3>\n<ul>\n<li>Manca di filtri avanzati (come sesso\/localit\u00e0) a meno che non si effettui un upgrade.<\/li>\n<li>Alcune stanze possono risultare sovraffollate o infestate da spam.<\/li>\n<li>La chat video non \u00e8 cos\u00ec forte come su piattaforme come Omegle o Emerald Chat.<\/li>\n<\/ul>\n<h2>Y99 vs. altre piattaforme di chat casuale<\/h2>\n<table>\n<thead>\n<tr>\n<th>Caratteristica<\/th>\n<th>Y99<\/th>\n<th>Omegle<\/th>\n<th>ChatHub<\/th>\n<th>Chat Avenue<\/th>\n<th>Wireclub<\/th>\n<th>Emerald Chat<\/th>\n<\/tr>\n<\/thead>\n<tbody>\n<tr>\n<td>Chatroom pubbliche<\/td>\n<td>\u2705 S\u00ec<\/td>\n<td>\u274c No<\/td>\n<td>\u274c No<\/td>\n<td>\u2705 S\u00ec<\/td>\n<td>\u2705 S\u00ec<\/td>\n<td>\u274c No<\/td>\n<\/tr>\n<tr>\n<td>Chat casuale uno-a-uno<\/td>\n<td>\u2705 S\u00ec<\/td>\n<td>\u2705 S\u00ec<\/td>\n<td>\u2705 S\u00ec<\/td>\n<td>\u2705 S\u00ec<\/td>\n<td>\u274c No<\/td>\n<td>\u2705 S\u00ec<\/td>\n<\/tr>\n<tr>\n<td>Chat vocale<\/td>\n<td>\u2705 S\u00ec<\/td>\n<td>\u274c No<\/td>\n<td>\u274c No<\/td>\n<td>\u274c No<\/td>\n<td>\u2705 S\u00ec<\/td>\n<td>\u2705 S\u00ec<\/td>\n<\/tr>\n<tr>\n<td>Video chat<\/td>\n<td>\u274c Limitato<\/td>\n<td>\u2705 S\u00ec<\/td>\n<td>\u2705 S\u00ec<\/td>\n<td>\u274c No<\/td>\n<td>\u274c No<\/td>\n<td>\u2705 S\u00ec<\/td>\n<\/tr>\n<tr>\n<td>Richieste di amicizia\/profili<\/td>\n<td>\u2705 S\u00ec<\/td>\n<td>\u274c No<\/td>\n<td>\u2705 S\u00ec<\/td>\n<td>\u274c No<\/td>\n<td>\u2705 S\u00ec<\/td>\n<td>\u2705 S\u00ec<\/td>\n<\/tr>\n<tr>\n<td>Accesso anonimo<\/td>\n<td>\u2705 S\u00ec<\/td>\n<td>\u2705 S\u00ec<\/td>\n<td>\u2705 S\u00ec<\/td>\n<td>\u2705 S\u00ec<\/td>\n<td>\u274c Limitato<\/td>\n<td>\u2705 S\u00ec<\/td>\n<\/tr>\n<\/tbody>\n<\/table>\n<p>Sommario: l'Y99 \u00e8 pi\u00f9 forte nelle chat di gruppo\/comunit\u00e0 rispetto a molti altri concorrenti, ma \u00e8 pi\u00f9 debole quando si tratta di chat video complete.<\/p>\n<h2>Sicurezza su Y99<\/h2>\n<p>Come per tutte le piattaforme che prevedono di parlare con estranei, la sicurezza \u00e8 un aspetto importante. Y99 adotta alcune misure, ma anche gli utenti devono agire in modo responsabile.<\/p>\n<h3>Caratteristiche di sicurezza integrate<\/h3>\n<ul>\n<li>Anonimato (non \u00e8 richiesto l'uso di e-mail o telefono per iniziare).<\/li>\n<li>Strumenti di segnalazione e blocco.<\/li>\n<li>Moderatori presenti in alcune sale.<\/li>\n<\/ul>\n<h3>Consigli per la sicurezza<\/h3>\n<ul>\n<li>Evitare di condividere informazioni personali (indirizzo, telefono, social media).<\/li>\n<li>Segnalare immediatamente comportamenti sospetti o abusivi.<\/li>\n<li>I genitori devono tenere sotto controllo i bambini, poich\u00e9 l'Y99 \u00e8 accessibile a tutte le et\u00e0.<\/li>\n<\/ul>\n<h2>Suggerimenti per godersi l'Y99<\/h2>\n<ul>\n<li>Unitevi a sale pi\u00f9 piccole per conversazioni pi\u00f9 approfondite.<\/li>\n<li>Provate la chat vocale per rendere le interazioni pi\u00f9 personali.<\/li>\n<li>Utilizzate le richieste di amicizia per creare connessioni durature.<\/li>\n<li>Rimanere anonimi finch\u00e9 non si crea fiducia.<\/li>\n<li>Esplorare le sale internazionali per lo scambio culturale.<\/li>\n<\/ul>\n<h2>Problemi e soluzioni comuni<\/h2>\n<h3>Impossibile connettersi alla chat<\/h3>\n<ul>\n<li>Aggiornare la pagina o cambiare browser.<\/li>\n<li>Cancellare i cookie\/cache.<\/li>\n<\/ul>\n<h3>La chat vocale non funziona<\/h3>\n<ul>\n<li>Controllare le autorizzazioni del microfono.<\/li>\n<li>Se necessario, provare a cambiare dispositivo.<\/li>\n<\/ul>\n<h3>Incontro con Spam\/Bot<\/h3>\n<ul>\n<li>Rimanete nelle stanze moderate.<\/li>\n<li>Utilizzare la funzione report\/block.<\/li>\n<\/ul>\n<h2>Perch\u00e9 le persone scelgono Y99<\/h2>\n<p>Y99 \u00e8 diventato popolare perch\u00e9 sembra un mix tra le chatroom della vecchia scuola e le moderne app di chat anonime. Per molti \u00e8 un'esperienza nostalgica, che ricorda la cultura internet dei primi anni 2000, ma con l'aggiunta di strumenti come la chat vocale e le liste di amici.<\/p>\n<p>Non \u00e8 visiva come le piattaforme basate sui video come Omegle, ma si \u00e8 ritagliata una nicchia tra le persone che preferiscono le interazioni basate sulla comunit\u00e0 e sul testo.<\/p>\n<p>Se siete alla ricerca di una comunit\u00e0 di chat che offra sia stanze pubbliche che conversazioni private, Y99 merita sicuramente di essere provata. \u00c8 gratuita, veloce e semplice da usare, con un numero sufficiente di funzioni per mantenere le cose interessanti senza sopraffare i nuovi utenti.<\/p>\n<p>Sebbene possa mancare l'esperienza completa di chat video di piattaforme come Emerald Chat o Chatroulette, Y99 brilla per il suo aspetto comunitario, che la rende ideale per chi ama le discussioni di gruppo e le stanze a tema.<\/p>\n<p>In breve, l'Y99 \u00e8 una scelta affidabile per:<\/p>\n<ul>\n<li>Persone che amano le chat classiche.<\/li>\n<li>Chi cerca opzioni di chat vocale accanto al testo.<\/li>\n<li>Chiunque cerchi un modo gratuito e anonimo per incontrare nuove persone online.<\/li>\n<\/ul>\n<p>Sei pronto a provare Y99? Visitate il sito, scegliete una stanza e immergetevi nelle conversazioni che vi aspettano.<\/p>","protected":false},"excerpt":{"rendered":"<p>In today\u2019s digital age, connecting with strangers has become easier than ever before. While apps like WhatsApp and Facebook Messenger keep us in touch with family and friends, platforms like Y99 focus on something different: making new connections with people you\u2019ve never met before. Y99 has grown into one of the more recognizable names in [&hellip;]<\/p>\n","protected":false},"author":6,"featured_media":0,"parent":0,"menu_order":0,"comment_status":"closed","ping_status":"closed","template":"","meta":{"footnotes":""},"class_list":["post-5227","page","type-page","status-publish","hentry"],"yoast_head":"<!-- This site is optimized with the Yoast SEO plugin v27.6 - https:\/\/yoast.com\/product\/yoast-seo-wordpress\/ -->\n<title>Y99 - Free Random Guest Chat Rooms - TinyChat.com<\/title>\n<meta name=\"description\" content=\"Enjoying Y99? Join over 50,000,000 strangers on TinyChat! Turn on your cam and start meeting new people, or find a match.\" \/>\n<meta name=\"robots\" content=\"index, follow, max-snippet:-1, max-image-preview:large, max-video-preview:-1\" \/>\n<link rel=\"canonical\" href=\"https:\/\/tinychat.com\/it\/y99\/\" \/>\n<meta property=\"og:locale\" content=\"it_IT\" \/>\n<meta property=\"og:type\" content=\"article\" \/>\n<meta property=\"og:title\" content=\"Y99 - Free Random Guest Chat Rooms - TinyChat.com\" \/>\n<meta property=\"og:description\" content=\"Enjoying Y99? Join over 50,000,000 strangers on TinyChat! Turn on your cam and start meeting new people, or find a match.\" \/>\n<meta property=\"og:url\" content=\"https:\/\/tinychat.com\/it\/y99\/\" \/>\n<meta property=\"og:site_name\" content=\"TinyChat\" \/>\n<meta property=\"article:publisher\" content=\"https:\/\/www.facebook.com\/tinychat\" \/>\n<meta property=\"article:modified_time\" content=\"2025-08-18T08:15:22+00:00\" \/>\n<meta property=\"og:image\" content=\"https:\/\/tinychat.com\/wp-content\/uploads\/2020\/04\/Tinychat-logo-1280x284-new-black.png\" \/>\n\t<meta property=\"og:image:width\" content=\"1280\" \/>\n\t<meta property=\"og:image:height\" content=\"284\" \/>\n\t<meta property=\"og:image:type\" content=\"image\/png\" \/>\n<meta name=\"twitter:card\" content=\"summary_large_image\" \/>\n<meta name=\"twitter:site\" content=\"@tinychat\" \/>\n<meta name=\"twitter:label1\" content=\"Tempo di lettura stimato\" \/>\n\t<meta name=\"twitter:data1\" content=\"5 minuti\" \/>\n<script type=\"application\/ld+json\" class=\"yoast-schema-graph\">{\"@context\":\"https:\\\/\\\/schema.org\",\"@graph\":[{\"@type\":\"WebPage\",\"@id\":\"https:\\\/\\\/tinychat.com\\\/y99\\\/\",\"url\":\"https:\\\/\\\/tinychat.com\\\/y99\\\/\",\"name\":\"Y99 - Free Random Guest Chat Rooms - TinyChat.com\",\"isPartOf\":{\"@id\":\"https:\\\/\\\/tinychat.com\\\/#website\"},\"datePublished\":\"2025-08-18T07:37:25+00:00\",\"dateModified\":\"2025-08-18T08:15:22+00:00\",\"description\":\"Enjoying Y99? Join over 50,000,000 strangers on TinyChat! Turn on your cam and start meeting new people, or find a match.\",\"breadcrumb\":{\"@id\":\"https:\\\/\\\/tinychat.com\\\/y99\\\/#breadcrumb\"},\"inLanguage\":\"it-IT\",\"potentialAction\":[{\"@type\":\"ReadAction\",\"target\":[\"https:\\\/\\\/tinychat.com\\\/y99\\\/\"]}]},{\"@type\":\"BreadcrumbList\",\"@id\":\"https:\\\/\\\/tinychat.com\\\/y99\\\/#breadcrumb\",\"itemListElement\":[{\"@type\":\"ListItem\",\"position\":1,\"name\":\"Home\",\"item\":\"https:\\\/\\\/tinychat.com\\\/\"},{\"@type\":\"ListItem\",\"position\":2,\"name\":\"Y99\"}]},{\"@type\":\"WebSite\",\"@id\":\"https:\\\/\\\/tinychat.com\\\/#website\",\"url\":\"https:\\\/\\\/tinychat.com\\\/\",\"name\":\"TinyChat\",\"description\":\"Random Video Chat with Strangers\",\"publisher\":{\"@id\":\"https:\\\/\\\/tinychat.com\\\/#organization\"},\"alternateName\":\"TinyChat.com\",\"potentialAction\":[{\"@type\":\"SearchAction\",\"target\":{\"@type\":\"EntryPoint\",\"urlTemplate\":\"https:\\\/\\\/tinychat.com\\\/?s={search_term_string}\"},\"query-input\":{\"@type\":\"PropertyValueSpecification\",\"valueRequired\":true,\"valueName\":\"search_term_string\"}}],\"inLanguage\":\"it-IT\"},{\"@type\":\"Organization\",\"@id\":\"https:\\\/\\\/tinychat.com\\\/#organization\",\"name\":\"TinyChat\",\"alternateName\":\"TinyChat.com\",\"url\":\"https:\\\/\\\/tinychat.com\\\/\",\"logo\":{\"@type\":\"ImageObject\",\"inLanguage\":\"it-IT\",\"@id\":\"https:\\\/\\\/tinychat.com\\\/#\\\/schema\\\/logo\\\/image\\\/\",\"url\":\"https:\\\/\\\/tinychat.com\\\/wp-content\\\/uploads\\\/2023\\\/11\\\/Tinychat-icon-square.png\",\"contentUrl\":\"https:\\\/\\\/tinychat.com\\\/wp-content\\\/uploads\\\/2023\\\/11\\\/Tinychat-icon-square.png\",\"width\":284,\"height\":284,\"caption\":\"TinyChat\"},\"image\":{\"@id\":\"https:\\\/\\\/tinychat.com\\\/#\\\/schema\\\/logo\\\/image\\\/\"},\"sameAs\":[\"https:\\\/\\\/www.facebook.com\\\/tinychat\",\"https:\\\/\\\/x.com\\\/tinychat\"]}]}<\/script>\n<!-- \/ Yoast SEO plugin. -->","yoast_head_json":{"title":"Y99 - Stanze di chat casuale gratuita per gli ospiti - TinyChat.com","description":"Ti piace l'Y99? Unisciti a oltre 50.000.000 di sconosciuti su TinyChat! Accendi la tua cam e inizia a conoscere nuove persone o a trovare un partner.","robots":{"index":"index","follow":"follow","max-snippet":"max-snippet:-1","max-image-preview":"max-image-preview:large","max-video-preview":"max-video-preview:-1"},"canonical":"https:\/\/tinychat.com\/it\/y99\/","og_locale":"it_IT","og_type":"article","og_title":"Y99 - Free Random Guest Chat Rooms - TinyChat.com","og_description":"Enjoying Y99? Join over 50,000,000 strangers on TinyChat! Turn on your cam and start meeting new people, or find a match.","og_url":"https:\/\/tinychat.com\/it\/y99\/","og_site_name":"TinyChat","article_publisher":"https:\/\/www.facebook.com\/tinychat","article_modified_time":"2025-08-18T08:15:22+00:00","og_image":[{"width":1280,"height":284,"url":"https:\/\/tinychat.com\/wp-content\/uploads\/2020\/04\/Tinychat-logo-1280x284-new-black.png","type":"image\/png"}],"twitter_card":"summary_large_image","twitter_site":"@tinychat","twitter_misc":{"Tempo di lettura stimato":"5 minuti"},"schema":{"@context":"https:\/\/schema.org","@graph":[{"@type":"WebPage","@id":"https:\/\/tinychat.com\/y99\/","url":"https:\/\/tinychat.com\/y99\/","name":"Y99 - Stanze di chat casuale gratuita per gli ospiti - TinyChat.com","isPartOf":{"@id":"https:\/\/tinychat.com\/#website"},"datePublished":"2025-08-18T07:37:25+00:00","dateModified":"2025-08-18T08:15:22+00:00","description":"Ti piace l'Y99? Unisciti a oltre 50.000.000 di sconosciuti su TinyChat! Accendi la tua cam e inizia a conoscere nuove persone o a trovare un partner.","breadcrumb":{"@id":"https:\/\/tinychat.com\/y99\/#breadcrumb"},"inLanguage":"it-IT","potentialAction":[{"@type":"ReadAction","target":["https:\/\/tinychat.com\/y99\/"]}]},{"@type":"BreadcrumbList","@id":"https:\/\/tinychat.com\/y99\/#breadcrumb","itemListElement":[{"@type":"ListItem","position":1,"name":"Home","item":"https:\/\/tinychat.com\/"},{"@type":"ListItem","position":2,"name":"Y99"}]},{"@type":"WebSite","@id":"https:\/\/tinychat.com\/#website","url":"https:\/\/tinychat.com\/","name":"TinyChat","description":"Videochat casuale con sconosciuti","publisher":{"@id":"https:\/\/tinychat.com\/#organization"},"alternateName":"TinyChat.com","potentialAction":[{"@type":"SearchAction","target":{"@type":"EntryPoint","urlTemplate":"https:\/\/tinychat.com\/?s={search_term_string}"},"query-input":{"@type":"PropertyValueSpecification","valueRequired":true,"valueName":"search_term_string"}}],"inLanguage":"it-IT"},{"@type":"Organization","@id":"https:\/\/tinychat.com\/#organization","name":"TinyChat","alternateName":"TinyChat.com","url":"https:\/\/tinychat.com\/","logo":{"@type":"ImageObject","inLanguage":"it-IT","@id":"https:\/\/tinychat.com\/#\/schema\/logo\/image\/","url":"https:\/\/tinychat.com\/wp-content\/uploads\/2023\/11\/Tinychat-icon-square.png","contentUrl":"https:\/\/tinychat.com\/wp-content\/uploads\/2023\/11\/Tinychat-icon-square.png","width":284,"height":284,"caption":"TinyChat"},"image":{"@id":"https:\/\/tinychat.com\/#\/schema\/logo\/image\/"},"sameAs":["https:\/\/www.facebook.com\/tinychat","https:\/\/x.com\/tinychat"]}]}},"_links":{"self":[{"href":"https:\/\/tinychat.com\/it\/wp-json\/wp\/v2\/pages\/5227","targetHints":{"allow":["GET"]}}],"collection":[{"href":"https:\/\/tinychat.com\/it\/wp-json\/wp\/v2\/pages"}],"about":[{"href":"https:\/\/tinychat.com\/it\/wp-json\/wp\/v2\/types\/page"}],"author":[{"embeddable":true,"href":"https:\/\/tinychat.com\/it\/wp-json\/wp\/v2\/users\/6"}],"replies":[{"embeddable":true,"href":"https:\/\/tinychat.com\/it\/wp-json\/wp\/v2\/comments?post=5227"}],"version-history":[{"count":3,"href":"https:\/\/tinychat.com\/it\/wp-json\/wp\/v2\/pages\/5227\/revisions"}],"predecessor-version":[{"id":13459,"href":"https:\/\/tinychat.com\/it\/wp-json\/wp\/v2\/pages\/5227\/revisions\/13459"}],"wp:attachment":[{"href":"https:\/\/tinychat.com\/it\/wp-json\/wp\/v2\/media?parent=5227"}],"curies":[{"name":"wp","href":"https:\/\/api.w.org\/{rel}","templated":true}]}}