{"id":5268,"date":"2025-07-26T15:53:54","date_gmt":"2025-07-26T13:53:54","guid":{"rendered":"https:\/\/tinychat.com\/?page_id=5268"},"modified":"2025-07-26T18:20:07","modified_gmt":"2025-07-26T16:20:07","slug":"chatzy","status":"publish","type":"page","link":"https:\/\/tinychat.com\/it\/chatzy\/","title":{"rendered":"Chatzy"},"content":{"rendered":"<p>Mentre i social network e le piattaforme di chat diventano sempre pi\u00f9 grandi, rumorosi e pubblici, cresce la richiesta di privacy e semplicit\u00e0: luoghi in cui poter parlare con amici, colleghi o persino sconosciuti senza trasmettere i propri pensieri al mondo intero. Ecco Chatzy, una delle piattaforme pi\u00f9 longeve e affidabili del web per la creazione di chat private, l'hosting di discussioni di gruppo e l'utilizzo di chat di testo anonime, senza registrazione, download o annunci pubblicitari.<\/p>\n<p>Chatzy non \u00e8 un sito di video chat o un social feed qualsiasi. \u00c8 uno spazio potente, flessibile e facile da usare in cui \u00e8 possibile creare chat room sicure in pochi secondi, gestire discussioni di gruppo, invitare solo persone fidate e parlare di qualsiasi cosa, dagli hobby ai compiti a casa ai gruppi di supporto. Che si tratti di un insegnante che organizza una lezione, di un giocatore che pianifica un raid, di un gruppo di amici che si incontrano o di sconosciuti che esplorano nuove comunit\u00e0, Chatzy fornisce gli strumenti per conversazioni online reali, significative e private.<\/p>\n<p>Questa guida approfondita vi illustrer\u00e0 tutto ci\u00f2 che dovete sapere su Chatzy: come funziona, le sue caratteristiche principali, l'esperienza dell'utente, la privacy e la sicurezza, il confronto con altre piattaforme di chat, la risoluzione dei problemi e i suggerimenti per sfruttare al meglio le vostre stanze Chatzy.<\/p>\n<h2>Che cos'\u00e8 l'Chatzy?<\/h2>\n<p>Chatzy \u00e8 una piattaforma di chat basata sul web che consente a chiunque di creare stanze di chat private o pubbliche per conversazioni di gruppo o individuali. A differenza di molte app di chat, non c'\u00e8 bisogno di installare alcun software n\u00e9 di registrarsi per la maggior parte delle funzioni: basta creare una stanza, condividere il link e iniziare a chattare.<\/p>\n<p>Fondata all'inizio degli anni 2000, Chatzy si \u00e8 guadagnata la reputazione di soluzione affidabile, veloce e priva di pubblicit\u00e0 per i clienti:<\/p>\n<ul>\n<li>Chat di gruppo e gruppi di studio privati<\/li>\n<li>Comunit\u00e0 di pianificazione eventi e hobby<\/li>\n<li>Stanze per famiglie e ritrovi per amici<\/li>\n<li>Aule e sessioni di tutoraggio<\/li>\n<li>Gruppi di sostegno e spazi sicuri<\/li>\n<\/ul>\n<p>Con un'attenzione particolare alla privacy, alla semplicit\u00e0 e al controllo dell'utente, Chatzy rimane uno dei preferiti dagli utenti che vogliono qualcosa di pi\u00f9 dei social media, ma meno caos dei forum pubblici o dei server Discord.<\/p>\n<h2>Caratteristiche principali di Chatzy<\/h2>\n<p>Che cosa rende Chatzy una piattaforma di spicco per la chat online? Ecco una panoramica delle sue caratteristiche principali e di ci\u00f2 che la distingue:<\/p>\n<h3>1. Creazione di stanze di chat istantanea<\/h3>\n<p>Create una stanza di chat in pochi secondi. \u00c8 sufficiente visitare Chatzy, fare clic su \"Crea la tua stanza\", impostare un nome e (facoltativamente) una password, per avere uno spazio privato pronto per la conversazione.<\/p>\n<h3>2. Nessun download, nessuna registrazione necessaria<\/h3>\n<p>Chatzy \u00e8 basato sul browser: non c'\u00e8 un'app da installare e non sono necessari e-mail o profili per creare o unirsi alla maggior parte delle stanze. Basta aprire il link e iniziare a chattare.<\/p>\n<h3>3. Privacy totale e controllo della stanza<\/h3>\n<ul>\n<li>Stanze private: Controllate chi vi accede impostando una password o limitando l'accesso.<\/li>\n<li>Strumenti di amministrazione: Vietare, cacciare o silenziare gli utenti, impostare i requisiti di accesso e altro ancora.<\/li>\n<li>Chat anonima: Gli utenti possono iscriversi con un nickname; non \u00e8 necessario condividere informazioni personali.<\/li>\n<\/ul>\n<h3>4. Chat di gruppo o 1 a 1<\/h3>\n<ul>\n<li>Scala in base alle vostre esigenze: Dall'intimit\u00e0 di uno a uno a gruppi di oltre 100 utenti.<\/li>\n<li>Messaggistica privata: Inviare DM all'interno di una stanza per conversazioni secondarie.<\/li>\n<\/ul>\n<h3>5. Formattazione ricca e condivisione dei media<\/h3>\n<ul>\n<li>Formattazione del testo: Usate i colori, il grassetto, il corsivo e molto altro per animare le discussioni.<\/li>\n<li>Condivisione di immagini, link e file: Caricare immagini o condividere documenti in modo sicuro.<\/li>\n<li>Emoji: Rendi pi\u00f9 vivaci i tuoi messaggi con un'ampia selezione di emoji.<\/li>\n<\/ul>\n<h3>6. Inviti personalizzati e impostazioni della sala<\/h3>\n<ul>\n<li>Invito tramite link o e-mail: Condividete la vostra stanza con un URL unico o inviate gli inviti via e-mail direttamente da Chatzy.<\/li>\n<li>Personalizzare la stanza: Impostare i messaggi di benvenuto, i ruoli degli utenti, le regole di ingresso e i temi per ogni stanza.<\/li>\n<\/ul>\n<h3>7. Registri delle attivit\u00e0 e trascrizioni<\/h3>\n<ul>\n<li>Visualizzare la cronologia dei messaggi: Scorrete i registri delle chat o esportate le trascrizioni per utilizzarle in un secondo momento, utili per le lezioni, le riunioni o le discussioni importanti.<\/li>\n<\/ul>\n<h3>8. Codifica dei colori e etichette utente<\/h3>\n<ul>\n<li>Assegnate i colori agli utenti per facilitare la tracciabilit\u00e0 delle conversazioni.<\/li>\n<li>Tag\/ruoli utente per amministratori, insegnanti o ospiti speciali.<\/li>\n<\/ul>\n<h3>9. Registrazione facoltativa per i Power User<\/h3>\n<ul>\n<li>Crea un account Chatzy gratuito per gestire le tue stanze preferite, accedere a tutti i tuoi inviti privati e personalizzare la tua esperienza di chat.<\/li>\n<li>Funzioni premium: Con una piccola spesa, si possono sbloccare extra come l'assenza di limiti di messaggi, stanze pi\u00f9 grandi o controlli avanzati da parte dell'amministratore.<\/li>\n<\/ul>\n<h2>Come utilizzare Chatzy<\/h2>\n<p>Iniziare a utilizzare Chatzy \u00e8 facile, veloce e gratuito. Ecco una guida passo-passo per utenti nuovi e avanzati:<\/p>\n<h3>Passo 1: visitare il sito web Chatzy<\/h3>\n<p>Andate su chatzy.com in qualsiasi browser web.<\/p>\n<h3>Fase 2: Creare o unirsi a una stanza di chat<\/h3>\n<ul>\n<li>Creare una stanza: Fare clic su \"Crea la tua stanza\", impostare il nome della stanza e (se si desidera) una password o i requisiti di accesso.<\/li>\n<li>Unirsi a una stanza: Inserire il link di invito o l'URL della stanza ricevuto da un amico, un gruppo o un insegnante.<\/li>\n<\/ul>\n<h3>Fase 3: Impostare il proprio nickname<\/h3>\n<p>Verr\u00e0 richiesto di inserire un nome visualizzato. Non \u00e8 richiesta la registrazione o il nome reale.<\/p>\n<h3>Passo 4: invitare altri<\/h3>\n<p>Condividete l'URL unico della sala o utilizzate lo strumento di invito via e-mail integrato in Chatzy per coinvolgere altre persone.<\/p>\n<h3>Fase 5: Personalizzazione e gestione della stanza<\/h3>\n<ul>\n<li>Impostare messaggi o regole di benvenuto<\/li>\n<li>Assegnare ruoli (amministratore, moderatore, ospite)<\/li>\n<li>Utilizzare le impostazioni della stanza per gestire l'accesso, la cronologia o le autorizzazioni degli utenti.<\/li>\n<\/ul>\n<h3>Fase 6: Iniziare a chattare!<\/h3>\n<p>Digitate messaggi, condividete file, pubblicate immagini o link e conversate in tempo reale con il vostro gruppo.<\/p>\n<h3>Passo 7: Usare i messaggi privati o i tag<\/h3>\n<p>Inviare messaggi diretti ad altri utenti nella stanza o taggare i partecipanti per chiarezza.<\/p>\n<h3>Fase 8: Esportazione o salvataggio dei registri di chat (se necessario)<\/h3>\n<p>Per riunioni, gruppi di studio o eventi importanti, \u00e8 possibile esportare la cronologia delle chat come riferimento.<\/p>\n<h2>Esperienza utente su Chatzy<\/h2>\n<p>L'esperienza d'uso dell'Chatzy si basa su privacy, controllo e flessibilit\u00e0, senza sacrificare la semplicit\u00e0.<\/p>\n<h3>Cosa amano gli utenti<\/h3>\n<ul>\n<li>Nessun problema di registrazione o di download: Basta un link e il gioco \u00e8 fatto.<\/li>\n<li>Privacy totale: I creatori della stanza controllano chi si unisce, cosa \u00e8 visibile e chi pu\u00f2 parlare.<\/li>\n<li>Gruppo o 1 a 1: adattabile a qualsiasi scenario, dalla terapia privata ai grandi eventi.<\/li>\n<li>Esperienza personalizzabile: Gli amministratori impostano temi, regole e altro.<\/li>\n<li>Annunci minimi: Anche gli utenti gratuiti si trovano di fronte a quasi zero distrazioni.<\/li>\n<li>Condivisione di testi, media e file: Perfetto per le classi, il lavoro o i gruppi di amici.<\/li>\n<\/ul>\n<h3>Dove gli utenti vedono margini di miglioramento<\/h3>\n<ul>\n<li>L'interfaccia \u00e8 elementare rispetto alle app moderne (ma alcuni preferiscono questa semplicit\u00e0).<\/li>\n<li>Nessuna chat video o audio (l'Chatzy \u00e8 basato sul testo).<\/li>\n<li>Spam occasionale (le stanze private con password eliminano questo problema).<\/li>\n<li>Alcune caratteristiche, come le camere pi\u00f9 grandi o i controlli avanzati, sono solo premium.<\/li>\n<\/ul>\n<h3>Feedback degli utenti reali<\/h3>\n<blockquote><p>\"Utilizziamo Chatzy per il nostro gruppo di studio a distanza. \u00c8 privato, sicuro e possiamo salvare i log delle nostre chat per la revisione\".<br \/>\n- <em>Melissa J., Trustpilot<\/em><\/p><\/blockquote>\n<blockquote><p>\"Non c'\u00e8 bisogno di download o applicazioni. Invio al mio team un link e siamo pronti a collaborare in pochi secondi\".<br \/>\n- <em>Rajiv S., Recensioni Google<\/em><\/p><\/blockquote>\n<blockquote><p>\"Mi piace poter creare stanze per qualsiasi cosa: club del libro, chat di famiglia, gruppo di supporto. Funziona e basta\".<br \/>\n- <em>Nina P., App Store<\/em><\/p><\/blockquote>\n<h2>Chatzy vs. altre piattaforme di chat<\/h2>\n<p>Come si colloca Chatzy rispetto alle pi\u00f9 note app di chat di gruppo e private?<\/p>\n<table>\n<thead>\n<tr>\n<th>Caratteristica<\/th>\n<th>Chatzy<\/th>\n<th>S\u00ecichat<\/th>\n<th>Chat Avenue<\/th>\n<th>Discordia<\/th>\n<th>Slack<\/th>\n<th>Telegramma<\/th>\n<th>WhatsApp<\/th>\n<\/tr>\n<\/thead>\n<tbody>\n<tr>\n<td>Non \u00e8 necessario iscriversi<\/td>\n<td>\u2705 S\u00ec<\/td>\n<td>\u2705 S\u00ec<\/td>\n<td>\u2705 S\u00ec<\/td>\n<td>\u274c No<\/td>\n<td>\u274c No<\/td>\n<td>\u274c No<\/td>\n<td>\u274c No<\/td>\n<\/tr>\n<tr>\n<td>Chat di gruppo<\/td>\n<td>\u2705 S\u00ec<\/td>\n<td>\u2705 S\u00ec<\/td>\n<td>\u2705 S\u00ec<\/td>\n<td>\u2705 S\u00ec<\/td>\n<td>\u2705 S\u00ec<\/td>\n<td>\u2705 S\u00ec<\/td>\n<td>\u2705 S\u00ec<\/td>\n<\/tr>\n<tr>\n<td>Chat privata<\/td>\n<td>\u2705 S\u00ec<\/td>\n<td>\u2705 S\u00ec<\/td>\n<td>\u2705 S\u00ec<\/td>\n<td>\u2705 S\u00ec<\/td>\n<td>\u2705 S\u00ec<\/td>\n<td>\u2705 S\u00ec<\/td>\n<td>\u2705 S\u00ec<\/td>\n<\/tr>\n<tr>\n<td>Chat video\/audio<\/td>\n<td>\u274c No<\/td>\n<td>\u2705 S\u00ec<\/td>\n<td>\u2705 S\u00ec<\/td>\n<td>\u2705 S\u00ec<\/td>\n<td>\u2705 S\u00ec<\/td>\n<td>\u2705 S\u00ec<\/td>\n<td>\u2705 S\u00ec<\/td>\n<\/tr>\n<tr>\n<td>Uso anonimo<\/td>\n<td>\u2705 S\u00ec<\/td>\n<td>\u2705 S\u00ec<\/td>\n<td>\u2705 S\u00ec<\/td>\n<td>\u274c No<\/td>\n<td>\u274c No<\/td>\n<td>\u26a0\ufe0f Limited<\/td>\n<td>\u26a0\ufe0f Limited<\/td>\n<\/tr>\n<tr>\n<td>Non \u00e8 necessario scaricare nulla<\/td>\n<td>\u2705 S\u00ec<\/td>\n<td>\u2705 S\u00ec<\/td>\n<td>\u2705 S\u00ec<\/td>\n<td>\u274c No<\/td>\n<td>\u274c No<\/td>\n<td>\u26a0\ufe0f Mobile<\/td>\n<td>\u26a0\ufe0f Mobile<\/td>\n<\/tr>\n<tr>\n<td>Formattazione del testo<\/td>\n<td>\u2705 S\u00ec<\/td>\n<td>Limitato<\/td>\n<td>\u274c No<\/td>\n<td>\u2705 S\u00ec<\/td>\n<td>\u2705 S\u00ec<\/td>\n<td>Limitato<\/td>\n<td>Limitato<\/td>\n<\/tr>\n<tr>\n<td>Condivisione di file e immagini<\/td>\n<td>\u2705 S\u00ec<\/td>\n<td>\u2705 S\u00ec<\/td>\n<td>\u2705 S\u00ec<\/td>\n<td>\u2705 S\u00ec<\/td>\n<td>\u2705 S\u00ec<\/td>\n<td>\u2705 S\u00ec<\/td>\n<td>\u2705 S\u00ec<\/td>\n<\/tr>\n<tr>\n<td>Controllo personalizzato della stanza<\/td>\n<td>\u2705 S\u00ec<\/td>\n<td>Limitato<\/td>\n<td>\u2705 S\u00ec<\/td>\n<td>\u2705 S\u00ec<\/td>\n<td>\u2705 S\u00ec<\/td>\n<td>\u2705 S\u00ec<\/td>\n<td>\u274c No<\/td>\n<\/tr>\n<\/tbody>\n<\/table>\n<p>Sommario: Chatzy \u00e8 unico nel suo genere per le chat di testo private di gruppo istantanee e basate su browser, senza necessit\u00e0 di registrazione o app, ed \u00e8 quindi ideale per le classi, le famiglie, il supporto privato e qualsiasi gruppo che cerchi sicurezza e semplicit\u00e0.<\/p>\n<h2>Chatzy \u00e8 sicuro?<\/h2>\n<p>L'Chatzy pone al centro la privacy e il controllo dell'utente:<\/p>\n<ul>\n<li>Stanze private: Impostate le password, limitate l'accesso e allontanate\/abbandonate gli utenti a seconda delle necessit\u00e0.<\/li>\n<li>Non sono richieste informazioni personali: Utilizzate solo i nickname; per l'uso di base non sono necessari e-mail o numeri di telefono.<\/li>\n<li>Solo link diretti: Condividi la tua stanza solo con persone fidate; le stanze private non sono elencate pubblicamente.<\/li>\n<li>Nessun registro di chat salvato su server pubblici: L'utente controlla le proprie trascrizioni.<\/li>\n<li>Annunci o tracciamenti di terze parti ridotti al minimo: La piattaforma si basa sulla fiducia degli utenti, non sulle entrate pubblicitarie.<\/li>\n<\/ul>\n<h3>Consigli per la sicurezza<\/h3>\n<ul>\n<li>Utilizzate password forti per le stanze private.<\/li>\n<li>Condividete il vostro link alla stanza solo con persone fidate.<\/li>\n<li>Cacciate o bandite immediatamente gli utenti indesiderati.<\/li>\n<li>Non condividete informazioni sensibili nelle chat room (anche quelle private).<\/li>\n<li>Se necessario, utilizzate la messaggistica privata per le conversazioni individuali.<\/li>\n<\/ul>\n<h2>Suggerimenti per ottenere il massimo da Chatzy<\/h2>\n<ul>\n<li>Perfetto per insegnanti e gruppi di studio: ospitate classi virtuali, assegnate ruoli e salvate i registri delle chat per i compiti a casa.<\/li>\n<li>Stanze per la famiglia o per gli amici: Creare stanze di chat continue per tenersi in contatto senza messaggi di gruppo o app disordinate.<\/li>\n<li>Impostare una password: Per ottenere la massima privacy, proteggete sempre le stanze importanti con una password.<\/li>\n<li>Utilizzate la formattazione e i colori: Rendere le chat vivaci e pi\u00f9 facili da leggere.<\/li>\n<li>Esportazione di trascrizioni: Salvate discussioni importanti, appunti di riunioni o sessioni creative.<\/li>\n<li>Assegnare ruoli agli utenti: Mantenete l'ordine nelle stanze grandi assegnando a utenti fidati i poteri di moderatore.<\/li>\n<li>Personalizzate la vostra stanza: Cambiate i temi, stabilite le regole e scrivete un messaggio di benvenuto per dare un tono alla stanza.<\/li>\n<li>Cambiate facilmente dispositivo: Essendo basato su browser, l'Chatzy funziona su qualsiasi computer, telefono o tablet, senza bisogno di scaricare nulla.<\/li>\n<\/ul>\n<h2>Risoluzione dei problemi comuni dell'Chatzy<\/h2>\n<h3>Impossibile entrare in una stanza<\/h3>\n<p>Verificare se la stanza richiede una password; contattare l'amministratore per l'accesso. Assicurarsi di utilizzare il link corretto.<\/p>\n<h3>Spam o utenti indesiderati<\/h3>\n<p>Utilizzare sempre stanze protette da password. Utilizzate il pannello di amministrazione per bannare o silenziare istantaneamente i disturbatori.<\/p>\n<h3>Registri di chat persi<\/h3>\n<p>Esportare regolarmente le trascrizioni importanti; gli arresti anomali del browser o la chiusura delle schede possono far perdere la cronologia non salvata.<\/p>\n<h3>La condivisione di immagini o file non funziona<\/h3>\n<p>Controllare il tipo di file e i limiti di dimensione. Assicuratevi che il vostro browser sia aggiornato e supporti le funzioni richieste.<\/p>\n<h3>Non \u00e8 possibile utilizzare la formattazione o i colori<\/h3>\n<p>Per i codici di formattazione e la sintassi corretti, consultare la sezione di aiuto dell'Chatzy.<\/p>\n<p>Assolutamente s\u00ec, soprattutto per chi cerca un'esperienza di chat room privata, flessibile e affidabile senza i problemi dei moderni social network. Chatzy offre una chat di gruppo pura e personalizzabile, senza registrazione, senza download e con il pieno controllo dell'utente.<\/p>\n<p>Che si tratti di ospitare un corso, gestire un gruppo di supporto, pianificare un evento o semplicemente tenere unito il proprio gruppo di amici, Chatzy \u00e8 una soluzione intramontabile e affidabile, attuale come quando \u00e8 stata lanciata.<\/p>\n<p>Pronti a creare la vostra stanza privata? Visitate chatzy.com, impostate il vostro spazio di chat e iniziate la vostra prossima conversazione in pochi secondi.<\/p>","protected":false},"excerpt":{"rendered":"<p>As social networks and chat platforms get bigger, noisier, and more public, there\u2019s a growing demand for privacy and simplicity\u2014places where you can talk with friends, colleagues, or even strangers without broadcasting your thoughts to the whole world. Enter Chatzy, one of the web\u2019s longest-running, most trusted platforms for creating private chat rooms, hosting group [&hellip;]<\/p>\n","protected":false},"author":6,"featured_media":0,"parent":0,"menu_order":0,"comment_status":"closed","ping_status":"closed","template":"","meta":{"footnotes":""},"class_list":["post-5268","page","type-page","status-publish","hentry"],"yoast_head":"<!-- This site is optimized with the Yoast SEO plugin v27.4 - https:\/\/yoast.com\/product\/yoast-seo-wordpress\/ -->\n<title>Chatzy - Free Private Chat Rooms - TinyChat.com<\/title>\n<meta name=\"description\" content=\"Enjoying Chatzy? Join over 50,000,000 strangers on TinyChat! Turn on your cam and start meeting new people, or find a match.\" \/>\n<meta name=\"robots\" content=\"index, follow, max-snippet:-1, max-image-preview:large, max-video-preview:-1\" \/>\n<link rel=\"canonical\" href=\"https:\/\/tinychat.com\/it\/chatzy\/\" \/>\n<meta property=\"og:locale\" content=\"it_IT\" \/>\n<meta property=\"og:type\" content=\"article\" \/>\n<meta property=\"og:title\" content=\"Chatzy - Free Private Chat Rooms - TinyChat.com\" \/>\n<meta property=\"og:description\" content=\"Enjoying Chatzy? Join over 50,000,000 strangers on TinyChat! Turn on your cam and start meeting new people, or find a match.\" \/>\n<meta property=\"og:url\" content=\"https:\/\/tinychat.com\/it\/chatzy\/\" \/>\n<meta property=\"og:site_name\" content=\"TinyChat\" \/>\n<meta property=\"article:publisher\" content=\"https:\/\/www.facebook.com\/tinychat\" \/>\n<meta property=\"article:modified_time\" content=\"2025-07-26T16:20:07+00:00\" \/>\n<meta property=\"og:image\" content=\"https:\/\/tinychat.com\/wp-content\/uploads\/2020\/04\/Tinychat-logo-1280x284-new-black.png\" \/>\n\t<meta property=\"og:image:width\" content=\"1280\" \/>\n\t<meta property=\"og:image:height\" content=\"284\" \/>\n\t<meta property=\"og:image:type\" content=\"image\/png\" \/>\n<meta name=\"twitter:card\" content=\"summary_large_image\" \/>\n<meta name=\"twitter:site\" content=\"@tinychat\" \/>\n<meta name=\"twitter:label1\" content=\"Tempo di lettura stimato\" \/>\n\t<meta name=\"twitter:data1\" content=\"8 minuti\" \/>\n<script type=\"application\/ld+json\" class=\"yoast-schema-graph\">{\"@context\":\"https:\\\/\\\/schema.org\",\"@graph\":[{\"@type\":\"WebPage\",\"@id\":\"https:\\\/\\\/tinychat.com\\\/chatzy\\\/\",\"url\":\"https:\\\/\\\/tinychat.com\\\/chatzy\\\/\",\"name\":\"Chatzy - Free Private Chat Rooms - TinyChat.com\",\"isPartOf\":{\"@id\":\"https:\\\/\\\/tinychat.com\\\/#website\"},\"datePublished\":\"2025-07-26T13:53:54+00:00\",\"dateModified\":\"2025-07-26T16:20:07+00:00\",\"description\":\"Enjoying Chatzy? Join over 50,000,000 strangers on TinyChat! Turn on your cam and start meeting new people, or find a match.\",\"breadcrumb\":{\"@id\":\"https:\\\/\\\/tinychat.com\\\/chatzy\\\/#breadcrumb\"},\"inLanguage\":\"it-IT\",\"potentialAction\":[{\"@type\":\"ReadAction\",\"target\":[\"https:\\\/\\\/tinychat.com\\\/chatzy\\\/\"]}]},{\"@type\":\"BreadcrumbList\",\"@id\":\"https:\\\/\\\/tinychat.com\\\/chatzy\\\/#breadcrumb\",\"itemListElement\":[{\"@type\":\"ListItem\",\"position\":1,\"name\":\"Home\",\"item\":\"https:\\\/\\\/tinychat.com\\\/\"},{\"@type\":\"ListItem\",\"position\":2,\"name\":\"Chatzy\"}]},{\"@type\":\"WebSite\",\"@id\":\"https:\\\/\\\/tinychat.com\\\/#website\",\"url\":\"https:\\\/\\\/tinychat.com\\\/\",\"name\":\"TinyChat\",\"description\":\"Random Video Chat with Strangers\",\"publisher\":{\"@id\":\"https:\\\/\\\/tinychat.com\\\/#organization\"},\"alternateName\":\"TinyChat.com\",\"potentialAction\":[{\"@type\":\"SearchAction\",\"target\":{\"@type\":\"EntryPoint\",\"urlTemplate\":\"https:\\\/\\\/tinychat.com\\\/?s={search_term_string}\"},\"query-input\":{\"@type\":\"PropertyValueSpecification\",\"valueRequired\":true,\"valueName\":\"search_term_string\"}}],\"inLanguage\":\"it-IT\"},{\"@type\":\"Organization\",\"@id\":\"https:\\\/\\\/tinychat.com\\\/#organization\",\"name\":\"TinyChat\",\"alternateName\":\"TinyChat.com\",\"url\":\"https:\\\/\\\/tinychat.com\\\/\",\"logo\":{\"@type\":\"ImageObject\",\"inLanguage\":\"it-IT\",\"@id\":\"https:\\\/\\\/tinychat.com\\\/#\\\/schema\\\/logo\\\/image\\\/\",\"url\":\"https:\\\/\\\/tinychat.com\\\/wp-content\\\/uploads\\\/2023\\\/11\\\/Tinychat-icon-square.png\",\"contentUrl\":\"https:\\\/\\\/tinychat.com\\\/wp-content\\\/uploads\\\/2023\\\/11\\\/Tinychat-icon-square.png\",\"width\":284,\"height\":284,\"caption\":\"TinyChat\"},\"image\":{\"@id\":\"https:\\\/\\\/tinychat.com\\\/#\\\/schema\\\/logo\\\/image\\\/\"},\"sameAs\":[\"https:\\\/\\\/www.facebook.com\\\/tinychat\",\"https:\\\/\\\/x.com\\\/tinychat\"]}]}<\/script>\n<!-- \/ Yoast SEO plugin. -->","yoast_head_json":{"title":"Chatzy - Stanze di chat private gratuite - TinyChat.com","description":"Ti piace l'Chatzy? Unisciti a oltre 50.000.000 di sconosciuti su TinyChat! Accendi la tua cam e inizia a conoscere nuove persone o a trovare un partner.","robots":{"index":"index","follow":"follow","max-snippet":"max-snippet:-1","max-image-preview":"max-image-preview:large","max-video-preview":"max-video-preview:-1"},"canonical":"https:\/\/tinychat.com\/it\/chatzy\/","og_locale":"it_IT","og_type":"article","og_title":"Chatzy - Free Private Chat Rooms - TinyChat.com","og_description":"Enjoying Chatzy? Join over 50,000,000 strangers on TinyChat! Turn on your cam and start meeting new people, or find a match.","og_url":"https:\/\/tinychat.com\/it\/chatzy\/","og_site_name":"TinyChat","article_publisher":"https:\/\/www.facebook.com\/tinychat","article_modified_time":"2025-07-26T16:20:07+00:00","og_image":[{"width":1280,"height":284,"url":"https:\/\/tinychat.com\/wp-content\/uploads\/2020\/04\/Tinychat-logo-1280x284-new-black.png","type":"image\/png"}],"twitter_card":"summary_large_image","twitter_site":"@tinychat","twitter_misc":{"Tempo di lettura stimato":"8 minuti"},"schema":{"@context":"https:\/\/schema.org","@graph":[{"@type":"WebPage","@id":"https:\/\/tinychat.com\/chatzy\/","url":"https:\/\/tinychat.com\/chatzy\/","name":"Chatzy - Stanze di chat private gratuite - TinyChat.com","isPartOf":{"@id":"https:\/\/tinychat.com\/#website"},"datePublished":"2025-07-26T13:53:54+00:00","dateModified":"2025-07-26T16:20:07+00:00","description":"Ti piace l'Chatzy? Unisciti a oltre 50.000.000 di sconosciuti su TinyChat! Accendi la tua cam e inizia a conoscere nuove persone o a trovare un partner.","breadcrumb":{"@id":"https:\/\/tinychat.com\/chatzy\/#breadcrumb"},"inLanguage":"it-IT","potentialAction":[{"@type":"ReadAction","target":["https:\/\/tinychat.com\/chatzy\/"]}]},{"@type":"BreadcrumbList","@id":"https:\/\/tinychat.com\/chatzy\/#breadcrumb","itemListElement":[{"@type":"ListItem","position":1,"name":"Home","item":"https:\/\/tinychat.com\/"},{"@type":"ListItem","position":2,"name":"Chatzy"}]},{"@type":"WebSite","@id":"https:\/\/tinychat.com\/#website","url":"https:\/\/tinychat.com\/","name":"TinyChat","description":"Videochat casuale con sconosciuti","publisher":{"@id":"https:\/\/tinychat.com\/#organization"},"alternateName":"TinyChat.com","potentialAction":[{"@type":"SearchAction","target":{"@type":"EntryPoint","urlTemplate":"https:\/\/tinychat.com\/?s={search_term_string}"},"query-input":{"@type":"PropertyValueSpecification","valueRequired":true,"valueName":"search_term_string"}}],"inLanguage":"it-IT"},{"@type":"Organization","@id":"https:\/\/tinychat.com\/#organization","name":"TinyChat","alternateName":"TinyChat.com","url":"https:\/\/tinychat.com\/","logo":{"@type":"ImageObject","inLanguage":"it-IT","@id":"https:\/\/tinychat.com\/#\/schema\/logo\/image\/","url":"https:\/\/tinychat.com\/wp-content\/uploads\/2023\/11\/Tinychat-icon-square.png","contentUrl":"https:\/\/tinychat.com\/wp-content\/uploads\/2023\/11\/Tinychat-icon-square.png","width":284,"height":284,"caption":"TinyChat"},"image":{"@id":"https:\/\/tinychat.com\/#\/schema\/logo\/image\/"},"sameAs":["https:\/\/www.facebook.com\/tinychat","https:\/\/x.com\/tinychat"]}]}},"_links":{"self":[{"href":"https:\/\/tinychat.com\/it\/wp-json\/wp\/v2\/pages\/5268","targetHints":{"allow":["GET"]}}],"collection":[{"href":"https:\/\/tinychat.com\/it\/wp-json\/wp\/v2\/pages"}],"about":[{"href":"https:\/\/tinychat.com\/it\/wp-json\/wp\/v2\/types\/page"}],"author":[{"embeddable":true,"href":"https:\/\/tinychat.com\/it\/wp-json\/wp\/v2\/users\/6"}],"replies":[{"embeddable":true,"href":"https:\/\/tinychat.com\/it\/wp-json\/wp\/v2\/comments?post=5268"}],"version-history":[{"count":3,"href":"https:\/\/tinychat.com\/it\/wp-json\/wp\/v2\/pages\/5268\/revisions"}],"predecessor-version":[{"id":13368,"href":"https:\/\/tinychat.com\/it\/wp-json\/wp\/v2\/pages\/5268\/revisions\/13368"}],"wp:attachment":[{"href":"https:\/\/tinychat.com\/it\/wp-json\/wp\/v2\/media?parent=5268"}],"curies":[{"name":"wp","href":"https:\/\/api.w.org\/{rel}","templated":true}]}}